



{"id":573,"date":"2024-10-04T11:46:37","date_gmt":"2024-10-04T09:46:37","guid":{"rendered":"https:\/\/www.4h.se\/jonkoping\/?page_id=573"},"modified":"2024-10-09T12:41:49","modified_gmt":"2024-10-09T10:41:49","slug":"vill-du-starta-en-4h-klubb","status":"publish","type":"page","link":"https:\/\/www.4h.se\/jonkoping\/aktiviteter\/vill-du-starta-en-4h-klubb\/","title":{"rendered":"Vill du starta en 4H klubb?"},"content":{"rendered":"<div class=\"wpb-content-wrapper\"><p>[vc_row][vc_column][vc_column_text css=&#8221;&#8221;]<\/p>\n<h1 style=\"text-align: center;\">vill du starta en 4h klubb?<\/h1>\n<p>[\/vc_column_text][\/vc_column][\/vc_row][vc_row][vc_column width=&#8221;1\/6&#8243;][\/vc_column][vc_column width=&#8221;2\/3&#8243;][vc_column_text css=&#8221;&#8221;]<\/p>\n<p style=\"text-align: center;\">Vill du starta en ny 4H-klubb? Finns det kanske ingen klubb i ditt n\u00e4romr\u00e5de eller har du en ny ide p\u00e5 en klubb du vill starta? Ta kontakt med oss p\u00e5 l\u00e4net s\u00e5 hj\u00e4lper vi dig.<\/p>\n<p>[\/vc_column_text][\/vc_column][vc_column width=&#8221;1\/6&#8243;][\/vc_column][\/vc_row]<\/p>\n<\/div>","protected":false},"excerpt":{"rendered":"<p>[vc_row][vc_column][vc_column_text css=&#8221;&#8221;] vill du starta en 4h klubb? [\/vc_column_text][\/vc_column][\/vc_row][vc_row][vc_column width=&#8221;1\/6&#8243;][\/vc_column][vc_column width=&#8221;2\/3&#8243;][vc_column_text css=&#8221;&#8221;] Vill du starta en ny 4H-klubb? Finns det kanske ingen klubb i ditt n\u00e4romr\u00e5de eller har du en ny ide p\u00e5 en klubb du vill starta? Ta kontakt med oss p\u00e5 l\u00e4net s\u00e5 hj\u00e4lper vi dig. [\/vc_column_text][\/vc_column][vc_column width=&#8221;1\/6&#8243;][\/vc_column][\/vc_row]<\/p>\n","protected":false},"author":252,"featured_media":0,"parent":246,"menu_order":0,"comment_status":"closed","ping_status":"closed","template":"","meta":{"_acf_changed":false,"footnotes":""},"class_list":["post-573","page","type-page","status-publish","hentry"],"acf":[],"yoast_head":"<!-- This site is optimized with the Yoast SEO plugin v27.5 - https:\/\/yoast.com\/product\/yoast-seo-wordpress\/ -->\n<title>Vill du starta en 4H klubb? - 4H i J\u00f6nk\u00f6pings distrikt<\/title>\n<meta name=\"robots\" content=\"index, follow, max-snippet:-1, max-image-preview:large, max-video-preview:-1\" \/>\n<link rel=\"canonical\" href=\"https:\/\/www.4h.se\/jonkoping\/aktiviteter\/vill-du-starta-en-4h-klubb\/\" \/>\n<meta property=\"og:locale\" content=\"sv_SE\" \/>\n<meta property=\"og:type\" content=\"article\" \/>\n<meta property=\"og:title\" content=\"Vill du starta en 4H klubb? - 4H i J\u00f6nk\u00f6pings distrikt\" \/>\n<meta property=\"og:description\" content=\"[vc_row][vc_column][vc_column_text css=&#8221;&#8221;] vill du starta en 4h klubb? [\/vc_column_text][\/vc_column][\/vc_row][vc_row][vc_column width=&#8221;1\/6&#8243;][\/vc_column][vc_column width=&#8221;2\/3&#8243;][vc_column_text css=&#8221;&#8221;] Vill du starta en ny 4H-klubb? Finns det kanske ingen klubb i ditt n\u00e4romr\u00e5de eller har du en ny ide p\u00e5 en klubb du vill starta? Ta kontakt med oss p\u00e5 l\u00e4net s\u00e5 hj\u00e4lper vi dig. [\/vc_column_text][\/vc_column][vc_column width=&#8221;1\/6&#8243;][\/vc_column][\/vc_row]\" \/>\n<meta property=\"og:url\" content=\"https:\/\/www.4h.se\/jonkoping\/aktiviteter\/vill-du-starta-en-4h-klubb\/\" \/>\n<meta property=\"og:site_name\" content=\"4H i J\u00f6nk\u00f6pings distrikt\" \/>\n<meta property=\"article:modified_time\" content=\"2024-10-09T10:41:49+00:00\" \/>\n<meta name=\"twitter:card\" content=\"summary_large_image\" \/>\n<script type=\"application\/ld+json\" class=\"yoast-schema-graph\">{\"@context\":\"https:\\\/\\\/schema.org\",\"@graph\":[{\"@type\":\"WebPage\",\"@id\":\"https:\\\/\\\/www.4h.se\\\/jonkoping\\\/aktiviteter\\\/vill-du-starta-en-4h-klubb\\\/\",\"url\":\"https:\\\/\\\/www.4h.se\\\/jonkoping\\\/aktiviteter\\\/vill-du-starta-en-4h-klubb\\\/\",\"name\":\"Vill du starta en 4H klubb? - 4H i J\u00f6nk\u00f6pings distrikt\",\"isPartOf\":{\"@id\":\"https:\\\/\\\/www.4h.se\\\/jonkoping\\\/#website\"},\"datePublished\":\"2024-10-04T09:46:37+00:00\",\"dateModified\":\"2024-10-09T10:41:49+00:00\",\"breadcrumb\":{\"@id\":\"https:\\\/\\\/www.4h.se\\\/jonkoping\\\/aktiviteter\\\/vill-du-starta-en-4h-klubb\\\/#breadcrumb\"},\"inLanguage\":\"sv-SE\",\"potentialAction\":[{\"@type\":\"ReadAction\",\"target\":[\"https:\\\/\\\/www.4h.se\\\/jonkoping\\\/aktiviteter\\\/vill-du-starta-en-4h-klubb\\\/\"]}]},{\"@type\":\"BreadcrumbList\",\"@id\":\"https:\\\/\\\/www.4h.se\\\/jonkoping\\\/aktiviteter\\\/vill-du-starta-en-4h-klubb\\\/#breadcrumb\",\"itemListElement\":[{\"@type\":\"ListItem\",\"position\":1,\"name\":\"Hem\",\"item\":\"https:\\\/\\\/www.4h.se\\\/jonkoping\\\/\"},{\"@type\":\"ListItem\",\"position\":2,\"name\":\"Aktiviteter\",\"item\":\"https:\\\/\\\/www.4h.se\\\/jonkoping\\\/aktiviteter\\\/\"},{\"@type\":\"ListItem\",\"position\":3,\"name\":\"Vill du starta en 4H klubb?\"}]},{\"@type\":\"WebSite\",\"@id\":\"https:\\\/\\\/www.4h.se\\\/jonkoping\\\/#website\",\"url\":\"https:\\\/\\\/www.4h.se\\\/jonkoping\\\/\",\"name\":\"4H i J\u00f6nk\u00f6pings distrikt\",\"description\":\"\",\"potentialAction\":[{\"@type\":\"SearchAction\",\"target\":{\"@type\":\"EntryPoint\",\"urlTemplate\":\"https:\\\/\\\/www.4h.se\\\/jonkoping\\\/?s={search_term_string}\"},\"query-input\":{\"@type\":\"PropertyValueSpecification\",\"valueRequired\":true,\"valueName\":\"search_term_string\"}}],\"inLanguage\":\"sv-SE\"}]}<\/script>\n<!-- \/ Yoast SEO plugin. -->","yoast_head_json":{"title":"Vill du starta en 4H klubb? - 4H i J\u00f6nk\u00f6pings distrikt","robots":{"index":"index","follow":"follow","max-snippet":"max-snippet:-1","max-image-preview":"max-image-preview:large","max-video-preview":"max-video-preview:-1"},"canonical":"https:\/\/www.4h.se\/jonkoping\/aktiviteter\/vill-du-starta-en-4h-klubb\/","og_locale":"sv_SE","og_type":"article","og_title":"Vill du starta en 4H klubb? - 4H i J\u00f6nk\u00f6pings distrikt","og_description":"[vc_row][vc_column][vc_column_text css=&#8221;&#8221;] vill du starta en 4h klubb? [\/vc_column_text][\/vc_column][\/vc_row][vc_row][vc_column width=&#8221;1\/6&#8243;][\/vc_column][vc_column width=&#8221;2\/3&#8243;][vc_column_text css=&#8221;&#8221;] Vill du starta en ny 4H-klubb? Finns det kanske ingen klubb i ditt n\u00e4romr\u00e5de eller har du en ny ide p\u00e5 en klubb du vill starta? Ta kontakt med oss p\u00e5 l\u00e4net s\u00e5 hj\u00e4lper vi dig. [\/vc_column_text][\/vc_column][vc_column width=&#8221;1\/6&#8243;][\/vc_column][\/vc_row]","og_url":"https:\/\/www.4h.se\/jonkoping\/aktiviteter\/vill-du-starta-en-4h-klubb\/","og_site_name":"4H i J\u00f6nk\u00f6pings distrikt","article_modified_time":"2024-10-09T10:41:49+00:00","twitter_card":"summary_large_image","schema":{"@context":"https:\/\/schema.org","@graph":[{"@type":"WebPage","@id":"https:\/\/www.4h.se\/jonkoping\/aktiviteter\/vill-du-starta-en-4h-klubb\/","url":"https:\/\/www.4h.se\/jonkoping\/aktiviteter\/vill-du-starta-en-4h-klubb\/","name":"Vill du starta en 4H klubb? - 4H i J\u00f6nk\u00f6pings distrikt","isPartOf":{"@id":"https:\/\/www.4h.se\/jonkoping\/#website"},"datePublished":"2024-10-04T09:46:37+00:00","dateModified":"2024-10-09T10:41:49+00:00","breadcrumb":{"@id":"https:\/\/www.4h.se\/jonkoping\/aktiviteter\/vill-du-starta-en-4h-klubb\/#breadcrumb"},"inLanguage":"sv-SE","potentialAction":[{"@type":"ReadAction","target":["https:\/\/www.4h.se\/jonkoping\/aktiviteter\/vill-du-starta-en-4h-klubb\/"]}]},{"@type":"BreadcrumbList","@id":"https:\/\/www.4h.se\/jonkoping\/aktiviteter\/vill-du-starta-en-4h-klubb\/#breadcrumb","itemListElement":[{"@type":"ListItem","position":1,"name":"Hem","item":"https:\/\/www.4h.se\/jonkoping\/"},{"@type":"ListItem","position":2,"name":"Aktiviteter","item":"https:\/\/www.4h.se\/jonkoping\/aktiviteter\/"},{"@type":"ListItem","position":3,"name":"Vill du starta en 4H klubb?"}]},{"@type":"WebSite","@id":"https:\/\/www.4h.se\/jonkoping\/#website","url":"https:\/\/www.4h.se\/jonkoping\/","name":"4H i J\u00f6nk\u00f6pings distrikt","description":"","potentialAction":[{"@type":"SearchAction","target":{"@type":"EntryPoint","urlTemplate":"https:\/\/www.4h.se\/jonkoping\/?s={search_term_string}"},"query-input":{"@type":"PropertyValueSpecification","valueRequired":true,"valueName":"search_term_string"}}],"inLanguage":"sv-SE"}]}},"_links":{"self":[{"href":"https:\/\/www.4h.se\/jonkoping\/wp-json\/wp\/v2\/pages\/573","targetHints":{"allow":["GET"]}}],"collection":[{"href":"https:\/\/www.4h.se\/jonkoping\/wp-json\/wp\/v2\/pages"}],"about":[{"href":"https:\/\/www.4h.se\/jonkoping\/wp-json\/wp\/v2\/types\/page"}],"author":[{"embeddable":true,"href":"https:\/\/www.4h.se\/jonkoping\/wp-json\/wp\/v2\/users\/252"}],"replies":[{"embeddable":true,"href":"https:\/\/www.4h.se\/jonkoping\/wp-json\/wp\/v2\/comments?post=573"}],"version-history":[{"count":0,"href":"https:\/\/www.4h.se\/jonkoping\/wp-json\/wp\/v2\/pages\/573\/revisions"}],"up":[{"embeddable":true,"href":"https:\/\/www.4h.se\/jonkoping\/wp-json\/wp\/v2\/pages\/246"}],"wp:attachment":[{"href":"https:\/\/www.4h.se\/jonkoping\/wp-json\/wp\/v2\/media?parent=573"}],"curies":[{"name":"wp","href":"https:\/\/api.w.org\/{rel}","templated":true}]}}