



{"id":565,"date":"2024-10-02T14:10:16","date_gmt":"2024-10-02T12:10:16","guid":{"rendered":"https:\/\/www.4h.se\/jonkoping\/?page_id=565"},"modified":"2024-10-09T12:37:59","modified_gmt":"2024-10-09T10:37:59","slug":"vissmalens-4h-klubb","status":"publish","type":"page","link":"https:\/\/www.4h.se\/jonkoping\/klubbar\/vissmalens-4h-klubb\/","title":{"rendered":"Vissm\u00e5lens 4H-Klubb"},"content":{"rendered":"<div class=\"wpb-content-wrapper\"><p>[vc_row][vc_column width=&#8221;1\/2&#8243;][vc_column_text css=&#8221;&#8221;]<\/p>\n<h1 style=\"text-align: center;\">vissm\u00e5lens 4h klubb<\/h1>\n<p>&nbsp;<\/p>\n<p style=\"text-align: center;\">Vissm\u00e5lens 4H-Klubb finns i Husqvarna och \u00e4r mestadels anknuten till Vissm\u00e5lens 4H-G\u00e5rd, de anordnar l\u00e4ger och aktiviteter p\u00e5 g\u00e5rden.<\/p>\n<p>[\/vc_column_text][\/vc_column][vc_column width=&#8221;1\/2&#8243;][vc_column_text css=&#8221;&#8221;]<\/p>\n<h1 style=\"text-align: center;\">f\u00f6lj oss p\u00e5 sociala medier!<\/h1>\n<p>[\/vc_column_text][vc_column_text css=&#8221;&#8221;]<\/p>\n<p style=\"text-align: center;\"><a href=\"https:\/\/www.facebook.com\/VissmalensRidklubb\/\">https:\/\/www.facebook.com\/VissmalensRidklubb\/<\/a><\/p>\n<p>[\/vc_column_text][vc_icon icon_fontawesome=&#8221;fab fa-facebook-square&#8221; size=&#8221;xl&#8221; align=&#8221;center&#8221; css=&#8221;&#8221; link=&#8221;url:https%3A%2F%2Fwww.facebook.com%2FVissmalensRidklubb%2F&#8221;][vc_column_text css=&#8221;&#8221;]<\/p>\n<p style=\"text-align: center;\"><a href=\"https:\/\/www.instagram.com\/vissmalen\/\">https:\/\/www.instagram.com\/vissmalen\/<\/a><\/p>\n<p>[\/vc_column_text][vc_icon icon_fontawesome=&#8221;fab fa-instagram&#8221; size=&#8221;xl&#8221; align=&#8221;center&#8221; css=&#8221;&#8221; link=&#8221;url:https%3A%2F%2Fwww.instagram.com%2Fvissmalen%2F&#8221;][\/vc_column][\/vc_row]<\/p>\n<\/div>","protected":false},"excerpt":{"rendered":"<p>[vc_row][vc_column width=&#8221;1\/2&#8243;][vc_column_text css=&#8221;&#8221;] vissm\u00e5lens 4h klubb &nbsp; Vissm\u00e5lens 4H-Klubb finns i Husqvarna och \u00e4r mestadels anknuten till Vissm\u00e5lens 4H-G\u00e5rd, de anordnar l\u00e4ger och aktiviteter p\u00e5 g\u00e5rden. [\/vc_column_text][\/vc_column][vc_column width=&#8221;1\/2&#8243;][vc_column_text css=&#8221;&#8221;] f\u00f6lj oss p\u00e5 sociala medier! [\/vc_column_text][vc_column_text css=&#8221;&#8221;] https:\/\/www.facebook.com\/VissmalensRidklubb\/ [\/vc_column_text][vc_icon icon_fontawesome=&#8221;fab fa-facebook-square&#8221; size=&#8221;xl&#8221; align=&#8221;center&#8221; css=&#8221;&#8221; link=&#8221;url:https%3A%2F%2Fwww.facebook.com%2FVissmalensRidklubb%2F&#8221;][vc_column_text css=&#8221;&#8221;] https:\/\/www.instagram.com\/vissmalen\/ [\/vc_column_text][vc_icon icon_fontawesome=&#8221;fab fa-instagram&#8221; size=&#8221;xl&#8221; align=&#8221;center&#8221; css=&#8221;&#8221; link=&#8221;url:https%3A%2F%2Fwww.instagram.com%2Fvissmalen%2F&#8221;][\/vc_column][\/vc_row]<\/p>\n","protected":false},"author":252,"featured_media":0,"parent":481,"menu_order":0,"comment_status":"closed","ping_status":"closed","template":"","meta":{"footnotes":""},"class_list":["post-565","page","type-page","status-publish","hentry"],"yoast_head":"<!-- This site is optimized with the Yoast SEO plugin v27.4 - https:\/\/yoast.com\/product\/yoast-seo-wordpress\/ -->\n<title>Vissm\u00e5lens 4H-Klubb - 4H i J\u00f6nk\u00f6pings distrikt<\/title>\n<meta name=\"robots\" content=\"index, follow, max-snippet:-1, max-image-preview:large, max-video-preview:-1\" \/>\n<link rel=\"canonical\" href=\"https:\/\/www.4h.se\/jonkoping\/klubbar\/vissmalens-4h-klubb\/\" \/>\n<meta property=\"og:locale\" content=\"sv_SE\" \/>\n<meta property=\"og:type\" content=\"article\" \/>\n<meta property=\"og:title\" content=\"Vissm\u00e5lens 4H-Klubb - 4H i J\u00f6nk\u00f6pings distrikt\" \/>\n<meta property=\"og:description\" content=\"[vc_row][vc_column width=&#8221;1\/2&#8243;][vc_column_text css=&#8221;&#8221;] vissm\u00e5lens 4h klubb &nbsp; Vissm\u00e5lens 4H-Klubb finns i Husqvarna och \u00e4r mestadels anknuten till Vissm\u00e5lens 4H-G\u00e5rd, de anordnar l\u00e4ger och aktiviteter p\u00e5 g\u00e5rden. [\/vc_column_text][\/vc_column][vc_column width=&#8221;1\/2&#8243;][vc_column_text css=&#8221;&#8221;] f\u00f6lj oss p\u00e5 sociala medier! [\/vc_column_text][vc_column_text css=&#8221;&#8221;] https:\/\/www.facebook.com\/VissmalensRidklubb\/ [\/vc_column_text][vc_icon icon_fontawesome=&#8221;fab fa-facebook-square&#8221; size=&#8221;xl&#8221; align=&#8221;center&#8221; css=&#8221;&#8221; link=&#8221;url:https%3A%2F%2Fwww.facebook.com%2FVissmalensRidklubb%2F&#8221;][vc_column_text css=&#8221;&#8221;] https:\/\/www.instagram.com\/vissmalen\/ [\/vc_column_text][vc_icon icon_fontawesome=&#8221;fab fa-instagram&#8221; size=&#8221;xl&#8221; align=&#8221;center&#8221; css=&#8221;&#8221; link=&#8221;url:https%3A%2F%2Fwww.instagram.com%2Fvissmalen%2F&#8221;][\/vc_column][\/vc_row]\" \/>\n<meta property=\"og:url\" content=\"https:\/\/www.4h.se\/jonkoping\/klubbar\/vissmalens-4h-klubb\/\" \/>\n<meta property=\"og:site_name\" content=\"4H i J\u00f6nk\u00f6pings distrikt\" \/>\n<meta property=\"article:modified_time\" content=\"2024-10-09T10:37:59+00:00\" \/>\n<meta name=\"twitter:card\" content=\"summary_large_image\" \/>\n<script type=\"application\/ld+json\" class=\"yoast-schema-graph\">{\"@context\":\"https:\\\/\\\/schema.org\",\"@graph\":[{\"@type\":\"WebPage\",\"@id\":\"https:\\\/\\\/www.4h.se\\\/jonkoping\\\/klubbar\\\/vissmalens-4h-klubb\\\/\",\"url\":\"https:\\\/\\\/www.4h.se\\\/jonkoping\\\/klubbar\\\/vissmalens-4h-klubb\\\/\",\"name\":\"Vissm\u00e5lens 4H-Klubb - 4H i J\u00f6nk\u00f6pings distrikt\",\"isPartOf\":{\"@id\":\"https:\\\/\\\/www.4h.se\\\/jonkoping\\\/#website\"},\"datePublished\":\"2024-10-02T12:10:16+00:00\",\"dateModified\":\"2024-10-09T10:37:59+00:00\",\"breadcrumb\":{\"@id\":\"https:\\\/\\\/www.4h.se\\\/jonkoping\\\/klubbar\\\/vissmalens-4h-klubb\\\/#breadcrumb\"},\"inLanguage\":\"sv-SE\",\"potentialAction\":[{\"@type\":\"ReadAction\",\"target\":[\"https:\\\/\\\/www.4h.se\\\/jonkoping\\\/klubbar\\\/vissmalens-4h-klubb\\\/\"]}]},{\"@type\":\"BreadcrumbList\",\"@id\":\"https:\\\/\\\/www.4h.se\\\/jonkoping\\\/klubbar\\\/vissmalens-4h-klubb\\\/#breadcrumb\",\"itemListElement\":[{\"@type\":\"ListItem\",\"position\":1,\"name\":\"Hem\",\"item\":\"https:\\\/\\\/www.4h.se\\\/jonkoping\\\/\"},{\"@type\":\"ListItem\",\"position\":2,\"name\":\"Klubbar\",\"item\":\"https:\\\/\\\/www.4h.se\\\/jonkoping\\\/klubbar\\\/\"},{\"@type\":\"ListItem\",\"position\":3,\"name\":\"Vissm\u00e5lens 4H-Klubb\"}]},{\"@type\":\"WebSite\",\"@id\":\"https:\\\/\\\/www.4h.se\\\/jonkoping\\\/#website\",\"url\":\"https:\\\/\\\/www.4h.se\\\/jonkoping\\\/\",\"name\":\"4H i J\u00f6nk\u00f6pings distrikt\",\"description\":\"\",\"potentialAction\":[{\"@type\":\"SearchAction\",\"target\":{\"@type\":\"EntryPoint\",\"urlTemplate\":\"https:\\\/\\\/www.4h.se\\\/jonkoping\\\/?s={search_term_string}\"},\"query-input\":{\"@type\":\"PropertyValueSpecification\",\"valueRequired\":true,\"valueName\":\"search_term_string\"}}],\"inLanguage\":\"sv-SE\"}]}<\/script>\n<!-- \/ Yoast SEO plugin. -->","yoast_head_json":{"title":"Vissm\u00e5lens 4H-Klubb - 4H i J\u00f6nk\u00f6pings distrikt","robots":{"index":"index","follow":"follow","max-snippet":"max-snippet:-1","max-image-preview":"max-image-preview:large","max-video-preview":"max-video-preview:-1"},"canonical":"https:\/\/www.4h.se\/jonkoping\/klubbar\/vissmalens-4h-klubb\/","og_locale":"sv_SE","og_type":"article","og_title":"Vissm\u00e5lens 4H-Klubb - 4H i J\u00f6nk\u00f6pings distrikt","og_description":"[vc_row][vc_column width=&#8221;1\/2&#8243;][vc_column_text css=&#8221;&#8221;] vissm\u00e5lens 4h klubb &nbsp; Vissm\u00e5lens 4H-Klubb finns i Husqvarna och \u00e4r mestadels anknuten till Vissm\u00e5lens 4H-G\u00e5rd, de anordnar l\u00e4ger och aktiviteter p\u00e5 g\u00e5rden. [\/vc_column_text][\/vc_column][vc_column width=&#8221;1\/2&#8243;][vc_column_text css=&#8221;&#8221;] f\u00f6lj oss p\u00e5 sociala medier! [\/vc_column_text][vc_column_text css=&#8221;&#8221;] https:\/\/www.facebook.com\/VissmalensRidklubb\/ [\/vc_column_text][vc_icon icon_fontawesome=&#8221;fab fa-facebook-square&#8221; size=&#8221;xl&#8221; align=&#8221;center&#8221; css=&#8221;&#8221; link=&#8221;url:https%3A%2F%2Fwww.facebook.com%2FVissmalensRidklubb%2F&#8221;][vc_column_text css=&#8221;&#8221;] https:\/\/www.instagram.com\/vissmalen\/ [\/vc_column_text][vc_icon icon_fontawesome=&#8221;fab fa-instagram&#8221; size=&#8221;xl&#8221; align=&#8221;center&#8221; css=&#8221;&#8221; link=&#8221;url:https%3A%2F%2Fwww.instagram.com%2Fvissmalen%2F&#8221;][\/vc_column][\/vc_row]","og_url":"https:\/\/www.4h.se\/jonkoping\/klubbar\/vissmalens-4h-klubb\/","og_site_name":"4H i J\u00f6nk\u00f6pings distrikt","article_modified_time":"2024-10-09T10:37:59+00:00","twitter_card":"summary_large_image","schema":{"@context":"https:\/\/schema.org","@graph":[{"@type":"WebPage","@id":"https:\/\/www.4h.se\/jonkoping\/klubbar\/vissmalens-4h-klubb\/","url":"https:\/\/www.4h.se\/jonkoping\/klubbar\/vissmalens-4h-klubb\/","name":"Vissm\u00e5lens 4H-Klubb - 4H i J\u00f6nk\u00f6pings distrikt","isPartOf":{"@id":"https:\/\/www.4h.se\/jonkoping\/#website"},"datePublished":"2024-10-02T12:10:16+00:00","dateModified":"2024-10-09T10:37:59+00:00","breadcrumb":{"@id":"https:\/\/www.4h.se\/jonkoping\/klubbar\/vissmalens-4h-klubb\/#breadcrumb"},"inLanguage":"sv-SE","potentialAction":[{"@type":"ReadAction","target":["https:\/\/www.4h.se\/jonkoping\/klubbar\/vissmalens-4h-klubb\/"]}]},{"@type":"BreadcrumbList","@id":"https:\/\/www.4h.se\/jonkoping\/klubbar\/vissmalens-4h-klubb\/#breadcrumb","itemListElement":[{"@type":"ListItem","position":1,"name":"Hem","item":"https:\/\/www.4h.se\/jonkoping\/"},{"@type":"ListItem","position":2,"name":"Klubbar","item":"https:\/\/www.4h.se\/jonkoping\/klubbar\/"},{"@type":"ListItem","position":3,"name":"Vissm\u00e5lens 4H-Klubb"}]},{"@type":"WebSite","@id":"https:\/\/www.4h.se\/jonkoping\/#website","url":"https:\/\/www.4h.se\/jonkoping\/","name":"4H i J\u00f6nk\u00f6pings distrikt","description":"","potentialAction":[{"@type":"SearchAction","target":{"@type":"EntryPoint","urlTemplate":"https:\/\/www.4h.se\/jonkoping\/?s={search_term_string}"},"query-input":{"@type":"PropertyValueSpecification","valueRequired":true,"valueName":"search_term_string"}}],"inLanguage":"sv-SE"}]}},"_links":{"self":[{"href":"https:\/\/www.4h.se\/jonkoping\/wp-json\/wp\/v2\/pages\/565","targetHints":{"allow":["GET"]}}],"collection":[{"href":"https:\/\/www.4h.se\/jonkoping\/wp-json\/wp\/v2\/pages"}],"about":[{"href":"https:\/\/www.4h.se\/jonkoping\/wp-json\/wp\/v2\/types\/page"}],"author":[{"embeddable":true,"href":"https:\/\/www.4h.se\/jonkoping\/wp-json\/wp\/v2\/users\/252"}],"replies":[{"embeddable":true,"href":"https:\/\/www.4h.se\/jonkoping\/wp-json\/wp\/v2\/comments?post=565"}],"version-history":[{"count":0,"href":"https:\/\/www.4h.se\/jonkoping\/wp-json\/wp\/v2\/pages\/565\/revisions"}],"up":[{"embeddable":true,"href":"https:\/\/www.4h.se\/jonkoping\/wp-json\/wp\/v2\/pages\/481"}],"wp:attachment":[{"href":"https:\/\/www.4h.se\/jonkoping\/wp-json\/wp\/v2\/media?parent=565"}],"curies":[{"name":"wp","href":"https:\/\/api.w.org\/{rel}","templated":true}]}}