



{"id":524,"date":"2023-03-14T15:36:46","date_gmt":"2023-03-14T14:36:46","guid":{"rendered":"https:\/\/www.4h.se\/jonkoping\/?page_id=524"},"modified":"2024-11-08T11:34:44","modified_gmt":"2024-11-08T10:34:44","slug":"varne-4h-klubb","status":"publish","type":"page","link":"https:\/\/www.4h.se\/jonkoping\/varne-4h-klubb\/","title":{"rendered":"V\u00e4rne 4H-Klubb"},"content":{"rendered":"<div class=\"wpb-content-wrapper\"><p>[vc_row][vc_column width=&#8221;1\/3&#8243;][\/vc_column][vc_column width=&#8221;1\/3&#8243;][vc_column_text css=&#8221;&#8221;]<\/p>\n<h1 style=\"text-align: center;\">v\u00e4rne 4h klubb<\/h1>\n<p style=\"text-align: center;\">V\u00e4rne 4H-Klubb har verksamhet i V\u00e4rne, de hittar p\u00e5 olika aktiviteter s\u00e5 som att baka, pyssla, spela spel, \u00e5ka p\u00e5 resor.<\/p>\n<p>[\/vc_column_text][\/vc_column][vc_column width=&#8221;1\/3&#8243;][\/vc_column][\/vc_row]<\/p>\n<\/div>","protected":false},"excerpt":{"rendered":"<p>[vc_row][vc_column width=&#8221;1\/3&#8243;][\/vc_column][vc_column width=&#8221;1\/3&#8243;][vc_column_text css=&#8221;&#8221;] v\u00e4rne 4h klubb V\u00e4rne 4H-Klubb har verksamhet i V\u00e4rne, de hittar p\u00e5 olika aktiviteter s\u00e5 som att baka, pyssla, spela spel, \u00e5ka p\u00e5 resor. [\/vc_column_text][\/vc_column][vc_column width=&#8221;1\/3&#8243;][\/vc_column][\/vc_row]<\/p>\n","protected":false},"author":233,"featured_media":0,"parent":0,"menu_order":0,"comment_status":"closed","ping_status":"closed","template":"","meta":{"_acf_changed":false,"footnotes":""},"class_list":["post-524","page","type-page","status-publish","hentry"],"acf":[],"yoast_head":"<!-- This site is optimized with the Yoast SEO plugin v27.5 - https:\/\/yoast.com\/product\/yoast-seo-wordpress\/ -->\n<title>V\u00e4rne 4H-Klubb - 4H i J\u00f6nk\u00f6pings distrikt<\/title>\n<meta name=\"robots\" content=\"index, follow, max-snippet:-1, max-image-preview:large, max-video-preview:-1\" \/>\n<link rel=\"canonical\" href=\"https:\/\/www.4h.se\/jonkoping\/varne-4h-klubb\/\" \/>\n<meta property=\"og:locale\" content=\"sv_SE\" \/>\n<meta property=\"og:type\" content=\"article\" \/>\n<meta property=\"og:title\" content=\"V\u00e4rne 4H-Klubb - 4H i J\u00f6nk\u00f6pings distrikt\" \/>\n<meta property=\"og:description\" content=\"[vc_row][vc_column width=&#8221;1\/3&#8243;][\/vc_column][vc_column width=&#8221;1\/3&#8243;][vc_column_text css=&#8221;&#8221;] v\u00e4rne 4h klubb V\u00e4rne 4H-Klubb har verksamhet i V\u00e4rne, de hittar p\u00e5 olika aktiviteter s\u00e5 som att baka, pyssla, spela spel, \u00e5ka p\u00e5 resor. [\/vc_column_text][\/vc_column][vc_column width=&#8221;1\/3&#8243;][\/vc_column][\/vc_row]\" \/>\n<meta property=\"og:url\" content=\"https:\/\/www.4h.se\/jonkoping\/varne-4h-klubb\/\" \/>\n<meta property=\"og:site_name\" content=\"4H i J\u00f6nk\u00f6pings distrikt\" \/>\n<meta property=\"article:modified_time\" content=\"2024-11-08T10:34:44+00:00\" \/>\n<meta name=\"twitter:card\" content=\"summary_large_image\" \/>\n<script type=\"application\/ld+json\" class=\"yoast-schema-graph\">{\"@context\":\"https:\\\/\\\/schema.org\",\"@graph\":[{\"@type\":\"WebPage\",\"@id\":\"https:\\\/\\\/www.4h.se\\\/jonkoping\\\/varne-4h-klubb\\\/\",\"url\":\"https:\\\/\\\/www.4h.se\\\/jonkoping\\\/varne-4h-klubb\\\/\",\"name\":\"V\u00e4rne 4H-Klubb - 4H i J\u00f6nk\u00f6pings distrikt\",\"isPartOf\":{\"@id\":\"https:\\\/\\\/www.4h.se\\\/jonkoping\\\/#website\"},\"datePublished\":\"2023-03-14T14:36:46+00:00\",\"dateModified\":\"2024-11-08T10:34:44+00:00\",\"breadcrumb\":{\"@id\":\"https:\\\/\\\/www.4h.se\\\/jonkoping\\\/varne-4h-klubb\\\/#breadcrumb\"},\"inLanguage\":\"sv-SE\",\"potentialAction\":[{\"@type\":\"ReadAction\",\"target\":[\"https:\\\/\\\/www.4h.se\\\/jonkoping\\\/varne-4h-klubb\\\/\"]}]},{\"@type\":\"BreadcrumbList\",\"@id\":\"https:\\\/\\\/www.4h.se\\\/jonkoping\\\/varne-4h-klubb\\\/#breadcrumb\",\"itemListElement\":[{\"@type\":\"ListItem\",\"position\":1,\"name\":\"Hem\",\"item\":\"https:\\\/\\\/www.4h.se\\\/jonkoping\\\/\"},{\"@type\":\"ListItem\",\"position\":2,\"name\":\"V\u00e4rne 4H-Klubb\"}]},{\"@type\":\"WebSite\",\"@id\":\"https:\\\/\\\/www.4h.se\\\/jonkoping\\\/#website\",\"url\":\"https:\\\/\\\/www.4h.se\\\/jonkoping\\\/\",\"name\":\"4H i J\u00f6nk\u00f6pings distrikt\",\"description\":\"\",\"potentialAction\":[{\"@type\":\"SearchAction\",\"target\":{\"@type\":\"EntryPoint\",\"urlTemplate\":\"https:\\\/\\\/www.4h.se\\\/jonkoping\\\/?s={search_term_string}\"},\"query-input\":{\"@type\":\"PropertyValueSpecification\",\"valueRequired\":true,\"valueName\":\"search_term_string\"}}],\"inLanguage\":\"sv-SE\"}]}<\/script>\n<!-- \/ Yoast SEO plugin. -->","yoast_head_json":{"title":"V\u00e4rne 4H-Klubb - 4H i J\u00f6nk\u00f6pings distrikt","robots":{"index":"index","follow":"follow","max-snippet":"max-snippet:-1","max-image-preview":"max-image-preview:large","max-video-preview":"max-video-preview:-1"},"canonical":"https:\/\/www.4h.se\/jonkoping\/varne-4h-klubb\/","og_locale":"sv_SE","og_type":"article","og_title":"V\u00e4rne 4H-Klubb - 4H i J\u00f6nk\u00f6pings distrikt","og_description":"[vc_row][vc_column width=&#8221;1\/3&#8243;][\/vc_column][vc_column width=&#8221;1\/3&#8243;][vc_column_text css=&#8221;&#8221;] v\u00e4rne 4h klubb V\u00e4rne 4H-Klubb har verksamhet i V\u00e4rne, de hittar p\u00e5 olika aktiviteter s\u00e5 som att baka, pyssla, spela spel, \u00e5ka p\u00e5 resor. [\/vc_column_text][\/vc_column][vc_column width=&#8221;1\/3&#8243;][\/vc_column][\/vc_row]","og_url":"https:\/\/www.4h.se\/jonkoping\/varne-4h-klubb\/","og_site_name":"4H i J\u00f6nk\u00f6pings distrikt","article_modified_time":"2024-11-08T10:34:44+00:00","twitter_card":"summary_large_image","schema":{"@context":"https:\/\/schema.org","@graph":[{"@type":"WebPage","@id":"https:\/\/www.4h.se\/jonkoping\/varne-4h-klubb\/","url":"https:\/\/www.4h.se\/jonkoping\/varne-4h-klubb\/","name":"V\u00e4rne 4H-Klubb - 4H i J\u00f6nk\u00f6pings distrikt","isPartOf":{"@id":"https:\/\/www.4h.se\/jonkoping\/#website"},"datePublished":"2023-03-14T14:36:46+00:00","dateModified":"2024-11-08T10:34:44+00:00","breadcrumb":{"@id":"https:\/\/www.4h.se\/jonkoping\/varne-4h-klubb\/#breadcrumb"},"inLanguage":"sv-SE","potentialAction":[{"@type":"ReadAction","target":["https:\/\/www.4h.se\/jonkoping\/varne-4h-klubb\/"]}]},{"@type":"BreadcrumbList","@id":"https:\/\/www.4h.se\/jonkoping\/varne-4h-klubb\/#breadcrumb","itemListElement":[{"@type":"ListItem","position":1,"name":"Hem","item":"https:\/\/www.4h.se\/jonkoping\/"},{"@type":"ListItem","position":2,"name":"V\u00e4rne 4H-Klubb"}]},{"@type":"WebSite","@id":"https:\/\/www.4h.se\/jonkoping\/#website","url":"https:\/\/www.4h.se\/jonkoping\/","name":"4H i J\u00f6nk\u00f6pings distrikt","description":"","potentialAction":[{"@type":"SearchAction","target":{"@type":"EntryPoint","urlTemplate":"https:\/\/www.4h.se\/jonkoping\/?s={search_term_string}"},"query-input":{"@type":"PropertyValueSpecification","valueRequired":true,"valueName":"search_term_string"}}],"inLanguage":"sv-SE"}]}},"_links":{"self":[{"href":"https:\/\/www.4h.se\/jonkoping\/wp-json\/wp\/v2\/pages\/524","targetHints":{"allow":["GET"]}}],"collection":[{"href":"https:\/\/www.4h.se\/jonkoping\/wp-json\/wp\/v2\/pages"}],"about":[{"href":"https:\/\/www.4h.se\/jonkoping\/wp-json\/wp\/v2\/types\/page"}],"author":[{"embeddable":true,"href":"https:\/\/www.4h.se\/jonkoping\/wp-json\/wp\/v2\/users\/233"}],"replies":[{"embeddable":true,"href":"https:\/\/www.4h.se\/jonkoping\/wp-json\/wp\/v2\/comments?post=524"}],"version-history":[{"count":0,"href":"https:\/\/www.4h.se\/jonkoping\/wp-json\/wp\/v2\/pages\/524\/revisions"}],"wp:attachment":[{"href":"https:\/\/www.4h.se\/jonkoping\/wp-json\/wp\/v2\/media?parent=524"}],"curies":[{"name":"wp","href":"https:\/\/api.w.org\/{rel}","templated":true}]}}