



{"id":498,"date":"2022-02-23T09:59:48","date_gmt":"2022-02-23T08:59:48","guid":{"rendered":"https:\/\/www.4h.se\/ifyeklubben\/?page_id=498"},"modified":"2026-01-30T09:06:07","modified_gmt":"2026-01-30T08:06:07","slug":"dokument","status":"publish","type":"page","link":"https:\/\/www.4h.se\/ifyeklubben\/dokument\/","title":{"rendered":"Dokument"},"content":{"rendered":"<div class=\"wpb-content-wrapper\"><p>[vc_row][vc_column width=&#8221;1\/2&#8243;][vc_column_text css=&#8221;&#8221;]<\/p>\n<h4>Medlems\/nyhetsbrev<\/h4>\n<p><a href=\"https:\/\/www.4h.se\/ifyeklubben\/wp-content\/uploads\/sites\/101\/2026\/01\/Nyhetsbrev-januari-2026.pdf\">Nyhetsbrev januari 2026<\/a><\/p>\n<p><a href=\"https:\/\/www.4h.se\/ifyeklubben\/wp-content\/uploads\/sites\/101\/2025\/12\/Nyhetsbrev-december-2025.pdf\">Nyhetsbrev december 2025<\/a><\/p>\n<p><a href=\"https:\/\/www.4h.se\/ifyeklubben\/wp-content\/uploads\/sites\/101\/2025\/09\/Nyhetsbrev-september-2025.pdf\">Nyhetsbrev september 2025<\/a><\/p>\n<p><a href=\"https:\/\/www.4h.se\/ifyeklubben\/wp-content\/uploads\/sites\/101\/2025\/05\/Nyhetsbrev-maj-2025.pdf\">Nyhetsbrev maj 2025<\/a><\/p>\n<p><a href=\"https:\/\/www.4h.se\/ifyeklubben\/wp-content\/uploads\/sites\/101\/2025\/01\/Nyhetsbrev-januari-2025.pdf\">Nyhetsbrev januari 2025<\/a><\/p>\n<p><a href=\"https:\/\/www.4h.se\/ifyeklubben\/wp-content\/uploads\/sites\/101\/2024\/11\/Nyhetsbrev-november-2024.pdf\">Nyhetsbrev november 2024<\/a><\/p>\n<p><a href=\"https:\/\/www.4h.se\/ifyeklubben\/wp-content\/uploads\/sites\/101\/2024\/05\/Nyhetsbrev-maj-2024.pdf\">Nyhetsbrev maj 2024<\/a><\/p>\n<p><a href=\"https:\/\/www.4h.se\/ifyeklubben\/wp-content\/uploads\/sites\/101\/2024\/02\/Nyhetsbrev-januari-2024.pdf\">N<\/a><a href=\"https:\/\/www.4h.se\/ifyeklubben\/wp-content\/uploads\/sites\/101\/2024\/02\/Nyhetsbrev-januari-2024.pdf\">yhetsbrev januari 2024<\/a><\/p>\n<p><a href=\"https:\/\/www.4h.se\/ifyeklubben\/wp-content\/uploads\/sites\/101\/2023\/10\/Nyhetsbrev-oktober-2023.pdf\">Nyhetsbrev oktober 2023<\/a><\/p>\n<p><a href=\"https:\/\/www.4h.se\/ifyeklubben\/wp-content\/uploads\/sites\/101\/2023\/04\/Nyhetsbrev-april-2023.pdf\">Nyhetsbrev april 2023<\/a><\/p>\n<p><a href=\"https:\/\/www.4h.se\/ifyeklubben\/wp-content\/uploads\/sites\/101\/2014\/12\/Nyhetsbrev-februari-2023.pdf\">Nyhetsbrev februari 2023<\/a><\/p>\n<p><a href=\"https:\/\/www.4h.se\/ifyeklubben\/wp-content\/uploads\/sites\/101\/2014\/12\/Nyhetsbrev-november-2022.pdf\">Nyhetsbrev november 2022<\/a><\/p>\n<p><a href=\"https:\/\/www.4h.se\/ifyeklubben\/wp-content\/uploads\/sites\/101\/2022\/02\/Nyhetsbrev-IFYE-april-2022.pdf\">Nyhetsbrev april 2022<\/a><\/p>\n<p><a href=\"https:\/\/www.4h.se\/ifyeklubben\/wp-content\/uploads\/sites\/101\/2021\/04\/Medlemsbrev-IFYE-april-2021.docx.pdf\">Nyhetsbrev april 2021<\/a><\/p>\n<p>&nbsp;<\/p>\n<p>&nbsp;<\/p>\n<p>&nbsp;[\/vc_column_text][\/vc_column][vc_column width=&#8221;1\/2&#8243;][vc_column_text css=&#8221;&#8221;]<\/p>\n<h4>\u00c5rsm\u00f6tesprotokoll<\/h4>\n<p><a href=\"https:\/\/www.4h.se\/ifyeklubben\/wp-content\/uploads\/sites\/101\/2025\/11\/Protokoll-arsmote-20251011.pdf\">\u00c5rsm\u00f6tesprotokoll IFYE 2025<\/a><\/p>\n<p><a href=\"https:\/\/www.4h.se\/ifyeklubben\/wp-content\/uploads\/sites\/101\/2024\/11\/Protokoll-arsmote-20241012.pdf\">\u00c5rsm\u00f6tesprotokoll IFYE 2024<\/a><\/p>\n<p><a href=\"https:\/\/www.4h.se\/ifyeklubben\/wp-content\/uploads\/sites\/101\/2023\/10\/Protokoll-arsmote-2023.pdf\">\u00c5rsm\u00f6tesprotokoll IFYE 2023<\/a><\/p>\n<p><a href=\"https:\/\/www.4h.se\/ifyeklubben\/wp-content\/uploads\/sites\/101\/2022\/02\/Protokoll-\u00e5rsm\u00f6te-2022.pdf\">\u00c5rsm\u00f6tesprotokoll IFYE 2022<\/a><\/p>\n<p><a href=\"https:\/\/www.4h.se\/ifyeklubben\/wp-content\/uploads\/sites\/101\/2022\/02\/2021-Protokoll-IFYE-\u00e5rsm\u00f6te-okt.pdf\">\u00c5rsm\u00f6tesprotokoll IFYE 2021<\/a><\/p>\n<p><a href=\"https:\/\/www.4h.se\/ifyeklubben\/wp-content\/uploads\/sites\/101\/2021\/04\/Protokoll-IFYE-\u00e5rsm\u00f6te-2020.pdf\">\u00c5rsm\u00f6tesprotokoll IFYE 2020<\/a><\/p>\n<p>&nbsp;[\/vc_column_text][\/vc_column][\/vc_row]<\/p>\n<\/div>","protected":false},"excerpt":{"rendered":"<p>[vc_row][vc_column width=&#8221;1\/2&#8243;][vc_column_text css=&#8221;&#8221;] Medlems\/nyhetsbrev Nyhetsbrev januari 2026 Nyhetsbrev december 2025 Nyhetsbrev september 2025 Nyhetsbrev maj 2025 Nyhetsbrev januari 2025 Nyhetsbrev november 2024 Nyhetsbrev maj 2024 Nyhetsbrev januari 2024 Nyhetsbrev oktober 2023 Nyhetsbrev april 2023 Nyhetsbrev februari 2023 Nyhetsbrev november 2022 Nyhetsbrev april 2022 Nyhetsbrev april 2021 &nbsp; &nbsp; &nbsp;[\/vc_column_text][\/vc_column][vc_column width=&#8221;1\/2&#8243;][vc_column_text css=&#8221;&#8221;] \u00c5rsm\u00f6tesprotokoll \u00c5rsm\u00f6tesprotokoll IFYE 2025&nbsp; <a href=\"https:\/\/www.4h.se\/ifyeklubben\/dokument\/\">&hellip; Read more <i class=\"glyphicon glyphicon-arrow-right\"><\/i><\/a><\/p>\n","protected":false},"author":24,"featured_media":0,"parent":0,"menu_order":0,"comment_status":"closed","ping_status":"closed","template":"","meta":{"footnotes":""},"class_list":["post-498","page","type-page","status-publish","hentry"],"yoast_head":"<!-- This site is optimized with the Yoast SEO plugin v27.4 - https:\/\/yoast.com\/product\/yoast-seo-wordpress\/ -->\n<title>Dokument - IFYE Sweden<\/title>\n<meta name=\"robots\" content=\"index, follow, max-snippet:-1, max-image-preview:large, max-video-preview:-1\" \/>\n<link rel=\"canonical\" href=\"https:\/\/www.4h.se\/ifyeklubben\/dokument\/\" \/>\n<meta property=\"og:locale\" content=\"sv_SE\" \/>\n<meta property=\"og:type\" content=\"article\" \/>\n<meta property=\"og:title\" content=\"Dokument - IFYE Sweden\" \/>\n<meta property=\"og:description\" content=\"[vc_row][vc_column width=&#8221;1\/2&#8243;][vc_column_text css=&#8221;&#8221;] Medlems\/nyhetsbrev Nyhetsbrev januari 2026 Nyhetsbrev december 2025 Nyhetsbrev september 2025 Nyhetsbrev maj 2025 Nyhetsbrev januari 2025 Nyhetsbrev november 2024 Nyhetsbrev maj 2024 Nyhetsbrev januari 2024 Nyhetsbrev oktober 2023 Nyhetsbrev april 2023 Nyhetsbrev februari 2023 Nyhetsbrev november 2022 Nyhetsbrev april 2022 Nyhetsbrev april 2021 &nbsp; &nbsp; &nbsp;[\/vc_column_text][\/vc_column][vc_column width=&#8221;1\/2&#8243;][vc_column_text css=&#8221;&#8221;] \u00c5rsm\u00f6tesprotokoll \u00c5rsm\u00f6tesprotokoll IFYE 2025&nbsp; &hellip; Read more\" \/>\n<meta property=\"og:url\" content=\"https:\/\/www.4h.se\/ifyeklubben\/dokument\/\" \/>\n<meta property=\"og:site_name\" content=\"IFYE Sweden\" \/>\n<meta property=\"article:modified_time\" content=\"2026-01-30T08:06:07+00:00\" \/>\n<meta name=\"twitter:card\" content=\"summary_large_image\" \/>\n<script type=\"application\/ld+json\" class=\"yoast-schema-graph\">{\"@context\":\"https:\\\/\\\/schema.org\",\"@graph\":[{\"@type\":\"WebPage\",\"@id\":\"https:\\\/\\\/www.4h.se\\\/ifyeklubben\\\/dokument\\\/\",\"url\":\"https:\\\/\\\/www.4h.se\\\/ifyeklubben\\\/dokument\\\/\",\"name\":\"Dokument - IFYE Sweden\",\"isPartOf\":{\"@id\":\"https:\\\/\\\/www.4h.se\\\/ifyeklubben\\\/#website\"},\"datePublished\":\"2022-02-23T08:59:48+00:00\",\"dateModified\":\"2026-01-30T08:06:07+00:00\",\"breadcrumb\":{\"@id\":\"https:\\\/\\\/www.4h.se\\\/ifyeklubben\\\/dokument\\\/#breadcrumb\"},\"inLanguage\":\"sv-SE\",\"potentialAction\":[{\"@type\":\"ReadAction\",\"target\":[\"https:\\\/\\\/www.4h.se\\\/ifyeklubben\\\/dokument\\\/\"]}]},{\"@type\":\"BreadcrumbList\",\"@id\":\"https:\\\/\\\/www.4h.se\\\/ifyeklubben\\\/dokument\\\/#breadcrumb\",\"itemListElement\":[{\"@type\":\"ListItem\",\"position\":1,\"name\":\"Hem\",\"item\":\"https:\\\/\\\/www.4h.se\\\/ifyeklubben\\\/\"},{\"@type\":\"ListItem\",\"position\":2,\"name\":\"Dokument\"}]},{\"@type\":\"WebSite\",\"@id\":\"https:\\\/\\\/www.4h.se\\\/ifyeklubben\\\/#website\",\"url\":\"https:\\\/\\\/www.4h.se\\\/ifyeklubben\\\/\",\"name\":\"IFYE Sweden\",\"description\":\"&quot;For a better world understanding.&quot;\",\"potentialAction\":[{\"@type\":\"SearchAction\",\"target\":{\"@type\":\"EntryPoint\",\"urlTemplate\":\"https:\\\/\\\/www.4h.se\\\/ifyeklubben\\\/?s={search_term_string}\"},\"query-input\":{\"@type\":\"PropertyValueSpecification\",\"valueRequired\":true,\"valueName\":\"search_term_string\"}}],\"inLanguage\":\"sv-SE\"}]}<\/script>\n<!-- \/ Yoast SEO plugin. -->","yoast_head_json":{"title":"Dokument - IFYE Sweden","robots":{"index":"index","follow":"follow","max-snippet":"max-snippet:-1","max-image-preview":"max-image-preview:large","max-video-preview":"max-video-preview:-1"},"canonical":"https:\/\/www.4h.se\/ifyeklubben\/dokument\/","og_locale":"sv_SE","og_type":"article","og_title":"Dokument - IFYE Sweden","og_description":"[vc_row][vc_column width=&#8221;1\/2&#8243;][vc_column_text css=&#8221;&#8221;] Medlems\/nyhetsbrev Nyhetsbrev januari 2026 Nyhetsbrev december 2025 Nyhetsbrev september 2025 Nyhetsbrev maj 2025 Nyhetsbrev januari 2025 Nyhetsbrev november 2024 Nyhetsbrev maj 2024 Nyhetsbrev januari 2024 Nyhetsbrev oktober 2023 Nyhetsbrev april 2023 Nyhetsbrev februari 2023 Nyhetsbrev november 2022 Nyhetsbrev april 2022 Nyhetsbrev april 2021 &nbsp; &nbsp; &nbsp;[\/vc_column_text][\/vc_column][vc_column width=&#8221;1\/2&#8243;][vc_column_text css=&#8221;&#8221;] \u00c5rsm\u00f6tesprotokoll \u00c5rsm\u00f6tesprotokoll IFYE 2025&nbsp; &hellip; Read more","og_url":"https:\/\/www.4h.se\/ifyeklubben\/dokument\/","og_site_name":"IFYE Sweden","article_modified_time":"2026-01-30T08:06:07+00:00","twitter_card":"summary_large_image","schema":{"@context":"https:\/\/schema.org","@graph":[{"@type":"WebPage","@id":"https:\/\/www.4h.se\/ifyeklubben\/dokument\/","url":"https:\/\/www.4h.se\/ifyeklubben\/dokument\/","name":"Dokument - IFYE Sweden","isPartOf":{"@id":"https:\/\/www.4h.se\/ifyeklubben\/#website"},"datePublished":"2022-02-23T08:59:48+00:00","dateModified":"2026-01-30T08:06:07+00:00","breadcrumb":{"@id":"https:\/\/www.4h.se\/ifyeklubben\/dokument\/#breadcrumb"},"inLanguage":"sv-SE","potentialAction":[{"@type":"ReadAction","target":["https:\/\/www.4h.se\/ifyeklubben\/dokument\/"]}]},{"@type":"BreadcrumbList","@id":"https:\/\/www.4h.se\/ifyeklubben\/dokument\/#breadcrumb","itemListElement":[{"@type":"ListItem","position":1,"name":"Hem","item":"https:\/\/www.4h.se\/ifyeklubben\/"},{"@type":"ListItem","position":2,"name":"Dokument"}]},{"@type":"WebSite","@id":"https:\/\/www.4h.se\/ifyeklubben\/#website","url":"https:\/\/www.4h.se\/ifyeklubben\/","name":"IFYE Sweden","description":"&quot;For a better world understanding.&quot;","potentialAction":[{"@type":"SearchAction","target":{"@type":"EntryPoint","urlTemplate":"https:\/\/www.4h.se\/ifyeklubben\/?s={search_term_string}"},"query-input":{"@type":"PropertyValueSpecification","valueRequired":true,"valueName":"search_term_string"}}],"inLanguage":"sv-SE"}]}},"_links":{"self":[{"href":"https:\/\/www.4h.se\/ifyeklubben\/wp-json\/wp\/v2\/pages\/498","targetHints":{"allow":["GET"]}}],"collection":[{"href":"https:\/\/www.4h.se\/ifyeklubben\/wp-json\/wp\/v2\/pages"}],"about":[{"href":"https:\/\/www.4h.se\/ifyeklubben\/wp-json\/wp\/v2\/types\/page"}],"author":[{"embeddable":true,"href":"https:\/\/www.4h.se\/ifyeklubben\/wp-json\/wp\/v2\/users\/24"}],"replies":[{"embeddable":true,"href":"https:\/\/www.4h.se\/ifyeklubben\/wp-json\/wp\/v2\/comments?post=498"}],"version-history":[{"count":0,"href":"https:\/\/www.4h.se\/ifyeklubben\/wp-json\/wp\/v2\/pages\/498\/revisions"}],"wp:attachment":[{"href":"https:\/\/www.4h.se\/ifyeklubben\/wp-json\/wp\/v2\/media?parent=498"}],"curies":[{"name":"wp","href":"https:\/\/api.w.org\/{rel}","templated":true}]}}