



{"id":424,"date":"2019-11-26T17:03:28","date_gmt":"2019-11-26T16:03:28","guid":{"rendered":"https:\/\/www.4h.se\/ifyeklubben\/?page_id=424"},"modified":"2025-10-07T09:48:27","modified_gmt":"2025-10-07T07:48:27","slug":"ansok-till-ifye-utbytet","status":"publish","type":"page","link":"https:\/\/www.4h.se\/ifyeklubben\/att-aka-som-ifye\/ansok-till-ifye-utbytet\/","title":{"rendered":"Ans\u00f6k till IFYE-utbytet"},"content":{"rendered":"<div class=\"wpb-content-wrapper\"><p>[vc_row][vc_column width=&#8221;1\/2&#8243;][vc_column_text css=&#8221;&#8221;]<\/p>\n<h4>Ans\u00f6kan till 2026 \u00e5rs utbyte \u00d6PPNAR H\u00d6STEN 2025<\/h4>\n<p>[\/vc_column_text][vc_single_image image=&#8221;503&#8243; img_size=&#8221;medium&#8221;][vc_column_text css=&#8221;&#8221;]<strong>2026 kan du \u00e5ka till&nbsp;<\/strong><\/p>\n<p>Schweiz fr\u00e5n 12 juni och i tre m\u00e5nader<\/p>\n<p>\u00d6sterike fr\u00e5n 1 juli och i fem veckor<\/p>\n<p>Estland 20 juni till 20 augusti<\/p>\n<p><a href=\"https:\/\/www.antribe.com\/org\/4h\/evenemang\">Anm\u00e4l dig till v\u00e5ra digitala informationstr\u00e4ffar 20\/10 kl 10, 23\/10 kl 19 eller 28\/10 kl 19&nbsp;<\/a><\/p>\n<p><a href=\"https:\/\/www.antribe.com\/org\/4h\/evenemang\">Anm\u00e4lan via Antrive https:\/\/www.antribe.com\/org\/4h\/evenemang<\/a><\/p>\n<p>&nbsp;<\/p>\n<p>F\u00d6RV\u00c4NTNINGAR P\u00c5 UTRESANDE IFYE<\/p>\n<ul>\n<li>Ber\u00e4tta om utbytet p\u00e5 IFYE \u00e5rsm\u00f6tet, p\u00e5 nationella konferensen samt p\u00e5 l\u00e4nsf\u00f6rbunds\/distrikt st\u00e4mma i sitt eget l\u00e4n\/distrikt.<\/li>\n<li>Rekrytera en v\u00e4rdfamilj en period, kommande \u00e5r.<\/li>\n<li>G\u00f6ra en presentations video om utbytet, p\u00e5 45 sekunder som kan l\u00e4ggas p\u00e5 hemsidan och sociala medier.<\/li>\n<li>Kort rapport till 4H-s och IFYE-klubbens hemsida.<\/li>\n<\/ul>\n<p>IFYE klubben ger ett bidrag till utresande IFYE p\u00e5 1500 kr.<\/p>\n<p><strong><em>\u00c4r du personal eller ledare och vill nominera en medlem att \u00e5ka som IFYE? <a href=\"ifye@4h.se\">maila ifye@4h.se&nbsp;<\/a><\/em><\/strong>[\/vc_column_text][\/vc_column][vc_column width=&#8221;1\/2&#8243;][vc_column_text css=&#8221;&#8221;]<\/p>\n<h3>Ans\u00f6kan till 2026 \u00e5rs utbyte st\u00e4nger 1 november<\/h3>\n<div class=\"frm_forms  with_frm_style frm_style_formidable-style\" id=\"frm_form_2_container\" >\n<form enctype=\"multipart\/form-data\" method=\"post\" class=\"frm-show-form \" id=\"form_9p0pl\" >\n<div class=\"frm_form_fields \">\n<fieldset>\n<legend class=\"frm_hidden\">Ans\u00f6k till IFYE-utbyte<\/legend>\r\n\r\n<div class=\"frm_fields_container\">\n<input type=\"hidden\" name=\"frm_action\" value=\"create\" \/>\n<input type=\"hidden\" name=\"form_id\" value=\"2\" \/>\n<input type=\"hidden\" name=\"frm_hide_fields_2\" id=\"frm_hide_fields_2\" value=\"\" \/>\n<input type=\"hidden\" name=\"form_key\" value=\"9p0pl\" \/>\n<input type=\"hidden\" name=\"item_meta[0]\" value=\"\" \/>\n<input type=\"hidden\" id=\"frm_submit_entry_2\" name=\"frm_submit_entry_2\" value=\"58506b7602\" \/><input type=\"hidden\" name=\"_wp_http_referer\" value=\"\/ifyeklubben\/wp-json\/wp\/v2\/pages\/424\" \/><div id=\"frm_field_8_container\" class=\"frm_form_field form-field  frm_required_field frm_top_container\">\r\n    <label for=\"field_ucsp1\" class=\"frm_primary_label\">F\u00f6r- och efternamn\r\n        <span class=\"frm_required\">*<\/span>\r\n    <\/label>\r\n    <input type=\"text\" id=\"field_ucsp1\" name=\"item_meta[8]\" value=\"\"  data-reqmsg=\"Detta f\u00e4lt kan inte vara tomt.\" aria-required=\"true\" data-invmsg=\"F\u00f6r- och efternamn \u00e4r ogiltigt\" aria-invalid=\"false\"  \/>\r\n    \r\n    \r\n<\/div>\n<div id=\"frm_field_10_container\" class=\"frm_form_field form-field  frm_required_field frm_top_container\">\r\n    <label for=\"field_vraxf\" class=\"frm_primary_label\">Mailadress\r\n        <span class=\"frm_required\">*<\/span>\r\n    <\/label>\r\n    <input type=\"text\" id=\"field_vraxf\" name=\"item_meta[10]\" value=\"\"  data-reqmsg=\"Detta f\u00e4lt kan inte vara tomt.\" aria-required=\"true\" data-invmsg=\"Mailadress \u00e4r ogiltigt\" aria-invalid=\"false\"  \/>\r\n    \r\n    \r\n<\/div>\n<div id=\"frm_field_11_container\" class=\"frm_form_field form-field  frm_required_field frm_top_container\">\r\n    <label for=\"field_7z6a4\" class=\"frm_primary_label\">Telefonnummer\r\n        <span class=\"frm_required\">*<\/span>\r\n    <\/label>\r\n    <input type=\"text\" id=\"field_7z6a4\" name=\"item_meta[11]\" value=\"\"  data-reqmsg=\"Detta f\u00e4lt kan inte vara tomt.\" aria-required=\"true\" data-invmsg=\"Telefonnummer \u00e4r ogiltigt\" aria-invalid=\"false\"  \/>\r\n    \r\n    \r\n<\/div>\n<div id=\"frm_field_12_container\" class=\"frm_form_field form-field  frm_required_field frm_top_container\">\r\n    <label for=\"field_2g8za\" class=\"frm_primary_label\">Hemadress\r\n        <span class=\"frm_required\">*<\/span>\r\n    <\/label>\r\n    <input type=\"text\" id=\"field_2g8za\" name=\"item_meta[12]\" value=\"\"  data-reqmsg=\"Detta f\u00e4lt kan inte vara tomt.\" aria-required=\"true\" data-invmsg=\"Hemadress \u00e4r ogiltigt\" aria-invalid=\"false\"   aria-describedby=\"frm_desc_field_2g8za\"\/>\r\n    <div id=\"frm_desc_field_2g8za\" class=\"frm_description\">Gatuadress, postnummer och ort<\/div>\r\n    \r\n<\/div>\n<div id=\"frm_field_13_container\" class=\"frm_form_field form-field  frm_top_container\">\r\n    <label for=\"field_ts1lc\" class=\"frm_primary_label\">Vilken 4H-klubb tillh\u00f6r du?\r\n        <span class=\"frm_required\"><\/span>\r\n    <\/label>\r\n    <input type=\"text\" id=\"field_ts1lc\" name=\"item_meta[13]\" value=\"\"  data-invmsg=\"Vilken 4H-klubb tillh\u00f6r du? \u00e4r ogiltigt\" aria-invalid=\"false\"  \/>\r\n    \r\n    \r\n<\/div>\n<div id=\"frm_field_32_container\" class=\"frm_form_field form-field  frm_top_container\">\r\n    <label for=\"field_dgta7\" class=\"frm_primary_label\">Vilket l\u00e4n\/distrikt tillh\u00f6r du?\r\n        <span class=\"frm_required\"><\/span>\r\n    <\/label>\r\n    <input type=\"text\" id=\"field_dgta7\" name=\"item_meta[32]\" value=\"\"  data-invmsg=\"Vilket l\u00e4n\/distrikt tillh\u00f6r du? \u00e4r ogiltigt\" aria-invalid=\"false\"  \/>\r\n    \r\n    \r\n<\/div>\n<div id=\"frm_field_14_container\" class=\"frm_form_field form-field  frm_required_field frm_top_container\">\r\n    <label for=\"field_pqeje\" class=\"frm_primary_label\">Jag talar dessa spr\u00e5k...\r\n        <span class=\"frm_required\">*<\/span>\r\n    <\/label>\r\n    <input type=\"text\" id=\"field_pqeje\" name=\"item_meta[14]\" value=\"\"  data-reqmsg=\"Detta f\u00e4lt kan inte vara tomt.\" aria-required=\"true\" data-invmsg=\"Jag talar dessa spr\u00e5k... \u00e4r ogiltigt\" aria-invalid=\"false\"   aria-describedby=\"frm_desc_field_pqeje\"\/>\r\n    <div id=\"frm_desc_field_pqeje\" class=\"frm_description\">Skriv vilket spr\u00e5k och om du beh\u00e4rskar det mycket bra, bra eller hj\u00e4lpligt<\/div>\r\n    \r\n<\/div>\n<div id=\"frm_field_16_container\" class=\"frm_form_field form-field  frm_top_container vertical_radio\">\r\n    <label  class=\"frm_primary_label\">Jag \u00f6nskar resa som IFYE till dessa l\u00e4nder...\r\n        <span class=\"frm_required\"><\/span>\r\n    <\/label>\r\n    <div class=\"frm_opt_container\">\t\t<div class=\"frm_checkbox\" id=\"frm_checkbox_16-1\">\t\t\t<label  for=\"field_58qec-1\">\n\t\t\t<input type=\"checkbox\" name=\"item_meta[16][]\" id=\"field_58qec-1\" value=\"Schweiz\"  data-invmsg=\"Jag \u00f6nskar resa som IFYE till dessa l\u00e4nder... \u00e4r ogiltigt\"   \/> Schweiz<\/label><\/div>\n\t\t<div class=\"frm_checkbox\" id=\"frm_checkbox_16-2\">\t\t\t<label  for=\"field_58qec-2\">\n\t\t\t<input type=\"checkbox\" name=\"item_meta[16][]\" id=\"field_58qec-2\" value=\"\u00d6sterrike\"  data-invmsg=\"Jag \u00f6nskar resa som IFYE till dessa l\u00e4nder... \u00e4r ogiltigt\"   \/> \u00d6sterrike<\/label><\/div>\n\t\t<div class=\"frm_checkbox\" id=\"frm_checkbox_16-0\">\t\t\t<label  for=\"field_58qec-0\">\n\t\t\t<input type=\"checkbox\" name=\"item_meta[16][]\" id=\"field_58qec-0\" value=\"Estland\"  data-invmsg=\"Jag \u00f6nskar resa som IFYE till dessa l\u00e4nder... \u00e4r ogiltigt\"   \/> Estland<\/label><\/div>\n<\/div>\r\n    \r\n    \r\n<\/div>\n<div id=\"frm_field_25_container\" class=\"frm_form_field form-field  frm_top_container\">\r\n    <label for=\"field_qx6j4\" class=\"frm_primary_label\">Rangordna dina alternativ 1-5 nedan. 1 \u00e4r dit du helst vill \u00e5ka.\r\n        <span class=\"frm_required\"><\/span>\r\n    <\/label>\r\n    <input type=\"text\" id=\"field_qx6j4\" name=\"item_meta[25]\" value=\"\"  data-invmsg=\"Rangordna dina alternativ 1-5 nedan. 1 \u00e4r dit du helst vill \u00e5ka. \u00e4r ogiltigt\" aria-invalid=\"false\"  \/>\r\n    \r\n    \r\n<\/div>\n<div id=\"frm_field_17_container\" class=\"frm_form_field form-field  frm_top_container\">\r\n    <label for=\"field_trlkc\" class=\"frm_primary_label\">Motivera dina val av l\u00e4nder, vad du vill se och uppleva\r\n        <span class=\"frm_required\"><\/span>\r\n    <\/label>\r\n    <textarea name=\"item_meta[17]\" id=\"field_trlkc\" rows=\"5\"  data-invmsg=\"Motivera dina val av l\u00e4nder, vad du vill se och uppleva \u00e4r ogiltigt\" aria-invalid=\"false\"  ><\/textarea>\r\n    \r\n    \r\n<\/div>\n<div id=\"frm_field_35_container\" class=\"frm_form_field form-field  frm_top_container\">\r\n\t<label for=\"field_c0h8u\" id=\"field_c0h8u_label\" class=\"frm_primary_label\">Hur l\u00e4nge kan du vara borta? Mellan vilka datum kan du resa?\r\n\t\t<span class=\"frm_required\" aria-hidden=\"true\"><\/span>\r\n\t<\/label>\r\n\t<input type=\"text\" id=\"field_c0h8u\" name=\"item_meta[35]\" value=\"\"  data-invmsg=\"Hur l\u00e4nge kan du vara borta? Mellan vilka datum kan du resa? \u00e4r ogiltigt\" aria-invalid=\"false\"   aria-describedby=\"frm_desc_field_c0h8u\"\/>\r\n\t<div class=\"frm_description\" id=\"frm_desc_field_c0h8u\">Skriv i veckor eller m\u00e5nader. Skriv ocks\u00e5 det tidigaste datumet du kan resa och senast datum du m\u00e5ste vara hemma igen.<\/div>\r\n\t\r\n<\/div>\n<div id=\"frm_field_18_container\" class=\"frm_form_field form-field  frm_top_container\">\r\n    <label for=\"field_7xnqe\" class=\"frm_primary_label\">Har du s\u00f6kt tidigare? Vilka \u00e5r? Varf\u00f6r s\u00f6ker du i \u00e5r?\r\n        <span class=\"frm_required\"><\/span>\r\n    <\/label>\r\n    <textarea name=\"item_meta[18]\" id=\"field_7xnqe\" rows=\"5\"  data-invmsg=\"Har du s\u00f6kt tidigare? Vilka \u00e5r? Varf\u00f6r s\u00f6ker du i \u00e5r? \u00e4r ogiltigt\" aria-invalid=\"false\"  ><\/textarea>\r\n    \r\n    \r\n<\/div>\n<div id=\"frm_field_33_container\" class=\"frm_form_field form-field  frm_required_field frm_top_container\">\r\n    <label for=\"field_8hee8\" class=\"frm_primary_label\">Varf\u00f6r s\u00f6ker Du som IFYE och varf\u00f6r just i \u00e5r?\r\n        <span class=\"frm_required\">*<\/span>\r\n    <\/label>\r\n    <textarea name=\"item_meta[33]\" id=\"field_8hee8\" rows=\"5\"  data-reqmsg=\"Detta f\u00e4lt kan inte vara tomt.\" aria-required=\"true\" data-invmsg=\"Varf\u00f6r s\u00f6ker Du som IFYE och varf\u00f6r just i \u00e5r? \u00e4r ogiltigt\" aria-invalid=\"false\"  ><\/textarea>\r\n    \r\n    \r\n<\/div>\n<div id=\"frm_field_19_container\" class=\"frm_form_field form-field  frm_required_field frm_top_container\">\r\n    <label for=\"field_k6wzd\" class=\"frm_primary_label\">Hur vill du anv\u00e4nda dina IFYE-erfarenheter n\u00e4r du kommer hem?\r\n        <span class=\"frm_required\">*<\/span>\r\n    <\/label>\r\n    <textarea name=\"item_meta[19]\" id=\"field_k6wzd\" rows=\"5\"  data-reqmsg=\"Detta f\u00e4lt kan inte vara tomt.\" aria-required=\"true\" data-invmsg=\"Hur vill du anv\u00e4nda dina IFYE-erfarenheter n\u00e4r du kommer hem? \u00e4r ogiltigt\" aria-invalid=\"false\"  ><\/textarea>\r\n    \r\n    \r\n<\/div>\n<div id=\"frm_field_20_container\" class=\"frm_form_field form-field  frm_required_field frm_top_container\">\r\n    <label for=\"field_cyoc0\" class=\"frm_primary_label\">Ge en kort presentation av dig sj\u00e4lv. Ditt engagemang inom din organisation (4H, JUF, FSU), samt dina framtidsplaner.\r\n        <span class=\"frm_required\">*<\/span>\r\n    <\/label>\r\n    <textarea name=\"item_meta[20]\" id=\"field_cyoc0\" rows=\"5\"  data-reqmsg=\"Detta f\u00e4lt kan inte vara tomt.\" aria-required=\"true\" data-invmsg=\"Ge en kort presentation av dig sj\u00e4lv. Ditt engagemang inom din organisation (4H, JUF, FSU), samt dina framtidsplaner. \u00e4r ogiltigt\" aria-invalid=\"false\"  ><\/textarea>\r\n    \r\n    \r\n<\/div>\n<div id=\"frm_field_21_container\" class=\"frm_form_field form-field  frm_top_container\">\r\n    <label for=\"field_ycu3v\" class=\"frm_primary_label\">Beskriv dina uppdrag inom din organisation (4H, JUF, FSU)\r\n        <span class=\"frm_required\"><\/span>\r\n    <\/label>\r\n    <textarea name=\"item_meta[21]\" id=\"field_ycu3v\" rows=\"5\"  data-invmsg=\"Beskriv dina uppdrag inom din organisation (4H, JUF, FSU) \u00e4r ogiltigt\" aria-invalid=\"false\"  ><\/textarea>\r\n    \r\n    \r\n<\/div>\n<div id=\"frm_field_34_container\" class=\"frm_form_field form-field \">\r\n\t<div class=\"frm_submit\">\r\n\r\n<button class=\"frm_button_submit\" type=\"submit\"  >Skicka<\/button>\r\n\r\n<\/div>\r\n<\/div>\n\t<input type=\"hidden\" name=\"item_key\" value=\"\" \/>\n\t\t\t<div id=\"frm_field_36_container\">\n\t\t\t<label for=\"field_xe9ao\" >\n\t\t\t\tOm du \u00e4r m\u00e4nsklig, l\u00e4mna det h\u00e4r f\u00e4ltet tomt.\t\t\t<\/label>\n\t\t\t<input  id=\"field_xe9ao\" type=\"text\" class=\"frm_form_field form-field frm_verify\" name=\"item_meta[36]\" value=\"\"  \/>\n\t\t<\/div>\n\t\t<input name=\"frm_state\" type=\"hidden\" value=\"037vLR76zAuEl3w1YbC8S328pnV6HqLM+SDP6hIe8hs=\" \/><\/div>\n<\/fieldset>\n<\/div>\n\n<\/form>\n<\/div>\n[\/vc_column_text][\/vc_column][\/vc_row]<\/p>\n<\/div>","protected":false},"excerpt":{"rendered":"<p>[vc_row][vc_column width=&#8221;1\/2&#8243;][vc_column_text css=&#8221;&#8221;] Ans\u00f6kan till 2026 \u00e5rs utbyte \u00d6PPNAR H\u00d6STEN 2025 [\/vc_column_text][vc_single_image image=&#8221;503&#8243; img_size=&#8221;medium&#8221;][vc_column_text css=&#8221;&#8221;]2026 kan du \u00e5ka till&nbsp; Schweiz fr\u00e5n 12 juni och i tre m\u00e5nader \u00d6sterike fr\u00e5n 1 juli och i fem veckor Estland 20 juni till 20 augusti Anm\u00e4l dig till v\u00e5ra digitala informationstr\u00e4ffar 20\/10 kl 10, 23\/10 kl 19 eller 28\/10&nbsp; <a href=\"https:\/\/www.4h.se\/ifyeklubben\/att-aka-som-ifye\/ansok-till-ifye-utbytet\/\">&hellip; Read more <i class=\"glyphicon glyphicon-arrow-right\"><\/i><\/a><\/p>\n","protected":false},"author":16,"featured_media":0,"parent":405,"menu_order":3,"comment_status":"closed","ping_status":"closed","template":"","meta":{"footnotes":""},"class_list":["post-424","page","type-page","status-publish","hentry"],"yoast_head":"<!-- This site is optimized with the Yoast SEO plugin v27.4 - https:\/\/yoast.com\/product\/yoast-seo-wordpress\/ -->\n<title>Ans\u00f6k till IFYE-utbytet - IFYE Sweden<\/title>\n<meta name=\"robots\" content=\"index, follow, max-snippet:-1, max-image-preview:large, max-video-preview:-1\" \/>\n<link rel=\"canonical\" href=\"https:\/\/www.4h.se\/ifyeklubben\/att-aka-som-ifye\/ansok-till-ifye-utbytet\/\" \/>\n<meta property=\"og:locale\" content=\"sv_SE\" \/>\n<meta property=\"og:type\" content=\"article\" \/>\n<meta property=\"og:title\" content=\"Ans\u00f6k till IFYE-utbytet - IFYE Sweden\" \/>\n<meta property=\"og:description\" content=\"[vc_row][vc_column width=&#8221;1\/2&#8243;][vc_column_text css=&#8221;&#8221;] Ans\u00f6kan till 2026 \u00e5rs utbyte \u00d6PPNAR H\u00d6STEN 2025 [\/vc_column_text][vc_single_image image=&#8221;503&#8243; img_size=&#8221;medium&#8221;][vc_column_text css=&#8221;&#8221;]2026 kan du \u00e5ka till&nbsp; Schweiz fr\u00e5n 12 juni och i tre m\u00e5nader \u00d6sterike fr\u00e5n 1 juli och i fem veckor Estland 20 juni till 20 augusti Anm\u00e4l dig till v\u00e5ra digitala informationstr\u00e4ffar 20\/10 kl 10, 23\/10 kl 19 eller 28\/10&nbsp; &hellip; Read more\" \/>\n<meta property=\"og:url\" content=\"https:\/\/www.4h.se\/ifyeklubben\/att-aka-som-ifye\/ansok-till-ifye-utbytet\/\" \/>\n<meta property=\"og:site_name\" content=\"IFYE Sweden\" \/>\n<meta property=\"article:modified_time\" content=\"2025-10-07T07:48:27+00:00\" \/>\n<meta name=\"twitter:card\" content=\"summary_large_image\" \/>\n<meta name=\"twitter:label1\" content=\"Ber\u00e4knad l\u00e4stid\" \/>\n\t<meta name=\"twitter:data1\" content=\"1 minut\" \/>\n<script type=\"application\/ld+json\" class=\"yoast-schema-graph\">{\"@context\":\"https:\\\/\\\/schema.org\",\"@graph\":[{\"@type\":\"WebPage\",\"@id\":\"https:\\\/\\\/www.4h.se\\\/ifyeklubben\\\/att-aka-som-ifye\\\/ansok-till-ifye-utbytet\\\/\",\"url\":\"https:\\\/\\\/www.4h.se\\\/ifyeklubben\\\/att-aka-som-ifye\\\/ansok-till-ifye-utbytet\\\/\",\"name\":\"Ans\u00f6k till IFYE-utbytet - IFYE Sweden\",\"isPartOf\":{\"@id\":\"https:\\\/\\\/www.4h.se\\\/ifyeklubben\\\/#website\"},\"datePublished\":\"2019-11-26T16:03:28+00:00\",\"dateModified\":\"2025-10-07T07:48:27+00:00\",\"breadcrumb\":{\"@id\":\"https:\\\/\\\/www.4h.se\\\/ifyeklubben\\\/att-aka-som-ifye\\\/ansok-till-ifye-utbytet\\\/#breadcrumb\"},\"inLanguage\":\"sv-SE\",\"potentialAction\":[{\"@type\":\"ReadAction\",\"target\":[\"https:\\\/\\\/www.4h.se\\\/ifyeklubben\\\/att-aka-som-ifye\\\/ansok-till-ifye-utbytet\\\/\"]}]},{\"@type\":\"BreadcrumbList\",\"@id\":\"https:\\\/\\\/www.4h.se\\\/ifyeklubben\\\/att-aka-som-ifye\\\/ansok-till-ifye-utbytet\\\/#breadcrumb\",\"itemListElement\":[{\"@type\":\"ListItem\",\"position\":1,\"name\":\"Hem\",\"item\":\"https:\\\/\\\/www.4h.se\\\/ifyeklubben\\\/\"},{\"@type\":\"ListItem\",\"position\":2,\"name\":\"Att \u00e5ka som IFYE\",\"item\":\"https:\\\/\\\/www.4h.se\\\/ifyeklubben\\\/att-aka-som-ifye\\\/\"},{\"@type\":\"ListItem\",\"position\":3,\"name\":\"Ans\u00f6k till IFYE-utbytet\"}]},{\"@type\":\"WebSite\",\"@id\":\"https:\\\/\\\/www.4h.se\\\/ifyeklubben\\\/#website\",\"url\":\"https:\\\/\\\/www.4h.se\\\/ifyeklubben\\\/\",\"name\":\"IFYE Sweden\",\"description\":\"&quot;For a better world understanding.&quot;\",\"potentialAction\":[{\"@type\":\"SearchAction\",\"target\":{\"@type\":\"EntryPoint\",\"urlTemplate\":\"https:\\\/\\\/www.4h.se\\\/ifyeklubben\\\/?s={search_term_string}\"},\"query-input\":{\"@type\":\"PropertyValueSpecification\",\"valueRequired\":true,\"valueName\":\"search_term_string\"}}],\"inLanguage\":\"sv-SE\"}]}<\/script>\n<!-- \/ Yoast SEO plugin. -->","yoast_head_json":{"title":"Ans\u00f6k till IFYE-utbytet - IFYE Sweden","robots":{"index":"index","follow":"follow","max-snippet":"max-snippet:-1","max-image-preview":"max-image-preview:large","max-video-preview":"max-video-preview:-1"},"canonical":"https:\/\/www.4h.se\/ifyeklubben\/att-aka-som-ifye\/ansok-till-ifye-utbytet\/","og_locale":"sv_SE","og_type":"article","og_title":"Ans\u00f6k till IFYE-utbytet - IFYE Sweden","og_description":"[vc_row][vc_column width=&#8221;1\/2&#8243;][vc_column_text css=&#8221;&#8221;] Ans\u00f6kan till 2026 \u00e5rs utbyte \u00d6PPNAR H\u00d6STEN 2025 [\/vc_column_text][vc_single_image image=&#8221;503&#8243; img_size=&#8221;medium&#8221;][vc_column_text css=&#8221;&#8221;]2026 kan du \u00e5ka till&nbsp; Schweiz fr\u00e5n 12 juni och i tre m\u00e5nader \u00d6sterike fr\u00e5n 1 juli och i fem veckor Estland 20 juni till 20 augusti Anm\u00e4l dig till v\u00e5ra digitala informationstr\u00e4ffar 20\/10 kl 10, 23\/10 kl 19 eller 28\/10&nbsp; &hellip; Read more","og_url":"https:\/\/www.4h.se\/ifyeklubben\/att-aka-som-ifye\/ansok-till-ifye-utbytet\/","og_site_name":"IFYE Sweden","article_modified_time":"2025-10-07T07:48:27+00:00","twitter_card":"summary_large_image","twitter_misc":{"Ber\u00e4knad l\u00e4stid":"1 minut"},"schema":{"@context":"https:\/\/schema.org","@graph":[{"@type":"WebPage","@id":"https:\/\/www.4h.se\/ifyeklubben\/att-aka-som-ifye\/ansok-till-ifye-utbytet\/","url":"https:\/\/www.4h.se\/ifyeklubben\/att-aka-som-ifye\/ansok-till-ifye-utbytet\/","name":"Ans\u00f6k till IFYE-utbytet - IFYE Sweden","isPartOf":{"@id":"https:\/\/www.4h.se\/ifyeklubben\/#website"},"datePublished":"2019-11-26T16:03:28+00:00","dateModified":"2025-10-07T07:48:27+00:00","breadcrumb":{"@id":"https:\/\/www.4h.se\/ifyeklubben\/att-aka-som-ifye\/ansok-till-ifye-utbytet\/#breadcrumb"},"inLanguage":"sv-SE","potentialAction":[{"@type":"ReadAction","target":["https:\/\/www.4h.se\/ifyeklubben\/att-aka-som-ifye\/ansok-till-ifye-utbytet\/"]}]},{"@type":"BreadcrumbList","@id":"https:\/\/www.4h.se\/ifyeklubben\/att-aka-som-ifye\/ansok-till-ifye-utbytet\/#breadcrumb","itemListElement":[{"@type":"ListItem","position":1,"name":"Hem","item":"https:\/\/www.4h.se\/ifyeklubben\/"},{"@type":"ListItem","position":2,"name":"Att \u00e5ka som IFYE","item":"https:\/\/www.4h.se\/ifyeklubben\/att-aka-som-ifye\/"},{"@type":"ListItem","position":3,"name":"Ans\u00f6k till IFYE-utbytet"}]},{"@type":"WebSite","@id":"https:\/\/www.4h.se\/ifyeklubben\/#website","url":"https:\/\/www.4h.se\/ifyeklubben\/","name":"IFYE Sweden","description":"&quot;For a better world understanding.&quot;","potentialAction":[{"@type":"SearchAction","target":{"@type":"EntryPoint","urlTemplate":"https:\/\/www.4h.se\/ifyeklubben\/?s={search_term_string}"},"query-input":{"@type":"PropertyValueSpecification","valueRequired":true,"valueName":"search_term_string"}}],"inLanguage":"sv-SE"}]}},"_links":{"self":[{"href":"https:\/\/www.4h.se\/ifyeklubben\/wp-json\/wp\/v2\/pages\/424","targetHints":{"allow":["GET"]}}],"collection":[{"href":"https:\/\/www.4h.se\/ifyeklubben\/wp-json\/wp\/v2\/pages"}],"about":[{"href":"https:\/\/www.4h.se\/ifyeklubben\/wp-json\/wp\/v2\/types\/page"}],"author":[{"embeddable":true,"href":"https:\/\/www.4h.se\/ifyeklubben\/wp-json\/wp\/v2\/users\/16"}],"replies":[{"embeddable":true,"href":"https:\/\/www.4h.se\/ifyeklubben\/wp-json\/wp\/v2\/comments?post=424"}],"version-history":[{"count":0,"href":"https:\/\/www.4h.se\/ifyeklubben\/wp-json\/wp\/v2\/pages\/424\/revisions"}],"up":[{"embeddable":true,"href":"https:\/\/www.4h.se\/ifyeklubben\/wp-json\/wp\/v2\/pages\/405"}],"wp:attachment":[{"href":"https:\/\/www.4h.se\/ifyeklubben\/wp-json\/wp\/v2\/media?parent=424"}],"curies":[{"name":"wp","href":"https:\/\/api.w.org\/{rel}","templated":true}]}}