



{"id":358,"date":"2015-12-16T23:15:21","date_gmt":"2015-12-16T22:15:21","guid":{"rendered":"http:\/\/www.4h.se\/ifyeklubben\/?page_id=358"},"modified":"2023-01-31T20:38:11","modified_gmt":"2023-01-31T19:38:11","slug":"styrelsemedlemmar","status":"publish","type":"page","link":"https:\/\/www.4h.se\/ifyeklubben\/svenska-ifye-klubben\/styrelsemedlemmar\/","title":{"rendered":"Styrelsemedlemmar"},"content":{"rendered":"<div class=\"wpb-content-wrapper\"><p>[vc_row][vc_column width=&#8221;1\/2&#8243;][vc_column_text]<\/p>\n<h4><strong>Svenska IFYE-klubben<\/strong><\/h4>\n<p>Svenska IFYE-klubben \u00e4r en ideell f\u00f6rening f\u00f6r alla som varit p\u00e5 IFYE utbyte. Klubben drivs av en styrelse som v\u00e4ljs p\u00e5 \u00e5rsm\u00f6tet och d\u00e5 v\u00e4ljs nya, bland annat \u00e5rets utresande IFYE:s, in som medlemmar i klubben. Klubben arrangerar, tillsammans med Sveriges 4H, det internationella IFYE-utbytet till och fr\u00e5n Sverige.<\/p>\n<p>IFYE-klubben \u00e4r en intresseorganisation som verkar f\u00f6r IFYE-utbytets fortlevnad, b\u00e5de i form av att informera om utbytet p\u00e5 regional niv\u00e5, att utse nya utresande IFYE:s och att planera f\u00f6r och rekrytera v\u00e4rdfamiljer till inresande IFYE:s.<\/p>\n<p>Klubben \u00e4r ett s\u00e4tt f\u00f6r tidigare IFYE:s att h\u00e5lla kontakten med varandra. Styrelsen skickar ett Nyhetsbrev 3 \u2013 4 g\u00e5nger per \u00e5r, till alla medlemmar, f\u00f6r att h\u00e5lla dem uppdaterade p\u00e5 vad som \u00e4r p\u00e5 g\u00e5ng.<\/p>\n<p>Det \u00e4r en mycket levande organisation som arrangerar olika aktiviteter i Sverige och internationellt, med alltifr\u00e5n dagstr\u00e4ffar p\u00e5 lokal niv\u00e5, h\u00f6ststr\u00e4ff i samband med \u00e5rsm\u00f6tet, till veckol\u00e5nga konferenser i Europa \u00e5rligen och vart femte \u00e5r anordnas det en v\u00e4rldskonferens.<\/p>\n<p>Alla tidigare IFYE:s kan engagera sig i IFYE-klubben vid n\u00e5got tillf\u00e4lle. Det spelar ingen roll om man varit inaktiv i ett flertal \u00e5r, engagemanget g\u00e5r alltid att ta upp igen n\u00e4r det passar. Engagemanget sker utifr\u00e5n ens egna f\u00f6ruts\u00e4ttningar. Det kan var under sommaren som v\u00e4rdfamilj till nya IFYEs eller som funktion\u00e4r n\u00e4r klubben anordnar en europeisk eller en v\u00e4rldskonferens i Sverige. Det finns n\u00e5got f\u00f6r alla i Svenska IFYE-klubben, vid n\u00e5got eller flera tillf\u00e4llen. Vill Du engagera dig s\u00e5 \u00e4r det bara att\u00a0<a href=\"https:\/\/www.4h.se\/ifyeklubben\/kontakta-oss-2\/\">Kontakta oss<\/a><span style=\"text-decoration: underline;\">!<\/span><\/p>\n<p>&nbsp;<\/p>\n<p>Har du flyttat eller bytt mailadress s\u00e5 \u00e4r vi tacksamma om du meddelar det snarast till klubben, eftersom vi f\u00f6rs\u00f6ker h\u00e5lla registret med alla som varit IFYE aktuellt.[\/vc_column_text][\/vc_column][vc_column width=&#8221;1\/2&#8243;][vc_single_image image=&#8221;454&#8243; img_size=&#8221;600 x 400&#8243; add_caption=&#8221;yes&#8221; css=&#8221;.vc_custom_1576518489065{margin-bottom: 0px !important;border-bottom-width: 5px !important;}&#8221;][vc_column_text css=&#8221;.vc_custom_1576518515117{margin-top: 0px !important;border-top-width: 0px !important;}&#8221;]<\/p>\n<h6><em>Delegater fr\u00e5n Nordirland, Bhutan och\u00a0Kambodja p\u00e5 den 10e IFYE v\u00e4rldskonferensen i Thailand<\/em><\/h6>\n<p>[\/vc_column_text][\/vc_column][\/vc_row]<\/p>\n<\/div>","protected":false},"excerpt":{"rendered":"<p>[vc_row][vc_column width=&#8221;1\/2&#8243;][vc_column_text] Svenska IFYE-klubben Svenska IFYE-klubben \u00e4r en ideell f\u00f6rening f\u00f6r alla som varit p\u00e5 IFYE utbyte. Klubben drivs av en styrelse som v\u00e4ljs p\u00e5 \u00e5rsm\u00f6tet och d\u00e5 v\u00e4ljs nya, bland annat \u00e5rets utresande IFYE:s, in som medlemmar i klubben. Klubben arrangerar, tillsammans med Sveriges 4H, det internationella IFYE-utbytet till och fr\u00e5n Sverige. IFYE-klubben \u00e4r&nbsp; <a href=\"https:\/\/www.4h.se\/ifyeklubben\/svenska-ifye-klubben\/styrelsemedlemmar\/\">&hellip; Read more <i class=\"glyphicon glyphicon-arrow-right\"><\/i><\/a><\/p>\n","protected":false},"author":36,"featured_media":0,"parent":416,"menu_order":3,"comment_status":"closed","ping_status":"closed","template":"","meta":{"footnotes":""},"class_list":["post-358","page","type-page","status-publish","hentry"],"yoast_head":"<!-- This site is optimized with the Yoast SEO plugin v27.4 - https:\/\/yoast.com\/product\/yoast-seo-wordpress\/ -->\n<title>Styrelsemedlemmar - IFYE Sweden<\/title>\n<meta name=\"robots\" content=\"index, follow, max-snippet:-1, max-image-preview:large, max-video-preview:-1\" \/>\n<link rel=\"canonical\" href=\"https:\/\/www.4h.se\/ifyeklubben\/svenska-ifye-klubben\/styrelsemedlemmar\/\" \/>\n<meta property=\"og:locale\" content=\"sv_SE\" \/>\n<meta property=\"og:type\" content=\"article\" \/>\n<meta property=\"og:title\" content=\"Styrelsemedlemmar - IFYE Sweden\" \/>\n<meta property=\"og:description\" content=\"[vc_row][vc_column width=&#8221;1\/2&#8243;][vc_column_text] Svenska IFYE-klubben Svenska IFYE-klubben \u00e4r en ideell f\u00f6rening f\u00f6r alla som varit p\u00e5 IFYE utbyte. Klubben drivs av en styrelse som v\u00e4ljs p\u00e5 \u00e5rsm\u00f6tet och d\u00e5 v\u00e4ljs nya, bland annat \u00e5rets utresande IFYE:s, in som medlemmar i klubben. Klubben arrangerar, tillsammans med Sveriges 4H, det internationella IFYE-utbytet till och fr\u00e5n Sverige. IFYE-klubben \u00e4r&nbsp; &hellip; Read more\" \/>\n<meta property=\"og:url\" content=\"https:\/\/www.4h.se\/ifyeklubben\/svenska-ifye-klubben\/styrelsemedlemmar\/\" \/>\n<meta property=\"og:site_name\" content=\"IFYE Sweden\" \/>\n<meta property=\"article:modified_time\" content=\"2023-01-31T19:38:11+00:00\" \/>\n<meta name=\"twitter:card\" content=\"summary_large_image\" \/>\n<meta name=\"twitter:label1\" content=\"Ber\u00e4knad l\u00e4stid\" \/>\n\t<meta name=\"twitter:data1\" content=\"2 minuter\" \/>\n<script type=\"application\/ld+json\" class=\"yoast-schema-graph\">{\"@context\":\"https:\\\/\\\/schema.org\",\"@graph\":[{\"@type\":\"WebPage\",\"@id\":\"https:\\\/\\\/www.4h.se\\\/ifyeklubben\\\/svenska-ifye-klubben\\\/styrelsemedlemmar\\\/\",\"url\":\"https:\\\/\\\/www.4h.se\\\/ifyeklubben\\\/svenska-ifye-klubben\\\/styrelsemedlemmar\\\/\",\"name\":\"Styrelsemedlemmar - IFYE Sweden\",\"isPartOf\":{\"@id\":\"https:\\\/\\\/www.4h.se\\\/ifyeklubben\\\/#website\"},\"datePublished\":\"2015-12-16T22:15:21+00:00\",\"dateModified\":\"2023-01-31T19:38:11+00:00\",\"breadcrumb\":{\"@id\":\"https:\\\/\\\/www.4h.se\\\/ifyeklubben\\\/svenska-ifye-klubben\\\/styrelsemedlemmar\\\/#breadcrumb\"},\"inLanguage\":\"sv-SE\",\"potentialAction\":[{\"@type\":\"ReadAction\",\"target\":[\"https:\\\/\\\/www.4h.se\\\/ifyeklubben\\\/svenska-ifye-klubben\\\/styrelsemedlemmar\\\/\"]}]},{\"@type\":\"BreadcrumbList\",\"@id\":\"https:\\\/\\\/www.4h.se\\\/ifyeklubben\\\/svenska-ifye-klubben\\\/styrelsemedlemmar\\\/#breadcrumb\",\"itemListElement\":[{\"@type\":\"ListItem\",\"position\":1,\"name\":\"Hem\",\"item\":\"https:\\\/\\\/www.4h.se\\\/ifyeklubben\\\/\"},{\"@type\":\"ListItem\",\"position\":2,\"name\":\"Svenska IFYE-klubben\",\"item\":\"https:\\\/\\\/www.4h.se\\\/ifyeklubben\\\/svenska-ifye-klubben\\\/\"},{\"@type\":\"ListItem\",\"position\":3,\"name\":\"Styrelsemedlemmar\"}]},{\"@type\":\"WebSite\",\"@id\":\"https:\\\/\\\/www.4h.se\\\/ifyeklubben\\\/#website\",\"url\":\"https:\\\/\\\/www.4h.se\\\/ifyeklubben\\\/\",\"name\":\"IFYE Sweden\",\"description\":\"&quot;For a better world understanding.&quot;\",\"potentialAction\":[{\"@type\":\"SearchAction\",\"target\":{\"@type\":\"EntryPoint\",\"urlTemplate\":\"https:\\\/\\\/www.4h.se\\\/ifyeklubben\\\/?s={search_term_string}\"},\"query-input\":{\"@type\":\"PropertyValueSpecification\",\"valueRequired\":true,\"valueName\":\"search_term_string\"}}],\"inLanguage\":\"sv-SE\"}]}<\/script>\n<!-- \/ Yoast SEO plugin. -->","yoast_head_json":{"title":"Styrelsemedlemmar - IFYE Sweden","robots":{"index":"index","follow":"follow","max-snippet":"max-snippet:-1","max-image-preview":"max-image-preview:large","max-video-preview":"max-video-preview:-1"},"canonical":"https:\/\/www.4h.se\/ifyeklubben\/svenska-ifye-klubben\/styrelsemedlemmar\/","og_locale":"sv_SE","og_type":"article","og_title":"Styrelsemedlemmar - IFYE Sweden","og_description":"[vc_row][vc_column width=&#8221;1\/2&#8243;][vc_column_text] Svenska IFYE-klubben Svenska IFYE-klubben \u00e4r en ideell f\u00f6rening f\u00f6r alla som varit p\u00e5 IFYE utbyte. Klubben drivs av en styrelse som v\u00e4ljs p\u00e5 \u00e5rsm\u00f6tet och d\u00e5 v\u00e4ljs nya, bland annat \u00e5rets utresande IFYE:s, in som medlemmar i klubben. Klubben arrangerar, tillsammans med Sveriges 4H, det internationella IFYE-utbytet till och fr\u00e5n Sverige. IFYE-klubben \u00e4r&nbsp; &hellip; Read more","og_url":"https:\/\/www.4h.se\/ifyeklubben\/svenska-ifye-klubben\/styrelsemedlemmar\/","og_site_name":"IFYE Sweden","article_modified_time":"2023-01-31T19:38:11+00:00","twitter_card":"summary_large_image","twitter_misc":{"Ber\u00e4knad l\u00e4stid":"2 minuter"},"schema":{"@context":"https:\/\/schema.org","@graph":[{"@type":"WebPage","@id":"https:\/\/www.4h.se\/ifyeklubben\/svenska-ifye-klubben\/styrelsemedlemmar\/","url":"https:\/\/www.4h.se\/ifyeklubben\/svenska-ifye-klubben\/styrelsemedlemmar\/","name":"Styrelsemedlemmar - IFYE Sweden","isPartOf":{"@id":"https:\/\/www.4h.se\/ifyeklubben\/#website"},"datePublished":"2015-12-16T22:15:21+00:00","dateModified":"2023-01-31T19:38:11+00:00","breadcrumb":{"@id":"https:\/\/www.4h.se\/ifyeklubben\/svenska-ifye-klubben\/styrelsemedlemmar\/#breadcrumb"},"inLanguage":"sv-SE","potentialAction":[{"@type":"ReadAction","target":["https:\/\/www.4h.se\/ifyeklubben\/svenska-ifye-klubben\/styrelsemedlemmar\/"]}]},{"@type":"BreadcrumbList","@id":"https:\/\/www.4h.se\/ifyeklubben\/svenska-ifye-klubben\/styrelsemedlemmar\/#breadcrumb","itemListElement":[{"@type":"ListItem","position":1,"name":"Hem","item":"https:\/\/www.4h.se\/ifyeklubben\/"},{"@type":"ListItem","position":2,"name":"Svenska IFYE-klubben","item":"https:\/\/www.4h.se\/ifyeklubben\/svenska-ifye-klubben\/"},{"@type":"ListItem","position":3,"name":"Styrelsemedlemmar"}]},{"@type":"WebSite","@id":"https:\/\/www.4h.se\/ifyeklubben\/#website","url":"https:\/\/www.4h.se\/ifyeklubben\/","name":"IFYE Sweden","description":"&quot;For a better world understanding.&quot;","potentialAction":[{"@type":"SearchAction","target":{"@type":"EntryPoint","urlTemplate":"https:\/\/www.4h.se\/ifyeklubben\/?s={search_term_string}"},"query-input":{"@type":"PropertyValueSpecification","valueRequired":true,"valueName":"search_term_string"}}],"inLanguage":"sv-SE"}]}},"_links":{"self":[{"href":"https:\/\/www.4h.se\/ifyeklubben\/wp-json\/wp\/v2\/pages\/358","targetHints":{"allow":["GET"]}}],"collection":[{"href":"https:\/\/www.4h.se\/ifyeklubben\/wp-json\/wp\/v2\/pages"}],"about":[{"href":"https:\/\/www.4h.se\/ifyeklubben\/wp-json\/wp\/v2\/types\/page"}],"author":[{"embeddable":true,"href":"https:\/\/www.4h.se\/ifyeklubben\/wp-json\/wp\/v2\/users\/36"}],"replies":[{"embeddable":true,"href":"https:\/\/www.4h.se\/ifyeklubben\/wp-json\/wp\/v2\/comments?post=358"}],"version-history":[{"count":0,"href":"https:\/\/www.4h.se\/ifyeklubben\/wp-json\/wp\/v2\/pages\/358\/revisions"}],"up":[{"embeddable":true,"href":"https:\/\/www.4h.se\/ifyeklubben\/wp-json\/wp\/v2\/pages\/416"}],"wp:attachment":[{"href":"https:\/\/www.4h.se\/ifyeklubben\/wp-json\/wp\/v2\/media?parent=358"}],"curies":[{"name":"wp","href":"https:\/\/api.w.org\/{rel}","templated":true}]}}