



{"id":39,"date":"2014-12-09T20:10:35","date_gmt":"2014-12-09T19:10:35","guid":{"rendered":"http:\/\/www.4h.se\/rix16\/?page_id=39"},"modified":"2024-07-09T21:59:37","modified_gmt":"2024-07-09T19:59:37","slug":"hem","status":"publish","type":"page","link":"https:\/\/www.4h.se\/holsljunga\/","title":{"rendered":"Startsida"},"content":{"rendered":"<div class=\"wpb-content-wrapper\"><p>[vc_row][vc_column][vc_column_text]<\/p>\n<h2><span class=\"_5yl5\" data-reactid=\".2p.$mid=11437208242698=23ae2094cfdcf5b1719.2:0.0.0.0.0\"><span data-reactid=\".2p.$mid=11437208242698=23ae2094cfdcf5b1719.2:0.0.0.0.0.0\">V\u00e4lkommen till Holsljunga 4H-klubb i V\u00e4stra G\u00f6taland!<\/span><\/span><\/h2>\n<p>[\/vc_column_text][\/vc_column][\/vc_row][vc_row][vc_column width=&#8221;1\/2&#8243;][vc_column_text]Vi \u00e4r en klubb d\u00e4r vi medlemmar skapar v\u00e5ra egna aktiviteter och inbjuder v\u00e5ra kompisar att ocks\u00e5 vara med.[\/vc_column_text][\/vc_column][vc_column width=&#8221;1\/2&#8243;][vc_column_text]H\u00e4r p\u00e5 sidan kan du hitta lite information om Holsljunga 4H bl.a. kontaktuppgifter och i menyn kan du hitta till sidan <a title=\"Bli medlem\" href=\"https:\/\/www.4h.se\/holsljunga\/bli-medlem\/\">Bli medlem<\/a> f\u00f6r att komma med i v\u00e5ran klubb.[\/vc_column_text][\/vc_column][\/vc_row][vc_row][vc_column][vc_column_text]&nbsp;<\/p>\n<p><img loading=\"lazy\" decoding=\"async\" class=\"alignnone size-full wp-image-439\" src=\"https:\/\/www.4h.se\/holsljunga\/wp-content\/uploads\/sites\/91\/2024\/01\/Planch-tomtepromenad.pdf-1-1.png\" alt=\"\" width=\"1414\" height=\"2000\" srcset=\"https:\/\/www.4h.se\/holsljunga\/wp-content\/uploads\/sites\/91\/2024\/01\/Planch-tomtepromenad.pdf-1-1.png 1414w, https:\/\/www.4h.se\/holsljunga\/wp-content\/uploads\/sites\/91\/2024\/01\/Planch-tomtepromenad.pdf-1-1-212x300.png 212w, https:\/\/www.4h.se\/holsljunga\/wp-content\/uploads\/sites\/91\/2024\/01\/Planch-tomtepromenad.pdf-1-1-724x1024.png 724w, https:\/\/www.4h.se\/holsljunga\/wp-content\/uploads\/sites\/91\/2024\/01\/Planch-tomtepromenad.pdf-1-1-106x150.png 106w, https:\/\/www.4h.se\/holsljunga\/wp-content\/uploads\/sites\/91\/2024\/01\/Planch-tomtepromenad.pdf-1-1-768x1086.png 768w, https:\/\/www.4h.se\/holsljunga\/wp-content\/uploads\/sites\/91\/2024\/01\/Planch-tomtepromenad.pdf-1-1-1086x1536.png 1086w\" sizes=\"auto, (max-width: 1414px) 100vw, 1414px\" \/><\/p>\n<h1><\/h1>\n<h1>Mer info och anm\u00e4lan till 5 maj<\/h1>\n<h1><a href=\"https:\/\/www.antribe.com\/org\/4h\/holsljunga-4h\/event\/cykla-dressin\">https:\/\/www.antribe.com\/org\/4h\/holsljunga-4h\/event\/cykla-dressin<\/a><\/h1>\n<p>[\/vc_column_text][\/vc_column][\/vc_row][vc_row][vc_column][vc_column_text css=&#8221;&#8221;]<div id=\"calendar-4h\" class=\"widget widget_4h_calendar\"><script type=\"text\/javascript\">var ajaxurl = \"https:\/\/www.4h.se\/holsljunga\/wp-admin\/admin-ajax.php\";<\/script><div id=\"calendar_div\"><!-- mainCalender() saknas --><\/div><\/div>[\/vc_column_text][\/vc_column][\/vc_row]<\/p>\n<\/div>","protected":false},"excerpt":{"rendered":"<p>[vc_row][vc_column][vc_column_text] V\u00e4lkommen till Holsljunga 4H-klubb i V\u00e4stra G\u00f6taland! [\/vc_column_text][\/vc_column][\/vc_row][vc_row][vc_column width=&#8221;1\/2&#8243;][vc_column_text]Vi \u00e4r en klubb d\u00e4r vi medlemmar skapar v\u00e5ra egna aktiviteter och inbjuder v\u00e5ra kompisar att ocks\u00e5 vara med.[\/vc_column_text][\/vc_column][vc_column width=&#8221;1\/2&#8243;][vc_column_text]H\u00e4r p\u00e5 sidan kan du hitta lite information om Holsljunga 4H bl.a. kontaktuppgifter och i menyn kan du hitta till sidan Bli medlem f\u00f6r att komma med&nbsp; <a href=\"https:\/\/www.4h.se\/holsljunga\/\">&hellip; Read more <i class=\"glyphicon glyphicon-arrow-right\"><\/i><\/a><\/p>\n","protected":false},"author":1,"featured_media":403,"parent":0,"menu_order":10,"comment_status":"closed","ping_status":"closed","template":"","meta":{"_acf_changed":false,"footnotes":""},"class_list":["post-39","page","type-page","status-publish","has-post-thumbnail","hentry"],"acf":[],"yoast_head":"<!-- This site is optimized with the Yoast SEO plugin v27.5 - https:\/\/yoast.com\/product\/yoast-seo-wordpress\/ -->\n<title>Startsida - Holsljunga 4H-klubb<\/title>\n<meta name=\"robots\" content=\"index, follow, max-snippet:-1, max-image-preview:large, max-video-preview:-1\" \/>\n<link rel=\"canonical\" href=\"https:\/\/www.4h.se\/holsljunga\/\" \/>\n<meta property=\"og:locale\" content=\"sv_SE\" \/>\n<meta property=\"og:type\" content=\"article\" \/>\n<meta property=\"og:title\" content=\"Startsida - Holsljunga 4H-klubb\" \/>\n<meta property=\"og:description\" content=\"[vc_row][vc_column][vc_column_text] V\u00e4lkommen till Holsljunga 4H-klubb i V\u00e4stra G\u00f6taland! [\/vc_column_text][\/vc_column][\/vc_row][vc_row][vc_column width=&#8221;1\/2&#8243;][vc_column_text]Vi \u00e4r en klubb d\u00e4r vi medlemmar skapar v\u00e5ra egna aktiviteter och inbjuder v\u00e5ra kompisar att ocks\u00e5 vara med.[\/vc_column_text][\/vc_column][vc_column width=&#8221;1\/2&#8243;][vc_column_text]H\u00e4r p\u00e5 sidan kan du hitta lite information om Holsljunga 4H bl.a. kontaktuppgifter och i menyn kan du hitta till sidan Bli medlem f\u00f6r att komma med&nbsp; &hellip; Read more\" \/>\n<meta property=\"og:url\" content=\"https:\/\/www.4h.se\/holsljunga\/\" \/>\n<meta property=\"og:site_name\" content=\"Holsljunga 4H-klubb\" \/>\n<meta property=\"article:modified_time\" content=\"2024-07-09T19:59:37+00:00\" \/>\n<meta property=\"og:image\" content=\"https:\/\/www.4h.se\/holsljunga\/wp-content\/uploads\/sites\/91\/2018\/02\/28124855_10155855884455225_576741678_o.jpg\" \/>\n\t<meta property=\"og:image:width\" content=\"3567\" \/>\n\t<meta property=\"og:image:height\" content=\"1678\" \/>\n\t<meta property=\"og:image:type\" content=\"image\/jpeg\" \/>\n<meta name=\"twitter:card\" content=\"summary_large_image\" \/>\n<script type=\"application\/ld+json\" class=\"yoast-schema-graph\">{\"@context\":\"https:\\\/\\\/schema.org\",\"@graph\":[{\"@type\":\"WebPage\",\"@id\":\"https:\\\/\\\/www.4h.se\\\/holsljunga\\\/\",\"url\":\"https:\\\/\\\/www.4h.se\\\/holsljunga\\\/\",\"name\":\"Startsida - Holsljunga 4H-klubb\",\"isPartOf\":{\"@id\":\"https:\\\/\\\/www.4h.se\\\/holsljunga\\\/#website\"},\"primaryImageOfPage\":{\"@id\":\"https:\\\/\\\/www.4h.se\\\/holsljunga\\\/#primaryimage\"},\"image\":{\"@id\":\"https:\\\/\\\/www.4h.se\\\/holsljunga\\\/#primaryimage\"},\"thumbnailUrl\":\"https:\\\/\\\/www.4h.se\\\/holsljunga\\\/wp-content\\\/uploads\\\/sites\\\/91\\\/2018\\\/02\\\/28124855_10155855884455225_576741678_o.jpg\",\"datePublished\":\"2014-12-09T19:10:35+00:00\",\"dateModified\":\"2024-07-09T19:59:37+00:00\",\"breadcrumb\":{\"@id\":\"https:\\\/\\\/www.4h.se\\\/holsljunga\\\/#breadcrumb\"},\"inLanguage\":\"sv-SE\",\"potentialAction\":[{\"@type\":\"ReadAction\",\"target\":[\"https:\\\/\\\/www.4h.se\\\/holsljunga\\\/\"]}]},{\"@type\":\"ImageObject\",\"inLanguage\":\"sv-SE\",\"@id\":\"https:\\\/\\\/www.4h.se\\\/holsljunga\\\/#primaryimage\",\"url\":\"https:\\\/\\\/www.4h.se\\\/holsljunga\\\/wp-content\\\/uploads\\\/sites\\\/91\\\/2018\\\/02\\\/28124855_10155855884455225_576741678_o.jpg\",\"contentUrl\":\"https:\\\/\\\/www.4h.se\\\/holsljunga\\\/wp-content\\\/uploads\\\/sites\\\/91\\\/2018\\\/02\\\/28124855_10155855884455225_576741678_o.jpg\",\"width\":3567,\"height\":1678},{\"@type\":\"BreadcrumbList\",\"@id\":\"https:\\\/\\\/www.4h.se\\\/holsljunga\\\/#breadcrumb\",\"itemListElement\":[{\"@type\":\"ListItem\",\"position\":1,\"name\":\"Hem\",\"item\":\"https:\\\/\\\/www.4h.se\\\/holsljunga\\\/\"},{\"@type\":\"ListItem\",\"position\":2,\"name\":\"Startsida\"}]},{\"@type\":\"WebSite\",\"@id\":\"https:\\\/\\\/www.4h.se\\\/holsljunga\\\/#website\",\"url\":\"https:\\\/\\\/www.4h.se\\\/holsljunga\\\/\",\"name\":\"Holsljunga 4H-klubb\",\"description\":\"\",\"potentialAction\":[{\"@type\":\"SearchAction\",\"target\":{\"@type\":\"EntryPoint\",\"urlTemplate\":\"https:\\\/\\\/www.4h.se\\\/holsljunga\\\/?s={search_term_string}\"},\"query-input\":{\"@type\":\"PropertyValueSpecification\",\"valueRequired\":true,\"valueName\":\"search_term_string\"}}],\"inLanguage\":\"sv-SE\"}]}<\/script>\n<!-- \/ Yoast SEO plugin. -->","yoast_head_json":{"title":"Startsida - Holsljunga 4H-klubb","robots":{"index":"index","follow":"follow","max-snippet":"max-snippet:-1","max-image-preview":"max-image-preview:large","max-video-preview":"max-video-preview:-1"},"canonical":"https:\/\/www.4h.se\/holsljunga\/","og_locale":"sv_SE","og_type":"article","og_title":"Startsida - Holsljunga 4H-klubb","og_description":"[vc_row][vc_column][vc_column_text] V\u00e4lkommen till Holsljunga 4H-klubb i V\u00e4stra G\u00f6taland! [\/vc_column_text][\/vc_column][\/vc_row][vc_row][vc_column width=&#8221;1\/2&#8243;][vc_column_text]Vi \u00e4r en klubb d\u00e4r vi medlemmar skapar v\u00e5ra egna aktiviteter och inbjuder v\u00e5ra kompisar att ocks\u00e5 vara med.[\/vc_column_text][\/vc_column][vc_column width=&#8221;1\/2&#8243;][vc_column_text]H\u00e4r p\u00e5 sidan kan du hitta lite information om Holsljunga 4H bl.a. kontaktuppgifter och i menyn kan du hitta till sidan Bli medlem f\u00f6r att komma med&nbsp; &hellip; Read more","og_url":"https:\/\/www.4h.se\/holsljunga\/","og_site_name":"Holsljunga 4H-klubb","article_modified_time":"2024-07-09T19:59:37+00:00","og_image":[{"width":3567,"height":1678,"url":"https:\/\/www.4h.se\/holsljunga\/wp-content\/uploads\/sites\/91\/2018\/02\/28124855_10155855884455225_576741678_o.jpg","type":"image\/jpeg"}],"twitter_card":"summary_large_image","schema":{"@context":"https:\/\/schema.org","@graph":[{"@type":"WebPage","@id":"https:\/\/www.4h.se\/holsljunga\/","url":"https:\/\/www.4h.se\/holsljunga\/","name":"Startsida - Holsljunga 4H-klubb","isPartOf":{"@id":"https:\/\/www.4h.se\/holsljunga\/#website"},"primaryImageOfPage":{"@id":"https:\/\/www.4h.se\/holsljunga\/#primaryimage"},"image":{"@id":"https:\/\/www.4h.se\/holsljunga\/#primaryimage"},"thumbnailUrl":"https:\/\/www.4h.se\/holsljunga\/wp-content\/uploads\/sites\/91\/2018\/02\/28124855_10155855884455225_576741678_o.jpg","datePublished":"2014-12-09T19:10:35+00:00","dateModified":"2024-07-09T19:59:37+00:00","breadcrumb":{"@id":"https:\/\/www.4h.se\/holsljunga\/#breadcrumb"},"inLanguage":"sv-SE","potentialAction":[{"@type":"ReadAction","target":["https:\/\/www.4h.se\/holsljunga\/"]}]},{"@type":"ImageObject","inLanguage":"sv-SE","@id":"https:\/\/www.4h.se\/holsljunga\/#primaryimage","url":"https:\/\/www.4h.se\/holsljunga\/wp-content\/uploads\/sites\/91\/2018\/02\/28124855_10155855884455225_576741678_o.jpg","contentUrl":"https:\/\/www.4h.se\/holsljunga\/wp-content\/uploads\/sites\/91\/2018\/02\/28124855_10155855884455225_576741678_o.jpg","width":3567,"height":1678},{"@type":"BreadcrumbList","@id":"https:\/\/www.4h.se\/holsljunga\/#breadcrumb","itemListElement":[{"@type":"ListItem","position":1,"name":"Hem","item":"https:\/\/www.4h.se\/holsljunga\/"},{"@type":"ListItem","position":2,"name":"Startsida"}]},{"@type":"WebSite","@id":"https:\/\/www.4h.se\/holsljunga\/#website","url":"https:\/\/www.4h.se\/holsljunga\/","name":"Holsljunga 4H-klubb","description":"","potentialAction":[{"@type":"SearchAction","target":{"@type":"EntryPoint","urlTemplate":"https:\/\/www.4h.se\/holsljunga\/?s={search_term_string}"},"query-input":{"@type":"PropertyValueSpecification","valueRequired":true,"valueName":"search_term_string"}}],"inLanguage":"sv-SE"}]}},"_links":{"self":[{"href":"https:\/\/www.4h.se\/holsljunga\/wp-json\/wp\/v2\/pages\/39","targetHints":{"allow":["GET"]}}],"collection":[{"href":"https:\/\/www.4h.se\/holsljunga\/wp-json\/wp\/v2\/pages"}],"about":[{"href":"https:\/\/www.4h.se\/holsljunga\/wp-json\/wp\/v2\/types\/page"}],"author":[{"embeddable":true,"href":"https:\/\/www.4h.se\/holsljunga\/wp-json\/wp\/v2\/users\/1"}],"replies":[{"embeddable":true,"href":"https:\/\/www.4h.se\/holsljunga\/wp-json\/wp\/v2\/comments?post=39"}],"version-history":[{"count":0,"href":"https:\/\/www.4h.se\/holsljunga\/wp-json\/wp\/v2\/pages\/39\/revisions"}],"wp:featuredmedia":[{"embeddable":true,"href":"https:\/\/www.4h.se\/holsljunga\/wp-json\/wp\/v2\/media\/403"}],"wp:attachment":[{"href":"https:\/\/www.4h.se\/holsljunga\/wp-json\/wp\/v2\/media?parent=39"}],"curies":[{"name":"wp","href":"https:\/\/api.w.org\/{rel}","templated":true}]}}