



{"id":594,"date":"2017-12-22T11:03:56","date_gmt":"2017-12-22T10:03:56","guid":{"rendered":"http:\/\/www.4h.se\/halland\/?page_id=594"},"modified":"2025-10-23T13:35:34","modified_gmt":"2025-10-23T11:35:34","slug":"4h-foretag","status":"publish","type":"page","link":"https:\/\/www.4h.se\/halland\/4h-foretag\/","title":{"rendered":"4H-f\u00f6retag"},"content":{"rendered":"<div class=\"wpb-content-wrapper\"><p>[vc_row][vc_column width=&#8221;1\/2&#8243;][vc_column_text]<\/p>\n<h1>4H-f\u00f6retag<\/h1>\n<p>Via 4H har v\u00e5ra medlemmar m\u00f6jlighet att under en kortare period, vanligtvis under sommaren bedriva ett 4H-f\u00f6retag. Genom 4H-f\u00f6retagen f\u00e5r medlemmarna m\u00f6jlighet att starta ett litet f\u00f6retag d\u00e4r de s\u00e4ljer egen producerade varor eller tj\u00e4nster. M\u00e5nga av de f\u00f6retag som bedrivs har oftast n\u00e5gon form av anknytning till bakning, odling eller matlagning.<\/p>\n<p>Medlemmarna f\u00e5r via sina f\u00f6retag l\u00e4ra sig mer om ekonomi, bokf\u00f6ring och f\u00f6rs\u00e4ljning vilket man p\u00e5 m\u00e5nga s\u00e4tt har nytta av hela livet. Ut\u00f6ver detta f\u00e5r medlemmarna \u00e4ven m\u00f6jlighet att driva ett projekt fr\u00e5n id\u00e9 till verklighet, vilket i m\u00e5nga anseenden kan ses som den viktigaste l\u00e4rdomen.[\/vc_column_text][\/vc_column][vc_column width=&#8221;1\/2&#8243;][vc_video link=&#8221;https:\/\/www.youtube.com\/watch?v=Dm5sxISBSFU&amp;feature=youtu.be&#8221;][\/vc_column][\/vc_row][vc_row][vc_column][vc_separator][\/vc_column][\/vc_row][vc_row][vc_column width=&#8221;1\/2&#8243;][vc_column_text]<a href=\"https:\/\/www.4h.se\/halland\/wp-content\/uploads\/sites\/69\/2017\/12\/IMG_9398-2.jpg\"><img loading=\"lazy\" decoding=\"async\" class=\"aligncenter size-large wp-image-1979\" src=\"https:\/\/www.4h.se\/halland\/wp-content\/uploads\/sites\/69\/2017\/12\/IMG_9398-2-970x940.jpg\" alt=\"IMG_9398 (2)\" width=\"600\" height=\"581\" srcset=\"https:\/\/www.4h.se\/halland\/wp-content\/uploads\/sites\/69\/2017\/12\/IMG_9398-2-970x940.jpg 970w, https:\/\/www.4h.se\/halland\/wp-content\/uploads\/sites\/69\/2017\/12\/IMG_9398-2-155x150.jpg 155w, https:\/\/www.4h.se\/halland\/wp-content\/uploads\/sites\/69\/2017\/12\/IMG_9398-2-309x300.jpg 309w\" sizes=\"auto, (max-width: 600px) 100vw, 600px\" \/><\/a>[\/vc_column_text][\/vc_column][vc_column width=&#8221;1\/2&#8243;][vc_column_text]<\/p>\n<h2 style=\"text-align: left\">Hur startar man ett 4H-f\u00f6retag?<\/h2>\n<p style=\"text-align: left\">Att starta ett 4H-f\u00f6retag \u00e4r l\u00e4tt! F\u00f6rst beh\u00f6ver du en id\u00e9, sen beh\u00f6ver du en 4H-f\u00f6retagsbok (bokf\u00f6ringsbok). I 4H-f\u00f6retagsboken fyller du i information om ditt 4H-f\u00f6retag, vad du har gjort och hur det har g\u00e5tt. Best\u00e4ll en genom att kontakta 4H-f\u00f6retagsledaren i din klubb eller Expeditionen: halland@4h.se &#8211; helt gratis!<\/p>\n<p style=\"text-align: left\">Vill ni f\u00e5 fler 4H-f\u00f6retag i er klubb? B\u00f6rja med att utse en 4H-f\u00f6retagsledare som samordnar 4H-f\u00f6retagarna. Ha en tr\u00e4ff d\u00e4r ni pratar om, visar och ger exempel p\u00e5 4H-f\u00f6retag. Gl\u00f6m inte bort att registrera 4H-f\u00f6retagarna till expeditionen (<a id=\"LPlnk69429\" class=\"x_OWAAutoLink\" title=\"mailto:halland@4h.se\" href=\"mailto:halland@4h.se\" target=\"_blank\" rel=\"noopener noreferrer\">halland@4h.se<\/a>)! N\u00e4r 4H-f\u00f6retagen \u00e4r ig\u00e5ng kan det vara bra att g\u00f6ra hembes\u00f6k hos 4H-f\u00f6retagarna. D\u00e5 f\u00e5r 4H-f\u00f6retagarna m\u00f6jlighet att st\u00e4lla fr\u00e5gor och f\u00e5 v\u00e4gledning i sitt 4H-f\u00f6retag. Vanligtvis g\u00f6r man tv\u00e5 stycken, en under och en efter sommaren.<\/p>\n<p>[\/vc_column_text][\/vc_column][\/vc_row][vc_row][vc_column][vc_separator][\/vc_column][\/vc_row][vc_row][vc_column width=&#8221;1\/2&#8243;][vc_column_text]<\/p>\n<h3 style=\"text-align: center\">Pumpaodling<\/h3>\n<p><a href=\"https:\/\/www.4h.se\/halland\/wp-content\/uploads\/sites\/69\/2017\/12\/Namnl\u00f6st-2.jpg\"><img loading=\"lazy\" decoding=\"async\" class=\"aligncenter size-large wp-image-1844\" src=\"https:\/\/www.4h.se\/halland\/wp-content\/uploads\/sites\/69\/2017\/12\/Namnl\u00f6st-2-970x970.jpg\" alt=\"Namnl\u00f6st-2\" width=\"600\" height=\"600\" srcset=\"https:\/\/www.4h.se\/halland\/wp-content\/uploads\/sites\/69\/2017\/12\/Namnl\u00f6st-2-970x970.jpg 970w, https:\/\/www.4h.se\/halland\/wp-content\/uploads\/sites\/69\/2017\/12\/Namnl\u00f6st-2-150x150.jpg 150w, https:\/\/www.4h.se\/halland\/wp-content\/uploads\/sites\/69\/2017\/12\/Namnl\u00f6st-2-300x300.jpg 300w, https:\/\/www.4h.se\/halland\/wp-content\/uploads\/sites\/69\/2017\/12\/Namnl\u00f6st-2.jpg 1000w\" sizes=\"auto, (max-width: 600px) 100vw, 600px\" \/><\/a><\/p>\n<p>Br\u00f6derna John och Frans Alness fr\u00e5n Sibbarp 4H-klubb har ett gruppf\u00f6retag ihop d\u00e4r de odlar pumpor.<br \/>\nI \u00e5r har sniglarna varit i farten s\u00e5 de blev inte riktigt samma sk\u00f6rd som vanligt. F\u00f6r att ta igen f\u00f6rlusten p\u00e5 sk\u00f6rden gjorde \u00e4ven br\u00f6derna insektshus till v\u00e5ra sm\u00e5 v\u00e4nner.<\/p>\n<p>Vilken probleml\u00f6sningsf\u00f6rm\u00e5ga och kreativitet![\/vc_column_text][\/vc_column][vc_column width=&#8221;1\/2&#8243;][vc_column_text]<\/p>\n<h3 style=\"text-align: center\">Ella Skapar<\/h3>\n<p><a href=\"https:\/\/www.4h.se\/halland\/wp-content\/uploads\/sites\/69\/2017\/12\/Ella-bakar.jpg\"><img loading=\"lazy\" decoding=\"async\" class=\"aligncenter size-medium wp-image-1792\" src=\"https:\/\/www.4h.se\/halland\/wp-content\/uploads\/sites\/69\/2017\/12\/Ella-bakar-304x300.jpg\" alt=\"Ella bakar\" width=\"304\" height=\"300\" \/><\/a><\/p>\n<p>Ella skapar och drivs av Ella 13 \u00e5r fr\u00e5n Valinge 4H-klubb.<\/p>\n<p>Inom hennes f\u00f6retag g\u00f6r hon mycket t\u00e5rtor och andra bakverk. Under somrarna brukar hon \u00e4ven s\u00e4lja nybakta frallor i n\u00e4romr\u00e5det.<\/p>\n<p>Vill man kontakta Ella g\u00f6r man det l\u00e4ttast via hennes Instagram: ellaskapar[\/vc_column_text][\/vc_column][\/vc_row][vc_row][vc_column width=&#8221;1\/4&#8243;][\/vc_column][vc_column width=&#8221;1\/2&#8243;][vc_column_text]<div class=\"frm_forms  with_frm_style frm_style_formidable-style\" id=\"frm_form_78_container\" >\n<form enctype=\"multipart\/form-data\" method=\"post\" class=\"frm-show-form \" id=\"form_lbhrl\" >\n<div class=\"frm_form_fields \">\n<fieldset>\n<legend class=\"frm_hidden\">Utveckla v\u00e5r hemsida! <\/legend>\r\n<h3 class=\"frm_form_title\">Utveckla v\u00e5r hemsida! <\/h3>\r\n<div class=\"frm_fields_container\">\n<input type=\"hidden\" name=\"frm_action\" value=\"create\" \/>\n<input type=\"hidden\" name=\"form_id\" value=\"78\" \/>\n<input type=\"hidden\" name=\"frm_hide_fields_78\" id=\"frm_hide_fields_78\" value=\"\" \/>\n<input type=\"hidden\" name=\"form_key\" value=\"lbhrl\" \/>\n<input type=\"hidden\" name=\"item_meta[0]\" value=\"\" \/>\n<input type=\"hidden\" id=\"frm_submit_entry_78\" name=\"frm_submit_entry_78\" value=\"b7836bf90b\" \/><input type=\"hidden\" name=\"_wp_http_referer\" value=\"\/halland\/wp-json\/wp\/v2\/pages\/594\" \/><div id=\"frm_field_709_container\" class=\"frm_form_field form-field  frm_top_container vertical_radio\">\r\n    <label class=\"frm_primary_label\">Vad tycker du om denna sidan?\r\n        <span class=\"frm_required\"><\/span>\r\n    <\/label>\r\n    <div class=\"frm_opt_container\">\t\t<div class=\"frm_radio\" id=\"frm_radio_709-0\">\t\t\t<label  for=\"field_vltn6-0\">\n\t\t\t\t\t<input type=\"radio\" name=\"item_meta[709]\" id=\"field_vltn6-0\" value=\"Superbra!\"\n\t\t data-invmsg=\"Vad tycker du om denna sidan? \u00e4r ogiltigt\"   \/> Superbra!<\/label><\/div>\n\t\t<div class=\"frm_radio\" id=\"frm_radio_709-1\">\t\t\t<label  for=\"field_vltn6-1\">\n\t\t\t\t\t<input type=\"radio\" name=\"item_meta[709]\" id=\"field_vltn6-1\" value=\"Bra!\"\n\t\t data-invmsg=\"Vad tycker du om denna sidan? \u00e4r ogiltigt\"   \/> Bra!<\/label><\/div>\n\t\t<div class=\"frm_radio\" id=\"frm_radio_709-2\">\t\t\t<label  for=\"field_vltn6-2\">\n\t\t\t\t\t<input type=\"radio\" name=\"item_meta[709]\" id=\"field_vltn6-2\" value=\"Varken bra eller d\u00e5lig.\"\n\t\t data-invmsg=\"Vad tycker du om denna sidan? \u00e4r ogiltigt\"   \/> Varken bra eller d\u00e5lig.<\/label><\/div>\n\t\t<div class=\"frm_radio\" id=\"frm_radio_709-3\">\t\t\t<label  for=\"field_vltn6-3\">\n\t\t\t\t\t<input type=\"radio\" name=\"item_meta[709]\" id=\"field_vltn6-3\" value=\"D\u00e5lig!\"\n\t\t data-invmsg=\"Vad tycker du om denna sidan? \u00e4r ogiltigt\"   \/> D\u00e5lig!<\/label><\/div>\n\t\t<div class=\"frm_radio\" id=\"frm_radio_709-4\">\t\t\t<label  for=\"field_vltn6-4\">\n\t\t\t\t\t<input type=\"radio\" name=\"item_meta[709]\" id=\"field_vltn6-4\" value=\"Superd\u00e5lig!\"\n\t\t data-invmsg=\"Vad tycker du om denna sidan? \u00e4r ogiltigt\"   \/> Superd\u00e5lig!<\/label><\/div>\n<\/div>\r\n    \r\n    \r\n<\/div>\n<div id=\"frm_field_711_container\" class=\"frm_form_field form-field  frm_top_container\">\r\n    <label for=\"field_8xc4b\" class=\"frm_primary_label\">Vad kan bli b\u00e4ttre p\u00e5 denna sidan?\r\n        <span class=\"frm_required\"><\/span>\r\n    <\/label>\r\n    <textarea name=\"item_meta[711]\" id=\"field_8xc4b\" rows=\"5\"  data-invmsg=\"Vad kan bli b\u00e4ttre p\u00e5 denna sidan? \u00e4r ogiltigt\" aria-invalid=\"false\"  ><\/textarea>\r\n    \r\n    \r\n<\/div>\n<div id=\"frm_field_743_container\" class=\"frm_form_field form-field  frm_top_container\">\r\n    <label for=\"field_7ty40\" class=\"frm_primary_label\">Vilken information letar du efter just nu p\u00e5 hemsidan?\r\n        <span class=\"frm_required\"><\/span>\r\n    <\/label>\r\n    <input type=\"text\" id=\"field_7ty40\" name=\"item_meta[743]\" value=\"\"  data-invmsg=\"Vilken information letar du efter just nu p\u00e5 hemsidan? \u00e4r ogiltigt\" aria-invalid=\"false\"  \/>\r\n    \r\n    \r\n<\/div>\n<div id=\"frm_field_712_container\" class=\"frm_form_field form-field  frm_required_field frm_top_container vertical_radio\">\r\n    <label class=\"frm_primary_label\">Jag \u00e4r inte en robot\r\n        <span class=\"frm_required\">*<\/span>\r\n    <\/label>\r\n    <div class=\"frm_opt_container\">\t\t<div class=\"frm_checkbox\" id=\"frm_checkbox_712-0\">\t\t\t<label  for=\"field_unh5q-0\">\n\t\t\t<input type=\"checkbox\" name=\"item_meta[712][]\" id=\"field_unh5q-0\" value=\"Jag \u00e4r en livslevande person\"  data-reqmsg=\"Detta f\u00e4lt kan inte vara tomt.\" data-invmsg=\"Jag \u00e4r inte en robot \u00e4r ogiltigt\"   aria-required=\"true\"  \/> Jag \u00e4r en livslevande person<\/label><\/div>\n<\/div>\r\n    \r\n    \r\n<\/div>\n<div id=\"frm_field_827_container\" class=\"frm_form_field form-field  frm_none_container\">\r\n\t<label for=\"g-recaptcha-response\" id=\"field_bdf4x_label\" class=\"frm_primary_label\">Captcha\r\n\t\t<span class=\"frm_required\" aria-hidden=\"true\"><\/span>\r\n\t<\/label>\r\n\t\r\n\t\r\n\t\r\n<\/div>\n<div id=\"frm_field_826_container\" class=\"frm_form_field form-field \">\r\n\t<div class=\"frm_submit\">\r\n\r\n<button class=\"frm_button_submit\" type=\"submit\" >Skicka<\/button>\r\n\r\n<\/div>\r\n<\/div>\n\t<input type=\"hidden\" name=\"item_key\" value=\"\" \/>\n\t\t\t<div id=\"frm_field_917_container\">\n\t\t\t<label for=\"field_4k9ek\" >\n\t\t\t\tOm du \u00e4r m\u00e4nsklig, l\u00e4mna det h\u00e4r f\u00e4ltet tomt.\t\t\t<\/label>\n\t\t\t<input  id=\"field_4k9ek\" type=\"text\" class=\"frm_form_field form-field frm_verify\" name=\"item_meta[917]\" value=\"\"  \/>\n\t\t<\/div>\n\t\t<input name=\"frm_state\" type=\"hidden\" value=\"1p9\/G6d4WQueJYjPsLVvrZ5tuff3ljQsf2IEphLNcD8=\" \/><\/div>\n<\/fieldset>\n<\/div>\n\n<\/form>\n<\/div>\n<p>&nbsp;<\/p>\n<p><a href=\"https:\/\/www.4h.se\/halland\/wp-content\/uploads\/sites\/69\/2015\/01\/L\u00e4ra-genom-att-g\u00f6ra.png\"><img loading=\"lazy\" decoding=\"async\" class=\"aligncenter size-full wp-image-2017\" src=\"https:\/\/www.4h.se\/halland\/wp-content\/uploads\/sites\/69\/2015\/01\/L\u00e4ra-genom-att-g\u00f6ra.png\" alt=\"L\u00e4ra genom att g\u00f6ra\" width=\"1213\" height=\"165\" srcset=\"https:\/\/www.4h.se\/halland\/wp-content\/uploads\/sites\/69\/2015\/01\/L\u00e4ra-genom-att-g\u00f6ra.png 1213w, https:\/\/www.4h.se\/halland\/wp-content\/uploads\/sites\/69\/2015\/01\/L\u00e4ra-genom-att-g\u00f6ra-170x23.png 170w, https:\/\/www.4h.se\/halland\/wp-content\/uploads\/sites\/69\/2015\/01\/L\u00e4ra-genom-att-g\u00f6ra-470x64.png 470w, https:\/\/www.4h.se\/halland\/wp-content\/uploads\/sites\/69\/2015\/01\/L\u00e4ra-genom-att-g\u00f6ra-970x132.png 970w\" sizes=\"auto, (max-width: 1213px) 100vw, 1213px\" \/><\/a>[\/vc_column_text][\/vc_column][vc_column width=&#8221;1\/4&#8243;][\/vc_column][\/vc_row]<\/p>\n<\/div>","protected":false},"excerpt":{"rendered":"<p>[vc_row][vc_column width=&#8221;1\/2&#8243;][vc_column_text] 4H-f\u00f6retag Via 4H har v\u00e5ra medlemmar m\u00f6jlighet att under en kortare period, vanligtvis under sommaren bedriva ett 4H-f\u00f6retag. Genom 4H-f\u00f6retagen f\u00e5r medlemmarna m\u00f6jlighet att starta ett litet f\u00f6retag d\u00e4r de s\u00e4ljer egen producerade varor eller tj\u00e4nster. M\u00e5nga av de f\u00f6retag som bedrivs har oftast n\u00e5gon form av anknytning till bakning, odling eller matlagning.&nbsp; <a href=\"https:\/\/www.4h.se\/halland\/4h-foretag\/\">&hellip; Read more <i class=\"glyphicon glyphicon-arrow-right\"><\/i><\/a><\/p>\n","protected":false},"author":109,"featured_media":0,"parent":0,"menu_order":107,"comment_status":"closed","ping_status":"closed","template":"","meta":{"_acf_changed":false,"footnotes":""},"class_list":["post-594","page","type-page","status-publish","hentry"],"acf":[],"yoast_head":"<!-- This site is optimized with the Yoast SEO plugin v27.5 - https:\/\/yoast.com\/product\/yoast-seo-wordpress\/ -->\n<title>4H-f\u00f6retag - 4H i Halland<\/title>\n<meta name=\"robots\" content=\"index, follow, max-snippet:-1, max-image-preview:large, max-video-preview:-1\" \/>\n<link rel=\"canonical\" href=\"https:\/\/www.4h.se\/halland\/4h-foretag\/\" \/>\n<meta property=\"og:locale\" content=\"sv_SE\" \/>\n<meta property=\"og:type\" content=\"article\" \/>\n<meta property=\"og:title\" content=\"4H-f\u00f6retag - 4H i Halland\" \/>\n<meta property=\"og:description\" content=\"[vc_row][vc_column width=&#8221;1\/2&#8243;][vc_column_text] 4H-f\u00f6retag Via 4H har v\u00e5ra medlemmar m\u00f6jlighet att under en kortare period, vanligtvis under sommaren bedriva ett 4H-f\u00f6retag. Genom 4H-f\u00f6retagen f\u00e5r medlemmarna m\u00f6jlighet att starta ett litet f\u00f6retag d\u00e4r de s\u00e4ljer egen producerade varor eller tj\u00e4nster. M\u00e5nga av de f\u00f6retag som bedrivs har oftast n\u00e5gon form av anknytning till bakning, odling eller matlagning.&nbsp; &hellip; Read more\" \/>\n<meta property=\"og:url\" content=\"https:\/\/www.4h.se\/halland\/4h-foretag\/\" \/>\n<meta property=\"og:site_name\" content=\"4H i Halland\" \/>\n<meta property=\"article:publisher\" content=\"https:\/\/www.facebook.com\/hallands4h\/\" \/>\n<meta property=\"article:modified_time\" content=\"2025-10-23T11:35:34+00:00\" \/>\n<meta property=\"og:image\" content=\"https:\/\/www.4h.se\/halland\/wp-content\/uploads\/sites\/69\/2017\/12\/IMG_9398-2.jpg\" \/>\n\t<meta property=\"og:image:width\" content=\"2982\" \/>\n\t<meta property=\"og:image:height\" content=\"2891\" \/>\n\t<meta property=\"og:image:type\" content=\"image\/jpeg\" \/>\n<meta name=\"twitter:card\" content=\"summary_large_image\" \/>\n<meta name=\"twitter:site\" content=\"@Hallands4H\" \/>\n<meta name=\"twitter:label1\" content=\"Ber\u00e4knad l\u00e4stid\" \/>\n\t<meta name=\"twitter:data1\" content=\"3 minuter\" \/>\n<script type=\"application\/ld+json\" class=\"yoast-schema-graph\">{\"@context\":\"https:\\\/\\\/schema.org\",\"@graph\":[{\"@type\":\"WebPage\",\"@id\":\"https:\\\/\\\/www.4h.se\\\/halland\\\/4h-foretag\\\/\",\"url\":\"https:\\\/\\\/www.4h.se\\\/halland\\\/4h-foretag\\\/\",\"name\":\"4H-f\u00f6retag - 4H i Halland\",\"isPartOf\":{\"@id\":\"https:\\\/\\\/www.4h.se\\\/halland\\\/#website\"},\"primaryImageOfPage\":{\"@id\":\"https:\\\/\\\/www.4h.se\\\/halland\\\/4h-foretag\\\/#primaryimage\"},\"image\":{\"@id\":\"https:\\\/\\\/www.4h.se\\\/halland\\\/4h-foretag\\\/#primaryimage\"},\"thumbnailUrl\":\"https:\\\/\\\/www.4h.se\\\/halland\\\/wp-content\\\/uploads\\\/sites\\\/69\\\/2017\\\/12\\\/IMG_9398-2-970x940.jpg\",\"datePublished\":\"2017-12-22T10:03:56+00:00\",\"dateModified\":\"2025-10-23T11:35:34+00:00\",\"breadcrumb\":{\"@id\":\"https:\\\/\\\/www.4h.se\\\/halland\\\/4h-foretag\\\/#breadcrumb\"},\"inLanguage\":\"sv-SE\",\"potentialAction\":[{\"@type\":\"ReadAction\",\"target\":[\"https:\\\/\\\/www.4h.se\\\/halland\\\/4h-foretag\\\/\"]}]},{\"@type\":\"ImageObject\",\"inLanguage\":\"sv-SE\",\"@id\":\"https:\\\/\\\/www.4h.se\\\/halland\\\/4h-foretag\\\/#primaryimage\",\"url\":\"https:\\\/\\\/www.4h.se\\\/halland\\\/wp-content\\\/uploads\\\/sites\\\/69\\\/2017\\\/12\\\/IMG_9398-2.jpg\",\"contentUrl\":\"https:\\\/\\\/www.4h.se\\\/halland\\\/wp-content\\\/uploads\\\/sites\\\/69\\\/2017\\\/12\\\/IMG_9398-2.jpg\",\"width\":2982,\"height\":2891},{\"@type\":\"BreadcrumbList\",\"@id\":\"https:\\\/\\\/www.4h.se\\\/halland\\\/4h-foretag\\\/#breadcrumb\",\"itemListElement\":[{\"@type\":\"ListItem\",\"position\":1,\"name\":\"Hem\",\"item\":\"https:\\\/\\\/www.4h.se\\\/halland\\\/\"},{\"@type\":\"ListItem\",\"position\":2,\"name\":\"4H-f\u00f6retag\"}]},{\"@type\":\"WebSite\",\"@id\":\"https:\\\/\\\/www.4h.se\\\/halland\\\/#website\",\"url\":\"https:\\\/\\\/www.4h.se\\\/halland\\\/\",\"name\":\"4H i Halland\",\"description\":\"Av unga f\u00f6r unga\",\"potentialAction\":[{\"@type\":\"SearchAction\",\"target\":{\"@type\":\"EntryPoint\",\"urlTemplate\":\"https:\\\/\\\/www.4h.se\\\/halland\\\/?s={search_term_string}\"},\"query-input\":{\"@type\":\"PropertyValueSpecification\",\"valueRequired\":true,\"valueName\":\"search_term_string\"}}],\"inLanguage\":\"sv-SE\"}]}<\/script>\n<!-- \/ Yoast SEO plugin. -->","yoast_head_json":{"title":"4H-f\u00f6retag - 4H i Halland","robots":{"index":"index","follow":"follow","max-snippet":"max-snippet:-1","max-image-preview":"max-image-preview:large","max-video-preview":"max-video-preview:-1"},"canonical":"https:\/\/www.4h.se\/halland\/4h-foretag\/","og_locale":"sv_SE","og_type":"article","og_title":"4H-f\u00f6retag - 4H i Halland","og_description":"[vc_row][vc_column width=&#8221;1\/2&#8243;][vc_column_text] 4H-f\u00f6retag Via 4H har v\u00e5ra medlemmar m\u00f6jlighet att under en kortare period, vanligtvis under sommaren bedriva ett 4H-f\u00f6retag. Genom 4H-f\u00f6retagen f\u00e5r medlemmarna m\u00f6jlighet att starta ett litet f\u00f6retag d\u00e4r de s\u00e4ljer egen producerade varor eller tj\u00e4nster. M\u00e5nga av de f\u00f6retag som bedrivs har oftast n\u00e5gon form av anknytning till bakning, odling eller matlagning.&nbsp; &hellip; Read more","og_url":"https:\/\/www.4h.se\/halland\/4h-foretag\/","og_site_name":"4H i Halland","article_publisher":"https:\/\/www.facebook.com\/hallands4h\/","article_modified_time":"2025-10-23T11:35:34+00:00","og_image":[{"width":2982,"height":2891,"url":"https:\/\/www.4h.se\/halland\/wp-content\/uploads\/sites\/69\/2017\/12\/IMG_9398-2.jpg","type":"image\/jpeg"}],"twitter_card":"summary_large_image","twitter_site":"@Hallands4H","twitter_misc":{"Ber\u00e4knad l\u00e4stid":"3 minuter"},"schema":{"@context":"https:\/\/schema.org","@graph":[{"@type":"WebPage","@id":"https:\/\/www.4h.se\/halland\/4h-foretag\/","url":"https:\/\/www.4h.se\/halland\/4h-foretag\/","name":"4H-f\u00f6retag - 4H i Halland","isPartOf":{"@id":"https:\/\/www.4h.se\/halland\/#website"},"primaryImageOfPage":{"@id":"https:\/\/www.4h.se\/halland\/4h-foretag\/#primaryimage"},"image":{"@id":"https:\/\/www.4h.se\/halland\/4h-foretag\/#primaryimage"},"thumbnailUrl":"https:\/\/www.4h.se\/halland\/wp-content\/uploads\/sites\/69\/2017\/12\/IMG_9398-2-970x940.jpg","datePublished":"2017-12-22T10:03:56+00:00","dateModified":"2025-10-23T11:35:34+00:00","breadcrumb":{"@id":"https:\/\/www.4h.se\/halland\/4h-foretag\/#breadcrumb"},"inLanguage":"sv-SE","potentialAction":[{"@type":"ReadAction","target":["https:\/\/www.4h.se\/halland\/4h-foretag\/"]}]},{"@type":"ImageObject","inLanguage":"sv-SE","@id":"https:\/\/www.4h.se\/halland\/4h-foretag\/#primaryimage","url":"https:\/\/www.4h.se\/halland\/wp-content\/uploads\/sites\/69\/2017\/12\/IMG_9398-2.jpg","contentUrl":"https:\/\/www.4h.se\/halland\/wp-content\/uploads\/sites\/69\/2017\/12\/IMG_9398-2.jpg","width":2982,"height":2891},{"@type":"BreadcrumbList","@id":"https:\/\/www.4h.se\/halland\/4h-foretag\/#breadcrumb","itemListElement":[{"@type":"ListItem","position":1,"name":"Hem","item":"https:\/\/www.4h.se\/halland\/"},{"@type":"ListItem","position":2,"name":"4H-f\u00f6retag"}]},{"@type":"WebSite","@id":"https:\/\/www.4h.se\/halland\/#website","url":"https:\/\/www.4h.se\/halland\/","name":"4H i Halland","description":"Av unga f\u00f6r unga","potentialAction":[{"@type":"SearchAction","target":{"@type":"EntryPoint","urlTemplate":"https:\/\/www.4h.se\/halland\/?s={search_term_string}"},"query-input":{"@type":"PropertyValueSpecification","valueRequired":true,"valueName":"search_term_string"}}],"inLanguage":"sv-SE"}]}},"_links":{"self":[{"href":"https:\/\/www.4h.se\/halland\/wp-json\/wp\/v2\/pages\/594","targetHints":{"allow":["GET"]}}],"collection":[{"href":"https:\/\/www.4h.se\/halland\/wp-json\/wp\/v2\/pages"}],"about":[{"href":"https:\/\/www.4h.se\/halland\/wp-json\/wp\/v2\/types\/page"}],"author":[{"embeddable":true,"href":"https:\/\/www.4h.se\/halland\/wp-json\/wp\/v2\/users\/109"}],"replies":[{"embeddable":true,"href":"https:\/\/www.4h.se\/halland\/wp-json\/wp\/v2\/comments?post=594"}],"version-history":[{"count":0,"href":"https:\/\/www.4h.se\/halland\/wp-json\/wp\/v2\/pages\/594\/revisions"}],"wp:attachment":[{"href":"https:\/\/www.4h.se\/halland\/wp-json\/wp\/v2\/media?parent=594"}],"curies":[{"name":"wp","href":"https:\/\/api.w.org\/{rel}","templated":true}]}}