



{"id":414,"date":"2016-10-18T11:49:09","date_gmt":"2016-10-18T09:49:09","guid":{"rendered":"http:\/\/www.4h.se\/halland\/?page_id=414"},"modified":"2025-10-23T13:35:35","modified_gmt":"2025-10-23T11:35:35","slug":"grupper","status":"publish","type":"page","link":"https:\/\/www.4h.se\/halland\/grupper\/","title":{"rendered":"Grupper"},"content":{"rendered":"<div class=\"wpb-content-wrapper\"><p>[vc_row][vc_column width=&#8221;1\/3&#8243;][\/vc_column][vc_column width=&#8221;1\/3&#8243;][vc_column_text]<\/p>\n<h1 style=\"text-align: center\">Styrelse &amp;<\/h1>\n<h1 style=\"text-align: center\">Verksamhetsgrupper<\/h1>\n<p>[\/vc_column_text][\/vc_column][vc_column width=&#8221;1\/3&#8243;][\/vc_column][\/vc_row][vc_row][vc_column width=&#8221;1\/4&#8243;][\/vc_column][vc_column width=&#8221;1\/2&#8243;][vc_column_text]Inom Hallands 4H finns det en rad olika verksamhetsgrupper som arbetar inom olika omr\u00e5den.\u00a0Nedan f\u00f6ljer en beskrivning av de olika gruppernas uppgifter och vilka som \u00e4r invalda i grupperna.<\/p>\n<p>\u00c4r du intresserad av att g\u00e5 med i en grupp eller har fr\u00e5gor eller tips om deras arbete, maila halland@4h.se. Du kan l\u00e4sa mer om hur du kan engagera dig p\u00e5: <a title=\"Ideella uppdrag\" href=\"https:\/\/www.4h.se\/halland\/ideella-uppdrag\/\">Ideella uppdrag<\/a>.[\/vc_column_text][\/vc_column][vc_column width=&#8221;1\/4&#8243;][\/vc_column][\/vc_row][vc_row][vc_column][vc_single_image image=&#8221;1400&#8243; img_size=&#8221;1500&#215;500&#8243; alignment=&#8221;center&#8221;][vc_column_text]<\/p>\n<h2 style=\"text-align: center\">Styrelse 2021\/2022<\/h2>\n<p style=\"text-align: center\">Kontakta enskild styrelseledamot: f\u00f6rnamn.efternamn@4h.se.<br \/>\nStyrelsem\u00f6ten sker ungef\u00e4r en g\u00e5ng i m\u00e5naden.<\/p>\n<p style=\"text-align: center\">Hampus Brink \u00a0\u2013 Ordf\u00f6rande<\/p>\n<p style=\"text-align: center\">Ronja Palmblad &#8211; Ledamot<\/p>\n<p style=\"text-align: center\">Filip Carlsson\u00a0\u2013 Ledamot<\/p>\n<p style=\"text-align: center\">Ellen Svensson\u00a0\u2013 Ledamot<\/p>\n<p style=\"text-align: center\">Oliver Brink\u00a0&#8211; Ledamot<\/p>\n<p style=\"text-align: center\">Klara Bengtsson \u2013 Suppleant<\/p>\n<p style=\"text-align: center\">Oliver Falkes\u00e4ter \u2013 Suppleant<\/p>\n<p>[\/vc_column_text][\/vc_column][\/vc_row][vc_row][vc_column width=&#8221;1\/2&#8243;][vc_column_text]<\/p>\n<h4 style=\"text-align: center\"><span style=\"color: #000000\"><strong>Ekonomigruppen<\/strong><\/span><\/h4>\n<p style=\"text-align: center\">Ekonomigruppen st\u00f6ttar l\u00e4nsf\u00f6rbundsstyrelsen i ekonomiska fr\u00e5gor. Gruppen best\u00e5r av:<\/p>\n<p style=\"text-align: center\">Per Norrman, Verksamhetsledare sammankallande<\/p>\n<p style=\"text-align: center\">Hampus Brink,\u00a0Valinge 4H, ordf\u00f6rande l\u00e4nsf\u00f6rbundsstyrelsen<\/p>\n<p style=\"text-align: center\">Oliver Brink, Valinge 4H, ekonomiansvarig l\u00e4nsf\u00f6rbundsstyrelsen<\/p>\n<p style=\"text-align: center\">Filip Carlsson, Sibbarp 4H<\/p>\n<p>[\/vc_column_text][\/vc_column][vc_column width=&#8221;1\/2&#8243;][vc_column_text]<\/p>\n<h4 style=\"text-align: center\"><span style=\"color: #000000\"><strong>Utbildningsgruppen<\/strong><\/span><\/h4>\n<p style=\"text-align: center\">Utbildningsgruppen ordnar kurser och utbildningar f\u00f6r Hallands 4H:s medlemmar.\u00a0Gruppen best\u00e5r av:<\/p>\n<p style=\"text-align: center\">Daniel Persson, Tr\u00e4sl\u00f6v 4H, sammankallande<\/p>\n<p style=\"text-align: center\">Linus Larsson.\u00a0Rolfstorp 4H<\/p>\n<p style=\"text-align: center\">Emil Andersson, Tr\u00e4sl\u00f6v 4H<\/p>\n<p style=\"text-align: center\">William Ahlstedt, Sibbarp 4H<\/p>\n<p style=\"text-align: center\">Oliver Fischer \u00c5sare, Tr\u00e4sl\u00f6v 4H<\/p>\n<p>[\/vc_column_text][\/vc_column][\/vc_row][vc_row][vc_column width=&#8221;1\/2&#8243;][vc_column_text]<\/p>\n<h4 style=\"text-align: center\"><span style=\"color: #000000\"><strong>K\u00c4F-gruppen<\/strong><\/span><\/h4>\n<p style=\"text-align: center\">K\u00c4F &#8211; Kultur \u00c4ldre Fritid, de fixar roliga kurser f\u00f6r v\u00e5ra \u00e4ldre medlemmar.\u00a0Gruppen best\u00e5r av:<\/p>\n<p style=\"text-align: center\">Bernard Christensen, Sibbarp 4H,\u00a0Sammankallande<\/p>\n<p style=\"text-align: center\">Carl Berthilsson, \u00c4stad 4H<\/p>\n<p style=\"text-align: center\">Oliver Brink, Valinge 4H<\/p>\n<p style=\"text-align: center\">Caroline Aronsson, Stamnared 4H<\/p>\n<p>[\/vc_column_text][\/vc_column][vc_column width=&#8221;1\/2&#8243;][vc_column_text]<\/p>\n<h4 style=\"text-align: center\"><span style=\"color: #000000\"><strong>T\u00e4vlingsgruppen<\/strong><\/span><\/h4>\n<p style=\"text-align: center\">T\u00e4vlingsgruppen ordnar t\u00e4vlingar vid olika l\u00e4nsarrangemang.\u00a0Gruppen best\u00e5r av:<\/p>\n<p style=\"text-align: center\">Linda Johansson Veddige 4H, Sammankallande<\/p>\n<p style=\"text-align: center\">Kim Weiland, Tr\u00e4sl\u00f6v 4H<\/p>\n<p>[\/vc_column_text][\/vc_column][\/vc_row]<\/p>\n<\/div>","protected":false},"excerpt":{"rendered":"<p>[vc_row][vc_column width=&#8221;1\/3&#8243;][\/vc_column][vc_column width=&#8221;1\/3&#8243;][vc_column_text] Styrelse &amp; Verksamhetsgrupper [\/vc_column_text][\/vc_column][vc_column width=&#8221;1\/3&#8243;][\/vc_column][\/vc_row][vc_row][vc_column width=&#8221;1\/4&#8243;][\/vc_column][vc_column width=&#8221;1\/2&#8243;][vc_column_text]Inom Hallands 4H finns det en rad olika verksamhetsgrupper som arbetar inom olika omr\u00e5den.\u00a0Nedan f\u00f6ljer en beskrivning av de olika gruppernas uppgifter och vilka som \u00e4r invalda i grupperna. \u00c4r du intresserad av att g\u00e5 med i en grupp eller har fr\u00e5gor eller tips om deras&nbsp; <a href=\"https:\/\/www.4h.se\/halland\/grupper\/\">&hellip; Read more <i class=\"glyphicon glyphicon-arrow-right\"><\/i><\/a><\/p>\n","protected":false},"author":67,"featured_media":0,"parent":0,"menu_order":121,"comment_status":"closed","ping_status":"closed","template":"","meta":{"_acf_changed":false,"footnotes":""},"class_list":["post-414","page","type-page","status-publish","hentry"],"acf":[],"yoast_head":"<!-- This site is optimized with the Yoast SEO plugin v27.5 - https:\/\/yoast.com\/product\/yoast-seo-wordpress\/ -->\n<title>Grupper - 4H i Halland<\/title>\n<meta name=\"robots\" content=\"index, follow, max-snippet:-1, max-image-preview:large, max-video-preview:-1\" \/>\n<link rel=\"canonical\" href=\"https:\/\/www.4h.se\/halland\/grupper\/\" \/>\n<meta property=\"og:locale\" content=\"sv_SE\" \/>\n<meta property=\"og:type\" content=\"article\" \/>\n<meta property=\"og:title\" content=\"Grupper - 4H i Halland\" \/>\n<meta property=\"og:description\" content=\"[vc_row][vc_column width=&#8221;1\/3&#8243;][\/vc_column][vc_column width=&#8221;1\/3&#8243;][vc_column_text] Styrelse &amp; Verksamhetsgrupper [\/vc_column_text][\/vc_column][vc_column width=&#8221;1\/3&#8243;][\/vc_column][\/vc_row][vc_row][vc_column width=&#8221;1\/4&#8243;][\/vc_column][vc_column width=&#8221;1\/2&#8243;][vc_column_text]Inom Hallands 4H finns det en rad olika verksamhetsgrupper som arbetar inom olika omr\u00e5den.\u00a0Nedan f\u00f6ljer en beskrivning av de olika gruppernas uppgifter och vilka som \u00e4r invalda i grupperna. \u00c4r du intresserad av att g\u00e5 med i en grupp eller har fr\u00e5gor eller tips om deras&nbsp; &hellip; Read more\" \/>\n<meta property=\"og:url\" content=\"https:\/\/www.4h.se\/halland\/grupper\/\" \/>\n<meta property=\"og:site_name\" content=\"4H i Halland\" \/>\n<meta property=\"article:publisher\" content=\"https:\/\/www.facebook.com\/hallands4h\/\" \/>\n<meta property=\"article:modified_time\" content=\"2025-10-23T11:35:35+00:00\" \/>\n<meta name=\"twitter:card\" content=\"summary_large_image\" \/>\n<meta name=\"twitter:site\" content=\"@Hallands4H\" \/>\n<meta name=\"twitter:label1\" content=\"Ber\u00e4knad l\u00e4stid\" \/>\n\t<meta name=\"twitter:data1\" content=\"2 minuter\" \/>\n<script type=\"application\/ld+json\" class=\"yoast-schema-graph\">{\"@context\":\"https:\\\/\\\/schema.org\",\"@graph\":[{\"@type\":\"WebPage\",\"@id\":\"https:\\\/\\\/www.4h.se\\\/halland\\\/grupper\\\/\",\"url\":\"https:\\\/\\\/www.4h.se\\\/halland\\\/grupper\\\/\",\"name\":\"Grupper - 4H i Halland\",\"isPartOf\":{\"@id\":\"https:\\\/\\\/www.4h.se\\\/halland\\\/#website\"},\"datePublished\":\"2016-10-18T09:49:09+00:00\",\"dateModified\":\"2025-10-23T11:35:35+00:00\",\"breadcrumb\":{\"@id\":\"https:\\\/\\\/www.4h.se\\\/halland\\\/grupper\\\/#breadcrumb\"},\"inLanguage\":\"sv-SE\",\"potentialAction\":[{\"@type\":\"ReadAction\",\"target\":[\"https:\\\/\\\/www.4h.se\\\/halland\\\/grupper\\\/\"]}]},{\"@type\":\"BreadcrumbList\",\"@id\":\"https:\\\/\\\/www.4h.se\\\/halland\\\/grupper\\\/#breadcrumb\",\"itemListElement\":[{\"@type\":\"ListItem\",\"position\":1,\"name\":\"Hem\",\"item\":\"https:\\\/\\\/www.4h.se\\\/halland\\\/\"},{\"@type\":\"ListItem\",\"position\":2,\"name\":\"Grupper\"}]},{\"@type\":\"WebSite\",\"@id\":\"https:\\\/\\\/www.4h.se\\\/halland\\\/#website\",\"url\":\"https:\\\/\\\/www.4h.se\\\/halland\\\/\",\"name\":\"4H i Halland\",\"description\":\"Av unga f\u00f6r unga\",\"potentialAction\":[{\"@type\":\"SearchAction\",\"target\":{\"@type\":\"EntryPoint\",\"urlTemplate\":\"https:\\\/\\\/www.4h.se\\\/halland\\\/?s={search_term_string}\"},\"query-input\":{\"@type\":\"PropertyValueSpecification\",\"valueRequired\":true,\"valueName\":\"search_term_string\"}}],\"inLanguage\":\"sv-SE\"}]}<\/script>\n<!-- \/ Yoast SEO plugin. -->","yoast_head_json":{"title":"Grupper - 4H i Halland","robots":{"index":"index","follow":"follow","max-snippet":"max-snippet:-1","max-image-preview":"max-image-preview:large","max-video-preview":"max-video-preview:-1"},"canonical":"https:\/\/www.4h.se\/halland\/grupper\/","og_locale":"sv_SE","og_type":"article","og_title":"Grupper - 4H i Halland","og_description":"[vc_row][vc_column width=&#8221;1\/3&#8243;][\/vc_column][vc_column width=&#8221;1\/3&#8243;][vc_column_text] Styrelse &amp; Verksamhetsgrupper [\/vc_column_text][\/vc_column][vc_column width=&#8221;1\/3&#8243;][\/vc_column][\/vc_row][vc_row][vc_column width=&#8221;1\/4&#8243;][\/vc_column][vc_column width=&#8221;1\/2&#8243;][vc_column_text]Inom Hallands 4H finns det en rad olika verksamhetsgrupper som arbetar inom olika omr\u00e5den.\u00a0Nedan f\u00f6ljer en beskrivning av de olika gruppernas uppgifter och vilka som \u00e4r invalda i grupperna. \u00c4r du intresserad av att g\u00e5 med i en grupp eller har fr\u00e5gor eller tips om deras&nbsp; &hellip; Read more","og_url":"https:\/\/www.4h.se\/halland\/grupper\/","og_site_name":"4H i Halland","article_publisher":"https:\/\/www.facebook.com\/hallands4h\/","article_modified_time":"2025-10-23T11:35:35+00:00","twitter_card":"summary_large_image","twitter_site":"@Hallands4H","twitter_misc":{"Ber\u00e4knad l\u00e4stid":"2 minuter"},"schema":{"@context":"https:\/\/schema.org","@graph":[{"@type":"WebPage","@id":"https:\/\/www.4h.se\/halland\/grupper\/","url":"https:\/\/www.4h.se\/halland\/grupper\/","name":"Grupper - 4H i Halland","isPartOf":{"@id":"https:\/\/www.4h.se\/halland\/#website"},"datePublished":"2016-10-18T09:49:09+00:00","dateModified":"2025-10-23T11:35:35+00:00","breadcrumb":{"@id":"https:\/\/www.4h.se\/halland\/grupper\/#breadcrumb"},"inLanguage":"sv-SE","potentialAction":[{"@type":"ReadAction","target":["https:\/\/www.4h.se\/halland\/grupper\/"]}]},{"@type":"BreadcrumbList","@id":"https:\/\/www.4h.se\/halland\/grupper\/#breadcrumb","itemListElement":[{"@type":"ListItem","position":1,"name":"Hem","item":"https:\/\/www.4h.se\/halland\/"},{"@type":"ListItem","position":2,"name":"Grupper"}]},{"@type":"WebSite","@id":"https:\/\/www.4h.se\/halland\/#website","url":"https:\/\/www.4h.se\/halland\/","name":"4H i Halland","description":"Av unga f\u00f6r unga","potentialAction":[{"@type":"SearchAction","target":{"@type":"EntryPoint","urlTemplate":"https:\/\/www.4h.se\/halland\/?s={search_term_string}"},"query-input":{"@type":"PropertyValueSpecification","valueRequired":true,"valueName":"search_term_string"}}],"inLanguage":"sv-SE"}]}},"_links":{"self":[{"href":"https:\/\/www.4h.se\/halland\/wp-json\/wp\/v2\/pages\/414","targetHints":{"allow":["GET"]}}],"collection":[{"href":"https:\/\/www.4h.se\/halland\/wp-json\/wp\/v2\/pages"}],"about":[{"href":"https:\/\/www.4h.se\/halland\/wp-json\/wp\/v2\/types\/page"}],"author":[{"embeddable":true,"href":"https:\/\/www.4h.se\/halland\/wp-json\/wp\/v2\/users\/67"}],"replies":[{"embeddable":true,"href":"https:\/\/www.4h.se\/halland\/wp-json\/wp\/v2\/comments?post=414"}],"version-history":[{"count":0,"href":"https:\/\/www.4h.se\/halland\/wp-json\/wp\/v2\/pages\/414\/revisions"}],"wp:attachment":[{"href":"https:\/\/www.4h.se\/halland\/wp-json\/wp\/v2\/media?parent=414"}],"curies":[{"name":"wp","href":"https:\/\/api.w.org\/{rel}","templated":true}]}}