



{"id":398,"date":"2016-10-18T11:19:30","date_gmt":"2016-10-18T09:19:30","guid":{"rendered":"http:\/\/www.4h.se\/halland\/?page_id=398"},"modified":"2026-03-25T16:20:08","modified_gmt":"2026-03-25T15:20:08","slug":"lediga-jobb","status":"publish","type":"page","link":"https:\/\/www.4h.se\/halland\/lediga-jobb\/","title":{"rendered":"Lediga jobb"},"content":{"rendered":"<div class=\"wpb-content-wrapper\"><p>[vc_row][vc_column][vc_single_image image=&#8221;2554&#8243; img_size=&#8221;2000&#215;500&#8243; alignment=&#8221;center&#8221; style=&#8221;vc_box_rounded&#8221;][\/vc_column][\/vc_row][vc_row][vc_column width=&#8221;1\/2&#8243;][vc_column_text]<\/p>\n<h2 style=\"text-align: left\">Sommarens roligaste sommarjobb!<\/h2>\n<h4 style=\"text-align: left\"><em>Fyll i formul\u00e4ret h\u00e4r nedan s\u00e5 kontaktar vi dig!<\/em><\/h4>\n<p>Vi har sedan 40-talet arrangerat l\u00e4ger och vet precis hur man ska f\u00e5 till en bra l\u00e4gerk\u00e4nsla och skapa en s\u00e5 bra sommarvecka som m\u00f6jligt f\u00f6r v\u00e5ra drygt 400 deltagare.<\/p>\n<p>En stor del av hur vida ett l\u00e4ger blir bra eller inte ligger hos ledarna, det \u00e4r n\u00e4mligen dem som till st\u00f6rsta del ser till att alla m\u00e5r bra, har kul och kommer p\u00e5 roliga bus, med mera! Nu s\u00f6ker vi ledare till v\u00e5ra l\u00e4ger och vi ser\u00a0fram emot din\u00a0ans\u00f6kan!<\/p>\n<p>Som l\u00e4gerledare blir du anst\u00e4lld av Hallands 4H och f\u00e5r s\u00e5ledes l\u00f6n f\u00f6r ditt arbete.[\/vc_column_text][\/vc_column][vc_column width=&#8221;1\/2&#8243;][vc_single_image image=&#8221;1834&#8243; img_size=&#8221;600&#215;400&#8243; alignment=&#8221;center&#8221; style=&#8221;vc_box_rounded&#8221;][\/vc_column][\/vc_row][vc_row][vc_column][vc_single_image image=&#8221;1841&#8243; img_size=&#8221;full&#8221; alignment=&#8221;center&#8221;][\/vc_column][\/vc_row][vc_row][vc_column width=&#8221;1\/2&#8243;][vc_column_text css=&#8221;&#8221;]<\/p>\n<h2>Jobba p\u00e5 l\u00e4ger<\/h2>\n<p>Vi arrangerar \u00f6vernattningsl\u00e4ger med djur, bad och roliga uppt\u00e5g p\u00e5 \u00c4stad 4H-g\u00e5rd i \u00c4stad mellan Varberg och Falkenberg. L\u00e4gerdeltagarna \u00e4r mellan 10-14 \u00e5r och aktiviteterna best\u00e5r av bland annat djursk\u00f6tsel, kanotpaddling, utflykter, t\u00e4vlingar, lekar, matlagning och friluftsliv. Vi sover inomhus p\u00e5 4H-g\u00e5rden, med undantag sista natten d\u00e4r ett par ledare tillsammans med deltagarna antingen sover i t\u00e4lt eller i ett vindskydd.<\/p>\n<p>Som l\u00e4ger ledare beh\u00f6ver du egentligen inga tidigare erfarenheter, vi l\u00e4r dig allt du beh\u00f6ver veta. Men d\u00e4rf\u00f6r \u00e4r det ocks\u00e5 viktigt att du g\u00e5r de utbildningar vi erbjuder om du blir erbjuden jobb via oss.<\/p>\n<p>&nbsp;<\/p>\n<h4><strong>Vi s\u00f6ker just nu<\/strong><\/h4>\n<p><strong>Huvudledare \u00f6ver 18 \u00e5r.\u00a0<\/strong><\/p>\n<p>Som huvudledare \u00e4r det meriterande ifall man har tillg\u00e5ng till k\u00f6rkort, \u00e4ven en bonus ifall man har egen bil men inget krav. \u00c4ven bra ifall man har tidigare erfarenheter av barn, djurvana, relevanta studier som t.ex. barn- och fritid, l\u00e4rarprogram eller liknade. I och med att vi badar och paddlar s\u00e5 \u00e4r det et krav att vara simkunnig.<\/p>\n<p>Som l\u00e4gerledare blir du snabbt en f\u00f6rebild f\u00f6r deltagarna s\u00e5 att vara omt\u00e4nksam, kreativ och positiv \u00e4r alltid bra egenskaper! Alla ledare utbildas av oss f\u00f6r att f\u00e5 alla tips och l\u00e4ra sig det man beh\u00f6ver f\u00f6r att skapa s\u00e5 bra l\u00e4ger som m\u00f6jligt tillsammans med de andra ledarna man jobbar med!<\/p>\n<p>&nbsp;<\/p>\n<p><strong>Hj\u00e4lpledare minst 16 \u00e5r\u00a0<\/strong><\/p>\n<p>Som hj\u00e4lpledare \u00e4r du med som ledare och ser till att alla deltagare m\u00e5r bra och har kul. Jobbet som hj\u00e4lpledare och huvudledare \u00e4r relativt likt, man utf\u00f6r ungef\u00e4r samma arbetsuppgifter. Skillnaden mellan en hj\u00e4lpledare och en huvudledare \u00e4r egentligen inte speciellt stor, borts\u00e4tt fr\u00e5n att man som hj\u00e4lpledare inte jobbar natt och har mindre ansvar.<\/p>\n<p>Kanske har man f\u00f6r n\u00e5got \u00e5r sedan sj\u00e4lv deltagit som l\u00e4gerdeltagare och nu vill ta steget till att jobba som ledare? D\u00e5 \u00e4r jobbet perfekt f\u00f6r dig!<\/p>\n<p>Vi ser framemot din ans\u00f6kan![\/vc_column_text][vc_column_text]<\/p>\n<h3>Registerutdrag fr\u00e5n polisen<\/h3>\n<p>Alla som ska jobba f\u00f6r Hallands 4H p\u00e5 ett eller annat s\u00e4tt m\u00e5ste visa upp ett godk\u00e4nt belastningsregister. Att best\u00e4lla ett registerutdrag \u00e4r gratis, men kan ta lite tid. F\u00f6r att rekryteringen ska g\u00e5 s\u00e5 l\u00e4tt som m\u00f6jligt kan du redan nu best\u00e4lla ett registerutdrag, p\u00e5 s\u00e5 s\u00e4tt \u00e4r du f\u00f6rberedd ifall du \u00e4r aktuell f\u00f6r en anst\u00e4llning hos oss.[\/vc_column_text][vc_btn title=&#8221;Best\u00e4ll registerutdrag fr\u00e5n polisen h\u00e4r&#8221; style=&#8221;3d&#8221; color=&#8221;success&#8221; size=&#8221;lg&#8221; align=&#8221;center&#8221; button_block=&#8221;true&#8221; link=&#8221;url:https%3A%2F%2Fpolisen.se%2Ftjanster-tillstand%2Fbelastningsregistret%2F|title:Registerutdrag|target:_blank&#8221;][vc_btn title=&#8221;S\u00f6k jobbet som l\u00e4gerledare h\u00e4r!&#8221; style=&#8221;3d&#8221; color=&#8221;success&#8221; size=&#8221;lg&#8221; align=&#8221;center&#8221; css=&#8221;&#8221; button_block=&#8221;true&#8221; link=&#8221;url:https%3A%2F%2Fforms.office.com%2FPages%2FResponsePage.aspx%3Fid%3DWrUO31mIjUOWyAlkRq2nBGzBrCHlvIVMln15lWtPeo5UOVQ5VFA5SVNEQzBYSTdQQjFZT0lGS1NZVSQlQCN0PWcu|title:S%C3%B6k%20jobbet%20som%20l%C3%A4gerledare!|target:_blank&#8221;][vc_btn title=&#8221;Intresserad av att jobba som l\u00e4gerchef? L\u00e4s mer h\u00e4r!&#8221; style=&#8221;3d&#8221; color=&#8221;success&#8221; size=&#8221;lg&#8221; align=&#8221;center&#8221; button_block=&#8221;true&#8221; link=&#8221;url:https%3A%2F%2Fwww.4h.se%2Fhalland%2Flediga-jobb%2Fjobba-som-lagerchef%2F|title:S%C3%B6k%20jobbet%20som%20l%C3%A4gerchef!&#8221;][\/vc_column][vc_column width=&#8221;1\/2&#8243;][vc_single_image image=&#8221;2273&#8243; img_size=&#8221;600&#215;1300&#8243; alignment=&#8221;center&#8221; style=&#8221;vc_box_rounded&#8221;][\/vc_column][\/vc_row][vc_row][vc_column][vc_column_text]<\/p>\n<h3>Tidsplan f\u00f6r rekryteringen<\/h3>\n<p>[\/vc_column_text][\/vc_column][\/vc_row][vc_row][vc_column width=&#8221;1\/4&#8243;][vc_column_text css=&#8221;&#8221;]<\/p>\n<h4>September &#8211; december 2025<\/h4>\n<p>Rekryteringen av erfarna ledare startar. Har du jobbat som l\u00e4gerledare tidigare kan du f\u00f6rv\u00e4nta dig att bli rekryterad innan \u00e5rsskiftet.[\/vc_column_text][\/vc_column][vc_column width=&#8221;1\/4&#8243;][vc_column_text css=&#8221;&#8221;]<\/p>\n<h4>Januari &#8211; februari 2026<\/h4>\n<p>Under den h\u00e4r perioden rekryterar vi resterande ledare f\u00f6r alla v\u00e5ra sommarl\u00e4ger. Du kan f\u00f6rv\u00e4nta dig att f\u00e5 svar om du \u00e4r aktuell f\u00f6r oss eller inte under den h\u00e4r tiden.[\/vc_column_text][\/vc_column][vc_column width=&#8221;1\/4&#8243;][vc_column_text css=&#8221;&#8221;]<\/p>\n<h4>Mars &#8211; april 2026<\/h4>\n<p>Rekryteringen b\u00f6rjar bli klar och utbildning sker f\u00f6r alla v\u00e5ra l\u00e4gerledare. Utbildningstillf\u00e4llena \u00e4r obligatoriska f\u00f6r alla ledare oavsett roll och erfarenhet.[\/vc_column_text][\/vc_column][vc_column width=&#8221;1\/4&#8243;][vc_column_text css=&#8221;&#8221;]<\/p>\n<h4>juni &#8211; augusti 2026<\/h4>\n<p>Ytterligare utbildningstillf\u00e4llen sker i b\u00f6rjan p\u00e5 juni och v\u00e5ra l\u00e4ger startar samt p\u00e5g\u00e5r under den h\u00e4r perioden.[\/vc_column_text][\/vc_column][\/vc_row][vc_row][vc_column][vc_single_image image=&#8221;2174&#8243; img_size=&#8221;2000&#215;250&#8243; alignment=&#8221;center&#8221; style=&#8221;vc_box_rounded&#8221;][\/vc_column][\/vc_row][vc_row][vc_column width=&#8221;1\/4&#8243;][\/vc_column][vc_column width=&#8221;1\/2&#8243;][vc_column_text]<div class=\"frm_forms  with_frm_style frm_style_formidable-style\" id=\"frm_form_78_container\" >\n<form enctype=\"multipart\/form-data\" method=\"post\" class=\"frm-show-form \" id=\"form_lbhrl\" >\n<div class=\"frm_form_fields \">\n<fieldset>\n<legend class=\"frm_hidden\">Utveckla v\u00e5r hemsida! <\/legend>\r\n<h3 class=\"frm_form_title\">Utveckla v\u00e5r hemsida! <\/h3>\r\n<div class=\"frm_fields_container\">\n<input type=\"hidden\" name=\"frm_action\" value=\"create\" \/>\n<input type=\"hidden\" name=\"form_id\" value=\"78\" \/>\n<input type=\"hidden\" name=\"frm_hide_fields_78\" id=\"frm_hide_fields_78\" value=\"\" \/>\n<input type=\"hidden\" name=\"form_key\" value=\"lbhrl\" \/>\n<input type=\"hidden\" name=\"item_meta[0]\" value=\"\" \/>\n<input type=\"hidden\" id=\"frm_submit_entry_78\" name=\"frm_submit_entry_78\" value=\"52f5dbe88d\" \/><input type=\"hidden\" name=\"_wp_http_referer\" value=\"\/halland\/wp-json\/wp\/v2\/pages\/398\" \/><div id=\"frm_field_709_container\" class=\"frm_form_field form-field  frm_top_container vertical_radio\">\r\n    <label class=\"frm_primary_label\">Vad tycker du om denna sidan?\r\n        <span class=\"frm_required\"><\/span>\r\n    <\/label>\r\n    <div class=\"frm_opt_container\">\t\t<div class=\"frm_radio\" id=\"frm_radio_709-0\">\t\t\t<label  for=\"field_vltn6-0\">\n\t\t\t\t\t<input type=\"radio\" name=\"item_meta[709]\" id=\"field_vltn6-0\" value=\"Superbra!\"\n\t\t data-invmsg=\"Vad tycker du om denna sidan? \u00e4r ogiltigt\"   \/> Superbra!<\/label><\/div>\n\t\t<div class=\"frm_radio\" id=\"frm_radio_709-1\">\t\t\t<label  for=\"field_vltn6-1\">\n\t\t\t\t\t<input type=\"radio\" name=\"item_meta[709]\" id=\"field_vltn6-1\" value=\"Bra!\"\n\t\t data-invmsg=\"Vad tycker du om denna sidan? \u00e4r ogiltigt\"   \/> Bra!<\/label><\/div>\n\t\t<div class=\"frm_radio\" id=\"frm_radio_709-2\">\t\t\t<label  for=\"field_vltn6-2\">\n\t\t\t\t\t<input type=\"radio\" name=\"item_meta[709]\" id=\"field_vltn6-2\" value=\"Varken bra eller d\u00e5lig.\"\n\t\t data-invmsg=\"Vad tycker du om denna sidan? \u00e4r ogiltigt\"   \/> Varken bra eller d\u00e5lig.<\/label><\/div>\n\t\t<div class=\"frm_radio\" id=\"frm_radio_709-3\">\t\t\t<label  for=\"field_vltn6-3\">\n\t\t\t\t\t<input type=\"radio\" name=\"item_meta[709]\" id=\"field_vltn6-3\" value=\"D\u00e5lig!\"\n\t\t data-invmsg=\"Vad tycker du om denna sidan? \u00e4r ogiltigt\"   \/> D\u00e5lig!<\/label><\/div>\n\t\t<div class=\"frm_radio\" id=\"frm_radio_709-4\">\t\t\t<label  for=\"field_vltn6-4\">\n\t\t\t\t\t<input type=\"radio\" name=\"item_meta[709]\" id=\"field_vltn6-4\" value=\"Superd\u00e5lig!\"\n\t\t data-invmsg=\"Vad tycker du om denna sidan? \u00e4r ogiltigt\"   \/> Superd\u00e5lig!<\/label><\/div>\n<\/div>\r\n    \r\n    \r\n<\/div>\n<div id=\"frm_field_711_container\" class=\"frm_form_field form-field  frm_top_container\">\r\n    <label for=\"field_8xc4b\" class=\"frm_primary_label\">Vad kan bli b\u00e4ttre p\u00e5 denna sidan?\r\n        <span class=\"frm_required\"><\/span>\r\n    <\/label>\r\n    <textarea name=\"item_meta[711]\" id=\"field_8xc4b\" rows=\"5\"  data-invmsg=\"Vad kan bli b\u00e4ttre p\u00e5 denna sidan? \u00e4r ogiltigt\" aria-invalid=\"false\"  ><\/textarea>\r\n    \r\n    \r\n<\/div>\n<div id=\"frm_field_743_container\" class=\"frm_form_field form-field  frm_top_container\">\r\n    <label for=\"field_7ty40\" class=\"frm_primary_label\">Vilken information letar du efter just nu p\u00e5 hemsidan?\r\n        <span class=\"frm_required\"><\/span>\r\n    <\/label>\r\n    <input type=\"text\" id=\"field_7ty40\" name=\"item_meta[743]\" value=\"\"  data-invmsg=\"Vilken information letar du efter just nu p\u00e5 hemsidan? \u00e4r ogiltigt\" aria-invalid=\"false\"  \/>\r\n    \r\n    \r\n<\/div>\n<div id=\"frm_field_712_container\" class=\"frm_form_field form-field  frm_required_field frm_top_container vertical_radio\">\r\n    <label class=\"frm_primary_label\">Jag \u00e4r inte en robot\r\n        <span class=\"frm_required\">*<\/span>\r\n    <\/label>\r\n    <div class=\"frm_opt_container\">\t\t<div class=\"frm_checkbox\" id=\"frm_checkbox_712-0\">\t\t\t<label  for=\"field_unh5q-0\">\n\t\t\t<input type=\"checkbox\" name=\"item_meta[712][]\" id=\"field_unh5q-0\" value=\"Jag \u00e4r en livslevande person\"  data-reqmsg=\"Detta f\u00e4lt kan inte vara tomt.\" data-invmsg=\"Jag \u00e4r inte en robot \u00e4r ogiltigt\"   aria-required=\"true\"  \/> Jag \u00e4r en livslevande person<\/label><\/div>\n<\/div>\r\n    \r\n    \r\n<\/div>\n<div id=\"frm_field_827_container\" class=\"frm_form_field form-field  frm_none_container\">\r\n\t<label for=\"g-recaptcha-response\" id=\"field_bdf4x_label\" class=\"frm_primary_label\">Captcha\r\n\t\t<span class=\"frm_required\" aria-hidden=\"true\"><\/span>\r\n\t<\/label>\r\n\t\r\n\t\r\n\t\r\n<\/div>\n<div id=\"frm_field_826_container\" class=\"frm_form_field form-field \">\r\n\t<div class=\"frm_submit\">\r\n\r\n<button class=\"frm_button_submit\" type=\"submit\" >Skicka<\/button>\r\n\r\n<\/div>\r\n<\/div>\n\t<input type=\"hidden\" name=\"item_key\" value=\"\" \/>\n\t\t\t<div id=\"frm_field_917_container\">\n\t\t\t<label for=\"field_zbpjv\" >\n\t\t\t\tOm du \u00e4r m\u00e4nsklig, l\u00e4mna det h\u00e4r f\u00e4ltet tomt.\t\t\t<\/label>\n\t\t\t<input  id=\"field_zbpjv\" type=\"text\" class=\"frm_form_field form-field frm_verify\" name=\"item_meta[917]\" value=\"\"  \/>\n\t\t<\/div>\n\t\t<input name=\"frm_state\" type=\"hidden\" value=\"1p9\/G6d4WQueJYjPsLVvrZ5tuff3ljQsf2IEphLNcD8=\" \/><\/div>\n<\/fieldset>\n<\/div>\n\n<\/form>\n<\/div>\n<p>&nbsp;<\/p>\n<p><a href=\"https:\/\/www.4h.se\/halland\/wp-content\/uploads\/sites\/69\/2015\/01\/L\u00e4ra-genom-att-g\u00f6ra.png\"><img loading=\"lazy\" decoding=\"async\" class=\"aligncenter size-full wp-image-2017\" src=\"https:\/\/www.4h.se\/halland\/wp-content\/uploads\/sites\/69\/2015\/01\/L\u00e4ra-genom-att-g\u00f6ra.png\" alt=\"L\u00e4ra genom att g\u00f6ra\" width=\"1213\" height=\"165\" srcset=\"https:\/\/www.4h.se\/halland\/wp-content\/uploads\/sites\/69\/2015\/01\/L\u00e4ra-genom-att-g\u00f6ra.png 1213w, https:\/\/www.4h.se\/halland\/wp-content\/uploads\/sites\/69\/2015\/01\/L\u00e4ra-genom-att-g\u00f6ra-170x23.png 170w, https:\/\/www.4h.se\/halland\/wp-content\/uploads\/sites\/69\/2015\/01\/L\u00e4ra-genom-att-g\u00f6ra-470x64.png 470w, https:\/\/www.4h.se\/halland\/wp-content\/uploads\/sites\/69\/2015\/01\/L\u00e4ra-genom-att-g\u00f6ra-970x132.png 970w\" sizes=\"auto, (max-width: 1213px) 100vw, 1213px\" \/><\/a>[\/vc_column_text][\/vc_column][vc_column width=&#8221;1\/4&#8243;][\/vc_column][\/vc_row][vc_row][vc_column offset=&#8221;vc_hidden-lg vc_hidden-md vc_hidden-sm vc_hidden-xs&#8221;][vc_column_text]<\/p>\n<h3>Jobba p\u00e5\u00a0matskolor<\/h3>\n<p>Vi arrangerar \u00e4ven dagl\u00e4ger d\u00e4r st\u00f6rsta fokuset ligger p\u00e5 matlagning. V\u00e5ra matskolor sker i flera kommuner runt om i Halland i hemkunskapssalar. Under en vecka lagar deltagarna frukost, lunch och n\u00e5gon form av fika och det \u00e4r din tillsammans med de andra ledarnas uppgift att l\u00e4ra dem! Ett v\u00e4ldigt kul och l\u00e4rorikt jobb \u00e4ven f\u00f6r ledarna.<\/p>\n<p>Mellan matlagningspassen sker det korta utbildningar kring livsmedel, klimat och hush\u00e5ll. En av dagarna bes\u00f6ker deltagarna tillsammans med ledarna en livsmedelsproducent i Halland, vilket kan vara en kvarn, ett bageri, en bondg\u00e5rd eller liknande!<\/p>\n<p>&nbsp;<\/p>\n<h4><strong>Vi s\u00f6ker just nu<\/strong><\/h4>\n<p><strong>Huvudledare \u00f6ver 18 \u00e5r.\u00a0<\/strong><\/p>\n<p>Som huvudledare ser man till att alla deltagare m\u00e5r bra och hj\u00e4lper dem med matlagning. Som huvudledare \u00e4r det meriterande ifall du har tillg\u00e5ng till k\u00f6rkort, \u00e4ven en bonus ifall\u00a0du har egen bil men inget krav. \u00c4ven bra ifall du har tidigare erfarenheter av barn, relevanta studier som t.ex. barn- och fritid, l\u00e4rarprogram, resturang eller liknade.<\/p>\n<p>Har du tidigare jobbat i matbutik, caf\u00e9 eller resturang kommer du ha nytta av dina erfarenheter. Inget krav p\u00e5 att man ska vara professionell kock, men man ska p\u00e5 ett pedagogiskt s\u00e4tt kunna l\u00e4ra ut grunden i matlagning.<\/p>\n<p>Som l\u00e4gerledare blir du snabbt en f\u00f6rebild f\u00f6r deltagarna s\u00e5 att vara omt\u00e4nksam, kreativ och positiv \u00e4r alltid bra egenskaper! Alla ledare utbildas av oss f\u00f6r att f\u00e5 alla tips och l\u00e4ra sig det man beh\u00f6ver f\u00f6r att skapa s\u00e5 bra l\u00e4ger som m\u00f6jligt tillsammans med de andra ledarna man jobbar med!<\/p>\n<p>&nbsp;<\/p>\n<p><strong>Hj\u00e4lpledare minst 16 \u00e5r\u00a0<\/strong><\/p>\n<p>Som hj\u00e4lpledare \u00e4r du med som ledare och ser till att alla deltagare m\u00e5r bra och har kul. Jobbet som hj\u00e4lpledare och huvudledare \u00e4r relativt likt, man utf\u00f6r ungef\u00e4r samma arbetsuppgifter. Skillnaden mellan en hj\u00e4lpledare och en huvudledare \u00e4r egentligen inte speciellt stor, borts\u00e4tt fr\u00e5n att man som hj\u00e4lpledare har mindre ansvar.<\/p>\n<p>Kanske har man f\u00f6r n\u00e5got \u00e5r sedan sj\u00e4lv deltagit som l\u00e4gerdeltagare och nu vill ta steget till att jobba som ledare? D\u00e5 \u00e4r jobbet perfekt f\u00f6r dig!<\/p>\n<p>Vi ser framemot din ans\u00f6kan![\/vc_column_text][vc_single_image image=&#8221;1839&#8243; img_size=&#8221;500&#8243; alignment=&#8221;center&#8221;][\/vc_column][\/vc_row]<\/p>\n<\/div>","protected":false},"excerpt":{"rendered":"<p>[vc_row][vc_column][vc_single_image image=&#8221;2554&#8243; img_size=&#8221;2000&#215;500&#8243; alignment=&#8221;center&#8221; style=&#8221;vc_box_rounded&#8221;][\/vc_column][\/vc_row][vc_row][vc_column width=&#8221;1\/2&#8243;][vc_column_text] Sommarens roligaste sommarjobb! Fyll i formul\u00e4ret h\u00e4r nedan s\u00e5 kontaktar vi dig! Vi har sedan 40-talet arrangerat l\u00e4ger och vet precis hur man ska f\u00e5 till en bra l\u00e4gerk\u00e4nsla och skapa en s\u00e5 bra sommarvecka som m\u00f6jligt f\u00f6r v\u00e5ra drygt 400 deltagare. En stor del av hur vida ett&nbsp; <a href=\"https:\/\/www.4h.se\/halland\/lediga-jobb\/\">&hellip; Read more <i class=\"glyphicon glyphicon-arrow-right\"><\/i><\/a><\/p>\n","protected":false},"author":67,"featured_media":0,"parent":0,"menu_order":126,"comment_status":"closed","ping_status":"closed","template":"","meta":{"footnotes":""},"class_list":["post-398","page","type-page","status-publish","hentry"],"yoast_head":"<!-- This site is optimized with the Yoast SEO plugin v27.4 - https:\/\/yoast.com\/product\/yoast-seo-wordpress\/ -->\n<title>Lediga jobb - 4H i Halland<\/title>\n<meta name=\"description\" content=\"Jobba som l\u00e4gerledare och s\u00f6k lediga jobb p\u00e5 v\u00e5ra l\u00e4ger!\" \/>\n<meta name=\"robots\" content=\"index, follow, max-snippet:-1, max-image-preview:large, max-video-preview:-1\" \/>\n<link rel=\"canonical\" href=\"https:\/\/www.4h.se\/halland\/lediga-jobb\/\" \/>\n<meta property=\"og:locale\" content=\"sv_SE\" \/>\n<meta property=\"og:type\" content=\"article\" \/>\n<meta property=\"og:title\" content=\"Lediga jobb - 4H i Halland\" \/>\n<meta property=\"og:description\" content=\"Jobba som l\u00e4gerledare och s\u00f6k lediga jobb p\u00e5 v\u00e5ra l\u00e4ger!\" \/>\n<meta property=\"og:url\" content=\"https:\/\/www.4h.se\/halland\/lediga-jobb\/\" \/>\n<meta property=\"og:site_name\" content=\"4H i Halland\" \/>\n<meta property=\"article:publisher\" content=\"https:\/\/www.facebook.com\/hallands4h\/\" \/>\n<meta property=\"article:modified_time\" content=\"2026-03-25T15:20:08+00:00\" \/>\n<meta name=\"twitter:card\" content=\"summary_large_image\" \/>\n<meta name=\"twitter:site\" content=\"@Hallands4H\" \/>\n<meta name=\"twitter:label1\" content=\"Ber\u00e4knad l\u00e4stid\" \/>\n\t<meta name=\"twitter:data1\" content=\"7 minuter\" \/>\n<script type=\"application\/ld+json\" class=\"yoast-schema-graph\">{\"@context\":\"https:\\\/\\\/schema.org\",\"@graph\":[{\"@type\":\"WebPage\",\"@id\":\"https:\\\/\\\/www.4h.se\\\/halland\\\/lediga-jobb\\\/\",\"url\":\"https:\\\/\\\/www.4h.se\\\/halland\\\/lediga-jobb\\\/\",\"name\":\"Lediga jobb - 4H i Halland\",\"isPartOf\":{\"@id\":\"https:\\\/\\\/www.4h.se\\\/halland\\\/#website\"},\"datePublished\":\"2016-10-18T09:19:30+00:00\",\"dateModified\":\"2026-03-25T15:20:08+00:00\",\"description\":\"Jobba som l\u00e4gerledare och s\u00f6k lediga jobb p\u00e5 v\u00e5ra l\u00e4ger!\",\"breadcrumb\":{\"@id\":\"https:\\\/\\\/www.4h.se\\\/halland\\\/lediga-jobb\\\/#breadcrumb\"},\"inLanguage\":\"sv-SE\",\"potentialAction\":[{\"@type\":\"ReadAction\",\"target\":[\"https:\\\/\\\/www.4h.se\\\/halland\\\/lediga-jobb\\\/\"]}]},{\"@type\":\"BreadcrumbList\",\"@id\":\"https:\\\/\\\/www.4h.se\\\/halland\\\/lediga-jobb\\\/#breadcrumb\",\"itemListElement\":[{\"@type\":\"ListItem\",\"position\":1,\"name\":\"Hem\",\"item\":\"https:\\\/\\\/www.4h.se\\\/halland\\\/\"},{\"@type\":\"ListItem\",\"position\":2,\"name\":\"Lediga jobb\"}]},{\"@type\":\"WebSite\",\"@id\":\"https:\\\/\\\/www.4h.se\\\/halland\\\/#website\",\"url\":\"https:\\\/\\\/www.4h.se\\\/halland\\\/\",\"name\":\"4H i Halland\",\"description\":\"Av unga f\u00f6r unga\",\"potentialAction\":[{\"@type\":\"SearchAction\",\"target\":{\"@type\":\"EntryPoint\",\"urlTemplate\":\"https:\\\/\\\/www.4h.se\\\/halland\\\/?s={search_term_string}\"},\"query-input\":{\"@type\":\"PropertyValueSpecification\",\"valueRequired\":true,\"valueName\":\"search_term_string\"}}],\"inLanguage\":\"sv-SE\"}]}<\/script>\n<!-- \/ Yoast SEO plugin. -->","yoast_head_json":{"title":"Lediga jobb - 4H i Halland","description":"Jobba som l\u00e4gerledare och s\u00f6k lediga jobb p\u00e5 v\u00e5ra l\u00e4ger!","robots":{"index":"index","follow":"follow","max-snippet":"max-snippet:-1","max-image-preview":"max-image-preview:large","max-video-preview":"max-video-preview:-1"},"canonical":"https:\/\/www.4h.se\/halland\/lediga-jobb\/","og_locale":"sv_SE","og_type":"article","og_title":"Lediga jobb - 4H i Halland","og_description":"Jobba som l\u00e4gerledare och s\u00f6k lediga jobb p\u00e5 v\u00e5ra l\u00e4ger!","og_url":"https:\/\/www.4h.se\/halland\/lediga-jobb\/","og_site_name":"4H i Halland","article_publisher":"https:\/\/www.facebook.com\/hallands4h\/","article_modified_time":"2026-03-25T15:20:08+00:00","twitter_card":"summary_large_image","twitter_site":"@Hallands4H","twitter_misc":{"Ber\u00e4knad l\u00e4stid":"7 minuter"},"schema":{"@context":"https:\/\/schema.org","@graph":[{"@type":"WebPage","@id":"https:\/\/www.4h.se\/halland\/lediga-jobb\/","url":"https:\/\/www.4h.se\/halland\/lediga-jobb\/","name":"Lediga jobb - 4H i Halland","isPartOf":{"@id":"https:\/\/www.4h.se\/halland\/#website"},"datePublished":"2016-10-18T09:19:30+00:00","dateModified":"2026-03-25T15:20:08+00:00","description":"Jobba som l\u00e4gerledare och s\u00f6k lediga jobb p\u00e5 v\u00e5ra l\u00e4ger!","breadcrumb":{"@id":"https:\/\/www.4h.se\/halland\/lediga-jobb\/#breadcrumb"},"inLanguage":"sv-SE","potentialAction":[{"@type":"ReadAction","target":["https:\/\/www.4h.se\/halland\/lediga-jobb\/"]}]},{"@type":"BreadcrumbList","@id":"https:\/\/www.4h.se\/halland\/lediga-jobb\/#breadcrumb","itemListElement":[{"@type":"ListItem","position":1,"name":"Hem","item":"https:\/\/www.4h.se\/halland\/"},{"@type":"ListItem","position":2,"name":"Lediga jobb"}]},{"@type":"WebSite","@id":"https:\/\/www.4h.se\/halland\/#website","url":"https:\/\/www.4h.se\/halland\/","name":"4H i Halland","description":"Av unga f\u00f6r unga","potentialAction":[{"@type":"SearchAction","target":{"@type":"EntryPoint","urlTemplate":"https:\/\/www.4h.se\/halland\/?s={search_term_string}"},"query-input":{"@type":"PropertyValueSpecification","valueRequired":true,"valueName":"search_term_string"}}],"inLanguage":"sv-SE"}]}},"_links":{"self":[{"href":"https:\/\/www.4h.se\/halland\/wp-json\/wp\/v2\/pages\/398","targetHints":{"allow":["GET"]}}],"collection":[{"href":"https:\/\/www.4h.se\/halland\/wp-json\/wp\/v2\/pages"}],"about":[{"href":"https:\/\/www.4h.se\/halland\/wp-json\/wp\/v2\/types\/page"}],"author":[{"embeddable":true,"href":"https:\/\/www.4h.se\/halland\/wp-json\/wp\/v2\/users\/67"}],"replies":[{"embeddable":true,"href":"https:\/\/www.4h.se\/halland\/wp-json\/wp\/v2\/comments?post=398"}],"version-history":[{"count":0,"href":"https:\/\/www.4h.se\/halland\/wp-json\/wp\/v2\/pages\/398\/revisions"}],"wp:attachment":[{"href":"https:\/\/www.4h.se\/halland\/wp-json\/wp\/v2\/media?parent=398"}],"curies":[{"name":"wp","href":"https:\/\/api.w.org\/{rel}","templated":true}]}}