



{"id":3219,"date":"2026-05-06T12:54:07","date_gmt":"2026-05-06T10:54:07","guid":{"rendered":"https:\/\/www.4h.se\/halland\/?page_id=3219"},"modified":"2026-05-06T14:30:23","modified_gmt":"2026-05-06T12:30:23","slug":"bli-ledare-4h-halland","status":"publish","type":"page","link":"https:\/\/www.4h.se\/halland\/engagera-dig\/bli-ledare-4h-halland\/","title":{"rendered":"Bli ledare &#8211; 4H Halland"},"content":{"rendered":"<div class=\"wpb-content-wrapper\"><p>[vc_row][vc_column width=&#8221;1\/2&#8243;][vc_column_text css=&#8221;&#8221;]<\/p>\n<h3><strong>Vill du engagera dig ideellt n\u00e4ra d\u00e4r du bor?<\/strong><br \/>\nD\u00e5 \u00e4r du varmt v\u00e4lkommen till Hallands 4H!<\/h3>\n<p>H\u00e4r kan du bli ledare, planera aktiviteter och vara en del av en gemenskap d\u00e4r unga leder unga.<\/p>\n<p>Du beh\u00f6ver inte kunna allt fr\u00e5n b\u00f6rjan \u2013 du l\u00e4r dig l\u00e4ngs v\u00e4gen.<br \/>\nHos oss f\u00e5r du testa, v\u00e4xa och g\u00f6ra n\u00e5got som faktiskt betyder n\u00e5got.<\/p>\n<p>Samtidigt f\u00e5r du nya v\u00e4nner, erfarenhet av ledarskap och n\u00e5got att ta med dig vidare i livet \u2013 b\u00e5de i skolan och i framtida jobb.<\/p>\n<p>&nbsp;<\/p>\n<h2>\u00c4r du intresserad mejla &#8211; <a href=\"mailto:halland@4h.se\">halland@4h.se<\/a><\/h2>\n<p>[\/vc_column_text][\/vc_column][vc_column width=&#8221;1\/2&#8243;][vc_single_image image=&#8221;2842&#8243; img_size=&#8221;medium&#8221; css=&#8221;&#8221;][vc_separator color=&#8221;white&#8221; css=&#8221;&#8221;][\/vc_column][\/vc_row][vc_row][vc_column][vc_column_text css=&#8221;&#8221;]<\/p>\n<h1 style=\"text-align: center;\">Detta s\u00e4ger v\u00e5ra ledare:<\/h1>\n<p>[\/vc_column_text][vc_separator color=&#8221;white&#8221; css=&#8221;&#8221;][\/vc_column][\/vc_row][vc_row][vc_column width=&#8221;1\/2&#8243;][vc_column_text css=&#8221;&#8221;]<\/p>\n<blockquote data-start=\"343\" data-end=\"476\">\n<p data-start=\"345\" data-end=\"476\">\u201cJag tycker det \u00e4r viktigt med en trygg fritid f\u00f6r barn och unga \u2013 och jag vill vara med och bidra till det.\u201d<br data-start=\"454\" data-end=\"457\">\u2013 Ledare, 17 \u00e5r<\/p>\n<\/blockquote>\n<blockquote data-start=\"478\" data-end=\"570\">\n<p data-start=\"480\" data-end=\"570\">\u201cDet var l\u00e4tt att komma in i gruppen, ta plats och komma med id\u00e9er.\u201d<br data-start=\"548\" data-end=\"551\">\u2013 Ledare, 17 \u00e5r<\/p>\n<\/blockquote>\n<blockquote data-start=\"572\" data-end=\"658\">\n<p data-start=\"574\" data-end=\"658\">\u201cMan kan alltid fr\u00e5ga om hj\u00e4lp \u2013 alla \u00e4r v\u00e4ldigt v\u00e4lkomnande.\u201d<br data-start=\"636\" data-end=\"639\">\u2013 Ledare, 17 \u00e5r<\/p>\n<\/blockquote>\n<blockquote data-start=\"660\" data-end=\"753\">\n<p data-start=\"662\" data-end=\"753\">\u201cDet b\u00e4sta \u00e4r att jag kan bidra till n\u00e5got roligt f\u00f6r barn och unga.\u201d<br data-start=\"731\" data-end=\"734\">\u2013 Ledare, 17 \u00e5r<\/p>\n<\/blockquote>\n<blockquote data-start=\"755\" data-end=\"847\">\n<p data-start=\"757\" data-end=\"847\">\u201cHar man tid och m\u00f6jlighet ska man absolut testa \u2013 det \u00e4r v\u00e4rt det.\u201d<br data-start=\"825\" data-end=\"828\">\u2013 Ledare, 17 \u00e5r<\/p>\n<\/blockquote>\n<p>[\/vc_column_text][vc_single_image image=&#8221;3041&#8243; img_size=&#8221;medium&#8221; alignment=&#8221;center&#8221; style=&#8221;vc_box_outline_circle&#8221; css=&#8221;&#8221;][\/vc_column][vc_column width=&#8221;1\/2&#8243;][vc_column_text css=&#8221;&#8221;]<\/p>\n<blockquote data-start=\"273\" data-end=\"388\">\n<p data-start=\"275\" data-end=\"388\">\u201cJag gillar att jobba med barn och tyckte det var perfekt att det var n\u00e4ra och lagom ofta.\u201d<br data-start=\"366\" data-end=\"369\">\u2013 Ledare 2, 17 \u00e5r<\/p>\n<\/blockquote>\n<blockquote data-start=\"390\" data-end=\"503\">\n<p data-start=\"392\" data-end=\"503\">\u201cJag var lite os\u00e4ker i b\u00f6rjan eftersom jag redan \u00e4r ledare, men det har funkat j\u00e4ttebra.\u201d<br data-start=\"481\" data-end=\"484\">\u2013 Ledare 2, 17 \u00e5r<\/p>\n<\/blockquote>\n<blockquote data-start=\"505\" data-end=\"604\">\n<p data-start=\"507\" data-end=\"604\">\u201cMan fick ett j\u00e4ttebra bem\u00f6tande direkt och mycket st\u00f6d fr\u00e5n andra ledare.\u201d<br data-start=\"582\" data-end=\"585\">\u2013 Ledare 2, 17 \u00e5r<\/p>\n<\/blockquote>\n<blockquote data-start=\"606\" data-end=\"696\">\n<p data-start=\"608\" data-end=\"696\">\u201cDet \u00e4r l\u00e4tt att veta vart man ska v\u00e4nda sig om man undrar n\u00e5got.\u201d<br data-start=\"674\" data-end=\"677\">\u2013 Ledare 2, 17 \u00e5r<\/p>\n<\/blockquote>\n<blockquote data-start=\"698\" data-end=\"786\">\n<p data-start=\"700\" data-end=\"786\">\u201cDet b\u00e4sta \u00e4r att man ser att barnen blir glada av det man g\u00f6r.\u201d<br data-start=\"764\" data-end=\"767\">\u2013 Ledare 2, 17 \u00e5r<\/p>\n<\/blockquote>\n<blockquote data-start=\"788\" data-end=\"860\">\n<p data-start=\"790\" data-end=\"860\">\u201cK\u00f6r p\u00e5 och tveka inte \u2013 det \u00e4r v\u00e4rt att testa!\u201d<br data-start=\"838\" data-end=\"841\">\u2013 Ledare 2, 17 \u00e5r<\/p>\n<\/blockquote>\n<p>[\/vc_column_text][vc_single_image image=&#8221;2929&#8243; img_size=&#8221;medium&#8221; alignment=&#8221;center&#8221; style=&#8221;vc_box_circle&#8221; css=&#8221;&#8221;][\/vc_column][\/vc_row][vc_row][vc_column][vc_single_image image=&#8221;2883&#8243; img_size=&#8221;larg&#8221; alignment=&#8221;center&#8221; css=&#8221;&#8221;][\/vc_column][\/vc_row][vc_row][vc_column][vc_single_image image=&#8221;2928&#8243; img_size=&#8221;Larg&#8221; alignment=&#8221;center&#8221; css=&#8221;&#8221;][\/vc_column][\/vc_row]<\/p>\n<\/div>","protected":false},"excerpt":{"rendered":"<p>[vc_row][vc_column width=&#8221;1\/2&#8243;][vc_column_text css=&#8221;&#8221;] Vill du engagera dig ideellt n\u00e4ra d\u00e4r du bor? D\u00e5 \u00e4r du varmt v\u00e4lkommen till Hallands 4H! H\u00e4r kan du bli ledare, planera aktiviteter och vara en del av en gemenskap d\u00e4r unga leder unga. Du beh\u00f6ver inte kunna allt fr\u00e5n b\u00f6rjan \u2013 du l\u00e4r dig l\u00e4ngs v\u00e4gen. Hos oss f\u00e5r du&nbsp; <a href=\"https:\/\/www.4h.se\/halland\/engagera-dig\/bli-ledare-4h-halland\/\">&hellip; Read more <i class=\"glyphicon glyphicon-arrow-right\"><\/i><\/a><\/p>\n","protected":false},"author":142,"featured_media":0,"parent":1912,"menu_order":0,"comment_status":"closed","ping_status":"closed","template":"page-full-width.php","meta":{"_acf_changed":false,"footnotes":""},"class_list":["post-3219","page","type-page","status-publish","hentry"],"acf":[],"yoast_head":"<!-- This site is optimized with the Yoast SEO plugin v27.5 - https:\/\/yoast.com\/product\/yoast-seo-wordpress\/ -->\n<title>Bli ledare - 4H Halland - 4H i Halland<\/title>\n<meta name=\"robots\" content=\"index, follow, max-snippet:-1, max-image-preview:large, max-video-preview:-1\" \/>\n<link rel=\"canonical\" href=\"https:\/\/www.4h.se\/halland\/engagera-dig\/bli-ledare-4h-halland\/\" \/>\n<meta property=\"og:locale\" content=\"sv_SE\" \/>\n<meta property=\"og:type\" content=\"article\" \/>\n<meta property=\"og:title\" content=\"Bli ledare - 4H Halland - 4H i Halland\" \/>\n<meta property=\"og:description\" content=\"[vc_row][vc_column width=&#8221;1\/2&#8243;][vc_column_text css=&#8221;&#8221;] Vill du engagera dig ideellt n\u00e4ra d\u00e4r du bor? D\u00e5 \u00e4r du varmt v\u00e4lkommen till Hallands 4H! H\u00e4r kan du bli ledare, planera aktiviteter och vara en del av en gemenskap d\u00e4r unga leder unga. Du beh\u00f6ver inte kunna allt fr\u00e5n b\u00f6rjan \u2013 du l\u00e4r dig l\u00e4ngs v\u00e4gen. Hos oss f\u00e5r du&nbsp; &hellip; Read more\" \/>\n<meta property=\"og:url\" content=\"https:\/\/www.4h.se\/halland\/engagera-dig\/bli-ledare-4h-halland\/\" \/>\n<meta property=\"og:site_name\" content=\"4H i Halland\" \/>\n<meta property=\"article:publisher\" content=\"https:\/\/www.facebook.com\/hallands4h\/\" \/>\n<meta property=\"article:modified_time\" content=\"2026-05-06T12:30:23+00:00\" \/>\n<meta name=\"twitter:card\" content=\"summary_large_image\" \/>\n<meta name=\"twitter:site\" content=\"@Hallands4H\" \/>\n<script type=\"application\/ld+json\" class=\"yoast-schema-graph\">{\"@context\":\"https:\\\/\\\/schema.org\",\"@graph\":[{\"@type\":\"WebPage\",\"@id\":\"https:\\\/\\\/www.4h.se\\\/halland\\\/engagera-dig\\\/bli-ledare-4h-halland\\\/\",\"url\":\"https:\\\/\\\/www.4h.se\\\/halland\\\/engagera-dig\\\/bli-ledare-4h-halland\\\/\",\"name\":\"Bli ledare - 4H Halland - 4H i Halland\",\"isPartOf\":{\"@id\":\"https:\\\/\\\/www.4h.se\\\/halland\\\/#website\"},\"datePublished\":\"2026-05-06T10:54:07+00:00\",\"dateModified\":\"2026-05-06T12:30:23+00:00\",\"breadcrumb\":{\"@id\":\"https:\\\/\\\/www.4h.se\\\/halland\\\/engagera-dig\\\/bli-ledare-4h-halland\\\/#breadcrumb\"},\"inLanguage\":\"sv-SE\",\"potentialAction\":[{\"@type\":\"ReadAction\",\"target\":[\"https:\\\/\\\/www.4h.se\\\/halland\\\/engagera-dig\\\/bli-ledare-4h-halland\\\/\"]}]},{\"@type\":\"BreadcrumbList\",\"@id\":\"https:\\\/\\\/www.4h.se\\\/halland\\\/engagera-dig\\\/bli-ledare-4h-halland\\\/#breadcrumb\",\"itemListElement\":[{\"@type\":\"ListItem\",\"position\":1,\"name\":\"Hem\",\"item\":\"https:\\\/\\\/www.4h.se\\\/halland\\\/\"},{\"@type\":\"ListItem\",\"position\":2,\"name\":\"Engagera dig\",\"item\":\"https:\\\/\\\/www.4h.se\\\/halland\\\/engagera-dig\\\/\"},{\"@type\":\"ListItem\",\"position\":3,\"name\":\"Bli ledare &#8211; 4H Halland\"}]},{\"@type\":\"WebSite\",\"@id\":\"https:\\\/\\\/www.4h.se\\\/halland\\\/#website\",\"url\":\"https:\\\/\\\/www.4h.se\\\/halland\\\/\",\"name\":\"4H i Halland\",\"description\":\"Av unga f\u00f6r unga\",\"potentialAction\":[{\"@type\":\"SearchAction\",\"target\":{\"@type\":\"EntryPoint\",\"urlTemplate\":\"https:\\\/\\\/www.4h.se\\\/halland\\\/?s={search_term_string}\"},\"query-input\":{\"@type\":\"PropertyValueSpecification\",\"valueRequired\":true,\"valueName\":\"search_term_string\"}}],\"inLanguage\":\"sv-SE\"}]}<\/script>\n<!-- \/ Yoast SEO plugin. -->","yoast_head_json":{"title":"Bli ledare - 4H Halland - 4H i Halland","robots":{"index":"index","follow":"follow","max-snippet":"max-snippet:-1","max-image-preview":"max-image-preview:large","max-video-preview":"max-video-preview:-1"},"canonical":"https:\/\/www.4h.se\/halland\/engagera-dig\/bli-ledare-4h-halland\/","og_locale":"sv_SE","og_type":"article","og_title":"Bli ledare - 4H Halland - 4H i Halland","og_description":"[vc_row][vc_column width=&#8221;1\/2&#8243;][vc_column_text css=&#8221;&#8221;] Vill du engagera dig ideellt n\u00e4ra d\u00e4r du bor? D\u00e5 \u00e4r du varmt v\u00e4lkommen till Hallands 4H! H\u00e4r kan du bli ledare, planera aktiviteter och vara en del av en gemenskap d\u00e4r unga leder unga. Du beh\u00f6ver inte kunna allt fr\u00e5n b\u00f6rjan \u2013 du l\u00e4r dig l\u00e4ngs v\u00e4gen. Hos oss f\u00e5r du&nbsp; &hellip; Read more","og_url":"https:\/\/www.4h.se\/halland\/engagera-dig\/bli-ledare-4h-halland\/","og_site_name":"4H i Halland","article_publisher":"https:\/\/www.facebook.com\/hallands4h\/","article_modified_time":"2026-05-06T12:30:23+00:00","twitter_card":"summary_large_image","twitter_site":"@Hallands4H","schema":{"@context":"https:\/\/schema.org","@graph":[{"@type":"WebPage","@id":"https:\/\/www.4h.se\/halland\/engagera-dig\/bli-ledare-4h-halland\/","url":"https:\/\/www.4h.se\/halland\/engagera-dig\/bli-ledare-4h-halland\/","name":"Bli ledare - 4H Halland - 4H i Halland","isPartOf":{"@id":"https:\/\/www.4h.se\/halland\/#website"},"datePublished":"2026-05-06T10:54:07+00:00","dateModified":"2026-05-06T12:30:23+00:00","breadcrumb":{"@id":"https:\/\/www.4h.se\/halland\/engagera-dig\/bli-ledare-4h-halland\/#breadcrumb"},"inLanguage":"sv-SE","potentialAction":[{"@type":"ReadAction","target":["https:\/\/www.4h.se\/halland\/engagera-dig\/bli-ledare-4h-halland\/"]}]},{"@type":"BreadcrumbList","@id":"https:\/\/www.4h.se\/halland\/engagera-dig\/bli-ledare-4h-halland\/#breadcrumb","itemListElement":[{"@type":"ListItem","position":1,"name":"Hem","item":"https:\/\/www.4h.se\/halland\/"},{"@type":"ListItem","position":2,"name":"Engagera dig","item":"https:\/\/www.4h.se\/halland\/engagera-dig\/"},{"@type":"ListItem","position":3,"name":"Bli ledare &#8211; 4H Halland"}]},{"@type":"WebSite","@id":"https:\/\/www.4h.se\/halland\/#website","url":"https:\/\/www.4h.se\/halland\/","name":"4H i Halland","description":"Av unga f\u00f6r unga","potentialAction":[{"@type":"SearchAction","target":{"@type":"EntryPoint","urlTemplate":"https:\/\/www.4h.se\/halland\/?s={search_term_string}"},"query-input":{"@type":"PropertyValueSpecification","valueRequired":true,"valueName":"search_term_string"}}],"inLanguage":"sv-SE"}]}},"_links":{"self":[{"href":"https:\/\/www.4h.se\/halland\/wp-json\/wp\/v2\/pages\/3219","targetHints":{"allow":["GET"]}}],"collection":[{"href":"https:\/\/www.4h.se\/halland\/wp-json\/wp\/v2\/pages"}],"about":[{"href":"https:\/\/www.4h.se\/halland\/wp-json\/wp\/v2\/types\/page"}],"author":[{"embeddable":true,"href":"https:\/\/www.4h.se\/halland\/wp-json\/wp\/v2\/users\/142"}],"replies":[{"embeddable":true,"href":"https:\/\/www.4h.se\/halland\/wp-json\/wp\/v2\/comments?post=3219"}],"version-history":[{"count":0,"href":"https:\/\/www.4h.se\/halland\/wp-json\/wp\/v2\/pages\/3219\/revisions"}],"up":[{"embeddable":true,"href":"https:\/\/www.4h.se\/halland\/wp-json\/wp\/v2\/pages\/1912"}],"wp:attachment":[{"href":"https:\/\/www.4h.se\/halland\/wp-json\/wp\/v2\/media?parent=3219"}],"curies":[{"name":"wp","href":"https:\/\/api.w.org\/{rel}","templated":true}]}}