



{"id":2988,"date":"2025-01-17T14:56:39","date_gmt":"2025-01-17T13:56:39","guid":{"rendered":"https:\/\/www.4h.se\/halland\/?page_id=2988"},"modified":"2025-10-23T13:35:33","modified_gmt":"2025-10-23T11:35:33","slug":"matresan","status":"publish","type":"page","link":"https:\/\/www.4h.se\/halland\/matresan\/","title":{"rendered":"Matresan"},"content":{"rendered":"<div class=\"wpb-content-wrapper\"><p>[vc_row][vc_column width=&#8221;1\/2&#8243;][vc_column_text css=&#8221;&#8221;]<\/p>\n<h1>Bokningsformul\u00e4r f\u00f6r Matresan<\/h1>\n<p>[\/vc_column_text][vc_column_text css=&#8221;&#8221;]<div class=\"frm_forms  with_frm_style frm_style_formidable-style\" id=\"frm_form_96_container\" >\n<form enctype=\"multipart\/form-data\" method=\"post\" class=\"frm-show-form \" id=\"form_lzbu42\" >\n<div class=\"frm_form_fields \">\n<fieldset>\n<legend class=\"frm_hidden\">Bokningsformul\u00e4r f\u00f6r Matresan<\/legend>\r\n\r\n<div class=\"frm_fields_container\">\n<input type=\"hidden\" name=\"frm_action\" value=\"create\" \/>\n<input type=\"hidden\" name=\"form_id\" value=\"96\" \/>\n<input type=\"hidden\" name=\"frm_hide_fields_96\" id=\"frm_hide_fields_96\" value=\"\" \/>\n<input type=\"hidden\" name=\"form_key\" value=\"lzbu42\" \/>\n<input type=\"hidden\" name=\"item_meta[0]\" value=\"\" \/>\n<input type=\"hidden\" id=\"frm_submit_entry_96\" name=\"frm_submit_entry_96\" value=\"52f5dbe88d\" \/><input type=\"hidden\" name=\"_wp_http_referer\" value=\"\/halland\/wp-json\/wp\/v2\/pages\/2988\" \/><div id=\"frm_field_879_container\" class=\"frm_form_field form-field  frm_required_field frm_top_container frm12 frm_first\">\r\n\t<div id=\"field_wv2y8_label\" class=\"frm_primary_label\">Namn\r\n\t\t<span class=\"frm_required\" aria-hidden=\"true\">*<\/span>\r\n\t<\/div>\r\n\t<fieldset aria-labelledby=\"field_wv2y8_label\">\n\t<legend class=\"frm_screen_reader frm_hidden\">\n\t\tNamn\t<\/legend>\n\n\t<div  class=\"frm_combo_inputs_container\" id=\"frm_combo_inputs_container_879\" data-name-layout=\"first_last\">\n\t\t\t\t\t<div\n\t\t\t\tid=\"frm_field_879-first_container\"\n\t\t\t\tclass=\"frm_form_field form-field frm_form_subfield-first  frm6\"\n\t\t\t\tdata-sub-field-name=\"first\"\n\t\t\t>\n\t\t\t\t<label for=\"field_wv2y8_first\" class=\"frm_screen_reader frm_hidden\">\n\t\t\t\t\tF\u00f6rnamn\t\t\t\t<\/label>\n\n\t\t\t\t<input  type=\"text\" id=\"field_wv2y8_first\" value=\"\" name=\"item_meta[879][first]\" autocomplete=\"given-name\" data-reqmsg=\"Namn kan inte vara tom.\" aria-required=\"true\" data-invmsg=\"Namn \u00e4r ogiltigt\" aria-invalid=\"false\"  \/><div class=\"frm_description\" id=\"frm_field_879_first_desc\">F\u00f6rnamn<\/div>\t\t\t<\/div>\n\t\t\t\t\t\t<div\n\t\t\t\tid=\"frm_field_879-last_container\"\n\t\t\t\tclass=\"frm_form_field form-field frm_form_subfield-last  frm6\"\n\t\t\t\tdata-sub-field-name=\"last\"\n\t\t\t>\n\t\t\t\t<label for=\"field_wv2y8_last\" class=\"frm_screen_reader frm_hidden\">\n\t\t\t\t\tEfternamn\t\t\t\t<\/label>\n\n\t\t\t\t<input  type=\"text\" id=\"field_wv2y8_last\" value=\"\" name=\"item_meta[879][last]\" autocomplete=\"family-name\" data-reqmsg=\"Namn kan inte vara tom.\" aria-required=\"true\" data-invmsg=\"Namn \u00e4r ogiltigt\" aria-invalid=\"false\"  \/><div class=\"frm_description\" id=\"frm_field_879_last_desc\">Efternamn<\/div>\t\t\t<\/div>\n\t\t\t\t<\/div>\n<\/fieldset>\n\r\n\t\r\n\t\r\n<\/div>\n<div id=\"frm_field_862_container\" class=\"frm_form_field form-field  frm_required_field frm_top_container\">\r\n    <label for=\"field_o7wz52\" class=\"frm_primary_label\">Organisation (om till\u00e4mpligt)\r\n        <span class=\"frm_required\">*<\/span>\r\n    <\/label>\r\n    <input type=\"text\" id=\"field_o7wz52\" name=\"item_meta[862]\" value=\"\"  data-reqmsg=\"Detta f\u00e4lt kan inte vara tomt.\" aria-required=\"true\" data-invmsg=\"Organisation (om till\u00e4mpligt) \u00e4r ogiltigt\" aria-invalid=\"false\"  \/>\r\n    \r\n    \r\n<\/div>\n<div id=\"frm_field_878_container\" class=\"frm_form_field form-field  frm_required_field frm_top_container\">\r\n\t<label for=\"field_8b6l4\" id=\"field_8b6l4_label\" class=\"frm_primary_label\">Telefonnummer\r\n\t\t<span class=\"frm_required\" aria-hidden=\"true\">*<\/span>\r\n\t<\/label>\r\n\t<input type=\"tel\" id=\"field_8b6l4\" name=\"item_meta[878]\" value=\"\"  data-reqmsg=\"Telefonnummer kan inte vara tom.\" aria-required=\"true\" data-invmsg=\"Telefonnummer \u00e4r ogiltigt\" aria-invalid=\"false\" pattern=\"((\\+\\d{1,3}(-|.| )?\\(?\\d\\)?(-| |.)?\\d{1,5})|(\\(?\\d{2,6}\\)?))(-|.| )?(\\d{3,4})(-|.| )?(\\d{4})(( x| ext)\\d{1,5}){0,1}$\"  \/>\r\n\t\r\n\t\r\n<\/div>\n<div id=\"frm_field_869_container\" class=\"frm_form_field form-field  frm_required_field frm_top_container\">\r\n    <label for=\"field_29n2o2\" class=\"frm_primary_label\">E-postadress\r\n        <span class=\"frm_required\">*<\/span>\r\n    <\/label>\r\n    <input type=\"email\" id=\"field_29n2o2\" name=\"item_meta[869]\" value=\"\"  data-reqmsg=\"Detta f\u00e4lt kan inte vara tomt.\" aria-required=\"true\" data-invmsg=\"E-postadress \u00e4r ogiltigt\" aria-invalid=\"false\"  \/>\r\n    \r\n    \r\n<\/div>\n<div id=\"frm_field_870_container\" class=\"frm_form_field form-field  frm_required_field frm_top_container frm6 frm_first\">\r\n    <label for=\"field_lnixk2\" class=\"frm_primary_label\">\u00d6nskat hyresdatum fr\u00e5n:\r\n        <span class=\"frm_required\">*<\/span>\r\n    <\/label>\r\n    <input type=\"text\" id=\"field_lnixk2\" name=\"item_meta[870]\" value=\"\"  data-reqmsg=\"Detta f\u00e4lt kan inte vara tomt.\" aria-required=\"true\" data-invmsg=\"\u00d6nskat hyresdatum fr\u00e5n: \u00e4r ogiltigt\" aria-invalid=\"false\"  \/>\r\n    \r\n    \r\n<\/div>\n<div id=\"frm_field_883_container\" class=\"frm_form_field form-field  frm_required_field frm_top_container frm6\">\r\n\t<label for=\"field_a4sge\" id=\"field_a4sge_label\" class=\"frm_primary_label\">Till:\r\n\t\t<span class=\"frm_required\" aria-hidden=\"true\">*<\/span>\r\n\t<\/label>\r\n\t<input type=\"text\" id=\"field_a4sge\" name=\"item_meta[883]\" value=\"\"  data-reqmsg=\"Till: kan inte vara tom.\" aria-required=\"true\" data-invmsg=\"Till: \u00e4r ogiltigt\" aria-invalid=\"false\"  \/>\r\n\t\r\n\t\r\n<\/div>\n<div id=\"frm_field_884_container\" class=\"frm_form_field form-field  frm_required_field frm_top_container frm12 frm_first\">\r\n\t<label for=\"field_dcf0e\" id=\"field_dcf0e_label\" class=\"frm_primary_label\">Typ av aktivitet\r\n\t\t<span class=\"frm_required\" aria-hidden=\"true\">*<\/span>\r\n\t<\/label>\r\n\t<input type=\"text\" id=\"field_dcf0e\" name=\"item_meta[884]\" value=\"\"  data-reqmsg=\"Typ av aktivitet kan inte vara tom.\" aria-required=\"true\" data-invmsg=\"Typ av aktivitet \u00e4r ogiltigt\" aria-invalid=\"false\"  \/>\r\n\t\r\n\t\r\n<\/div>\n<div id=\"frm_field_885_container\" class=\"frm_form_field form-field  frm_required_field frm_top_container frm6 frm_first\">\r\n\t<label for=\"field_cv6os\" id=\"field_cv6os_label\" class=\"frm_primary_label\">Uppskattat antal deltagare\r\n\t\t<span class=\"frm_required\" aria-hidden=\"true\">*<\/span>\r\n\t<\/label>\r\n\t<input type=\"text\" id=\"field_cv6os\" name=\"item_meta[885]\" value=\"\"  data-reqmsg=\"Uppskattat antal deltagare kan inte vara tom.\" aria-required=\"true\" data-invmsg=\"Uppskattat antal deltagare \u00e4r ogiltigt\" aria-invalid=\"false\"  \/>\r\n\t\r\n\t\r\n<\/div>\n<div id=\"frm_field_886_container\" class=\"frm_form_field form-field  frm_required_field frm_top_container frm6\">\r\n\t<label for=\"field_wnpf2\" id=\"field_wnpf2_label\" class=\"frm_primary_label\">\u00c5lder p\u00e5 deltagarna\r\n\t\t<span class=\"frm_required\" aria-hidden=\"true\">*<\/span>\r\n\t<\/label>\r\n\t<input type=\"text\" id=\"field_wnpf2\" name=\"item_meta[886]\" value=\"\"  data-reqmsg=\"\u00c5lder p\u00e5 deltagarna kan inte vara tom.\" aria-required=\"true\" data-invmsg=\"\u00c5lder p\u00e5 deltagarna \u00e4r ogiltigt\" aria-invalid=\"false\"  \/>\r\n\t\r\n\t\r\n<\/div>\n<div id=\"frm_field_887_container\" class=\"frm_form_field form-field  frm_required_field frm_top_container frm12 frm_first\">\r\n\t<label for=\"field_t2u49\" id=\"field_t2u49_label\" class=\"frm_primary_label\">Plats f\u00f6r aktiviteten\r\n\t\t<span class=\"frm_required\" aria-hidden=\"true\">*<\/span>\r\n\t<\/label>\r\n\t<input type=\"text\" id=\"field_t2u49\" name=\"item_meta[887]\" value=\"\"  data-reqmsg=\"Plats f\u00f6r aktiviteten kan inte vara tom.\" aria-required=\"true\" data-invmsg=\"Plats f\u00f6r aktiviteten \u00e4r ogiltigt\" aria-invalid=\"false\"  \/>\r\n\t\r\n\t\r\n<\/div>\n<div id=\"frm_field_888_container\" class=\"frm_form_field form-field  frm_required_field frm_top_container vertical_radio\">\r\n\t<div id=\"field_chog5_label\" class=\"frm_primary_label\">Har du erfarenhet av att k\u00f6ra med sl\u00e4p?\r\n\t\t<span class=\"frm_required\" aria-hidden=\"true\">*<\/span>\r\n\t<\/div>\r\n\t<div class=\"frm_opt_container\" role=\"radiogroup\" aria-required=\"true\">\t\t<div class=\"frm_radio\" id=\"frm_radio_888-0\">\t\t\t<label  for=\"field_chog5-0\">\n\t\t\t\t\t<input type=\"radio\" name=\"item_meta[888]\" id=\"field_chog5-0\" value=\"Ja\"\n\t\t data-reqmsg=\"Har du erfarenhet av att k\u00f6ra med sl\u00e4p? kan inte vara tom.\" data-invmsg=\"Har du erfarenhet av att k\u00f6ra med sl\u00e4p? \u00e4r ogiltigt\"   \/> Ja<\/label><\/div>\n\t\t<div class=\"frm_radio\" id=\"frm_radio_888-1\">\t\t\t<label  for=\"field_chog5-1\">\n\t\t\t\t\t<input type=\"radio\" name=\"item_meta[888]\" id=\"field_chog5-1\" value=\"Nej\"\n\t\t data-reqmsg=\"Har du erfarenhet av att k\u00f6ra med sl\u00e4p? kan inte vara tom.\" data-invmsg=\"Har du erfarenhet av att k\u00f6ra med sl\u00e4p? \u00e4r ogiltigt\"   \/> Nej<\/label><\/div>\n<\/div>\r\n\t\r\n\t\r\n<\/div>\n<div id=\"frm_field_889_container\" class=\"frm_form_field form-field  frm_required_field frm_top_container vertical_radio\">\r\n\t<div id=\"field_7ytfx_label\" class=\"frm_primary_label\">Har du tillg\u00e5ng till 3-fas elanslutning p\u00e5 plats?\r\n\t\t<span class=\"frm_required\" aria-hidden=\"true\">*<\/span>\r\n\t<\/div>\r\n\t<div class=\"frm_opt_container\" role=\"radiogroup\" aria-required=\"true\">\t\t<div class=\"frm_radio\" id=\"frm_radio_889-0\">\t\t\t<label  for=\"field_7ytfx-0\">\n\t\t\t\t\t<input type=\"radio\" name=\"item_meta[889]\" id=\"field_7ytfx-0\" value=\"Ja\"\n\t\t data-reqmsg=\"Har du tillg\u00e5ng till 3-fas elanslutning p\u00e5 plats? kan inte vara tom.\" data-invmsg=\"Har du tillg\u00e5ng till 3-fas elanslutning p\u00e5 plats? \u00e4r ogiltigt\"   \/> Ja<\/label><\/div>\n\t\t<div class=\"frm_radio\" id=\"frm_radio_889-1\">\t\t\t<label  for=\"field_7ytfx-1\">\n\t\t\t\t\t<input type=\"radio\" name=\"item_meta[889]\" id=\"field_7ytfx-1\" value=\"Nej\"\n\t\t data-reqmsg=\"Har du tillg\u00e5ng till 3-fas elanslutning p\u00e5 plats? kan inte vara tom.\" data-invmsg=\"Har du tillg\u00e5ng till 3-fas elanslutning p\u00e5 plats? \u00e4r ogiltigt\"   \/> Nej<\/label><\/div>\n<\/div>\r\n\t\r\n\t\r\n<\/div>\n<div id=\"frm_field_890_container\" class=\"frm_form_field form-field  frm_required_field frm_top_container frm12 frm_first vertical_radio\">\r\n\t<div id=\"field_oidre_label\" class=\"frm_primary_label\">Har du tidigare anv\u00e4nt Matresan?\r\n\t\t<span class=\"frm_required\" aria-hidden=\"true\">*<\/span>\r\n\t<\/div>\r\n\t<div class=\"frm_opt_container\" role=\"radiogroup\" aria-required=\"true\">\t\t<div class=\"frm_radio\" id=\"frm_radio_890-0\">\t\t\t<label  for=\"field_oidre-0\">\n\t\t\t\t\t<input type=\"radio\" name=\"item_meta[890]\" id=\"field_oidre-0\" value=\"Ja\"\n\t\t data-reqmsg=\"Har du tidigare anv\u00e4nt Matresan? kan inte vara tom.\" data-invmsg=\"Har du tidigare anv\u00e4nt Matresan? \u00e4r ogiltigt\"   \/> Ja<\/label><\/div>\n\t\t<div class=\"frm_radio\" id=\"frm_radio_890-1\">\t\t\t<label  for=\"field_oidre-1\">\n\t\t\t\t\t<input type=\"radio\" name=\"item_meta[890]\" id=\"field_oidre-1\" value=\"Nej\"\n\t\t data-reqmsg=\"Har du tidigare anv\u00e4nt Matresan? kan inte vara tom.\" data-invmsg=\"Har du tidigare anv\u00e4nt Matresan? \u00e4r ogiltigt\"   \/> Nej<\/label><\/div>\n<\/div>\r\n\t\r\n\t\r\n<\/div>\n<div id=\"frm_field_891_container\" class=\"frm_form_field form-field  frm_required_field frm_top_container frm12 frm_first\">\r\n\t<label for=\"field_g3ns8\" id=\"field_g3ns8_label\" class=\"frm_primary_label\">Finns det n\u00e5got annat vi b\u00f6r k\u00e4nna till? (t.ex. s\u00e4rskilda behov)\r\n\t\t<span class=\"frm_required\" aria-hidden=\"true\">*<\/span>\r\n\t<\/label>\r\n\t<input type=\"text\" id=\"field_g3ns8\" name=\"item_meta[891]\" value=\"\"  data-reqmsg=\"Finns det n\u00e5got annat vi b\u00f6r k\u00e4nna till? (t.ex. s\u00e4rskilda behov) kan inte vara tom.\" aria-required=\"true\" data-invmsg=\"Finns det n\u00e5got annat vi b\u00f6r k\u00e4nna till? (t.ex. s\u00e4rskilda behov) \u00e4r ogiltigt\" aria-invalid=\"false\"  \/>\r\n\t\r\n\t\r\n<\/div>\n<div id=\"frm_field_892_container\" class=\"frm_form_field form-field  frm_required_field frm_top_container vertical_radio\">\r\n\t<div id=\"field_wjkms_label\" class=\"frm_primary_label\">Godk\u00e4nnande: Jag godk\u00e4nner att Matresan anv\u00e4nds enligt Hallands 4H:s riktlinjer och att jag ansvarar f\u00f6r att \u00e5terl\u00e4mna den i samma skick som den h\u00e4mtades\r\n\t\t<span class=\"frm_required\" aria-hidden=\"true\">*<\/span>\r\n\t<\/div>\r\n\t<div class=\"frm_opt_container\" role=\"radiogroup\" aria-required=\"true\">\t\t<div class=\"frm_radio\" id=\"frm_radio_892-0\">\t\t\t<label  for=\"field_wjkms-0\">\n\t\t\t\t\t<input type=\"radio\" name=\"item_meta[892]\" id=\"field_wjkms-0\" value=\"Ja\"\n\t\t data-reqmsg=\"Godk\u00e4nnande: Jag godk\u00e4nner att Matresan anv\u00e4nds enligt Hallands 4H:s riktlinjer och att jag ansvarar f\u00f6r att \u00e5terl\u00e4mna den i samma skick som den h\u00e4mtades kan inte vara tom.\" data-invmsg=\"Godk\u00e4nnande: Jag godk\u00e4nner att Matresan anv\u00e4nds enligt Hallands 4H:s riktlinjer och att jag ansvarar f\u00f6r att \u00e5terl\u00e4mna den i samma skick som den h\u00e4mtades \u00e4r ogiltigt\"   \/> Ja<\/label><\/div>\n<\/div>\r\n\t\r\n\t\r\n<\/div>\n<div id=\"frm_field_875_container\" class=\"frm_form_field form-field \">\r\n\t<div class=\"frm_submit\">\r\n\r\n<button class=\"frm_button_submit\" type=\"submit\" >Skicka<\/button>\r\n\r\n<\/div>\r\n<\/div>\n<div id=\"frm_field_893_container\" class=\"frm_form_field form-field  frm_top_container\">\n\t<div  id=\"field_y56g1_label\" class=\"frm_primary_label\">Betalning\n\t\t<span class=\"frm_required\" aria-hidden=\"true\"><\/span>\n\t<\/div>\n\t<div class=\"frm-card-element\" id=\"field_y56g1\"><\/div>\n<div class=\"frm-card-errors frm_error\" id=\"frm_error_field_y56g1\" role=\"alert\"><\/div>\n\n\t\n\t\n<\/div>\n<input type=\"hidden\" id=\"field_vfd60\" name=\"item_meta[894]\" value=\"\"    \/>\t<input type=\"hidden\" name=\"item_key\" value=\"\" \/>\n\t\t\t<div id=\"frm_field_917_container\">\n\t\t\t<label for=\"field_as3y2\" >\n\t\t\t\tOm du \u00e4r m\u00e4nsklig, l\u00e4mna det h\u00e4r f\u00e4ltet tomt.\t\t\t<\/label>\n\t\t\t<input  id=\"field_as3y2\" type=\"text\" class=\"frm_form_field form-field frm_verify\" name=\"item_meta[917]\" value=\"\"  \/>\n\t\t<\/div>\n\t\t<input name=\"frm_state\" type=\"hidden\" value=\"b5BmKxDX7\/2RJVuLpXAQuGXJd3WBIIbVz\/DINceKxK8=\" \/><\/div>\n<\/fieldset>\n<\/div>\n\n<\/form>\n<\/div>\n[\/vc_column_text][\/vc_column][vc_column width=&#8221;1\/2&#8243;][vc_single_image image=&#8221;2992&#8243; img_size=&#8221;full&#8221; css=&#8221;&#8221;][vc_btn title=&#8221;Historiskt om Matresan&#8221; color=&#8221;success&#8221; align=&#8221;center&#8221; css=&#8221;&#8221; link=&#8221;url:https%3A%2F%2Fwww.4h.se%2Fmatresa%2F&#8221;][\/vc_column][\/vc_row]<\/p>\n<\/div>","protected":false},"excerpt":{"rendered":"<p>[vc_row][vc_column width=&#8221;1\/2&#8243;][vc_column_text css=&#8221;&#8221;] Bokningsformul\u00e4r f\u00f6r Matresan [\/vc_column_text][vc_column_text css=&#8221;&#8221;][\/vc_column_text][\/vc_column][vc_column width=&#8221;1\/2&#8243;][vc_single_image image=&#8221;2992&#8243; img_size=&#8221;full&#8221; css=&#8221;&#8221;][vc_btn title=&#8221;Historiskt om Matresan&#8221; color=&#8221;success&#8221; align=&#8221;center&#8221; css=&#8221;&#8221; link=&#8221;url:https%3A%2F%2Fwww.4h.se%2Fmatresa%2F&#8221;][\/vc_column][\/vc_row]<\/p>\n","protected":false},"author":109,"featured_media":0,"parent":0,"menu_order":80,"comment_status":"closed","ping_status":"closed","template":"","meta":{"footnotes":""},"class_list":["post-2988","page","type-page","status-publish","hentry"],"yoast_head":"<!-- This site is optimized with the Yoast SEO plugin v27.4 - https:\/\/yoast.com\/product\/yoast-seo-wordpress\/ -->\n<title>Matresan - 4H i Halland<\/title>\n<meta name=\"robots\" content=\"index, follow, max-snippet:-1, max-image-preview:large, max-video-preview:-1\" \/>\n<link rel=\"canonical\" href=\"https:\/\/www.4h.se\/halland\/matresan\/\" \/>\n<meta property=\"og:locale\" content=\"sv_SE\" \/>\n<meta property=\"og:type\" content=\"article\" \/>\n<meta property=\"og:title\" content=\"Matresan - 4H i Halland\" \/>\n<meta property=\"og:description\" content=\"[vc_row][vc_column width=&#8221;1\/2&#8243;][vc_column_text css=&#8221;&#8221;] Bokningsformul\u00e4r f\u00f6r Matresan [\/vc_column_text][vc_column_text css=&#8221;&#8221;][\/vc_column_text][\/vc_column][vc_column width=&#8221;1\/2&#8243;][vc_single_image image=&#8221;2992&#8243; img_size=&#8221;full&#8221; css=&#8221;&#8221;][vc_btn title=&#8221;Historiskt om Matresan&#8221; color=&#8221;success&#8221; align=&#8221;center&#8221; css=&#8221;&#8221; link=&#8221;url:https%3A%2F%2Fwww.4h.se%2Fmatresa%2F&#8221;][\/vc_column][\/vc_row]\" \/>\n<meta property=\"og:url\" content=\"https:\/\/www.4h.se\/halland\/matresan\/\" \/>\n<meta property=\"og:site_name\" content=\"4H i Halland\" \/>\n<meta property=\"article:publisher\" content=\"https:\/\/www.facebook.com\/hallands4h\/\" \/>\n<meta property=\"article:modified_time\" content=\"2025-10-23T11:35:33+00:00\" \/>\n<meta name=\"twitter:card\" content=\"summary_large_image\" \/>\n<meta name=\"twitter:site\" content=\"@Hallands4H\" \/>\n<script type=\"application\/ld+json\" class=\"yoast-schema-graph\">{\"@context\":\"https:\\\/\\\/schema.org\",\"@graph\":[{\"@type\":\"WebPage\",\"@id\":\"https:\\\/\\\/www.4h.se\\\/halland\\\/matresan\\\/\",\"url\":\"https:\\\/\\\/www.4h.se\\\/halland\\\/matresan\\\/\",\"name\":\"Matresan - 4H i Halland\",\"isPartOf\":{\"@id\":\"https:\\\/\\\/www.4h.se\\\/halland\\\/#website\"},\"datePublished\":\"2025-01-17T13:56:39+00:00\",\"dateModified\":\"2025-10-23T11:35:33+00:00\",\"breadcrumb\":{\"@id\":\"https:\\\/\\\/www.4h.se\\\/halland\\\/matresan\\\/#breadcrumb\"},\"inLanguage\":\"sv-SE\",\"potentialAction\":[{\"@type\":\"ReadAction\",\"target\":[\"https:\\\/\\\/www.4h.se\\\/halland\\\/matresan\\\/\"]}]},{\"@type\":\"BreadcrumbList\",\"@id\":\"https:\\\/\\\/www.4h.se\\\/halland\\\/matresan\\\/#breadcrumb\",\"itemListElement\":[{\"@type\":\"ListItem\",\"position\":1,\"name\":\"Hem\",\"item\":\"https:\\\/\\\/www.4h.se\\\/halland\\\/\"},{\"@type\":\"ListItem\",\"position\":2,\"name\":\"Matresan\"}]},{\"@type\":\"WebSite\",\"@id\":\"https:\\\/\\\/www.4h.se\\\/halland\\\/#website\",\"url\":\"https:\\\/\\\/www.4h.se\\\/halland\\\/\",\"name\":\"4H i Halland\",\"description\":\"Av unga f\u00f6r unga\",\"potentialAction\":[{\"@type\":\"SearchAction\",\"target\":{\"@type\":\"EntryPoint\",\"urlTemplate\":\"https:\\\/\\\/www.4h.se\\\/halland\\\/?s={search_term_string}\"},\"query-input\":{\"@type\":\"PropertyValueSpecification\",\"valueRequired\":true,\"valueName\":\"search_term_string\"}}],\"inLanguage\":\"sv-SE\"}]}<\/script>\n<!-- \/ Yoast SEO plugin. -->","yoast_head_json":{"title":"Matresan - 4H i Halland","robots":{"index":"index","follow":"follow","max-snippet":"max-snippet:-1","max-image-preview":"max-image-preview:large","max-video-preview":"max-video-preview:-1"},"canonical":"https:\/\/www.4h.se\/halland\/matresan\/","og_locale":"sv_SE","og_type":"article","og_title":"Matresan - 4H i Halland","og_description":"[vc_row][vc_column width=&#8221;1\/2&#8243;][vc_column_text css=&#8221;&#8221;] Bokningsformul\u00e4r f\u00f6r Matresan [\/vc_column_text][vc_column_text css=&#8221;&#8221;][\/vc_column_text][\/vc_column][vc_column width=&#8221;1\/2&#8243;][vc_single_image image=&#8221;2992&#8243; img_size=&#8221;full&#8221; css=&#8221;&#8221;][vc_btn title=&#8221;Historiskt om Matresan&#8221; color=&#8221;success&#8221; align=&#8221;center&#8221; css=&#8221;&#8221; link=&#8221;url:https%3A%2F%2Fwww.4h.se%2Fmatresa%2F&#8221;][\/vc_column][\/vc_row]","og_url":"https:\/\/www.4h.se\/halland\/matresan\/","og_site_name":"4H i Halland","article_publisher":"https:\/\/www.facebook.com\/hallands4h\/","article_modified_time":"2025-10-23T11:35:33+00:00","twitter_card":"summary_large_image","twitter_site":"@Hallands4H","schema":{"@context":"https:\/\/schema.org","@graph":[{"@type":"WebPage","@id":"https:\/\/www.4h.se\/halland\/matresan\/","url":"https:\/\/www.4h.se\/halland\/matresan\/","name":"Matresan - 4H i Halland","isPartOf":{"@id":"https:\/\/www.4h.se\/halland\/#website"},"datePublished":"2025-01-17T13:56:39+00:00","dateModified":"2025-10-23T11:35:33+00:00","breadcrumb":{"@id":"https:\/\/www.4h.se\/halland\/matresan\/#breadcrumb"},"inLanguage":"sv-SE","potentialAction":[{"@type":"ReadAction","target":["https:\/\/www.4h.se\/halland\/matresan\/"]}]},{"@type":"BreadcrumbList","@id":"https:\/\/www.4h.se\/halland\/matresan\/#breadcrumb","itemListElement":[{"@type":"ListItem","position":1,"name":"Hem","item":"https:\/\/www.4h.se\/halland\/"},{"@type":"ListItem","position":2,"name":"Matresan"}]},{"@type":"WebSite","@id":"https:\/\/www.4h.se\/halland\/#website","url":"https:\/\/www.4h.se\/halland\/","name":"4H i Halland","description":"Av unga f\u00f6r unga","potentialAction":[{"@type":"SearchAction","target":{"@type":"EntryPoint","urlTemplate":"https:\/\/www.4h.se\/halland\/?s={search_term_string}"},"query-input":{"@type":"PropertyValueSpecification","valueRequired":true,"valueName":"search_term_string"}}],"inLanguage":"sv-SE"}]}},"_links":{"self":[{"href":"https:\/\/www.4h.se\/halland\/wp-json\/wp\/v2\/pages\/2988","targetHints":{"allow":["GET"]}}],"collection":[{"href":"https:\/\/www.4h.se\/halland\/wp-json\/wp\/v2\/pages"}],"about":[{"href":"https:\/\/www.4h.se\/halland\/wp-json\/wp\/v2\/types\/page"}],"author":[{"embeddable":true,"href":"https:\/\/www.4h.se\/halland\/wp-json\/wp\/v2\/users\/109"}],"replies":[{"embeddable":true,"href":"https:\/\/www.4h.se\/halland\/wp-json\/wp\/v2\/comments?post=2988"}],"version-history":[{"count":0,"href":"https:\/\/www.4h.se\/halland\/wp-json\/wp\/v2\/pages\/2988\/revisions"}],"wp:attachment":[{"href":"https:\/\/www.4h.se\/halland\/wp-json\/wp\/v2\/media?parent=2988"}],"curies":[{"name":"wp","href":"https:\/\/api.w.org\/{rel}","templated":true}]}}