



{"id":2868,"date":"2024-01-02T12:32:16","date_gmt":"2024-01-02T11:32:16","guid":{"rendered":"https:\/\/www.4h.se\/halland\/?page_id=2868"},"modified":"2024-12-12T11:52:22","modified_gmt":"2024-12-12T10:52:22","slug":"avbokningsregler","status":"publish","type":"page","link":"https:\/\/www.4h.se\/halland\/lager\/avbokningsregler\/","title":{"rendered":"Avbokningsregler"},"content":{"rendered":"<div class=\"wpb-content-wrapper\"><p>[vc_row][vc_column][vc_single_image image=&#8221;2322&#8243; img_size=&#8221;2000&#215;500&#8243; alignment=&#8221;center&#8221; style=&#8221;vc_box_rounded&#8221;][\/vc_column][\/vc_row][vc_row][vc_column width=&#8221;1\/2&#8243;][vc_column_text css=&#8221;&#8221;]<\/p>\n<h1>Avbokningsregler<\/h1>\n<p>Dessa avbokningsregler g\u00e4ller f\u00f6r v\u00e5ra sommarl\u00e4ger p\u00e5 \u00c4stad. Grunden till dessa regler \u00e4r att de st\u00f6rsta l\u00e4gerkostnaderna f\u00f6r Hallands 4H \u00e4r lokal, djur, ledare och projektplanering.<br \/>\nObservera att avbest\u00e4llningsskydd ofta inte ing\u00e5r i hemf\u00f6rs\u00e4kringens grundskydd. M\u00e5nga f\u00f6rs\u00e4kringsbolag erbjuder dock ett ut\u00f6kat reseskydd som kan t\u00e4cka avbokningar p\u00e5 grund av sjukdom. Vi rekommenderar att du kontaktar ditt f\u00f6rs\u00e4kringsbolag f\u00f6r att f\u00e5 mer information om ditt skydd och vad som g\u00e4ller i ditt fall.<\/p>\n<h4><strong><br \/>\nV\u00e5ra avbokningsregler<\/strong><\/h4>\n<p><strong>Deltagaravgift:<\/strong><\/p>\n<ul>\n<li>Vid avbokning senast 45 dagar f\u00f6re l\u00e4grets start \u00e5terbetalas hela deltagaravgiften.<\/li>\n<li style=\"text-align: left;\">Vid avbokning senare \u00e4n 45 dagar f\u00f6re l\u00e4grets start \u00e5terbetalas inte deltagaravgiften, om inte l\u00e4gret \u00e4r fullbokat och platsen kan ers\u00e4ttas av en annan deltagare.<\/li>\n<\/ul>\n<p><strong>Medlemsavgift:<\/strong><\/p>\n<ul>\n<li>Medlemsavgiften \u00e5terbetalas endast vid avbokning inom 14 dagar fr\u00e5n betalningstillf\u00e4llet (enligt \u00e5ngerr\u00e4tten).<\/li>\n<\/ul>\n<p><strong>Force Majeure:<br \/>\n<\/strong><\/p>\n<ul>\n<li>Hallands 4H ansvarar inte f\u00f6r \u00e5terbetalning om l\u00e4gret st\u00e4lls in p\u00e5 grund av h\u00e4ndelser utanf\u00f6r v\u00e5r kontroll (exempelvis naturkatastrofer eller pandemier).<\/li>\n<\/ul>\n<p>[\/vc_column_text][\/vc_column][vc_column width=&#8221;1\/2&#8243;][vc_single_image image=&#8221;2243&#8243; img_size=&#8221;600&#215;500&#8243; alignment=&#8221;center&#8221; style=&#8221;vc_box_rounded&#8221;][\/vc_column][\/vc_row][vc_row][vc_column][vc_single_image image=&#8221;2174&#8243; img_size=&#8221;2000&#215;250&#8243; alignment=&#8221;center&#8221; style=&#8221;vc_box_rounded&#8221;][\/vc_column][\/vc_row][vc_row][vc_column width=&#8221;1\/4&#8243;][\/vc_column][vc_column width=&#8221;1\/2&#8243;][vc_column_text]<div class=\"frm_forms  with_frm_style frm_style_formidable-style\" id=\"frm_form_78_container\" >\n<form enctype=\"multipart\/form-data\" method=\"post\" class=\"frm-show-form \" id=\"form_lbhrl\" >\n<div class=\"frm_form_fields \">\n<fieldset>\n<legend class=\"frm_hidden\">Utveckla v\u00e5r hemsida! <\/legend>\r\n<h3 class=\"frm_form_title\">Utveckla v\u00e5r hemsida! <\/h3>\r\n<div class=\"frm_fields_container\">\n<input type=\"hidden\" name=\"frm_action\" value=\"create\" \/>\n<input type=\"hidden\" name=\"form_id\" value=\"78\" \/>\n<input type=\"hidden\" name=\"frm_hide_fields_78\" id=\"frm_hide_fields_78\" value=\"\" \/>\n<input type=\"hidden\" name=\"form_key\" value=\"lbhrl\" \/>\n<input type=\"hidden\" name=\"item_meta[0]\" value=\"\" \/>\n<input type=\"hidden\" id=\"frm_submit_entry_78\" name=\"frm_submit_entry_78\" value=\"9b23919162\" \/><input type=\"hidden\" name=\"_wp_http_referer\" value=\"\/halland\/wp-json\/wp\/v2\/pages\/2868\" \/><div id=\"frm_field_709_container\" class=\"frm_form_field form-field  frm_top_container vertical_radio\">\r\n    <label class=\"frm_primary_label\">Vad tycker du om denna sidan?\r\n        <span class=\"frm_required\"><\/span>\r\n    <\/label>\r\n    <div class=\"frm_opt_container\">\t\t<div class=\"frm_radio\" id=\"frm_radio_709-0\">\t\t\t<label  for=\"field_vltn6-0\">\n\t\t\t\t\t<input type=\"radio\" name=\"item_meta[709]\" id=\"field_vltn6-0\" value=\"Superbra!\"\n\t\t data-invmsg=\"Vad tycker du om denna sidan? \u00e4r ogiltigt\"   \/> Superbra!<\/label><\/div>\n\t\t<div class=\"frm_radio\" id=\"frm_radio_709-1\">\t\t\t<label  for=\"field_vltn6-1\">\n\t\t\t\t\t<input type=\"radio\" name=\"item_meta[709]\" id=\"field_vltn6-1\" value=\"Bra!\"\n\t\t data-invmsg=\"Vad tycker du om denna sidan? \u00e4r ogiltigt\"   \/> Bra!<\/label><\/div>\n\t\t<div class=\"frm_radio\" id=\"frm_radio_709-2\">\t\t\t<label  for=\"field_vltn6-2\">\n\t\t\t\t\t<input type=\"radio\" name=\"item_meta[709]\" id=\"field_vltn6-2\" value=\"Varken bra eller d\u00e5lig.\"\n\t\t data-invmsg=\"Vad tycker du om denna sidan? \u00e4r ogiltigt\"   \/> Varken bra eller d\u00e5lig.<\/label><\/div>\n\t\t<div class=\"frm_radio\" id=\"frm_radio_709-3\">\t\t\t<label  for=\"field_vltn6-3\">\n\t\t\t\t\t<input type=\"radio\" name=\"item_meta[709]\" id=\"field_vltn6-3\" value=\"D\u00e5lig!\"\n\t\t data-invmsg=\"Vad tycker du om denna sidan? \u00e4r ogiltigt\"   \/> D\u00e5lig!<\/label><\/div>\n\t\t<div class=\"frm_radio\" id=\"frm_radio_709-4\">\t\t\t<label  for=\"field_vltn6-4\">\n\t\t\t\t\t<input type=\"radio\" name=\"item_meta[709]\" id=\"field_vltn6-4\" value=\"Superd\u00e5lig!\"\n\t\t data-invmsg=\"Vad tycker du om denna sidan? \u00e4r ogiltigt\"   \/> Superd\u00e5lig!<\/label><\/div>\n<\/div>\r\n    \r\n    \r\n<\/div>\n<div id=\"frm_field_711_container\" class=\"frm_form_field form-field  frm_top_container\">\r\n    <label for=\"field_8xc4b\" class=\"frm_primary_label\">Vad kan bli b\u00e4ttre p\u00e5 denna sidan?\r\n        <span class=\"frm_required\"><\/span>\r\n    <\/label>\r\n    <textarea name=\"item_meta[711]\" id=\"field_8xc4b\" rows=\"5\"  data-invmsg=\"Vad kan bli b\u00e4ttre p\u00e5 denna sidan? \u00e4r ogiltigt\" aria-invalid=\"false\"  ><\/textarea>\r\n    \r\n    \r\n<\/div>\n<div id=\"frm_field_743_container\" class=\"frm_form_field form-field  frm_top_container\">\r\n    <label for=\"field_7ty40\" class=\"frm_primary_label\">Vilken information letar du efter just nu p\u00e5 hemsidan?\r\n        <span class=\"frm_required\"><\/span>\r\n    <\/label>\r\n    <input type=\"text\" id=\"field_7ty40\" name=\"item_meta[743]\" value=\"\"  data-invmsg=\"Vilken information letar du efter just nu p\u00e5 hemsidan? \u00e4r ogiltigt\" aria-invalid=\"false\"  \/>\r\n    \r\n    \r\n<\/div>\n<div id=\"frm_field_712_container\" class=\"frm_form_field form-field  frm_required_field frm_top_container vertical_radio\">\r\n    <label class=\"frm_primary_label\">Jag \u00e4r inte en robot\r\n        <span class=\"frm_required\">*<\/span>\r\n    <\/label>\r\n    <div class=\"frm_opt_container\">\t\t<div class=\"frm_checkbox\" id=\"frm_checkbox_712-0\">\t\t\t<label  for=\"field_unh5q-0\">\n\t\t\t<input type=\"checkbox\" name=\"item_meta[712][]\" id=\"field_unh5q-0\" value=\"Jag \u00e4r en livslevande person\"  data-reqmsg=\"Detta f\u00e4lt kan inte vara tomt.\" data-invmsg=\"Jag \u00e4r inte en robot \u00e4r ogiltigt\"   aria-required=\"true\"  \/> Jag \u00e4r en livslevande person<\/label><\/div>\n<\/div>\r\n    \r\n    \r\n<\/div>\n<div id=\"frm_field_827_container\" class=\"frm_form_field form-field  frm_none_container\">\r\n\t<label for=\"g-recaptcha-response\" id=\"field_bdf4x_label\" class=\"frm_primary_label\">Captcha\r\n\t\t<span class=\"frm_required\" aria-hidden=\"true\"><\/span>\r\n\t<\/label>\r\n\t\r\n\t\r\n\t\r\n<\/div>\n<div id=\"frm_field_826_container\" class=\"frm_form_field form-field \">\r\n\t<div class=\"frm_submit\">\r\n\r\n<button class=\"frm_button_submit\" type=\"submit\" >Skicka<\/button>\r\n\r\n<\/div>\r\n<\/div>\n\t<input type=\"hidden\" name=\"item_key\" value=\"\" \/>\n\t\t\t<div id=\"frm_field_917_container\">\n\t\t\t<label for=\"field_vscqt\" >\n\t\t\t\tOm du \u00e4r m\u00e4nsklig, l\u00e4mna det h\u00e4r f\u00e4ltet tomt.\t\t\t<\/label>\n\t\t\t<input  id=\"field_vscqt\" type=\"text\" class=\"frm_form_field form-field frm_verify\" name=\"item_meta[917]\" value=\"\"  \/>\n\t\t<\/div>\n\t\t<input name=\"frm_state\" type=\"hidden\" value=\"1p9\/G6d4WQueJYjPsLVvrZ5tuff3ljQsf2IEphLNcD8=\" \/><\/div>\n<\/fieldset>\n<\/div>\n\n<\/form>\n<\/div>\n<p>&nbsp;<\/p>\n<p><a href=\"https:\/\/www.4h.se\/halland\/wp-content\/uploads\/sites\/69\/2015\/01\/L\u00e4ra-genom-att-g\u00f6ra.png\"><img loading=\"lazy\" decoding=\"async\" class=\"aligncenter size-full wp-image-2017\" src=\"https:\/\/www.4h.se\/halland\/wp-content\/uploads\/sites\/69\/2015\/01\/L\u00e4ra-genom-att-g\u00f6ra.png\" alt=\"L\u00e4ra genom att g\u00f6ra\" width=\"1213\" height=\"165\" srcset=\"https:\/\/www.4h.se\/halland\/wp-content\/uploads\/sites\/69\/2015\/01\/L\u00e4ra-genom-att-g\u00f6ra.png 1213w, https:\/\/www.4h.se\/halland\/wp-content\/uploads\/sites\/69\/2015\/01\/L\u00e4ra-genom-att-g\u00f6ra-170x23.png 170w, https:\/\/www.4h.se\/halland\/wp-content\/uploads\/sites\/69\/2015\/01\/L\u00e4ra-genom-att-g\u00f6ra-470x64.png 470w, https:\/\/www.4h.se\/halland\/wp-content\/uploads\/sites\/69\/2015\/01\/L\u00e4ra-genom-att-g\u00f6ra-970x132.png 970w\" sizes=\"auto, (max-width: 1213px) 100vw, 1213px\" \/><\/a>[\/vc_column_text][\/vc_column][vc_column width=&#8221;1\/4&#8243;][\/vc_column][\/vc_row]<\/p>\n<\/div>","protected":false},"excerpt":{"rendered":"<p>[vc_row][vc_column][vc_single_image image=&#8221;2322&#8243; img_size=&#8221;2000&#215;500&#8243; alignment=&#8221;center&#8221; style=&#8221;vc_box_rounded&#8221;][\/vc_column][\/vc_row][vc_row][vc_column width=&#8221;1\/2&#8243;][vc_column_text css=&#8221;&#8221;] Avbokningsregler Dessa avbokningsregler g\u00e4ller f\u00f6r v\u00e5ra sommarl\u00e4ger p\u00e5 \u00c4stad. Grunden till dessa regler \u00e4r att de st\u00f6rsta l\u00e4gerkostnaderna f\u00f6r Hallands 4H \u00e4r lokal, djur, ledare och projektplanering. Observera att avbest\u00e4llningsskydd ofta inte ing\u00e5r i hemf\u00f6rs\u00e4kringens grundskydd. M\u00e5nga f\u00f6rs\u00e4kringsbolag erbjuder dock ett ut\u00f6kat reseskydd som kan t\u00e4cka avbokningar p\u00e5&nbsp; <a href=\"https:\/\/www.4h.se\/halland\/lager\/avbokningsregler\/\">&hellip; Read more <i class=\"glyphicon glyphicon-arrow-right\"><\/i><\/a><\/p>\n","protected":false},"author":126,"featured_media":0,"parent":532,"menu_order":0,"comment_status":"closed","ping_status":"closed","template":"","meta":{"_acf_changed":false,"footnotes":""},"class_list":["post-2868","page","type-page","status-publish","hentry"],"acf":[],"yoast_head":"<!-- This site is optimized with the Yoast SEO plugin v27.5 - https:\/\/yoast.com\/product\/yoast-seo-wordpress\/ -->\n<title>Avbokningsregler<\/title>\n<meta name=\"description\" content=\"Avbokningsregler\" \/>\n<meta name=\"robots\" content=\"index, follow, max-snippet:-1, max-image-preview:large, max-video-preview:-1\" \/>\n<link rel=\"canonical\" href=\"https:\/\/www.4h.se\/halland\/lager\/avbokningsregler\/\" \/>\n<meta property=\"og:locale\" content=\"sv_SE\" \/>\n<meta property=\"og:type\" content=\"article\" \/>\n<meta property=\"og:title\" content=\"Avbokningsregler\" \/>\n<meta property=\"og:description\" content=\"Avbokningsregler\" \/>\n<meta property=\"og:url\" content=\"https:\/\/www.4h.se\/halland\/lager\/avbokningsregler\/\" \/>\n<meta property=\"og:site_name\" content=\"4H i Halland\" \/>\n<meta property=\"article:publisher\" content=\"https:\/\/www.facebook.com\/hallands4h\/\" \/>\n<meta property=\"article:modified_time\" content=\"2024-12-12T10:52:22+00:00\" \/>\n<meta name=\"twitter:card\" content=\"summary_large_image\" \/>\n<meta name=\"twitter:site\" content=\"@Hallands4H\" \/>\n<script type=\"application\/ld+json\" class=\"yoast-schema-graph\">{\"@context\":\"https:\\\/\\\/schema.org\",\"@graph\":[{\"@type\":\"WebPage\",\"@id\":\"https:\\\/\\\/www.4h.se\\\/halland\\\/lager\\\/avbokningsregler\\\/\",\"url\":\"https:\\\/\\\/www.4h.se\\\/halland\\\/lager\\\/avbokningsregler\\\/\",\"name\":\"Avbokningsregler\",\"isPartOf\":{\"@id\":\"https:\\\/\\\/www.4h.se\\\/halland\\\/#website\"},\"datePublished\":\"2024-01-02T11:32:16+00:00\",\"dateModified\":\"2024-12-12T10:52:22+00:00\",\"description\":\"Avbokningsregler\",\"breadcrumb\":{\"@id\":\"https:\\\/\\\/www.4h.se\\\/halland\\\/lager\\\/avbokningsregler\\\/#breadcrumb\"},\"inLanguage\":\"sv-SE\",\"potentialAction\":[{\"@type\":\"ReadAction\",\"target\":[\"https:\\\/\\\/www.4h.se\\\/halland\\\/lager\\\/avbokningsregler\\\/\"]}]},{\"@type\":\"BreadcrumbList\",\"@id\":\"https:\\\/\\\/www.4h.se\\\/halland\\\/lager\\\/avbokningsregler\\\/#breadcrumb\",\"itemListElement\":[{\"@type\":\"ListItem\",\"position\":1,\"name\":\"Hem\",\"item\":\"https:\\\/\\\/www.4h.se\\\/halland\\\/\"},{\"@type\":\"ListItem\",\"position\":2,\"name\":\"Lantlivs- &amp; Lantg\u00e5rdsl\u00e4ger\",\"item\":\"https:\\\/\\\/www.4h.se\\\/halland\\\/lager\\\/\"},{\"@type\":\"ListItem\",\"position\":3,\"name\":\"Avbokningsregler\"}]},{\"@type\":\"WebSite\",\"@id\":\"https:\\\/\\\/www.4h.se\\\/halland\\\/#website\",\"url\":\"https:\\\/\\\/www.4h.se\\\/halland\\\/\",\"name\":\"4H i Halland\",\"description\":\"Av unga f\u00f6r unga\",\"potentialAction\":[{\"@type\":\"SearchAction\",\"target\":{\"@type\":\"EntryPoint\",\"urlTemplate\":\"https:\\\/\\\/www.4h.se\\\/halland\\\/?s={search_term_string}\"},\"query-input\":{\"@type\":\"PropertyValueSpecification\",\"valueRequired\":true,\"valueName\":\"search_term_string\"}}],\"inLanguage\":\"sv-SE\"}]}<\/script>\n<!-- \/ Yoast SEO plugin. -->","yoast_head_json":{"title":"Avbokningsregler","description":"Avbokningsregler","robots":{"index":"index","follow":"follow","max-snippet":"max-snippet:-1","max-image-preview":"max-image-preview:large","max-video-preview":"max-video-preview:-1"},"canonical":"https:\/\/www.4h.se\/halland\/lager\/avbokningsregler\/","og_locale":"sv_SE","og_type":"article","og_title":"Avbokningsregler","og_description":"Avbokningsregler","og_url":"https:\/\/www.4h.se\/halland\/lager\/avbokningsregler\/","og_site_name":"4H i Halland","article_publisher":"https:\/\/www.facebook.com\/hallands4h\/","article_modified_time":"2024-12-12T10:52:22+00:00","twitter_card":"summary_large_image","twitter_site":"@Hallands4H","schema":{"@context":"https:\/\/schema.org","@graph":[{"@type":"WebPage","@id":"https:\/\/www.4h.se\/halland\/lager\/avbokningsregler\/","url":"https:\/\/www.4h.se\/halland\/lager\/avbokningsregler\/","name":"Avbokningsregler","isPartOf":{"@id":"https:\/\/www.4h.se\/halland\/#website"},"datePublished":"2024-01-02T11:32:16+00:00","dateModified":"2024-12-12T10:52:22+00:00","description":"Avbokningsregler","breadcrumb":{"@id":"https:\/\/www.4h.se\/halland\/lager\/avbokningsregler\/#breadcrumb"},"inLanguage":"sv-SE","potentialAction":[{"@type":"ReadAction","target":["https:\/\/www.4h.se\/halland\/lager\/avbokningsregler\/"]}]},{"@type":"BreadcrumbList","@id":"https:\/\/www.4h.se\/halland\/lager\/avbokningsregler\/#breadcrumb","itemListElement":[{"@type":"ListItem","position":1,"name":"Hem","item":"https:\/\/www.4h.se\/halland\/"},{"@type":"ListItem","position":2,"name":"Lantlivs- &amp; Lantg\u00e5rdsl\u00e4ger","item":"https:\/\/www.4h.se\/halland\/lager\/"},{"@type":"ListItem","position":3,"name":"Avbokningsregler"}]},{"@type":"WebSite","@id":"https:\/\/www.4h.se\/halland\/#website","url":"https:\/\/www.4h.se\/halland\/","name":"4H i Halland","description":"Av unga f\u00f6r unga","potentialAction":[{"@type":"SearchAction","target":{"@type":"EntryPoint","urlTemplate":"https:\/\/www.4h.se\/halland\/?s={search_term_string}"},"query-input":{"@type":"PropertyValueSpecification","valueRequired":true,"valueName":"search_term_string"}}],"inLanguage":"sv-SE"}]}},"_links":{"self":[{"href":"https:\/\/www.4h.se\/halland\/wp-json\/wp\/v2\/pages\/2868","targetHints":{"allow":["GET"]}}],"collection":[{"href":"https:\/\/www.4h.se\/halland\/wp-json\/wp\/v2\/pages"}],"about":[{"href":"https:\/\/www.4h.se\/halland\/wp-json\/wp\/v2\/types\/page"}],"author":[{"embeddable":true,"href":"https:\/\/www.4h.se\/halland\/wp-json\/wp\/v2\/users\/126"}],"replies":[{"embeddable":true,"href":"https:\/\/www.4h.se\/halland\/wp-json\/wp\/v2\/comments?post=2868"}],"version-history":[{"count":0,"href":"https:\/\/www.4h.se\/halland\/wp-json\/wp\/v2\/pages\/2868\/revisions"}],"up":[{"embeddable":true,"href":"https:\/\/www.4h.se\/halland\/wp-json\/wp\/v2\/pages\/532"}],"wp:attachment":[{"href":"https:\/\/www.4h.se\/halland\/wp-json\/wp\/v2\/media?parent=2868"}],"curies":[{"name":"wp","href":"https:\/\/api.w.org\/{rel}","templated":true}]}}