



{"id":2750,"date":"2023-05-20T16:39:01","date_gmt":"2023-05-20T14:39:01","guid":{"rendered":"https:\/\/www.4h.se\/halland\/?page_id=2750"},"modified":"2025-12-26T11:05:03","modified_gmt":"2025-12-26T10:05:03","slug":"mentor","status":"publish","type":"page","link":"https:\/\/www.4h.se\/halland\/engagera-dig\/mentor\/","title":{"rendered":"Mentor"},"content":{"rendered":"<div class=\"wpb-content-wrapper\"><p>[vc_row][vc_column][vc_single_image image=&#8221;2322&#8243; img_size=&#8221;2000&#215;500&#8243; alignment=&#8221;center&#8221; style=&#8221;vc_box_rounded&#8221;][\/vc_column][\/vc_row][vc_row][vc_column width=&#8221;1\/2&#8243;][vc_column_text css=&#8221;&#8221;]<\/p>\n<h1>Engagera dig som mentor<\/h1>\n<p>Mentorn i en 4H-klubb eller ett projekt \u00e4r en viktig person som fungerar som en guide och st\u00f6djande n\u00e4rvaro f\u00f6r de som engagerar sig. Mentorn b\u00f6r vara en person som \u00e4r villig att investera sin tid och erfarenhet. Mentorn b\u00f6r ha en passion f\u00f6r att hj\u00e4lpa ungdomar att utvecklas som individer, ledare och samh\u00e4llsmedlemmar.<\/p>\n<p>Genom att ta p\u00e5 sig rollen som mentor i 4H-klubben bidrar man till att skapa en positiv och st\u00f6djande milj\u00f6 f\u00f6r ungdomar att v\u00e4xa och utvecklas i. Mentorn fungerar som en f\u00f6rebild och guidar ordf\u00f6randen och andra styrelsemedlemmar i klubben p\u00e5 deras resa att utvecklas som ledare och individer.[\/vc_column_text][\/vc_column][vc_column width=&#8221;1\/2&#8243;][vc_single_image image=&#8221;1399&#8243; img_size=&#8221;600&#215;400&#8243; alignment=&#8221;center&#8221; style=&#8221;vc_box_rounded&#8221;][\/vc_column][\/vc_row][vc_row][vc_column width=&#8221;1\/3&#8243;][vc_column_text]<\/p>\n<h3>Ansvarsomr\u00e5den<\/h3>\n<p>En mentors viktigaste uppgift \u00e4r att st\u00f6tta de ideella och ge dem r\u00e4tt f\u00f6ruts\u00e4ttningar f\u00f6r att kunna engagera sig samt bedriva den verksamheten de \u00f6nskar. Vad en mentor g\u00f6r rent praktiskt kan variera. Men h\u00e4r nedan f\u00f6ljer n\u00e5gra olika ansvarsomr\u00e5den som en mentor kan ha.[\/vc_column_text][vc_message message_box_style=&#8221;3d&#8221; message_box_color=&#8221;vista_blue&#8221; icon_type=&#8221;typicons&#8221; icon_typicons=&#8221;typcn typcn-starburst-outline&#8221;]Att fungera som en mentor och st\u00f6djande n\u00e4rvaro f\u00f6r ordf\u00f6randen och andra styrelsemedlemmar i klubben.[\/vc_message][vc_message message_box_style=&#8221;3d&#8221; message_box_color=&#8221;vista_blue&#8221; icon_type=&#8221;typicons&#8221; icon_typicons=&#8221;typcn typcn-starburst-outline&#8221;]Att delta i styrelsem\u00f6ten och fungera som en r\u00e5dgivare och mentor f\u00f6r styrelsemedlemmarna.[\/vc_message][vc_message message_box_style=&#8221;3d&#8221; message_box_color=&#8221;vista_blue&#8221; icon_type=&#8221;typicons&#8221; icon_typicons=&#8221;typcn typcn-starburst-outline&#8221;]Att hj\u00e4lpa ordf\u00f6randen att utveckla och uppr\u00e4tth\u00e5lla en plan f\u00f6r klubbaktiviteter och m\u00f6ten.[\/vc_message][vc_message message_box_style=&#8221;3d&#8221; message_box_color=&#8221;vista_blue&#8221; icon_type=&#8221;typicons&#8221; icon_typicons=&#8221;typcn typcn-starburst-outline&#8221;]Att ge r\u00e5d om fr\u00e5gor som r\u00f6r ledarskap, kommunikation, samarbete och andra relevanta \u00e4mnen.[\/vc_message][vc_message message_box_style=&#8221;3d&#8221; message_box_color=&#8221;vista_blue&#8221; icon_type=&#8221;typicons&#8221; icon_typicons=&#8221;typcn typcn-starburst-outline&#8221;]Att st\u00f6dja och uppmuntra ordf\u00f6randen och andra styrelsemedlemmar att v\u00e4xa och utvecklas som individer och ledare.[\/vc_message][vc_message message_box_style=&#8221;3d&#8221; message_box_color=&#8221;vista_blue&#8221; icon_type=&#8221;typicons&#8221; icon_typicons=&#8221;typcn typcn-starburst-outline&#8221;]Att fungera som en positiv f\u00f6rebild och rollemodell f\u00f6r ordf\u00f6randen och andra styrelsemedlemmar i klubben.[\/vc_message][\/vc_column][vc_column width=&#8221;1\/3&#8243;][vc_column_text]<\/p>\n<h3>Kvalifikationer<\/h3>\n<p>Som mentor \u00e4r det absolut viktigaste att ha ett engagemang f\u00f6r de ideellas utveckling och utveckling. Ut\u00f6ver det finns det vissa kvalifikationer som kan vara bra att ha, men inte n\u00f6dv\u00e4ndigt. H\u00e4r nedan f\u00f6ljer n\u00e5gra exempel p\u00e5 kvalifikationer som kan vara bra att ha med sig som mentor.[\/vc_column_text][vc_message message_box_style=&#8221;3d&#8221; message_box_color=&#8221;vista_blue&#8221; icon_type=&#8221;typicons&#8221; icon_typicons=&#8221;typcn typcn-starburst-outline&#8221;]En passion f\u00f6r att hj\u00e4lpa ungdomar att utvecklas som individer, ledare och samh\u00e4llsmedlemmar.[\/vc_message][vc_message message_box_style=&#8221;3d&#8221; message_box_color=&#8221;vista_blue&#8221; icon_type=&#8221;typicons&#8221; icon_typicons=&#8221;typcn typcn-starburst-outline&#8221;]En f\u00f6rst\u00e5else f\u00f6r hur ideella organisationer fungerar och en \u00f6nskan att bidra till deras framg\u00e5ng.[\/vc_message][vc_message message_box_style=&#8221;3d&#8221; message_box_color=&#8221;vista_blue&#8221; icon_type=&#8221;typicons&#8221; icon_typicons=&#8221;typcn typcn-starburst-outline&#8221;]God kommunikationsf\u00f6rm\u00e5ga och f\u00f6rm\u00e5ga att bygga relationer med ungdomar och vuxna.[\/vc_message][vc_message message_box_style=&#8221;3d&#8221; message_box_color=&#8221;vista_blue&#8221; icon_type=&#8221;typicons&#8221; icon_typicons=&#8221;typcn typcn-starburst-outline&#8221;]En vilja att investera tid och engagemang i att st\u00f6dja 4H-klubben Sibbarp och dess medlemmar.[\/vc_message][\/vc_column][vc_column width=&#8221;1\/3&#8243;][vc_column_text]<\/p>\n<h3>Anm\u00e4l intresse<\/h3>\n<p>Om du \u00e4r intresserad av att st\u00f6tta oss vill vi v\u00e4ldigt g\u00e4rna att du h\u00f6r av dig! Notera att allt engagemang \u00e4r av intresse, oavsett om du anser dig ha r\u00e4tt kvalifikationer eller inte. Det viktigaste \u00e4r att du har engagemang och ett intresse av att st\u00f6tta barn samt unga i sin personliga utveckling.[\/vc_column_text][vc_column_text]<div class=\"frm_forms  with_frm_style frm_style_formidable-style\" id=\"frm_form_87_container\" data-token=\"8658afe9d2c950e2fde17afa13836354\">\n<form enctype=\"multipart\/form-data\" method=\"post\" class=\"frm-show-form \" id=\"form_engagerasigsommentor\" data-token=\"8658afe9d2c950e2fde17afa13836354\">\n<div class=\"frm_form_fields \">\n<fieldset>\n<legend class=\"frm_screen_reader\">Engagera sig som mentor<\/legend>\r\n\r\n<div class=\"frm_fields_container\">\n<input type=\"hidden\" name=\"frm_action\" value=\"create\" \/>\n<input type=\"hidden\" name=\"form_id\" value=\"87\" \/>\n<input type=\"hidden\" name=\"frm_hide_fields_87\" id=\"frm_hide_fields_87\" value=\"\" \/>\n<input type=\"hidden\" name=\"form_key\" value=\"engagerasigsommentor\" \/>\n<input type=\"hidden\" name=\"item_meta[0]\" value=\"\" \/>\n<input type=\"hidden\" id=\"frm_submit_entry_87\" name=\"frm_submit_entry_87\" value=\"b7836bf90b\" \/><input type=\"hidden\" name=\"_wp_http_referer\" value=\"\/halland\/wp-json\/wp\/v2\/pages\/2750\" \/><div id=\"frm_field_760_container\" class=\"frm_form_field form-field  frm_top_container\">\r\n    <label for=\"field_l6gs9\" id=\"field_l6gs9_label\" class=\"frm_primary_label\">Vad heter du?\r\n        <span class=\"frm_required\" aria-hidden=\"true\"><\/span>\r\n    <\/label>\r\n    <input type=\"text\" id=\"field_l6gs9\" name=\"item_meta[760]\" value=\"\"  data-invmsg=\"Text \u00e4r ogiltigt\" aria-invalid=\"false\"  \/>\r\n    \r\n    \r\n<\/div>\n<div id=\"frm_field_762_container\" class=\"frm_form_field form-field  frm_top_container\">\r\n    <label for=\"field_bvkb\" id=\"field_bvkb_label\" class=\"frm_primary_label\">E-post\r\n        <span class=\"frm_required\" aria-hidden=\"true\"><\/span>\r\n    <\/label>\r\n    <input type=\"email\" id=\"field_bvkb\" name=\"item_meta[762]\" value=\"\"  data-invmsg=\"E-post \u00e4r ogiltigt\" aria-invalid=\"false\"  \/>\r\n    \r\n    \r\n<\/div>\n<div id=\"frm_field_764_container\" class=\"frm_form_field form-field  frm_top_container\">\r\n    <label for=\"field_gbznh\" id=\"field_gbznh_label\" class=\"frm_primary_label\">Telefon\r\n        <span class=\"frm_required\" aria-hidden=\"true\"><\/span>\r\n    <\/label>\r\n    <input type=\"tel\" id=\"field_gbznh\" name=\"item_meta[764]\" value=\"\"  data-invmsg=\"Telefon \u00e4r ogiltigt\" aria-invalid=\"false\" pattern=\"((\\+\\d{1,3}(-|.| )?\\(?\\d\\)?(-| |.)?\\d{1,5})|(\\(?\\d{2,6}\\)?))(-|.| )?(\\d{3,4})(-|.| )?(\\d{4})(( x| ext)\\d{1,5}){0,1}$\"  \/>\r\n    \r\n    \r\n<\/div>\n<div id=\"frm_field_765_container\" class=\"frm_form_field form-field  frm_top_container\">\r\n    <label for=\"field_9i3gy\" id=\"field_9i3gy_label\" class=\"frm_primary_label\">Ber\u00e4tta lite om dig sj\u00e4lv och varf\u00f6r du \u00e4r intresserad av att bli mentor.\r\n        <span class=\"frm_required\" aria-hidden=\"true\"><\/span>\r\n    <\/label>\r\n    <textarea name=\"item_meta[765]\" id=\"field_9i3gy\" rows=\"5\"  data-invmsg=\"Ber\u00e4tta lite om dig sj\u00e4lv och varf\u00f6r du \u00e4r intresserad av att bli mentor. \u00e4r ogiltigt\" aria-invalid=\"false\"  ><\/textarea>\r\n    \r\n    \r\n<\/div>\n\t<input type=\"hidden\" name=\"item_key\" value=\"\" \/>\n\t\t\t<div id=\"frm_field_917_container\">\n\t\t\t<label for=\"field_e3fgd\" >\n\t\t\t\tOm du \u00e4r m\u00e4nsklig, l\u00e4mna det h\u00e4r f\u00e4ltet tomt.\t\t\t<\/label>\n\t\t\t<input  id=\"field_e3fgd\" type=\"text\" class=\"frm_form_field form-field frm_verify\" name=\"item_meta[917]\" value=\"\"  \/>\n\t\t<\/div>\n\t\t<input name=\"frm_state\" type=\"hidden\" value=\"b5BmKxDX7\/2RJVuLpXAQuGXJd3WBIIbVz\/DINceKxK8=\" \/><div class=\"frm_submit\">\r\n\r\n<button class=\"frm_button_submit\" type=\"submit\" >Skicka<\/button>\r\n\r\n\r\n<\/div><\/div>\n<\/fieldset>\n<\/div>\n\n<\/form>\n<\/div>\n[\/vc_column_text][\/vc_column][\/vc_row][vc_row][vc_column][vc_single_image image=&#8221;2174&#8243; img_size=&#8221;2000&#215;250&#8243; alignment=&#8221;center&#8221; style=&#8221;vc_box_rounded&#8221;][\/vc_column][\/vc_row][vc_row][vc_column width=&#8221;1\/4&#8243;][\/vc_column][vc_column width=&#8221;1\/2&#8243;][vc_column_text]<div class=\"frm_forms  with_frm_style frm_style_formidable-style\" id=\"frm_form_78_container\" data-token=\"8658afe9d2c950e2fde17afa13836354\">\n<form enctype=\"multipart\/form-data\" method=\"post\" class=\"frm-show-form \" id=\"form_lbhrl\" data-token=\"8658afe9d2c950e2fde17afa13836354\">\n<div class=\"frm_form_fields \">\n<fieldset>\n<legend class=\"frm_hidden\">Utveckla v\u00e5r hemsida! <\/legend>\r\n<h3 class=\"frm_form_title\">Utveckla v\u00e5r hemsida! <\/h3>\r\n<div class=\"frm_fields_container\">\n<input type=\"hidden\" name=\"frm_action\" value=\"create\" \/>\n<input type=\"hidden\" name=\"form_id\" value=\"78\" \/>\n<input type=\"hidden\" name=\"frm_hide_fields_78\" id=\"frm_hide_fields_78\" value=\"\" \/>\n<input type=\"hidden\" name=\"form_key\" value=\"lbhrl\" \/>\n<input type=\"hidden\" name=\"item_meta[0]\" value=\"\" \/>\n<input type=\"hidden\" id=\"frm_submit_entry_78\" name=\"frm_submit_entry_78\" value=\"b7836bf90b\" \/><input type=\"hidden\" name=\"_wp_http_referer\" value=\"\/halland\/wp-json\/wp\/v2\/pages\/2750\" \/><div id=\"frm_field_709_container\" class=\"frm_form_field form-field  frm_top_container vertical_radio\">\r\n    <label class=\"frm_primary_label\">Vad tycker du om denna sidan?\r\n        <span class=\"frm_required\"><\/span>\r\n    <\/label>\r\n    <div class=\"frm_opt_container\">\t\t<div class=\"frm_radio\" id=\"frm_radio_709-0\">\t\t\t<label  for=\"field_vltn6-0\">\n\t\t\t\t\t<input type=\"radio\" name=\"item_meta[709]\" id=\"field_vltn6-0\" value=\"Superbra!\"\n\t\t data-invmsg=\"Vad tycker du om denna sidan? \u00e4r ogiltigt\"   \/> Superbra!<\/label><\/div>\n\t\t<div class=\"frm_radio\" id=\"frm_radio_709-1\">\t\t\t<label  for=\"field_vltn6-1\">\n\t\t\t\t\t<input type=\"radio\" name=\"item_meta[709]\" id=\"field_vltn6-1\" value=\"Bra!\"\n\t\t data-invmsg=\"Vad tycker du om denna sidan? \u00e4r ogiltigt\"   \/> Bra!<\/label><\/div>\n\t\t<div class=\"frm_radio\" id=\"frm_radio_709-2\">\t\t\t<label  for=\"field_vltn6-2\">\n\t\t\t\t\t<input type=\"radio\" name=\"item_meta[709]\" id=\"field_vltn6-2\" value=\"Varken bra eller d\u00e5lig.\"\n\t\t data-invmsg=\"Vad tycker du om denna sidan? \u00e4r ogiltigt\"   \/> Varken bra eller d\u00e5lig.<\/label><\/div>\n\t\t<div class=\"frm_radio\" id=\"frm_radio_709-3\">\t\t\t<label  for=\"field_vltn6-3\">\n\t\t\t\t\t<input type=\"radio\" name=\"item_meta[709]\" id=\"field_vltn6-3\" value=\"D\u00e5lig!\"\n\t\t data-invmsg=\"Vad tycker du om denna sidan? \u00e4r ogiltigt\"   \/> D\u00e5lig!<\/label><\/div>\n\t\t<div class=\"frm_radio\" id=\"frm_radio_709-4\">\t\t\t<label  for=\"field_vltn6-4\">\n\t\t\t\t\t<input type=\"radio\" name=\"item_meta[709]\" id=\"field_vltn6-4\" value=\"Superd\u00e5lig!\"\n\t\t data-invmsg=\"Vad tycker du om denna sidan? \u00e4r ogiltigt\"   \/> Superd\u00e5lig!<\/label><\/div>\n<\/div>\r\n    \r\n    \r\n<\/div>\n<div id=\"frm_field_711_container\" class=\"frm_form_field form-field  frm_top_container\">\r\n    <label for=\"field_8xc4b\" class=\"frm_primary_label\">Vad kan bli b\u00e4ttre p\u00e5 denna sidan?\r\n        <span class=\"frm_required\"><\/span>\r\n    <\/label>\r\n    <textarea name=\"item_meta[711]\" id=\"field_8xc4b\" rows=\"5\"  data-invmsg=\"Vad kan bli b\u00e4ttre p\u00e5 denna sidan? \u00e4r ogiltigt\" aria-invalid=\"false\"  ><\/textarea>\r\n    \r\n    \r\n<\/div>\n<div id=\"frm_field_743_container\" class=\"frm_form_field form-field  frm_top_container\">\r\n    <label for=\"field_7ty40\" class=\"frm_primary_label\">Vilken information letar du efter just nu p\u00e5 hemsidan?\r\n        <span class=\"frm_required\"><\/span>\r\n    <\/label>\r\n    <input type=\"text\" id=\"field_7ty40\" name=\"item_meta[743]\" value=\"\"  data-invmsg=\"Vilken information letar du efter just nu p\u00e5 hemsidan? \u00e4r ogiltigt\" aria-invalid=\"false\"  \/>\r\n    \r\n    \r\n<\/div>\n<div id=\"frm_field_712_container\" class=\"frm_form_field form-field  frm_required_field frm_top_container vertical_radio\">\r\n    <label class=\"frm_primary_label\">Jag \u00e4r inte en robot\r\n        <span class=\"frm_required\">*<\/span>\r\n    <\/label>\r\n    <div class=\"frm_opt_container\">\t\t<div class=\"frm_checkbox\" id=\"frm_checkbox_712-0\">\t\t\t<label  for=\"field_unh5q-0\">\n\t\t\t<input type=\"checkbox\" name=\"item_meta[712][]\" id=\"field_unh5q-0\" value=\"Jag \u00e4r en livslevande person\"  data-reqmsg=\"Detta f\u00e4lt kan inte vara tomt.\" data-invmsg=\"Jag \u00e4r inte en robot \u00e4r ogiltigt\"   aria-required=\"true\"  \/> Jag \u00e4r en livslevande person<\/label><\/div>\n<\/div>\r\n    \r\n    \r\n<\/div>\n<div id=\"frm_field_827_container\" class=\"frm_form_field form-field  frm_none_container\">\r\n\t<label for=\"g-recaptcha-response\" id=\"field_bdf4x_label\" class=\"frm_primary_label\">Captcha\r\n\t\t<span class=\"frm_required\" aria-hidden=\"true\"><\/span>\r\n\t<\/label>\r\n\t\r\n\t\r\n\t\r\n<\/div>\n<div id=\"frm_field_826_container\" class=\"frm_form_field form-field \">\r\n\t<div class=\"frm_submit\">\r\n\r\n<button class=\"frm_button_submit\" type=\"submit\" >Skicka<\/button>\r\n\r\n<\/div>\r\n<\/div>\n\t<input type=\"hidden\" name=\"item_key\" value=\"\" \/>\n\t\t\t<div id=\"frm_field_918_container\">\n\t\t\t<label for=\"field_thkh0\" >\n\t\t\t\tOm du \u00e4r m\u00e4nsklig, l\u00e4mna det h\u00e4r f\u00e4ltet tomt.\t\t\t<\/label>\n\t\t\t<input  id=\"field_thkh0\" type=\"text\" class=\"frm_form_field form-field frm_verify\" name=\"item_meta[918]\" value=\"\"  \/>\n\t\t<\/div>\n\t\t<input name=\"frm_state\" type=\"hidden\" value=\"1p9\/G6d4WQueJYjPsLVvrZ7zVss4u8Xp0ijNxJ5EfLA=\" \/><\/div>\n<\/fieldset>\n<\/div>\n\n<\/form>\n<\/div>\n<p>&nbsp;<\/p>\n<p><a href=\"https:\/\/www.4h.se\/halland\/wp-content\/uploads\/sites\/69\/2015\/01\/L\u00e4ra-genom-att-g\u00f6ra.png\"><img loading=\"lazy\" decoding=\"async\" class=\"aligncenter size-full wp-image-2017\" src=\"https:\/\/www.4h.se\/halland\/wp-content\/uploads\/sites\/69\/2015\/01\/L\u00e4ra-genom-att-g\u00f6ra.png\" alt=\"L\u00e4ra genom att g\u00f6ra\" width=\"1213\" height=\"165\" srcset=\"https:\/\/www.4h.se\/halland\/wp-content\/uploads\/sites\/69\/2015\/01\/L\u00e4ra-genom-att-g\u00f6ra.png 1213w, https:\/\/www.4h.se\/halland\/wp-content\/uploads\/sites\/69\/2015\/01\/L\u00e4ra-genom-att-g\u00f6ra-170x23.png 170w, https:\/\/www.4h.se\/halland\/wp-content\/uploads\/sites\/69\/2015\/01\/L\u00e4ra-genom-att-g\u00f6ra-470x64.png 470w, https:\/\/www.4h.se\/halland\/wp-content\/uploads\/sites\/69\/2015\/01\/L\u00e4ra-genom-att-g\u00f6ra-970x132.png 970w\" sizes=\"auto, (max-width: 1213px) 100vw, 1213px\" \/><\/a>[\/vc_column_text][\/vc_column][vc_column width=&#8221;1\/4&#8243;][\/vc_column][\/vc_row]<\/p>\n<\/div>","protected":false},"excerpt":{"rendered":"<p>[vc_row][vc_column][vc_single_image image=&#8221;2322&#8243; img_size=&#8221;2000&#215;500&#8243; alignment=&#8221;center&#8221; style=&#8221;vc_box_rounded&#8221;][\/vc_column][\/vc_row][vc_row][vc_column width=&#8221;1\/2&#8243;][vc_column_text css=&#8221;&#8221;] Engagera dig som mentor Mentorn i en 4H-klubb eller ett projekt \u00e4r en viktig person som fungerar som en guide och st\u00f6djande n\u00e4rvaro f\u00f6r de som engagerar sig. Mentorn b\u00f6r vara en person som \u00e4r villig att investera sin tid och erfarenhet. Mentorn b\u00f6r ha en passion f\u00f6r&nbsp; <a href=\"https:\/\/www.4h.se\/halland\/engagera-dig\/mentor\/\">&hellip; Read more <i class=\"glyphicon glyphicon-arrow-right\"><\/i><\/a><\/p>\n","protected":false},"author":126,"featured_media":0,"parent":1912,"menu_order":0,"comment_status":"closed","ping_status":"closed","template":"","meta":{"_acf_changed":false,"footnotes":""},"class_list":["post-2750","page","type-page","status-publish","hentry"],"acf":[],"yoast_head":"<!-- This site is optimized with the Yoast SEO plugin v27.5 - https:\/\/yoast.com\/product\/yoast-seo-wordpress\/ -->\n<title>Mentor<\/title>\n<meta name=\"description\" content=\"Mentor\" \/>\n<meta name=\"robots\" content=\"index, follow, max-snippet:-1, max-image-preview:large, max-video-preview:-1\" \/>\n<link rel=\"canonical\" href=\"https:\/\/www.4h.se\/halland\/engagera-dig\/mentor\/\" \/>\n<meta property=\"og:locale\" content=\"sv_SE\" \/>\n<meta property=\"og:type\" content=\"article\" \/>\n<meta property=\"og:title\" content=\"Mentor\" \/>\n<meta property=\"og:description\" content=\"Mentor\" \/>\n<meta property=\"og:url\" content=\"https:\/\/www.4h.se\/halland\/engagera-dig\/mentor\/\" \/>\n<meta property=\"og:site_name\" content=\"4H i Halland\" \/>\n<meta property=\"article:publisher\" content=\"https:\/\/www.facebook.com\/hallands4h\/\" \/>\n<meta property=\"article:modified_time\" content=\"2025-12-26T10:05:03+00:00\" \/>\n<meta name=\"twitter:card\" content=\"summary_large_image\" \/>\n<meta name=\"twitter:site\" content=\"@Hallands4H\" \/>\n<script type=\"application\/ld+json\" class=\"yoast-schema-graph\">{\"@context\":\"https:\\\/\\\/schema.org\",\"@graph\":[{\"@type\":\"WebPage\",\"@id\":\"https:\\\/\\\/www.4h.se\\\/halland\\\/engagera-dig\\\/mentor\\\/\",\"url\":\"https:\\\/\\\/www.4h.se\\\/halland\\\/engagera-dig\\\/mentor\\\/\",\"name\":\"Mentor\",\"isPartOf\":{\"@id\":\"https:\\\/\\\/www.4h.se\\\/halland\\\/#website\"},\"datePublished\":\"2023-05-20T14:39:01+00:00\",\"dateModified\":\"2025-12-26T10:05:03+00:00\",\"description\":\"Mentor\",\"breadcrumb\":{\"@id\":\"https:\\\/\\\/www.4h.se\\\/halland\\\/engagera-dig\\\/mentor\\\/#breadcrumb\"},\"inLanguage\":\"sv-SE\",\"potentialAction\":[{\"@type\":\"ReadAction\",\"target\":[\"https:\\\/\\\/www.4h.se\\\/halland\\\/engagera-dig\\\/mentor\\\/\"]}]},{\"@type\":\"BreadcrumbList\",\"@id\":\"https:\\\/\\\/www.4h.se\\\/halland\\\/engagera-dig\\\/mentor\\\/#breadcrumb\",\"itemListElement\":[{\"@type\":\"ListItem\",\"position\":1,\"name\":\"Hem\",\"item\":\"https:\\\/\\\/www.4h.se\\\/halland\\\/\"},{\"@type\":\"ListItem\",\"position\":2,\"name\":\"Engagera dig\",\"item\":\"https:\\\/\\\/www.4h.se\\\/halland\\\/engagera-dig\\\/\"},{\"@type\":\"ListItem\",\"position\":3,\"name\":\"Mentor\"}]},{\"@type\":\"WebSite\",\"@id\":\"https:\\\/\\\/www.4h.se\\\/halland\\\/#website\",\"url\":\"https:\\\/\\\/www.4h.se\\\/halland\\\/\",\"name\":\"4H i Halland\",\"description\":\"Av unga f\u00f6r unga\",\"potentialAction\":[{\"@type\":\"SearchAction\",\"target\":{\"@type\":\"EntryPoint\",\"urlTemplate\":\"https:\\\/\\\/www.4h.se\\\/halland\\\/?s={search_term_string}\"},\"query-input\":{\"@type\":\"PropertyValueSpecification\",\"valueRequired\":true,\"valueName\":\"search_term_string\"}}],\"inLanguage\":\"sv-SE\"}]}<\/script>\n<!-- \/ Yoast SEO plugin. -->","yoast_head_json":{"title":"Mentor","description":"Mentor","robots":{"index":"index","follow":"follow","max-snippet":"max-snippet:-1","max-image-preview":"max-image-preview:large","max-video-preview":"max-video-preview:-1"},"canonical":"https:\/\/www.4h.se\/halland\/engagera-dig\/mentor\/","og_locale":"sv_SE","og_type":"article","og_title":"Mentor","og_description":"Mentor","og_url":"https:\/\/www.4h.se\/halland\/engagera-dig\/mentor\/","og_site_name":"4H i Halland","article_publisher":"https:\/\/www.facebook.com\/hallands4h\/","article_modified_time":"2025-12-26T10:05:03+00:00","twitter_card":"summary_large_image","twitter_site":"@Hallands4H","schema":{"@context":"https:\/\/schema.org","@graph":[{"@type":"WebPage","@id":"https:\/\/www.4h.se\/halland\/engagera-dig\/mentor\/","url":"https:\/\/www.4h.se\/halland\/engagera-dig\/mentor\/","name":"Mentor","isPartOf":{"@id":"https:\/\/www.4h.se\/halland\/#website"},"datePublished":"2023-05-20T14:39:01+00:00","dateModified":"2025-12-26T10:05:03+00:00","description":"Mentor","breadcrumb":{"@id":"https:\/\/www.4h.se\/halland\/engagera-dig\/mentor\/#breadcrumb"},"inLanguage":"sv-SE","potentialAction":[{"@type":"ReadAction","target":["https:\/\/www.4h.se\/halland\/engagera-dig\/mentor\/"]}]},{"@type":"BreadcrumbList","@id":"https:\/\/www.4h.se\/halland\/engagera-dig\/mentor\/#breadcrumb","itemListElement":[{"@type":"ListItem","position":1,"name":"Hem","item":"https:\/\/www.4h.se\/halland\/"},{"@type":"ListItem","position":2,"name":"Engagera dig","item":"https:\/\/www.4h.se\/halland\/engagera-dig\/"},{"@type":"ListItem","position":3,"name":"Mentor"}]},{"@type":"WebSite","@id":"https:\/\/www.4h.se\/halland\/#website","url":"https:\/\/www.4h.se\/halland\/","name":"4H i Halland","description":"Av unga f\u00f6r unga","potentialAction":[{"@type":"SearchAction","target":{"@type":"EntryPoint","urlTemplate":"https:\/\/www.4h.se\/halland\/?s={search_term_string}"},"query-input":{"@type":"PropertyValueSpecification","valueRequired":true,"valueName":"search_term_string"}}],"inLanguage":"sv-SE"}]}},"_links":{"self":[{"href":"https:\/\/www.4h.se\/halland\/wp-json\/wp\/v2\/pages\/2750","targetHints":{"allow":["GET"]}}],"collection":[{"href":"https:\/\/www.4h.se\/halland\/wp-json\/wp\/v2\/pages"}],"about":[{"href":"https:\/\/www.4h.se\/halland\/wp-json\/wp\/v2\/types\/page"}],"author":[{"embeddable":true,"href":"https:\/\/www.4h.se\/halland\/wp-json\/wp\/v2\/users\/126"}],"replies":[{"embeddable":true,"href":"https:\/\/www.4h.se\/halland\/wp-json\/wp\/v2\/comments?post=2750"}],"version-history":[{"count":0,"href":"https:\/\/www.4h.se\/halland\/wp-json\/wp\/v2\/pages\/2750\/revisions"}],"up":[{"embeddable":true,"href":"https:\/\/www.4h.se\/halland\/wp-json\/wp\/v2\/pages\/1912"}],"wp:attachment":[{"href":"https:\/\/www.4h.se\/halland\/wp-json\/wp\/v2\/media?parent=2750"}],"curies":[{"name":"wp","href":"https:\/\/api.w.org\/{rel}","templated":true}]}}