



{"id":2598,"date":"2022-10-22T17:08:51","date_gmt":"2022-10-22T15:08:51","guid":{"rendered":"http:\/\/www.4h.se\/halland\/?page_id=2598"},"modified":"2025-10-23T13:35:32","modified_gmt":"2025-10-23T11:35:32","slug":"pengar-till-klubben","status":"publish","type":"page","link":"https:\/\/www.4h.se\/halland\/pengar-till-klubben\/","title":{"rendered":"Pengar till klubben"},"content":{"rendered":"<div class=\"wpb-content-wrapper\"><p>[vc_row][vc_column][vc_single_image image=&#8221;2553&#8243; img_size=&#8221;2000&#215;500&#8243; alignment=&#8221;center&#8221; style=&#8221;vc_box_rounded&#8221;][\/vc_column][\/vc_row][vc_row][vc_column width=&#8221;1\/2&#8243;][vc_column_text]<\/p>\n<h1>Tj\u00e4na pengar till klubben<\/h1>\n<p>Som klubb \u00e4r man alltid behov av extra pengar f\u00f6r att g\u00f6ra roliga aktiviteter, k\u00f6pa fika, betala hyran, med mera. P\u00e5 den h\u00e4r sidan har vi samlat information om hur er klubb kan tj\u00e4na extra pengar till klubben.[\/vc_column_text][\/vc_column][vc_column width=&#8221;1\/2&#8243;][vc_single_image image=&#8221;2557&#8243; img_size=&#8221;500&#215;500&#8243; alignment=&#8221;center&#8221; style=&#8221;vc_box_rounded&#8221;][\/vc_column][\/vc_row][vc_row][vc_column width=&#8221;1\/2&#8243;][vc_column_text]<\/p>\n<h2>Grundl\u00e4ggande inkomster till klubben<\/h2>\n<p>[\/vc_column_text][vc_toggle title=&#8221;Medlemsavgifter&#8221; style=&#8221;round&#8221; color=&#8221;green&#8221; size=&#8221;lg&#8221; open=&#8221;true&#8221; el_id=&#8221;1666452106624-6d46bda6-6e9e&#8221;]Ett bra s\u00e4tt att f\u00e5 in pengar till klubben \u00e4r att ha en medlemsavgift. Det skapar en trygg och grundl\u00e4ggande inkomst varje \u00e5r per medlem. Inom 4H \u00e4r medlemsavgiften uppdelad i tre delar, en del till riksf\u00f6rbundet, en del till l\u00e4nsf\u00f6rbundet och en del till klubben.<\/p>\n<p>Det \u00e4r under klubbens \u00e5rsm\u00f6te som ni beslutar om hur stor er klubbdel i medlemsavfiten ska vara. De flesta klubbar har en klubbavgift p\u00e5 ca 100kr.[\/vc_toggle][vc_toggle title=&#8221;Lokaltaktivtetsst\u00f6d&#8221; style=&#8221;round&#8221; color=&#8221;green&#8221; size=&#8221;lg&#8221; open=&#8221;true&#8221; el_id=&#8221;1666452389226-ce068ed1-1bf4&#8243;]En viktig grund i klubbarnas finansiering \u00e4r kommunernas bidrag f\u00f6r lokalt aktivitetsst\u00f6d. Lokalt aktivitetsst\u00f6d \u00e4r pengar klubben f\u00e5r genom att arrangera aktiviteter och bidraget ans\u00f6ks om tv\u00e5 g\u00e5nger per \u00e5r.<\/p>\n<div id=\"svid12_f647a59141ef67b434195a\" class=\"sv-text-portlet sv-use-margins\">\n<div class=\"sv-text-portlet-content\">\n<p id=\"h-Vadarvillkorenforengodkandaktivitet\" class=\"minorheading\"><strong>F\u00f6ljande regler g\u00e4ller inom Varbergs kommun f\u00f6r en\u00a0godk\u00e4nd aktivitet<\/strong><\/p>\n<\/div>\n<\/div>\n<div id=\"svid12_f647a59141ef67b434195b\" class=\"sv-text-portlet sv-use-margins\">\n<div class=\"sv-text-portlet-content\">\n<ul class=\" normal\">\n<li>Minst\u00a03 och max 30 deltagare i bidragsber\u00e4ttigad \u00e5lder 7-25 \u00e5r \u00a0(ledare i bidragsber\u00e4ttigad \u00e5lder f\u00e5r\u00a0 r\u00e4knas som deltagare en g\u00e5ng per dag).<\/li>\n<li>Aktiviteten\/gruppen har minst en ledare.<\/li>\n<li>Ledaren f\u00e5r ej vara ledare f\u00f6r flera grupper under samma tid.<\/li>\n<li>Aktiviteten ska vara minst en timme med gemensam samling och avslutning.<\/li>\n<li>Aktiviteten ska vara planerad och beslutad av styrelse, sektion eller medlemsm\u00f6te.<\/li>\n<li>Aktiviteten genomf\u00f6rs i f\u00f6reningens regi.<\/li>\n<li>Bidrag ges en g\u00e5ng per dag och deltagare inom samma f\u00f6rening.<\/li>\n<li>Ej kommersiella arrangemang i f\u00f6reningens regi, t e x bingo, dans, basar m m.<\/li>\n<li>Ej studiecirklar anordnat av studief\u00f6rbund.<\/li>\n<li>Ans\u00f6kan och digital n\u00e4rvaro- och aktivitetsrapportering skall ske i kommunens e-tj\u00e4nst &#8221;Aktivitetsst\u00f6d&#8221;.<\/li>\n<li>F\u00f6reningar kan bli uttagna f\u00f6r kontroll och stickprov.<\/li>\n<\/ul>\n<p><strong><a href=\"https:\/\/varberg.se\/upplevagora\/bidragstodochstipendier\/bidragochstodinomidrottsochfritidsomradet\/lokaltaktivitetsstod.4.7a02f89d141da10ced213da.html\">F\u00f6r mer information fr\u00e5n Varbergs kommun, l\u00e4s mer h\u00e4r.\u00a0<\/a><\/strong><\/p>\n<\/div>\n<\/div>\n<p>[\/vc_toggle][\/vc_column][vc_column width=&#8221;1\/2&#8243;][vc_column_text]<\/p>\n<h2>Extra pengar fr\u00e5n Hallands 4H<\/h2>\n<p>[\/vc_column_text][vc_column_text]<strong>INKOMSTBRINGANDE 4H-ARRANGEMANG<\/strong><\/p>\n<p>Hallands 4H vill g\u00e4rna att klubbarna ska sprida information om 4H. D\u00e4rf\u00f6r kan klubben f\u00e5 bidrag f\u00f6r detta. Om ni planerar att s\u00e4lja n\u00e5got f\u00f6r att f\u00e5 in pengar till klubben, passa d\u00e5 p\u00e5 att s\u00f6ka <em><strong>Inkomstbringande 4H-arrangemang<\/strong><\/em>! D\u00e5 kan Hallands 4H ge klubben bidrag f\u00f6r halva vinsten som klubben g\u00f6r under arrangemanget (men max 2500kr).<\/p>\n<p>Om ni inte planerar att s\u00e4lja n\u00e5got under arrangemanget, s\u00f6k d\u00e5 ist\u00e4llet 4H-dag. Under en 4H-dag delar man endast ut information om 4H och kanske h\u00e5ller n\u00e5gon aktivitet, men det s\u00e4ljs inget under dagen.<\/p>\n<p>&nbsp;<\/p>\n<p><strong>Innan arrangemanget<\/strong><\/p>\n<p>Om ni vill arrangera ett inkomstbringande 4H-arragemang ska ni rapportera in till Hallands 4H n\u00e4r ni planerar att ha det. Vi vill d\u00e5 veta datum, tid, plats samt ansvarig kontaktperson och aktiviteter. Man rapporterar l\u00e4ttast genom att\u00a0maila till Ekonomi.halland@4H.se.<\/p>\n<p>&nbsp;<\/p>\n<p><strong>Efter arrangemanget<\/strong><\/p>\n<p>N\u00e4r 4H-arrangemanget \u00e4r \u00f6ver beh\u00f6ver ni redovisa eventet. Fyll d\u00e5 i dokumentet\u00a0<em>Redovisning av Inkomstbringande 4H-arrangemang<\/em>\u00a0som vi har skickat till er och skicka till Hallands 4H. L\u00e4s g\u00e4rna igenom dokumentet innan ert event, s\u00e5 vet ni vad ni kan beh\u00f6va t\u00e4nka p\u00e5. Redovisningen ska skickas in senast en m\u00e5nad efter eventet och l\u00e4mna d\u00e5 ocks\u00e5 in era kvitton.<\/p>\n<p>&nbsp;<\/p>\n<p><strong>Regler<\/strong><\/p>\n<p>F\u00f6r att Hallands 4H ska se det som en inkomstbringande 4H-arrangemang ska kraven h\u00e4r nedan uppfyllas:<\/p>\n<p>&#8211; Information om 4H ska delas ut till allm\u00e4nheten.<\/p>\n<p>&#8211; Det ska tydligt synas att det \u00e4r 4H som anordnar aktiviteten.<\/p>\n<p>&#8211; Aktiviteter, f\u00f6rs\u00e4ljning och lotterier (ex. lottring) som ordnas av klubben sj\u00e4lv \u00e4r godk\u00e4nt, men inte lotterier eller annan f\u00f6rs\u00e4ljning som \u00e4r anordnade av annan part som till exempel Sverigelotter, lokala rabattkort eller liknande.<\/p>\n<p>&nbsp;<\/p>\n<p><strong>Tips p\u00e5 information att dela ut<\/strong><\/p>\n<p>Det finns mycket information att dela ut. Klubbens (och andra klubbars) m\u00f6tesplanering \u00e4r den viktigaste att dela ut. Andra exempel p\u00e5 information som kan delas ut \u00e4r: l\u00e4ns- och kretsbroschyrer, broschyr om vad 4H \u00e4r, broschyr om att starta ny 4H-klubb.<\/p>\n<p>Vill ni ha tips p\u00e5 hur man ordnar en riktigt bra 4H-dag? Kontakta Hallands 4H! Ett allm\u00e4nt tips f\u00f6r en lyckad 4H-dag \u00e4r att faktiskt prata med de som verkar intresserade, och \u00e4r i r\u00e4tt m\u00e5lgrupp. Ni kan be dem att skriva ner sina kontaktuppgifter ifall de verkar intresserade. D\u00e5 kan ni ringa, eller \u00e4nnu b\u00e4ttre, tr\u00e4ffa dem strax innan n\u00e4sta 4H-tr\u00e4ff. N\u00e4r nya medlemmar kommer p\u00e5 tr\u00e4ffen se till att de k\u00e4nner sig v\u00e4lkomna.[\/vc_column_text][\/vc_column][\/vc_row][vc_row][vc_column width=&#8221;1\/3&#8243;][vc_single_image image=&#8221;2884&#8243; img_size=&#8221;600&#215;400&#8243; alignment=&#8221;center&#8221; style=&#8221;vc_box_rounded&#8221;][vc_column_text]<\/p>\n<h3>S\u00e4lj med Newbody<\/h3>\n<p>Newbody Family best\u00e5r av tre varum\u00e4rken, som ni s\u00e4ljer samtidigt i katalog eller webbshop. Det g\u00f6r att ni alltid kan erbjuda era kunder n\u00e5gonting nytt. Det blir \u00e4nnu enklare att tj\u00e4na pengar, helt enkelt.[\/vc_column_text][vc_btn title=&#8221;L\u00e4s mer om Newbody&#8221; style=&#8221;3d&#8221; color=&#8221;purple&#8221; size=&#8221;lg&#8221; align=&#8221;center&#8221; button_block=&#8221;true&#8221; link=&#8221;url:https%3A%2F%2Fwww.newbodyfamily.com%2Fsv-se%2F|title:Newbody|target:_blank&#8221;][\/vc_column][vc_column width=&#8221;1\/3&#8243;][vc_single_image image=&#8221;2886&#8243; img_size=&#8221;600&#215;400&#8243; alignment=&#8221;center&#8221; style=&#8221;vc_box_rounded&#8221;][vc_column_text]<\/p>\n<h3>S\u00e4lj med Folkspel<\/h3>\n<p>Bingolotter, Sverigelotter, BingoLottos julkalender och BingoLotto prenumeration har alla goda marginaler f\u00f6r dig som s\u00e4ljer. Tack vare sina v\u00e4lk\u00e4nda varum\u00e4rken och fina vinstchanser \u00e4r produkterna ocks\u00e5 l\u00e4tts\u00e5lda.[\/vc_column_text][vc_btn title=&#8221;L\u00e4s mer om Folkspel&#8221; style=&#8221;3d&#8221; color=&#8221;purple&#8221; size=&#8221;lg&#8221; align=&#8221;center&#8221; button_block=&#8221;true&#8221; link=&#8221;url:https%3A%2F%2Fprodukter.folkspel.se%2Fforening%2F|title:Folkspel|target:_blank&#8221;][\/vc_column][vc_column width=&#8221;1\/3&#8243;][vc_single_image image=&#8221;2748&#8243; img_size=&#8221;600&#215;400&#8243; alignment=&#8221;center&#8221; style=&#8221;vc_box_rounded&#8221;][vc_column_text]<\/p>\n<h3>Lokaltaktivitetsst\u00f6d<\/h3>\n<p>En viktig grund i klubbarnas finansiering \u00e4r kommunernas bidrag f\u00f6r lokalt aktivitetsst\u00f6d. Lokalt aktivitetsst\u00f6d \u00e4r pengar klubben f\u00e5r genom att arrangera aktiviteter och bidraget ans\u00f6ks om tv\u00e5 g\u00e5nger per \u00e5r.[\/vc_column_text][vc_btn title=&#8221;L\u00e4s mer om lokaltaktivitetsst\u00f6d i Varberg&#8221; style=&#8221;3d&#8221; color=&#8221;purple&#8221; size=&#8221;lg&#8221; align=&#8221;center&#8221; button_block=&#8221;true&#8221; link=&#8221;url:https%3A%2F%2Fvarberg.se%2Fupplevagora%2Fbidragstodochstipendier%2Fforeningsbidraginomidrottsochfritidsomradet.4.22653bbe18773ef643d41f6.html|title:LOK|target:_blank&#8221;][\/vc_column][\/vc_row][vc_row][vc_column][vc_single_image image=&#8221;2174&#8243; img_size=&#8221;2000&#215;250&#8243; alignment=&#8221;center&#8221; style=&#8221;vc_box_rounded&#8221;][\/vc_column][\/vc_row][vc_row][vc_column width=&#8221;1\/4&#8243;][\/vc_column][vc_column width=&#8221;1\/2&#8243;][vc_column_text]<div class=\"frm_forms  with_frm_style frm_style_formidable-style\" id=\"frm_form_78_container\" >\n<form enctype=\"multipart\/form-data\" method=\"post\" class=\"frm-show-form \" id=\"form_lbhrl\" >\n<div class=\"frm_form_fields \">\n<fieldset>\n<legend class=\"frm_hidden\">Utveckla v\u00e5r hemsida! <\/legend>\r\n<h3 class=\"frm_form_title\">Utveckla v\u00e5r hemsida! <\/h3>\r\n<div class=\"frm_fields_container\">\n<input type=\"hidden\" name=\"frm_action\" value=\"create\" \/>\n<input type=\"hidden\" name=\"form_id\" value=\"78\" \/>\n<input type=\"hidden\" name=\"frm_hide_fields_78\" id=\"frm_hide_fields_78\" value=\"\" \/>\n<input type=\"hidden\" name=\"form_key\" value=\"lbhrl\" \/>\n<input type=\"hidden\" name=\"item_meta[0]\" value=\"\" \/>\n<input type=\"hidden\" id=\"frm_submit_entry_78\" name=\"frm_submit_entry_78\" value=\"52f5dbe88d\" \/><input type=\"hidden\" name=\"_wp_http_referer\" value=\"\/halland\/wp-json\/wp\/v2\/pages\/2598\" \/><div id=\"frm_field_709_container\" class=\"frm_form_field form-field  frm_top_container vertical_radio\">\r\n    <label class=\"frm_primary_label\">Vad tycker du om denna sidan?\r\n        <span class=\"frm_required\"><\/span>\r\n    <\/label>\r\n    <div class=\"frm_opt_container\">\t\t<div class=\"frm_radio\" id=\"frm_radio_709-0\">\t\t\t<label  for=\"field_vltn6-0\">\n\t\t\t\t\t<input type=\"radio\" name=\"item_meta[709]\" id=\"field_vltn6-0\" value=\"Superbra!\"\n\t\t data-invmsg=\"Vad tycker du om denna sidan? \u00e4r ogiltigt\"   \/> Superbra!<\/label><\/div>\n\t\t<div class=\"frm_radio\" id=\"frm_radio_709-1\">\t\t\t<label  for=\"field_vltn6-1\">\n\t\t\t\t\t<input type=\"radio\" name=\"item_meta[709]\" id=\"field_vltn6-1\" value=\"Bra!\"\n\t\t data-invmsg=\"Vad tycker du om denna sidan? \u00e4r ogiltigt\"   \/> Bra!<\/label><\/div>\n\t\t<div class=\"frm_radio\" id=\"frm_radio_709-2\">\t\t\t<label  for=\"field_vltn6-2\">\n\t\t\t\t\t<input type=\"radio\" name=\"item_meta[709]\" id=\"field_vltn6-2\" value=\"Varken bra eller d\u00e5lig.\"\n\t\t data-invmsg=\"Vad tycker du om denna sidan? \u00e4r ogiltigt\"   \/> Varken bra eller d\u00e5lig.<\/label><\/div>\n\t\t<div class=\"frm_radio\" id=\"frm_radio_709-3\">\t\t\t<label  for=\"field_vltn6-3\">\n\t\t\t\t\t<input type=\"radio\" name=\"item_meta[709]\" id=\"field_vltn6-3\" value=\"D\u00e5lig!\"\n\t\t data-invmsg=\"Vad tycker du om denna sidan? \u00e4r ogiltigt\"   \/> D\u00e5lig!<\/label><\/div>\n\t\t<div class=\"frm_radio\" id=\"frm_radio_709-4\">\t\t\t<label  for=\"field_vltn6-4\">\n\t\t\t\t\t<input type=\"radio\" name=\"item_meta[709]\" id=\"field_vltn6-4\" value=\"Superd\u00e5lig!\"\n\t\t data-invmsg=\"Vad tycker du om denna sidan? \u00e4r ogiltigt\"   \/> Superd\u00e5lig!<\/label><\/div>\n<\/div>\r\n    \r\n    \r\n<\/div>\n<div id=\"frm_field_711_container\" class=\"frm_form_field form-field  frm_top_container\">\r\n    <label for=\"field_8xc4b\" class=\"frm_primary_label\">Vad kan bli b\u00e4ttre p\u00e5 denna sidan?\r\n        <span class=\"frm_required\"><\/span>\r\n    <\/label>\r\n    <textarea name=\"item_meta[711]\" id=\"field_8xc4b\" rows=\"5\"  data-invmsg=\"Vad kan bli b\u00e4ttre p\u00e5 denna sidan? \u00e4r ogiltigt\" aria-invalid=\"false\"  ><\/textarea>\r\n    \r\n    \r\n<\/div>\n<div id=\"frm_field_743_container\" class=\"frm_form_field form-field  frm_top_container\">\r\n    <label for=\"field_7ty40\" class=\"frm_primary_label\">Vilken information letar du efter just nu p\u00e5 hemsidan?\r\n        <span class=\"frm_required\"><\/span>\r\n    <\/label>\r\n    <input type=\"text\" id=\"field_7ty40\" name=\"item_meta[743]\" value=\"\"  data-invmsg=\"Vilken information letar du efter just nu p\u00e5 hemsidan? \u00e4r ogiltigt\" aria-invalid=\"false\"  \/>\r\n    \r\n    \r\n<\/div>\n<div id=\"frm_field_712_container\" class=\"frm_form_field form-field  frm_required_field frm_top_container vertical_radio\">\r\n    <label class=\"frm_primary_label\">Jag \u00e4r inte en robot\r\n        <span class=\"frm_required\">*<\/span>\r\n    <\/label>\r\n    <div class=\"frm_opt_container\">\t\t<div class=\"frm_checkbox\" id=\"frm_checkbox_712-0\">\t\t\t<label  for=\"field_unh5q-0\">\n\t\t\t<input type=\"checkbox\" name=\"item_meta[712][]\" id=\"field_unh5q-0\" value=\"Jag \u00e4r en livslevande person\"  data-reqmsg=\"Detta f\u00e4lt kan inte vara tomt.\" data-invmsg=\"Jag \u00e4r inte en robot \u00e4r ogiltigt\"   aria-required=\"true\"  \/> Jag \u00e4r en livslevande person<\/label><\/div>\n<\/div>\r\n    \r\n    \r\n<\/div>\n<div id=\"frm_field_827_container\" class=\"frm_form_field form-field  frm_none_container\">\r\n\t<label for=\"g-recaptcha-response\" id=\"field_bdf4x_label\" class=\"frm_primary_label\">Captcha\r\n\t\t<span class=\"frm_required\" aria-hidden=\"true\"><\/span>\r\n\t<\/label>\r\n\t\r\n\t\r\n\t\r\n<\/div>\n<div id=\"frm_field_826_container\" class=\"frm_form_field form-field \">\r\n\t<div class=\"frm_submit\">\r\n\r\n<button class=\"frm_button_submit\" type=\"submit\" >Skicka<\/button>\r\n\r\n<\/div>\r\n<\/div>\n\t<input type=\"hidden\" name=\"item_key\" value=\"\" \/>\n\t\t\t<div id=\"frm_field_917_container\">\n\t\t\t<label for=\"field_2v7ki\" >\n\t\t\t\tOm du \u00e4r m\u00e4nsklig, l\u00e4mna det h\u00e4r f\u00e4ltet tomt.\t\t\t<\/label>\n\t\t\t<input  id=\"field_2v7ki\" type=\"text\" class=\"frm_form_field form-field frm_verify\" name=\"item_meta[917]\" value=\"\"  \/>\n\t\t<\/div>\n\t\t<input name=\"frm_state\" type=\"hidden\" value=\"1p9\/G6d4WQueJYjPsLVvrZ5tuff3ljQsf2IEphLNcD8=\" \/><\/div>\n<\/fieldset>\n<\/div>\n\n<\/form>\n<\/div>\n<p>&nbsp;<\/p>\n<p><a href=\"https:\/\/www.4h.se\/halland\/wp-content\/uploads\/sites\/69\/2015\/01\/L\u00e4ra-genom-att-g\u00f6ra.png\"><img loading=\"lazy\" decoding=\"async\" class=\"aligncenter size-full wp-image-2017\" src=\"https:\/\/www.4h.se\/halland\/wp-content\/uploads\/sites\/69\/2015\/01\/L\u00e4ra-genom-att-g\u00f6ra.png\" alt=\"L\u00e4ra genom att g\u00f6ra\" width=\"1213\" height=\"165\" srcset=\"https:\/\/www.4h.se\/halland\/wp-content\/uploads\/sites\/69\/2015\/01\/L\u00e4ra-genom-att-g\u00f6ra.png 1213w, https:\/\/www.4h.se\/halland\/wp-content\/uploads\/sites\/69\/2015\/01\/L\u00e4ra-genom-att-g\u00f6ra-170x23.png 170w, https:\/\/www.4h.se\/halland\/wp-content\/uploads\/sites\/69\/2015\/01\/L\u00e4ra-genom-att-g\u00f6ra-470x64.png 470w, https:\/\/www.4h.se\/halland\/wp-content\/uploads\/sites\/69\/2015\/01\/L\u00e4ra-genom-att-g\u00f6ra-970x132.png 970w\" sizes=\"auto, (max-width: 1213px) 100vw, 1213px\" \/><\/a>[\/vc_column_text][\/vc_column][vc_column width=&#8221;1\/4&#8243;][\/vc_column][\/vc_row]<\/p>\n<\/div>","protected":false},"excerpt":{"rendered":"<p>[vc_row][vc_column][vc_single_image image=&#8221;2553&#8243; img_size=&#8221;2000&#215;500&#8243; alignment=&#8221;center&#8221; style=&#8221;vc_box_rounded&#8221;][\/vc_column][\/vc_row][vc_row][vc_column width=&#8221;1\/2&#8243;][vc_column_text] Tj\u00e4na pengar till klubben Som klubb \u00e4r man alltid behov av extra pengar f\u00f6r att g\u00f6ra roliga aktiviteter, k\u00f6pa fika, betala hyran, med mera. P\u00e5 den h\u00e4r sidan har vi samlat information om hur er klubb kan tj\u00e4na extra pengar till klubben.[\/vc_column_text][\/vc_column][vc_column width=&#8221;1\/2&#8243;][vc_single_image image=&#8221;2557&#8243; img_size=&#8221;500&#215;500&#8243; alignment=&#8221;center&#8221; style=&#8221;vc_box_rounded&#8221;][\/vc_column][\/vc_row][vc_row][vc_column width=&#8221;1\/2&#8243;][vc_column_text] Grundl\u00e4ggande&nbsp; <a href=\"https:\/\/www.4h.se\/halland\/pengar-till-klubben\/\">&hellip; Read more <i class=\"glyphicon glyphicon-arrow-right\"><\/i><\/a><\/p>\n","protected":false},"author":126,"featured_media":0,"parent":0,"menu_order":60,"comment_status":"closed","ping_status":"closed","template":"","meta":{"footnotes":""},"class_list":["post-2598","page","type-page","status-publish","hentry"],"yoast_head":"<!-- This site is optimized with the Yoast SEO plugin v27.4 - https:\/\/yoast.com\/product\/yoast-seo-wordpress\/ -->\n<title>Pengar till klubben - 4H i Halland<\/title>\n<meta name=\"robots\" content=\"index, follow, max-snippet:-1, max-image-preview:large, max-video-preview:-1\" \/>\n<link rel=\"canonical\" href=\"https:\/\/www.4h.se\/halland\/pengar-till-klubben\/\" \/>\n<meta property=\"og:locale\" content=\"sv_SE\" \/>\n<meta property=\"og:type\" content=\"article\" \/>\n<meta property=\"og:title\" content=\"Pengar till klubben - 4H i Halland\" \/>\n<meta property=\"og:description\" content=\"[vc_row][vc_column][vc_single_image image=&#8221;2553&#8243; img_size=&#8221;2000&#215;500&#8243; alignment=&#8221;center&#8221; style=&#8221;vc_box_rounded&#8221;][\/vc_column][\/vc_row][vc_row][vc_column width=&#8221;1\/2&#8243;][vc_column_text] Tj\u00e4na pengar till klubben Som klubb \u00e4r man alltid behov av extra pengar f\u00f6r att g\u00f6ra roliga aktiviteter, k\u00f6pa fika, betala hyran, med mera. P\u00e5 den h\u00e4r sidan har vi samlat information om hur er klubb kan tj\u00e4na extra pengar till klubben.[\/vc_column_text][\/vc_column][vc_column width=&#8221;1\/2&#8243;][vc_single_image image=&#8221;2557&#8243; img_size=&#8221;500&#215;500&#8243; alignment=&#8221;center&#8221; style=&#8221;vc_box_rounded&#8221;][\/vc_column][\/vc_row][vc_row][vc_column width=&#8221;1\/2&#8243;][vc_column_text] Grundl\u00e4ggande&nbsp; &hellip; Read more\" \/>\n<meta property=\"og:url\" content=\"https:\/\/www.4h.se\/halland\/pengar-till-klubben\/\" \/>\n<meta property=\"og:site_name\" content=\"4H i Halland\" \/>\n<meta property=\"article:publisher\" content=\"https:\/\/www.facebook.com\/hallands4h\/\" \/>\n<meta property=\"article:modified_time\" content=\"2025-10-23T11:35:32+00:00\" \/>\n<meta name=\"twitter:card\" content=\"summary_large_image\" \/>\n<meta name=\"twitter:site\" content=\"@Hallands4H\" \/>\n<meta name=\"twitter:label1\" content=\"Ber\u00e4knad l\u00e4stid\" \/>\n\t<meta name=\"twitter:data1\" content=\"6 minuter\" \/>\n<script type=\"application\/ld+json\" class=\"yoast-schema-graph\">{\"@context\":\"https:\\\/\\\/schema.org\",\"@graph\":[{\"@type\":\"WebPage\",\"@id\":\"https:\\\/\\\/www.4h.se\\\/halland\\\/pengar-till-klubben\\\/\",\"url\":\"https:\\\/\\\/www.4h.se\\\/halland\\\/pengar-till-klubben\\\/\",\"name\":\"Pengar till klubben - 4H i Halland\",\"isPartOf\":{\"@id\":\"https:\\\/\\\/www.4h.se\\\/halland\\\/#website\"},\"datePublished\":\"2022-10-22T15:08:51+00:00\",\"dateModified\":\"2025-10-23T11:35:32+00:00\",\"breadcrumb\":{\"@id\":\"https:\\\/\\\/www.4h.se\\\/halland\\\/pengar-till-klubben\\\/#breadcrumb\"},\"inLanguage\":\"sv-SE\",\"potentialAction\":[{\"@type\":\"ReadAction\",\"target\":[\"https:\\\/\\\/www.4h.se\\\/halland\\\/pengar-till-klubben\\\/\"]}]},{\"@type\":\"BreadcrumbList\",\"@id\":\"https:\\\/\\\/www.4h.se\\\/halland\\\/pengar-till-klubben\\\/#breadcrumb\",\"itemListElement\":[{\"@type\":\"ListItem\",\"position\":1,\"name\":\"Hem\",\"item\":\"https:\\\/\\\/www.4h.se\\\/halland\\\/\"},{\"@type\":\"ListItem\",\"position\":2,\"name\":\"Pengar till klubben\"}]},{\"@type\":\"WebSite\",\"@id\":\"https:\\\/\\\/www.4h.se\\\/halland\\\/#website\",\"url\":\"https:\\\/\\\/www.4h.se\\\/halland\\\/\",\"name\":\"4H i Halland\",\"description\":\"Av unga f\u00f6r unga\",\"potentialAction\":[{\"@type\":\"SearchAction\",\"target\":{\"@type\":\"EntryPoint\",\"urlTemplate\":\"https:\\\/\\\/www.4h.se\\\/halland\\\/?s={search_term_string}\"},\"query-input\":{\"@type\":\"PropertyValueSpecification\",\"valueRequired\":true,\"valueName\":\"search_term_string\"}}],\"inLanguage\":\"sv-SE\"}]}<\/script>\n<!-- \/ Yoast SEO plugin. -->","yoast_head_json":{"title":"Pengar till klubben - 4H i Halland","robots":{"index":"index","follow":"follow","max-snippet":"max-snippet:-1","max-image-preview":"max-image-preview:large","max-video-preview":"max-video-preview:-1"},"canonical":"https:\/\/www.4h.se\/halland\/pengar-till-klubben\/","og_locale":"sv_SE","og_type":"article","og_title":"Pengar till klubben - 4H i Halland","og_description":"[vc_row][vc_column][vc_single_image image=&#8221;2553&#8243; img_size=&#8221;2000&#215;500&#8243; alignment=&#8221;center&#8221; style=&#8221;vc_box_rounded&#8221;][\/vc_column][\/vc_row][vc_row][vc_column width=&#8221;1\/2&#8243;][vc_column_text] Tj\u00e4na pengar till klubben Som klubb \u00e4r man alltid behov av extra pengar f\u00f6r att g\u00f6ra roliga aktiviteter, k\u00f6pa fika, betala hyran, med mera. P\u00e5 den h\u00e4r sidan har vi samlat information om hur er klubb kan tj\u00e4na extra pengar till klubben.[\/vc_column_text][\/vc_column][vc_column width=&#8221;1\/2&#8243;][vc_single_image image=&#8221;2557&#8243; img_size=&#8221;500&#215;500&#8243; alignment=&#8221;center&#8221; style=&#8221;vc_box_rounded&#8221;][\/vc_column][\/vc_row][vc_row][vc_column width=&#8221;1\/2&#8243;][vc_column_text] Grundl\u00e4ggande&nbsp; &hellip; Read more","og_url":"https:\/\/www.4h.se\/halland\/pengar-till-klubben\/","og_site_name":"4H i Halland","article_publisher":"https:\/\/www.facebook.com\/hallands4h\/","article_modified_time":"2025-10-23T11:35:32+00:00","twitter_card":"summary_large_image","twitter_site":"@Hallands4H","twitter_misc":{"Ber\u00e4knad l\u00e4stid":"6 minuter"},"schema":{"@context":"https:\/\/schema.org","@graph":[{"@type":"WebPage","@id":"https:\/\/www.4h.se\/halland\/pengar-till-klubben\/","url":"https:\/\/www.4h.se\/halland\/pengar-till-klubben\/","name":"Pengar till klubben - 4H i Halland","isPartOf":{"@id":"https:\/\/www.4h.se\/halland\/#website"},"datePublished":"2022-10-22T15:08:51+00:00","dateModified":"2025-10-23T11:35:32+00:00","breadcrumb":{"@id":"https:\/\/www.4h.se\/halland\/pengar-till-klubben\/#breadcrumb"},"inLanguage":"sv-SE","potentialAction":[{"@type":"ReadAction","target":["https:\/\/www.4h.se\/halland\/pengar-till-klubben\/"]}]},{"@type":"BreadcrumbList","@id":"https:\/\/www.4h.se\/halland\/pengar-till-klubben\/#breadcrumb","itemListElement":[{"@type":"ListItem","position":1,"name":"Hem","item":"https:\/\/www.4h.se\/halland\/"},{"@type":"ListItem","position":2,"name":"Pengar till klubben"}]},{"@type":"WebSite","@id":"https:\/\/www.4h.se\/halland\/#website","url":"https:\/\/www.4h.se\/halland\/","name":"4H i Halland","description":"Av unga f\u00f6r unga","potentialAction":[{"@type":"SearchAction","target":{"@type":"EntryPoint","urlTemplate":"https:\/\/www.4h.se\/halland\/?s={search_term_string}"},"query-input":{"@type":"PropertyValueSpecification","valueRequired":true,"valueName":"search_term_string"}}],"inLanguage":"sv-SE"}]}},"_links":{"self":[{"href":"https:\/\/www.4h.se\/halland\/wp-json\/wp\/v2\/pages\/2598","targetHints":{"allow":["GET"]}}],"collection":[{"href":"https:\/\/www.4h.se\/halland\/wp-json\/wp\/v2\/pages"}],"about":[{"href":"https:\/\/www.4h.se\/halland\/wp-json\/wp\/v2\/types\/page"}],"author":[{"embeddable":true,"href":"https:\/\/www.4h.se\/halland\/wp-json\/wp\/v2\/users\/126"}],"replies":[{"embeddable":true,"href":"https:\/\/www.4h.se\/halland\/wp-json\/wp\/v2\/comments?post=2598"}],"version-history":[{"count":0,"href":"https:\/\/www.4h.se\/halland\/wp-json\/wp\/v2\/pages\/2598\/revisions"}],"wp:attachment":[{"href":"https:\/\/www.4h.se\/halland\/wp-json\/wp\/v2\/media?parent=2598"}],"curies":[{"name":"wp","href":"https:\/\/api.w.org\/{rel}","templated":true}]}}