



{"id":2461,"date":"2022-01-29T13:59:00","date_gmt":"2022-01-29T12:59:00","guid":{"rendered":"https:\/\/www.4h.se\/halland\/?page_id=2461"},"modified":"2025-10-23T13:35:33","modified_gmt":"2025-10-23T11:35:33","slug":"alla-vara-lager","status":"publish","type":"page","link":"https:\/\/www.4h.se\/halland\/alla-vara-lager\/","title":{"rendered":"Alla v\u00e5ra l\u00e4ger"},"content":{"rendered":"<div class=\"wpb-content-wrapper\"><p>[vc_row][vc_column][vc_single_image image=&#8221;2241&#8243; img_size=&#8221;2000&#215;500&#8243; alignment=&#8221;center&#8221; style=&#8221;vc_box_rounded&#8221;][\/vc_column][\/vc_row][vc_row][vc_column width=&#8221;1\/2&#8243;][vc_column_text]<\/p>\n<h1>Alla v\u00e5ra l\u00e4ger<\/h1>\n<p>P\u00e5 den h\u00e4r sidan ser du en snabb \u00f6verblick \u00f6ver alla v\u00e5ra l\u00e4ger som vi i Hallands 4H arrangerar. V\u00e5ra l\u00e4ger arrangeras av unga ideella medlemmar inom 4H, vilket \u00e4r fantastiskt med tanke p\u00e5 den oerh\u00f6rt h\u00f6ga kvalit\u00e9n p\u00e5 dem. <em><strong>Av unga, f\u00f6r unga.\u00a0<\/strong><\/em>[\/vc_column_text][vc_btn title=&#8221;Anm\u00e4l dig till ett l\u00e4ger h\u00e4r!&#8221; style=&#8221;3d&#8221; color=&#8221;peacoc&#8221; size=&#8221;lg&#8221; align=&#8221;center&#8221; button_block=&#8221;true&#8221; link=&#8221;url:https%3A%2F%2Fwww.antribe.com%2Forg%2F4h%2F4h-i-halland%2Fevent|title:Anm%C3%A4l%20dig%20till%20ett%20l%C3%A4ger!|&#8221;][vc_btn title=&#8221;Vanliga fr\u00e5gor!&#8221; style=&#8221;3d&#8221; color=&#8221;success&#8221; size=&#8221;lg&#8221; align=&#8221;center&#8221; button_block=&#8221;true&#8221; link=&#8221;url:https%3A%2F%2Fwww.4h.se%2Fhalland%2Ffaq%2F|title:Vanliga%20fr%C3%A5gor|&#8221;][\/vc_column][vc_column width=&#8221;1\/2&#8243;][vc_single_image image=&#8221;1994&#8243; img_size=&#8221;600&#215;400&#8243; alignment=&#8221;center&#8221; style=&#8221;vc_box_rounded&#8221;][\/vc_column][\/vc_row][vc_row][vc_column][vc_separator][\/vc_column][\/vc_row][vc_row][vc_column width=&#8221;1\/3&#8243;][vc_single_image image=&#8221;1804&#8243; img_size=&#8221;600&#215;400&#8243; alignment=&#8221;center&#8221; style=&#8221;vc_box_rounded&#8221;][vc_column_text css=&#8221;&#8221;]<\/p>\n<h2>Lantlivsl\u00e4ger<\/h2>\n<h4><i>M\u00e5lgrupp: 10-14 \u00e5r<\/i><\/h4>\n<div class=\"wpb_text_column wpb_content_element \">\n<div class=\"wpb_wrapper\">\n<p>H\u00e4ng med p\u00e5 veckol\u00e4ger p\u00e5 \u00c4stad 4H-g\u00e5rd! Under l\u00e4gerveckan tar vi hand om flera olika djur s\u00e5 som kaniner, f\u00e5r, katter, grisar och h\u00f6ns. Vi paddlar kanot och grillar, k\u00f6r t\u00e4vlingar och lekar, lagar mat, badar och g\u00f6r sp\u00e4nnande utflykter. Dessa l\u00e4ger har vi arrangerat sedan 40-talet och de \u00e4r om\u00e5ttligt popul\u00e4ra!<\/p>\n<\/div>\n<\/div>\n<p>[\/vc_column_text][vc_btn title=&#8221;L\u00e4s mer h\u00e4r!&#8221; style=&#8221;3d&#8221; color=&#8221;success&#8221; size=&#8221;lg&#8221; align=&#8221;center&#8221; button_block=&#8221;true&#8221; link=&#8221;url:https%3A%2F%2Fwww.4h.se%2Fhalland%2Flager%2F|title:Lantlivs-%20%26%20Lantg%C3%A5rdsl%C3%A4ger|&#8221;][vc_separator][\/vc_column][vc_column width=&#8221;1\/3&#8243;][vc_single_image image=&#8221;2593&#8243; img_size=&#8221;600&#215;400&#8243; alignment=&#8221;center&#8221; style=&#8221;vc_box_rounded&#8221; css=&#8221;&#8221;][vc_column_text css=&#8221;&#8221;]<\/p>\n<h2>\u00c4ldreveckan<\/h2>\n<h4><i>M\u00e5lgrupp: 14-17 \u00e5r<\/i><\/h4>\n<p>H\u00e4ng med p\u00e5 veckol\u00e4gret \u00c4ldreveckan p\u00e5 \u00c4stad 4H-g\u00e5rd! Tillsammans med andra f\u00e5r du \u00e4ven chansen att l\u00e4ra dig mer om ledarskap genom att planera samt h\u00e5lla i egna aktiviteter. Detta \u00e4r det perfekta l\u00e4gret f\u00f6r dig som vill komma steget n\u00e4rmare ledarrollen eller bara vill ha en riktigt kul vecka med andra i din \u00e5lder.[\/vc_column_text][vc_btn title=&#8221;L\u00e4s mer h\u00e4r!&#8221; style=&#8221;3d&#8221; color=&#8221;success&#8221; size=&#8221;lg&#8221; align=&#8221;center&#8221; css=&#8221;&#8221; button_block=&#8221;true&#8221; link=&#8221;title:%C3%84ldrel%C3%A4ger|target:_blank&#8221;][vc_separator][\/vc_column][vc_column width=&#8221;1\/3&#8243;][vc_single_image image=&#8221;1999&#8243; img_size=&#8221;600&#215;400&#8243; alignment=&#8221;center&#8221; style=&#8221;vc_box_rounded&#8221;][vc_column_text css=&#8221;&#8221;]<\/p>\n<h2>L\u00e4nsl\u00e4ger<\/h2>\n<h4><i>M\u00e5lgrupp: 10-15 \u00e5r<\/i><\/h4>\n<p>Sista helgen i juni samlas m\u00e5nga av Hallands 4H-klubbar f\u00f6r att g\u00f6ra upp om L\u00e4gertoppen. L\u00e4gertoppen best\u00e5r av flera olika grenar\/t\u00e4vlingar som p\u00e5g\u00e5r under l\u00e4gret, varje t\u00e4vling ger po\u00e4ng. Den klubb som till slut har samlat ihop flest po\u00e4ng vinner L\u00e4gertoppen.[\/vc_column_text][vc_btn title=&#8221;L\u00e4s mer h\u00e4r!&#8221; style=&#8221;3d&#8221; color=&#8221;success&#8221; size=&#8221;lg&#8221; align=&#8221;center&#8221; button_block=&#8221;true&#8221; link=&#8221;url:https%3A%2F%2Fwww.4h.se%2Fhalland%2Flanslager%2F|title:L%C3%A4nsl%C3%A4ger|&#8221;][vc_separator css=&#8221;&#8221;][\/vc_column][\/vc_row][vc_row][vc_column width=&#8221;1\/3&#8243;][vc_single_image image=&#8221;3010&#8243; img_size=&#8221;600&#215;400&#8243; alignment=&#8221;center&#8221; style=&#8221;vc_box_rounded&#8221; css=&#8221;&#8221;][vc_column_text css=&#8221;&#8221;]<\/p>\n<h2>Nordiskt l\u00e4ger<\/h2>\n<h4><i>M\u00e5lgrupp: 14 \u00e5r &amp; upp\u00e5t<\/i><\/h4>\n<p>Nordiskt l\u00e4ger h\u00e5lls vartannat \u00e5r och arrangeras i Finland, Norge, Danmark eller Sverige. H\u00e4r tr\u00e4ffar du 4H:are fr\u00e5n hela Norden. F\u00f6r att \u00e5ka p\u00e5 l\u00e4gret m\u00e5ste du ha fyllt 14 \u00e5r. Aktiviteterna varierar beroende p\u00e5 vilket land som \u00e4r arrang\u00f6r men best\u00e5r i huvudsak av lekar och t\u00e4vlingar och s\u00e5klart en massa l\u00e4germys. L\u00e4gret \u00e4r ett bra tillf\u00e4lle att f\u00e5 kontakt med 4H:are fr\u00e5n andra l\u00e4nder.<br \/>\n2025 \u00e4r det Sveriges tur att vara v\u00e4rd f\u00f6r l\u00e4gret![\/vc_column_text][vc_btn title=&#8221;L\u00e4s mer h\u00e4r!&#8221; style=&#8221;3d&#8221; color=&#8221;success&#8221; size=&#8221;lg&#8221; align=&#8221;center&#8221; css=&#8221;&#8221; button_block=&#8221;true&#8221; link=&#8221;url:https%3A%2F%2Fwww.4h.se%2Fnordic-camp-2025%2F|title:Rixl%C3%A4ger%202024|target:_blank&#8221;][vc_separator css=&#8221;&#8221;][\/vc_column][vc_column width=&#8221;1\/3&#8243;][vc_single_image image=&#8221;3011&#8243; img_size=&#8221;600&#215;400&#8243; css=&#8221;&#8221;][vc_column_text css=&#8221;&#8221;]<\/p>\n<h2>L\u00e4ger p\u00e5 St\u00e4ttareds 4H-g\u00e5rd<\/h2>\n<p>F\u00f6r information om St\u00e4ttared 4H-g\u00e5rds l\u00e4ger klicka in p\u00e5 deras hemsidan nedan.[\/vc_column_text][vc_btn title=&#8221;L\u00e4s mer h\u00e4r!&#8221; style=&#8221;3d&#8221; color=&#8221;success&#8221; size=&#8221;lg&#8221; align=&#8221;center&#8221; css=&#8221;&#8221; button_block=&#8221;true&#8221; link=&#8221;url:https%3A%2F%2Fwww.4h.se%2Fstattared%2Flager%2F|title:St%C3%A4ttareds%20l%C3%A4ger%202025|target:_blank&#8221;][\/vc_column][vc_column width=&#8221;1\/3&#8243; offset=&#8221;vc_hidden-lg vc_hidden-md vc_hidden-sm vc_hidden-xs&#8221;][vc_single_image image=&#8221;2871&#8243; img_size=&#8221;600&#215;400&#8243; alignment=&#8221;center&#8221; style=&#8221;vc_box_rounded&#8221;][vc_column_text]<\/p>\n<h2>Riksl\u00e4ger<\/h2>\n<h4><i>M\u00e5lgrupp: 14 \u00e5r &amp; upp\u00e5t<\/i><\/h4>\n<p>Sveriges 4Hs st\u00f6rsta l\u00e4ger arrangeras varje \u00e5r och lockar hundratals deltagare. Under det h\u00e4r l\u00e4gret t\u00e4vlar alla l\u00e4n mot varandra f\u00f6r att vinna den s\u00e5 kallade L\u00e4gertoppen, som best\u00e5r av flera olika grenar. Mellan t\u00e4vlingarna sover vi i t\u00e4lt, myser runt l\u00e4gereldar![\/vc_column_text][vc_btn title=&#8221;L\u00e4s mer h\u00e4r!&#8221; style=&#8221;3d&#8221; color=&#8221;success&#8221; size=&#8221;lg&#8221; align=&#8221;center&#8221; css=&#8221;&#8221; button_block=&#8221;true&#8221; link=&#8221;url:https%3A%2F%2Fwww.4h.se%2F|title:Rixl%C3%A4ger%202024|target:_blank&#8221;][vc_separator][\/vc_column][\/vc_row][vc_row][vc_column width=&#8221;1\/3&#8243; offset=&#8221;vc_hidden-lg vc_hidden-md vc_hidden-sm vc_hidden-xs&#8221;][vc_single_image image=&#8221;1997&#8243; img_size=&#8221;600&#215;400&#8243; alignment=&#8221;center&#8221; style=&#8221;vc_box_rounded&#8221;][vc_column_text]<\/p>\n<h2>\u00c4ventyret<\/h2>\n<h4><i>M\u00e5lgrupp: 13-17 \u00e5r<\/i><\/h4>\n<p>\u00c4ventyret, ett l\u00e4ger fyllt av \u00e4ventyr och sp\u00e4nnande upplevelser! Bland skog och sj\u00f6ar l\u00f6ser vi utmaningar tillsammans. \u00c4r som gjort f\u00f6r dig som gillar stj\u00e4rnklara vindskyddskv\u00e4llar och heldagar p\u00e5 sj\u00f6n eller dig som bara vill ha ett fantastisk l\u00e4ger med nya kompisar.[\/vc_column_text][vc_btn title=&#8221;L\u00e4s mer h\u00e4r!&#8221; style=&#8221;3d&#8221; color=&#8221;success&#8221; size=&#8221;lg&#8221; align=&#8221;center&#8221; css=&#8221;&#8221; button_block=&#8221;true&#8221; link=&#8221;title:Friluftsl%C3%A4ger|target:_blank&#8221;][\/vc_column][vc_column width=&#8221;1\/3&#8243;][\/vc_column][vc_column width=&#8221;1\/3&#8243; offset=&#8221;vc_hidden-lg vc_hidden-md vc_hidden-sm vc_hidden-xs&#8221;][vc_single_image image=&#8221;2243&#8243; img_size=&#8221;600&#215;400&#8243; alignment=&#8221;center&#8221; style=&#8221;vc_box_rounded&#8221;][vc_column_text]<\/p>\n<h2>\u00c4ldre\u00f6vernattning<\/h2>\n<h4><em>M\u00e5lgrupp: 13-17 \u00e5r<\/em><\/h4>\n<p>H\u00e4ng med p\u00e5 det helt nya konceptet \u00e4ldre\u00f6vernattning p\u00e5 \u00c4stad 4H-g\u00e5rd f\u00f6r dig som \u00e4r f\u00f6dd mellan 2007 och 2011. Under dagarna kommer vi att bada, tr\u00e4ffa gamla och nya v\u00e4nner och bara ha kul! P\u00e5 kv\u00e4llen kommer vi \u00e4ven ha en galamiddag d\u00e4r man g\u00e4rna f\u00e5r ha p\u00e5 sig finkl\u00e4der![\/vc_column_text][vc_btn title=&#8221;L\u00e4s mer h\u00e4r!&#8221; style=&#8221;3d&#8221; color=&#8221;success&#8221; size=&#8221;lg&#8221; align=&#8221;center&#8221; css=&#8221;&#8221; button_block=&#8221;true&#8221; link=&#8221;title:%C3%84ldre%C3%B6vernattning|target:_blank&#8221;][\/vc_column][\/vc_row][vc_row][vc_column][vc_single_image image=&#8221;2174&#8243; img_size=&#8221;2000&#215;250&#8243; alignment=&#8221;center&#8221; style=&#8221;vc_box_rounded&#8221;][\/vc_column][\/vc_row][vc_row][vc_column width=&#8221;1\/4&#8243;][\/vc_column][vc_column width=&#8221;1\/2&#8243;][vc_column_text]<div class=\"frm_forms  with_frm_style frm_style_formidable-style\" id=\"frm_form_78_container\" >\n<form enctype=\"multipart\/form-data\" method=\"post\" class=\"frm-show-form \" id=\"form_lbhrl\" >\n<div class=\"frm_form_fields \">\n<fieldset>\n<legend class=\"frm_hidden\">Utveckla v\u00e5r hemsida! <\/legend>\r\n<h3 class=\"frm_form_title\">Utveckla v\u00e5r hemsida! <\/h3>\r\n<div class=\"frm_fields_container\">\n<input type=\"hidden\" name=\"frm_action\" value=\"create\" \/>\n<input type=\"hidden\" name=\"form_id\" value=\"78\" \/>\n<input type=\"hidden\" name=\"frm_hide_fields_78\" id=\"frm_hide_fields_78\" value=\"\" \/>\n<input type=\"hidden\" name=\"form_key\" value=\"lbhrl\" \/>\n<input type=\"hidden\" name=\"item_meta[0]\" value=\"\" \/>\n<input type=\"hidden\" id=\"frm_submit_entry_78\" name=\"frm_submit_entry_78\" value=\"58506b7602\" \/><input type=\"hidden\" name=\"_wp_http_referer\" value=\"\/halland\/wp-json\/wp\/v2\/pages\/2461\" \/><div id=\"frm_field_709_container\" class=\"frm_form_field form-field  frm_top_container vertical_radio\">\r\n    <label class=\"frm_primary_label\">Vad tycker du om denna sidan?\r\n        <span class=\"frm_required\"><\/span>\r\n    <\/label>\r\n    <div class=\"frm_opt_container\">\t\t<div class=\"frm_radio\" id=\"frm_radio_709-0\">\t\t\t<label  for=\"field_vltn6-0\">\n\t\t\t\t\t<input type=\"radio\" name=\"item_meta[709]\" id=\"field_vltn6-0\" value=\"Superbra!\"\n\t\t data-invmsg=\"Vad tycker du om denna sidan? \u00e4r ogiltigt\"   \/> Superbra!<\/label><\/div>\n\t\t<div class=\"frm_radio\" id=\"frm_radio_709-1\">\t\t\t<label  for=\"field_vltn6-1\">\n\t\t\t\t\t<input type=\"radio\" name=\"item_meta[709]\" id=\"field_vltn6-1\" value=\"Bra!\"\n\t\t data-invmsg=\"Vad tycker du om denna sidan? \u00e4r ogiltigt\"   \/> Bra!<\/label><\/div>\n\t\t<div class=\"frm_radio\" id=\"frm_radio_709-2\">\t\t\t<label  for=\"field_vltn6-2\">\n\t\t\t\t\t<input type=\"radio\" name=\"item_meta[709]\" id=\"field_vltn6-2\" value=\"Varken bra eller d\u00e5lig.\"\n\t\t data-invmsg=\"Vad tycker du om denna sidan? \u00e4r ogiltigt\"   \/> Varken bra eller d\u00e5lig.<\/label><\/div>\n\t\t<div class=\"frm_radio\" id=\"frm_radio_709-3\">\t\t\t<label  for=\"field_vltn6-3\">\n\t\t\t\t\t<input type=\"radio\" name=\"item_meta[709]\" id=\"field_vltn6-3\" value=\"D\u00e5lig!\"\n\t\t data-invmsg=\"Vad tycker du om denna sidan? \u00e4r ogiltigt\"   \/> D\u00e5lig!<\/label><\/div>\n\t\t<div class=\"frm_radio\" id=\"frm_radio_709-4\">\t\t\t<label  for=\"field_vltn6-4\">\n\t\t\t\t\t<input type=\"radio\" name=\"item_meta[709]\" id=\"field_vltn6-4\" value=\"Superd\u00e5lig!\"\n\t\t data-invmsg=\"Vad tycker du om denna sidan? \u00e4r ogiltigt\"   \/> Superd\u00e5lig!<\/label><\/div>\n<\/div>\r\n    \r\n    \r\n<\/div>\n<div id=\"frm_field_711_container\" class=\"frm_form_field form-field  frm_top_container\">\r\n    <label for=\"field_8xc4b\" class=\"frm_primary_label\">Vad kan bli b\u00e4ttre p\u00e5 denna sidan?\r\n        <span class=\"frm_required\"><\/span>\r\n    <\/label>\r\n    <textarea name=\"item_meta[711]\" id=\"field_8xc4b\" rows=\"5\"  data-invmsg=\"Vad kan bli b\u00e4ttre p\u00e5 denna sidan? \u00e4r ogiltigt\" aria-invalid=\"false\"  ><\/textarea>\r\n    \r\n    \r\n<\/div>\n<div id=\"frm_field_743_container\" class=\"frm_form_field form-field  frm_top_container\">\r\n    <label for=\"field_7ty40\" class=\"frm_primary_label\">Vilken information letar du efter just nu p\u00e5 hemsidan?\r\n        <span class=\"frm_required\"><\/span>\r\n    <\/label>\r\n    <input type=\"text\" id=\"field_7ty40\" name=\"item_meta[743]\" value=\"\"  data-invmsg=\"Vilken information letar du efter just nu p\u00e5 hemsidan? \u00e4r ogiltigt\" aria-invalid=\"false\"  \/>\r\n    \r\n    \r\n<\/div>\n<div id=\"frm_field_712_container\" class=\"frm_form_field form-field  frm_required_field frm_top_container vertical_radio\">\r\n    <label class=\"frm_primary_label\">Jag \u00e4r inte en robot\r\n        <span class=\"frm_required\">*<\/span>\r\n    <\/label>\r\n    <div class=\"frm_opt_container\">\t\t<div class=\"frm_checkbox\" id=\"frm_checkbox_712-0\">\t\t\t<label  for=\"field_unh5q-0\">\n\t\t\t<input type=\"checkbox\" name=\"item_meta[712][]\" id=\"field_unh5q-0\" value=\"Jag \u00e4r en livslevande person\"  data-reqmsg=\"Detta f\u00e4lt kan inte vara tomt.\" data-invmsg=\"Jag \u00e4r inte en robot \u00e4r ogiltigt\"   aria-required=\"true\"  \/> Jag \u00e4r en livslevande person<\/label><\/div>\n<\/div>\r\n    \r\n    \r\n<\/div>\n<div id=\"frm_field_827_container\" class=\"frm_form_field form-field  frm_none_container\">\r\n\t<label for=\"g-recaptcha-response\" id=\"field_bdf4x_label\" class=\"frm_primary_label\">Captcha\r\n\t\t<span class=\"frm_required\" aria-hidden=\"true\"><\/span>\r\n\t<\/label>\r\n\t\r\n\t\r\n\t\r\n<\/div>\n<div id=\"frm_field_826_container\" class=\"frm_form_field form-field \">\r\n\t<div class=\"frm_submit\">\r\n\r\n<button class=\"frm_button_submit\" type=\"submit\" >Skicka<\/button>\r\n\r\n<\/div>\r\n<\/div>\n\t<input type=\"hidden\" name=\"item_key\" value=\"\" \/>\n\t\t\t<div id=\"frm_field_917_container\">\n\t\t\t<label for=\"field_pl57q\" >\n\t\t\t\tOm du \u00e4r m\u00e4nsklig, l\u00e4mna det h\u00e4r f\u00e4ltet tomt.\t\t\t<\/label>\n\t\t\t<input  id=\"field_pl57q\" type=\"text\" class=\"frm_form_field form-field frm_verify\" name=\"item_meta[917]\" value=\"\"  \/>\n\t\t<\/div>\n\t\t<input name=\"frm_state\" type=\"hidden\" value=\"1p9\/G6d4WQueJYjPsLVvrZ5tuff3ljQsf2IEphLNcD8=\" \/><\/div>\n<\/fieldset>\n<\/div>\n\n<\/form>\n<\/div>\n[\/vc_column_text][vc_single_image image=&#8221;2017&#8243; img_size=&#8221;full&#8221; alignment=&#8221;center&#8221;][\/vc_column][vc_column width=&#8221;1\/4&#8243;][\/vc_column][\/vc_row]<\/p>\n<\/div>","protected":false},"excerpt":{"rendered":"<p>[vc_row][vc_column][vc_single_image image=&#8221;2241&#8243; img_size=&#8221;2000&#215;500&#8243; alignment=&#8221;center&#8221; style=&#8221;vc_box_rounded&#8221;][\/vc_column][\/vc_row][vc_row][vc_column width=&#8221;1\/2&#8243;][vc_column_text] Alla v\u00e5ra l\u00e4ger P\u00e5 den h\u00e4r sidan ser du en snabb \u00f6verblick \u00f6ver alla v\u00e5ra l\u00e4ger som vi i Hallands 4H arrangerar. V\u00e5ra l\u00e4ger arrangeras av unga ideella medlemmar inom 4H, vilket \u00e4r fantastiskt med tanke p\u00e5 den oerh\u00f6rt h\u00f6ga kvalit\u00e9n p\u00e5 dem. Av unga, f\u00f6r unga.\u00a0[\/vc_column_text][vc_btn title=&#8221;Anm\u00e4l dig&nbsp; <a href=\"https:\/\/www.4h.se\/halland\/alla-vara-lager\/\">&hellip; Read more <i class=\"glyphicon glyphicon-arrow-right\"><\/i><\/a><\/p>\n","protected":false},"author":126,"featured_media":0,"parent":0,"menu_order":71,"comment_status":"closed","ping_status":"closed","template":"","meta":{"footnotes":""},"class_list":["post-2461","page","type-page","status-publish","hentry"],"yoast_head":"<!-- This site is optimized with the Yoast SEO plugin v27.4 - https:\/\/yoast.com\/product\/yoast-seo-wordpress\/ -->\n<title>Alla v\u00e5ra l\u00e4ger - 4H i Halland<\/title>\n<meta name=\"robots\" content=\"index, follow, max-snippet:-1, max-image-preview:large, max-video-preview:-1\" \/>\n<link rel=\"canonical\" href=\"https:\/\/www.4h.se\/halland\/alla-vara-lager\/\" \/>\n<meta property=\"og:locale\" content=\"sv_SE\" \/>\n<meta property=\"og:type\" content=\"article\" \/>\n<meta property=\"og:title\" content=\"Alla v\u00e5ra l\u00e4ger - 4H i Halland\" \/>\n<meta property=\"og:description\" content=\"[vc_row][vc_column][vc_single_image image=&#8221;2241&#8243; img_size=&#8221;2000&#215;500&#8243; alignment=&#8221;center&#8221; style=&#8221;vc_box_rounded&#8221;][\/vc_column][\/vc_row][vc_row][vc_column width=&#8221;1\/2&#8243;][vc_column_text] Alla v\u00e5ra l\u00e4ger P\u00e5 den h\u00e4r sidan ser du en snabb \u00f6verblick \u00f6ver alla v\u00e5ra l\u00e4ger som vi i Hallands 4H arrangerar. V\u00e5ra l\u00e4ger arrangeras av unga ideella medlemmar inom 4H, vilket \u00e4r fantastiskt med tanke p\u00e5 den oerh\u00f6rt h\u00f6ga kvalit\u00e9n p\u00e5 dem. Av unga, f\u00f6r unga.\u00a0[\/vc_column_text][vc_btn title=&#8221;Anm\u00e4l dig&nbsp; &hellip; Read more\" \/>\n<meta property=\"og:url\" content=\"https:\/\/www.4h.se\/halland\/alla-vara-lager\/\" \/>\n<meta property=\"og:site_name\" content=\"4H i Halland\" \/>\n<meta property=\"article:publisher\" content=\"https:\/\/www.facebook.com\/hallands4h\/\" \/>\n<meta property=\"article:modified_time\" content=\"2025-10-23T11:35:33+00:00\" \/>\n<meta name=\"twitter:card\" content=\"summary_large_image\" \/>\n<meta name=\"twitter:site\" content=\"@Hallands4H\" \/>\n<meta name=\"twitter:label1\" content=\"Ber\u00e4knad l\u00e4stid\" \/>\n\t<meta name=\"twitter:data1\" content=\"7 minuter\" \/>\n<script type=\"application\/ld+json\" class=\"yoast-schema-graph\">{\"@context\":\"https:\\\/\\\/schema.org\",\"@graph\":[{\"@type\":\"WebPage\",\"@id\":\"https:\\\/\\\/www.4h.se\\\/halland\\\/alla-vara-lager\\\/\",\"url\":\"https:\\\/\\\/www.4h.se\\\/halland\\\/alla-vara-lager\\\/\",\"name\":\"Alla v\u00e5ra l\u00e4ger - 4H i Halland\",\"isPartOf\":{\"@id\":\"https:\\\/\\\/www.4h.se\\\/halland\\\/#website\"},\"datePublished\":\"2022-01-29T12:59:00+00:00\",\"dateModified\":\"2025-10-23T11:35:33+00:00\",\"breadcrumb\":{\"@id\":\"https:\\\/\\\/www.4h.se\\\/halland\\\/alla-vara-lager\\\/#breadcrumb\"},\"inLanguage\":\"sv-SE\",\"potentialAction\":[{\"@type\":\"ReadAction\",\"target\":[\"https:\\\/\\\/www.4h.se\\\/halland\\\/alla-vara-lager\\\/\"]}]},{\"@type\":\"BreadcrumbList\",\"@id\":\"https:\\\/\\\/www.4h.se\\\/halland\\\/alla-vara-lager\\\/#breadcrumb\",\"itemListElement\":[{\"@type\":\"ListItem\",\"position\":1,\"name\":\"Hem\",\"item\":\"https:\\\/\\\/www.4h.se\\\/halland\\\/\"},{\"@type\":\"ListItem\",\"position\":2,\"name\":\"Alla v\u00e5ra l\u00e4ger\"}]},{\"@type\":\"WebSite\",\"@id\":\"https:\\\/\\\/www.4h.se\\\/halland\\\/#website\",\"url\":\"https:\\\/\\\/www.4h.se\\\/halland\\\/\",\"name\":\"4H i Halland\",\"description\":\"Av unga f\u00f6r unga\",\"potentialAction\":[{\"@type\":\"SearchAction\",\"target\":{\"@type\":\"EntryPoint\",\"urlTemplate\":\"https:\\\/\\\/www.4h.se\\\/halland\\\/?s={search_term_string}\"},\"query-input\":{\"@type\":\"PropertyValueSpecification\",\"valueRequired\":true,\"valueName\":\"search_term_string\"}}],\"inLanguage\":\"sv-SE\"}]}<\/script>\n<!-- \/ Yoast SEO plugin. -->","yoast_head_json":{"title":"Alla v\u00e5ra l\u00e4ger - 4H i Halland","robots":{"index":"index","follow":"follow","max-snippet":"max-snippet:-1","max-image-preview":"max-image-preview:large","max-video-preview":"max-video-preview:-1"},"canonical":"https:\/\/www.4h.se\/halland\/alla-vara-lager\/","og_locale":"sv_SE","og_type":"article","og_title":"Alla v\u00e5ra l\u00e4ger - 4H i Halland","og_description":"[vc_row][vc_column][vc_single_image image=&#8221;2241&#8243; img_size=&#8221;2000&#215;500&#8243; alignment=&#8221;center&#8221; style=&#8221;vc_box_rounded&#8221;][\/vc_column][\/vc_row][vc_row][vc_column width=&#8221;1\/2&#8243;][vc_column_text] Alla v\u00e5ra l\u00e4ger P\u00e5 den h\u00e4r sidan ser du en snabb \u00f6verblick \u00f6ver alla v\u00e5ra l\u00e4ger som vi i Hallands 4H arrangerar. V\u00e5ra l\u00e4ger arrangeras av unga ideella medlemmar inom 4H, vilket \u00e4r fantastiskt med tanke p\u00e5 den oerh\u00f6rt h\u00f6ga kvalit\u00e9n p\u00e5 dem. Av unga, f\u00f6r unga.\u00a0[\/vc_column_text][vc_btn title=&#8221;Anm\u00e4l dig&nbsp; &hellip; Read more","og_url":"https:\/\/www.4h.se\/halland\/alla-vara-lager\/","og_site_name":"4H i Halland","article_publisher":"https:\/\/www.facebook.com\/hallands4h\/","article_modified_time":"2025-10-23T11:35:33+00:00","twitter_card":"summary_large_image","twitter_site":"@Hallands4H","twitter_misc":{"Ber\u00e4knad l\u00e4stid":"7 minuter"},"schema":{"@context":"https:\/\/schema.org","@graph":[{"@type":"WebPage","@id":"https:\/\/www.4h.se\/halland\/alla-vara-lager\/","url":"https:\/\/www.4h.se\/halland\/alla-vara-lager\/","name":"Alla v\u00e5ra l\u00e4ger - 4H i Halland","isPartOf":{"@id":"https:\/\/www.4h.se\/halland\/#website"},"datePublished":"2022-01-29T12:59:00+00:00","dateModified":"2025-10-23T11:35:33+00:00","breadcrumb":{"@id":"https:\/\/www.4h.se\/halland\/alla-vara-lager\/#breadcrumb"},"inLanguage":"sv-SE","potentialAction":[{"@type":"ReadAction","target":["https:\/\/www.4h.se\/halland\/alla-vara-lager\/"]}]},{"@type":"BreadcrumbList","@id":"https:\/\/www.4h.se\/halland\/alla-vara-lager\/#breadcrumb","itemListElement":[{"@type":"ListItem","position":1,"name":"Hem","item":"https:\/\/www.4h.se\/halland\/"},{"@type":"ListItem","position":2,"name":"Alla v\u00e5ra l\u00e4ger"}]},{"@type":"WebSite","@id":"https:\/\/www.4h.se\/halland\/#website","url":"https:\/\/www.4h.se\/halland\/","name":"4H i Halland","description":"Av unga f\u00f6r unga","potentialAction":[{"@type":"SearchAction","target":{"@type":"EntryPoint","urlTemplate":"https:\/\/www.4h.se\/halland\/?s={search_term_string}"},"query-input":{"@type":"PropertyValueSpecification","valueRequired":true,"valueName":"search_term_string"}}],"inLanguage":"sv-SE"}]}},"_links":{"self":[{"href":"https:\/\/www.4h.se\/halland\/wp-json\/wp\/v2\/pages\/2461","targetHints":{"allow":["GET"]}}],"collection":[{"href":"https:\/\/www.4h.se\/halland\/wp-json\/wp\/v2\/pages"}],"about":[{"href":"https:\/\/www.4h.se\/halland\/wp-json\/wp\/v2\/types\/page"}],"author":[{"embeddable":true,"href":"https:\/\/www.4h.se\/halland\/wp-json\/wp\/v2\/users\/126"}],"replies":[{"embeddable":true,"href":"https:\/\/www.4h.se\/halland\/wp-json\/wp\/v2\/comments?post=2461"}],"version-history":[{"count":0,"href":"https:\/\/www.4h.se\/halland\/wp-json\/wp\/v2\/pages\/2461\/revisions"}],"wp:attachment":[{"href":"https:\/\/www.4h.se\/halland\/wp-json\/wp\/v2\/media?parent=2461"}],"curies":[{"name":"wp","href":"https:\/\/api.w.org\/{rel}","templated":true}]}}