



{"id":2326,"date":"2021-10-30T19:56:04","date_gmt":"2021-10-30T17:56:04","guid":{"rendered":"https:\/\/www.4h.se\/halland\/?page_id=2326"},"modified":"2025-11-12T08:33:59","modified_gmt":"2025-11-12T07:33:59","slug":"projektplan","status":"publish","type":"page","link":"https:\/\/www.4h.se\/halland\/projektplan\/","title":{"rendered":"Projektplan"},"content":{"rendered":"<div class=\"wpb-content-wrapper\"><p>[vc_row][vc_column][vc_single_image image=&#8221;2128&#8243; img_size=&#8221;2000&#215;500&#8243; alignment=&#8221;center&#8221; style=&#8221;vc_box_rounded&#8221;][\/vc_column][\/vc_row][vc_row][vc_column width=&#8221;1\/2&#8243;][vc_column_text]<\/p>\n<h1>Skapa ett projekt med 4H<\/h1>\n<h4><strong>G\u00f6r skillnad inom Hallands 4H &#8211; Bli arrang\u00f6r!<\/strong><\/h4>\n<p>Hallands 4H v\u00e4xer och utvecklas genom engagemanget och kreativiteten hos v\u00e5ra medlemmar. Nu vill vi bli fler arrang\u00f6rer som kan bidra till v\u00e5r gemenskaps dynamik genom att skapa och leda sp\u00e4nnande aktiviteter!<\/p>\n<p>Att vara en arrang\u00f6r inom Hallands 4H \u00e4r en givande upplevelse som erbjuder m\u00f6jligheter att:<\/p>\n<ul>\n<li><strong>\u00d6ka Aktiviteterna:<\/strong> Genom att arrangera olika aktiviteter, skapar vi tillsammans en livfull och aktiv verksamhet d\u00e4r varje medlem kan hitta n\u00e5got som intresserar dem.<\/li>\n<li><strong>Framh\u00e4va personlig och kollektiv utveckling:<\/strong> N\u00e4r fler medlemmar tar steget att bli arrang\u00f6rer, skapar det en milj\u00f6 av l\u00e4rande och utveckling. Det \u00e4r en chans att f\u00f6rb\u00e4ttra organisatoriska och ledarskapsf\u00e4rdigheter, samtidigt som vi st\u00f6der varandras framsteg och framg\u00e5ngar.<\/li>\n<li><strong>F\u00f6rst\u00e4rka Hallands 4H:s gemenskap:<\/strong> Varje ny arrang\u00f6r bidrar med unika perspektiv och erfarenheter som berikar v\u00e5r organisation. Detta hj\u00e4lper inte bara till att attrahera nya medlemmar, men \u00e4ven att h\u00e5lla v\u00e5r befintliga medlemskrets engagerad och inspirerad.<\/li>\n<\/ul>\n<p>Vi v\u00e4lkomnar medlemmar med alla bakgrunder och erfarenhetsniv\u00e5er att utforska m\u00f6jligheten att bli en arrang\u00f6r. Tillsammans kan vi forts\u00e4tta att bygga en stark, inkluderande och inspirerande gemenskap inom Hallands 4H.<\/p>\n<p><strong>\u00c4r du redo att ta steget och bli arrang\u00f6r? Fyll i formul\u00e4ret nedan och p\u00e5b\u00f6rja din resa med oss!<\/strong>[\/vc_column_text][vc_btn title=&#8221;\u00d6ppna projektplanen h\u00e4r&#8221; style=&#8221;3d&#8221; color=&#8221;success&#8221; size=&#8221;lg&#8221; align=&#8221;center&#8221; css=&#8221;&#8221; button_block=&#8221;true&#8221; link=&#8221;url:https%3A%2F%2Fforms.fillout.com%2Ft%2Fu7cpD9BMQuus|title:Projektplan&#8221;][\/vc_column][vc_column width=&#8221;1\/2&#8243;][vc_single_image image=&#8221;1999&#8243; img_size=&#8221;600&#215;650&#8243; alignment=&#8221;center&#8221; style=&#8221;vc_box_rounded&#8221;][\/vc_column][\/vc_row][vc_row][vc_column][vc_separator][\/vc_column][\/vc_row][vc_row][vc_column][vc_raw_html css=&#8221;&#8221;]JTNDZGl2JTIwc3R5bGUlM0QlMjJ3aWR0aCUzQTEwMCUyNSUzQmhlaWdodCUzQTUwMHB4JTNCJTIyJTIwZGF0YS1maWxsb3V0LWlkJTNEJTIydTdjcEQ5Qk1RdXVzJTIyJTIwZGF0YS1maWxsb3V0LWVtYmVkLXR5cGUlM0QlMjJzdGFuZGFyZCUyMiUyMGRhdGEtZmlsbG91dC1pbmhlcml0LXBhcmFtZXRlcnMlM0UlM0MlMkZkaXYlM0UlM0NzY3JpcHQlMjBzcmMlM0QlMjJodHRwcyUzQSUyRiUyRnNlcnZlci5maWxsb3V0LmNvbSUyRmVtYmVkJTJGdjElMkYlMjIlM0UlM0MlMkZzY3JpcHQlM0U=[\/vc_raw_html][\/vc_column][\/vc_row][vc_row][vc_column][vc_separator][\/vc_column][\/vc_row][vc_row][vc_column][vc_column_text]<\/p>\n<h2>Tre lyckade projekt<\/h2>\n<p>[\/vc_column_text][\/vc_column][\/vc_row][vc_row][vc_column width=&#8221;1\/3&#8243;][vc_single_image image=&#8221;2843&#8243; img_size=&#8221;600&#215;400&#8243; alignment=&#8221;center&#8221; style=&#8221;vc_box_rounded&#8221;][vc_column_text]<\/p>\n<h2>Gr\u00f6tgalej 2022<\/h2>\n<h4><strong>Projektet fick 5 000kr\u00a0<\/strong><\/h4>\n<p>Under 2022 arrangerades Gr\u00f6tgalejet f\u00f6r andra \u00e5ret i rad. En aktivitet d\u00e4r alla engagerade medlemmar bj\u00f6ds in f\u00f6r att fira jul tillsammans och fira samt uppm\u00e4rksamma allt bra vi har gjort inom Hallands 4H hade gjort under det g\u00e5nga \u00e5ret.[\/vc_column_text][\/vc_column][vc_column width=&#8221;1\/3&#8243;][vc_single_image image=&#8221;2841&#8243; img_size=&#8221;600&#215;400&#8243; alignment=&#8221;center&#8221; style=&#8221;vc_box_rounded&#8221;][vc_column_text]<\/p>\n<h2>Norgeutbytet<\/h2>\n<h4><strong>Projektet fick 10 000kr<\/strong><\/h4>\n<p>Norgeutbytet har \u00e4ven dem f\u00e5tt pengar f\u00f6r att kunna genomf\u00f6ra ett fantastiskt utbyte. Ett internationellt utbyte d\u00e4r ett g\u00e4ng medlemmar \u00e5ker \u00f6ver till v\u00e5ra grannar i Norge f\u00f6r att l\u00e4ra sig mer om deras kultur och 4H verksamhet.[\/vc_column_text][\/vc_column][vc_column width=&#8221;1\/3&#8243;][vc_single_image image=&#8221;2842&#8243; img_size=&#8221;600&#215;400&#8243; alignment=&#8221;center&#8221; style=&#8221;vc_box_rounded&#8221;][vc_column_text]<\/p>\n<h2>Leda f\u00f6r fler<\/h2>\n<h4><strong>Projektet fick 5 000kr<\/strong><\/h4>\n<p>En av v\u00e5ra mest lyckade ledarutbildningar som har arrangerats \u00e4r Leda f\u00f6r fler och \u00e4ven arrang\u00f6rerna f\u00f6r detta fick pengar f\u00f6r att g\u00f6ra projektet s\u00e5 bra det bara g\u00e5r! Ett fantastiskt projekt som har gett m\u00e5nga ringar p\u00e5 vattnet.[\/vc_column_text][\/vc_column][\/vc_row][vc_row][vc_column][vc_separator][\/vc_column][\/vc_row][vc_row][vc_column width=&#8221;1\/2&#8243;][vc_single_image image=&#8221;1161&#8243; img_size=&#8221;600&#215;500&#8243; alignment=&#8221;center&#8221; style=&#8221;vc_box_rounded&#8221;][\/vc_column][vc_column width=&#8221;1\/2&#8243;][vc_column_text]<\/p>\n<h2>Vad vill du skapa f\u00f6r projekt?<\/h2>\n<p>Hallands 4H \u00e4r organisation f\u00f6r l\u00e4rande och utveckling, en plats d\u00e4r <strong>du<\/strong> kan g\u00f6ra en verklig skillnad! Genom att arrangera ditt eget projekt har du chansen att utforska dina passioner, utveckla nya f\u00e4rdigheter och bidra positivt till v\u00e5r verksamhet.<\/p>\n<p>Oavsett om det \u00e4r ett microprojekt eller ett st\u00f6rre initiativ, \u00e4r varje projekt en m\u00f6jlighet att l\u00e4ra, dela och v\u00e4xa. Och kom ih\u00e5g, du \u00e4r inte ensam p\u00e5 den h\u00e4r resan. Hallands 4H erbjuder st\u00f6ttning och resurser varje steg p\u00e5 v\u00e4gen.<\/p>\n<ul>\n<li><strong>F\u00f6rverkliga dina id\u00e9er:<\/strong> Har du en id\u00e9 som kan inspirera, utbilda eller st\u00f6dja andra? Det \u00e4r dags att f\u00f6rvandla den till verklighet!<\/li>\n<li><strong>Utveckla dina f\u00e4rdigheter:<\/strong> Genom projektarbete f\u00e5r du praktisk erfarenhet som bygger ditt sj\u00e4lvf\u00f6rtroende och f\u00f6rbereder dig f\u00f6r framtiden.<\/li>\n<li><strong>Var med och p\u00e5verka verksamheten:<\/strong> Genom att arrangera ditt eget projekt hj\u00e4lper du till att skapa en dynamisk och engagerad gemenskap som lockar nya medlemmar och st\u00f6der v\u00e5r gemensamma vision.<\/li>\n<\/ul>\n<p>Din kreativitet och engagemang driver Hallands 4H fram\u00e5t. Tillsammans skapar vi en milj\u00f6 d\u00e4r id\u00e9er blomstrar och dr\u00f6mmar blir till verklighet.<\/p>\n<p><strong>Fyll i formul\u00e4ret nedan f\u00f6r att kickstarta ditt projekt!\u00a0<\/strong>[\/vc_column_text][\/vc_column][\/vc_row][vc_row][vc_column][vc_single_image image=&#8221;2174&#8243; img_size=&#8221;2000&#215;250&#8243; alignment=&#8221;center&#8221; style=&#8221;vc_box_rounded&#8221;][\/vc_column][\/vc_row][vc_row][vc_column width=&#8221;1\/4&#8243;][\/vc_column][vc_column width=&#8221;1\/2&#8243;][vc_column_text]<div class=\"frm_forms  with_frm_style frm_style_formidable-style\" id=\"frm_form_78_container\" >\n<form enctype=\"multipart\/form-data\" method=\"post\" class=\"frm-show-form \" id=\"form_lbhrl\" >\n<div class=\"frm_form_fields \">\n<fieldset>\n<legend class=\"frm_hidden\">Utveckla v\u00e5r hemsida! <\/legend>\r\n<h3 class=\"frm_form_title\">Utveckla v\u00e5r hemsida! <\/h3>\r\n<div class=\"frm_fields_container\">\n<input type=\"hidden\" name=\"frm_action\" value=\"create\" \/>\n<input type=\"hidden\" name=\"form_id\" value=\"78\" \/>\n<input type=\"hidden\" name=\"frm_hide_fields_78\" id=\"frm_hide_fields_78\" value=\"\" \/>\n<input type=\"hidden\" name=\"form_key\" value=\"lbhrl\" \/>\n<input type=\"hidden\" name=\"item_meta[0]\" value=\"\" \/>\n<input type=\"hidden\" id=\"frm_submit_entry_78\" name=\"frm_submit_entry_78\" value=\"52f5dbe88d\" \/><input type=\"hidden\" name=\"_wp_http_referer\" value=\"\/halland\/wp-json\/wp\/v2\/pages\/2326\" \/><div id=\"frm_field_709_container\" class=\"frm_form_field form-field  frm_top_container vertical_radio\">\r\n    <label class=\"frm_primary_label\">Vad tycker du om denna sidan?\r\n        <span class=\"frm_required\"><\/span>\r\n    <\/label>\r\n    <div class=\"frm_opt_container\">\t\t<div class=\"frm_radio\" id=\"frm_radio_709-0\">\t\t\t<label  for=\"field_vltn6-0\">\n\t\t\t\t\t<input type=\"radio\" name=\"item_meta[709]\" id=\"field_vltn6-0\" value=\"Superbra!\"\n\t\t data-invmsg=\"Vad tycker du om denna sidan? \u00e4r ogiltigt\"   \/> Superbra!<\/label><\/div>\n\t\t<div class=\"frm_radio\" id=\"frm_radio_709-1\">\t\t\t<label  for=\"field_vltn6-1\">\n\t\t\t\t\t<input type=\"radio\" name=\"item_meta[709]\" id=\"field_vltn6-1\" value=\"Bra!\"\n\t\t data-invmsg=\"Vad tycker du om denna sidan? \u00e4r ogiltigt\"   \/> Bra!<\/label><\/div>\n\t\t<div class=\"frm_radio\" id=\"frm_radio_709-2\">\t\t\t<label  for=\"field_vltn6-2\">\n\t\t\t\t\t<input type=\"radio\" name=\"item_meta[709]\" id=\"field_vltn6-2\" value=\"Varken bra eller d\u00e5lig.\"\n\t\t data-invmsg=\"Vad tycker du om denna sidan? \u00e4r ogiltigt\"   \/> Varken bra eller d\u00e5lig.<\/label><\/div>\n\t\t<div class=\"frm_radio\" id=\"frm_radio_709-3\">\t\t\t<label  for=\"field_vltn6-3\">\n\t\t\t\t\t<input type=\"radio\" name=\"item_meta[709]\" id=\"field_vltn6-3\" value=\"D\u00e5lig!\"\n\t\t data-invmsg=\"Vad tycker du om denna sidan? \u00e4r ogiltigt\"   \/> D\u00e5lig!<\/label><\/div>\n\t\t<div class=\"frm_radio\" id=\"frm_radio_709-4\">\t\t\t<label  for=\"field_vltn6-4\">\n\t\t\t\t\t<input type=\"radio\" name=\"item_meta[709]\" id=\"field_vltn6-4\" value=\"Superd\u00e5lig!\"\n\t\t data-invmsg=\"Vad tycker du om denna sidan? \u00e4r ogiltigt\"   \/> Superd\u00e5lig!<\/label><\/div>\n<\/div>\r\n    \r\n    \r\n<\/div>\n<div id=\"frm_field_711_container\" class=\"frm_form_field form-field  frm_top_container\">\r\n    <label for=\"field_8xc4b\" class=\"frm_primary_label\">Vad kan bli b\u00e4ttre p\u00e5 denna sidan?\r\n        <span class=\"frm_required\"><\/span>\r\n    <\/label>\r\n    <textarea name=\"item_meta[711]\" id=\"field_8xc4b\" rows=\"5\"  data-invmsg=\"Vad kan bli b\u00e4ttre p\u00e5 denna sidan? \u00e4r ogiltigt\" aria-invalid=\"false\"  ><\/textarea>\r\n    \r\n    \r\n<\/div>\n<div id=\"frm_field_743_container\" class=\"frm_form_field form-field  frm_top_container\">\r\n    <label for=\"field_7ty40\" class=\"frm_primary_label\">Vilken information letar du efter just nu p\u00e5 hemsidan?\r\n        <span class=\"frm_required\"><\/span>\r\n    <\/label>\r\n    <input type=\"text\" id=\"field_7ty40\" name=\"item_meta[743]\" value=\"\"  data-invmsg=\"Vilken information letar du efter just nu p\u00e5 hemsidan? \u00e4r ogiltigt\" aria-invalid=\"false\"  \/>\r\n    \r\n    \r\n<\/div>\n<div id=\"frm_field_712_container\" class=\"frm_form_field form-field  frm_required_field frm_top_container vertical_radio\">\r\n    <label class=\"frm_primary_label\">Jag \u00e4r inte en robot\r\n        <span class=\"frm_required\">*<\/span>\r\n    <\/label>\r\n    <div class=\"frm_opt_container\">\t\t<div class=\"frm_checkbox\" id=\"frm_checkbox_712-0\">\t\t\t<label  for=\"field_unh5q-0\">\n\t\t\t<input type=\"checkbox\" name=\"item_meta[712][]\" id=\"field_unh5q-0\" value=\"Jag \u00e4r en livslevande person\"  data-reqmsg=\"Detta f\u00e4lt kan inte vara tomt.\" data-invmsg=\"Jag \u00e4r inte en robot \u00e4r ogiltigt\"   aria-required=\"true\"  \/> Jag \u00e4r en livslevande person<\/label><\/div>\n<\/div>\r\n    \r\n    \r\n<\/div>\n<div id=\"frm_field_827_container\" class=\"frm_form_field form-field  frm_none_container\">\r\n\t<label for=\"g-recaptcha-response\" id=\"field_bdf4x_label\" class=\"frm_primary_label\">Captcha\r\n\t\t<span class=\"frm_required\" aria-hidden=\"true\"><\/span>\r\n\t<\/label>\r\n\t\r\n\t\r\n\t\r\n<\/div>\n<div id=\"frm_field_826_container\" class=\"frm_form_field form-field \">\r\n\t<div class=\"frm_submit\">\r\n\r\n<button class=\"frm_button_submit\" type=\"submit\" >Skicka<\/button>\r\n\r\n<\/div>\r\n<\/div>\n\t<input type=\"hidden\" name=\"item_key\" value=\"\" \/>\n\t\t\t<div id=\"frm_field_917_container\">\n\t\t\t<label for=\"field_woo75\" >\n\t\t\t\tOm du \u00e4r m\u00e4nsklig, l\u00e4mna det h\u00e4r f\u00e4ltet tomt.\t\t\t<\/label>\n\t\t\t<input  id=\"field_woo75\" type=\"text\" class=\"frm_form_field form-field frm_verify\" name=\"item_meta[917]\" value=\"\"  \/>\n\t\t<\/div>\n\t\t<input name=\"frm_state\" type=\"hidden\" value=\"1p9\/G6d4WQueJYjPsLVvrZ5tuff3ljQsf2IEphLNcD8=\" \/><\/div>\n<\/fieldset>\n<\/div>\n\n<\/form>\n<\/div>\n<p>&nbsp;<\/p>\n<p><a href=\"https:\/\/www.4h.se\/halland\/wp-content\/uploads\/sites\/69\/2015\/01\/L\u00e4ra-genom-att-g\u00f6ra.png\"><img loading=\"lazy\" decoding=\"async\" class=\"aligncenter size-full wp-image-2017\" src=\"https:\/\/www.4h.se\/halland\/wp-content\/uploads\/sites\/69\/2015\/01\/L\u00e4ra-genom-att-g\u00f6ra.png\" alt=\"L\u00e4ra genom att g\u00f6ra\" width=\"1213\" height=\"165\" srcset=\"https:\/\/www.4h.se\/halland\/wp-content\/uploads\/sites\/69\/2015\/01\/L\u00e4ra-genom-att-g\u00f6ra.png 1213w, https:\/\/www.4h.se\/halland\/wp-content\/uploads\/sites\/69\/2015\/01\/L\u00e4ra-genom-att-g\u00f6ra-170x23.png 170w, https:\/\/www.4h.se\/halland\/wp-content\/uploads\/sites\/69\/2015\/01\/L\u00e4ra-genom-att-g\u00f6ra-470x64.png 470w, https:\/\/www.4h.se\/halland\/wp-content\/uploads\/sites\/69\/2015\/01\/L\u00e4ra-genom-att-g\u00f6ra-970x132.png 970w\" sizes=\"auto, (max-width: 1213px) 100vw, 1213px\" \/><\/a>[\/vc_column_text][\/vc_column][vc_column width=&#8221;1\/4&#8243;][\/vc_column][\/vc_row]<\/p>\n<\/div>","protected":false},"excerpt":{"rendered":"<p>[vc_row][vc_column][vc_single_image image=&#8221;2128&#8243; img_size=&#8221;2000&#215;500&#8243; alignment=&#8221;center&#8221; style=&#8221;vc_box_rounded&#8221;][\/vc_column][\/vc_row][vc_row][vc_column width=&#8221;1\/2&#8243;][vc_column_text] Skapa ett projekt med 4H G\u00f6r skillnad inom Hallands 4H &#8211; Bli arrang\u00f6r! Hallands 4H v\u00e4xer och utvecklas genom engagemanget och kreativiteten hos v\u00e5ra medlemmar. Nu vill vi bli fler arrang\u00f6rer som kan bidra till v\u00e5r gemenskaps dynamik genom att skapa och leda sp\u00e4nnande aktiviteter! Att vara en arrang\u00f6r&nbsp; <a href=\"https:\/\/www.4h.se\/halland\/projektplan\/\">&hellip; Read more <i class=\"glyphicon glyphicon-arrow-right\"><\/i><\/a><\/p>\n","protected":false},"author":126,"featured_media":0,"parent":0,"menu_order":112,"comment_status":"closed","ping_status":"closed","template":"","meta":{"footnotes":""},"class_list":["post-2326","page","type-page","status-publish","hentry"],"yoast_head":"<!-- This site is optimized with the Yoast SEO plugin v27.4 - https:\/\/yoast.com\/product\/yoast-seo-wordpress\/ -->\n<title>Projektplan - 4H i Halland<\/title>\n<meta name=\"robots\" content=\"index, follow, max-snippet:-1, max-image-preview:large, max-video-preview:-1\" \/>\n<link rel=\"canonical\" href=\"https:\/\/www.4h.se\/halland\/projektplan\/\" \/>\n<meta property=\"og:locale\" content=\"sv_SE\" \/>\n<meta property=\"og:type\" content=\"article\" \/>\n<meta property=\"og:title\" content=\"Projektplan - 4H i Halland\" \/>\n<meta property=\"og:description\" content=\"[vc_row][vc_column][vc_single_image image=&#8221;2128&#8243; img_size=&#8221;2000&#215;500&#8243; alignment=&#8221;center&#8221; style=&#8221;vc_box_rounded&#8221;][\/vc_column][\/vc_row][vc_row][vc_column width=&#8221;1\/2&#8243;][vc_column_text] Skapa ett projekt med 4H G\u00f6r skillnad inom Hallands 4H &#8211; Bli arrang\u00f6r! Hallands 4H v\u00e4xer och utvecklas genom engagemanget och kreativiteten hos v\u00e5ra medlemmar. Nu vill vi bli fler arrang\u00f6rer som kan bidra till v\u00e5r gemenskaps dynamik genom att skapa och leda sp\u00e4nnande aktiviteter! Att vara en arrang\u00f6r&nbsp; &hellip; Read more\" \/>\n<meta property=\"og:url\" content=\"https:\/\/www.4h.se\/halland\/projektplan\/\" \/>\n<meta property=\"og:site_name\" content=\"4H i Halland\" \/>\n<meta property=\"article:publisher\" content=\"https:\/\/www.facebook.com\/hallands4h\/\" \/>\n<meta property=\"article:modified_time\" content=\"2025-11-12T07:33:59+00:00\" \/>\n<meta name=\"twitter:card\" content=\"summary_large_image\" \/>\n<meta name=\"twitter:site\" content=\"@Hallands4H\" \/>\n<meta name=\"twitter:label1\" content=\"Ber\u00e4knad l\u00e4stid\" \/>\n\t<meta name=\"twitter:data1\" content=\"5 minuter\" \/>\n<script type=\"application\/ld+json\" class=\"yoast-schema-graph\">{\"@context\":\"https:\\\/\\\/schema.org\",\"@graph\":[{\"@type\":\"WebPage\",\"@id\":\"https:\\\/\\\/www.4h.se\\\/halland\\\/projektplan\\\/\",\"url\":\"https:\\\/\\\/www.4h.se\\\/halland\\\/projektplan\\\/\",\"name\":\"Projektplan - 4H i Halland\",\"isPartOf\":{\"@id\":\"https:\\\/\\\/www.4h.se\\\/halland\\\/#website\"},\"datePublished\":\"2021-10-30T17:56:04+00:00\",\"dateModified\":\"2025-11-12T07:33:59+00:00\",\"breadcrumb\":{\"@id\":\"https:\\\/\\\/www.4h.se\\\/halland\\\/projektplan\\\/#breadcrumb\"},\"inLanguage\":\"sv-SE\",\"potentialAction\":[{\"@type\":\"ReadAction\",\"target\":[\"https:\\\/\\\/www.4h.se\\\/halland\\\/projektplan\\\/\"]}]},{\"@type\":\"BreadcrumbList\",\"@id\":\"https:\\\/\\\/www.4h.se\\\/halland\\\/projektplan\\\/#breadcrumb\",\"itemListElement\":[{\"@type\":\"ListItem\",\"position\":1,\"name\":\"Hem\",\"item\":\"https:\\\/\\\/www.4h.se\\\/halland\\\/\"},{\"@type\":\"ListItem\",\"position\":2,\"name\":\"Projektplan\"}]},{\"@type\":\"WebSite\",\"@id\":\"https:\\\/\\\/www.4h.se\\\/halland\\\/#website\",\"url\":\"https:\\\/\\\/www.4h.se\\\/halland\\\/\",\"name\":\"4H i Halland\",\"description\":\"Av unga f\u00f6r unga\",\"potentialAction\":[{\"@type\":\"SearchAction\",\"target\":{\"@type\":\"EntryPoint\",\"urlTemplate\":\"https:\\\/\\\/www.4h.se\\\/halland\\\/?s={search_term_string}\"},\"query-input\":{\"@type\":\"PropertyValueSpecification\",\"valueRequired\":true,\"valueName\":\"search_term_string\"}}],\"inLanguage\":\"sv-SE\"}]}<\/script>\n<!-- \/ Yoast SEO plugin. -->","yoast_head_json":{"title":"Projektplan - 4H i Halland","robots":{"index":"index","follow":"follow","max-snippet":"max-snippet:-1","max-image-preview":"max-image-preview:large","max-video-preview":"max-video-preview:-1"},"canonical":"https:\/\/www.4h.se\/halland\/projektplan\/","og_locale":"sv_SE","og_type":"article","og_title":"Projektplan - 4H i Halland","og_description":"[vc_row][vc_column][vc_single_image image=&#8221;2128&#8243; img_size=&#8221;2000&#215;500&#8243; alignment=&#8221;center&#8221; style=&#8221;vc_box_rounded&#8221;][\/vc_column][\/vc_row][vc_row][vc_column width=&#8221;1\/2&#8243;][vc_column_text] Skapa ett projekt med 4H G\u00f6r skillnad inom Hallands 4H &#8211; Bli arrang\u00f6r! Hallands 4H v\u00e4xer och utvecklas genom engagemanget och kreativiteten hos v\u00e5ra medlemmar. Nu vill vi bli fler arrang\u00f6rer som kan bidra till v\u00e5r gemenskaps dynamik genom att skapa och leda sp\u00e4nnande aktiviteter! Att vara en arrang\u00f6r&nbsp; &hellip; Read more","og_url":"https:\/\/www.4h.se\/halland\/projektplan\/","og_site_name":"4H i Halland","article_publisher":"https:\/\/www.facebook.com\/hallands4h\/","article_modified_time":"2025-11-12T07:33:59+00:00","twitter_card":"summary_large_image","twitter_site":"@Hallands4H","twitter_misc":{"Ber\u00e4knad l\u00e4stid":"5 minuter"},"schema":{"@context":"https:\/\/schema.org","@graph":[{"@type":"WebPage","@id":"https:\/\/www.4h.se\/halland\/projektplan\/","url":"https:\/\/www.4h.se\/halland\/projektplan\/","name":"Projektplan - 4H i Halland","isPartOf":{"@id":"https:\/\/www.4h.se\/halland\/#website"},"datePublished":"2021-10-30T17:56:04+00:00","dateModified":"2025-11-12T07:33:59+00:00","breadcrumb":{"@id":"https:\/\/www.4h.se\/halland\/projektplan\/#breadcrumb"},"inLanguage":"sv-SE","potentialAction":[{"@type":"ReadAction","target":["https:\/\/www.4h.se\/halland\/projektplan\/"]}]},{"@type":"BreadcrumbList","@id":"https:\/\/www.4h.se\/halland\/projektplan\/#breadcrumb","itemListElement":[{"@type":"ListItem","position":1,"name":"Hem","item":"https:\/\/www.4h.se\/halland\/"},{"@type":"ListItem","position":2,"name":"Projektplan"}]},{"@type":"WebSite","@id":"https:\/\/www.4h.se\/halland\/#website","url":"https:\/\/www.4h.se\/halland\/","name":"4H i Halland","description":"Av unga f\u00f6r unga","potentialAction":[{"@type":"SearchAction","target":{"@type":"EntryPoint","urlTemplate":"https:\/\/www.4h.se\/halland\/?s={search_term_string}"},"query-input":{"@type":"PropertyValueSpecification","valueRequired":true,"valueName":"search_term_string"}}],"inLanguage":"sv-SE"}]}},"_links":{"self":[{"href":"https:\/\/www.4h.se\/halland\/wp-json\/wp\/v2\/pages\/2326","targetHints":{"allow":["GET"]}}],"collection":[{"href":"https:\/\/www.4h.se\/halland\/wp-json\/wp\/v2\/pages"}],"about":[{"href":"https:\/\/www.4h.se\/halland\/wp-json\/wp\/v2\/types\/page"}],"author":[{"embeddable":true,"href":"https:\/\/www.4h.se\/halland\/wp-json\/wp\/v2\/users\/126"}],"replies":[{"embeddable":true,"href":"https:\/\/www.4h.se\/halland\/wp-json\/wp\/v2\/comments?post=2326"}],"version-history":[{"count":0,"href":"https:\/\/www.4h.se\/halland\/wp-json\/wp\/v2\/pages\/2326\/revisions"}],"wp:attachment":[{"href":"https:\/\/www.4h.se\/halland\/wp-json\/wp\/v2\/media?parent=2326"}],"curies":[{"name":"wp","href":"https:\/\/api.w.org\/{rel}","templated":true}]}}