



{"id":2045,"date":"2021-07-27T00:13:35","date_gmt":"2021-07-26T22:13:35","guid":{"rendered":"https:\/\/www.4h.se\/halland\/?page_id=2045"},"modified":"2025-10-23T13:35:33","modified_gmt":"2025-10-23T11:35:33","slug":"driva-en-4h-klubb","status":"publish","type":"page","link":"https:\/\/www.4h.se\/halland\/driva-en-4h-klubb\/","title":{"rendered":"Driva en 4H-klubb"},"content":{"rendered":"<div class=\"wpb-content-wrapper\"><p>[vc_row][vc_column][vc_empty_space][vc_single_image image=&#8221;2000&#8243; img_size=&#8221;2000&#215;600&#8243; alignment=&#8221;center&#8221; style=&#8221;vc_box_rounded&#8221;][\/vc_column][\/vc_row][vc_row][vc_column width=&#8221;1\/2&#8243;][vc_column_text]<\/p>\n<h2>Att driva en 4H-klubb<\/h2>\n<p>Den h\u00e4r sidan \u00e4r f\u00f6r dig som p\u00e5 ett eller annat s\u00e4tt driver eller engagerar dig i en 4H-klubb. H\u00e4r samlar vi bra information om hur du kan driva och utveckla din klubb.<\/p>\n<p>Ifall du sj\u00e4lv har bra tips och id\u00e9er p\u00e5 hur man kan bedriva och utveckla klubbverksamheten f\u00e5r du g\u00e4rna h\u00f6ra av dig till oss via mail. Maila dina tips och id\u00e9er till Halland@4H.se, det uppskattas v\u00e4ldigt mycket!<\/p>\n<p>H\u00f6ra g\u00e4rna av dig ifall du beh\u00f6ver hj\u00e4lp med din klubb. Vi hj\u00e4lper g\u00e4rna till med allt fr\u00e5n att skicka ut m\u00f6tesinbjudningar, utbilda ledare till att hj\u00e4lpa till med ekonomin.[\/vc_column_text][\/vc_column][vc_column width=&#8221;1\/2&#8243;][vc_empty_space][vc_single_image image=&#8221;2543&#8243; img_size=&#8221;500&#215;300&#8243; alignment=&#8221;center&#8221; style=&#8221;vc_box_rounded&#8221;][\/vc_column][\/vc_row][vc_row][vc_column][vc_separator][vc_column_text]<\/p>\n<h2>Starta klubb \/ \u00e5rsm\u00f6te<\/h2>\n<p>[\/vc_column_text][\/vc_column][\/vc_row][vc_row][vc_column width=&#8221;1\/3&#8243;][vc_single_image image=&#8221;2431&#8243; img_size=&#8221;600&#215;400&#8243; alignment=&#8221;center&#8221; style=&#8221;vc_box_rounded&#8221;][vc_column_text]<\/p>\n<h2>\u00c5rsm\u00f6tet<\/h2>\n<p>En grundf\u00f6ruts\u00e4ttning f\u00f6r att klubben ska kunna bedriva verksamhet \u00e4r att klubben varje \u00e5r arrangerar ett \u00e5rsm\u00f6te. Under \u00e5rsm\u00f6tet best\u00e4mmer medlemmarna tillsammans vilka som ska sitta i styrelsen, l\u00e4gger fram en budget f\u00f6r det kommande \u00e5ret och best\u00e4mmer vad klubben ska hitta p\u00e5 under det kommande \u00e5ret. \u00c5rsm\u00f6tet \u00e4r det viktigaste m\u00f6tet p\u00e5 hela \u00e5ret, det \u00e4r d\u00e4r medlemmarna verkligen f\u00e5r tycka till.[\/vc_column_text][vc_btn title=&#8221;L\u00e4s mer om \u00e5rsm\u00f6ten&#8221; style=&#8221;3d&#8221; color=&#8221;success&#8221; size=&#8221;lg&#8221; align=&#8221;center&#8221; button_block=&#8221;true&#8221; link=&#8221;url:http%3A%2F%2Fwww.4h.se%2Fhalland%2Farsmote%2F|title:%C3%85rsm%C3%B6te%20f%C3%B6r%20klubbar%20och%20kretsar|target:%20_blank&#8221;][vc_separator][\/vc_column][vc_column width=&#8221;1\/3&#8243;][vc_single_image image=&#8221;2528&#8243; img_size=&#8221;600&#215;400&#8243; alignment=&#8221;center&#8221; style=&#8221;vc_box_rounded&#8221;][vc_column_text]<\/p>\n<h2>T\u00e4vla med klubben<\/h2>\n<p>I Halland finns det ett fler tal olika klubbar. En rolig aktivitet \u00e4r att t\u00e4vla mot andra klubbar. Varbergs kretsen arrangerar varje \u00e5r ett l\u00e4nsl\u00e4ger d\u00e4r alla klubbarna m\u00f6ts, sover i t\u00e4lt och t\u00e4vlar mot varandra i olika grenar. Grenar s\u00e5 som volleyboll, kanotrace, udda idrottsgren, mm. Den klubb som samlar ihop flest po\u00e4ng vinner den s\u00e5 kallade l\u00e4gertoppen. Att t\u00e4vla \u00e4r ett kul s\u00e4tt att tr\u00e4ffa andra medlemmar fr\u00e5n andra klubbar.[\/vc_column_text][vc_btn title=&#8221;Mer info kommer snart.&#8221; style=&#8221;3d&#8221; color=&#8221;orange&#8221; size=&#8221;lg&#8221; align=&#8221;center&#8221; button_block=&#8221;true&#8221;][vc_separator][\/vc_column][vc_column width=&#8221;1\/3&#8243;][vc_single_image image=&#8221;2425&#8243; img_size=&#8221;600&#215;400&#8243; alignment=&#8221;center&#8221; style=&#8221;vc_box_rounded&#8221;][vc_column_text]<\/p>\n<h2>Ekonomi<\/h2>\n<p>En oerh\u00f6rt viktig del i klubbens verksamhet kretsar kring ekonomin. M\u00e5nga klubbar har flera olika utgifter och inkomster, vilket \u00e4r n\u00f6dv\u00e4ndigt f\u00f6r att kunna bedriva bra verksamhet. D\u00e4rf\u00f6r \u00e4r det v\u00e4ldigt bra att skapa en budet. P\u00e5 sidan h\u00e4r nedan har vi samlat en hel del olika tips p\u00e5 hur ni kan f\u00e5 en bra ekonomi i er klubb med b\u00e5de viktiga inkomster och utgifter.[\/vc_column_text][vc_btn title=&#8221;L\u00e4s mer om klubbens ekonomi&#8221; style=&#8221;3d&#8221; color=&#8221;success&#8221; size=&#8221;lg&#8221; align=&#8221;center&#8221; button_block=&#8221;true&#8221; link=&#8221;url:http%3A%2F%2Fwww.4h.se%2Fhalland%2Fpengar-till-klubben%2F|title:Pengar%20till%20klubben|target:%20_blank&#8221;][vc_separator][\/vc_column][\/vc_row][vc_row][vc_column][vc_column_text]<\/p>\n<h2>Klubbaktiviteter<\/h2>\n<p>[\/vc_column_text][\/vc_column][\/vc_row][vc_row][vc_column width=&#8221;1\/3&#8243;][vc_single_image image=&#8221;2593&#8243; img_size=&#8221;600&#215;400&#8243; alignment=&#8221;center&#8221; style=&#8221;vc_box_rounded&#8221;][vc_column_text]<\/p>\n<h2>Aktiviteter<\/h2>\n<p>En klubbs fr\u00e4msta fokus kretsar kring att arrangera roliga aktiviteter.\u00a0I de flesta klubbar s\u00e5 turas medlemmarna om att arrangera roliga aktiviteter f\u00f6r varandra, medan i andra klubbar finns det n\u00e5gra utn\u00e4mnda ledare som ansvarar f\u00f6r aktiviteterna. Oavsett \u00e4r det viktigt att alla medlemmar f\u00e5r komma med id\u00e9er och alla best\u00e4mmer tillsammans.[\/vc_column_text][vc_btn title=&#8221;L\u00e4s mer om aktiviteter&#8221; style=&#8221;3d&#8221; color=&#8221;success&#8221; size=&#8221;lg&#8221; align=&#8221;center&#8221; button_block=&#8221;true&#8221; link=&#8221;url:http%3A%2F%2Fwww.4h.se%2Fhalland%2Fdriva-en-4h-klubb%2Faktiviteter%2F|title:Klubb%20%E2%80%93%20Aktiviteter|&#8221;][vc_separator][\/vc_column][vc_column width=&#8221;1\/3&#8243;][vc_single_image image=&#8221;497&#8243; img_size=&#8221;600&#215;400&#8243; alignment=&#8221;center&#8221; style=&#8221;vc_box_rounded&#8221;][vc_column_text]<\/p>\n<h2>4H-f\u00f6retag<\/h2>\n<p>En rolig aktivitet i klubbarna \u00e4r att bedriva 4H-f\u00f6retag. Genom f\u00f6retagen f\u00e5r medlemmarna m\u00f6jlighet att sj\u00e4lva bedriva sm\u00e5skaliga f\u00f6retag eller projekt d\u00e4r de g\u00e5r fr\u00e5n id\u00e9 till handling. Genom 4H-f\u00f6retagen f\u00e5r medlemmarna kunskaper och erfarenheter inom f\u00f6rs\u00e4ljning, ekonomi, entrepren\u00f6rskap och projektledning vilket \u00e4r oerh\u00f6rt v\u00e4rdefullt. Dessa erfarenheter kan man sedan ta med sig i alla delar av livet.[\/vc_column_text][vc_btn title=&#8221;L\u00e4s mer om 4H-f\u00f6retag h\u00e4r.&#8221; style=&#8221;3d&#8221; color=&#8221;success&#8221; size=&#8221;lg&#8221; align=&#8221;center&#8221; button_block=&#8221;true&#8221; link=&#8221;url:http%3A%2F%2Fwww.4h.se%2Fhalland%2F4h-foretag%2F|title:4H-f%C3%B6retag|&#8221;][vc_separator][\/vc_column][vc_column width=&#8221;1\/3&#8243;][vc_single_image image=&#8221;1936&#8243; img_size=&#8221;600&#215;400&#8243; alignment=&#8221;center&#8221; style=&#8221;vc_box_rounded&#8221;][vc_column_text]<\/p>\n<h2>Klubblokal<\/h2>\n<p>De flesta Hall\u00e4ndska 4H-klubbarna har en klubblokal de arrangerar sina tr\u00e4ffar i. Att ha en lokal eller en plats d\u00e4r verksamheten kretsar kring \u00e4r bra p\u00e5 flera s\u00e4tt. Genom att ha en f\u00f6rutbest\u00e4md plats \u00e4r det l\u00e4ttare f\u00f6r nya medlemmar att ansluta. F\u00f6r de klubbar som bedriver verksamhet i n\u00e4rheten av en bygdeg\u00e5rd kan ett bra f\u00f6rsta steg vara att h\u00f6ra av sig till dem.[\/vc_column_text][vc_btn title=&#8221;Mer info kommer snart.&#8221; style=&#8221;3d&#8221; color=&#8221;orange&#8221; size=&#8221;lg&#8221; align=&#8221;center&#8221; button_block=&#8221;true&#8221;][vc_separator][\/vc_column][\/vc_row][vc_row][vc_column][vc_column_text]<\/p>\n<h2>Styrelsen<\/h2>\n<p>[\/vc_column_text][\/vc_column][\/vc_row][vc_row][vc_column width=&#8221;1\/3&#8243;][vc_single_image image=&#8221;2273&#8243; img_size=&#8221;600&#215;400&#8243; alignment=&#8221;center&#8221; style=&#8221;vc_box_rounded&#8221;][vc_column_text]<\/p>\n<h2>Utbilda ledarna<\/h2>\n<p>Ledarna \u00e4r oftast de som h\u00e5ller ihop klubbens verksamhet, det \u00e4r de som h\u00e5ller i aktiviteterna och ser till att alla m\u00e5r bra samt att alla har kul. Ledarskap \u00e4r b\u00e5de v\u00e4ldigt roligt, men kan ocks\u00e5 vara v\u00e4ldigt sv\u00e5rt. D\u00e4rf\u00f6r har Hallands 4H ett flertalet olika utbildningar f\u00f6r att s\u00e4kerst\u00e4lla att v\u00e5r verksamhet h\u00e5ller en h\u00f6g kvalitet samt f\u00f6r att v\u00e5ra medlemmar ska f\u00e5 r\u00e4tt f\u00f6ruts\u00e4ttningar f\u00f6r att utvecklas.[\/vc_column_text][vc_btn title=&#8221;L\u00e4s mer om v\u00e5ra ledarutbildningar&#8221; style=&#8221;3d&#8221; color=&#8221;success&#8221; size=&#8221;lg&#8221; align=&#8221;center&#8221; button_block=&#8221;true&#8221; link=&#8221;url:http%3A%2F%2Fwww.4h.se%2Fhalland%2Fdriva-en-4h-klubb%2Futbildningar%2F|title:Utbildningar%20f%C3%B6r%20klubbar|&#8221;][vc_separator][\/vc_column][vc_column width=&#8221;1\/3&#8243;][vc_single_image image=&#8221;2243&#8243; img_size=&#8221;600&#215;400&#8243; alignment=&#8221;center&#8221; style=&#8221;vc_box_rounded&#8221;][vc_column_text]<\/p>\n<h2>Medlemmar<\/h2>\n<p>Vad \u00e4r en klubb utan dess medlemmar? F\u00f6rmodligen ingenting! En viktig del i att bedriva en klubb \u00e4r att v\u00e4rna om de medlemmar som finns i klubben s\u00e5 att de vill stanna kvar och bedriva verksamhet. Det \u00e4r \u00e4ven viktigt att st\u00e4ndigt f\u00e5 fler medlemmar s\u00e5 att klubben utvecklas p\u00e5 b\u00e4sta s\u00e4tt. H\u00e4r nedan kan du inom kort l\u00e4sa hur ni kan t\u00e4nka\u00a0f\u00f6r att b\u00e5de bevara de medlemmar ni har, men \u00e4ven f\u00e5 fler![\/vc_column_text][vc_btn title=&#8221;Mer info kommer snart.&#8221; style=&#8221;3d&#8221; color=&#8221;orange&#8221; size=&#8221;lg&#8221; align=&#8221;center&#8221; button_block=&#8221;true&#8221;][vc_separator][\/vc_column][vc_column width=&#8221;1\/3&#8243;][vc_single_image image=&#8221;2520&#8243; img_size=&#8221;600&#215;400&#8243; alignment=&#8221;center&#8221; style=&#8221;vc_box_rounded&#8221;][vc_column_text]<\/p>\n<h2>Styrelsen<\/h2>\n<p>Alla klubbar har varsin styrelse som \u00e4r ansvariga f\u00f6r klubbens verksamhet. Allt ifr\u00e5n att de aktiviteter som har planerats blir av, att medlemmarna i klubben trivs, att ekonomin g\u00e5r bra och mycket annat. Klubbstyrelsen best\u00e5r av n\u00e5gra v\u00e4lvalda medlemmar som har blivit f\u00f6rtroendevalda under klubbens senaste \u00e5rsm\u00f6te. En v\u00e4l fungerande styrelse \u00e4r oftast en grundpelare f\u00f6r att resterande delar av klubben ska fungera.[\/vc_column_text][vc_btn title=&#8221;Mer info kommer snart.&#8221; style=&#8221;3d&#8221; color=&#8221;orange&#8221; size=&#8221;lg&#8221; align=&#8221;center&#8221; button_block=&#8221;true&#8221;][vc_separator][\/vc_column][\/vc_row][vc_row][vc_column][vc_single_image image=&#8221;2174&#8243; img_size=&#8221;2000&#215;250&#8243; alignment=&#8221;center&#8221; style=&#8221;vc_box_rounded&#8221;][\/vc_column][\/vc_row][vc_row][vc_column width=&#8221;1\/4&#8243;][\/vc_column][vc_column width=&#8221;1\/2&#8243;][vc_column_text]<div class=\"frm_forms  with_frm_style frm_style_formidable-style\" id=\"frm_form_78_container\" >\n<form enctype=\"multipart\/form-data\" method=\"post\" class=\"frm-show-form \" id=\"form_lbhrl\" >\n<div class=\"frm_form_fields \">\n<fieldset>\n<legend class=\"frm_hidden\">Utveckla v\u00e5r hemsida! <\/legend>\r\n<h3 class=\"frm_form_title\">Utveckla v\u00e5r hemsida! <\/h3>\r\n<div class=\"frm_fields_container\">\n<input type=\"hidden\" name=\"frm_action\" value=\"create\" \/>\n<input type=\"hidden\" name=\"form_id\" value=\"78\" \/>\n<input type=\"hidden\" name=\"frm_hide_fields_78\" id=\"frm_hide_fields_78\" value=\"\" \/>\n<input type=\"hidden\" name=\"form_key\" value=\"lbhrl\" \/>\n<input type=\"hidden\" name=\"item_meta[0]\" value=\"\" \/>\n<input type=\"hidden\" id=\"frm_submit_entry_78\" name=\"frm_submit_entry_78\" value=\"fee1f7e498\" \/><input type=\"hidden\" name=\"_wp_http_referer\" value=\"\/halland\/wp-json\/wp\/v2\/pages\/2045\" \/><div id=\"frm_field_709_container\" class=\"frm_form_field form-field  frm_top_container vertical_radio\">\r\n    <label class=\"frm_primary_label\">Vad tycker du om denna sidan?\r\n        <span class=\"frm_required\"><\/span>\r\n    <\/label>\r\n    <div class=\"frm_opt_container\">\t\t<div class=\"frm_radio\" id=\"frm_radio_709-0\">\t\t\t<label  for=\"field_vltn6-0\">\n\t\t\t\t\t<input type=\"radio\" name=\"item_meta[709]\" id=\"field_vltn6-0\" value=\"Superbra!\"\n\t\t data-invmsg=\"Vad tycker du om denna sidan? \u00e4r ogiltigt\"   \/> Superbra!<\/label><\/div>\n\t\t<div class=\"frm_radio\" id=\"frm_radio_709-1\">\t\t\t<label  for=\"field_vltn6-1\">\n\t\t\t\t\t<input type=\"radio\" name=\"item_meta[709]\" id=\"field_vltn6-1\" value=\"Bra!\"\n\t\t data-invmsg=\"Vad tycker du om denna sidan? \u00e4r ogiltigt\"   \/> Bra!<\/label><\/div>\n\t\t<div class=\"frm_radio\" id=\"frm_radio_709-2\">\t\t\t<label  for=\"field_vltn6-2\">\n\t\t\t\t\t<input type=\"radio\" name=\"item_meta[709]\" id=\"field_vltn6-2\" value=\"Varken bra eller d\u00e5lig.\"\n\t\t data-invmsg=\"Vad tycker du om denna sidan? \u00e4r ogiltigt\"   \/> Varken bra eller d\u00e5lig.<\/label><\/div>\n\t\t<div class=\"frm_radio\" id=\"frm_radio_709-3\">\t\t\t<label  for=\"field_vltn6-3\">\n\t\t\t\t\t<input type=\"radio\" name=\"item_meta[709]\" id=\"field_vltn6-3\" value=\"D\u00e5lig!\"\n\t\t data-invmsg=\"Vad tycker du om denna sidan? \u00e4r ogiltigt\"   \/> D\u00e5lig!<\/label><\/div>\n\t\t<div class=\"frm_radio\" id=\"frm_radio_709-4\">\t\t\t<label  for=\"field_vltn6-4\">\n\t\t\t\t\t<input type=\"radio\" name=\"item_meta[709]\" id=\"field_vltn6-4\" value=\"Superd\u00e5lig!\"\n\t\t data-invmsg=\"Vad tycker du om denna sidan? \u00e4r ogiltigt\"   \/> Superd\u00e5lig!<\/label><\/div>\n<\/div>\r\n    \r\n    \r\n<\/div>\n<div id=\"frm_field_711_container\" class=\"frm_form_field form-field  frm_top_container\">\r\n    <label for=\"field_8xc4b\" class=\"frm_primary_label\">Vad kan bli b\u00e4ttre p\u00e5 denna sidan?\r\n        <span class=\"frm_required\"><\/span>\r\n    <\/label>\r\n    <textarea name=\"item_meta[711]\" id=\"field_8xc4b\" rows=\"5\"  data-invmsg=\"Vad kan bli b\u00e4ttre p\u00e5 denna sidan? \u00e4r ogiltigt\" aria-invalid=\"false\"  ><\/textarea>\r\n    \r\n    \r\n<\/div>\n<div id=\"frm_field_743_container\" class=\"frm_form_field form-field  frm_top_container\">\r\n    <label for=\"field_7ty40\" class=\"frm_primary_label\">Vilken information letar du efter just nu p\u00e5 hemsidan?\r\n        <span class=\"frm_required\"><\/span>\r\n    <\/label>\r\n    <input type=\"text\" id=\"field_7ty40\" name=\"item_meta[743]\" value=\"\"  data-invmsg=\"Vilken information letar du efter just nu p\u00e5 hemsidan? \u00e4r ogiltigt\" aria-invalid=\"false\"  \/>\r\n    \r\n    \r\n<\/div>\n<div id=\"frm_field_712_container\" class=\"frm_form_field form-field  frm_required_field frm_top_container vertical_radio\">\r\n    <label class=\"frm_primary_label\">Jag \u00e4r inte en robot\r\n        <span class=\"frm_required\">*<\/span>\r\n    <\/label>\r\n    <div class=\"frm_opt_container\">\t\t<div class=\"frm_checkbox\" id=\"frm_checkbox_712-0\">\t\t\t<label  for=\"field_unh5q-0\">\n\t\t\t<input type=\"checkbox\" name=\"item_meta[712][]\" id=\"field_unh5q-0\" value=\"Jag \u00e4r en livslevande person\"  data-reqmsg=\"Detta f\u00e4lt kan inte vara tomt.\" data-invmsg=\"Jag \u00e4r inte en robot \u00e4r ogiltigt\"   aria-required=\"true\"  \/> Jag \u00e4r en livslevande person<\/label><\/div>\n<\/div>\r\n    \r\n    \r\n<\/div>\n<div id=\"frm_field_827_container\" class=\"frm_form_field form-field  frm_none_container\">\r\n\t<label for=\"g-recaptcha-response\" id=\"field_bdf4x_label\" class=\"frm_primary_label\">Captcha\r\n\t\t<span class=\"frm_required\" aria-hidden=\"true\"><\/span>\r\n\t<\/label>\r\n\t\r\n\t\r\n\t\r\n<\/div>\n<div id=\"frm_field_826_container\" class=\"frm_form_field form-field \">\r\n\t<div class=\"frm_submit\">\r\n\r\n<button class=\"frm_button_submit\" type=\"submit\" >Skicka<\/button>\r\n\r\n<\/div>\r\n<\/div>\n\t<input type=\"hidden\" name=\"item_key\" value=\"\" \/>\n\t\t\t<div id=\"frm_field_917_container\">\n\t\t\t<label for=\"field_z7fzu\" >\n\t\t\t\tOm du \u00e4r m\u00e4nsklig, l\u00e4mna det h\u00e4r f\u00e4ltet tomt.\t\t\t<\/label>\n\t\t\t<input  id=\"field_z7fzu\" type=\"text\" class=\"frm_form_field form-field frm_verify\" name=\"item_meta[917]\" value=\"\"  \/>\n\t\t<\/div>\n\t\t<input name=\"frm_state\" type=\"hidden\" value=\"1p9\/G6d4WQueJYjPsLVvrZ5tuff3ljQsf2IEphLNcD8=\" \/><\/div>\n<\/fieldset>\n<\/div>\n\n<\/form>\n<\/div>\n<p>&nbsp;<\/p>\n<p><a href=\"https:\/\/www.4h.se\/halland\/wp-content\/uploads\/sites\/69\/2015\/01\/L\u00e4ra-genom-att-g\u00f6ra.png\"><img loading=\"lazy\" decoding=\"async\" class=\"aligncenter size-full wp-image-2017\" src=\"https:\/\/www.4h.se\/halland\/wp-content\/uploads\/sites\/69\/2015\/01\/L\u00e4ra-genom-att-g\u00f6ra.png\" alt=\"L\u00e4ra genom att g\u00f6ra\" width=\"1213\" height=\"165\" srcset=\"https:\/\/www.4h.se\/halland\/wp-content\/uploads\/sites\/69\/2015\/01\/L\u00e4ra-genom-att-g\u00f6ra.png 1213w, https:\/\/www.4h.se\/halland\/wp-content\/uploads\/sites\/69\/2015\/01\/L\u00e4ra-genom-att-g\u00f6ra-170x23.png 170w, https:\/\/www.4h.se\/halland\/wp-content\/uploads\/sites\/69\/2015\/01\/L\u00e4ra-genom-att-g\u00f6ra-470x64.png 470w, https:\/\/www.4h.se\/halland\/wp-content\/uploads\/sites\/69\/2015\/01\/L\u00e4ra-genom-att-g\u00f6ra-970x132.png 970w\" sizes=\"auto, (max-width: 1213px) 100vw, 1213px\" \/><\/a>[\/vc_column_text][\/vc_column][vc_column width=&#8221;1\/4&#8243;][\/vc_column][\/vc_row]<\/p>\n<\/div>","protected":false},"excerpt":{"rendered":"<p>[vc_row][vc_column][vc_empty_space][vc_single_image image=&#8221;2000&#8243; img_size=&#8221;2000&#215;600&#8243; alignment=&#8221;center&#8221; style=&#8221;vc_box_rounded&#8221;][\/vc_column][\/vc_row][vc_row][vc_column width=&#8221;1\/2&#8243;][vc_column_text] Att driva en 4H-klubb Den h\u00e4r sidan \u00e4r f\u00f6r dig som p\u00e5 ett eller annat s\u00e4tt driver eller engagerar dig i en 4H-klubb. H\u00e4r samlar vi bra information om hur du kan driva och utveckla din klubb. Ifall du sj\u00e4lv har bra tips och id\u00e9er p\u00e5 hur man kan&nbsp; <a href=\"https:\/\/www.4h.se\/halland\/driva-en-4h-klubb\/\">&hellip; Read more <i class=\"glyphicon glyphicon-arrow-right\"><\/i><\/a><\/p>\n","protected":false},"author":126,"featured_media":0,"parent":0,"menu_order":81,"comment_status":"closed","ping_status":"closed","template":"","meta":{"footnotes":""},"class_list":["post-2045","page","type-page","status-publish","hentry"],"yoast_head":"<!-- This site is optimized with the Yoast SEO plugin v27.4 - https:\/\/yoast.com\/product\/yoast-seo-wordpress\/ -->\n<title>Driva en 4H-klubb - 4H i Halland<\/title>\n<meta name=\"robots\" content=\"index, follow, max-snippet:-1, max-image-preview:large, max-video-preview:-1\" \/>\n<link rel=\"canonical\" href=\"https:\/\/www.4h.se\/halland\/driva-en-4h-klubb\/\" \/>\n<meta property=\"og:locale\" content=\"sv_SE\" \/>\n<meta property=\"og:type\" content=\"article\" \/>\n<meta property=\"og:title\" content=\"Driva en 4H-klubb - 4H i Halland\" \/>\n<meta property=\"og:description\" content=\"[vc_row][vc_column][vc_empty_space][vc_single_image image=&#8221;2000&#8243; img_size=&#8221;2000&#215;600&#8243; alignment=&#8221;center&#8221; style=&#8221;vc_box_rounded&#8221;][\/vc_column][\/vc_row][vc_row][vc_column width=&#8221;1\/2&#8243;][vc_column_text] Att driva en 4H-klubb Den h\u00e4r sidan \u00e4r f\u00f6r dig som p\u00e5 ett eller annat s\u00e4tt driver eller engagerar dig i en 4H-klubb. H\u00e4r samlar vi bra information om hur du kan driva och utveckla din klubb. Ifall du sj\u00e4lv har bra tips och id\u00e9er p\u00e5 hur man kan&nbsp; &hellip; Read more\" \/>\n<meta property=\"og:url\" content=\"https:\/\/www.4h.se\/halland\/driva-en-4h-klubb\/\" \/>\n<meta property=\"og:site_name\" content=\"4H i Halland\" \/>\n<meta property=\"article:publisher\" content=\"https:\/\/www.facebook.com\/hallands4h\/\" \/>\n<meta property=\"article:modified_time\" content=\"2025-10-23T11:35:33+00:00\" \/>\n<meta name=\"twitter:card\" content=\"summary_large_image\" \/>\n<meta name=\"twitter:site\" content=\"@Hallands4H\" \/>\n<meta name=\"twitter:label1\" content=\"Ber\u00e4knad l\u00e4stid\" \/>\n\t<meta name=\"twitter:data1\" content=\"8 minuter\" \/>\n<script type=\"application\/ld+json\" class=\"yoast-schema-graph\">{\"@context\":\"https:\\\/\\\/schema.org\",\"@graph\":[{\"@type\":\"WebPage\",\"@id\":\"https:\\\/\\\/www.4h.se\\\/halland\\\/driva-en-4h-klubb\\\/\",\"url\":\"https:\\\/\\\/www.4h.se\\\/halland\\\/driva-en-4h-klubb\\\/\",\"name\":\"Driva en 4H-klubb - 4H i Halland\",\"isPartOf\":{\"@id\":\"https:\\\/\\\/www.4h.se\\\/halland\\\/#website\"},\"datePublished\":\"2021-07-26T22:13:35+00:00\",\"dateModified\":\"2025-10-23T11:35:33+00:00\",\"breadcrumb\":{\"@id\":\"https:\\\/\\\/www.4h.se\\\/halland\\\/driva-en-4h-klubb\\\/#breadcrumb\"},\"inLanguage\":\"sv-SE\",\"potentialAction\":[{\"@type\":\"ReadAction\",\"target\":[\"https:\\\/\\\/www.4h.se\\\/halland\\\/driva-en-4h-klubb\\\/\"]}]},{\"@type\":\"BreadcrumbList\",\"@id\":\"https:\\\/\\\/www.4h.se\\\/halland\\\/driva-en-4h-klubb\\\/#breadcrumb\",\"itemListElement\":[{\"@type\":\"ListItem\",\"position\":1,\"name\":\"Hem\",\"item\":\"https:\\\/\\\/www.4h.se\\\/halland\\\/\"},{\"@type\":\"ListItem\",\"position\":2,\"name\":\"Driva en 4H-klubb\"}]},{\"@type\":\"WebSite\",\"@id\":\"https:\\\/\\\/www.4h.se\\\/halland\\\/#website\",\"url\":\"https:\\\/\\\/www.4h.se\\\/halland\\\/\",\"name\":\"4H i Halland\",\"description\":\"Av unga f\u00f6r unga\",\"potentialAction\":[{\"@type\":\"SearchAction\",\"target\":{\"@type\":\"EntryPoint\",\"urlTemplate\":\"https:\\\/\\\/www.4h.se\\\/halland\\\/?s={search_term_string}\"},\"query-input\":{\"@type\":\"PropertyValueSpecification\",\"valueRequired\":true,\"valueName\":\"search_term_string\"}}],\"inLanguage\":\"sv-SE\"}]}<\/script>\n<!-- \/ Yoast SEO plugin. -->","yoast_head_json":{"title":"Driva en 4H-klubb - 4H i Halland","robots":{"index":"index","follow":"follow","max-snippet":"max-snippet:-1","max-image-preview":"max-image-preview:large","max-video-preview":"max-video-preview:-1"},"canonical":"https:\/\/www.4h.se\/halland\/driva-en-4h-klubb\/","og_locale":"sv_SE","og_type":"article","og_title":"Driva en 4H-klubb - 4H i Halland","og_description":"[vc_row][vc_column][vc_empty_space][vc_single_image image=&#8221;2000&#8243; img_size=&#8221;2000&#215;600&#8243; alignment=&#8221;center&#8221; style=&#8221;vc_box_rounded&#8221;][\/vc_column][\/vc_row][vc_row][vc_column width=&#8221;1\/2&#8243;][vc_column_text] Att driva en 4H-klubb Den h\u00e4r sidan \u00e4r f\u00f6r dig som p\u00e5 ett eller annat s\u00e4tt driver eller engagerar dig i en 4H-klubb. H\u00e4r samlar vi bra information om hur du kan driva och utveckla din klubb. Ifall du sj\u00e4lv har bra tips och id\u00e9er p\u00e5 hur man kan&nbsp; &hellip; Read more","og_url":"https:\/\/www.4h.se\/halland\/driva-en-4h-klubb\/","og_site_name":"4H i Halland","article_publisher":"https:\/\/www.facebook.com\/hallands4h\/","article_modified_time":"2025-10-23T11:35:33+00:00","twitter_card":"summary_large_image","twitter_site":"@Hallands4H","twitter_misc":{"Ber\u00e4knad l\u00e4stid":"8 minuter"},"schema":{"@context":"https:\/\/schema.org","@graph":[{"@type":"WebPage","@id":"https:\/\/www.4h.se\/halland\/driva-en-4h-klubb\/","url":"https:\/\/www.4h.se\/halland\/driva-en-4h-klubb\/","name":"Driva en 4H-klubb - 4H i Halland","isPartOf":{"@id":"https:\/\/www.4h.se\/halland\/#website"},"datePublished":"2021-07-26T22:13:35+00:00","dateModified":"2025-10-23T11:35:33+00:00","breadcrumb":{"@id":"https:\/\/www.4h.se\/halland\/driva-en-4h-klubb\/#breadcrumb"},"inLanguage":"sv-SE","potentialAction":[{"@type":"ReadAction","target":["https:\/\/www.4h.se\/halland\/driva-en-4h-klubb\/"]}]},{"@type":"BreadcrumbList","@id":"https:\/\/www.4h.se\/halland\/driva-en-4h-klubb\/#breadcrumb","itemListElement":[{"@type":"ListItem","position":1,"name":"Hem","item":"https:\/\/www.4h.se\/halland\/"},{"@type":"ListItem","position":2,"name":"Driva en 4H-klubb"}]},{"@type":"WebSite","@id":"https:\/\/www.4h.se\/halland\/#website","url":"https:\/\/www.4h.se\/halland\/","name":"4H i Halland","description":"Av unga f\u00f6r unga","potentialAction":[{"@type":"SearchAction","target":{"@type":"EntryPoint","urlTemplate":"https:\/\/www.4h.se\/halland\/?s={search_term_string}"},"query-input":{"@type":"PropertyValueSpecification","valueRequired":true,"valueName":"search_term_string"}}],"inLanguage":"sv-SE"}]}},"_links":{"self":[{"href":"https:\/\/www.4h.se\/halland\/wp-json\/wp\/v2\/pages\/2045","targetHints":{"allow":["GET"]}}],"collection":[{"href":"https:\/\/www.4h.se\/halland\/wp-json\/wp\/v2\/pages"}],"about":[{"href":"https:\/\/www.4h.se\/halland\/wp-json\/wp\/v2\/types\/page"}],"author":[{"embeddable":true,"href":"https:\/\/www.4h.se\/halland\/wp-json\/wp\/v2\/users\/126"}],"replies":[{"embeddable":true,"href":"https:\/\/www.4h.se\/halland\/wp-json\/wp\/v2\/comments?post=2045"}],"version-history":[{"count":0,"href":"https:\/\/www.4h.se\/halland\/wp-json\/wp\/v2\/pages\/2045\/revisions"}],"wp:attachment":[{"href":"https:\/\/www.4h.se\/halland\/wp-json\/wp\/v2\/media?parent=2045"}],"curies":[{"name":"wp","href":"https:\/\/api.w.org\/{rel}","templated":true}]}}