



{"id":1892,"date":"2021-03-05T12:48:04","date_gmt":"2021-03-05T11:48:04","guid":{"rendered":"https:\/\/www.4h.se\/halland\/?page_id=1892"},"modified":"2025-10-23T13:35:35","modified_gmt":"2025-10-23T11:35:35","slug":"rixlager-2022","status":"publish","type":"page","link":"https:\/\/www.4h.se\/halland\/rixlager-2022\/","title":{"rendered":"Rixl\u00e4ger 2022"},"content":{"rendered":"<div class=\"wpb-content-wrapper\"><p>[vc_row][vc_column][vc_single_image image=&#8221;2530&#8243; img_size=&#8221;full&#8221; alignment=&#8221;center&#8221; style=&#8221;vc_box_rounded&#8221;][\/vc_column][\/vc_row][vc_row][vc_column width=&#8221;1\/2&#8243;][vc_column_text]<\/p>\n<h1>V\u00e4lkommen till Rix22<\/h1>\n<p>[\/vc_column_text][\/vc_column][vc_column width=&#8221;1\/2&#8243;][\/vc_column][\/vc_row][vc_row][vc_column width=&#8221;1\/2&#8243;][vc_column_text]<\/p>\n<p class=\"x_MsoNormal\"><strong>Sveriges 4H:s riksl\u00e4ger \u00e4r ett \u00e5rligt \u00e5terkommande l\u00e4ger<\/strong> f\u00f6r alla medlemmar i hela Sveriges 4H \u00f6ver 14 \u00e5r. Riksl\u00e4gret arrangeras av olika l\u00e4nsf\u00f6rbund inom 4H och i \u00e5r \u00e4r det Hallands 4H som \u00e4r arrang\u00f6rer.\u00a0Oavsett om du \u00e4r en erfaren l\u00e4gerr\u00e4v med m\u00e5nga riksl\u00e4ger p\u00e5 nacken, eller aldrig ens h\u00f6rt talas om riksl\u00e4gret, s\u00e5 vill vi h\u00e4lsa dig hj\u00e4rtligt v\u00e4lkommen till oss p\u00e5 v\u00e4stkusten i sommar. Rix22 \u00e4r ett l\u00e4ger f\u00f6r alla och utlovar en h\u00e4rlig vecka fylld med s\u00e5v\u00e4l skratt, \u00e4ventyr, lekar och t\u00e4vlingar som avslappning, umg\u00e4nge och mys runt l\u00e4gerelden.<\/p>\n<p class=\"x_MsoNormal\">Man \u00e5ker p\u00e5 riksl\u00e4ger tillsammans med sin l\u00e4nstrupp. En l\u00e4nstrupp best\u00e5r av dig och andra 4H:are som \u00e4r medlemmar inom samma l\u00e4n. Varje l\u00e4nstrupp har ocks\u00e5 en eller flera l\u00e4nsledare som organiserar och leder l\u00e4nstruppen. F\u00f6r att f\u00e5 delta p\u00e5 riksl\u00e4gret m\u00e5ste man vara medlem i 4H. Om man inte \u00e4r medlem i en 4H-klubb sedan tidigare \u00e4r det v\u00e4ldigt enkelt att bli det i samband med anm\u00e4lan.<\/p>\n<p>[\/vc_column_text][vc_single_image image=&#8221;1998&#8243; img_size=&#8221;600&#215;300&#8243; alignment=&#8221;center&#8221; style=&#8221;vc_box_rounded&#8221;][\/vc_column][vc_column width=&#8221;1\/2&#8243;][vc_single_image image=&#8221;2030&#8243; img_size=&#8221;600&#215;300&#8243; alignment=&#8221;center&#8221; style=&#8221;vc_box_rounded&#8221;][vc_column_text]<\/p>\n<p class=\"x_MsoNormal\"><strong>Under l\u00e4gret bor man i t\u00e4lt och t\u00e4vlar tillsammans<\/strong> med sin l\u00e4nstrupp f\u00f6r att vinna den s.k. \u201dl\u00e4gertoppen\u201d. L\u00e4gertoppen best\u00e5r av en m\u00e4ngd olika sp\u00e4nnande och utmanande grenar. Exempelvis \u00e4r det tradition att det anordnas en volleybollturnering och en talangjakt d\u00e4r l\u00e4nen f\u00e5r m\u00f6jlighet att s\u00e4tta ihop var sin teaterpj\u00e4s att visa upp p\u00e5 scen. Alla l\u00e4nsf\u00f6rbunden po\u00e4ngs\u00e4tts i varje gren och i slutet av l\u00e4gret kommer vinnaren av l\u00e4gertoppen att presenteras.<\/p>\n<p class=\"x_MsoNormal\">Det viktigaste med l\u00e4gret \u00e4r dock f\u00f6r m\u00e5nga inte l\u00e4gertoppen, utan det som oftast beskrivs som det b\u00e4sta med l\u00e4gret \u00e4r att man f\u00e5r tr\u00e4ffa m\u00e5nga andra ungdomar i olika \u00e5ldrar och ha roligt tillsammans. Att h\u00e4nga i l\u00e4grets caf\u00e9t\u00e4lt, dansa eller sjunga s\u00e5nger runt l\u00e4gerelden \u00e4r minst lika tongivande f\u00f6r l\u00e4gerupplevelsen som de olika aktiviteterna. Den gemenskap som skapas p\u00e5 ett riksl\u00e4ger \u00e4r sv\u00e5rslagen och p\u00e5 riksl\u00e4ger skaffar du dig b\u00e5de minnen och v\u00e4nner f\u00f6r livet. Det \u00e4r den st\u00f6rsta anledningen till att riksl\u00e4gret \u00e4r den b\u00e4sta veckan p\u00e5 \u00e5ret!<\/p>\n<p>[\/vc_column_text][\/vc_column][\/vc_row][vc_row][vc_column][vc_separator][\/vc_column][\/vc_row][vc_row][vc_column width=&#8221;1\/2&#8243;][vc_column_text]<\/p>\n<h3>F\u00e5 en k\u00e4nsla f\u00f6r l\u00e4gerk\u00e4nslan!<\/h3>\n<p>Den h\u00e4r filmen \u00e4r fr\u00e5n v\u00e5rt senaste riksl\u00e4ger, Rix19 p\u00e5 Gotland.[\/vc_column_text][\/vc_column][vc_column width=&#8221;1\/2&#8243;][\/vc_column][\/vc_row][vc_row][vc_column width=&#8221;1\/2&#8243;][vc_raw_html]JTNDaWZyYW1lJTIwd2lkdGglM0QlMjI1NjAlMjIlMjBoZWlnaHQlM0QlMjIzMTUlMjIlMjBzcmMlM0QlMjJodHRwcyUzQSUyRiUyRnd3dy55b3V0dWJlLmNvbSUyRmVtYmVkJTJGVTRONXU2ZWM3VmslMjIlMjB0aXRsZSUzRCUyMllvdVR1YmUlMjB2aWRlbyUyMHBsYXllciUyMiUyMGZyYW1lYm9yZGVyJTNEJTIyMCUyMiUyMGFsbG93JTNEJTIyYWNjZWxlcm9tZXRlciUzQiUyMGF1dG9wbGF5JTNCJTIwY2xpcGJvYXJkLXdyaXRlJTNCJTIwZW5jcnlwdGVkLW1lZGlhJTNCJTIwZ3lyb3Njb3BlJTNCJTIwcGljdHVyZS1pbi1waWN0dXJlJTIyJTIwYWxsb3dmdWxsc2NyZWVuJTNFJTNDJTJGaWZyYW1lJTNF[\/vc_raw_html][\/vc_column][vc_column width=&#8221;1\/2&#8243;][vc_raw_html]JTNDaWZyYW1lJTIwd2lkdGglM0QlMjI1NjAlMjIlMjBoZWlnaHQlM0QlMjIzMTUlMjIlMjBzcmMlM0QlMjJodHRwcyUzQSUyRiUyRnd3dy55b3V0dWJlLmNvbSUyRmVtYmVkJTJGcDllN211TDhLYkUlMjIlMjB0aXRsZSUzRCUyMllvdVR1YmUlMjB2aWRlbyUyMHBsYXllciUyMiUyMGZyYW1lYm9yZGVyJTNEJTIyMCUyMiUyMGFsbG93JTNEJTIyYWNjZWxlcm9tZXRlciUzQiUyMGF1dG9wbGF5JTNCJTIwY2xpcGJvYXJkLXdyaXRlJTNCJTIwZW5jcnlwdGVkLW1lZGlhJTNCJTIwZ3lyb3Njb3BlJTNCJTIwcGljdHVyZS1pbi1waWN0dXJlJTIyJTIwYWxsb3dmdWxsc2NyZWVuJTNFJTNDJTJGaWZyYW1lJTNF[\/vc_raw_html][\/vc_column][\/vc_row][vc_row][vc_column][vc_separator][\/vc_column][\/vc_row][vc_row][vc_column width=&#8221;1\/3&#8243;][vc_column_text]<\/p>\n<h2>Lyssna p\u00e5 v\u00e5r Spotifylista!<\/h2>\n<p>H\u00e4r ser du v\u00e5r officiella spotifylista som vi kommer att spela h\u00f6gt, mycket och l\u00e4nge under v\u00e5rt l\u00e4ger! Starta den f\u00f6r att peppa till inf\u00f6r l\u00e4gret!<\/p>\n<p>&nbsp;<\/p>\n<h2>Temat f\u00f6r Rix22<\/h2>\n<p>Under l\u00e4gret kommer vi att ha en gemensamt \u00f6vergripande tema som \u00e4r <strong><em>&#8221;\u00c5terf\u00f6reningen&#8221;.\u00a0<\/em><\/strong>Som l\u00e4nsf\u00f6rbund uppmuntras man att komma till l\u00e4gret med ett eget tema som kan vara helt frist\u00e5ende eller anspela p\u00e5 det \u00f6vergripande temat.[\/vc_column_text][\/vc_column][vc_column width=&#8221;2\/3&#8243;][vc_raw_html]JTNDaWZyYW1lJTIwc3R5bGUlM0QlMjJib3JkZXItcmFkaXVzJTNBMTJweCUyMiUyMHNyYyUzRCUyMmh0dHBzJTNBJTJGJTJGb3Blbi5zcG90aWZ5LmNvbSUyRmVtYmVkJTJGcGxheWxpc3QlMkY1bHpWOFlOT053VGswaHBCYklFa0tPJTNGdXRtX3NvdXJjZSUzRGdlbmVyYXRvciUyMiUyMHdpZHRoJTNEJTIyMTAwJTI1JTIyJTIwaGVpZ2h0JTNEJTIyMzE1JTIyJTIwZnJhbWVCb3JkZXIlM0QlMjIwJTIyJTIwYWxsb3dmdWxsc2NyZWVuJTNEJTIyJTIyJTIwYWxsb3clM0QlMjJhdXRvcGxheSUzQiUyMGNsaXBib2FyZC13cml0ZSUzQiUyMGVuY3J5cHRlZC1tZWRpYSUzQiUyMGZ1bGxzY3JlZW4lM0IlMjBwaWN0dXJlLWluLXBpY3R1cmUlMjIlM0UlM0MlMkZpZnJhbWUlM0U=[\/vc_raw_html][\/vc_column][\/vc_row][vc_row][vc_column][vc_separator][\/vc_column][\/vc_row][vc_row][vc_column][vc_column_text]<\/p>\n<h2 style=\"text-align: center\">L\u00e4gret sker strax utanf\u00f6r Varberg<\/h2>\n<p>[\/vc_column_text][\/vc_column][\/vc_row][vc_row][vc_column width=&#8221;1\/2&#8243;][vc_column_text]\u00c5rets riksl\u00e4ger kommer att arrangeras ett stenkast ifr\u00e5n en av Hallands 4Hs 4H-g\u00e5rdar som ligger mellan \u00d6str\u00f6\u00f6 f\u00e5rfarm och \u00c4stad ving\u00e5rd. \u00d6str\u00f6\u00f6 \u00e4r ett mycket popul\u00e4rt bes\u00f6ksm\u00e5l med caf\u00e9 och massvis av mysiga f\u00e5r! \u00c4stad ving\u00e5rd har p\u00e5 senare tid blivit v\u00e4ldigt k\u00e4nda f\u00f6r sin spa- och restaurangverksamhet. \u00c4stad ving\u00e5rd fick nyligen Hallands f\u00f6rsta Michelinstj\u00e4rna.<\/p>\n<p>L\u00e4gerplatsen ligger mellan tv\u00e5 sj\u00f6ar med bra badm\u00f6jligheter, en scen kommer att byggas och ett stort caf\u00e9t\u00e4lt kommer att s\u00e4ttas upp d\u00e4r en hel del av v\u00e5ra aktiviteter kommer att ske.<\/p>\n<p>&nbsp;<\/p>\n<p><strong>Koordinater till l\u00e4gerplatsen<\/strong><\/p>\n<p>57.062509, 12.528115[\/vc_column_text][\/vc_column][vc_column width=&#8221;1\/2&#8243;][vc_raw_html]JTNDaWZyYW1lJTIwc3JjJTNEJTIyaHR0cHMlM0ElMkYlMkZ3d3cuZ29vZ2xlLmNvbSUyRm1hcHMlMkZlbWJlZCUzRnBiJTNEJTIxMW0xOCUyMTFtMTIlMjExbTMlMjExZDIzOTMuMzg0NDg1Nzc3NTM2NiUyMTJkMTIuNTI2MDIzMjk0MjgxMDgzJTIxM2Q1Ny4wNjI2MTg4NjkwNDE1MTUlMjEybTMlMjExZjAlMjEyZjAlMjEzZjAlMjEzbTIlMjExaTEwMjQlMjEyaTc2OCUyMTRmMTMuMSUyMTNtMyUyMTFtMiUyMTFzMHgwJTI1M0EweDgwN2Y1YzkxOWQ0YTJkZWYlMjEyek5UZkNzREF6SnpRMUxqQWlUaUF4TXNLd016RW5OREV1TWlKRiUyMTVlMSUyMTNtMiUyMTFzc3YlMjEyc3NlJTIxNHYxNjU4MjMyMjA1ODc3JTIxNW0yJTIxMXNzdiUyMTJzc2UlMjIlMjB3aWR0aCUzRCUyMjUyNSUyMiUyMGhlaWdodCUzRCUyMjMwMCUyMiUyMHN0eWxlJTNEJTIyYm9yZGVyJTNBMCUzQiUyMiUyMGFsbG93ZnVsbHNjcmVlbiUzRCUyMiUyMiUyMGxvYWRpbmclM0QlMjJsYXp5JTIyJTIwcmVmZXJyZXJwb2xpY3klM0QlMjJuby1yZWZlcnJlci13aGVuLWRvd25ncmFkZSUyMiUzRSUzQyUyRmlmcmFtZSUzRQ==[\/vc_raw_html][\/vc_column][\/vc_row][vc_row][vc_column][vc_gallery type=&#8221;image_grid&#8221; images=&#8221;2553,2554,2555,2556,2557,2558,2559,2560&#8243; img_size=&#8221;275&#8243;][\/vc_column][\/vc_row][vc_row][vc_column][vc_separator][\/vc_column][\/vc_row][vc_row][vc_column width=&#8221;1\/3&#8243;][vc_btn title=&#8221;Programmet&#8221; style=&#8221;3d&#8221; color=&#8221;success&#8221; size=&#8221;lg&#8221; align=&#8221;center&#8221; button_block=&#8221;true&#8221; link=&#8221;url:http%3A%2F%2Fwww.4h.se%2Fhalland%2Frixlager-2022%2Fprogrammet%2F|title:Programmet|&#8221;][\/vc_column][vc_column width=&#8221;1\/3&#8243;][vc_btn title=&#8221;Anm\u00e4lan&#8221; style=&#8221;3d&#8221; color=&#8221;success&#8221; size=&#8221;lg&#8221; align=&#8221;center&#8221; button_block=&#8221;true&#8221; link=&#8221;url:http%3A%2F%2Fwww.4h.se%2Fhalland%2Frixlager-2022%2Fanmal-dig%2F|title:Anm%C3%A4l%20dig|&#8221;][\/vc_column][vc_column width=&#8221;1\/3&#8243;][vc_btn title=&#8221;Bli funktion\u00e4r&#8221; style=&#8221;3d&#8221; color=&#8221;success&#8221; size=&#8221;lg&#8221; align=&#8221;center&#8221; button_block=&#8221;true&#8221; link=&#8221;url:http%3A%2F%2Fwww.4h.se%2Fhalland%2Frixlager-2022%2Ffunktionar%2F|title:Funktion%C3%A4r|&#8221;][\/vc_column][\/vc_row][vc_row][vc_column][vc_single_image image=&#8221;2174&#8243; img_size=&#8221;2000&#215;250&#8243; alignment=&#8221;center&#8221; style=&#8221;vc_box_rounded&#8221;][\/vc_column][\/vc_row][vc_row][vc_column width=&#8221;1\/4&#8243;][\/vc_column][vc_column width=&#8221;1\/2&#8243;][vc_column_text]<div class=\"frm_forms  with_frm_style frm_style_formidable-style\" id=\"frm_form_78_container\" >\n<form enctype=\"multipart\/form-data\" method=\"post\" class=\"frm-show-form \" id=\"form_lbhrl\" >\n<div class=\"frm_form_fields \">\n<fieldset>\n<legend class=\"frm_hidden\">Utveckla v\u00e5r hemsida! <\/legend>\r\n<h3 class=\"frm_form_title\">Utveckla v\u00e5r hemsida! <\/h3>\r\n<div class=\"frm_fields_container\">\n<input type=\"hidden\" name=\"frm_action\" value=\"create\" \/>\n<input type=\"hidden\" name=\"form_id\" value=\"78\" \/>\n<input type=\"hidden\" name=\"frm_hide_fields_78\" id=\"frm_hide_fields_78\" value=\"\" \/>\n<input type=\"hidden\" name=\"form_key\" value=\"lbhrl\" \/>\n<input type=\"hidden\" name=\"item_meta[0]\" value=\"\" \/>\n<input type=\"hidden\" id=\"frm_submit_entry_78\" name=\"frm_submit_entry_78\" value=\"58506b7602\" \/><input type=\"hidden\" name=\"_wp_http_referer\" value=\"\/halland\/wp-json\/wp\/v2\/pages\/1892\" \/><div id=\"frm_field_709_container\" class=\"frm_form_field form-field  frm_top_container vertical_radio\">\r\n    <label class=\"frm_primary_label\">Vad tycker du om denna sidan?\r\n        <span class=\"frm_required\"><\/span>\r\n    <\/label>\r\n    <div class=\"frm_opt_container\">\t\t<div class=\"frm_radio\" id=\"frm_radio_709-0\">\t\t\t<label  for=\"field_vltn6-0\">\n\t\t\t\t\t<input type=\"radio\" name=\"item_meta[709]\" id=\"field_vltn6-0\" value=\"Superbra!\"\n\t\t data-invmsg=\"Vad tycker du om denna sidan? \u00e4r ogiltigt\"   \/> Superbra!<\/label><\/div>\n\t\t<div class=\"frm_radio\" id=\"frm_radio_709-1\">\t\t\t<label  for=\"field_vltn6-1\">\n\t\t\t\t\t<input type=\"radio\" name=\"item_meta[709]\" id=\"field_vltn6-1\" value=\"Bra!\"\n\t\t data-invmsg=\"Vad tycker du om denna sidan? \u00e4r ogiltigt\"   \/> Bra!<\/label><\/div>\n\t\t<div class=\"frm_radio\" id=\"frm_radio_709-2\">\t\t\t<label  for=\"field_vltn6-2\">\n\t\t\t\t\t<input type=\"radio\" name=\"item_meta[709]\" id=\"field_vltn6-2\" value=\"Varken bra eller d\u00e5lig.\"\n\t\t data-invmsg=\"Vad tycker du om denna sidan? \u00e4r ogiltigt\"   \/> Varken bra eller d\u00e5lig.<\/label><\/div>\n\t\t<div class=\"frm_radio\" id=\"frm_radio_709-3\">\t\t\t<label  for=\"field_vltn6-3\">\n\t\t\t\t\t<input type=\"radio\" name=\"item_meta[709]\" id=\"field_vltn6-3\" value=\"D\u00e5lig!\"\n\t\t data-invmsg=\"Vad tycker du om denna sidan? \u00e4r ogiltigt\"   \/> D\u00e5lig!<\/label><\/div>\n\t\t<div class=\"frm_radio\" id=\"frm_radio_709-4\">\t\t\t<label  for=\"field_vltn6-4\">\n\t\t\t\t\t<input type=\"radio\" name=\"item_meta[709]\" id=\"field_vltn6-4\" value=\"Superd\u00e5lig!\"\n\t\t data-invmsg=\"Vad tycker du om denna sidan? \u00e4r ogiltigt\"   \/> Superd\u00e5lig!<\/label><\/div>\n<\/div>\r\n    \r\n    \r\n<\/div>\n<div id=\"frm_field_711_container\" class=\"frm_form_field form-field  frm_top_container\">\r\n    <label for=\"field_8xc4b\" class=\"frm_primary_label\">Vad kan bli b\u00e4ttre p\u00e5 denna sidan?\r\n        <span class=\"frm_required\"><\/span>\r\n    <\/label>\r\n    <textarea name=\"item_meta[711]\" id=\"field_8xc4b\" rows=\"5\"  data-invmsg=\"Vad kan bli b\u00e4ttre p\u00e5 denna sidan? \u00e4r ogiltigt\" aria-invalid=\"false\"  ><\/textarea>\r\n    \r\n    \r\n<\/div>\n<div id=\"frm_field_743_container\" class=\"frm_form_field form-field  frm_top_container\">\r\n    <label for=\"field_7ty40\" class=\"frm_primary_label\">Vilken information letar du efter just nu p\u00e5 hemsidan?\r\n        <span class=\"frm_required\"><\/span>\r\n    <\/label>\r\n    <input type=\"text\" id=\"field_7ty40\" name=\"item_meta[743]\" value=\"\"  data-invmsg=\"Vilken information letar du efter just nu p\u00e5 hemsidan? \u00e4r ogiltigt\" aria-invalid=\"false\"  \/>\r\n    \r\n    \r\n<\/div>\n<div id=\"frm_field_712_container\" class=\"frm_form_field form-field  frm_required_field frm_top_container vertical_radio\">\r\n    <label class=\"frm_primary_label\">Jag \u00e4r inte en robot\r\n        <span class=\"frm_required\">*<\/span>\r\n    <\/label>\r\n    <div class=\"frm_opt_container\">\t\t<div class=\"frm_checkbox\" id=\"frm_checkbox_712-0\">\t\t\t<label  for=\"field_unh5q-0\">\n\t\t\t<input type=\"checkbox\" name=\"item_meta[712][]\" id=\"field_unh5q-0\" value=\"Jag \u00e4r en livslevande person\"  data-reqmsg=\"Detta f\u00e4lt kan inte vara tomt.\" data-invmsg=\"Jag \u00e4r inte en robot \u00e4r ogiltigt\"   aria-required=\"true\"  \/> Jag \u00e4r en livslevande person<\/label><\/div>\n<\/div>\r\n    \r\n    \r\n<\/div>\n<div id=\"frm_field_827_container\" class=\"frm_form_field form-field  frm_none_container\">\r\n\t<label for=\"g-recaptcha-response\" id=\"field_bdf4x_label\" class=\"frm_primary_label\">Captcha\r\n\t\t<span class=\"frm_required\" aria-hidden=\"true\"><\/span>\r\n\t<\/label>\r\n\t\r\n\t\r\n\t\r\n<\/div>\n<div id=\"frm_field_826_container\" class=\"frm_form_field form-field \">\r\n\t<div class=\"frm_submit\">\r\n\r\n<button class=\"frm_button_submit\" type=\"submit\" >Skicka<\/button>\r\n\r\n<\/div>\r\n<\/div>\n\t<input type=\"hidden\" name=\"item_key\" value=\"\" \/>\n\t\t\t<div id=\"frm_field_917_container\">\n\t\t\t<label for=\"field_cx2f3\" >\n\t\t\t\tOm du \u00e4r m\u00e4nsklig, l\u00e4mna det h\u00e4r f\u00e4ltet tomt.\t\t\t<\/label>\n\t\t\t<input  id=\"field_cx2f3\" type=\"text\" class=\"frm_form_field form-field frm_verify\" name=\"item_meta[917]\" value=\"\"  \/>\n\t\t<\/div>\n\t\t<input name=\"frm_state\" type=\"hidden\" value=\"1p9\/G6d4WQueJYjPsLVvrZ5tuff3ljQsf2IEphLNcD8=\" \/><\/div>\n<\/fieldset>\n<\/div>\n\n<\/form>\n<\/div>\n<p>&nbsp;<\/p>\n<p><a href=\"https:\/\/www.4h.se\/halland\/wp-content\/uploads\/sites\/69\/2015\/01\/L\u00e4ra-genom-att-g\u00f6ra.png\"><img loading=\"lazy\" decoding=\"async\" class=\"aligncenter size-full wp-image-2017\" src=\"https:\/\/www.4h.se\/halland\/wp-content\/uploads\/sites\/69\/2015\/01\/L\u00e4ra-genom-att-g\u00f6ra.png\" alt=\"L\u00e4ra genom att g\u00f6ra\" width=\"1213\" height=\"165\" srcset=\"https:\/\/www.4h.se\/halland\/wp-content\/uploads\/sites\/69\/2015\/01\/L\u00e4ra-genom-att-g\u00f6ra.png 1213w, https:\/\/www.4h.se\/halland\/wp-content\/uploads\/sites\/69\/2015\/01\/L\u00e4ra-genom-att-g\u00f6ra-170x23.png 170w, https:\/\/www.4h.se\/halland\/wp-content\/uploads\/sites\/69\/2015\/01\/L\u00e4ra-genom-att-g\u00f6ra-470x64.png 470w, https:\/\/www.4h.se\/halland\/wp-content\/uploads\/sites\/69\/2015\/01\/L\u00e4ra-genom-att-g\u00f6ra-970x132.png 970w\" sizes=\"auto, (max-width: 1213px) 100vw, 1213px\" \/><\/a>[\/vc_column_text][\/vc_column][vc_column width=&#8221;1\/4&#8243;][\/vc_column][\/vc_row]<\/p>\n<\/div>","protected":false},"excerpt":{"rendered":"<p>[vc_row][vc_column][vc_single_image image=&#8221;2530&#8243; img_size=&#8221;full&#8221; alignment=&#8221;center&#8221; style=&#8221;vc_box_rounded&#8221;][\/vc_column][\/vc_row][vc_row][vc_column width=&#8221;1\/2&#8243;][vc_column_text] V\u00e4lkommen till Rix22 [\/vc_column_text][\/vc_column][vc_column width=&#8221;1\/2&#8243;][\/vc_column][\/vc_row][vc_row][vc_column width=&#8221;1\/2&#8243;][vc_column_text] Sveriges 4H:s riksl\u00e4ger \u00e4r ett \u00e5rligt \u00e5terkommande l\u00e4ger f\u00f6r alla medlemmar i hela Sveriges 4H \u00f6ver 14 \u00e5r. Riksl\u00e4gret arrangeras av olika l\u00e4nsf\u00f6rbund inom 4H och i \u00e5r \u00e4r det Hallands 4H som \u00e4r arrang\u00f6rer.\u00a0Oavsett om du \u00e4r en erfaren l\u00e4gerr\u00e4v med m\u00e5nga&nbsp; <a href=\"https:\/\/www.4h.se\/halland\/rixlager-2022\/\">&hellip; Read more <i class=\"glyphicon glyphicon-arrow-right\"><\/i><\/a><\/p>\n","protected":false},"author":126,"featured_media":0,"parent":0,"menu_order":114,"comment_status":"closed","ping_status":"closed","template":"","meta":{"footnotes":""},"class_list":["post-1892","page","type-page","status-publish","hentry"],"yoast_head":"<!-- This site is optimized with the Yoast SEO plugin v27.4 - https:\/\/yoast.com\/product\/yoast-seo-wordpress\/ -->\n<title>Rixl\u00e4ger 2022 - 4H i Halland<\/title>\n<meta name=\"robots\" content=\"index, follow, max-snippet:-1, max-image-preview:large, max-video-preview:-1\" \/>\n<link rel=\"canonical\" href=\"https:\/\/www.4h.se\/halland\/rixlager-2022\/\" \/>\n<meta property=\"og:locale\" content=\"sv_SE\" \/>\n<meta property=\"og:type\" content=\"article\" \/>\n<meta property=\"og:title\" content=\"Rixl\u00e4ger 2022 - 4H i Halland\" \/>\n<meta property=\"og:description\" content=\"[vc_row][vc_column][vc_single_image image=&#8221;2530&#8243; img_size=&#8221;full&#8221; alignment=&#8221;center&#8221; style=&#8221;vc_box_rounded&#8221;][\/vc_column][\/vc_row][vc_row][vc_column width=&#8221;1\/2&#8243;][vc_column_text] V\u00e4lkommen till Rix22 [\/vc_column_text][\/vc_column][vc_column width=&#8221;1\/2&#8243;][\/vc_column][\/vc_row][vc_row][vc_column width=&#8221;1\/2&#8243;][vc_column_text] Sveriges 4H:s riksl\u00e4ger \u00e4r ett \u00e5rligt \u00e5terkommande l\u00e4ger f\u00f6r alla medlemmar i hela Sveriges 4H \u00f6ver 14 \u00e5r. Riksl\u00e4gret arrangeras av olika l\u00e4nsf\u00f6rbund inom 4H och i \u00e5r \u00e4r det Hallands 4H som \u00e4r arrang\u00f6rer.\u00a0Oavsett om du \u00e4r en erfaren l\u00e4gerr\u00e4v med m\u00e5nga&nbsp; &hellip; Read more\" \/>\n<meta property=\"og:url\" content=\"https:\/\/www.4h.se\/halland\/rixlager-2022\/\" \/>\n<meta property=\"og:site_name\" content=\"4H i Halland\" \/>\n<meta property=\"article:publisher\" content=\"https:\/\/www.facebook.com\/hallands4h\/\" \/>\n<meta property=\"article:modified_time\" content=\"2025-10-23T11:35:35+00:00\" \/>\n<meta name=\"twitter:card\" content=\"summary_large_image\" \/>\n<meta name=\"twitter:site\" content=\"@Hallands4H\" \/>\n<meta name=\"twitter:label1\" content=\"Ber\u00e4knad l\u00e4stid\" \/>\n\t<meta name=\"twitter:data1\" content=\"6 minuter\" \/>\n<script type=\"application\/ld+json\" class=\"yoast-schema-graph\">{\"@context\":\"https:\\\/\\\/schema.org\",\"@graph\":[{\"@type\":\"WebPage\",\"@id\":\"https:\\\/\\\/www.4h.se\\\/halland\\\/rixlager-2022\\\/\",\"url\":\"https:\\\/\\\/www.4h.se\\\/halland\\\/rixlager-2022\\\/\",\"name\":\"Rixl\u00e4ger 2022 - 4H i Halland\",\"isPartOf\":{\"@id\":\"https:\\\/\\\/www.4h.se\\\/halland\\\/#website\"},\"datePublished\":\"2021-03-05T11:48:04+00:00\",\"dateModified\":\"2025-10-23T11:35:35+00:00\",\"breadcrumb\":{\"@id\":\"https:\\\/\\\/www.4h.se\\\/halland\\\/rixlager-2022\\\/#breadcrumb\"},\"inLanguage\":\"sv-SE\",\"potentialAction\":[{\"@type\":\"ReadAction\",\"target\":[\"https:\\\/\\\/www.4h.se\\\/halland\\\/rixlager-2022\\\/\"]}]},{\"@type\":\"BreadcrumbList\",\"@id\":\"https:\\\/\\\/www.4h.se\\\/halland\\\/rixlager-2022\\\/#breadcrumb\",\"itemListElement\":[{\"@type\":\"ListItem\",\"position\":1,\"name\":\"Hem\",\"item\":\"https:\\\/\\\/www.4h.se\\\/halland\\\/\"},{\"@type\":\"ListItem\",\"position\":2,\"name\":\"Rixl\u00e4ger 2022\"}]},{\"@type\":\"WebSite\",\"@id\":\"https:\\\/\\\/www.4h.se\\\/halland\\\/#website\",\"url\":\"https:\\\/\\\/www.4h.se\\\/halland\\\/\",\"name\":\"4H i Halland\",\"description\":\"Av unga f\u00f6r unga\",\"potentialAction\":[{\"@type\":\"SearchAction\",\"target\":{\"@type\":\"EntryPoint\",\"urlTemplate\":\"https:\\\/\\\/www.4h.se\\\/halland\\\/?s={search_term_string}\"},\"query-input\":{\"@type\":\"PropertyValueSpecification\",\"valueRequired\":true,\"valueName\":\"search_term_string\"}}],\"inLanguage\":\"sv-SE\"}]}<\/script>\n<!-- \/ Yoast SEO plugin. -->","yoast_head_json":{"title":"Rixl\u00e4ger 2022 - 4H i Halland","robots":{"index":"index","follow":"follow","max-snippet":"max-snippet:-1","max-image-preview":"max-image-preview:large","max-video-preview":"max-video-preview:-1"},"canonical":"https:\/\/www.4h.se\/halland\/rixlager-2022\/","og_locale":"sv_SE","og_type":"article","og_title":"Rixl\u00e4ger 2022 - 4H i Halland","og_description":"[vc_row][vc_column][vc_single_image image=&#8221;2530&#8243; img_size=&#8221;full&#8221; alignment=&#8221;center&#8221; style=&#8221;vc_box_rounded&#8221;][\/vc_column][\/vc_row][vc_row][vc_column width=&#8221;1\/2&#8243;][vc_column_text] V\u00e4lkommen till Rix22 [\/vc_column_text][\/vc_column][vc_column width=&#8221;1\/2&#8243;][\/vc_column][\/vc_row][vc_row][vc_column width=&#8221;1\/2&#8243;][vc_column_text] Sveriges 4H:s riksl\u00e4ger \u00e4r ett \u00e5rligt \u00e5terkommande l\u00e4ger f\u00f6r alla medlemmar i hela Sveriges 4H \u00f6ver 14 \u00e5r. Riksl\u00e4gret arrangeras av olika l\u00e4nsf\u00f6rbund inom 4H och i \u00e5r \u00e4r det Hallands 4H som \u00e4r arrang\u00f6rer.\u00a0Oavsett om du \u00e4r en erfaren l\u00e4gerr\u00e4v med m\u00e5nga&nbsp; &hellip; Read more","og_url":"https:\/\/www.4h.se\/halland\/rixlager-2022\/","og_site_name":"4H i Halland","article_publisher":"https:\/\/www.facebook.com\/hallands4h\/","article_modified_time":"2025-10-23T11:35:35+00:00","twitter_card":"summary_large_image","twitter_site":"@Hallands4H","twitter_misc":{"Ber\u00e4knad l\u00e4stid":"6 minuter"},"schema":{"@context":"https:\/\/schema.org","@graph":[{"@type":"WebPage","@id":"https:\/\/www.4h.se\/halland\/rixlager-2022\/","url":"https:\/\/www.4h.se\/halland\/rixlager-2022\/","name":"Rixl\u00e4ger 2022 - 4H i Halland","isPartOf":{"@id":"https:\/\/www.4h.se\/halland\/#website"},"datePublished":"2021-03-05T11:48:04+00:00","dateModified":"2025-10-23T11:35:35+00:00","breadcrumb":{"@id":"https:\/\/www.4h.se\/halland\/rixlager-2022\/#breadcrumb"},"inLanguage":"sv-SE","potentialAction":[{"@type":"ReadAction","target":["https:\/\/www.4h.se\/halland\/rixlager-2022\/"]}]},{"@type":"BreadcrumbList","@id":"https:\/\/www.4h.se\/halland\/rixlager-2022\/#breadcrumb","itemListElement":[{"@type":"ListItem","position":1,"name":"Hem","item":"https:\/\/www.4h.se\/halland\/"},{"@type":"ListItem","position":2,"name":"Rixl\u00e4ger 2022"}]},{"@type":"WebSite","@id":"https:\/\/www.4h.se\/halland\/#website","url":"https:\/\/www.4h.se\/halland\/","name":"4H i Halland","description":"Av unga f\u00f6r unga","potentialAction":[{"@type":"SearchAction","target":{"@type":"EntryPoint","urlTemplate":"https:\/\/www.4h.se\/halland\/?s={search_term_string}"},"query-input":{"@type":"PropertyValueSpecification","valueRequired":true,"valueName":"search_term_string"}}],"inLanguage":"sv-SE"}]}},"_links":{"self":[{"href":"https:\/\/www.4h.se\/halland\/wp-json\/wp\/v2\/pages\/1892","targetHints":{"allow":["GET"]}}],"collection":[{"href":"https:\/\/www.4h.se\/halland\/wp-json\/wp\/v2\/pages"}],"about":[{"href":"https:\/\/www.4h.se\/halland\/wp-json\/wp\/v2\/types\/page"}],"author":[{"embeddable":true,"href":"https:\/\/www.4h.se\/halland\/wp-json\/wp\/v2\/users\/126"}],"replies":[{"embeddable":true,"href":"https:\/\/www.4h.se\/halland\/wp-json\/wp\/v2\/comments?post=1892"}],"version-history":[{"count":0,"href":"https:\/\/www.4h.se\/halland\/wp-json\/wp\/v2\/pages\/1892\/revisions"}],"wp:attachment":[{"href":"https:\/\/www.4h.se\/halland\/wp-json\/wp\/v2\/media?parent=1892"}],"curies":[{"name":"wp","href":"https:\/\/api.w.org\/{rel}","templated":true}]}}