



{"id":1481,"date":"2019-11-14T10:41:55","date_gmt":"2019-11-14T09:41:55","guid":{"rendered":"https:\/\/www.4h.se\/halland\/?page_id=1481"},"modified":"2025-10-23T13:35:33","modified_gmt":"2025-10-23T11:35:33","slug":"arets-hallandska-4hare","status":"publish","type":"page","link":"https:\/\/www.4h.se\/halland\/arets-hallandska-4hare\/","title":{"rendered":"\u00c5rets Hall\u00e4ndska 4H:are"},"content":{"rendered":"<div class=\"wpb-content-wrapper\"><p>[vc_row][vc_column][vc_single_image image=&#8221;894&#8243; img_size=&#8221;2000&#215;500&#8243; alignment=&#8221;center&#8221; style=&#8221;vc_box_rounded&#8221;][\/vc_column][\/vc_row][vc_row][vc_column width=&#8221;1\/2&#8243;][vc_column_text]<\/p>\n<h3 style=\"text-align: center\">\u00c5rets Hall\u00e4ndska 4Hare<\/h3>\n<p><span style=\"color: #000000\">\u00c5rets Hall\u00e4ndska 4H:are \u00e4r ett av Hallands 4H:s mest prestigefyllda utm\u00e4rkelser. Den delas ut en g\u00e5ng om \u00e5ret till n\u00e5gon som har gjort en s\u00e4rskild insats f\u00f6r Hallands 4H.<\/span><\/p>\n<p><span style=\"color: #000000\">Utm\u00e4rkelsen g\u00e5r till\u00a0Hall\u00e4ndska 4H.are som har engagerat sig och gjort n\u00e5got bra inom Hallands 4H.\u00a0I Hallands 4H har vi m\u00e4ngder av ideella eldsj\u00e4lar som l\u00e4gger m\u00e5nga timmar av sin fritid p\u00e5 att driva, st\u00f6tta och utveckla v\u00e5r 4H-verksamhet. Det vill vi premiera.<\/span><\/p>\n<p><span style=\"color: #000000\">Utm\u00e4rkelsen delas ut\u00a0varje \u00e5r under Hallands 4H:s L\u00e4nsf\u00f6rbundsst\u00e4mma. Motiveringen l\u00e4ses upp under slutet av st\u00e4mman och pristagaren f\u00e5r ta del av diplom, en summa pengar samt ett vandringspris.<\/span><\/p>\n<p><span style=\"color: #000000\">Vem som vinner \u00c5rets Hall\u00e4ndska 4H:are beslutas av L\u00e4nsf\u00f6rbundsstyrelsen.\u00a0<\/span><\/p>\n<p style=\"text-align: left\"><span style=\"color: #000000\">Nominera nu! Nomineringar kan \u00e4ven skickas till <a style=\"color: #000000\" href=\"mailto:halland@4h.se\">halland@4h.se<\/a>. Om du vill hj\u00e4lp med att skriva nomineringen \u00e4r det bara att s\u00e4ga till!<\/span><\/p>\n<p>[\/vc_column_text][\/vc_column][vc_column width=&#8221;1\/2&#8243;][vc_column_text]<\/p>\n<h3 style=\"text-align: center\"><span style=\"color: #000000\">Nominera h\u00e4r!<\/span><\/h3>\n<h3 style=\"text-align: center\"><span style=\"color: #000000\"><strong><div class=\"frm_forms  with_frm_style frm_style_formidable-style\" id=\"frm_form_66_container\" >\n<form enctype=\"multipart\/form-data\" method=\"post\" class=\"frm-show-form \" id=\"form_wkr1d\" >\n<div class=\"frm_form_fields \">\n<fieldset>\n<legend class=\"frm_hidden\">Nominera \u00c5rets Hall\u00e4ndska 4H:are<\/legend>\r\n\r\n<div class=\"frm_fields_container\">\n<input type=\"hidden\" name=\"frm_action\" value=\"create\" \/>\n<input type=\"hidden\" name=\"form_id\" value=\"66\" \/>\n<input type=\"hidden\" name=\"frm_hide_fields_66\" id=\"frm_hide_fields_66\" value=\"\" \/>\n<input type=\"hidden\" name=\"form_key\" value=\"wkr1d\" \/>\n<input type=\"hidden\" name=\"item_meta[0]\" value=\"\" \/>\n<input type=\"hidden\" id=\"frm_submit_entry_66\" name=\"frm_submit_entry_66\" value=\"9b23919162\" \/><input type=\"hidden\" name=\"_wp_http_referer\" value=\"\/halland\/wp-json\/wp\/v2\/pages\/1481\" \/><div id=\"frm_field_608_container\" class=\"frm_form_field form-field  frm_top_container\">\r\n    <label for=\"field_vbdcp\" class=\"frm_primary_label\">Vem vill du nominera?\r\n        <span class=\"frm_required\"><\/span>\r\n    <\/label>\r\n    <input type=\"text\" id=\"field_vbdcp\" name=\"item_meta[608]\" value=\"\"  data-invmsg=\"Vem vill du nominera? \u00e4r ogiltigt\" aria-invalid=\"false\"  \/>\r\n    \r\n    \r\n<\/div>\n<div id=\"frm_field_613_container\" class=\"frm_form_field form-field  frm_top_container\">\r\n    <label for=\"field_4yvml\" class=\"frm_primary_label\">Vilken klubb tillh\u00f6r den nominerade?\r\n        <span class=\"frm_required\"><\/span>\r\n    <\/label>\r\n    <input type=\"text\" id=\"field_4yvml\" name=\"item_meta[613]\" value=\"\"  data-invmsg=\"Vilken klubb tillh\u00f6r den nominerade? \u00e4r ogiltigt\" aria-invalid=\"false\"  \/>\r\n    \r\n    \r\n<\/div>\n<div id=\"frm_field_612_container\" class=\"frm_form_field form-field  frm_top_container\">\r\n    <label for=\"field_pgvi\" class=\"frm_primary_label\">Varf\u00f6r vill du nominera denna person?\r\n        <span class=\"frm_required\"><\/span>\r\n    <\/label>\r\n    <textarea name=\"item_meta[612]\" id=\"field_pgvi\" rows=\"5\"  data-invmsg=\"Varf\u00f6r vill du nominera denna person? \u00e4r ogiltigt\" aria-invalid=\"false\"  ><\/textarea>\r\n    \r\n    \r\n<\/div>\n<div id=\"frm_field_610_container\" class=\"frm_form_field form-field  frm_top_container\">\r\n    <label for=\"field_ua6eq\" class=\"frm_primary_label\">Namn och Telefonnummer till dig\r\n        <span class=\"frm_required\"><\/span>\r\n    <\/label>\r\n    <input type=\"text\" id=\"field_ua6eq\" name=\"item_meta[610]\" value=\"\"  data-invmsg=\"Namn och Telefonnummer till dig \u00e4r ogiltigt\" aria-invalid=\"false\"   aria-describedby=\"frm_desc_field_ua6eq\"\/>\r\n    <div id=\"frm_desc_field_ua6eq\" class=\"frm_description\">Ifall vi beh\u00f6ver f\u00f6rtydligande<\/div>\r\n    \r\n<\/div>\n\t<input type=\"hidden\" name=\"item_key\" value=\"\" \/>\n\t\t\t<div id=\"frm_field_917_container\">\n\t\t\t<label for=\"field_z4pda\" >\n\t\t\t\tOm du \u00e4r m\u00e4nsklig, l\u00e4mna det h\u00e4r f\u00e4ltet tomt.\t\t\t<\/label>\n\t\t\t<input  id=\"field_z4pda\" type=\"text\" class=\"frm_form_field form-field frm_verify\" name=\"item_meta[917]\" value=\"\"  \/>\n\t\t<\/div>\n\t\t<input name=\"frm_state\" type=\"hidden\" value=\"b5BmKxDX7\/2RJVuLpXAQuGXJd3WBIIbVz\/DINceKxK8=\" \/><div class=\"frm_submit\">\r\n\r\n<button class=\"frm_button_submit\" type=\"submit\" >Nominera<\/button>\r\n\r\n<\/div><\/div>\n<\/fieldset>\n<\/div>\n\n<\/form>\n<\/div>\n\u00a0\u00a0<\/strong><\/span><\/h3>\n<p>[\/vc_column_text][\/vc_column][\/vc_row][vc_row][vc_column width=&#8221;1\/4&#8243;][vc_column_text css=&#8221;&#8221;]<\/p>\n<h3 style=\"text-align: center\">Oliver Fischer \u00c5sare<\/h3>\n<p style=\"text-align: center\"><em><strong>\u00c5rets Hall\u00e4ndska 4Hare 2024<\/strong><\/em><\/p>\n<p>[\/vc_column_text][vc_single_image image=&#8221;3064&#8243; img_size=&#8221;full&#8221; alignment=&#8221;center&#8221; style=&#8221;vc_box_rounded&#8221; css=&#8221;&#8221;][\/vc_column][vc_column width=&#8221;1\/4&#8243;][vc_column_text css=&#8221;&#8221;]<\/p>\n<h3 style=\"text-align: center\">Irma Hermansson<br \/>\n&amp; M\u00e4rta B\u00f6reg\u00e5rd<\/h3>\n<p style=\"text-align: center\"><em><strong>\u00c5rets Hall\u00e4ndska 4Hare 2023<\/strong><\/em><\/p>\n<p>[\/vc_column_text][vc_single_image image=&#8221;3041&#8243; img_size=&#8221;full&#8221; alignment=&#8221;center&#8221; style=&#8221;vc_box_rounded&#8221; css=&#8221;&#8221;][\/vc_column][vc_column width=&#8221;1\/4&#8243;][vc_column_text]<\/p>\n<h3 style=\"text-align: center\">Ellen Svensson<\/h3>\n<p style=\"text-align: center\"><em><strong>\u00c5rets Hall\u00e4ndska 4Hare 2022<\/strong><\/em><\/p>\n<p>[\/vc_column_text][vc_single_image image=&#8221;2830&#8243; img_size=&#8221;full&#8221; alignment=&#8221;center&#8221; style=&#8221;vc_box_rounded&#8221;][\/vc_column][vc_column width=&#8221;1\/4&#8243;][vc_column_text]<\/p>\n<h3 style=\"text-align: center\">Filip Carlsson<\/h3>\n<p style=\"text-align: center\"><em><strong>\u00c5rets Hall\u00e4ndska 4Hare 2021<\/strong><\/em><\/p>\n<p>[\/vc_column_text][vc_single_image img_size=&#8221;full&#8221; alignment=&#8221;center&#8221; style=&#8221;vc_box_rounded&#8221;][\/vc_column][\/vc_row][vc_row][vc_column width=&#8221;1\/4&#8243;][vc_column_text]<\/p>\n<h3 style=\"text-align: center\">Daniel Sj\u00f6berg<\/h3>\n<p style=\"text-align: center\"><em><strong>\u00c5rets Hall\u00e4ndska 4Hare 2020<\/strong><\/em><\/p>\n<p>[\/vc_column_text][vc_single_image image=&#8221;2248&#8243; img_size=&#8221;full&#8221; alignment=&#8221;center&#8221; style=&#8221;vc_box_rounded&#8221;][\/vc_column][vc_column width=&#8221;1\/4&#8243;][vc_column_text]<\/p>\n<h3 style=\"text-align: center\">Ronja Palmblad<\/h3>\n<p style=\"text-align: center\"><em><strong>\u00c5rets Hall\u00e4ndska 4Hare 2019<\/strong><\/em><\/p>\n<p>[\/vc_column_text][vc_single_image image=&#8221;2247&#8243; img_size=&#8221;full&#8221; alignment=&#8221;center&#8221; style=&#8221;vc_box_rounded&#8221;][\/vc_column][vc_column width=&#8221;1\/4&#8243;][vc_column_text]<\/p>\n<h3 style=\"text-align: center\">Hampus Brink<\/h3>\n<p style=\"text-align: center\"><em><strong>\u00c5rets Hall\u00e4ndska 4Hare 2018<\/strong><\/em><\/p>\n<p>[\/vc_column_text][vc_single_image image=&#8221;2245&#8243; img_size=&#8221;full&#8221; alignment=&#8221;center&#8221; style=&#8221;vc_box_rounded&#8221;][\/vc_column][vc_column width=&#8221;1\/4&#8243;][vc_column_text]<\/p>\n<h3 style=\"text-align: center\">Oliver Brink<\/h3>\n<p style=\"text-align: center\"><em><strong>\u00c5rets Hall\u00e4ndska 4Hare 2017<\/strong><\/em><\/p>\n<p>[\/vc_column_text][vc_single_image image=&#8221;2246&#8243; img_size=&#8221;full&#8221; alignment=&#8221;center&#8221; style=&#8221;vc_box_rounded&#8221;][\/vc_column][\/vc_row][vc_row][vc_column width=&#8221;1\/4&#8243;][vc_column_text]<\/p>\n<h3 style=\"text-align: center\">Viktoria Sj\u00f6gren &amp; Jenny J\u00f6nsson<\/h3>\n<p style=\"text-align: center\"><em><strong>\u00c5rets Hall\u00e4ndska 4Hare 2016<\/strong><\/em><\/p>\n<p>[\/vc_column_text][vc_single_image image=&#8221;2249&#8243; img_size=&#8221;full&#8221; alignment=&#8221;center&#8221; style=&#8221;vc_box_rounded&#8221;][\/vc_column][vc_column width=&#8221;1\/4&#8243;][vc_empty_space height=&#8221;28px&#8221;][vc_column_text]<\/p>\n<h3 style=\"text-align: center\">Paulina Nilsson<\/h3>\n<p style=\"text-align: center\"><em><strong>\u00c5rets Hall\u00e4ndska 4Hare 2015<\/strong><\/em><\/p>\n<p>[\/vc_column_text][vc_single_image image=&#8221;2255&#8243; img_size=&#8221;full&#8221; alignment=&#8221;center&#8221; style=&#8221;vc_box_rounded&#8221;][\/vc_column][vc_column width=&#8221;1\/4&#8243;][vc_empty_space height=&#8221;28&#8243;][vc_column_text]<\/p>\n<h3 style=\"text-align: center\">Anna Davidsson<\/h3>\n<p style=\"text-align: center\"><em><strong>\u00c5rets Hall\u00e4ndska 4Hare 2014<\/strong><\/em><\/p>\n<p>[\/vc_column_text][vc_single_image image=&#8221;2250&#8243; img_size=&#8221;full&#8221; alignment=&#8221;center&#8221; style=&#8221;vc_box_rounded&#8221;][\/vc_column][vc_column width=&#8221;1\/4&#8243;][vc_empty_space height=&#8221;28&#8243;][vc_column_text]<\/p>\n<h3 style=\"text-align: center\">Carl Holm\u00e9n<\/h3>\n<p style=\"text-align: center\"><em><strong>\u00c5rets Hall\u00e4ndska 4Hare 2013<\/strong><\/em><\/p>\n<p>[\/vc_column_text][vc_single_image image=&#8221;2252&#8243; img_size=&#8221;full&#8221; alignment=&#8221;center&#8221; style=&#8221;vc_box_rounded&#8221;][\/vc_column][\/vc_row][vc_row][vc_column width=&#8221;1\/4&#8243;][\/vc_column][vc_column width=&#8221;1\/2&#8243;][vc_column_text]<\/p>\n<h3 style=\"text-align: left\"><span style=\"color: #000000\">Tidigare Mottagare av Utm\u00e4rkelsen<\/span><\/h3>\n<h4><strong>\u00c5r, Pristagare, 4H-klubb<\/strong><\/h4>\n<p>2022, Ellen Svensson, Sibbarp<\/p>\n<p>2021, Filip Carlsson, Sibbarp<\/p>\n<p>2020, Daniel Sj\u00f6berg, Tr\u00e4sl\u00f6v<\/p>\n<p>2019, Ronja Palmblad, Falkenberg<\/p>\n<p>2018, Hampus Brink ,Valinge<\/p>\n<p>2017, Oliver Brink, Valinge<\/p>\n<p>2016, Jenny J\u00f6nsson, Hunnestad &amp; Viktoria Sj\u00f6gren, St\u00e4ttared<\/p>\n<p>2015, Paulina Nilsson, Hunnestad<\/p>\n<p>2014, Anna Davidsson, K\u00e4llsj\u00f6<\/p>\n<p>2013, Carl Holm\u00e9n, Lerb\u00e4ck<\/p>\n<p>2012, Lisa Gottfridsson, Ysby<\/p>\n<p>2011, Isabella Andersson, K\u00e4llsj\u00f6<\/p>\n<p>2010, Sofia Andersson, Valinge<\/p>\n<p>2009, Daniel Otterdahl, Valinge<\/p>\n<p>2008, Linda Johansson, Veddige<\/p>\n<p>2007, Tobias Nilsson, St\u00e4ttared<\/p>\n<p>2006, Helena Otterdahl, Valinge<\/p>\n<p>2005, Anders Claesson, G\u00f6destad &amp; Martin Oskarsson, Tofta<\/p>\n<p>2004, Henric Nilsson, Grimeton<\/p>\n<p>2003, Susanne Johnsson, G\u00f6destad<\/p>\n<p>2002, Kerstin Andersson, K\u00e4llsj\u00f6<\/p>\n<p>2001, Johanna Blidevik, Idala<\/p>\n<p>2000, Anna-Lena Nilsson, Hunnestad &amp; Line Nilsson, Breared<\/p>\n<p>1999, Niclas Gunnarsson, Sn\u00f6storp<\/p>\n<p>1998, Mari Svensson, R\u00e4nnesl\u00f6v<\/p>\n<p>1997, Britt Ragnarsson, G\u00e4llinge<\/p>\n<p>1996, Henric Nilsson, Grimeton<\/p>\n<p>1995, Dan Thun, Haverdal<\/p>\n<p>1994, Mikael Karlsson, Tv\u00e5\u00e5ker<\/p>\n<p>1993, Catarina Voss, Ljungby &amp; Thomas \u00c5kesson, Tv\u00e5\u00e5ker<\/p>\n<p>1992, Dan Engberg, Okome\/K\u00f6inge &amp; Anders Parmbro, Asige<\/p>\n<p>1991, Per-Erik Ejnarsson, Sn\u00f6storp<\/p>\n<p>1990, Maria Larsson, Okome \/ K\u00f6inge 4H<\/p>\n<p>1989, 4H-g\u00e5rdsgruppen best\u00e5ende av Lars Svensson, Ann-Louise Bengtsson, Katarina Nilsson, Sven-Arne Bengtsson, Patric Lindeberg , Anna-Lena Johnsson[\/vc_column_text][\/vc_column][vc_column width=&#8221;1\/4&#8243;][\/vc_column][\/vc_row][vc_row][vc_column][vc_single_image image=&#8221;2174&#8243; img_size=&#8221;2000&#215;250&#8243; alignment=&#8221;center&#8221; style=&#8221;vc_box_rounded&#8221;][\/vc_column][\/vc_row][vc_row][vc_column width=&#8221;1\/4&#8243;][\/vc_column][vc_column width=&#8221;1\/2&#8243;][vc_column_text]<div class=\"frm_forms  with_frm_style frm_style_formidable-style\" id=\"frm_form_78_container\" >\n<form enctype=\"multipart\/form-data\" method=\"post\" class=\"frm-show-form \" id=\"form_lbhrl\" >\n<div class=\"frm_form_fields \">\n<fieldset>\n<legend class=\"frm_hidden\">Utveckla v\u00e5r hemsida! <\/legend>\r\n<h3 class=\"frm_form_title\">Utveckla v\u00e5r hemsida! <\/h3>\r\n<div class=\"frm_fields_container\">\n<input type=\"hidden\" name=\"frm_action\" value=\"create\" \/>\n<input type=\"hidden\" name=\"form_id\" value=\"78\" \/>\n<input type=\"hidden\" name=\"frm_hide_fields_78\" id=\"frm_hide_fields_78\" value=\"\" \/>\n<input type=\"hidden\" name=\"form_key\" value=\"lbhrl\" \/>\n<input type=\"hidden\" name=\"item_meta[0]\" value=\"\" \/>\n<input type=\"hidden\" id=\"frm_submit_entry_78\" name=\"frm_submit_entry_78\" value=\"9b23919162\" \/><input type=\"hidden\" name=\"_wp_http_referer\" value=\"\/halland\/wp-json\/wp\/v2\/pages\/1481\" \/><div id=\"frm_field_709_container\" class=\"frm_form_field form-field  frm_top_container vertical_radio\">\r\n    <label class=\"frm_primary_label\">Vad tycker du om denna sidan?\r\n        <span class=\"frm_required\"><\/span>\r\n    <\/label>\r\n    <div class=\"frm_opt_container\">\t\t<div class=\"frm_radio\" id=\"frm_radio_709-0\">\t\t\t<label  for=\"field_vltn6-0\">\n\t\t\t\t\t<input type=\"radio\" name=\"item_meta[709]\" id=\"field_vltn6-0\" value=\"Superbra!\"\n\t\t data-invmsg=\"Vad tycker du om denna sidan? \u00e4r ogiltigt\"   \/> Superbra!<\/label><\/div>\n\t\t<div class=\"frm_radio\" id=\"frm_radio_709-1\">\t\t\t<label  for=\"field_vltn6-1\">\n\t\t\t\t\t<input type=\"radio\" name=\"item_meta[709]\" id=\"field_vltn6-1\" value=\"Bra!\"\n\t\t data-invmsg=\"Vad tycker du om denna sidan? \u00e4r ogiltigt\"   \/> Bra!<\/label><\/div>\n\t\t<div class=\"frm_radio\" id=\"frm_radio_709-2\">\t\t\t<label  for=\"field_vltn6-2\">\n\t\t\t\t\t<input type=\"radio\" name=\"item_meta[709]\" id=\"field_vltn6-2\" value=\"Varken bra eller d\u00e5lig.\"\n\t\t data-invmsg=\"Vad tycker du om denna sidan? \u00e4r ogiltigt\"   \/> Varken bra eller d\u00e5lig.<\/label><\/div>\n\t\t<div class=\"frm_radio\" id=\"frm_radio_709-3\">\t\t\t<label  for=\"field_vltn6-3\">\n\t\t\t\t\t<input type=\"radio\" name=\"item_meta[709]\" id=\"field_vltn6-3\" value=\"D\u00e5lig!\"\n\t\t data-invmsg=\"Vad tycker du om denna sidan? \u00e4r ogiltigt\"   \/> D\u00e5lig!<\/label><\/div>\n\t\t<div class=\"frm_radio\" id=\"frm_radio_709-4\">\t\t\t<label  for=\"field_vltn6-4\">\n\t\t\t\t\t<input type=\"radio\" name=\"item_meta[709]\" id=\"field_vltn6-4\" value=\"Superd\u00e5lig!\"\n\t\t data-invmsg=\"Vad tycker du om denna sidan? \u00e4r ogiltigt\"   \/> Superd\u00e5lig!<\/label><\/div>\n<\/div>\r\n    \r\n    \r\n<\/div>\n<div id=\"frm_field_711_container\" class=\"frm_form_field form-field  frm_top_container\">\r\n    <label for=\"field_8xc4b\" class=\"frm_primary_label\">Vad kan bli b\u00e4ttre p\u00e5 denna sidan?\r\n        <span class=\"frm_required\"><\/span>\r\n    <\/label>\r\n    <textarea name=\"item_meta[711]\" id=\"field_8xc4b\" rows=\"5\"  data-invmsg=\"Vad kan bli b\u00e4ttre p\u00e5 denna sidan? \u00e4r ogiltigt\" aria-invalid=\"false\"  ><\/textarea>\r\n    \r\n    \r\n<\/div>\n<div id=\"frm_field_743_container\" class=\"frm_form_field form-field  frm_top_container\">\r\n    <label for=\"field_7ty40\" class=\"frm_primary_label\">Vilken information letar du efter just nu p\u00e5 hemsidan?\r\n        <span class=\"frm_required\"><\/span>\r\n    <\/label>\r\n    <input type=\"text\" id=\"field_7ty40\" name=\"item_meta[743]\" value=\"\"  data-invmsg=\"Vilken information letar du efter just nu p\u00e5 hemsidan? \u00e4r ogiltigt\" aria-invalid=\"false\"  \/>\r\n    \r\n    \r\n<\/div>\n<div id=\"frm_field_712_container\" class=\"frm_form_field form-field  frm_required_field frm_top_container vertical_radio\">\r\n    <label class=\"frm_primary_label\">Jag \u00e4r inte en robot\r\n        <span class=\"frm_required\">*<\/span>\r\n    <\/label>\r\n    <div class=\"frm_opt_container\">\t\t<div class=\"frm_checkbox\" id=\"frm_checkbox_712-0\">\t\t\t<label  for=\"field_unh5q-0\">\n\t\t\t<input type=\"checkbox\" name=\"item_meta[712][]\" id=\"field_unh5q-0\" value=\"Jag \u00e4r en livslevande person\"  data-reqmsg=\"Detta f\u00e4lt kan inte vara tomt.\" data-invmsg=\"Jag \u00e4r inte en robot \u00e4r ogiltigt\"   aria-required=\"true\"  \/> Jag \u00e4r en livslevande person<\/label><\/div>\n<\/div>\r\n    \r\n    \r\n<\/div>\n<div id=\"frm_field_827_container\" class=\"frm_form_field form-field  frm_none_container\">\r\n\t<label for=\"g-recaptcha-response\" id=\"field_bdf4x_label\" class=\"frm_primary_label\">Captcha\r\n\t\t<span class=\"frm_required\" aria-hidden=\"true\"><\/span>\r\n\t<\/label>\r\n\t\r\n\t\r\n\t\r\n<\/div>\n<div id=\"frm_field_826_container\" class=\"frm_form_field form-field \">\r\n\t<div class=\"frm_submit\">\r\n\r\n<button class=\"frm_button_submit\" type=\"submit\" >Skicka<\/button>\r\n\r\n<\/div>\r\n<\/div>\n\t<input type=\"hidden\" name=\"item_key\" value=\"\" \/>\n\t\t\t<div id=\"frm_field_918_container\">\n\t\t\t<label for=\"field_ul70z\" >\n\t\t\t\tOm du \u00e4r m\u00e4nsklig, l\u00e4mna det h\u00e4r f\u00e4ltet tomt.\t\t\t<\/label>\n\t\t\t<input  id=\"field_ul70z\" type=\"text\" class=\"frm_form_field form-field frm_verify\" name=\"item_meta[918]\" value=\"\"  \/>\n\t\t<\/div>\n\t\t<input name=\"frm_state\" type=\"hidden\" value=\"1p9\/G6d4WQueJYjPsLVvrZ7zVss4u8Xp0ijNxJ5EfLA=\" \/><\/div>\n<\/fieldset>\n<\/div>\n\n<\/form>\n<\/div>\n<p>&nbsp;<\/p>\n<p><a href=\"https:\/\/www.4h.se\/halland\/wp-content\/uploads\/sites\/69\/2015\/01\/L\u00e4ra-genom-att-g\u00f6ra.png\"><img loading=\"lazy\" decoding=\"async\" class=\"aligncenter size-full wp-image-2017\" src=\"https:\/\/www.4h.se\/halland\/wp-content\/uploads\/sites\/69\/2015\/01\/L\u00e4ra-genom-att-g\u00f6ra.png\" alt=\"L\u00e4ra genom att g\u00f6ra\" width=\"1213\" height=\"165\" srcset=\"https:\/\/www.4h.se\/halland\/wp-content\/uploads\/sites\/69\/2015\/01\/L\u00e4ra-genom-att-g\u00f6ra.png 1213w, https:\/\/www.4h.se\/halland\/wp-content\/uploads\/sites\/69\/2015\/01\/L\u00e4ra-genom-att-g\u00f6ra-170x23.png 170w, https:\/\/www.4h.se\/halland\/wp-content\/uploads\/sites\/69\/2015\/01\/L\u00e4ra-genom-att-g\u00f6ra-470x64.png 470w, https:\/\/www.4h.se\/halland\/wp-content\/uploads\/sites\/69\/2015\/01\/L\u00e4ra-genom-att-g\u00f6ra-970x132.png 970w\" sizes=\"auto, (max-width: 1213px) 100vw, 1213px\" \/><\/a>[\/vc_column_text][\/vc_column][vc_column width=&#8221;1\/4&#8243;][\/vc_column][\/vc_row]<\/p>\n<\/div>","protected":false},"excerpt":{"rendered":"<p>[vc_row][vc_column][vc_single_image image=&#8221;894&#8243; img_size=&#8221;2000&#215;500&#8243; alignment=&#8221;center&#8221; style=&#8221;vc_box_rounded&#8221;][\/vc_column][\/vc_row][vc_row][vc_column width=&#8221;1\/2&#8243;][vc_column_text] \u00c5rets Hall\u00e4ndska 4Hare \u00c5rets Hall\u00e4ndska 4H:are \u00e4r ett av Hallands 4H:s mest prestigefyllda utm\u00e4rkelser. Den delas ut en g\u00e5ng om \u00e5ret till n\u00e5gon som har gjort en s\u00e4rskild insats f\u00f6r Hallands 4H. Utm\u00e4rkelsen g\u00e5r till\u00a0Hall\u00e4ndska 4H.are som har engagerat sig och gjort n\u00e5got bra inom Hallands 4H.\u00a0I Hallands 4H&nbsp; <a href=\"https:\/\/www.4h.se\/halland\/arets-hallandska-4hare\/\">&hellip; Read more <i class=\"glyphicon glyphicon-arrow-right\"><\/i><\/a><\/p>\n","protected":false},"author":72,"featured_media":0,"parent":0,"menu_order":90,"comment_status":"closed","ping_status":"closed","template":"","meta":{"_acf_changed":false,"footnotes":""},"class_list":["post-1481","page","type-page","status-publish","hentry"],"acf":[],"yoast_head":"<!-- This site is optimized with the Yoast SEO plugin v27.5 - https:\/\/yoast.com\/product\/yoast-seo-wordpress\/ -->\n<title>\u00c5rets Hall\u00e4ndska 4H:are - 4H i Halland<\/title>\n<meta name=\"description\" content=\"Nominera till \u00c5rets Hall\u00e4ndska 4H:are!\" \/>\n<meta name=\"robots\" content=\"index, follow, max-snippet:-1, max-image-preview:large, max-video-preview:-1\" \/>\n<link rel=\"canonical\" href=\"https:\/\/www.4h.se\/halland\/arets-hallandska-4hare\/\" \/>\n<meta property=\"og:locale\" content=\"sv_SE\" \/>\n<meta property=\"og:type\" content=\"article\" \/>\n<meta property=\"og:title\" content=\"\u00c5rets Hall\u00e4ndska 4H:are - 4H i Halland\" \/>\n<meta property=\"og:description\" content=\"Nominera till \u00c5rets Hall\u00e4ndska 4H:are!\" \/>\n<meta property=\"og:url\" content=\"https:\/\/www.4h.se\/halland\/arets-hallandska-4hare\/\" \/>\n<meta property=\"og:site_name\" content=\"4H i Halland\" \/>\n<meta property=\"article:publisher\" content=\"https:\/\/www.facebook.com\/hallands4h\/\" \/>\n<meta property=\"article:modified_time\" content=\"2025-10-23T11:35:33+00:00\" \/>\n<meta name=\"twitter:card\" content=\"summary_large_image\" \/>\n<meta name=\"twitter:site\" content=\"@Hallands4H\" \/>\n<meta name=\"twitter:label1\" content=\"Ber\u00e4knad l\u00e4stid\" \/>\n\t<meta name=\"twitter:data1\" content=\"4 minuter\" \/>\n<script type=\"application\/ld+json\" class=\"yoast-schema-graph\">{\"@context\":\"https:\\\/\\\/schema.org\",\"@graph\":[{\"@type\":\"WebPage\",\"@id\":\"https:\\\/\\\/www.4h.se\\\/halland\\\/arets-hallandska-4hare\\\/\",\"url\":\"https:\\\/\\\/www.4h.se\\\/halland\\\/arets-hallandska-4hare\\\/\",\"name\":\"\u00c5rets Hall\u00e4ndska 4H:are - 4H i Halland\",\"isPartOf\":{\"@id\":\"https:\\\/\\\/www.4h.se\\\/halland\\\/#website\"},\"datePublished\":\"2019-11-14T09:41:55+00:00\",\"dateModified\":\"2025-10-23T11:35:33+00:00\",\"description\":\"Nominera till \u00c5rets Hall\u00e4ndska 4H:are!\",\"breadcrumb\":{\"@id\":\"https:\\\/\\\/www.4h.se\\\/halland\\\/arets-hallandska-4hare\\\/#breadcrumb\"},\"inLanguage\":\"sv-SE\",\"potentialAction\":[{\"@type\":\"ReadAction\",\"target\":[\"https:\\\/\\\/www.4h.se\\\/halland\\\/arets-hallandska-4hare\\\/\"]}]},{\"@type\":\"BreadcrumbList\",\"@id\":\"https:\\\/\\\/www.4h.se\\\/halland\\\/arets-hallandska-4hare\\\/#breadcrumb\",\"itemListElement\":[{\"@type\":\"ListItem\",\"position\":1,\"name\":\"Hem\",\"item\":\"https:\\\/\\\/www.4h.se\\\/halland\\\/\"},{\"@type\":\"ListItem\",\"position\":2,\"name\":\"\u00c5rets Hall\u00e4ndska 4H:are\"}]},{\"@type\":\"WebSite\",\"@id\":\"https:\\\/\\\/www.4h.se\\\/halland\\\/#website\",\"url\":\"https:\\\/\\\/www.4h.se\\\/halland\\\/\",\"name\":\"4H i Halland\",\"description\":\"Av unga f\u00f6r unga\",\"potentialAction\":[{\"@type\":\"SearchAction\",\"target\":{\"@type\":\"EntryPoint\",\"urlTemplate\":\"https:\\\/\\\/www.4h.se\\\/halland\\\/?s={search_term_string}\"},\"query-input\":{\"@type\":\"PropertyValueSpecification\",\"valueRequired\":true,\"valueName\":\"search_term_string\"}}],\"inLanguage\":\"sv-SE\"}]}<\/script>\n<!-- \/ Yoast SEO plugin. -->","yoast_head_json":{"title":"\u00c5rets Hall\u00e4ndska 4H:are - 4H i Halland","description":"Nominera till \u00c5rets Hall\u00e4ndska 4H:are!","robots":{"index":"index","follow":"follow","max-snippet":"max-snippet:-1","max-image-preview":"max-image-preview:large","max-video-preview":"max-video-preview:-1"},"canonical":"https:\/\/www.4h.se\/halland\/arets-hallandska-4hare\/","og_locale":"sv_SE","og_type":"article","og_title":"\u00c5rets Hall\u00e4ndska 4H:are - 4H i Halland","og_description":"Nominera till \u00c5rets Hall\u00e4ndska 4H:are!","og_url":"https:\/\/www.4h.se\/halland\/arets-hallandska-4hare\/","og_site_name":"4H i Halland","article_publisher":"https:\/\/www.facebook.com\/hallands4h\/","article_modified_time":"2025-10-23T11:35:33+00:00","twitter_card":"summary_large_image","twitter_site":"@Hallands4H","twitter_misc":{"Ber\u00e4knad l\u00e4stid":"4 minuter"},"schema":{"@context":"https:\/\/schema.org","@graph":[{"@type":"WebPage","@id":"https:\/\/www.4h.se\/halland\/arets-hallandska-4hare\/","url":"https:\/\/www.4h.se\/halland\/arets-hallandska-4hare\/","name":"\u00c5rets Hall\u00e4ndska 4H:are - 4H i Halland","isPartOf":{"@id":"https:\/\/www.4h.se\/halland\/#website"},"datePublished":"2019-11-14T09:41:55+00:00","dateModified":"2025-10-23T11:35:33+00:00","description":"Nominera till \u00c5rets Hall\u00e4ndska 4H:are!","breadcrumb":{"@id":"https:\/\/www.4h.se\/halland\/arets-hallandska-4hare\/#breadcrumb"},"inLanguage":"sv-SE","potentialAction":[{"@type":"ReadAction","target":["https:\/\/www.4h.se\/halland\/arets-hallandska-4hare\/"]}]},{"@type":"BreadcrumbList","@id":"https:\/\/www.4h.se\/halland\/arets-hallandska-4hare\/#breadcrumb","itemListElement":[{"@type":"ListItem","position":1,"name":"Hem","item":"https:\/\/www.4h.se\/halland\/"},{"@type":"ListItem","position":2,"name":"\u00c5rets Hall\u00e4ndska 4H:are"}]},{"@type":"WebSite","@id":"https:\/\/www.4h.se\/halland\/#website","url":"https:\/\/www.4h.se\/halland\/","name":"4H i Halland","description":"Av unga f\u00f6r unga","potentialAction":[{"@type":"SearchAction","target":{"@type":"EntryPoint","urlTemplate":"https:\/\/www.4h.se\/halland\/?s={search_term_string}"},"query-input":{"@type":"PropertyValueSpecification","valueRequired":true,"valueName":"search_term_string"}}],"inLanguage":"sv-SE"}]}},"_links":{"self":[{"href":"https:\/\/www.4h.se\/halland\/wp-json\/wp\/v2\/pages\/1481","targetHints":{"allow":["GET"]}}],"collection":[{"href":"https:\/\/www.4h.se\/halland\/wp-json\/wp\/v2\/pages"}],"about":[{"href":"https:\/\/www.4h.se\/halland\/wp-json\/wp\/v2\/types\/page"}],"author":[{"embeddable":true,"href":"https:\/\/www.4h.se\/halland\/wp-json\/wp\/v2\/users\/72"}],"replies":[{"embeddable":true,"href":"https:\/\/www.4h.se\/halland\/wp-json\/wp\/v2\/comments?post=1481"}],"version-history":[{"count":0,"href":"https:\/\/www.4h.se\/halland\/wp-json\/wp\/v2\/pages\/1481\/revisions"}],"wp:attachment":[{"href":"https:\/\/www.4h.se\/halland\/wp-json\/wp\/v2\/media?parent=1481"}],"curies":[{"name":"wp","href":"https:\/\/api.w.org\/{rel}","templated":true}]}}