



{"id":914,"date":"2022-01-25T08:49:48","date_gmt":"2022-01-25T07:49:48","guid":{"rendered":"https:\/\/www.4h.se\/hagelby\/?page_id=914"},"modified":"2024-04-04T07:18:32","modified_gmt":"2024-04-04T05:18:32","slug":"914-2","status":"publish","type":"page","link":"https:\/\/www.4h.se\/hagelby\/914-2\/","title":{"rendered":"En l\u00e4gerdag"},"content":{"rendered":"<div class=\"wpb-content-wrapper\"><p>[vc_row full_width=&#8221;stretch_row&#8221; css=&#8221;.vc_custom_1708004018512{background-color: #008b44 !important;}&#8221;][vc_column][vc_row_inner css=&#8221;.vc_custom_1647596696326{margin-bottom: -100px !important;background-color: #ffffff !important;border-radius: 15px !important;}&#8221;][vc_column_inner][vc_column_text css=&#8221;.vc_custom_1647252912006{background-color: #ffffff !important;border-radius: 15px !important;}&#8221;]<\/p>\n<h2 style=\"text-align: center\">S\u00e5 h\u00e4r kan en l\u00e4gerdag p\u00e5 H\u00e5gelby 4H se ut<\/h2>\n<p>[\/vc_column_text][vc_separator color=&#8221;custom&#8221; style=&#8221;dotted&#8221; border_width=&#8221;5&#8243; accent_color=&#8221;#008b45&#8243;][\/vc_column_inner][\/vc_row_inner][vc_row_inner css=&#8221;.vc_custom_1647252894843{margin-top: 30px !important;margin-bottom: 30px !important;background-color: #ffffff !important;border-radius: 15px !important;}&#8221;][vc_column_inner width=&#8221;1\/4&#8243;][vc_single_image image=&#8221;920&#8243; img_size=&#8221;full&#8221;][vc_column_text]<\/p>\n<h4>Morgonsamling f\u00f6rsta dagen:<\/h4>\n<p>P\u00e5 morgonen samlas vi i v\u00e5ra grupper, som \u00e4r uppdelade efter f\u00e4rg. Vilken f\u00e4rg ni har meddelar vi p\u00e5 mail ca en vecka innan. Vi har tv\u00e5 till fyra l\u00e4gergrupper varje vecka, med ca 11 barn i varje grupp.<\/p>\n<p>Ni samlas\u00a0med er l\u00e4gerpersonal som kryssar av er p\u00e5 sin lista. F\u00f6rsta dagen kollar hon s\u00e5 att telefonnummer till f\u00f6r\u00e4lder\/vuxen ansvarig och eventuella allergier st\u00e4mmer.<\/p>\n<p>N\u00e4r alla deltagare \u00e4r p\u00e5 plats \u00e4r vi redo att b\u00f6rja och s\u00e4ger hejd\u00e5 till alla f\u00f6r\u00e4ldrar.\u00a0F\u00f6rsta dagen b\u00f6rjar\u00a0vi med namnlekar och g\u00e5r sedan f\u00f6r att l\u00e4mna ryggs\u00e4ckar i en av v\u00e5ra lokaler. Sedan tar vi tillsammans en runda runt g\u00e5rden f\u00f6r att se vart alla djur bor och s\u00e4ga hej till dem, och \u00e4ven se vart toaletterna finns och vart \u00e5tersamlingsplatsen \u00e4r.[\/vc_column_text][\/vc_column_inner][vc_column_inner width=&#8221;1\/4&#8243;][vc_single_image image=&#8221;923&#8243; img_size=&#8221;full&#8221;][vc_column_text]<\/p>\n<h4>F\u00f6rmiddag p\u00e5 l\u00e4gret<\/h4>\n<p>Vi b\u00f6rjar alltid med morgonsamling och avprickning av alla deltagare, sen \u00e4r det dags f\u00f6r dagen att dra ig\u00e5ng. Det ser lite olika ut f\u00f6r alla grupper, men s\u00e5 h\u00e4r kan en dag p\u00e5 v\u00e5rt Djursk\u00f6tarl\u00e4ger se ut. P\u00e5 f\u00f6rmiddagen\u00a0kommer ni b\u00f6rja med att ta p\u00e5 halsband p\u00e5 v\u00e5ra f\u00e5r som ni leder ut till hagen. D\u00e4r kommer de g\u00e5 hela dagen tills det \u00e4r dags att avsluta l\u00e4gret.<\/p>\n<p>Efter att f\u00e5ren f\u00e5tt komma ut \u00e4r det dags f\u00f6r er att ta hand om stallet, h\u00e4r ska det b\u00e5de mockas, sopas och ordnas med vatten till alla djuren. N\u00e4r stallet \u00e4r klart hinner vi med lite extra djurmys och g\u00e5r ut till f\u00e5ren en liten stund. Vid ca kl. 10.45 \u00e4r det dags f\u00f6r handtv\u00e4tt och lunch.\u00a0S\u00e5 l\u00e4ngre v\u00e4dret till\u00e5ter \u00e4ter vi ute, \u00e5ret om. H\u00e4r m\u00f6ter ni v\u00e5ra tv\u00e5 lunchvakter som \u00e4r med alla grupper under lunchen.<\/p>\n<p>N\u00e4r lunchen \u00e4r upp\u00e4ten packar vi ihop den\u00a0och har nu ett tag att leka, spela spel eller h\u00e4nga med kompisar i gruppen. Efter\u00a0att ni haft timmes lunchrast kommer er l\u00e4gerpersonal och \u00e4r redo f\u00f6r att b\u00f6rja eftermiddagens aktiviteter. Ofta avslutar vi lunchrasten med att g\u00f6ra n\u00e5gon lek tillsammans eller med en namnlek.[\/vc_column_text][\/vc_column_inner][vc_column_inner width=&#8221;1\/4&#8243;][vc_single_image image=&#8221;922&#8243; img_size=&#8221;full&#8221;][vc_column_text]<\/p>\n<h4>Eftermiddag p\u00e5 l\u00e4gret<\/h4>\n<p>Efter att ha avslutat lunchrasten med att tv\u00e4tta h\u00e4nderna \u00e4r det dags f\u00f6r eftermiddagens aktiviteter. H\u00e4r har vi m\u00e5nga roliga aktiviteter p\u00e5 schemat, exempelvis kan vi planerat gethoppning och getk\u00f6rkort. Vi b\u00f6rjar med att h\u00e4mta halsband, koppel och borstar till getterna.<\/p>\n<p>Medans\u00a0ni myser lite med getterna ber\u00e4ttar l\u00e4gerpersonalen mer om getter och alla f\u00e5r bevisa vad\u00a0ni l\u00e4rt sig genom att ta sitt Getk\u00f6rkort som kommer med hem. Sen tar vi med getterna\u00a0ut ur hagen och h\u00e4mtar v\u00e5ra gethinder. Alla f\u00e5r prova p\u00e5 att hoppa med getterna (det \u00e4r lite som agility med en hund) &#8211; vissa getter tycker om att hoppa medans andra bara till ta det lugnt.<\/p>\n<p>Efter getpromenaden bes\u00f6ker vi v\u00e5r lada och provar p\u00e5 hantverk. H\u00e4r f\u00e5r ni testa att karda och tova ull fr\u00e5n v\u00e5ra f\u00e5r. Vi brukar g\u00f6ra bollar som kan klippas upp till en pack-man eller till en tulpan &#8211; den f\u00e5r du med dig hem igen.<\/p>\n<p>Nu brukar det redan vara dags f\u00f6r mellis s\u00e5 vi g\u00e5r och tv\u00e4ttar h\u00e4nderna och g\u00e5r sedan till grillarna d\u00e4r korv med br\u00f6d finns redo f\u00f6r oss. Ibland blir det \u00e4ven mackor till mellis, och ofta kan vi ta en utflykt s\u00e5 vi f\u00e5r uppt\u00e4cka nya platser och ha en mysig mellis stund i skogen. Vi brukar passa p\u00e5 att leka n\u00e5gra lekar innan vi l\u00e4mnar mellisen.<\/p>\n<p>Innan det \u00e4r dags att avsluta f\u00f6r dagen g\u00e5r vi och h\u00e4mtar f\u00e5ren i hagen och tar med dem in till stallet d\u00e4r de ska f\u00e5 sova under natten. N\u00e4r alla h\u00e4mtat sina v\u00e4skor och kryssat av sig p\u00e5 listan s\u00e4ger vi hejd\u00e5 f\u00f6r idag![\/vc_column_text][\/vc_column_inner][vc_column_inner width=&#8221;1\/4&#8243;][vc_single_image image=&#8221;917&#8243; img_size=&#8221;full&#8221;][vc_column_text]<\/p>\n<h4>V\u00e5ra l\u00e4geraktiviteter<\/h4>\n<p>Det finns massor att g\u00f6ra p\u00e5 l\u00e4ger hos oss! H\u00e4r hittar ni exempel p\u00e5 n\u00e5gra av de aktiviteter vi brukar g\u00f6ra.<\/p>\n<p>&#8211; Gethoppning<\/p>\n<p>&#8211; K\u00f6rkort (kunskapsbevis) p\u00e5 n\u00e5got av g\u00e5rdens djur<\/p>\n<p>&#8211; F\u00e5r eller getpromenad<\/p>\n<p>&#8211; Mocka och g\u00f6ra fint i stallet<\/p>\n<p>&#8211; Ulltovning eller annat hantverk<\/p>\n<p>&#8211; Skogsutflykt<\/p>\n<p>&#8211; Odling<\/p>\n<p>&#8211; G\u00f6ra i ordning djurens mat<\/p>\n<p>&#8211; K\u00e4pph\u00e4sthoppning<\/p>\n<p>&#8211; H\u00f6nsmys<\/p>\n<p>&#8211; Mellisutflykt<\/p>\n<p>&#8211; Borsta h\u00e4star<\/p>\n<p>&#8211; Ponnyridning eller leda h\u00e4st<\/p>\n<p>&#8211; Ta ut kanin i koppel<\/p>\n<p>&#8211; Grismys[\/vc_column_text][\/vc_column_inner][\/vc_row_inner][\/vc_column][\/vc_row]<\/p>\n<\/div>","protected":false},"excerpt":{"rendered":"<p>[vc_row full_width=&#8221;stretch_row&#8221; css=&#8221;.vc_custom_1708004018512{background-color: #008b44 !important;}&#8221;][vc_column][vc_row_inner css=&#8221;.vc_custom_1647596696326{margin-bottom: -100px !important;background-color: #ffffff !important;border-radius: 15px !important;}&#8221;][vc_column_inner][vc_column_text css=&#8221;.vc_custom_1647252912006{background-color: #ffffff !important;border-radius: 15px !important;}&#8221;] S\u00e5 h\u00e4r kan en l\u00e4gerdag p\u00e5 H\u00e5gelby 4H se ut [\/vc_column_text][vc_separator color=&#8221;custom&#8221; style=&#8221;dotted&#8221; border_width=&#8221;5&#8243; accent_color=&#8221;#008b45&#8243;][\/vc_column_inner][\/vc_row_inner][vc_row_inner css=&#8221;.vc_custom_1647252894843{margin-top: 30px !important;margin-bottom: 30px !important;background-color: #ffffff !important;border-radius: 15px !important;}&#8221;][vc_column_inner width=&#8221;1\/4&#8243;][vc_single_image image=&#8221;920&#8243; img_size=&#8221;full&#8221;][vc_column_text] Morgonsamling f\u00f6rsta dagen: P\u00e5 morgonen samlas vi i v\u00e5ra grupper, som&nbsp; <a href=\"https:\/\/www.4h.se\/hagelby\/914-2\/\">&hellip; Read more <i class=\"glyphicon glyphicon-arrow-right\"><\/i><\/a><\/p>\n","protected":false},"author":147,"featured_media":0,"parent":0,"menu_order":9,"comment_status":"closed","ping_status":"closed","template":"","meta":{"footnotes":""},"class_list":["post-914","page","type-page","status-publish","hentry"],"yoast_head":"<!-- This site is optimized with the Yoast SEO plugin v27.4 - https:\/\/yoast.com\/product\/yoast-seo-wordpress\/ -->\n<title>En l\u00e4gerdag - H\u00e5gelby 4H-g\u00e5rd<\/title>\n<meta name=\"robots\" content=\"index, follow, max-snippet:-1, max-image-preview:large, max-video-preview:-1\" \/>\n<link rel=\"canonical\" href=\"https:\/\/www.4h.se\/hagelby\/914-2\/\" \/>\n<meta property=\"og:locale\" content=\"sv_SE\" \/>\n<meta property=\"og:type\" content=\"article\" \/>\n<meta property=\"og:title\" content=\"En l\u00e4gerdag - H\u00e5gelby 4H-g\u00e5rd\" \/>\n<meta property=\"og:description\" content=\"[vc_row full_width=&#8221;stretch_row&#8221; css=&#8221;.vc_custom_1708004018512{background-color: #008b44 !important;}&#8221;][vc_column][vc_row_inner css=&#8221;.vc_custom_1647596696326{margin-bottom: -100px !important;background-color: #ffffff !important;border-radius: 15px !important;}&#8221;][vc_column_inner][vc_column_text css=&#8221;.vc_custom_1647252912006{background-color: #ffffff !important;border-radius: 15px !important;}&#8221;] S\u00e5 h\u00e4r kan en l\u00e4gerdag p\u00e5 H\u00e5gelby 4H se ut [\/vc_column_text][vc_separator color=&#8221;custom&#8221; style=&#8221;dotted&#8221; border_width=&#8221;5&#8243; accent_color=&#8221;#008b45&#8243;][\/vc_column_inner][\/vc_row_inner][vc_row_inner css=&#8221;.vc_custom_1647252894843{margin-top: 30px !important;margin-bottom: 30px !important;background-color: #ffffff !important;border-radius: 15px !important;}&#8221;][vc_column_inner width=&#8221;1\/4&#8243;][vc_single_image image=&#8221;920&#8243; img_size=&#8221;full&#8221;][vc_column_text] Morgonsamling f\u00f6rsta dagen: P\u00e5 morgonen samlas vi i v\u00e5ra grupper, som&nbsp; &hellip; Read more\" \/>\n<meta property=\"og:url\" content=\"https:\/\/www.4h.se\/hagelby\/914-2\/\" \/>\n<meta property=\"og:site_name\" content=\"H\u00e5gelby 4H-g\u00e5rd\" \/>\n<meta property=\"article:modified_time\" content=\"2024-04-04T05:18:32+00:00\" \/>\n<meta name=\"twitter:card\" content=\"summary_large_image\" \/>\n<meta name=\"twitter:label1\" content=\"Ber\u00e4knad l\u00e4stid\" \/>\n\t<meta name=\"twitter:data1\" content=\"5 minuter\" \/>\n<script type=\"application\/ld+json\" class=\"yoast-schema-graph\">{\"@context\":\"https:\\\/\\\/schema.org\",\"@graph\":[{\"@type\":\"WebPage\",\"@id\":\"https:\\\/\\\/www.4h.se\\\/hagelby\\\/914-2\\\/\",\"url\":\"https:\\\/\\\/www.4h.se\\\/hagelby\\\/914-2\\\/\",\"name\":\"En l\u00e4gerdag - H\u00e5gelby 4H-g\u00e5rd\",\"isPartOf\":{\"@id\":\"https:\\\/\\\/www.4h.se\\\/hagelby\\\/#website\"},\"datePublished\":\"2022-01-25T07:49:48+00:00\",\"dateModified\":\"2024-04-04T05:18:32+00:00\",\"breadcrumb\":{\"@id\":\"https:\\\/\\\/www.4h.se\\\/hagelby\\\/914-2\\\/#breadcrumb\"},\"inLanguage\":\"sv-SE\",\"potentialAction\":[{\"@type\":\"ReadAction\",\"target\":[\"https:\\\/\\\/www.4h.se\\\/hagelby\\\/914-2\\\/\"]}]},{\"@type\":\"BreadcrumbList\",\"@id\":\"https:\\\/\\\/www.4h.se\\\/hagelby\\\/914-2\\\/#breadcrumb\",\"itemListElement\":[{\"@type\":\"ListItem\",\"position\":1,\"name\":\"Hem\",\"item\":\"https:\\\/\\\/www.4h.se\\\/hagelby\\\/\"},{\"@type\":\"ListItem\",\"position\":2,\"name\":\"En l\u00e4gerdag\"}]},{\"@type\":\"WebSite\",\"@id\":\"https:\\\/\\\/www.4h.se\\\/hagelby\\\/#website\",\"url\":\"https:\\\/\\\/www.4h.se\\\/hagelby\\\/\",\"name\":\"H\u00e5gelby 4H-g\u00e5rd\",\"description\":\"\",\"potentialAction\":[{\"@type\":\"SearchAction\",\"target\":{\"@type\":\"EntryPoint\",\"urlTemplate\":\"https:\\\/\\\/www.4h.se\\\/hagelby\\\/?s={search_term_string}\"},\"query-input\":{\"@type\":\"PropertyValueSpecification\",\"valueRequired\":true,\"valueName\":\"search_term_string\"}}],\"inLanguage\":\"sv-SE\"}]}<\/script>\n<!-- \/ Yoast SEO plugin. -->","yoast_head_json":{"title":"En l\u00e4gerdag - H\u00e5gelby 4H-g\u00e5rd","robots":{"index":"index","follow":"follow","max-snippet":"max-snippet:-1","max-image-preview":"max-image-preview:large","max-video-preview":"max-video-preview:-1"},"canonical":"https:\/\/www.4h.se\/hagelby\/914-2\/","og_locale":"sv_SE","og_type":"article","og_title":"En l\u00e4gerdag - H\u00e5gelby 4H-g\u00e5rd","og_description":"[vc_row full_width=&#8221;stretch_row&#8221; css=&#8221;.vc_custom_1708004018512{background-color: #008b44 !important;}&#8221;][vc_column][vc_row_inner css=&#8221;.vc_custom_1647596696326{margin-bottom: -100px !important;background-color: #ffffff !important;border-radius: 15px !important;}&#8221;][vc_column_inner][vc_column_text css=&#8221;.vc_custom_1647252912006{background-color: #ffffff !important;border-radius: 15px !important;}&#8221;] S\u00e5 h\u00e4r kan en l\u00e4gerdag p\u00e5 H\u00e5gelby 4H se ut [\/vc_column_text][vc_separator color=&#8221;custom&#8221; style=&#8221;dotted&#8221; border_width=&#8221;5&#8243; accent_color=&#8221;#008b45&#8243;][\/vc_column_inner][\/vc_row_inner][vc_row_inner css=&#8221;.vc_custom_1647252894843{margin-top: 30px !important;margin-bottom: 30px !important;background-color: #ffffff !important;border-radius: 15px !important;}&#8221;][vc_column_inner width=&#8221;1\/4&#8243;][vc_single_image image=&#8221;920&#8243; img_size=&#8221;full&#8221;][vc_column_text] Morgonsamling f\u00f6rsta dagen: P\u00e5 morgonen samlas vi i v\u00e5ra grupper, som&nbsp; &hellip; Read more","og_url":"https:\/\/www.4h.se\/hagelby\/914-2\/","og_site_name":"H\u00e5gelby 4H-g\u00e5rd","article_modified_time":"2024-04-04T05:18:32+00:00","twitter_card":"summary_large_image","twitter_misc":{"Ber\u00e4knad l\u00e4stid":"5 minuter"},"schema":{"@context":"https:\/\/schema.org","@graph":[{"@type":"WebPage","@id":"https:\/\/www.4h.se\/hagelby\/914-2\/","url":"https:\/\/www.4h.se\/hagelby\/914-2\/","name":"En l\u00e4gerdag - H\u00e5gelby 4H-g\u00e5rd","isPartOf":{"@id":"https:\/\/www.4h.se\/hagelby\/#website"},"datePublished":"2022-01-25T07:49:48+00:00","dateModified":"2024-04-04T05:18:32+00:00","breadcrumb":{"@id":"https:\/\/www.4h.se\/hagelby\/914-2\/#breadcrumb"},"inLanguage":"sv-SE","potentialAction":[{"@type":"ReadAction","target":["https:\/\/www.4h.se\/hagelby\/914-2\/"]}]},{"@type":"BreadcrumbList","@id":"https:\/\/www.4h.se\/hagelby\/914-2\/#breadcrumb","itemListElement":[{"@type":"ListItem","position":1,"name":"Hem","item":"https:\/\/www.4h.se\/hagelby\/"},{"@type":"ListItem","position":2,"name":"En l\u00e4gerdag"}]},{"@type":"WebSite","@id":"https:\/\/www.4h.se\/hagelby\/#website","url":"https:\/\/www.4h.se\/hagelby\/","name":"H\u00e5gelby 4H-g\u00e5rd","description":"","potentialAction":[{"@type":"SearchAction","target":{"@type":"EntryPoint","urlTemplate":"https:\/\/www.4h.se\/hagelby\/?s={search_term_string}"},"query-input":{"@type":"PropertyValueSpecification","valueRequired":true,"valueName":"search_term_string"}}],"inLanguage":"sv-SE"}]}},"_links":{"self":[{"href":"https:\/\/www.4h.se\/hagelby\/wp-json\/wp\/v2\/pages\/914","targetHints":{"allow":["GET"]}}],"collection":[{"href":"https:\/\/www.4h.se\/hagelby\/wp-json\/wp\/v2\/pages"}],"about":[{"href":"https:\/\/www.4h.se\/hagelby\/wp-json\/wp\/v2\/types\/page"}],"author":[{"embeddable":true,"href":"https:\/\/www.4h.se\/hagelby\/wp-json\/wp\/v2\/users\/147"}],"replies":[{"embeddable":true,"href":"https:\/\/www.4h.se\/hagelby\/wp-json\/wp\/v2\/comments?post=914"}],"version-history":[{"count":0,"href":"https:\/\/www.4h.se\/hagelby\/wp-json\/wp\/v2\/pages\/914\/revisions"}],"wp:attachment":[{"href":"https:\/\/www.4h.se\/hagelby\/wp-json\/wp\/v2\/media?parent=914"}],"curies":[{"name":"wp","href":"https:\/\/api.w.org\/{rel}","templated":true}]}}