



{"id":906,"date":"2021-11-24T08:31:26","date_gmt":"2021-11-24T07:31:26","guid":{"rendered":"https:\/\/www.4h.se\/hagelby\/?page_id=906"},"modified":"2024-02-16T09:37:25","modified_gmt":"2024-02-16T08:37:25","slug":"tomteaventyr","status":"publish","type":"page","link":"https:\/\/www.4h.se\/hagelby\/tomteaventyr\/","title":{"rendered":"Tomte\u00e4ventyr"},"content":{"rendered":"<div class=\"wpb-content-wrapper\"><p>[vc_row][vc_column width=&#8221;1\/2&#8243;][vc_column_text]<\/p>\n<h2>Stort tack till alla som deltog p\u00e5 tomte\u00e4ventyret 2023<\/h2>\n<h2>Mer inforamtion om tomte\u00e4ventyret 2024 kommer<\/h2>\n<p>&nbsp;<\/p>\n<p>&nbsp;[\/vc_column_text][\/vc_column][vc_column width=&#8221;1\/2&#8243;][vc_column_text]&nbsp;<\/p>\n<h3>Tomte\u00e4ventyret:<\/h3>\n<h4>I tomte\u00e4ventyret f\u00e5r du visa att du har vad det kr\u00e4vs f\u00f6r att bli tomtenisse! Du kommer f\u00e5 visa att du klarar uppgiften genom ett g\u00e4ng \u00f6vningar om att b\u00e5de vara snabb, smart, sn\u00e4ll och att t\u00e4nka som en riktig tomtenisse. Klarar du utmaningen blir du godk\u00e4nd tomtenisse och g\u00e5r hem med ditt bevis och en godisp\u00e5se!<\/h4>\n<h4>Passar barn 5-9\u00a0\u00e5r, men fungerar f\u00f6r alla \u00e5ldrar!<\/h4>\n<p>&nbsp;<\/p>\n<p>&nbsp;[\/vc_column_text][\/vc_column][\/vc_row]<\/p>\n<\/div>","protected":false},"excerpt":{"rendered":"<p>[vc_row][vc_column width=&#8221;1\/2&#8243;][vc_column_text] Stort tack till alla som deltog p\u00e5 tomte\u00e4ventyret 2023 Mer inforamtion om tomte\u00e4ventyret 2024 kommer &nbsp; &nbsp;[\/vc_column_text][\/vc_column][vc_column width=&#8221;1\/2&#8243;][vc_column_text]&nbsp; Tomte\u00e4ventyret: I tomte\u00e4ventyret f\u00e5r du visa att du har vad det kr\u00e4vs f\u00f6r att bli tomtenisse! Du kommer f\u00e5 visa att du klarar uppgiften genom ett g\u00e4ng \u00f6vningar om att b\u00e5de vara snabb, smart, sn\u00e4ll&nbsp; <a href=\"https:\/\/www.4h.se\/hagelby\/tomteaventyr\/\">&hellip; Read more <i class=\"glyphicon glyphicon-arrow-right\"><\/i><\/a><\/p>\n","protected":false},"author":147,"featured_media":0,"parent":0,"menu_order":81,"comment_status":"closed","ping_status":"closed","template":"","meta":{"_acf_changed":false,"footnotes":""},"class_list":["post-906","page","type-page","status-publish","hentry"],"acf":[],"yoast_head":"<!-- This site is optimized with the Yoast SEO plugin v27.5 - https:\/\/yoast.com\/product\/yoast-seo-wordpress\/ -->\n<title>Tomte\u00e4ventyr - H\u00e5gelby 4H-g\u00e5rd<\/title>\n<meta name=\"robots\" content=\"index, follow, max-snippet:-1, max-image-preview:large, max-video-preview:-1\" \/>\n<link rel=\"canonical\" href=\"https:\/\/www.4h.se\/hagelby\/tomteaventyr\/\" \/>\n<meta property=\"og:locale\" content=\"sv_SE\" \/>\n<meta property=\"og:type\" content=\"article\" \/>\n<meta property=\"og:title\" content=\"Tomte\u00e4ventyr - H\u00e5gelby 4H-g\u00e5rd\" \/>\n<meta property=\"og:description\" content=\"[vc_row][vc_column width=&#8221;1\/2&#8243;][vc_column_text] Stort tack till alla som deltog p\u00e5 tomte\u00e4ventyret 2023 Mer inforamtion om tomte\u00e4ventyret 2024 kommer &nbsp; &nbsp;[\/vc_column_text][\/vc_column][vc_column width=&#8221;1\/2&#8243;][vc_column_text]&nbsp; Tomte\u00e4ventyret: I tomte\u00e4ventyret f\u00e5r du visa att du har vad det kr\u00e4vs f\u00f6r att bli tomtenisse! Du kommer f\u00e5 visa att du klarar uppgiften genom ett g\u00e4ng \u00f6vningar om att b\u00e5de vara snabb, smart, sn\u00e4ll&nbsp; &hellip; Read more\" \/>\n<meta property=\"og:url\" content=\"https:\/\/www.4h.se\/hagelby\/tomteaventyr\/\" \/>\n<meta property=\"og:site_name\" content=\"H\u00e5gelby 4H-g\u00e5rd\" \/>\n<meta property=\"article:modified_time\" content=\"2024-02-16T08:37:25+00:00\" \/>\n<meta name=\"twitter:card\" content=\"summary_large_image\" \/>\n<meta name=\"twitter:label1\" content=\"Ber\u00e4knad l\u00e4stid\" \/>\n\t<meta name=\"twitter:data1\" content=\"1 minut\" \/>\n<script type=\"application\/ld+json\" class=\"yoast-schema-graph\">{\"@context\":\"https:\\\/\\\/schema.org\",\"@graph\":[{\"@type\":\"WebPage\",\"@id\":\"https:\\\/\\\/www.4h.se\\\/hagelby\\\/tomteaventyr\\\/\",\"url\":\"https:\\\/\\\/www.4h.se\\\/hagelby\\\/tomteaventyr\\\/\",\"name\":\"Tomte\u00e4ventyr - H\u00e5gelby 4H-g\u00e5rd\",\"isPartOf\":{\"@id\":\"https:\\\/\\\/www.4h.se\\\/hagelby\\\/#website\"},\"datePublished\":\"2021-11-24T07:31:26+00:00\",\"dateModified\":\"2024-02-16T08:37:25+00:00\",\"breadcrumb\":{\"@id\":\"https:\\\/\\\/www.4h.se\\\/hagelby\\\/tomteaventyr\\\/#breadcrumb\"},\"inLanguage\":\"sv-SE\",\"potentialAction\":[{\"@type\":\"ReadAction\",\"target\":[\"https:\\\/\\\/www.4h.se\\\/hagelby\\\/tomteaventyr\\\/\"]}]},{\"@type\":\"BreadcrumbList\",\"@id\":\"https:\\\/\\\/www.4h.se\\\/hagelby\\\/tomteaventyr\\\/#breadcrumb\",\"itemListElement\":[{\"@type\":\"ListItem\",\"position\":1,\"name\":\"Hem\",\"item\":\"https:\\\/\\\/www.4h.se\\\/hagelby\\\/\"},{\"@type\":\"ListItem\",\"position\":2,\"name\":\"Tomte\u00e4ventyr\"}]},{\"@type\":\"WebSite\",\"@id\":\"https:\\\/\\\/www.4h.se\\\/hagelby\\\/#website\",\"url\":\"https:\\\/\\\/www.4h.se\\\/hagelby\\\/\",\"name\":\"H\u00e5gelby 4H-g\u00e5rd\",\"description\":\"\",\"potentialAction\":[{\"@type\":\"SearchAction\",\"target\":{\"@type\":\"EntryPoint\",\"urlTemplate\":\"https:\\\/\\\/www.4h.se\\\/hagelby\\\/?s={search_term_string}\"},\"query-input\":{\"@type\":\"PropertyValueSpecification\",\"valueRequired\":true,\"valueName\":\"search_term_string\"}}],\"inLanguage\":\"sv-SE\"}]}<\/script>\n<!-- \/ Yoast SEO plugin. -->","yoast_head_json":{"title":"Tomte\u00e4ventyr - H\u00e5gelby 4H-g\u00e5rd","robots":{"index":"index","follow":"follow","max-snippet":"max-snippet:-1","max-image-preview":"max-image-preview:large","max-video-preview":"max-video-preview:-1"},"canonical":"https:\/\/www.4h.se\/hagelby\/tomteaventyr\/","og_locale":"sv_SE","og_type":"article","og_title":"Tomte\u00e4ventyr - H\u00e5gelby 4H-g\u00e5rd","og_description":"[vc_row][vc_column width=&#8221;1\/2&#8243;][vc_column_text] Stort tack till alla som deltog p\u00e5 tomte\u00e4ventyret 2023 Mer inforamtion om tomte\u00e4ventyret 2024 kommer &nbsp; &nbsp;[\/vc_column_text][\/vc_column][vc_column width=&#8221;1\/2&#8243;][vc_column_text]&nbsp; Tomte\u00e4ventyret: I tomte\u00e4ventyret f\u00e5r du visa att du har vad det kr\u00e4vs f\u00f6r att bli tomtenisse! Du kommer f\u00e5 visa att du klarar uppgiften genom ett g\u00e4ng \u00f6vningar om att b\u00e5de vara snabb, smart, sn\u00e4ll&nbsp; &hellip; Read more","og_url":"https:\/\/www.4h.se\/hagelby\/tomteaventyr\/","og_site_name":"H\u00e5gelby 4H-g\u00e5rd","article_modified_time":"2024-02-16T08:37:25+00:00","twitter_card":"summary_large_image","twitter_misc":{"Ber\u00e4knad l\u00e4stid":"1 minut"},"schema":{"@context":"https:\/\/schema.org","@graph":[{"@type":"WebPage","@id":"https:\/\/www.4h.se\/hagelby\/tomteaventyr\/","url":"https:\/\/www.4h.se\/hagelby\/tomteaventyr\/","name":"Tomte\u00e4ventyr - H\u00e5gelby 4H-g\u00e5rd","isPartOf":{"@id":"https:\/\/www.4h.se\/hagelby\/#website"},"datePublished":"2021-11-24T07:31:26+00:00","dateModified":"2024-02-16T08:37:25+00:00","breadcrumb":{"@id":"https:\/\/www.4h.se\/hagelby\/tomteaventyr\/#breadcrumb"},"inLanguage":"sv-SE","potentialAction":[{"@type":"ReadAction","target":["https:\/\/www.4h.se\/hagelby\/tomteaventyr\/"]}]},{"@type":"BreadcrumbList","@id":"https:\/\/www.4h.se\/hagelby\/tomteaventyr\/#breadcrumb","itemListElement":[{"@type":"ListItem","position":1,"name":"Hem","item":"https:\/\/www.4h.se\/hagelby\/"},{"@type":"ListItem","position":2,"name":"Tomte\u00e4ventyr"}]},{"@type":"WebSite","@id":"https:\/\/www.4h.se\/hagelby\/#website","url":"https:\/\/www.4h.se\/hagelby\/","name":"H\u00e5gelby 4H-g\u00e5rd","description":"","potentialAction":[{"@type":"SearchAction","target":{"@type":"EntryPoint","urlTemplate":"https:\/\/www.4h.se\/hagelby\/?s={search_term_string}"},"query-input":{"@type":"PropertyValueSpecification","valueRequired":true,"valueName":"search_term_string"}}],"inLanguage":"sv-SE"}]}},"_links":{"self":[{"href":"https:\/\/www.4h.se\/hagelby\/wp-json\/wp\/v2\/pages\/906","targetHints":{"allow":["GET"]}}],"collection":[{"href":"https:\/\/www.4h.se\/hagelby\/wp-json\/wp\/v2\/pages"}],"about":[{"href":"https:\/\/www.4h.se\/hagelby\/wp-json\/wp\/v2\/types\/page"}],"author":[{"embeddable":true,"href":"https:\/\/www.4h.se\/hagelby\/wp-json\/wp\/v2\/users\/147"}],"replies":[{"embeddable":true,"href":"https:\/\/www.4h.se\/hagelby\/wp-json\/wp\/v2\/comments?post=906"}],"version-history":[{"count":0,"href":"https:\/\/www.4h.se\/hagelby\/wp-json\/wp\/v2\/pages\/906\/revisions"}],"wp:attachment":[{"href":"https:\/\/www.4h.se\/hagelby\/wp-json\/wp\/v2\/media?parent=906"}],"curies":[{"name":"wp","href":"https:\/\/api.w.org\/{rel}","templated":true}]}}