



{"id":818,"date":"2020-12-04T16:32:14","date_gmt":"2020-12-04T15:32:14","guid":{"rendered":"https:\/\/www.4h.se\/hagelby\/?page_id=818"},"modified":"2023-05-12T13:47:39","modified_gmt":"2023-05-12T11:47:39","slug":"skoluppgifter","status":"publish","type":"page","link":"https:\/\/www.4h.se\/hagelby\/skoluppgifter\/","title":{"rendered":"Skoluppgifter"},"content":{"rendered":"<div class=\"wpb-content-wrapper\"><p>[vc_row][vc_column][vc_column_text]<\/p>\n<h1>Skoluppgifter<\/h1>\n<h4>Arbeta g\u00e4rna vidare om bes\u00f6ket p\u00e5 g\u00e5rden n\u00e4r ni \u00e4r tillbaka p\u00e5 skolan. H\u00e4r hittar du tips p\u00e5 uppgifter som passar b\u00e5de innan och efter bes\u00f6ket p\u00e5 g\u00e5rden. De flesta fungerar f\u00f6r alla bes\u00f6k och \u00e4ven f\u00f6r bes\u00f6k p\u00e5 egen hand.<\/h4>\n<h2><a title=\"F\u00f6rskola och f\u00f6rskoleklass Skoluppgifter\" href=\"https:\/\/www.4h.se\/hagelby\/forskola\/\">F\u00f6rskola<\/a><\/h2>\n<h2><a title=\"\u00c5k 1-3 Skoluppgifter\" href=\"https:\/\/www.4h.se\/hagelby\/ak-1-3\/\">Skola \u00e5k 1-3<\/a><\/h2>\n<h2><a title=\"\u00c5k 4-6 skoluppgifter\" href=\"https:\/\/www.4h.se\/hagelby\/ak-4-6\/\">Skola \u00e5k 4-6<\/a><\/h2>\n<p>[\/vc_column_text][\/vc_column][\/vc_row]<\/p>\n<\/div>","protected":false},"excerpt":{"rendered":"<p>[vc_row][vc_column][vc_column_text] Skoluppgifter Arbeta g\u00e4rna vidare om bes\u00f6ket p\u00e5 g\u00e5rden n\u00e4r ni \u00e4r tillbaka p\u00e5 skolan. H\u00e4r hittar du tips p\u00e5 uppgifter som passar b\u00e5de innan och efter bes\u00f6ket p\u00e5 g\u00e5rden. De flesta fungerar f\u00f6r alla bes\u00f6k och \u00e4ven f\u00f6r bes\u00f6k p\u00e5 egen hand. F\u00f6rskola Skola \u00e5k 1-3 Skola \u00e5k 4-6 [\/vc_column_text][\/vc_column][\/vc_row]<\/p>\n","protected":false},"author":147,"featured_media":0,"parent":0,"menu_order":75,"comment_status":"closed","ping_status":"closed","template":"","meta":{"_acf_changed":false,"footnotes":""},"class_list":["post-818","page","type-page","status-publish","hentry"],"acf":[],"yoast_head":"<!-- This site is optimized with the Yoast SEO plugin v27.5 - https:\/\/yoast.com\/product\/yoast-seo-wordpress\/ -->\n<title>Skoluppgifter - H\u00e5gelby 4H-g\u00e5rd<\/title>\n<meta name=\"robots\" content=\"index, follow, max-snippet:-1, max-image-preview:large, max-video-preview:-1\" \/>\n<link rel=\"canonical\" href=\"https:\/\/www.4h.se\/hagelby\/skoluppgifter\/\" \/>\n<meta property=\"og:locale\" content=\"sv_SE\" \/>\n<meta property=\"og:type\" content=\"article\" \/>\n<meta property=\"og:title\" content=\"Skoluppgifter - H\u00e5gelby 4H-g\u00e5rd\" \/>\n<meta property=\"og:description\" content=\"[vc_row][vc_column][vc_column_text] Skoluppgifter Arbeta g\u00e4rna vidare om bes\u00f6ket p\u00e5 g\u00e5rden n\u00e4r ni \u00e4r tillbaka p\u00e5 skolan. H\u00e4r hittar du tips p\u00e5 uppgifter som passar b\u00e5de innan och efter bes\u00f6ket p\u00e5 g\u00e5rden. De flesta fungerar f\u00f6r alla bes\u00f6k och \u00e4ven f\u00f6r bes\u00f6k p\u00e5 egen hand. F\u00f6rskola Skola \u00e5k 1-3 Skola \u00e5k 4-6 [\/vc_column_text][\/vc_column][\/vc_row]\" \/>\n<meta property=\"og:url\" content=\"https:\/\/www.4h.se\/hagelby\/skoluppgifter\/\" \/>\n<meta property=\"og:site_name\" content=\"H\u00e5gelby 4H-g\u00e5rd\" \/>\n<meta property=\"article:modified_time\" content=\"2023-05-12T11:47:39+00:00\" \/>\n<meta name=\"twitter:card\" content=\"summary_large_image\" \/>\n<script type=\"application\/ld+json\" class=\"yoast-schema-graph\">{\"@context\":\"https:\\\/\\\/schema.org\",\"@graph\":[{\"@type\":\"WebPage\",\"@id\":\"https:\\\/\\\/www.4h.se\\\/hagelby\\\/skoluppgifter\\\/\",\"url\":\"https:\\\/\\\/www.4h.se\\\/hagelby\\\/skoluppgifter\\\/\",\"name\":\"Skoluppgifter - H\u00e5gelby 4H-g\u00e5rd\",\"isPartOf\":{\"@id\":\"https:\\\/\\\/www.4h.se\\\/hagelby\\\/#website\"},\"datePublished\":\"2020-12-04T15:32:14+00:00\",\"dateModified\":\"2023-05-12T11:47:39+00:00\",\"breadcrumb\":{\"@id\":\"https:\\\/\\\/www.4h.se\\\/hagelby\\\/skoluppgifter\\\/#breadcrumb\"},\"inLanguage\":\"sv-SE\",\"potentialAction\":[{\"@type\":\"ReadAction\",\"target\":[\"https:\\\/\\\/www.4h.se\\\/hagelby\\\/skoluppgifter\\\/\"]}]},{\"@type\":\"BreadcrumbList\",\"@id\":\"https:\\\/\\\/www.4h.se\\\/hagelby\\\/skoluppgifter\\\/#breadcrumb\",\"itemListElement\":[{\"@type\":\"ListItem\",\"position\":1,\"name\":\"Hem\",\"item\":\"https:\\\/\\\/www.4h.se\\\/hagelby\\\/\"},{\"@type\":\"ListItem\",\"position\":2,\"name\":\"Skoluppgifter\"}]},{\"@type\":\"WebSite\",\"@id\":\"https:\\\/\\\/www.4h.se\\\/hagelby\\\/#website\",\"url\":\"https:\\\/\\\/www.4h.se\\\/hagelby\\\/\",\"name\":\"H\u00e5gelby 4H-g\u00e5rd\",\"description\":\"\",\"potentialAction\":[{\"@type\":\"SearchAction\",\"target\":{\"@type\":\"EntryPoint\",\"urlTemplate\":\"https:\\\/\\\/www.4h.se\\\/hagelby\\\/?s={search_term_string}\"},\"query-input\":{\"@type\":\"PropertyValueSpecification\",\"valueRequired\":true,\"valueName\":\"search_term_string\"}}],\"inLanguage\":\"sv-SE\"}]}<\/script>\n<!-- \/ Yoast SEO plugin. -->","yoast_head_json":{"title":"Skoluppgifter - H\u00e5gelby 4H-g\u00e5rd","robots":{"index":"index","follow":"follow","max-snippet":"max-snippet:-1","max-image-preview":"max-image-preview:large","max-video-preview":"max-video-preview:-1"},"canonical":"https:\/\/www.4h.se\/hagelby\/skoluppgifter\/","og_locale":"sv_SE","og_type":"article","og_title":"Skoluppgifter - H\u00e5gelby 4H-g\u00e5rd","og_description":"[vc_row][vc_column][vc_column_text] Skoluppgifter Arbeta g\u00e4rna vidare om bes\u00f6ket p\u00e5 g\u00e5rden n\u00e4r ni \u00e4r tillbaka p\u00e5 skolan. H\u00e4r hittar du tips p\u00e5 uppgifter som passar b\u00e5de innan och efter bes\u00f6ket p\u00e5 g\u00e5rden. De flesta fungerar f\u00f6r alla bes\u00f6k och \u00e4ven f\u00f6r bes\u00f6k p\u00e5 egen hand. F\u00f6rskola Skola \u00e5k 1-3 Skola \u00e5k 4-6 [\/vc_column_text][\/vc_column][\/vc_row]","og_url":"https:\/\/www.4h.se\/hagelby\/skoluppgifter\/","og_site_name":"H\u00e5gelby 4H-g\u00e5rd","article_modified_time":"2023-05-12T11:47:39+00:00","twitter_card":"summary_large_image","schema":{"@context":"https:\/\/schema.org","@graph":[{"@type":"WebPage","@id":"https:\/\/www.4h.se\/hagelby\/skoluppgifter\/","url":"https:\/\/www.4h.se\/hagelby\/skoluppgifter\/","name":"Skoluppgifter - H\u00e5gelby 4H-g\u00e5rd","isPartOf":{"@id":"https:\/\/www.4h.se\/hagelby\/#website"},"datePublished":"2020-12-04T15:32:14+00:00","dateModified":"2023-05-12T11:47:39+00:00","breadcrumb":{"@id":"https:\/\/www.4h.se\/hagelby\/skoluppgifter\/#breadcrumb"},"inLanguage":"sv-SE","potentialAction":[{"@type":"ReadAction","target":["https:\/\/www.4h.se\/hagelby\/skoluppgifter\/"]}]},{"@type":"BreadcrumbList","@id":"https:\/\/www.4h.se\/hagelby\/skoluppgifter\/#breadcrumb","itemListElement":[{"@type":"ListItem","position":1,"name":"Hem","item":"https:\/\/www.4h.se\/hagelby\/"},{"@type":"ListItem","position":2,"name":"Skoluppgifter"}]},{"@type":"WebSite","@id":"https:\/\/www.4h.se\/hagelby\/#website","url":"https:\/\/www.4h.se\/hagelby\/","name":"H\u00e5gelby 4H-g\u00e5rd","description":"","potentialAction":[{"@type":"SearchAction","target":{"@type":"EntryPoint","urlTemplate":"https:\/\/www.4h.se\/hagelby\/?s={search_term_string}"},"query-input":{"@type":"PropertyValueSpecification","valueRequired":true,"valueName":"search_term_string"}}],"inLanguage":"sv-SE"}]}},"_links":{"self":[{"href":"https:\/\/www.4h.se\/hagelby\/wp-json\/wp\/v2\/pages\/818","targetHints":{"allow":["GET"]}}],"collection":[{"href":"https:\/\/www.4h.se\/hagelby\/wp-json\/wp\/v2\/pages"}],"about":[{"href":"https:\/\/www.4h.se\/hagelby\/wp-json\/wp\/v2\/types\/page"}],"author":[{"embeddable":true,"href":"https:\/\/www.4h.se\/hagelby\/wp-json\/wp\/v2\/users\/147"}],"replies":[{"embeddable":true,"href":"https:\/\/www.4h.se\/hagelby\/wp-json\/wp\/v2\/comments?post=818"}],"version-history":[{"count":0,"href":"https:\/\/www.4h.se\/hagelby\/wp-json\/wp\/v2\/pages\/818\/revisions"}],"wp:attachment":[{"href":"https:\/\/www.4h.se\/hagelby\/wp-json\/wp\/v2\/media?parent=818"}],"curies":[{"name":"wp","href":"https:\/\/api.w.org\/{rel}","templated":true}]}}