



{"id":809,"date":"2020-12-04T15:40:04","date_gmt":"2020-12-04T14:40:04","guid":{"rendered":"https:\/\/www.4h.se\/hagelby\/?page_id=809"},"modified":"2023-05-12T13:47:39","modified_gmt":"2023-05-12T11:47:39","slug":"skolbesok-och-laroplanen-sarskola","status":"publish","type":"page","link":"https:\/\/www.4h.se\/hagelby\/skolbesok-och-laroplanen-sarskola\/","title":{"rendered":"Skolbes\u00f6k och l\u00e4roplanen &#8211; s\u00e4rskola"},"content":{"rendered":"<div class=\"wpb-content-wrapper\"><p>[vc_row][vc_column width=&#8221;2\/3&#8243;][vc_column_text]<\/p>\n<h1>\u00a0Klapphage f\u00f6r\u00a0s\u00e4rskola<\/h1>\n<p><b><i>Praktiskt:\u00a0<\/i><\/b>Ca 30 min,\u00a020 kr\/barn, minimikostnad\u00a0200 kr.<\/p>\n<p><em><strong>Inneh\u00e5ll:<\/strong>\u00a0<\/em>\u00a0Boka klapphagen ca 30 minuter (beror p\u00e5 antal barn). D\u00e4r kan barnen klappa och borsta f\u00e5ren och en personal finns p\u00e5 plats och svarar p\u00e5 fr\u00e5gor. V\u00e5ra\u00a0djur \u00e4r vana vid hj\u00e4lpmedel s\u00e5 som rullstol. Meddela oss i f\u00f6rv\u00e4g om ni har rullstol, vagn etc. s\u00e5 har vi bes\u00f6ket i de hagar som \u00e4r tillg\u00e4ngliga att komma fram i.<\/p>\n<p><em><strong>\u00a0Klapphagen\u00a0har kopplingar till s\u00e4rskolans l\u00e4roplan.<\/strong><\/em><\/p>\n<ul>\n<li class=\"Default\">F\u00f6rst\u00e5 andra och handla f\u00f6r djurens b\u00e4sta<\/li>\n<li class=\"Default\">Visa respekt f\u00f6r och omsorg f\u00f6r n\u00e4rmilj\u00f6n<\/li>\n<li class=\"Default\">Visas i olika utemilj\u00f6er under olika \u00e5rstider<\/li>\n<li class=\"Default\">Ta h\u00e4nsyn och ha respekt f\u00f6r s\u00e4kerhetsregler<\/li>\n<\/ul>\n<h1>Guidad visning\u00a0f\u00f6r\u00a0s\u00e4rskola<\/h1>\n<p><b><i>Praktiskt:\u00a0<\/i><\/b>V\u00e4lj mellan\u00a0kort ca 30 min, l\u00e5ng ca 60 min.\u00a040 resp 60 kr\/barn, minimikostnad 400 resp 600 kr per grupp. Rekommenderad grupp: 7-12 barn<\/p>\n<p><em><strong>Inneh\u00e5ll:<\/strong>\u00a0<\/em>Passar alla \u00e5ldrar! P\u00e5 den korta visningen g\u00e5r vi en rundtur och ber\u00e4ttar om alla djur, men klappar endast p\u00e5 f\u00e5r och getter. Under den l\u00e5nga visningen kikar vi \u00e4ven in i stallet och klappar p\u00e5 alla djur.\u00a0 S\u00e4g g\u00e4rna till om ni \u00f6nskar anpassa bes\u00f6ket s\u00e5 att det\u00a0har tydligare fokus p\u00e5 ett projekt ni arbetar med i skolan.<\/p>\n<p class=\"Default\"><em><strong>Den guidade visningen \u00e4r kopplat till s\u00e4rskolans l\u00e4roplan.<\/strong><\/em><\/p>\n<ul>\n<li class=\"Default\">F\u00f6rst\u00e5 andra och handla f\u00f6r djurens b\u00e4sta<\/li>\n<li class=\"Default\">Visa respekt f\u00f6r och omsorg f\u00f6r n\u00e4rmilj\u00f6n<\/li>\n<li class=\"Default\">L\u00e4ra, utforska och arbeta tillsammans med andra<\/li>\n<li class=\"Default\">Visas i olika utemilj\u00f6er under olika \u00e5rstider<\/li>\n<li class=\"Default\">Utveckla sin samarbetsf\u00f6rm\u00e5ga och sin respekt f\u00f6r varandra och djuren.<\/li>\n<li class=\"Default\">Ta h\u00e4nsyn och ha respekt f\u00f6r s\u00e4kerhetsregler<\/li>\n<\/ul>\n<p>&nbsp;<\/p>\n<h1>Kretsloppsbes\u00f6k\u00a0f\u00f6r\u00a0s\u00e4rskolan<\/h1>\n<p><b><i>Praktiskt:\u00a0<\/i><\/b>Ca 1,5 h. 70 kr\/barn, minimikostnad 700 kr per grupp. Rekommenderad grupp: 7-10 barn<\/p>\n<p><em><strong>Inneh\u00e5ll:<\/strong>\u00a0<\/em>Passar barn i alla \u00e5ldrar. Vi plockar \u00e4gg och tar med h\u00f6nsbajs fr\u00e5n h\u00f6nshuset, \u00e4ggen blir till muffins som vi bakar tillsammans. H\u00f6nsbajset och \u00e4ggskalen hamnar i komposten och fr\u00e5n komposten tar vi med jord till v\u00e5ra krukor som vi planterar havre i. Vi avslutar v\u00e5rt kretslopp ute hos h\u00f6nsen, som vi matar med havre och muffinssmulor. Krukorna f\u00e5r barnen ta med hem till f\u00f6rskolan\/skolan.\u00a0\u00a0Bes\u00f6ket kan kopplas till HKK i l\u00e4roplanen kring kretslopp, m\u00e4rkningar och \u00e5tervinning.<\/p>\n<p class=\"Default\"><em><strong>Kretsloppsbes\u00f6ket \u00e4r kopplat till s\u00e4rskolans l\u00e4roplan.<\/strong><\/em><\/p>\n<ul>\n<li class=\"Default\">F\u00f6rst\u00e5 andra och handla f\u00f6r djurens b\u00e4sta<\/li>\n<li class=\"Default\">Visa respekt f\u00f6r och omsorg f\u00f6r n\u00e4rmilj\u00f6n<\/li>\n<li class=\"Default\">L\u00e4ra, utforska och arbeta tillsammans med andra<\/li>\n<li class=\"Default\">F\u00f6lja och l\u00e4sa recept och instruktioner<\/li>\n<li class=\"Default\">K\u00e4nna igen milj\u00f6symboler samt symboler f\u00f6r \u00e5tervinning<\/li>\n<li class=\"Default\">Visas i olika utemilj\u00f6er under olika \u00e5rstider<\/li>\n<li class=\"Default\">Utveckla sin samarbetsf\u00f6rm\u00e5ga och sin respekt f\u00f6r varandra och djuren.<\/li>\n<\/ul>\n<p>[\/vc_column_text][\/vc_column][vc_column width=&#8221;1\/3&#8243;][vc_column_text]<div class=\"frm_forms  with_frm_style frm_style_formidable-style\" id=\"frm_form_15_container\" >\n<form enctype=\"multipart\/form-data\" method=\"post\" class=\"frm-show-form \" id=\"form_n2n1e\" >\n<div class=\"frm_form_fields \">\n<fieldset>\n<legend class=\"frm_hidden\">Skola bokning<\/legend>\r\n\r\n<div class=\"frm_fields_container\">\n<input type=\"hidden\" name=\"frm_action\" value=\"create\" \/>\n<input type=\"hidden\" name=\"form_id\" value=\"15\" \/>\n<input type=\"hidden\" name=\"frm_hide_fields_15\" id=\"frm_hide_fields_15\" value=\"\" \/>\n<input type=\"hidden\" name=\"form_key\" value=\"n2n1e\" \/>\n<input type=\"hidden\" name=\"item_meta[0]\" value=\"\" \/>\n<input type=\"hidden\" id=\"frm_submit_entry_15\" name=\"frm_submit_entry_15\" value=\"8081d80b99\" \/><input type=\"hidden\" name=\"_wp_http_referer\" value=\"\/hagelby\/wp-json\/wp\/v2\/pages\/809\" \/><div id=\"frm_field_120_container\" class=\"frm_form_field form-field  frm_top_container\">\r\n    <label for=\"field_wdmo9\" class=\"frm_primary_label\">Namn p\u00e5 v\u00e5r skola och avdelning\/klass\r\n        <span class=\"frm_required\"><\/span>\r\n    <\/label>\r\n    <input type=\"text\" id=\"field_wdmo9\" name=\"item_meta[120]\" value=\"\"  data-invmsg=\"Namn p\u00e5 v\u00e5r skola och avdelning\/klass \u00e4r ogiltigt\" aria-invalid=\"false\"   aria-describedby=\"frm_desc_field_wdmo9\"\/>\r\n    <div id=\"frm_desc_field_wdmo9\" class=\"frm_description\">Skriv med eventuell \u00e5rskurs<\/div>\r\n    \r\n<\/div>\n<div id=\"frm_field_118_container\" class=\"frm_form_field form-field  frm_top_container\">\r\n    <label for=\"field_4hav9\" class=\"frm_primary_label\">Hur m\u00e5nga barn g\u00e4ller bokningen?\r\n        <span class=\"frm_required\"><\/span>\r\n    <\/label>\r\n    <input type=\"text\" id=\"field_4hav9\" name=\"item_meta[118]\" value=\"\"  data-invmsg=\"Hur m\u00e5nga barn g\u00e4ller bokningen? \u00e4r ogiltigt\" aria-invalid=\"false\"   aria-describedby=\"frm_desc_field_4hav9\"\/>\r\n    <div id=\"frm_desc_field_4hav9\" class=\"frm_description\">Pedagoger deltar alltid gratis p\u00e5 v\u00e5ra bes\u00f6k<\/div>\r\n    \r\n<\/div>\n<div id=\"frm_field_119_container\" class=\"frm_form_field form-field  frm_top_container\">\r\n    <label for=\"field_k4ikz\" class=\"frm_primary_label\">Vilket bes\u00f6k \u00e4r ni intresserad av?\r\n        <span class=\"frm_required\"><\/span>\r\n    <\/label>\r\n    \t\t<select name=\"item_meta[119]\" id=\"field_k4ikz\"  data-frmval=\"Kretsloppsbes\u00f6k 90 min\" data-invmsg=\"Vilket bes\u00f6k \u00e4r ni intresserad av? \u00e4r ogiltigt\" aria-invalid=\"false\"  >\n\t\t<option  value=\"Kretsloppsbes\u00f6k 90 min\" selected='selected'>Kretsloppsbes\u00f6k 90 min<\/option><option  value=\"Guidad visning 30 min\">Guidad visning 30 min<\/option><option  value=\"Guidad visning 60 min\">Guidad visning 60 min<\/option><option  value=\"Klapphage 30 min\">Klapphage 30 min<\/option><option  value=\"REDE-bes\u00f6k 60 min\">REDE-bes\u00f6k 60 min<\/option><option  value=\"Bondg\u00e5rdsskola 5ggr\">Bondg\u00e5rdsskola 5ggr<\/option><option  value=\"Bondg\u00e5rdsskola 10ggr\">Bondg\u00e5rdsskola 10ggr<\/option><option  value=\"Bondg\u00e5rdsskola 15ggr\">Bondg\u00e5rdsskola 15ggr<\/option>\t<\/select>\n\t\r\n    \r\n    \r\n<\/div>\n<div id=\"frm_field_123_container\" class=\"frm_form_field form-field  frm_top_container\">\r\n    <label for=\"field_axs8f\" class=\"frm_primary_label\">\u00d6nskem\u00e5l p\u00e5 dag och tid\r\n        <span class=\"frm_required\"><\/span>\r\n    <\/label>\r\n    <input type=\"text\" id=\"field_axs8f\" name=\"item_meta[123]\" value=\"\"  data-invmsg=\"\u00d6nskem\u00e5l p\u00e5 dag och tid \u00e4r ogiltigt\" aria-invalid=\"false\"   aria-describedby=\"frm_desc_field_axs8f\"\/>\r\n    <div id=\"frm_desc_field_axs8f\" class=\"frm_description\">Vi kan de flesta vardagar mellan kl 9-14. Vi \u00e5terkommer via mail f\u00f6r att hitta en tid som passar oss b\u00e5da. <\/div>\r\n    \r\n<\/div>\n<div id=\"frm_field_125_container\" class=\"frm_form_field form-field  frm_top_container\">\r\n    <label for=\"field_p6a5m\" class=\"frm_primary_label\">Annan information till oss\r\n        <span class=\"frm_required\"><\/span>\r\n    <\/label>\r\n    <textarea name=\"item_meta[125]\" id=\"field_p6a5m\" rows=\"5\"  data-invmsg=\"Annan information till oss \u00e4r ogiltigt\" aria-invalid=\"false\"   aria-describedby=\"frm_desc_field_p6a5m\"><\/textarea>\r\n    <div id=\"frm_desc_field_p6a5m\" class=\"frm_description\">Exempelvis behov hos barnen eller s\u00e4rskilda \u00f6nskem\u00e5l inf\u00f6r bes\u00f6ket s\u00e5 som teman ni arbetar med i skolan.<\/div>\r\n    \r\n<\/div>\n<div id=\"frm_field_122_container\" class=\"frm_form_field form-field  frm_top_container\">\r\n    <label for=\"field_72h0g\" class=\"frm_primary_label\">E-postadress till er\r\n        <span class=\"frm_required\"><\/span>\r\n    <\/label>\r\n    <input type=\"email\" id=\"field_72h0g\" name=\"item_meta[122]\" value=\"\"  data-invmsg=\"E-postadress till er \u00e4r ogiltigt\" aria-invalid=\"false\"   aria-describedby=\"frm_desc_field_72h0g\"\/>\r\n    <div id=\"frm_desc_field_72h0g\" class=\"frm_description\">Ni kommer att f\u00e5 en bekr\u00e4ftelse p\u00e5 bokningen till den h\u00e4r adressen<\/div>\r\n    \r\n<\/div>\n<div id=\"frm_field_121_container\" class=\"frm_form_field form-field  frm_top_container\">\r\n    <label for=\"field_aqo72\" class=\"frm_primary_label\">Telefonnummer\r\n        <span class=\"frm_required\"><\/span>\r\n    <\/label>\r\n    <input type=\"text\" id=\"field_aqo72\" name=\"item_meta[121]\" value=\"\"  data-invmsg=\"Telefonnummer \u00e4r ogiltigt\" aria-invalid=\"false\"  \/>\r\n    \r\n    \r\n<\/div>\n\t<input type=\"hidden\" name=\"item_key\" value=\"\" \/>\n\t\t\t<div id=\"frm_field_576_container\">\n\t\t\t<label for=\"field_5h10\" >\n\t\t\t\tOm du \u00e4r m\u00e4nsklig, l\u00e4mna det h\u00e4r f\u00e4ltet tomt.\t\t\t<\/label>\n\t\t\t<input  id=\"field_5h10\" type=\"text\" class=\"frm_form_field form-field frm_verify\" name=\"item_meta[576]\" value=\"\"  \/>\n\t\t<\/div>\n\t\t<input name=\"frm_state\" type=\"hidden\" value=\"uk7gacxGVMJnWVH0oI8SlginH+tPO9wDOcJQJ9LwsMo=\" \/><div class=\"frm_submit\">\r\n\r\n<button class=\"frm_button_submit\" type=\"submit\"  >Skicka<\/button>\r\n\r\n<\/div><\/div>\n<\/fieldset>\n<\/div>\n\n<\/form>\n<\/div>\n[\/vc_column_text][\/vc_column][\/vc_row]<\/p>\n<\/div>","protected":false},"excerpt":{"rendered":"<p>[vc_row][vc_column width=&#8221;2\/3&#8243;][vc_column_text] \u00a0Klapphage f\u00f6r\u00a0s\u00e4rskola Praktiskt:\u00a0Ca 30 min,\u00a020 kr\/barn, minimikostnad\u00a0200 kr. Inneh\u00e5ll:\u00a0\u00a0Boka klapphagen ca 30 minuter (beror p\u00e5 antal barn). D\u00e4r kan barnen klappa och borsta f\u00e5ren och en personal finns p\u00e5 plats och svarar p\u00e5 fr\u00e5gor. V\u00e5ra\u00a0djur \u00e4r vana vid hj\u00e4lpmedel s\u00e5 som rullstol. Meddela oss i f\u00f6rv\u00e4g om ni har rullstol, vagn etc. s\u00e5&nbsp; <a href=\"https:\/\/www.4h.se\/hagelby\/skolbesok-och-laroplanen-sarskola\/\">&hellip; Read more <i class=\"glyphicon glyphicon-arrow-right\"><\/i><\/a><\/p>\n","protected":false},"author":147,"featured_media":0,"parent":0,"menu_order":73,"comment_status":"closed","ping_status":"closed","template":"","meta":{"_acf_changed":false,"footnotes":""},"class_list":["post-809","page","type-page","status-publish","hentry"],"acf":[],"yoast_head":"<!-- This site is optimized with the Yoast SEO plugin v27.5 - https:\/\/yoast.com\/product\/yoast-seo-wordpress\/ -->\n<title>Skolbes\u00f6k och l\u00e4roplanen - s\u00e4rskola - H\u00e5gelby 4H-g\u00e5rd<\/title>\n<meta name=\"robots\" content=\"index, follow, max-snippet:-1, max-image-preview:large, max-video-preview:-1\" \/>\n<link rel=\"canonical\" href=\"https:\/\/www.4h.se\/hagelby\/skolbesok-och-laroplanen-sarskola\/\" \/>\n<meta property=\"og:locale\" content=\"sv_SE\" \/>\n<meta property=\"og:type\" content=\"article\" \/>\n<meta property=\"og:title\" content=\"Skolbes\u00f6k och l\u00e4roplanen - s\u00e4rskola - H\u00e5gelby 4H-g\u00e5rd\" \/>\n<meta property=\"og:description\" content=\"[vc_row][vc_column width=&#8221;2\/3&#8243;][vc_column_text] \u00a0Klapphage f\u00f6r\u00a0s\u00e4rskola Praktiskt:\u00a0Ca 30 min,\u00a020 kr\/barn, minimikostnad\u00a0200 kr. Inneh\u00e5ll:\u00a0\u00a0Boka klapphagen ca 30 minuter (beror p\u00e5 antal barn). D\u00e4r kan barnen klappa och borsta f\u00e5ren och en personal finns p\u00e5 plats och svarar p\u00e5 fr\u00e5gor. V\u00e5ra\u00a0djur \u00e4r vana vid hj\u00e4lpmedel s\u00e5 som rullstol. Meddela oss i f\u00f6rv\u00e4g om ni har rullstol, vagn etc. s\u00e5&nbsp; &hellip; Read more\" \/>\n<meta property=\"og:url\" content=\"https:\/\/www.4h.se\/hagelby\/skolbesok-och-laroplanen-sarskola\/\" \/>\n<meta property=\"og:site_name\" content=\"H\u00e5gelby 4H-g\u00e5rd\" \/>\n<meta property=\"article:modified_time\" content=\"2023-05-12T11:47:39+00:00\" \/>\n<meta name=\"twitter:card\" content=\"summary_large_image\" \/>\n<meta name=\"twitter:label1\" content=\"Ber\u00e4knad l\u00e4stid\" \/>\n\t<meta name=\"twitter:data1\" content=\"3 minuter\" \/>\n<script type=\"application\/ld+json\" class=\"yoast-schema-graph\">{\"@context\":\"https:\\\/\\\/schema.org\",\"@graph\":[{\"@type\":\"WebPage\",\"@id\":\"https:\\\/\\\/www.4h.se\\\/hagelby\\\/skolbesok-och-laroplanen-sarskola\\\/\",\"url\":\"https:\\\/\\\/www.4h.se\\\/hagelby\\\/skolbesok-och-laroplanen-sarskola\\\/\",\"name\":\"Skolbes\u00f6k och l\u00e4roplanen - s\u00e4rskola - H\u00e5gelby 4H-g\u00e5rd\",\"isPartOf\":{\"@id\":\"https:\\\/\\\/www.4h.se\\\/hagelby\\\/#website\"},\"datePublished\":\"2020-12-04T14:40:04+00:00\",\"dateModified\":\"2023-05-12T11:47:39+00:00\",\"breadcrumb\":{\"@id\":\"https:\\\/\\\/www.4h.se\\\/hagelby\\\/skolbesok-och-laroplanen-sarskola\\\/#breadcrumb\"},\"inLanguage\":\"sv-SE\",\"potentialAction\":[{\"@type\":\"ReadAction\",\"target\":[\"https:\\\/\\\/www.4h.se\\\/hagelby\\\/skolbesok-och-laroplanen-sarskola\\\/\"]}]},{\"@type\":\"BreadcrumbList\",\"@id\":\"https:\\\/\\\/www.4h.se\\\/hagelby\\\/skolbesok-och-laroplanen-sarskola\\\/#breadcrumb\",\"itemListElement\":[{\"@type\":\"ListItem\",\"position\":1,\"name\":\"Hem\",\"item\":\"https:\\\/\\\/www.4h.se\\\/hagelby\\\/\"},{\"@type\":\"ListItem\",\"position\":2,\"name\":\"Skolbes\u00f6k och l\u00e4roplanen &#8211; s\u00e4rskola\"}]},{\"@type\":\"WebSite\",\"@id\":\"https:\\\/\\\/www.4h.se\\\/hagelby\\\/#website\",\"url\":\"https:\\\/\\\/www.4h.se\\\/hagelby\\\/\",\"name\":\"H\u00e5gelby 4H-g\u00e5rd\",\"description\":\"\",\"potentialAction\":[{\"@type\":\"SearchAction\",\"target\":{\"@type\":\"EntryPoint\",\"urlTemplate\":\"https:\\\/\\\/www.4h.se\\\/hagelby\\\/?s={search_term_string}\"},\"query-input\":{\"@type\":\"PropertyValueSpecification\",\"valueRequired\":true,\"valueName\":\"search_term_string\"}}],\"inLanguage\":\"sv-SE\"}]}<\/script>\n<!-- \/ Yoast SEO plugin. -->","yoast_head_json":{"title":"Skolbes\u00f6k och l\u00e4roplanen - s\u00e4rskola - H\u00e5gelby 4H-g\u00e5rd","robots":{"index":"index","follow":"follow","max-snippet":"max-snippet:-1","max-image-preview":"max-image-preview:large","max-video-preview":"max-video-preview:-1"},"canonical":"https:\/\/www.4h.se\/hagelby\/skolbesok-och-laroplanen-sarskola\/","og_locale":"sv_SE","og_type":"article","og_title":"Skolbes\u00f6k och l\u00e4roplanen - s\u00e4rskola - H\u00e5gelby 4H-g\u00e5rd","og_description":"[vc_row][vc_column width=&#8221;2\/3&#8243;][vc_column_text] \u00a0Klapphage f\u00f6r\u00a0s\u00e4rskola Praktiskt:\u00a0Ca 30 min,\u00a020 kr\/barn, minimikostnad\u00a0200 kr. Inneh\u00e5ll:\u00a0\u00a0Boka klapphagen ca 30 minuter (beror p\u00e5 antal barn). D\u00e4r kan barnen klappa och borsta f\u00e5ren och en personal finns p\u00e5 plats och svarar p\u00e5 fr\u00e5gor. V\u00e5ra\u00a0djur \u00e4r vana vid hj\u00e4lpmedel s\u00e5 som rullstol. Meddela oss i f\u00f6rv\u00e4g om ni har rullstol, vagn etc. s\u00e5&nbsp; &hellip; Read more","og_url":"https:\/\/www.4h.se\/hagelby\/skolbesok-och-laroplanen-sarskola\/","og_site_name":"H\u00e5gelby 4H-g\u00e5rd","article_modified_time":"2023-05-12T11:47:39+00:00","twitter_card":"summary_large_image","twitter_misc":{"Ber\u00e4knad l\u00e4stid":"3 minuter"},"schema":{"@context":"https:\/\/schema.org","@graph":[{"@type":"WebPage","@id":"https:\/\/www.4h.se\/hagelby\/skolbesok-och-laroplanen-sarskola\/","url":"https:\/\/www.4h.se\/hagelby\/skolbesok-och-laroplanen-sarskola\/","name":"Skolbes\u00f6k och l\u00e4roplanen - s\u00e4rskola - H\u00e5gelby 4H-g\u00e5rd","isPartOf":{"@id":"https:\/\/www.4h.se\/hagelby\/#website"},"datePublished":"2020-12-04T14:40:04+00:00","dateModified":"2023-05-12T11:47:39+00:00","breadcrumb":{"@id":"https:\/\/www.4h.se\/hagelby\/skolbesok-och-laroplanen-sarskola\/#breadcrumb"},"inLanguage":"sv-SE","potentialAction":[{"@type":"ReadAction","target":["https:\/\/www.4h.se\/hagelby\/skolbesok-och-laroplanen-sarskola\/"]}]},{"@type":"BreadcrumbList","@id":"https:\/\/www.4h.se\/hagelby\/skolbesok-och-laroplanen-sarskola\/#breadcrumb","itemListElement":[{"@type":"ListItem","position":1,"name":"Hem","item":"https:\/\/www.4h.se\/hagelby\/"},{"@type":"ListItem","position":2,"name":"Skolbes\u00f6k och l\u00e4roplanen &#8211; s\u00e4rskola"}]},{"@type":"WebSite","@id":"https:\/\/www.4h.se\/hagelby\/#website","url":"https:\/\/www.4h.se\/hagelby\/","name":"H\u00e5gelby 4H-g\u00e5rd","description":"","potentialAction":[{"@type":"SearchAction","target":{"@type":"EntryPoint","urlTemplate":"https:\/\/www.4h.se\/hagelby\/?s={search_term_string}"},"query-input":{"@type":"PropertyValueSpecification","valueRequired":true,"valueName":"search_term_string"}}],"inLanguage":"sv-SE"}]}},"_links":{"self":[{"href":"https:\/\/www.4h.se\/hagelby\/wp-json\/wp\/v2\/pages\/809","targetHints":{"allow":["GET"]}}],"collection":[{"href":"https:\/\/www.4h.se\/hagelby\/wp-json\/wp\/v2\/pages"}],"about":[{"href":"https:\/\/www.4h.se\/hagelby\/wp-json\/wp\/v2\/types\/page"}],"author":[{"embeddable":true,"href":"https:\/\/www.4h.se\/hagelby\/wp-json\/wp\/v2\/users\/147"}],"replies":[{"embeddable":true,"href":"https:\/\/www.4h.se\/hagelby\/wp-json\/wp\/v2\/comments?post=809"}],"version-history":[{"count":0,"href":"https:\/\/www.4h.se\/hagelby\/wp-json\/wp\/v2\/pages\/809\/revisions"}],"wp:attachment":[{"href":"https:\/\/www.4h.se\/hagelby\/wp-json\/wp\/v2\/media?parent=809"}],"curies":[{"name":"wp","href":"https:\/\/api.w.org\/{rel}","templated":true}]}}