



{"id":760,"date":"2019-12-03T14:35:18","date_gmt":"2019-12-03T13:35:18","guid":{"rendered":"https:\/\/www.4h.se\/hagelby\/?page_id=760"},"modified":"2024-04-04T07:18:32","modified_gmt":"2024-04-04T05:18:32","slug":"forskola","status":"publish","type":"page","link":"https:\/\/www.4h.se\/hagelby\/forskola\/","title":{"rendered":"F\u00f6rskola och f\u00f6rskoleklass Skoluppgifter"},"content":{"rendered":"<div class=\"wpb-content-wrapper\"><p>[vc_row][vc_column][vc_column_text]<\/p>\n<h1>F\u00f6rslag p\u00e5 uppgifter kring livet p\u00e5 g\u00e5rden f\u00f6r\u00a0barn i f\u00f6rskolan<\/h1>\n<p>&nbsp;<\/p>\n<h3>Teman<\/h3>\n<ul>\n<li>Vilka djur finns p\u00e5 en bondg\u00e5rd och varf\u00f6r? T\u00e4nk exempelvis p\u00e5 deras p\u00e4ls, k\u00f6tt, mj\u00f6lk eller arbetskraft. Det finns alltid en anledning till att djuren bor p\u00e5 g\u00e5rden, \u00e4ven om vi p\u00e5 4H har dem mer f\u00f6r att de \u00e4r mysiga och roliga.<\/li>\n<li>Hur \u00e4r en sn\u00e4ll mot djuren? J\u00e4mf\u00f6r med att vara sn\u00e4ll mot kompisar. Om vi \u00e4r sn\u00e4lla mot n\u00e5gon \u00e4r dom ofta sn\u00e4lla tillbaka.<\/li>\n<li>Hur djuren visar k\u00e4nslor. Kan de vara arga, ledsna, glada?<\/li>\n<li>Vad har djuren f\u00f6r kroppsdelar vi inte har? T\u00e4nk exempelvis kl\u00f6v, hov, kam, haklapp, juver, nos, olika sorters p\u00e4ls etc. Rita ut dem p\u00e5 en bild av djuret. Prata om varf\u00f6r djuren ser olika ut.<\/li>\n<li>Hur k\u00e4nns djuren att klappa p\u00e5? Har de olika sorts p\u00e4ls mot exempelvis en hund eller katt?<\/li>\n<li>Hur ser djurens familjer ut? L\u00e5t barnen l\u00e4ra sig namn p\u00e5 mamma, pappa och barn i djurfamiljen. Ni kan \u00e4ven ta upp hur de bor tillsammans ex. m\u00e5nga h\u00f6ns med en tupp, f\u00e5ren helt utan baggar\/pappor. Vissa djur bor bara tillsammans med mammor eller mostrar.<\/li>\n<li>Vad \u00e4ter djuren? \u00c4ter h\u00e4star, f\u00e5r, grisar och h\u00f6ns samma sak?<\/li>\n<\/ul>\n<p>&nbsp;<\/p>\n<h3>Material fr\u00e5n Naturskolan<\/h3>\n<p>Naturskolan i Botkyrka har tagit fram ett material om v\u00e5ra djur d\u00e4r ni tillsammans med barnen kan l\u00e4ra er djurens delar. H\u00e4r hittar du l\u00e4nkar till alla djur:<\/p>\n<p>&#8211;\u00a0<a href=\"https:\/\/www.4h.se\/hagelby\/wp-content\/uploads\/sites\/47\/2019\/10\/H\u00f6na-bild.pdf\">H\u00f6na<\/a><\/p>\n<p>&#8211;\u00a0<a href=\"https:\/\/www.4h.se\/hagelby\/wp-content\/uploads\/sites\/47\/2019\/10\/F\u00c5R.bild_.pdf\">F\u00e5r<\/a><\/p>\n<p>&#8211;\u00a0<a href=\"https:\/\/www.4h.se\/hagelby\/wp-content\/uploads\/sites\/47\/2019\/10\/h\u00e4st1-bild.pdf\">H\u00e4st<\/a><\/p>\n<p>&#8211;\u00a0<span style=\"color: #000012\"><a href=\"https:\/\/www.4h.se\/hagelby\/wp-content\/uploads\/sites\/47\/2019\/10\/Get-bild.pdf\">Get<\/a><\/span><\/p>\n<p>&#8211;\u00a0<a href=\"https:\/\/www.4h.se\/hagelby\/wp-content\/uploads\/sites\/47\/2019\/10\/Gris-bild.pdf\">Gris<\/a><\/p>\n<p>&#8211;\u00a0<a href=\"https:\/\/www.4h.se\/hagelby\/wp-content\/uploads\/sites\/47\/2019\/10\/Kanin-bild.pdf\">Kanin<\/a>[\/vc_column_text][\/vc_column][\/vc_row]<\/p>\n<\/div>","protected":false},"excerpt":{"rendered":"<p>[vc_row][vc_column][vc_column_text] F\u00f6rslag p\u00e5 uppgifter kring livet p\u00e5 g\u00e5rden f\u00f6r\u00a0barn i f\u00f6rskolan &nbsp; Teman Vilka djur finns p\u00e5 en bondg\u00e5rd och varf\u00f6r? T\u00e4nk exempelvis p\u00e5 deras p\u00e4ls, k\u00f6tt, mj\u00f6lk eller arbetskraft. Det finns alltid en anledning till att djuren bor p\u00e5 g\u00e5rden, \u00e4ven om vi p\u00e5 4H har dem mer f\u00f6r att de \u00e4r mysiga och&nbsp; <a href=\"https:\/\/www.4h.se\/hagelby\/forskola\/\">&hellip; Read more <i class=\"glyphicon glyphicon-arrow-right\"><\/i><\/a><\/p>\n","protected":false},"author":147,"featured_media":0,"parent":0,"menu_order":10,"comment_status":"closed","ping_status":"closed","template":"","meta":{"_acf_changed":false,"footnotes":""},"class_list":["post-760","page","type-page","status-publish","hentry"],"acf":[],"yoast_head":"<!-- This site is optimized with the Yoast SEO plugin v27.5 - https:\/\/yoast.com\/product\/yoast-seo-wordpress\/ -->\n<title>F\u00f6rskola och f\u00f6rskoleklass Skoluppgifter - H\u00e5gelby 4H-g\u00e5rd<\/title>\n<meta name=\"robots\" content=\"index, follow, max-snippet:-1, max-image-preview:large, max-video-preview:-1\" \/>\n<link rel=\"canonical\" href=\"https:\/\/www.4h.se\/hagelby\/forskola\/\" \/>\n<meta property=\"og:locale\" content=\"sv_SE\" \/>\n<meta property=\"og:type\" content=\"article\" \/>\n<meta property=\"og:title\" content=\"F\u00f6rskola och f\u00f6rskoleklass Skoluppgifter - H\u00e5gelby 4H-g\u00e5rd\" \/>\n<meta property=\"og:description\" content=\"[vc_row][vc_column][vc_column_text] F\u00f6rslag p\u00e5 uppgifter kring livet p\u00e5 g\u00e5rden f\u00f6r\u00a0barn i f\u00f6rskolan &nbsp; Teman Vilka djur finns p\u00e5 en bondg\u00e5rd och varf\u00f6r? T\u00e4nk exempelvis p\u00e5 deras p\u00e4ls, k\u00f6tt, mj\u00f6lk eller arbetskraft. Det finns alltid en anledning till att djuren bor p\u00e5 g\u00e5rden, \u00e4ven om vi p\u00e5 4H har dem mer f\u00f6r att de \u00e4r mysiga och&nbsp; &hellip; Read more\" \/>\n<meta property=\"og:url\" content=\"https:\/\/www.4h.se\/hagelby\/forskola\/\" \/>\n<meta property=\"og:site_name\" content=\"H\u00e5gelby 4H-g\u00e5rd\" \/>\n<meta property=\"article:modified_time\" content=\"2024-04-04T05:18:32+00:00\" \/>\n<meta name=\"twitter:card\" content=\"summary_large_image\" \/>\n<meta name=\"twitter:label1\" content=\"Ber\u00e4knad l\u00e4stid\" \/>\n\t<meta name=\"twitter:data1\" content=\"2 minuter\" \/>\n<script type=\"application\/ld+json\" class=\"yoast-schema-graph\">{\"@context\":\"https:\\\/\\\/schema.org\",\"@graph\":[{\"@type\":\"WebPage\",\"@id\":\"https:\\\/\\\/www.4h.se\\\/hagelby\\\/forskola\\\/\",\"url\":\"https:\\\/\\\/www.4h.se\\\/hagelby\\\/forskola\\\/\",\"name\":\"F\u00f6rskola och f\u00f6rskoleklass Skoluppgifter - H\u00e5gelby 4H-g\u00e5rd\",\"isPartOf\":{\"@id\":\"https:\\\/\\\/www.4h.se\\\/hagelby\\\/#website\"},\"datePublished\":\"2019-12-03T13:35:18+00:00\",\"dateModified\":\"2024-04-04T05:18:32+00:00\",\"breadcrumb\":{\"@id\":\"https:\\\/\\\/www.4h.se\\\/hagelby\\\/forskola\\\/#breadcrumb\"},\"inLanguage\":\"sv-SE\",\"potentialAction\":[{\"@type\":\"ReadAction\",\"target\":[\"https:\\\/\\\/www.4h.se\\\/hagelby\\\/forskola\\\/\"]}]},{\"@type\":\"BreadcrumbList\",\"@id\":\"https:\\\/\\\/www.4h.se\\\/hagelby\\\/forskola\\\/#breadcrumb\",\"itemListElement\":[{\"@type\":\"ListItem\",\"position\":1,\"name\":\"Hem\",\"item\":\"https:\\\/\\\/www.4h.se\\\/hagelby\\\/\"},{\"@type\":\"ListItem\",\"position\":2,\"name\":\"F\u00f6rskola och f\u00f6rskoleklass Skoluppgifter\"}]},{\"@type\":\"WebSite\",\"@id\":\"https:\\\/\\\/www.4h.se\\\/hagelby\\\/#website\",\"url\":\"https:\\\/\\\/www.4h.se\\\/hagelby\\\/\",\"name\":\"H\u00e5gelby 4H-g\u00e5rd\",\"description\":\"\",\"potentialAction\":[{\"@type\":\"SearchAction\",\"target\":{\"@type\":\"EntryPoint\",\"urlTemplate\":\"https:\\\/\\\/www.4h.se\\\/hagelby\\\/?s={search_term_string}\"},\"query-input\":{\"@type\":\"PropertyValueSpecification\",\"valueRequired\":true,\"valueName\":\"search_term_string\"}}],\"inLanguage\":\"sv-SE\"}]}<\/script>\n<!-- \/ Yoast SEO plugin. -->","yoast_head_json":{"title":"F\u00f6rskola och f\u00f6rskoleklass Skoluppgifter - H\u00e5gelby 4H-g\u00e5rd","robots":{"index":"index","follow":"follow","max-snippet":"max-snippet:-1","max-image-preview":"max-image-preview:large","max-video-preview":"max-video-preview:-1"},"canonical":"https:\/\/www.4h.se\/hagelby\/forskola\/","og_locale":"sv_SE","og_type":"article","og_title":"F\u00f6rskola och f\u00f6rskoleklass Skoluppgifter - H\u00e5gelby 4H-g\u00e5rd","og_description":"[vc_row][vc_column][vc_column_text] F\u00f6rslag p\u00e5 uppgifter kring livet p\u00e5 g\u00e5rden f\u00f6r\u00a0barn i f\u00f6rskolan &nbsp; Teman Vilka djur finns p\u00e5 en bondg\u00e5rd och varf\u00f6r? T\u00e4nk exempelvis p\u00e5 deras p\u00e4ls, k\u00f6tt, mj\u00f6lk eller arbetskraft. Det finns alltid en anledning till att djuren bor p\u00e5 g\u00e5rden, \u00e4ven om vi p\u00e5 4H har dem mer f\u00f6r att de \u00e4r mysiga och&nbsp; &hellip; Read more","og_url":"https:\/\/www.4h.se\/hagelby\/forskola\/","og_site_name":"H\u00e5gelby 4H-g\u00e5rd","article_modified_time":"2024-04-04T05:18:32+00:00","twitter_card":"summary_large_image","twitter_misc":{"Ber\u00e4knad l\u00e4stid":"2 minuter"},"schema":{"@context":"https:\/\/schema.org","@graph":[{"@type":"WebPage","@id":"https:\/\/www.4h.se\/hagelby\/forskola\/","url":"https:\/\/www.4h.se\/hagelby\/forskola\/","name":"F\u00f6rskola och f\u00f6rskoleklass Skoluppgifter - H\u00e5gelby 4H-g\u00e5rd","isPartOf":{"@id":"https:\/\/www.4h.se\/hagelby\/#website"},"datePublished":"2019-12-03T13:35:18+00:00","dateModified":"2024-04-04T05:18:32+00:00","breadcrumb":{"@id":"https:\/\/www.4h.se\/hagelby\/forskola\/#breadcrumb"},"inLanguage":"sv-SE","potentialAction":[{"@type":"ReadAction","target":["https:\/\/www.4h.se\/hagelby\/forskola\/"]}]},{"@type":"BreadcrumbList","@id":"https:\/\/www.4h.se\/hagelby\/forskola\/#breadcrumb","itemListElement":[{"@type":"ListItem","position":1,"name":"Hem","item":"https:\/\/www.4h.se\/hagelby\/"},{"@type":"ListItem","position":2,"name":"F\u00f6rskola och f\u00f6rskoleklass Skoluppgifter"}]},{"@type":"WebSite","@id":"https:\/\/www.4h.se\/hagelby\/#website","url":"https:\/\/www.4h.se\/hagelby\/","name":"H\u00e5gelby 4H-g\u00e5rd","description":"","potentialAction":[{"@type":"SearchAction","target":{"@type":"EntryPoint","urlTemplate":"https:\/\/www.4h.se\/hagelby\/?s={search_term_string}"},"query-input":{"@type":"PropertyValueSpecification","valueRequired":true,"valueName":"search_term_string"}}],"inLanguage":"sv-SE"}]}},"_links":{"self":[{"href":"https:\/\/www.4h.se\/hagelby\/wp-json\/wp\/v2\/pages\/760","targetHints":{"allow":["GET"]}}],"collection":[{"href":"https:\/\/www.4h.se\/hagelby\/wp-json\/wp\/v2\/pages"}],"about":[{"href":"https:\/\/www.4h.se\/hagelby\/wp-json\/wp\/v2\/types\/page"}],"author":[{"embeddable":true,"href":"https:\/\/www.4h.se\/hagelby\/wp-json\/wp\/v2\/users\/147"}],"replies":[{"embeddable":true,"href":"https:\/\/www.4h.se\/hagelby\/wp-json\/wp\/v2\/comments?post=760"}],"version-history":[{"count":0,"href":"https:\/\/www.4h.se\/hagelby\/wp-json\/wp\/v2\/pages\/760\/revisions"}],"wp:attachment":[{"href":"https:\/\/www.4h.se\/hagelby\/wp-json\/wp\/v2\/media?parent=760"}],"curies":[{"name":"wp","href":"https:\/\/api.w.org\/{rel}","templated":true}]}}