



{"id":723,"date":"2019-10-04T09:22:46","date_gmt":"2019-10-04T07:22:46","guid":{"rendered":"https:\/\/www.4h.se\/hagelby\/?page_id=723"},"modified":"2025-01-20T11:41:51","modified_gmt":"2025-01-20T10:41:51","slug":"sportlovslager","status":"publish","type":"page","link":"https:\/\/www.4h.se\/hagelby\/sportlovslager\/","title":{"rendered":"Sportlovsl\u00e4ger"},"content":{"rendered":"<div class=\"wpb-content-wrapper\"><p>[vc_row full_width=&#8221;stretch_row&#8221; gap=&#8221;3&#8243; css=&#8221;.vc_custom_1708003374132{background-color: #008b44 !important;background-position: center !important;background-repeat: no-repeat !important;background-size: cover !important;}&#8221;][vc_column offset=&#8221;vc_hidden-xs&#8221;][vc_row_inner gap=&#8221;3&#8243;][vc_column_inner css=&#8221;.vc_custom_1707734261208{background-color: #ffffff !important;border-radius: 15px !important;}&#8221;][vc_column_text css=&#8221;&#8221;]<\/p>\n<h1 style=\"text-align: center;\">V\u00e4lkommen p\u00e5 sportlovsl\u00e4ger 2025<\/h1>\n<h3 style=\"text-align: center;\">Nu \u00e4r anm\u00e4lan \u00f6ppen!<\/h3>\n<p>[\/vc_column_text][vc_column_text css=&#8221;&#8221;]Kom med p\u00e5 ett mysigt\u00a0djurl\u00e4ger! H\u00e4r f\u00e5r du som deltagare vara med och ta hand om stallet, l\u00e4ra dig mer om v\u00e5ra djur, leka, gosa med djuren och ha kul! Missa inte det!<\/p>\n<p>Vi arbetar aktivt med de 4 H:na. Huvud f\u00f6r kunskap &#8211; vi l\u00e4r oss om g\u00e5rdens alla djur och hur vi tar hand om dem. Hj\u00e4rta f\u00f6r medk\u00e4nsla &#8211; vi samarbetar och pratar om att vara sn\u00e4lla mot varandra och djuren omkring oss. Hand f\u00f6r praktisk f\u00e4rdighet &#8211; vi\u00a0tar tillsammans hand om g\u00e5rden och f\u00e5r l\u00e4ra oss genom att g\u00f6ra. H\u00e4lsa &#8211; vi \u00e4r ute i frisk luft, tar hand om oss sj\u00e4lva och \u00e4ter god mellis.[\/vc_column_text][vc_btn title=&#8221;Anm\u00e4l h\u00e4r!&#8221; style=&#8221;custom&#8221; custom_background=&#8221;#008b44&#8243; custom_text=&#8221;#ffffff&#8221; align=&#8221;center&#8221; css=&#8221;&#8221; button_block=&#8221;true&#8221; link=&#8221;url:https%3A%2F%2Fantribe.com%2Forg%2F4h%2Fhagelby-4h%2Fevent%2Fsportlovslager-djur25&#8243;][vc_column_text css=&#8221;&#8221;]<strong>Djurinriktning<\/strong> \u00e4r f\u00f6r dig 6-12 \u00e5r, det \u00e4r v\u00e5rt vanliga l\u00e4ger vi erbjuder alla lov. Vi fokuserar extra mycket p\u00e5 g\u00e5rdens djur. Vi tar hand om stallet och l\u00e4r oss mer om dem. Vi klappar p\u00e5 h\u00e4star, tar en promenad med f\u00e5ren och provar p\u00e5 att ha en h\u00f6na i kn\u00e4t.<\/p>\n<p>Anm\u00e4lan sker via v\u00e5rt medlemsystem antribe, klicka p\u00e5 l\u00e4gret f\u00f6r att komma till anm\u00e4lan. Er plats \u00e4r bokad n\u00e4r ni\u00a0f\u00e5r en faktura p\u00e5 anm\u00e4lan. Anm\u00e4lan g\u00f6rs i barnets namn och personnummer.<\/p>\n<p>I l\u00e4geravgiften ing\u00e5r mellanm\u00e5l och allt material under aktiviteter. Barn tar med sig egen lunchmats\u00e4ck. Vi \u00e4ter lunch ute och har inte tillg\u00e5ng till miKro. Mer information ges vid anm\u00e4lan.<\/p>\n<p>F\u00f6r att g\u00e5 dagl\u00e4ger beh\u00f6ver man vara medlem 2025, det kostar 330 kr\/\u00e5r.<br \/>\n\u00c4r du inte medlem sedan innan skapas en faktura vid anm\u00e4lan.<\/p>\n<p>\u00c5lder g\u00e4ller fr\u00e5n fyllda \u00e5r innan eller under l\u00e4gret. 4H-l\u00e4ger med djurinriktning har flera grupper, vi delar in grupper efter \u00e5lder.[\/vc_column_text][\/vc_column_inner][\/vc_row_inner][\/vc_column][vc_column][\/vc_column][\/vc_row]<\/p>\n<\/div>","protected":false},"excerpt":{"rendered":"<p>[vc_row full_width=&#8221;stretch_row&#8221; gap=&#8221;3&#8243; css=&#8221;.vc_custom_1708003374132{background-color: #008b44 !important;background-position: center !important;background-repeat: no-repeat !important;background-size: cover !important;}&#8221;][vc_column offset=&#8221;vc_hidden-xs&#8221;][vc_row_inner gap=&#8221;3&#8243;][vc_column_inner css=&#8221;.vc_custom_1707734261208{background-color: #ffffff !important;border-radius: 15px !important;}&#8221;][vc_column_text css=&#8221;&#8221;] V\u00e4lkommen p\u00e5 sportlovsl\u00e4ger 2025 Nu \u00e4r anm\u00e4lan \u00f6ppen! [\/vc_column_text][vc_column_text css=&#8221;&#8221;]Kom med p\u00e5 ett mysigt\u00a0djurl\u00e4ger! H\u00e4r f\u00e5r du som deltagare vara med och ta hand om stallet, l\u00e4ra dig mer om v\u00e5ra djur, leka, gosa med&nbsp; <a href=\"https:\/\/www.4h.se\/hagelby\/sportlovslager\/\">&hellip; Read more <i class=\"glyphicon glyphicon-arrow-right\"><\/i><\/a><\/p>\n","protected":false},"author":147,"featured_media":0,"parent":0,"menu_order":116,"comment_status":"closed","ping_status":"closed","template":"","meta":{"_acf_changed":false,"footnotes":""},"class_list":["post-723","page","type-page","status-publish","hentry"],"acf":[],"yoast_head":"<!-- This site is optimized with the Yoast SEO plugin v27.5 - https:\/\/yoast.com\/product\/yoast-seo-wordpress\/ -->\n<title>Sportlovsl\u00e4ger - H\u00e5gelby 4H-g\u00e5rd<\/title>\n<meta name=\"robots\" content=\"index, follow, max-snippet:-1, max-image-preview:large, max-video-preview:-1\" \/>\n<link rel=\"canonical\" href=\"https:\/\/www.4h.se\/hagelby\/sportlovslager\/\" \/>\n<meta property=\"og:locale\" content=\"sv_SE\" \/>\n<meta property=\"og:type\" content=\"article\" \/>\n<meta property=\"og:title\" content=\"Sportlovsl\u00e4ger - H\u00e5gelby 4H-g\u00e5rd\" \/>\n<meta property=\"og:description\" content=\"[vc_row full_width=&#8221;stretch_row&#8221; gap=&#8221;3&#8243; css=&#8221;.vc_custom_1708003374132{background-color: #008b44 !important;background-position: center !important;background-repeat: no-repeat !important;background-size: cover !important;}&#8221;][vc_column offset=&#8221;vc_hidden-xs&#8221;][vc_row_inner gap=&#8221;3&#8243;][vc_column_inner css=&#8221;.vc_custom_1707734261208{background-color: #ffffff !important;border-radius: 15px !important;}&#8221;][vc_column_text css=&#8221;&#8221;] V\u00e4lkommen p\u00e5 sportlovsl\u00e4ger 2025 Nu \u00e4r anm\u00e4lan \u00f6ppen! [\/vc_column_text][vc_column_text css=&#8221;&#8221;]Kom med p\u00e5 ett mysigt\u00a0djurl\u00e4ger! H\u00e4r f\u00e5r du som deltagare vara med och ta hand om stallet, l\u00e4ra dig mer om v\u00e5ra djur, leka, gosa med&nbsp; &hellip; Read more\" \/>\n<meta property=\"og:url\" content=\"https:\/\/www.4h.se\/hagelby\/sportlovslager\/\" \/>\n<meta property=\"og:site_name\" content=\"H\u00e5gelby 4H-g\u00e5rd\" \/>\n<meta property=\"article:modified_time\" content=\"2025-01-20T10:41:51+00:00\" \/>\n<meta name=\"twitter:card\" content=\"summary_large_image\" \/>\n<meta name=\"twitter:label1\" content=\"Ber\u00e4knad l\u00e4stid\" \/>\n\t<meta name=\"twitter:data1\" content=\"2 minuter\" \/>\n<script type=\"application\/ld+json\" class=\"yoast-schema-graph\">{\"@context\":\"https:\\\/\\\/schema.org\",\"@graph\":[{\"@type\":\"WebPage\",\"@id\":\"https:\\\/\\\/www.4h.se\\\/hagelby\\\/sportlovslager\\\/\",\"url\":\"https:\\\/\\\/www.4h.se\\\/hagelby\\\/sportlovslager\\\/\",\"name\":\"Sportlovsl\u00e4ger - H\u00e5gelby 4H-g\u00e5rd\",\"isPartOf\":{\"@id\":\"https:\\\/\\\/www.4h.se\\\/hagelby\\\/#website\"},\"datePublished\":\"2019-10-04T07:22:46+00:00\",\"dateModified\":\"2025-01-20T10:41:51+00:00\",\"breadcrumb\":{\"@id\":\"https:\\\/\\\/www.4h.se\\\/hagelby\\\/sportlovslager\\\/#breadcrumb\"},\"inLanguage\":\"sv-SE\",\"potentialAction\":[{\"@type\":\"ReadAction\",\"target\":[\"https:\\\/\\\/www.4h.se\\\/hagelby\\\/sportlovslager\\\/\"]}]},{\"@type\":\"BreadcrumbList\",\"@id\":\"https:\\\/\\\/www.4h.se\\\/hagelby\\\/sportlovslager\\\/#breadcrumb\",\"itemListElement\":[{\"@type\":\"ListItem\",\"position\":1,\"name\":\"Hem\",\"item\":\"https:\\\/\\\/www.4h.se\\\/hagelby\\\/\"},{\"@type\":\"ListItem\",\"position\":2,\"name\":\"Sportlovsl\u00e4ger\"}]},{\"@type\":\"WebSite\",\"@id\":\"https:\\\/\\\/www.4h.se\\\/hagelby\\\/#website\",\"url\":\"https:\\\/\\\/www.4h.se\\\/hagelby\\\/\",\"name\":\"H\u00e5gelby 4H-g\u00e5rd\",\"description\":\"\",\"potentialAction\":[{\"@type\":\"SearchAction\",\"target\":{\"@type\":\"EntryPoint\",\"urlTemplate\":\"https:\\\/\\\/www.4h.se\\\/hagelby\\\/?s={search_term_string}\"},\"query-input\":{\"@type\":\"PropertyValueSpecification\",\"valueRequired\":true,\"valueName\":\"search_term_string\"}}],\"inLanguage\":\"sv-SE\"}]}<\/script>\n<!-- \/ Yoast SEO plugin. -->","yoast_head_json":{"title":"Sportlovsl\u00e4ger - H\u00e5gelby 4H-g\u00e5rd","robots":{"index":"index","follow":"follow","max-snippet":"max-snippet:-1","max-image-preview":"max-image-preview:large","max-video-preview":"max-video-preview:-1"},"canonical":"https:\/\/www.4h.se\/hagelby\/sportlovslager\/","og_locale":"sv_SE","og_type":"article","og_title":"Sportlovsl\u00e4ger - H\u00e5gelby 4H-g\u00e5rd","og_description":"[vc_row full_width=&#8221;stretch_row&#8221; gap=&#8221;3&#8243; css=&#8221;.vc_custom_1708003374132{background-color: #008b44 !important;background-position: center !important;background-repeat: no-repeat !important;background-size: cover !important;}&#8221;][vc_column offset=&#8221;vc_hidden-xs&#8221;][vc_row_inner gap=&#8221;3&#8243;][vc_column_inner css=&#8221;.vc_custom_1707734261208{background-color: #ffffff !important;border-radius: 15px !important;}&#8221;][vc_column_text css=&#8221;&#8221;] V\u00e4lkommen p\u00e5 sportlovsl\u00e4ger 2025 Nu \u00e4r anm\u00e4lan \u00f6ppen! [\/vc_column_text][vc_column_text css=&#8221;&#8221;]Kom med p\u00e5 ett mysigt\u00a0djurl\u00e4ger! H\u00e4r f\u00e5r du som deltagare vara med och ta hand om stallet, l\u00e4ra dig mer om v\u00e5ra djur, leka, gosa med&nbsp; &hellip; Read more","og_url":"https:\/\/www.4h.se\/hagelby\/sportlovslager\/","og_site_name":"H\u00e5gelby 4H-g\u00e5rd","article_modified_time":"2025-01-20T10:41:51+00:00","twitter_card":"summary_large_image","twitter_misc":{"Ber\u00e4knad l\u00e4stid":"2 minuter"},"schema":{"@context":"https:\/\/schema.org","@graph":[{"@type":"WebPage","@id":"https:\/\/www.4h.se\/hagelby\/sportlovslager\/","url":"https:\/\/www.4h.se\/hagelby\/sportlovslager\/","name":"Sportlovsl\u00e4ger - H\u00e5gelby 4H-g\u00e5rd","isPartOf":{"@id":"https:\/\/www.4h.se\/hagelby\/#website"},"datePublished":"2019-10-04T07:22:46+00:00","dateModified":"2025-01-20T10:41:51+00:00","breadcrumb":{"@id":"https:\/\/www.4h.se\/hagelby\/sportlovslager\/#breadcrumb"},"inLanguage":"sv-SE","potentialAction":[{"@type":"ReadAction","target":["https:\/\/www.4h.se\/hagelby\/sportlovslager\/"]}]},{"@type":"BreadcrumbList","@id":"https:\/\/www.4h.se\/hagelby\/sportlovslager\/#breadcrumb","itemListElement":[{"@type":"ListItem","position":1,"name":"Hem","item":"https:\/\/www.4h.se\/hagelby\/"},{"@type":"ListItem","position":2,"name":"Sportlovsl\u00e4ger"}]},{"@type":"WebSite","@id":"https:\/\/www.4h.se\/hagelby\/#website","url":"https:\/\/www.4h.se\/hagelby\/","name":"H\u00e5gelby 4H-g\u00e5rd","description":"","potentialAction":[{"@type":"SearchAction","target":{"@type":"EntryPoint","urlTemplate":"https:\/\/www.4h.se\/hagelby\/?s={search_term_string}"},"query-input":{"@type":"PropertyValueSpecification","valueRequired":true,"valueName":"search_term_string"}}],"inLanguage":"sv-SE"}]}},"_links":{"self":[{"href":"https:\/\/www.4h.se\/hagelby\/wp-json\/wp\/v2\/pages\/723","targetHints":{"allow":["GET"]}}],"collection":[{"href":"https:\/\/www.4h.se\/hagelby\/wp-json\/wp\/v2\/pages"}],"about":[{"href":"https:\/\/www.4h.se\/hagelby\/wp-json\/wp\/v2\/types\/page"}],"author":[{"embeddable":true,"href":"https:\/\/www.4h.se\/hagelby\/wp-json\/wp\/v2\/users\/147"}],"replies":[{"embeddable":true,"href":"https:\/\/www.4h.se\/hagelby\/wp-json\/wp\/v2\/comments?post=723"}],"version-history":[{"count":0,"href":"https:\/\/www.4h.se\/hagelby\/wp-json\/wp\/v2\/pages\/723\/revisions"}],"wp:attachment":[{"href":"https:\/\/www.4h.se\/hagelby\/wp-json\/wp\/v2\/media?parent=723"}],"curies":[{"name":"wp","href":"https:\/\/api.w.org\/{rel}","templated":true}]}}