



{"id":722,"date":"2019-10-04T09:22:14","date_gmt":"2019-10-04T07:22:14","guid":{"rendered":"https:\/\/www.4h.se\/hagelby\/?page_id=722"},"modified":"2025-10-25T08:34:37","modified_gmt":"2025-10-25T06:34:37","slug":"spokjakt","status":"publish","type":"page","link":"https:\/\/www.4h.se\/hagelby\/spokjakt\/","title":{"rendered":"Sp\u00f6kjakt"},"content":{"rendered":"<div class=\"wpb-content-wrapper\"><p>[vc_row full_width=&#8221;stretch_row&#8221; css=&#8221;.vc_custom_1758791581955{margin-top: -110px !important;background-color: #F1A41E !important;background-position: center !important;background-repeat: no-repeat !important;background-size: cover !important;}&#8221;][vc_column][vc_row_inner css=&#8221;.vc_custom_1727850690761{margin-bottom: 30px !important;background-color: rgba(71,71,71,0.01) !important;*background-color: rgb(71,71,71) !important;border-radius: 15px !important;}&#8221;][vc_column_inner css=&#8221;.vc_custom_1727850755826{background-color: rgba(255,255,255,0.67) !important;*background-color: rgb(255,255,255) !important;border-radius: 15px !important;}&#8221;][vc_column_text css=&#8221;&#8221;]<\/p>\n<h1 style=\"text-align: center;\"><span style=\"color: #000000;\">Sp\u00f6kjakt<\/span><\/h1>\n<h4><\/h4>\n<p>[\/vc_column_text][vc_column_text css=&#8221;&#8221;]<\/p>\n<h3 style=\"text-align: left;\"><strong>31 oktober \u2013 Vittrorna \u00e4r arga, och vi beh\u00f6ver din hj\u00e4lp!<\/strong>&nbsp;\ud83d\udc7b<\/h3>\n<p style=\"text-align: left;\">N\u00e4r \u00c4ngshuset byggdes visste ingen att det byggdes rakt ovanp\u00e5 ett gammalt vitterstr\u00e5k \u2013 en osynlig stig som vittrorna vandrat i hundratals \u00e5r. Nu \u00e4r de rasande. De har l\u00e4mnat underjorden och kommit upp till v\u00e5r v\u00e4rld f\u00f6r att skr\u00e4mma bort oss.<\/p>\n<p style=\"text-align: left;\">Men vi tror att det finns ett s\u00e4tt att g\u00f6ra dem glada igen \u2013 och vi beh\u00f6ver din hj\u00e4lp! Uppdraget \u00e4r att ta sig f\u00f6rbi alla vittror, hitta det hemliga ordet och v\u00e5ga sig hela v\u00e4gen till slutet d\u00e4r alla barn f\u00e5r en present!<\/p>\n<p style=\"text-align: left;\">\ud83d\udd6f\ufe0f&nbsp;<strong>Datum:<\/strong>&nbsp;Fredag 31 oktober<\/p>\n<p style=\"text-align: left;\">\ud83d\udd70\ufe0f&nbsp;<strong>Starttider: <\/strong>15.45-18.30<br \/>\n\u2013 Fr. kl. 15.45 \u2013 Sn\u00e4ll biljett<br \/>\n\u2013 Fr. kl. 16.45 \u2013 L\u00e4skig biljett<br \/>\n\u2013 Fr. kl. 17.45 \u2013 Ot\u00e4ck biljett<br \/>\n\ud83d\udccd&nbsp;<strong>Plats:<\/strong>&nbsp;H\u00e5gelbyparken, Tumba<br \/>\n\ud83c\udfad&nbsp;<strong>Tema:<\/strong>&nbsp;Vittror \u2013 nordiska v\u00e4sen i uppror<br \/>\n\ud83d\udc65&nbsp;<strong>F\u00f6r vem:<\/strong>&nbsp; Vi rekommenderar barn under 8 \u00e5r att boka tid innan m\u00f6rkret faller \u2013 kring kl. 17. Rundan tar ca 10-30 minuter beroende p\u00e5 hur snabbt barnen g\u00e5r (och hur l\u00e4skigt de tycker det \u00e4r). Rundan g\u00e5r att g\u00e5 med s\u00e5v\u00e4l rullstol som barnvagn.<\/p>\n<p style=\"text-align: left;\">\ud83d\udd25&nbsp;<strong>Grill med l\u00e4ttare f\u00f6rt\u00e4ring finns p\u00e5 plats!<\/strong><br \/>\nPassa p\u00e5 att v\u00e4rma dig och fylla p\u00e5 med energi innan eller efter jakten.<\/p>\n<p><span class=\"x1xsqp64 xiy17q3 x1o6pynw x19co3pv xdj266r xjn30re xat24cr x1hb08if x2b8uid\" data-testid=\"emoji\"><span class=\"xexx8yu xcaqkgz x18d9i69 xbwkkl7 x3jgonx x1bhl96m\">\u2728<\/span><\/span> Sp\u00f6kjakten planeras och genomf\u00f6rs helt av<strong> v\u00e5ra volont\u00e4rer och unga ledare<\/strong> &#8211; f\u00f6r att ge barn en h\u00e4rligt ot\u00e4ck kv\u00e4ll!<\/p>\n<p style=\"text-align: left;\"><strong>Boka din plats redan idag &#8211;<\/strong>&nbsp;<strong>Anm\u00e4lan kr\u00e4vs, begr\u00e4nsat antal platser!<\/strong><br \/>\n\ud83d\udc49 <a id=\"menursa\" class=\"fui-Link ___1q1shib f2hkw1w f3rmtva f1ewtqcl fyind8e f1k6fduh f1w7gpdv fk6fouc fjoy568 figsok6 f1s184ao f1mk8lai fnbmjn9 f1o700av f13mvf36 f1cmlufx f9n3di6 f1ids18y f1tx3yz7 f1deo86v f1eh06m1 f1iescvh fhgqx19 f1olyrje f1p93eir f1nev41a f1h8hb77 f1lqvz6u f10aw75t fsle3fq f17ae5zn\" title=\"https:\/\/easytic.se\/event\/spokjakt-pa-hagelby-4h-10\/\" href=\"https:\/\/easytic.se\/event\/spokjakt-pa-hagelby-4h-10\/\" target=\"_blank\" rel=\"noreferrer noopener\" aria-label=\"L\u00e4nk Anm\u00e4lan hittar ni h\u00e4r\">Anm\u00e4lan hittar ni h\u00e4r<\/a><\/p>\n<p>[\/vc_column_text][vc_single_image image=&#8221;1758&#8243; img_size=&#8221;full&#8221; alignment=&#8221;center&#8221; onclick=&#8221;custom_link&#8221; img_link_target=&#8221;_blank&#8221; css=&#8221;&#8221; link=&#8221;https:\/\/antribe.com\/org\/4h\/hagelby-4h\/event\/hostlov-v-44-djur-7-11-ar-hagelby-4h&#8221;][\/vc_column_inner][\/vc_row_inner][\/vc_column][\/vc_row][vc_row disable_element=&#8221;yes&#8221;][vc_column][\/vc_column][\/vc_row]<\/p>\n<\/div>","protected":false},"excerpt":{"rendered":"<p>[vc_row full_width=&#8221;stretch_row&#8221; css=&#8221;.vc_custom_1758791581955{margin-top: -110px !important;background-color: #F1A41E !important;background-position: center !important;background-repeat: no-repeat !important;background-size: cover !important;}&#8221;][vc_column][vc_row_inner css=&#8221;.vc_custom_1727850690761{margin-bottom: 30px !important;background-color: rgba(71,71,71,0.01) !important;*background-color: rgb(71,71,71) !important;border-radius: 15px !important;}&#8221;][vc_column_inner css=&#8221;.vc_custom_1727850755826{background-color: rgba(255,255,255,0.67) !important;*background-color: rgb(255,255,255) !important;border-radius: 15px !important;}&#8221;][vc_column_text css=&#8221;&#8221;] Sp\u00f6kjakt [\/vc_column_text][vc_column_text css=&#8221;&#8221;] 31 oktober \u2013 Vittrorna \u00e4r arga, och vi beh\u00f6ver din hj\u00e4lp!&nbsp;\ud83d\udc7b N\u00e4r \u00c4ngshuset byggdes visste ingen att det byggdes rakt ovanp\u00e5 ett&nbsp; <a href=\"https:\/\/www.4h.se\/hagelby\/spokjakt\/\">&hellip; Read more <i class=\"glyphicon glyphicon-arrow-right\"><\/i><\/a><\/p>\n","protected":false},"author":147,"featured_media":0,"parent":0,"menu_order":111,"comment_status":"closed","ping_status":"closed","template":"","meta":{"_acf_changed":false,"footnotes":""},"class_list":["post-722","page","type-page","status-publish","hentry"],"acf":[],"yoast_head":"<!-- This site is optimized with the Yoast SEO plugin v27.5 - https:\/\/yoast.com\/product\/yoast-seo-wordpress\/ -->\n<title>Sp\u00f6kjakt - H\u00e5gelby 4H-g\u00e5rd<\/title>\n<meta name=\"robots\" content=\"index, follow, max-snippet:-1, max-image-preview:large, max-video-preview:-1\" \/>\n<link rel=\"canonical\" href=\"https:\/\/www.4h.se\/hagelby\/spokjakt\/\" \/>\n<meta property=\"og:locale\" content=\"sv_SE\" \/>\n<meta property=\"og:type\" content=\"article\" \/>\n<meta property=\"og:title\" content=\"Sp\u00f6kjakt - H\u00e5gelby 4H-g\u00e5rd\" \/>\n<meta property=\"og:description\" content=\"[vc_row full_width=&#8221;stretch_row&#8221; css=&#8221;.vc_custom_1758791581955{margin-top: -110px !important;background-color: #F1A41E !important;background-position: center !important;background-repeat: no-repeat !important;background-size: cover !important;}&#8221;][vc_column][vc_row_inner css=&#8221;.vc_custom_1727850690761{margin-bottom: 30px !important;background-color: rgba(71,71,71,0.01) !important;*background-color: rgb(71,71,71) !important;border-radius: 15px !important;}&#8221;][vc_column_inner css=&#8221;.vc_custom_1727850755826{background-color: rgba(255,255,255,0.67) !important;*background-color: rgb(255,255,255) !important;border-radius: 15px !important;}&#8221;][vc_column_text css=&#8221;&#8221;] Sp\u00f6kjakt [\/vc_column_text][vc_column_text css=&#8221;&#8221;] 31 oktober \u2013 Vittrorna \u00e4r arga, och vi beh\u00f6ver din hj\u00e4lp!&nbsp;\ud83d\udc7b N\u00e4r \u00c4ngshuset byggdes visste ingen att det byggdes rakt ovanp\u00e5 ett&nbsp; &hellip; Read more\" \/>\n<meta property=\"og:url\" content=\"https:\/\/www.4h.se\/hagelby\/spokjakt\/\" \/>\n<meta property=\"og:site_name\" content=\"H\u00e5gelby 4H-g\u00e5rd\" \/>\n<meta property=\"article:modified_time\" content=\"2025-10-25T06:34:37+00:00\" \/>\n<meta name=\"twitter:card\" content=\"summary_large_image\" \/>\n<meta name=\"twitter:label1\" content=\"Ber\u00e4knad l\u00e4stid\" \/>\n\t<meta name=\"twitter:data1\" content=\"2 minuter\" \/>\n<script type=\"application\/ld+json\" class=\"yoast-schema-graph\">{\"@context\":\"https:\\\/\\\/schema.org\",\"@graph\":[{\"@type\":\"WebPage\",\"@id\":\"https:\\\/\\\/www.4h.se\\\/hagelby\\\/spokjakt\\\/\",\"url\":\"https:\\\/\\\/www.4h.se\\\/hagelby\\\/spokjakt\\\/\",\"name\":\"Sp\u00f6kjakt - H\u00e5gelby 4H-g\u00e5rd\",\"isPartOf\":{\"@id\":\"https:\\\/\\\/www.4h.se\\\/hagelby\\\/#website\"},\"datePublished\":\"2019-10-04T07:22:14+00:00\",\"dateModified\":\"2025-10-25T06:34:37+00:00\",\"breadcrumb\":{\"@id\":\"https:\\\/\\\/www.4h.se\\\/hagelby\\\/spokjakt\\\/#breadcrumb\"},\"inLanguage\":\"sv-SE\",\"potentialAction\":[{\"@type\":\"ReadAction\",\"target\":[\"https:\\\/\\\/www.4h.se\\\/hagelby\\\/spokjakt\\\/\"]}]},{\"@type\":\"BreadcrumbList\",\"@id\":\"https:\\\/\\\/www.4h.se\\\/hagelby\\\/spokjakt\\\/#breadcrumb\",\"itemListElement\":[{\"@type\":\"ListItem\",\"position\":1,\"name\":\"Hem\",\"item\":\"https:\\\/\\\/www.4h.se\\\/hagelby\\\/\"},{\"@type\":\"ListItem\",\"position\":2,\"name\":\"Sp\u00f6kjakt\"}]},{\"@type\":\"WebSite\",\"@id\":\"https:\\\/\\\/www.4h.se\\\/hagelby\\\/#website\",\"url\":\"https:\\\/\\\/www.4h.se\\\/hagelby\\\/\",\"name\":\"H\u00e5gelby 4H-g\u00e5rd\",\"description\":\"\",\"potentialAction\":[{\"@type\":\"SearchAction\",\"target\":{\"@type\":\"EntryPoint\",\"urlTemplate\":\"https:\\\/\\\/www.4h.se\\\/hagelby\\\/?s={search_term_string}\"},\"query-input\":{\"@type\":\"PropertyValueSpecification\",\"valueRequired\":true,\"valueName\":\"search_term_string\"}}],\"inLanguage\":\"sv-SE\"}]}<\/script>\n<!-- \/ Yoast SEO plugin. -->","yoast_head_json":{"title":"Sp\u00f6kjakt - H\u00e5gelby 4H-g\u00e5rd","robots":{"index":"index","follow":"follow","max-snippet":"max-snippet:-1","max-image-preview":"max-image-preview:large","max-video-preview":"max-video-preview:-1"},"canonical":"https:\/\/www.4h.se\/hagelby\/spokjakt\/","og_locale":"sv_SE","og_type":"article","og_title":"Sp\u00f6kjakt - H\u00e5gelby 4H-g\u00e5rd","og_description":"[vc_row full_width=&#8221;stretch_row&#8221; css=&#8221;.vc_custom_1758791581955{margin-top: -110px !important;background-color: #F1A41E !important;background-position: center !important;background-repeat: no-repeat !important;background-size: cover !important;}&#8221;][vc_column][vc_row_inner css=&#8221;.vc_custom_1727850690761{margin-bottom: 30px !important;background-color: rgba(71,71,71,0.01) !important;*background-color: rgb(71,71,71) !important;border-radius: 15px !important;}&#8221;][vc_column_inner css=&#8221;.vc_custom_1727850755826{background-color: rgba(255,255,255,0.67) !important;*background-color: rgb(255,255,255) !important;border-radius: 15px !important;}&#8221;][vc_column_text css=&#8221;&#8221;] Sp\u00f6kjakt [\/vc_column_text][vc_column_text css=&#8221;&#8221;] 31 oktober \u2013 Vittrorna \u00e4r arga, och vi beh\u00f6ver din hj\u00e4lp!&nbsp;\ud83d\udc7b N\u00e4r \u00c4ngshuset byggdes visste ingen att det byggdes rakt ovanp\u00e5 ett&nbsp; &hellip; Read more","og_url":"https:\/\/www.4h.se\/hagelby\/spokjakt\/","og_site_name":"H\u00e5gelby 4H-g\u00e5rd","article_modified_time":"2025-10-25T06:34:37+00:00","twitter_card":"summary_large_image","twitter_misc":{"Ber\u00e4knad l\u00e4stid":"2 minuter"},"schema":{"@context":"https:\/\/schema.org","@graph":[{"@type":"WebPage","@id":"https:\/\/www.4h.se\/hagelby\/spokjakt\/","url":"https:\/\/www.4h.se\/hagelby\/spokjakt\/","name":"Sp\u00f6kjakt - H\u00e5gelby 4H-g\u00e5rd","isPartOf":{"@id":"https:\/\/www.4h.se\/hagelby\/#website"},"datePublished":"2019-10-04T07:22:14+00:00","dateModified":"2025-10-25T06:34:37+00:00","breadcrumb":{"@id":"https:\/\/www.4h.se\/hagelby\/spokjakt\/#breadcrumb"},"inLanguage":"sv-SE","potentialAction":[{"@type":"ReadAction","target":["https:\/\/www.4h.se\/hagelby\/spokjakt\/"]}]},{"@type":"BreadcrumbList","@id":"https:\/\/www.4h.se\/hagelby\/spokjakt\/#breadcrumb","itemListElement":[{"@type":"ListItem","position":1,"name":"Hem","item":"https:\/\/www.4h.se\/hagelby\/"},{"@type":"ListItem","position":2,"name":"Sp\u00f6kjakt"}]},{"@type":"WebSite","@id":"https:\/\/www.4h.se\/hagelby\/#website","url":"https:\/\/www.4h.se\/hagelby\/","name":"H\u00e5gelby 4H-g\u00e5rd","description":"","potentialAction":[{"@type":"SearchAction","target":{"@type":"EntryPoint","urlTemplate":"https:\/\/www.4h.se\/hagelby\/?s={search_term_string}"},"query-input":{"@type":"PropertyValueSpecification","valueRequired":true,"valueName":"search_term_string"}}],"inLanguage":"sv-SE"}]}},"_links":{"self":[{"href":"https:\/\/www.4h.se\/hagelby\/wp-json\/wp\/v2\/pages\/722","targetHints":{"allow":["GET"]}}],"collection":[{"href":"https:\/\/www.4h.se\/hagelby\/wp-json\/wp\/v2\/pages"}],"about":[{"href":"https:\/\/www.4h.se\/hagelby\/wp-json\/wp\/v2\/types\/page"}],"author":[{"embeddable":true,"href":"https:\/\/www.4h.se\/hagelby\/wp-json\/wp\/v2\/users\/147"}],"replies":[{"embeddable":true,"href":"https:\/\/www.4h.se\/hagelby\/wp-json\/wp\/v2\/comments?post=722"}],"version-history":[{"count":0,"href":"https:\/\/www.4h.se\/hagelby\/wp-json\/wp\/v2\/pages\/722\/revisions"}],"wp:attachment":[{"href":"https:\/\/www.4h.se\/hagelby\/wp-json\/wp\/v2\/media?parent=722"}],"curies":[{"name":"wp","href":"https:\/\/api.w.org\/{rel}","templated":true}]}}