



{"id":713,"date":"2019-09-06T13:05:29","date_gmt":"2019-09-06T11:05:29","guid":{"rendered":"https:\/\/www.4h.se\/hagelby\/?page_id=713"},"modified":"2023-05-12T13:47:39","modified_gmt":"2023-05-12T11:47:39","slug":"newbody","status":"publish","type":"page","link":"https:\/\/www.4h.se\/hagelby\/newbody\/","title":{"rendered":"Newbody"},"content":{"rendered":"<div class=\"wpb-content-wrapper\"><p>[vc_row][vc_column width=&#8221;1\/2&#8243;][vc_column_text]<\/p>\n<h4>Var med och st\u00f6tta v\u00e5r ledarverksamhet och v\u00e5ra fantastiska ledare som g\u00f6r hela v\u00e5r verksamhet m\u00f6jlig.Just nu s\u00e4ljer vi kl\u00e4der fr\u00e5n Newbody. Int\u00e4kterna kommer att g\u00e5 till b\u00e5de aktiviteter och utbildning f\u00f6r att st\u00e4rka v\u00e5ra ledare i sin roll s\u00e5 att v\u00e5r barn- och ungdomsverksamhet forts\u00e4tter att bli \u00e4nnu b\u00e4ttre.<\/h4>\n<h4>Du best\u00e4ller enkelt kl\u00e4derna via l\u00e4nken nedan.<\/h4>\n<p>[\/vc_column_text][\/vc_column][vc_column width=&#8221;1\/2&#8243;][vc_single_image image=&#8221;714&#8243; img_size=&#8221;medium&#8221;][\/vc_column][\/vc_row][vc_row][vc_column][vc_column_text]<\/p>\n<h1 style=\"text-align: center\"><span style=\"color: #339966\"><a style=\"color: #339966\" href=\"https:\/\/www.newbody.se\/s\/TCAHJDQ-CAHJEP.\">KLICKA H\u00c4R F\u00d6R ATT KOMMA TILL WEBBSHOPEN<\/a><\/span><\/h1>\n<p>[\/vc_column_text][\/vc_column][\/vc_row]<\/p>\n<\/div>","protected":false},"excerpt":{"rendered":"<p>[vc_row][vc_column width=&#8221;1\/2&#8243;][vc_column_text] Var med och st\u00f6tta v\u00e5r ledarverksamhet och v\u00e5ra fantastiska ledare som g\u00f6r hela v\u00e5r verksamhet m\u00f6jlig.Just nu s\u00e4ljer vi kl\u00e4der fr\u00e5n Newbody. Int\u00e4kterna kommer att g\u00e5 till b\u00e5de aktiviteter och utbildning f\u00f6r att st\u00e4rka v\u00e5ra ledare i sin roll s\u00e5 att v\u00e5r barn- och ungdomsverksamhet forts\u00e4tter att bli \u00e4nnu b\u00e4ttre. Du best\u00e4ller enkelt&nbsp; <a href=\"https:\/\/www.4h.se\/hagelby\/newbody\/\">&hellip; Read more <i class=\"glyphicon glyphicon-arrow-right\"><\/i><\/a><\/p>\n","protected":false},"author":147,"featured_media":0,"parent":0,"menu_order":84,"comment_status":"closed","ping_status":"closed","template":"","meta":{"_acf_changed":false,"footnotes":""},"class_list":["post-713","page","type-page","status-publish","hentry"],"acf":[],"yoast_head":"<!-- This site is optimized with the Yoast SEO plugin v27.5 - https:\/\/yoast.com\/product\/yoast-seo-wordpress\/ -->\n<title>Newbody - H\u00e5gelby 4H-g\u00e5rd<\/title>\n<meta name=\"robots\" content=\"index, follow, max-snippet:-1, max-image-preview:large, max-video-preview:-1\" \/>\n<link rel=\"canonical\" href=\"https:\/\/www.4h.se\/hagelby\/newbody\/\" \/>\n<meta property=\"og:locale\" content=\"sv_SE\" \/>\n<meta property=\"og:type\" content=\"article\" \/>\n<meta property=\"og:title\" content=\"Newbody - H\u00e5gelby 4H-g\u00e5rd\" \/>\n<meta property=\"og:description\" content=\"[vc_row][vc_column width=&#8221;1\/2&#8243;][vc_column_text] Var med och st\u00f6tta v\u00e5r ledarverksamhet och v\u00e5ra fantastiska ledare som g\u00f6r hela v\u00e5r verksamhet m\u00f6jlig.Just nu s\u00e4ljer vi kl\u00e4der fr\u00e5n Newbody. Int\u00e4kterna kommer att g\u00e5 till b\u00e5de aktiviteter och utbildning f\u00f6r att st\u00e4rka v\u00e5ra ledare i sin roll s\u00e5 att v\u00e5r barn- och ungdomsverksamhet forts\u00e4tter att bli \u00e4nnu b\u00e4ttre. Du best\u00e4ller enkelt&nbsp; &hellip; Read more\" \/>\n<meta property=\"og:url\" content=\"https:\/\/www.4h.se\/hagelby\/newbody\/\" \/>\n<meta property=\"og:site_name\" content=\"H\u00e5gelby 4H-g\u00e5rd\" \/>\n<meta property=\"article:modified_time\" content=\"2023-05-12T11:47:39+00:00\" \/>\n<meta name=\"twitter:card\" content=\"summary_large_image\" \/>\n<meta name=\"twitter:label1\" content=\"Ber\u00e4knad l\u00e4stid\" \/>\n\t<meta name=\"twitter:data1\" content=\"1 minut\" \/>\n<script type=\"application\/ld+json\" class=\"yoast-schema-graph\">{\"@context\":\"https:\\\/\\\/schema.org\",\"@graph\":[{\"@type\":\"WebPage\",\"@id\":\"https:\\\/\\\/www.4h.se\\\/hagelby\\\/newbody\\\/\",\"url\":\"https:\\\/\\\/www.4h.se\\\/hagelby\\\/newbody\\\/\",\"name\":\"Newbody - H\u00e5gelby 4H-g\u00e5rd\",\"isPartOf\":{\"@id\":\"https:\\\/\\\/www.4h.se\\\/hagelby\\\/#website\"},\"datePublished\":\"2019-09-06T11:05:29+00:00\",\"dateModified\":\"2023-05-12T11:47:39+00:00\",\"breadcrumb\":{\"@id\":\"https:\\\/\\\/www.4h.se\\\/hagelby\\\/newbody\\\/#breadcrumb\"},\"inLanguage\":\"sv-SE\",\"potentialAction\":[{\"@type\":\"ReadAction\",\"target\":[\"https:\\\/\\\/www.4h.se\\\/hagelby\\\/newbody\\\/\"]}]},{\"@type\":\"BreadcrumbList\",\"@id\":\"https:\\\/\\\/www.4h.se\\\/hagelby\\\/newbody\\\/#breadcrumb\",\"itemListElement\":[{\"@type\":\"ListItem\",\"position\":1,\"name\":\"Hem\",\"item\":\"https:\\\/\\\/www.4h.se\\\/hagelby\\\/\"},{\"@type\":\"ListItem\",\"position\":2,\"name\":\"Newbody\"}]},{\"@type\":\"WebSite\",\"@id\":\"https:\\\/\\\/www.4h.se\\\/hagelby\\\/#website\",\"url\":\"https:\\\/\\\/www.4h.se\\\/hagelby\\\/\",\"name\":\"H\u00e5gelby 4H-g\u00e5rd\",\"description\":\"\",\"potentialAction\":[{\"@type\":\"SearchAction\",\"target\":{\"@type\":\"EntryPoint\",\"urlTemplate\":\"https:\\\/\\\/www.4h.se\\\/hagelby\\\/?s={search_term_string}\"},\"query-input\":{\"@type\":\"PropertyValueSpecification\",\"valueRequired\":true,\"valueName\":\"search_term_string\"}}],\"inLanguage\":\"sv-SE\"}]}<\/script>\n<!-- \/ Yoast SEO plugin. -->","yoast_head_json":{"title":"Newbody - H\u00e5gelby 4H-g\u00e5rd","robots":{"index":"index","follow":"follow","max-snippet":"max-snippet:-1","max-image-preview":"max-image-preview:large","max-video-preview":"max-video-preview:-1"},"canonical":"https:\/\/www.4h.se\/hagelby\/newbody\/","og_locale":"sv_SE","og_type":"article","og_title":"Newbody - H\u00e5gelby 4H-g\u00e5rd","og_description":"[vc_row][vc_column width=&#8221;1\/2&#8243;][vc_column_text] Var med och st\u00f6tta v\u00e5r ledarverksamhet och v\u00e5ra fantastiska ledare som g\u00f6r hela v\u00e5r verksamhet m\u00f6jlig.Just nu s\u00e4ljer vi kl\u00e4der fr\u00e5n Newbody. Int\u00e4kterna kommer att g\u00e5 till b\u00e5de aktiviteter och utbildning f\u00f6r att st\u00e4rka v\u00e5ra ledare i sin roll s\u00e5 att v\u00e5r barn- och ungdomsverksamhet forts\u00e4tter att bli \u00e4nnu b\u00e4ttre. Du best\u00e4ller enkelt&nbsp; &hellip; Read more","og_url":"https:\/\/www.4h.se\/hagelby\/newbody\/","og_site_name":"H\u00e5gelby 4H-g\u00e5rd","article_modified_time":"2023-05-12T11:47:39+00:00","twitter_card":"summary_large_image","twitter_misc":{"Ber\u00e4knad l\u00e4stid":"1 minut"},"schema":{"@context":"https:\/\/schema.org","@graph":[{"@type":"WebPage","@id":"https:\/\/www.4h.se\/hagelby\/newbody\/","url":"https:\/\/www.4h.se\/hagelby\/newbody\/","name":"Newbody - H\u00e5gelby 4H-g\u00e5rd","isPartOf":{"@id":"https:\/\/www.4h.se\/hagelby\/#website"},"datePublished":"2019-09-06T11:05:29+00:00","dateModified":"2023-05-12T11:47:39+00:00","breadcrumb":{"@id":"https:\/\/www.4h.se\/hagelby\/newbody\/#breadcrumb"},"inLanguage":"sv-SE","potentialAction":[{"@type":"ReadAction","target":["https:\/\/www.4h.se\/hagelby\/newbody\/"]}]},{"@type":"BreadcrumbList","@id":"https:\/\/www.4h.se\/hagelby\/newbody\/#breadcrumb","itemListElement":[{"@type":"ListItem","position":1,"name":"Hem","item":"https:\/\/www.4h.se\/hagelby\/"},{"@type":"ListItem","position":2,"name":"Newbody"}]},{"@type":"WebSite","@id":"https:\/\/www.4h.se\/hagelby\/#website","url":"https:\/\/www.4h.se\/hagelby\/","name":"H\u00e5gelby 4H-g\u00e5rd","description":"","potentialAction":[{"@type":"SearchAction","target":{"@type":"EntryPoint","urlTemplate":"https:\/\/www.4h.se\/hagelby\/?s={search_term_string}"},"query-input":{"@type":"PropertyValueSpecification","valueRequired":true,"valueName":"search_term_string"}}],"inLanguage":"sv-SE"}]}},"_links":{"self":[{"href":"https:\/\/www.4h.se\/hagelby\/wp-json\/wp\/v2\/pages\/713","targetHints":{"allow":["GET"]}}],"collection":[{"href":"https:\/\/www.4h.se\/hagelby\/wp-json\/wp\/v2\/pages"}],"about":[{"href":"https:\/\/www.4h.se\/hagelby\/wp-json\/wp\/v2\/types\/page"}],"author":[{"embeddable":true,"href":"https:\/\/www.4h.se\/hagelby\/wp-json\/wp\/v2\/users\/147"}],"replies":[{"embeddable":true,"href":"https:\/\/www.4h.se\/hagelby\/wp-json\/wp\/v2\/comments?post=713"}],"version-history":[{"count":0,"href":"https:\/\/www.4h.se\/hagelby\/wp-json\/wp\/v2\/pages\/713\/revisions"}],"wp:attachment":[{"href":"https:\/\/www.4h.se\/hagelby\/wp-json\/wp\/v2\/media?parent=713"}],"curies":[{"name":"wp","href":"https:\/\/api.w.org\/{rel}","templated":true}]}}