



{"id":709,"date":"2019-08-21T14:54:24","date_gmt":"2019-08-21T12:54:24","guid":{"rendered":"https:\/\/www.4h.se\/hagelby\/?page_id=709"},"modified":"2025-09-11T11:39:44","modified_gmt":"2025-09-11T09:39:44","slug":"hostlov","status":"publish","type":"page","link":"https:\/\/www.4h.se\/hagelby\/hostlov\/","title":{"rendered":"H\u00f6stlovsl\u00e4ger"},"content":{"rendered":"<div class=\"wpb-content-wrapper\"><p>[vc_row full_width=&#8221;stretch_row&#8221; css=&#8221;.vc_custom_1756803283740{margin-top: -110px !important;background-color: #008b44 !important;}&#8221;][vc_column][vc_single_image image=&#8221;1745&#8243; img_size=&#8221;full&#8221; alignment=&#8221;center&#8221; css=&#8221;&#8221;][vc_row_inner css=&#8221;.vc_custom_1661943637540{margin-bottom: 30px !important;background-color: #ffffff !important;border-radius: 15px !important;}&#8221;][vc_column_inner width=&#8221;2\/3&#8243;][vc_column_text css=&#8221;&#8221;]<\/p>\n<h2>H\u00f6stlovsl\u00e4ger 2025<\/h2>\n<p>[\/vc_column_text][vc_column_text css=&#8221;&#8221;]<\/p>\n<h4 data-start=\"119\" data-end=\"456\">\ud83c\udf1f H\u00e4ng med p\u00e5 v\u00e5rt supermysiga djurl\u00e4ger! \ud83c\udf1f<\/h4>\n<p data-start=\"119\" data-end=\"456\">\u00c4lskar du djur, skoj och nya kompisar? D\u00e5 \u00e4r det h\u00e4r l\u00e4gret f\u00f6r dig! Under veckan f\u00e5r du vara med och sk\u00f6ta om stallet, h\u00e4nga med v\u00e5ra djur, leka och l\u00e4ra dig massor!<br \/>\nEn vecka full av djurmys, lek och gemenskap v\u00e4ntar \u2013 det vill du inte missa!<\/p>\n<p data-start=\"468\" data-end=\"547\">Vi jobbar med de 4 H:na \u2013 det som g\u00f6r v\u00e5rt l\u00e4ger extra meningsfullt (och kul!):<\/p>\n<p data-start=\"549\" data-end=\"999\">\ud83e\udde0 <strong data-start=\"552\" data-end=\"561\">Huvud<\/strong> \u2013 Vi l\u00e4r oss om djur, natur och hur vi tillsammans g\u00f6r l\u00e4gret toppen. Demokrati i praktiken!<br data-start=\"654\" data-end=\"657\">\u2764\ufe0f <strong data-start=\"660\" data-end=\"670\">Hj\u00e4rta<\/strong> \u2013 H\u00e4r \u00e4r vi schyssta mot b\u00e5de djur och varandra. Vi pratar om v\u00e4nskap, empati och att alla f\u00e5r vara med.<br data-start=\"775\" data-end=\"778\">\ud83d\udc50 <strong data-start=\"781\" data-end=\"789\">Hand<\/strong> \u2013 Vi g\u00f6r p\u00e5 riktigt! Stallsysslor, matning och fix p\u00e5 g\u00e5rden \u2013 allt l\u00e4r vi oss genom att testa sj\u00e4lva.<br data-start=\"892\" data-end=\"895\">\ud83c\udf3f <strong data-start=\"898\" data-end=\"907\">H\u00e4lsa<\/strong> \u2013 Vi njuter av frisk luft, god mat och roliga aktiviteter \u2013 ett h\u00e4rligt s\u00e4tt att m\u00e5 bra p\u00e5!<\/p>\n<p data-start=\"549\" data-end=\"999\"><strong>Djurinriktning<\/strong><br \/>\nF\u00f6r dig som \u00e4r 7\u201311 \u00e5r! Det h\u00e4r \u00e4r v\u00e5rt klassiska l\u00e4ger som vi erbjuder under alla lov. Fokus ligger p\u00e5 g\u00e5rdens djur \u2013 vi sk\u00f6ter om stallet och l\u00e4r oss mer om djuren. Vi klappar h\u00e4star, g\u00e5r p\u00e5 promenad med f\u00e5ren och provar att ha en h\u00f6na i kn\u00e4t. 4H-l\u00e4gret har djurinriktning och flera olika grupper \u2013 vi delar in deltagarna efter \u00e5lder.<\/p>\n<div><strong>Kostnad:<\/strong> 1500 kr<\/div>\n<div><strong>Vecka:<\/strong> 44<\/div>\n<div><strong>Tider:<\/strong> M\u00e5ndag-torsdag kl. 8.30-15.30, fredag kl. 8.30-14.00.<br \/>\n<strong>Extratid:<\/strong> P\u00e5 eftermiddagen g\u00e4ller h\u00e4mtning senast 17.00, extra kostnad om 50 kr\/dag tillkommer \u00c5lder g\u00e4ller fr\u00e5n fyllda \u00e5r innan eller under l\u00e4gret.<\/div>\n<p>[\/vc_column_text][\/vc_column_inner][vc_column_inner width=&#8221;1\/3&#8243;][vc_column_text css=&#8221;&#8221;]<\/p>\n<h2>Anm\u00e4lan och kostnad<\/h2>\n<div class=\"wpb_text_column wpb_content_element \">\n<div class=\"wpb_wrapper\">\n<p>Anm\u00e4lan sker via Antribe i barnets namn. \u00c5lder g\u00e4ller fr\u00e5n fyllda \u00e5r innan eller under l\u00e4gret.<\/p>\n<p>I l\u00e4geravgiften ing\u00e5r mellanm\u00e5l och allt material under aktiviteter. Barn tar med sig egen lunchmats\u00e4ck. Vi \u00e4ter lunch ute och har inte tillg\u00e5ng till micro. Mer information ges vid anm\u00e4lan.<\/p>\n<\/div>\n<div class=\"wpb_wrapper\">\n<p>&nbsp;<\/p>\n<\/div>\n<\/div>\n<p>[\/vc_column_text][vc_btn title=&#8221;Anm\u00e4l h\u00e4r!&#8221; style=&#8221;custom&#8221; custom_background=&#8221;#008B44&#8243; custom_text=&#8221;#FFFFFF&#8221; align=&#8221;center&#8221; css=&#8221;&#8221; button_block=&#8221;true&#8221; link=&#8221;url:https%3A%2F%2Fantribe.com%2Forg%2F4h%2Fhagelby-4h%2Fevent%2Fhostlov-v-44-djur-7-11-ar-hagelby-4h&#8221;][vc_single_image image=&#8221;1746&#8243; img_size=&#8221;full&#8221; alignment=&#8221;center&#8221; style=&#8221;vc_box_shadow_border_circle_2&#8243; css=&#8221;&#8221;][\/vc_column_inner][\/vc_row_inner][\/vc_column][vc_column][\/vc_column][\/vc_row]<\/p>\n<\/div>","protected":false},"excerpt":{"rendered":"<p>[vc_row full_width=&#8221;stretch_row&#8221; css=&#8221;.vc_custom_1756803283740{margin-top: -110px !important;background-color: #008b44 !important;}&#8221;][vc_column][vc_single_image image=&#8221;1745&#8243; img_size=&#8221;full&#8221; alignment=&#8221;center&#8221; css=&#8221;&#8221;][vc_row_inner css=&#8221;.vc_custom_1661943637540{margin-bottom: 30px !important;background-color: #ffffff !important;border-radius: 15px !important;}&#8221;][vc_column_inner width=&#8221;2\/3&#8243;][vc_column_text css=&#8221;&#8221;] H\u00f6stlovsl\u00e4ger 2025 [\/vc_column_text][vc_column_text css=&#8221;&#8221;] \ud83c\udf1f H\u00e4ng med p\u00e5 v\u00e5rt supermysiga djurl\u00e4ger! \ud83c\udf1f \u00c4lskar du djur, skoj och nya kompisar? D\u00e5 \u00e4r det h\u00e4r l\u00e4gret f\u00f6r dig! Under veckan f\u00e5r du vara med och sk\u00f6ta om&nbsp; <a href=\"https:\/\/www.4h.se\/hagelby\/hostlov\/\">&hellip; Read more <i class=\"glyphicon glyphicon-arrow-right\"><\/i><\/a><\/p>\n","protected":false},"author":147,"featured_media":0,"parent":0,"menu_order":123,"comment_status":"closed","ping_status":"closed","template":"","meta":{"_acf_changed":false,"footnotes":""},"class_list":["post-709","page","type-page","status-publish","hentry"],"acf":[],"yoast_head":"<!-- This site is optimized with the Yoast SEO plugin v27.4 - https:\/\/yoast.com\/product\/yoast-seo-wordpress\/ -->\n<title>H\u00f6stlovsl\u00e4ger - H\u00e5gelby 4H-g\u00e5rd<\/title>\n<meta name=\"description\" content=\"H\u00f6stlovsl\u00e4ger p\u00e5 H\u00e5gelby 4H-g\u00e5rd, information och anm\u00e4lan hittar ni h\u00e4r\" \/>\n<meta name=\"robots\" content=\"index, follow, max-snippet:-1, max-image-preview:large, max-video-preview:-1\" \/>\n<link rel=\"canonical\" href=\"https:\/\/www.4h.se\/hagelby\/hostlov\/\" \/>\n<meta property=\"og:locale\" content=\"sv_SE\" \/>\n<meta property=\"og:type\" content=\"article\" \/>\n<meta property=\"og:title\" content=\"H\u00f6stlovsl\u00e4ger - H\u00e5gelby 4H-g\u00e5rd\" \/>\n<meta property=\"og:description\" content=\"H\u00f6stlovsl\u00e4ger p\u00e5 H\u00e5gelby 4H-g\u00e5rd, information och anm\u00e4lan hittar ni h\u00e4r\" \/>\n<meta property=\"og:url\" content=\"https:\/\/www.4h.se\/hagelby\/hostlov\/\" \/>\n<meta property=\"og:site_name\" content=\"H\u00e5gelby 4H-g\u00e5rd\" \/>\n<meta property=\"article:modified_time\" content=\"2025-09-11T09:39:44+00:00\" \/>\n<meta name=\"twitter:card\" content=\"summary_large_image\" \/>\n<meta name=\"twitter:label1\" content=\"Ber\u00e4knad l\u00e4stid\" \/>\n\t<meta name=\"twitter:data1\" content=\"2 minuter\" \/>\n<script type=\"application\/ld+json\" class=\"yoast-schema-graph\">{\"@context\":\"https:\\\/\\\/schema.org\",\"@graph\":[{\"@type\":\"WebPage\",\"@id\":\"https:\\\/\\\/www.4h.se\\\/hagelby\\\/hostlov\\\/\",\"url\":\"https:\\\/\\\/www.4h.se\\\/hagelby\\\/hostlov\\\/\",\"name\":\"H\u00f6stlovsl\u00e4ger - H\u00e5gelby 4H-g\u00e5rd\",\"isPartOf\":{\"@id\":\"https:\\\/\\\/www.4h.se\\\/hagelby\\\/#website\"},\"datePublished\":\"2019-08-21T12:54:24+00:00\",\"dateModified\":\"2025-09-11T09:39:44+00:00\",\"description\":\"H\u00f6stlovsl\u00e4ger p\u00e5 H\u00e5gelby 4H-g\u00e5rd, information och anm\u00e4lan hittar ni h\u00e4r\",\"breadcrumb\":{\"@id\":\"https:\\\/\\\/www.4h.se\\\/hagelby\\\/hostlov\\\/#breadcrumb\"},\"inLanguage\":\"sv-SE\",\"potentialAction\":[{\"@type\":\"ReadAction\",\"target\":[\"https:\\\/\\\/www.4h.se\\\/hagelby\\\/hostlov\\\/\"]}]},{\"@type\":\"BreadcrumbList\",\"@id\":\"https:\\\/\\\/www.4h.se\\\/hagelby\\\/hostlov\\\/#breadcrumb\",\"itemListElement\":[{\"@type\":\"ListItem\",\"position\":1,\"name\":\"Hem\",\"item\":\"https:\\\/\\\/www.4h.se\\\/hagelby\\\/\"},{\"@type\":\"ListItem\",\"position\":2,\"name\":\"H\u00f6stlovsl\u00e4ger\"}]},{\"@type\":\"WebSite\",\"@id\":\"https:\\\/\\\/www.4h.se\\\/hagelby\\\/#website\",\"url\":\"https:\\\/\\\/www.4h.se\\\/hagelby\\\/\",\"name\":\"H\u00e5gelby 4H-g\u00e5rd\",\"description\":\"\",\"potentialAction\":[{\"@type\":\"SearchAction\",\"target\":{\"@type\":\"EntryPoint\",\"urlTemplate\":\"https:\\\/\\\/www.4h.se\\\/hagelby\\\/?s={search_term_string}\"},\"query-input\":{\"@type\":\"PropertyValueSpecification\",\"valueRequired\":true,\"valueName\":\"search_term_string\"}}],\"inLanguage\":\"sv-SE\"}]}<\/script>\n<!-- \/ Yoast SEO plugin. -->","yoast_head_json":{"title":"H\u00f6stlovsl\u00e4ger - H\u00e5gelby 4H-g\u00e5rd","description":"H\u00f6stlovsl\u00e4ger p\u00e5 H\u00e5gelby 4H-g\u00e5rd, information och anm\u00e4lan hittar ni h\u00e4r","robots":{"index":"index","follow":"follow","max-snippet":"max-snippet:-1","max-image-preview":"max-image-preview:large","max-video-preview":"max-video-preview:-1"},"canonical":"https:\/\/www.4h.se\/hagelby\/hostlov\/","og_locale":"sv_SE","og_type":"article","og_title":"H\u00f6stlovsl\u00e4ger - H\u00e5gelby 4H-g\u00e5rd","og_description":"H\u00f6stlovsl\u00e4ger p\u00e5 H\u00e5gelby 4H-g\u00e5rd, information och anm\u00e4lan hittar ni h\u00e4r","og_url":"https:\/\/www.4h.se\/hagelby\/hostlov\/","og_site_name":"H\u00e5gelby 4H-g\u00e5rd","article_modified_time":"2025-09-11T09:39:44+00:00","twitter_card":"summary_large_image","twitter_misc":{"Ber\u00e4knad l\u00e4stid":"2 minuter"},"schema":{"@context":"https:\/\/schema.org","@graph":[{"@type":"WebPage","@id":"https:\/\/www.4h.se\/hagelby\/hostlov\/","url":"https:\/\/www.4h.se\/hagelby\/hostlov\/","name":"H\u00f6stlovsl\u00e4ger - H\u00e5gelby 4H-g\u00e5rd","isPartOf":{"@id":"https:\/\/www.4h.se\/hagelby\/#website"},"datePublished":"2019-08-21T12:54:24+00:00","dateModified":"2025-09-11T09:39:44+00:00","description":"H\u00f6stlovsl\u00e4ger p\u00e5 H\u00e5gelby 4H-g\u00e5rd, information och anm\u00e4lan hittar ni h\u00e4r","breadcrumb":{"@id":"https:\/\/www.4h.se\/hagelby\/hostlov\/#breadcrumb"},"inLanguage":"sv-SE","potentialAction":[{"@type":"ReadAction","target":["https:\/\/www.4h.se\/hagelby\/hostlov\/"]}]},{"@type":"BreadcrumbList","@id":"https:\/\/www.4h.se\/hagelby\/hostlov\/#breadcrumb","itemListElement":[{"@type":"ListItem","position":1,"name":"Hem","item":"https:\/\/www.4h.se\/hagelby\/"},{"@type":"ListItem","position":2,"name":"H\u00f6stlovsl\u00e4ger"}]},{"@type":"WebSite","@id":"https:\/\/www.4h.se\/hagelby\/#website","url":"https:\/\/www.4h.se\/hagelby\/","name":"H\u00e5gelby 4H-g\u00e5rd","description":"","potentialAction":[{"@type":"SearchAction","target":{"@type":"EntryPoint","urlTemplate":"https:\/\/www.4h.se\/hagelby\/?s={search_term_string}"},"query-input":{"@type":"PropertyValueSpecification","valueRequired":true,"valueName":"search_term_string"}}],"inLanguage":"sv-SE"}]}},"_links":{"self":[{"href":"https:\/\/www.4h.se\/hagelby\/wp-json\/wp\/v2\/pages\/709","targetHints":{"allow":["GET"]}}],"collection":[{"href":"https:\/\/www.4h.se\/hagelby\/wp-json\/wp\/v2\/pages"}],"about":[{"href":"https:\/\/www.4h.se\/hagelby\/wp-json\/wp\/v2\/types\/page"}],"author":[{"embeddable":true,"href":"https:\/\/www.4h.se\/hagelby\/wp-json\/wp\/v2\/users\/147"}],"replies":[{"embeddable":true,"href":"https:\/\/www.4h.se\/hagelby\/wp-json\/wp\/v2\/comments?post=709"}],"version-history":[{"count":0,"href":"https:\/\/www.4h.se\/hagelby\/wp-json\/wp\/v2\/pages\/709\/revisions"}],"wp:attachment":[{"href":"https:\/\/www.4h.se\/hagelby\/wp-json\/wp\/v2\/media?parent=709"}],"curies":[{"name":"wp","href":"https:\/\/api.w.org\/{rel}","templated":true}]}}