



{"id":682,"date":"2019-03-26T12:34:59","date_gmt":"2019-03-26T11:34:59","guid":{"rendered":"https:\/\/www.4h.se\/hagelby\/?page_id=682"},"modified":"2026-04-01T09:34:36","modified_gmt":"2026-04-01T07:34:36","slug":"paskrunda","status":"publish","type":"page","link":"https:\/\/www.4h.se\/hagelby\/paskrunda\/","title":{"rendered":"P\u00e5skrunda"},"content":{"rendered":"<div class=\"wpb-content-wrapper\"><p>[vc_row full_width=&#8221;stretch_row&#8221; gap=&#8221;5&#8243; equal_height=&#8221;yes&#8221; css=&#8221;.vc_custom_1773136433613{margin-top: -110px !important;margin-bottom: 0px !important;background-color: #F1A41E !important;background-position: 0 0 !important;background-repeat: no-repeat !important;}&#8221;][vc_column][vc_single_image image=&#8221;1848&#8243; img_size=&#8221;full&#8221; css=&#8221;&#8221;][vc_row_inner][vc_column_inner css=&#8221;.vc_custom_1773136409082{background-color: #FFFFFF !important;border-radius: 15px !important;}&#8221;][vc_column_text css=&#8221;&#8221;]<\/p>\n<h4><strong>L\u00e5ngfredagen, 3 april, bjuder vi p\u00e5 H\u00e5gelby 4H in till v\u00e5r \u00e5rliga p\u00e5skrunda!<\/strong><\/h4>\n<p><strong>N\u00e4r:<\/strong> Fredag 3 april kl. 11-14<\/p>\n<p><strong>\u00c5lder:<\/strong> Fr\u00e4mst f\u00f6r barn 3-9 \u00e5r men alla \u00e5ldrar \u00e4r v\u00e4lkomna.<\/p>\n<p><strong>Plats:<\/strong> Utomhus i H\u00e5gelbyparken, starten \u00e4r nere vid djurens hagar.<\/p>\n<p><strong>Bokning:<\/strong> Vi har begr\u00e4nsat antal platser \u2013 det g\u00e5r endast att f\u00f6rboka.<\/p>\n<p><strong>Kostnad:<\/strong> <span class=\"a_GcMg font-feature-liga-off font-feature-clig-off font-feature-calt-off text-decoration-none text-strikethrough-none\">75kr\/barn, <\/span><span class=\"a_GcMg font-feature-liga-off font-feature-clig-off font-feature-calt-off text-decoration-none text-strikethrough-none\">vuxna g\u00e5r med gratis<\/span><\/p>\n<p><strong>Vi ordnar P\u00e5skrundan:<\/strong> 4H-g\u00e5rdens unga ledare och volont\u00e4rer \u2013 fr\u00e5n planering till genomf\u00f6rande.<\/p>\n<p>I \u00e5r fyller H\u00e5gelby 4H 50 \u00e5r \u2013 hurra! Det firar vi med ett stort kalas i h\u00f6st, men p\u00e5skk\u00e4rringarna vill inte v\u00e4nta. De vill fira redan nu tillsammans med dig p\u00e5 Bl\u00e5kulla \u2013 men f\u00f6r att ta dig dit beh\u00f6ver du hitta ledtr\u00e5darna till det hemliga l\u00f6senordet. Kan du hitta alla?<\/p>\n<p>&nbsp;[\/vc_column_text][vc_btn title=&#8221;Klicka h\u00e4r f\u00f6r att boka plats&#8221; color=&#8221;warning&#8221; size=&#8221;lg&#8221; align=&#8221;center&#8221; css=&#8221;&#8221; button_block=&#8221;true&#8221; link=&#8221;url:https%3A%2F%2Feasytic.se%2Fevent%2Fpaskrunda-pa-hagelby-4h-gard-2026%2F&#8221;][\/vc_column_inner][\/vc_row_inner][\/vc_column][\/vc_row][vc_row disable_element=&#8221;yes&#8221;][vc_column][vc_column_text css=&#8221;&#8221;]<\/p>\n<h2><strong>Kostnad:<\/strong>&nbsp;Jakten kostar 75 kr\/barn (samt serviceavgift) \u2013 p\u00e5skpresent ing\u00e5r. F\u00f6r\u00e4ldrar\/vuxna g\u00e5r med gratis.<\/h2>\n<h2 style=\"padding-left: 160px;text-align: center\">V\u00c4LKOMMEN P\u00c5 \u00e5rets p\u00e5skrunda!<\/h2>\n<p class=\"x_elementToProof\" style=\"padding-left: 40px;text-align: center\"><strong>L\u00e5ngfredagen den 18 april <\/strong>bjuder vi p\u00e5 H\u00e5gelby 4H in till v\u00e5r \u00e5rliga p\u00e5skrunda!<\/p>\n<p style=\"padding-left: 40px;text-align: center\">P\u00e5skk\u00e4rringarna har snott alla p\u00e5skhararnas p\u00e5sk\u00e4gg med p\u00e5skgodis. Hj\u00e4lp p\u00e5skhararna att hitta l\u00f6senordet som leder in i bl\u00e5kulla f\u00f6r att f\u00e5 tillbaka p\u00e5skgodiset.<\/p>\n<p style=\"padding-left: 40px;text-align: center\"><strong>Tid f\u00f6r p\u00e5skjakten \u00e4r kl.17.00-18.30.<\/strong> Vi rekommenderar jakten f\u00f6r barn 5-10 \u00e5r, men alla \u00e4r v\u00e4lkomna.<br aria-hidden=\"true\">Hela jakten \u00e4r utomhus.&nbsp;Inom ert bokade tidsintervall s\u00e5 kommer ni till starten och f\u00e5r ett kort intro, d\u00e4r efter g\u00e5r ni rundan sj\u00e4lva.<\/p>\n<p style=\"padding-left: 40px;text-align: center\">Arrangemanget ordnas tillsammans med 4H-g\u00e5rdens ledare och volont\u00e4rer \u2013 fr\u00e5n planering till genomf\u00f6rande.<\/p>\n<p class=\"x_elementToProof\" style=\"padding-left: 40px;text-align: center\"><strong>Vi har begr\u00e4nsat antal platser \u2013 det g\u00e5r endast att f\u00f6rboka. Jakten kostar 75 kr\/barn (inkl. Serviceavgift) \u2013 p\u00e5skpresent ing\u00e5r.<\/strong><br \/>\nF\u00f6r\u00e4ldrar\/vuxna g\u00e5r med gratis (g\u00e4ller \u00e4ven syskon under 3 \u00e5r som inte vill ha en present).[\/vc_column_text][vc_column_text]<\/p>\n<h3>Bokning av biljetter sker via Easytic<\/h3>\n<p>&nbsp;[\/vc_column_text][vc_btn title=&#8221;Tryck h\u00e4r f\u00f6r att boka era biljetter!&#8221; style=&#8221;custom&#8221; custom_background=&#8221;#f2a726&#8243; custom_text=&#8221;#ffffff&#8221; size=&#8221;lg&#8221; align=&#8221;center&#8221; button_block=&#8221;true&#8221; link=&#8221;url:https%3A%2F%2Feasytic.se%2Fevent%2Fpaskjakt-pa-hagelby-4h-gard%2F&#8221;][vc_column_text]Det g\u00e5r att boka via l\u00e4nken ovan fram till kl. 12.00 p\u00e5 sk\u00e4rtorsdagen.<\/p>\n<p>D\u00e4r efter kan biljetter bokas, i m\u00e5n av plats, till sms 070 737 91 93 eller via mail till hagelby@4h.se[\/vc_column_text][\/vc_column][\/vc_row]<\/p>\n<\/div>","protected":false},"excerpt":{"rendered":"<p>[vc_row full_width=&#8221;stretch_row&#8221; gap=&#8221;5&#8243; equal_height=&#8221;yes&#8221; css=&#8221;.vc_custom_1773136433613{margin-top: -110px !important;margin-bottom: 0px !important;background-color: #F1A41E !important;background-position: 0 0 !important;background-repeat: no-repeat !important;}&#8221;][vc_column][vc_single_image image=&#8221;1848&#8243; img_size=&#8221;full&#8221; css=&#8221;&#8221;][vc_row_inner][vc_column_inner css=&#8221;.vc_custom_1773136409082{background-color: #FFFFFF !important;border-radius: 15px !important;}&#8221;][vc_column_text css=&#8221;&#8221;] L\u00e5ngfredagen, 3 april, bjuder vi p\u00e5 H\u00e5gelby 4H in till v\u00e5r \u00e5rliga p\u00e5skrunda! N\u00e4r: Fredag 3 april kl. 11-14 \u00c5lder: Fr\u00e4mst f\u00f6r barn 3-9 \u00e5r men alla \u00e5ldrar \u00e4r v\u00e4lkomna.&nbsp; <a href=\"https:\/\/www.4h.se\/hagelby\/paskrunda\/\">&hellip; Read more <i class=\"glyphicon glyphicon-arrow-right\"><\/i><\/a><\/p>\n","protected":false},"author":164,"featured_media":0,"parent":0,"menu_order":95,"comment_status":"closed","ping_status":"closed","template":"","meta":{"_acf_changed":false,"footnotes":""},"class_list":["post-682","page","type-page","status-publish","hentry"],"acf":[],"yoast_head":"<!-- This site is optimized with the Yoast SEO plugin v27.5 - https:\/\/yoast.com\/product\/yoast-seo-wordpress\/ -->\n<title>P\u00e5skrunda - H\u00e5gelby 4H-g\u00e5rd<\/title>\n<meta name=\"description\" content=\"P\u00e5skrunda p\u00e5 H\u00e5gelby 4H-g\u00e5rd. En p\u00e5skjakt bland djur och p\u00e5skh\u00e4xor f\u00f6r barn fr\u00e5n 3 \u00e5r. Alla \u00e5ldrar v\u00e4lkommna.\" \/>\n<meta name=\"robots\" content=\"index, follow, max-snippet:-1, max-image-preview:large, max-video-preview:-1\" \/>\n<link rel=\"canonical\" href=\"https:\/\/www.4h.se\/hagelby\/paskrunda\/\" \/>\n<meta property=\"og:locale\" content=\"sv_SE\" \/>\n<meta property=\"og:type\" content=\"article\" \/>\n<meta property=\"og:title\" content=\"P\u00e5skrunda - H\u00e5gelby 4H-g\u00e5rd\" \/>\n<meta property=\"og:description\" content=\"P\u00e5skrunda p\u00e5 H\u00e5gelby 4H-g\u00e5rd. En p\u00e5skjakt bland djur och p\u00e5skh\u00e4xor f\u00f6r barn fr\u00e5n 3 \u00e5r. Alla \u00e5ldrar v\u00e4lkommna.\" \/>\n<meta property=\"og:url\" content=\"https:\/\/www.4h.se\/hagelby\/paskrunda\/\" \/>\n<meta property=\"og:site_name\" content=\"H\u00e5gelby 4H-g\u00e5rd\" \/>\n<meta property=\"article:modified_time\" content=\"2026-04-01T07:34:36+00:00\" \/>\n<meta name=\"twitter:card\" content=\"summary_large_image\" \/>\n<script type=\"application\/ld+json\" class=\"yoast-schema-graph\">{\"@context\":\"https:\\\/\\\/schema.org\",\"@graph\":[{\"@type\":\"WebPage\",\"@id\":\"https:\\\/\\\/www.4h.se\\\/hagelby\\\/paskrunda\\\/\",\"url\":\"https:\\\/\\\/www.4h.se\\\/hagelby\\\/paskrunda\\\/\",\"name\":\"P\u00e5skrunda - H\u00e5gelby 4H-g\u00e5rd\",\"isPartOf\":{\"@id\":\"https:\\\/\\\/www.4h.se\\\/hagelby\\\/#website\"},\"datePublished\":\"2019-03-26T11:34:59+00:00\",\"dateModified\":\"2026-04-01T07:34:36+00:00\",\"description\":\"P\u00e5skrunda p\u00e5 H\u00e5gelby 4H-g\u00e5rd. En p\u00e5skjakt bland djur och p\u00e5skh\u00e4xor f\u00f6r barn fr\u00e5n 3 \u00e5r. Alla \u00e5ldrar v\u00e4lkommna.\",\"breadcrumb\":{\"@id\":\"https:\\\/\\\/www.4h.se\\\/hagelby\\\/paskrunda\\\/#breadcrumb\"},\"inLanguage\":\"sv-SE\",\"potentialAction\":[{\"@type\":\"ReadAction\",\"target\":[\"https:\\\/\\\/www.4h.se\\\/hagelby\\\/paskrunda\\\/\"]}]},{\"@type\":\"BreadcrumbList\",\"@id\":\"https:\\\/\\\/www.4h.se\\\/hagelby\\\/paskrunda\\\/#breadcrumb\",\"itemListElement\":[{\"@type\":\"ListItem\",\"position\":1,\"name\":\"Hem\",\"item\":\"https:\\\/\\\/www.4h.se\\\/hagelby\\\/\"},{\"@type\":\"ListItem\",\"position\":2,\"name\":\"P\u00e5skrunda\"}]},{\"@type\":\"WebSite\",\"@id\":\"https:\\\/\\\/www.4h.se\\\/hagelby\\\/#website\",\"url\":\"https:\\\/\\\/www.4h.se\\\/hagelby\\\/\",\"name\":\"H\u00e5gelby 4H-g\u00e5rd\",\"description\":\"\",\"potentialAction\":[{\"@type\":\"SearchAction\",\"target\":{\"@type\":\"EntryPoint\",\"urlTemplate\":\"https:\\\/\\\/www.4h.se\\\/hagelby\\\/?s={search_term_string}\"},\"query-input\":{\"@type\":\"PropertyValueSpecification\",\"valueRequired\":true,\"valueName\":\"search_term_string\"}}],\"inLanguage\":\"sv-SE\"}]}<\/script>\n<!-- \/ Yoast SEO plugin. -->","yoast_head_json":{"title":"P\u00e5skrunda - H\u00e5gelby 4H-g\u00e5rd","description":"P\u00e5skrunda p\u00e5 H\u00e5gelby 4H-g\u00e5rd. En p\u00e5skjakt bland djur och p\u00e5skh\u00e4xor f\u00f6r barn fr\u00e5n 3 \u00e5r. Alla \u00e5ldrar v\u00e4lkommna.","robots":{"index":"index","follow":"follow","max-snippet":"max-snippet:-1","max-image-preview":"max-image-preview:large","max-video-preview":"max-video-preview:-1"},"canonical":"https:\/\/www.4h.se\/hagelby\/paskrunda\/","og_locale":"sv_SE","og_type":"article","og_title":"P\u00e5skrunda - H\u00e5gelby 4H-g\u00e5rd","og_description":"P\u00e5skrunda p\u00e5 H\u00e5gelby 4H-g\u00e5rd. En p\u00e5skjakt bland djur och p\u00e5skh\u00e4xor f\u00f6r barn fr\u00e5n 3 \u00e5r. Alla \u00e5ldrar v\u00e4lkommna.","og_url":"https:\/\/www.4h.se\/hagelby\/paskrunda\/","og_site_name":"H\u00e5gelby 4H-g\u00e5rd","article_modified_time":"2026-04-01T07:34:36+00:00","twitter_card":"summary_large_image","schema":{"@context":"https:\/\/schema.org","@graph":[{"@type":"WebPage","@id":"https:\/\/www.4h.se\/hagelby\/paskrunda\/","url":"https:\/\/www.4h.se\/hagelby\/paskrunda\/","name":"P\u00e5skrunda - H\u00e5gelby 4H-g\u00e5rd","isPartOf":{"@id":"https:\/\/www.4h.se\/hagelby\/#website"},"datePublished":"2019-03-26T11:34:59+00:00","dateModified":"2026-04-01T07:34:36+00:00","description":"P\u00e5skrunda p\u00e5 H\u00e5gelby 4H-g\u00e5rd. En p\u00e5skjakt bland djur och p\u00e5skh\u00e4xor f\u00f6r barn fr\u00e5n 3 \u00e5r. Alla \u00e5ldrar v\u00e4lkommna.","breadcrumb":{"@id":"https:\/\/www.4h.se\/hagelby\/paskrunda\/#breadcrumb"},"inLanguage":"sv-SE","potentialAction":[{"@type":"ReadAction","target":["https:\/\/www.4h.se\/hagelby\/paskrunda\/"]}]},{"@type":"BreadcrumbList","@id":"https:\/\/www.4h.se\/hagelby\/paskrunda\/#breadcrumb","itemListElement":[{"@type":"ListItem","position":1,"name":"Hem","item":"https:\/\/www.4h.se\/hagelby\/"},{"@type":"ListItem","position":2,"name":"P\u00e5skrunda"}]},{"@type":"WebSite","@id":"https:\/\/www.4h.se\/hagelby\/#website","url":"https:\/\/www.4h.se\/hagelby\/","name":"H\u00e5gelby 4H-g\u00e5rd","description":"","potentialAction":[{"@type":"SearchAction","target":{"@type":"EntryPoint","urlTemplate":"https:\/\/www.4h.se\/hagelby\/?s={search_term_string}"},"query-input":{"@type":"PropertyValueSpecification","valueRequired":true,"valueName":"search_term_string"}}],"inLanguage":"sv-SE"}]}},"_links":{"self":[{"href":"https:\/\/www.4h.se\/hagelby\/wp-json\/wp\/v2\/pages\/682","targetHints":{"allow":["GET"]}}],"collection":[{"href":"https:\/\/www.4h.se\/hagelby\/wp-json\/wp\/v2\/pages"}],"about":[{"href":"https:\/\/www.4h.se\/hagelby\/wp-json\/wp\/v2\/types\/page"}],"author":[{"embeddable":true,"href":"https:\/\/www.4h.se\/hagelby\/wp-json\/wp\/v2\/users\/164"}],"replies":[{"embeddable":true,"href":"https:\/\/www.4h.se\/hagelby\/wp-json\/wp\/v2\/comments?post=682"}],"version-history":[{"count":0,"href":"https:\/\/www.4h.se\/hagelby\/wp-json\/wp\/v2\/pages\/682\/revisions"}],"wp:attachment":[{"href":"https:\/\/www.4h.se\/hagelby\/wp-json\/wp\/v2\/media?parent=682"}],"curies":[{"name":"wp","href":"https:\/\/api.w.org\/{rel}","templated":true}]}}