



{"id":674,"date":"2019-02-22T11:28:42","date_gmt":"2019-02-22T10:28:42","guid":{"rendered":"https:\/\/www.4h.se\/hagelby\/?page_id=674"},"modified":"2026-05-06T10:32:00","modified_gmt":"2026-05-06T08:32:00","slug":"sommarlager","status":"publish","type":"page","link":"https:\/\/www.4h.se\/hagelby\/sommarlager\/","title":{"rendered":"Sommarl\u00e4ger"},"content":{"rendered":"<div class=\"wpb-content-wrapper\"><p>[vc_row full_width=&#8221;stretch_row&#8221; css=&#8221;.vc_custom_1737462975878{margin-top: -110px !important;background-color: #008b44 !important;background-position: center !important;background-repeat: no-repeat !important;background-size: contain !important;}&#8221;][vc_column css=&#8221;.vc_custom_1737020052342{background-color: #ffffff !important;border-radius: 15px !important;}&#8221;][vc_column_text css=&#8221;&#8221;]<\/p>\n<h1 style=\"text-align: center;\">V\u00e4lkommen till sommarl\u00e4ger 2026<\/h1>\n<h1 style=\"text-align: center;\">Anm\u00e4lan \u00e4r nu \u00f6ppen!<\/h1>\n<p>[\/vc_column_text][vc_separator color=&#8221;custom&#8221; style=&#8221;dotted&#8221; border_width=&#8221;5&#8243; css=&#8221;&#8221; accent_color=&#8221;#008b44&#8243;][vc_column_text css=&#8221;&#8221;]Kom med p\u00e5 ett av sommarens roligaste och mysigaste l\u00e4ger! H\u00e4r f\u00e5r du som deltagare vara med och ta hand om stallet, l\u00e4ra dig mer om v\u00e5ra djur, sk\u00f6ta om h\u00e4starna, gosa med den andra djuren och ha kul! Varje vecka har vi ocks\u00e5 minst en specialinriktning. Missa inte det!<\/p>\n<p>Vi arbetar aktivt med de 4 H:na. Huvud f\u00f6r kunskap &#8211; vi l\u00e4r oss om alla g\u00e5rdens djur och hur vi tar hand om dem. Hj\u00e4rta f\u00f6r medk\u00e4nsla &#8211; vi samarbetar och pratar om att vara sn\u00e4lla mot varandra och djuren omkring oss. Hand f\u00f6r praktisk f\u00e4rdighet &#8211; vi&nbsp;tar tillsammans hand om g\u00e5rden och f\u00e5r l\u00e4ra oss genom att g\u00f6ra. H\u00e4lsa &#8211; vi \u00e4r ute i frisk luft och tar hand om oss sj\u00e4lva.<\/p>\n<p>P\u00e5 alla l\u00e4ger arbetar vi med 4H:s omr\u00e5den som bland annat \u00e4r djur, lek, skog, natur och kultur. Inom profilen djur \u00e4r vi med alla g\u00e5rdens djuren och tar hand om dem. Inom profilen skog och natur har vi utflykter. Vi jobbar \u00e4ven med hantverk inom profilen kultur.<\/p>\n<ul>\n<li>Det finns m\u00f6jlighet att delbetala l\u00e4geravgiften! Maila oss i samband med anm\u00e4lan om det \u00f6nskas.<\/li>\n<li>Missa inte att vi \u00e4ven har l\u00e4ger p\u00e5 p\u00e5sklovet, klicka <span style=\"color: #000000;\"><strong><a style=\"color: #000000;\" href=\"https:\/\/www.4h.se\/hagelby\/pasklovslager\/\">H\u00c4R<\/a> <\/strong><\/span>f\u00f6r att kolla in det!<\/li>\n<\/ul>\n<p>[\/vc_column_text][vc_separator color=&#8221;custom&#8221; style=&#8221;dotted&#8221; border_width=&#8221;5&#8243; css=&#8221;&#8221; accent_color=&#8221;#008b44&#8243;][vc_row_inner css=&#8221;.vc_custom_1768810115404{background-color: #FFFFFF !important;}&#8221;][vc_column_inner][vc_column_text css=&#8221;&#8221;]<\/p>\n<h4 style=\"text-align: center;\">Klicka p\u00e5 knapparna nedan f\u00f6r att komma till anm\u00e4lan f\u00f6r respektive l\u00e4ger!<\/h4>\n<p>[\/vc_column_text][vc_tta_tabs style=&#8221;outline&#8221; color=&#8221;black&#8221; alignment=&#8221;center&#8221; active_section=&#8221;1&#8243; css=&#8221;.vc_custom_1778055741791{background-position: center !important;background-repeat: no-repeat !important;background-size: cover !important;border-radius: 15px !important;}&#8221;][vc_tta_section title=&#8221;Info&#8221; tab_id=&#8221;1741867101326-57626a00-61e3&#8243;][vc_column_text css=&#8221;&#8221;]<\/p>\n<h2>Anm\u00e4lan<\/h2>\n<ul>\n<li>Anm\u00e4lan sker via v\u00e5rt medlemsystem antribe.<\/li>\n<li>Platsen \u00e4r bokad n\u00e4r ni f\u00e5r en faktura p\u00e5 anm\u00e4lan. T\u00e4nk p\u00e5 att anm\u00e4lan ska g\u00f6ra i barnets namn och personnummer.<\/li>\n<li>I l\u00e4geravgiften ing\u00e5r mellanm\u00e5l och allt material under aktiviteter. Barn tar med sig egen lunchmats\u00e4ck. Vi \u00e4ter oftast lunch ute och har begr\u00e4nsad tillg\u00e5ng till mikro. Mer information ges vid anm\u00e4lan.<\/li>\n<li>F\u00f6r att g\u00e5 p\u00e5 dagl\u00e4ger beh\u00f6ver man vara medlem 2026, det kostar 330 kr\/\u00e5r. \u00c4r du inte medlem sedan innan skapas det automatiskt en faktura vid anm\u00e4lan.<\/li>\n<\/ul>\n<h4>Klicka p\u00e5 veckorna bredvid (nedan p\u00e5 mobila enheter) f\u00f6r att se vilka l\u00e4ger som erbjuds!<\/h4>\n<p>[\/vc_column_text][\/vc_tta_section][vc_tta_section title=&#8221;V.25&#8243; tab_id=&#8221;1708522589719-3340d85c-d390&#8243;][vc_column_text css=&#8221;&#8221;]<\/p>\n<h4 style=\"text-align: center;\">Klicka p\u00e5 knapparna nedan f\u00f6r att komma till anm\u00e4lan f\u00f6r respektive l\u00e4ger!<\/h4>\n<p>[\/vc_column_text][vc_btn title=&#8221;Mini 4H-l\u00e4ger 5-8 \u00e5r&#8221; style=&#8221;custom&#8221; custom_background=&#8221;#008b44&#8243; custom_text=&#8221;#ffffff&#8221; shape=&#8221;round&#8221; align=&#8221;center&#8221; css=&#8221;&#8221; link=&#8221;url:https%3A%2F%2Fantribe.com%2Forg%2F4h%2Fhagelby-4h%2Fevent%2Fsommar26-v-25-mini-4h&#8221;][vc_btn title=&#8221;Djurl\u00e4ger 8-12 \u00e5r&#8221; style=&#8221;custom&#8221; custom_background=&#8221;#008b44&#8243; custom_text=&#8221;#ffffff&#8221; shape=&#8221;round&#8221; align=&#8221;center&#8221; css=&#8221;&#8221; link=&#8221;url:https%3A%2F%2Fantribe.com%2Forg%2F4h%2Fhagelby-4h%2Fevent%2Fsommar26-v-25-djur&#8221;][vc_btn title=&#8221;J\u00e4rn\u00e5ldersl\u00e4ger 8-12 \u00e5r&#8221; style=&#8221;custom&#8221; custom_background=&#8221;#008b44&#8243; custom_text=&#8221;#ffffff&#8221; shape=&#8221;round&#8221; align=&#8221;center&#8221; css=&#8221;&#8221; link=&#8221;url:https%3A%2F%2Fantribe.com%2Forg%2F4h%2Fhagelby-4h%2Fevent%2Fsommarlov26-v-25-jarnalder&#8221;][\/vc_tta_section][vc_tta_section title=&#8221;V.26&#8243; tab_id=&#8221;1708522589906-d472b901-6407&#8243;][vc_column_text css=&#8221;&#8221;]<\/p>\n<h4 style=\"text-align: center;\">Klicka p\u00e5 knapparna nedan f\u00f6r att komma till anm\u00e4lan f\u00f6r respektive l\u00e4ger!<\/h4>\n<p>[\/vc_column_text][vc_btn title=&#8221;Mini 4H-l\u00e4ger 5-8 \u00e5r (Fullt)&#8221; style=&#8221;custom&#8221; custom_background=&#8221;#008b44&#8243; custom_text=&#8221;#ffffff&#8221; shape=&#8221;round&#8221; align=&#8221;center&#8221; css=&#8221;&#8221; link=&#8221;url:https%3A%2F%2Fantribe.com%2Forg%2F4h%2Fhagelby-4h%2Fevent%2Fsommar26-v-26-mini-4h&#8221;][vc_btn title=&#8221;Djurl\u00e4ger 11-14 \u00e5r&#8221; style=&#8221;custom&#8221; custom_background=&#8221;#008b44&#8243; custom_text=&#8221;#ffffff&#8221; shape=&#8221;round&#8221; align=&#8221;center&#8221; css=&#8221;&#8221; link=&#8221;url:https%3A%2F%2Fantribe.com%2Forg%2F4h%2Fhagelby-4h%2Fevent%2Fsommar26-v-26-djur-11-14-ar&#8221;][vc_btn title=&#8221;Djurl\u00e4ger 8-11 \u00e5r&#8221; style=&#8221;custom&#8221; custom_background=&#8221;#008b44&#8243; custom_text=&#8221;#ffffff&#8221; shape=&#8221;round&#8221; align=&#8221;center&#8221; css=&#8221;&#8221; link=&#8221;url:https%3A%2F%2Fantribe.com%2Forg%2F4h%2Fhagelby-4h%2Fevent%2Fsommar26-v-26-djur&#8221;][vc_btn title=&#8221;J\u00e4rn\u00e5ldersl\u00e4ger 8-12 \u00e5r&#8221; style=&#8221;custom&#8221; custom_background=&#8221;#008b44&#8243; custom_text=&#8221;#ffffff&#8221; shape=&#8221;round&#8221; align=&#8221;center&#8221; css=&#8221;&#8221; link=&#8221;url:https%3A%2F%2Fantribe.com%2Forg%2F4h%2Fhagelby-4h%2Fevent%2Fsommarlov26-v-26-jarnalder&#8221;][\/vc_tta_section][vc_tta_section title=&#8221;V.27&#8243; tab_id=&#8221;1708522590218-2868919c-9ed6&#8243;][vc_column_text css=&#8221;&#8221;]<\/p>\n<h4 style=\"text-align: center;\">Klicka p\u00e5 knapparna nedan f\u00f6r att komma till anm\u00e4lan f\u00f6r respektive l\u00e4ger!<\/h4>\n<p>[\/vc_column_text][vc_btn title=&#8221;Djurl\u00e4ger 8-12 \u00e5r&#8221; style=&#8221;custom&#8221; custom_background=&#8221;#008b44&#8243; custom_text=&#8221;#ffffff&#8221; shape=&#8221;round&#8221; align=&#8221;center&#8221; css=&#8221;&#8221; link=&#8221;url:https%3A%2F%2Fantribe.com%2Forg%2F4h%2Fhagelby-4h%2Fevent%2Fsommar26-v-27-djur&#8221;][vc_btn title=&#8221;Mini 4H-l\u00e4ger 5-8 \u00e5r (Fullt)&#8221; style=&#8221;custom&#8221; custom_background=&#8221;#008b44&#8243; custom_text=&#8221;#ffffff&#8221; shape=&#8221;round&#8221; align=&#8221;center&#8221; css=&#8221;&#8221; link=&#8221;url:https%3A%2F%2Fantribe.com%2Forg%2F4h%2Fhagelby-4h%2Fevent%2Fsommar26-v-27-mini&#8221;][\/vc_tta_section][vc_tta_section title=&#8221;V.28&#8243; tab_id=&#8221;1747812295791-169ca255-46c4&#8243;][vc_column_text css=&#8221;&#8221;]<\/p>\n<h4 style=\"text-align: center;\">Klicka p\u00e5 knapparna nedan f\u00f6r att komma till anm\u00e4lan f\u00f6r respektive l\u00e4ger!<\/h4>\n<p>[\/vc_column_text][vc_btn title=&#8221;Djurl\u00e4ger 8-12 \u00e5r&#8221; style=&#8221;custom&#8221; custom_background=&#8221;#008b44&#8243; custom_text=&#8221;#ffffff&#8221; shape=&#8221;round&#8221; align=&#8221;center&#8221; css=&#8221;&#8221; link=&#8221;url:https%3A%2F%2Fantribe.com%2Forg%2F4h%2Fhagelby-4h%2Fevent%2Fsommar26-v-28-djur&#8221;][\/vc_tta_section][vc_tta_section title=&#8221;V. 31&#8243; tab_id=&#8221;1708522507187-2f2a7d8e-8bba&#8221;][vc_column_text css=&#8221;&#8221;]<\/p>\n<h4 style=\"text-align: center;\">Klicka p\u00e5 knapparna nedan f\u00f6r att komma till anm\u00e4lan f\u00f6r respektive l\u00e4ger!<\/h4>\n<p>[\/vc_column_text][vc_btn title=&#8221;Djurl\u00e4ger 8-12 \u00e5r&#8221; style=&#8221;custom&#8221; custom_background=&#8221;#008b44&#8243; custom_text=&#8221;#ffffff&#8221; shape=&#8221;round&#8221; align=&#8221;center&#8221; css=&#8221;&#8221; link=&#8221;url:https%3A%2F%2Fantribe.com%2Forg%2F4h%2Fhagelby-4h%2Fevent%2Fsommar26-v-31-djur&#8221;][\/vc_tta_section][vc_tta_section title=&#8221;V.32&#8243; tab_id=&#8221;1708522602898-fd7b380a-b34d&#8221;][vc_column_text css=&#8221;&#8221;]<\/p>\n<h4 style=\"text-align: center;\">Klicka p\u00e5 knapparna nedan f\u00f6r att komma till anm\u00e4lan f\u00f6r respektive l\u00e4ger!<\/h4>\n<p>[\/vc_column_text][vc_btn title=&#8221;Djurl\u00e4ger 8-12 \u00e5r&#8221; style=&#8221;custom&#8221; custom_background=&#8221;#008b44&#8243; custom_text=&#8221;#ffffff&#8221; shape=&#8221;round&#8221; align=&#8221;center&#8221; css=&#8221;&#8221; link=&#8221;url:https%3A%2F%2Fantribe.com%2Forg%2F4h%2Fhagelby-4h%2Fevent%2Fsommar26-v-32-djur&#8221;][vc_btn title=&#8221;Mini 4H-l\u00e4ger 5-8 \u00e5r&#8221; style=&#8221;custom&#8221; custom_background=&#8221;#008b44&#8243; custom_text=&#8221;#ffffff&#8221; shape=&#8221;round&#8221; align=&#8221;center&#8221; css=&#8221;&#8221; link=&#8221;url:https%3A%2F%2Fantribe.com%2Forg%2F4h%2Fhagelby-4h%2Fevent%2Fsommar26-v-32-mini-4h&#8221;][vc_btn title=&#8221;H\u00e4st 9-12 \u00e5r&#8221; style=&#8221;custom&#8221; custom_background=&#8221;#008b44&#8243; custom_text=&#8221;#ffffff&#8221; shape=&#8221;round&#8221; align=&#8221;center&#8221; css=&#8221;&#8221; link=&#8221;url:https%3A%2F%2Fantribe.com%2Forg%2F4h%2Fhagelby-4h%2Fevent%2Fsommar26-v-32-hast&#8221;][\/vc_tta_section][vc_tta_section title=&#8221;V.33&#8243; tab_id=&#8221;1708522603182-c86d37e6-6e9a&#8221;][vc_column_text css=&#8221;&#8221;]<\/p>\n<h4 style=\"text-align: center;\">Klicka p\u00e5 knapparna nedan f\u00f6r att komma till anm\u00e4lan f\u00f6r respektive l\u00e4ger!<\/h4>\n<p>[\/vc_column_text][vc_btn title=&#8221;Djurl\u00e4ger 8-12 \u00e5r&#8221; style=&#8221;custom&#8221; custom_background=&#8221;#008b44&#8243; custom_text=&#8221;#ffffff&#8221; shape=&#8221;round&#8221; align=&#8221;center&#8221; css=&#8221;&#8221; link=&#8221;url:https%3A%2F%2Fantribe.com%2Forg%2F4h%2Fhagelby-4h%2Fevent%2Fsommar26-v-33-djur&#8221;][vc_btn title=&#8221;Mini 4H-l\u00e4ger 5-8 \u00e5r&#8221; style=&#8221;custom&#8221; custom_background=&#8221;#008b44&#8243; custom_text=&#8221;#ffffff&#8221; shape=&#8221;round&#8221; align=&#8221;center&#8221; css=&#8221;&#8221; link=&#8221;url:https%3A%2F%2Fantribe.com%2Forg%2F4h%2Fhagelby-4h%2Fevent%2Fsommar26-v-33-mini-4h&#8221;][vc_btn title=&#8221;Djurl\u00e4ger f\u00f6r dig i anpassad skola&#8221; style=&#8221;custom&#8221; custom_background=&#8221;#008b44&#8243; custom_text=&#8221;#ffffff&#8221; shape=&#8221;round&#8221; align=&#8221;center&#8221; css=&#8221;&#8221; link=&#8221;url:https%3A%2F%2Fantribe.com%2Forg%2F4h%2Fhagelby-4h%2Fevent%2Fsommar26-v33-anpassad&#8221;][\/vc_tta_section][vc_tta_section title=&#8221;V.34&#8243; tab_id=&#8221;1776415174455-b26ae30d-ffde&#8221;][vc_column_text css=&#8221;&#8221;]<\/p>\n<h4 style=\"text-align: center;\">Klicka p\u00e5 knapparna nedan f\u00f6r att komma till anm\u00e4lan f\u00f6r respektive l\u00e4ger!<\/h4>\n<p style=\"text-align: center;\">V\u00e4lj dagar i anm\u00e4lan!<\/p>\n<p>[\/vc_column_text][vc_btn title=&#8221;Djurl\u00e4ger 8-12 \u00e5r&#8221; style=&#8221;custom&#8221; custom_background=&#8221;#008b44&#8243; custom_text=&#8221;#ffffff&#8221; shape=&#8221;round&#8221; align=&#8221;center&#8221; css=&#8221;&#8221; link=&#8221;url:https%3A%2F%2Fantribe.com%2Forg%2F4h%2Fhagelby-4h%2Fevent%2Fsommar26-v-34-djur&#8221;][vc_btn title=&#8221;Mini 4H-l\u00e4ger 5-8 \u00e5r&#8221; style=&#8221;custom&#8221; custom_background=&#8221;#008b44&#8243; custom_text=&#8221;#ffffff&#8221; shape=&#8221;round&#8221; align=&#8221;center&#8221; css=&#8221;&#8221; link=&#8221;url:https%3A%2F%2Fantribe.com%2Forg%2F4h%2Fhagelby-4h%2Fevent%2Fsommar26-v-34-mini-4h&#8221;][\/vc_tta_section][\/vc_tta_tabs][\/vc_column_inner][\/vc_row_inner][vc_column_text css=&#8221;&#8221;]<\/p>\n<h3 style=\"text-align: center;\">Klicka p\u00e5 rubrikerna nedan f\u00f6r att l\u00e4sa mer om varje inriktning!<\/h3>\n<p>[\/vc_column_text][vc_row_inner css=&#8221;.vc_custom_1768810122622{background-color: #FFFFFF !important;border-radius: 15px !important;}&#8221;][vc_column_inner width=&#8221;1\/4&#8243;][vc_toggle title=&#8221;Mini-4H l\u00e4ger&#8221; style=&#8221;text_only&#8221; color=&#8221;black&#8221; css=&#8221;&#8221;]F\u00f6r dig 5-8 \u00e5r. P\u00e5 mini-4H har vi ett l\u00e4gre tempo med lite kortare dagar. Vi blandar djursk\u00f6tsel med mycket lek och pratar \u00e4ven endel om respekt och empati bland djuren.[\/vc_toggle][\/vc_column_inner][vc_column_inner width=&#8221;1\/4&#8243;][vc_toggle title=&#8221;Djurl\u00e4ger&#8221; style=&#8221;text_only&#8221; color=&#8221;black&#8221; css=&#8221;&#8221;]F\u00f6r dig 7-14 \u00e5r (olika \u00e5lder p\u00e5 vissa veckor, vi delar in grupperna efter \u00e5lder), det \u00e4r v\u00e5rt vanliga l\u00e4ger vi erbjuder alla lov. Vi fokuserar extra mycket p\u00e5 g\u00e5rdens djur. Vi tar hand om stallet och l\u00e4r oss mer om dem. Vi klappar p\u00e5 h\u00e4star, tar en promenad med f\u00e5ren och provar p\u00e5 att ha en h\u00f6na i kn\u00e4t. 4H-l\u00e4ger med djurinriktning har flera grupper de flesta veckorna, vi delar in grupper efter \u00e5lder.[\/vc_toggle][\/vc_column_inner][vc_column_inner width=&#8221;1\/4&#8243;][vc_toggle title=&#8221;H\u00e4stinriktning&#8221; style=&#8221;text_only&#8221; color=&#8221;black&#8221; css=&#8221;&#8221;]F\u00f6r dig 9-12 \u00e5r och \u00e4lskar h\u00e4star. Vi l\u00e4r oss mer om olika h\u00e4straser, h\u00e4stens f\u00e4rger, olika sjukdomar och hur en tar hand om en h\u00e4st. Vi sk\u00f6ter om h\u00e4sten, tr\u00e4nar p\u00e5 att tr\u00e4nsa och g\u00f6ra en s\u00e4kerhetsknut och tar hand om h\u00e4stens utrustning. Vi g\u00e5r p\u00e5 h\u00e4stpromenad och provar p\u00e5 att t\u00f6mk\u00f6ra. Ungef\u00e4r halva dagen \u00e4gnar vi \u00e5t h\u00e4starna och halva dagen \u00e5t g\u00e5rdens andra djur.[\/vc_toggle][\/vc_column_inner][vc_column_inner width=&#8221;1\/4&#8243;][vc_toggle title=&#8221;J\u00e4rn\u00e5ldersl\u00e4ger&#8221; style=&#8221;text_only&#8221; color=&#8221;black&#8221; css=&#8221;&#8221;]H\u00e4r kommer deltagarna f\u00e5 utf\u00f6ra j\u00e4rn\u00e5ldersaktiviteter som smide, baka br\u00f6d \u00f6ver \u00f6ppen eld, leka forntida lekar och m\u00e5la runor med mera! Vi kommer \u00e4ven ha aktiviteter med djuren p\u00e5 g\u00e5rden, det kan till exempel vara att borsta p\u00e5 f\u00e5ren, ha en h\u00f6na i kn\u00e4t eller hoppa med getterna![\/vc_toggle][\/vc_column_inner][\/vc_row_inner][\/vc_column][vc_column css=&#8221;.vc_custom_1737462989868{border-radius: 15px !important;}&#8221;][\/vc_column][\/vc_row][vc_row disable_element=&#8221;yes&#8221;][vc_column][\/vc_column][\/vc_row]<\/p>\n<\/div>","protected":false},"excerpt":{"rendered":"<p>[vc_row full_width=&#8221;stretch_row&#8221; css=&#8221;.vc_custom_1737462975878{margin-top: -110px !important;background-color: #008b44 !important;background-position: center !important;background-repeat: no-repeat !important;background-size: contain !important;}&#8221;][vc_column css=&#8221;.vc_custom_1737020052342{background-color: #ffffff !important;border-radius: 15px !important;}&#8221;][vc_column_text css=&#8221;&#8221;] V\u00e4lkommen till sommarl\u00e4ger 2026 Anm\u00e4lan \u00e4r nu \u00f6ppen! [\/vc_column_text][vc_separator color=&#8221;custom&#8221; style=&#8221;dotted&#8221; border_width=&#8221;5&#8243; css=&#8221;&#8221; accent_color=&#8221;#008b44&#8243;][vc_column_text css=&#8221;&#8221;]Kom med p\u00e5 ett av sommarens roligaste och mysigaste l\u00e4ger! H\u00e4r f\u00e5r du som deltagare vara med och ta hand om stallet,&nbsp; <a href=\"https:\/\/www.4h.se\/hagelby\/sommarlager\/\">&hellip; Read more <i class=\"glyphicon glyphicon-arrow-right\"><\/i><\/a><\/p>\n","protected":false},"author":147,"featured_media":0,"parent":0,"menu_order":109,"comment_status":"closed","ping_status":"closed","template":"","meta":{"_acf_changed":false,"footnotes":""},"class_list":["post-674","page","type-page","status-publish","hentry"],"acf":[],"yoast_head":"<!-- This site is optimized with the Yoast SEO plugin v27.6 - https:\/\/yoast.com\/product\/yoast-seo-wordpress\/ -->\n<title>Sommarl\u00e4ger med djur - H\u00e5gelby 4H-g\u00e5rd<\/title>\n<meta name=\"description\" content=\"Kom med p\u00e5 sommarl\u00e4ger med djur p\u00e5 H\u00e5gelby 4H i Tumba, Botkyrka. Vi har olika l\u00e4ger f\u00f6r barn 5-14 \u00e5r, v\u00e4lj bland djur, bakning med mer.\" \/>\n<meta name=\"robots\" content=\"index, follow, max-snippet:-1, max-image-preview:large, max-video-preview:-1\" \/>\n<link rel=\"canonical\" href=\"https:\/\/www.4h.se\/hagelby\/sommarlager\/\" \/>\n<meta property=\"og:locale\" content=\"sv_SE\" \/>\n<meta property=\"og:type\" content=\"article\" \/>\n<meta property=\"og:title\" content=\"Sommarl\u00e4ger med djur - H\u00e5gelby 4H-g\u00e5rd\" \/>\n<meta property=\"og:description\" content=\"Kom med p\u00e5 sommarl\u00e4ger med djur p\u00e5 H\u00e5gelby 4H i Tumba, Botkyrka. Vi har olika l\u00e4ger f\u00f6r barn 5-14 \u00e5r, v\u00e4lj bland djur, bakning med mer.\" \/>\n<meta property=\"og:url\" content=\"https:\/\/www.4h.se\/hagelby\/sommarlager\/\" \/>\n<meta property=\"og:site_name\" content=\"H\u00e5gelby 4H-g\u00e5rd\" \/>\n<meta property=\"article:modified_time\" content=\"2026-05-06T08:32:00+00:00\" \/>\n<meta name=\"twitter:card\" content=\"summary_large_image\" \/>\n<script type=\"application\/ld+json\" class=\"yoast-schema-graph\">{\"@context\":\"https:\\\/\\\/schema.org\",\"@graph\":[{\"@type\":\"WebPage\",\"@id\":\"https:\\\/\\\/www.4h.se\\\/hagelby\\\/sommarlager\\\/\",\"url\":\"https:\\\/\\\/www.4h.se\\\/hagelby\\\/sommarlager\\\/\",\"name\":\"Sommarl\u00e4ger med djur - H\u00e5gelby 4H-g\u00e5rd\",\"isPartOf\":{\"@id\":\"https:\\\/\\\/www.4h.se\\\/hagelby\\\/#website\"},\"datePublished\":\"2019-02-22T10:28:42+00:00\",\"dateModified\":\"2026-05-06T08:32:00+00:00\",\"description\":\"Kom med p\u00e5 sommarl\u00e4ger med djur p\u00e5 H\u00e5gelby 4H i Tumba, Botkyrka. Vi har olika l\u00e4ger f\u00f6r barn 5-14 \u00e5r, v\u00e4lj bland djur, bakning med mer.\",\"breadcrumb\":{\"@id\":\"https:\\\/\\\/www.4h.se\\\/hagelby\\\/sommarlager\\\/#breadcrumb\"},\"inLanguage\":\"sv-SE\",\"potentialAction\":[{\"@type\":\"ReadAction\",\"target\":[\"https:\\\/\\\/www.4h.se\\\/hagelby\\\/sommarlager\\\/\"]}]},{\"@type\":\"BreadcrumbList\",\"@id\":\"https:\\\/\\\/www.4h.se\\\/hagelby\\\/sommarlager\\\/#breadcrumb\",\"itemListElement\":[{\"@type\":\"ListItem\",\"position\":1,\"name\":\"Hem\",\"item\":\"https:\\\/\\\/www.4h.se\\\/hagelby\\\/\"},{\"@type\":\"ListItem\",\"position\":2,\"name\":\"Sommarl\u00e4ger\"}]},{\"@type\":\"WebSite\",\"@id\":\"https:\\\/\\\/www.4h.se\\\/hagelby\\\/#website\",\"url\":\"https:\\\/\\\/www.4h.se\\\/hagelby\\\/\",\"name\":\"H\u00e5gelby 4H-g\u00e5rd\",\"description\":\"\",\"potentialAction\":[{\"@type\":\"SearchAction\",\"target\":{\"@type\":\"EntryPoint\",\"urlTemplate\":\"https:\\\/\\\/www.4h.se\\\/hagelby\\\/?s={search_term_string}\"},\"query-input\":{\"@type\":\"PropertyValueSpecification\",\"valueRequired\":true,\"valueName\":\"search_term_string\"}}],\"inLanguage\":\"sv-SE\"}]}<\/script>\n<!-- \/ Yoast SEO plugin. -->","yoast_head_json":{"title":"Sommarl\u00e4ger med djur - H\u00e5gelby 4H-g\u00e5rd","description":"Kom med p\u00e5 sommarl\u00e4ger med djur p\u00e5 H\u00e5gelby 4H i Tumba, Botkyrka. Vi har olika l\u00e4ger f\u00f6r barn 5-14 \u00e5r, v\u00e4lj bland djur, bakning med mer.","robots":{"index":"index","follow":"follow","max-snippet":"max-snippet:-1","max-image-preview":"max-image-preview:large","max-video-preview":"max-video-preview:-1"},"canonical":"https:\/\/www.4h.se\/hagelby\/sommarlager\/","og_locale":"sv_SE","og_type":"article","og_title":"Sommarl\u00e4ger med djur - H\u00e5gelby 4H-g\u00e5rd","og_description":"Kom med p\u00e5 sommarl\u00e4ger med djur p\u00e5 H\u00e5gelby 4H i Tumba, Botkyrka. Vi har olika l\u00e4ger f\u00f6r barn 5-14 \u00e5r, v\u00e4lj bland djur, bakning med mer.","og_url":"https:\/\/www.4h.se\/hagelby\/sommarlager\/","og_site_name":"H\u00e5gelby 4H-g\u00e5rd","article_modified_time":"2026-05-06T08:32:00+00:00","twitter_card":"summary_large_image","schema":{"@context":"https:\/\/schema.org","@graph":[{"@type":"WebPage","@id":"https:\/\/www.4h.se\/hagelby\/sommarlager\/","url":"https:\/\/www.4h.se\/hagelby\/sommarlager\/","name":"Sommarl\u00e4ger med djur - H\u00e5gelby 4H-g\u00e5rd","isPartOf":{"@id":"https:\/\/www.4h.se\/hagelby\/#website"},"datePublished":"2019-02-22T10:28:42+00:00","dateModified":"2026-05-06T08:32:00+00:00","description":"Kom med p\u00e5 sommarl\u00e4ger med djur p\u00e5 H\u00e5gelby 4H i Tumba, Botkyrka. Vi har olika l\u00e4ger f\u00f6r barn 5-14 \u00e5r, v\u00e4lj bland djur, bakning med mer.","breadcrumb":{"@id":"https:\/\/www.4h.se\/hagelby\/sommarlager\/#breadcrumb"},"inLanguage":"sv-SE","potentialAction":[{"@type":"ReadAction","target":["https:\/\/www.4h.se\/hagelby\/sommarlager\/"]}]},{"@type":"BreadcrumbList","@id":"https:\/\/www.4h.se\/hagelby\/sommarlager\/#breadcrumb","itemListElement":[{"@type":"ListItem","position":1,"name":"Hem","item":"https:\/\/www.4h.se\/hagelby\/"},{"@type":"ListItem","position":2,"name":"Sommarl\u00e4ger"}]},{"@type":"WebSite","@id":"https:\/\/www.4h.se\/hagelby\/#website","url":"https:\/\/www.4h.se\/hagelby\/","name":"H\u00e5gelby 4H-g\u00e5rd","description":"","potentialAction":[{"@type":"SearchAction","target":{"@type":"EntryPoint","urlTemplate":"https:\/\/www.4h.se\/hagelby\/?s={search_term_string}"},"query-input":{"@type":"PropertyValueSpecification","valueRequired":true,"valueName":"search_term_string"}}],"inLanguage":"sv-SE"}]}},"_links":{"self":[{"href":"https:\/\/www.4h.se\/hagelby\/wp-json\/wp\/v2\/pages\/674","targetHints":{"allow":["GET"]}}],"collection":[{"href":"https:\/\/www.4h.se\/hagelby\/wp-json\/wp\/v2\/pages"}],"about":[{"href":"https:\/\/www.4h.se\/hagelby\/wp-json\/wp\/v2\/types\/page"}],"author":[{"embeddable":true,"href":"https:\/\/www.4h.se\/hagelby\/wp-json\/wp\/v2\/users\/147"}],"replies":[{"embeddable":true,"href":"https:\/\/www.4h.se\/hagelby\/wp-json\/wp\/v2\/comments?post=674"}],"version-history":[{"count":0,"href":"https:\/\/www.4h.se\/hagelby\/wp-json\/wp\/v2\/pages\/674\/revisions"}],"wp:attachment":[{"href":"https:\/\/www.4h.se\/hagelby\/wp-json\/wp\/v2\/media?parent=674"}],"curies":[{"name":"wp","href":"https:\/\/api.w.org\/{rel}","templated":true}]}}