



{"id":539,"date":"2017-04-05T14:51:36","date_gmt":"2017-04-05T12:51:36","guid":{"rendered":"http:\/\/www.4h.se\/hagelby\/?page_id=539"},"modified":"2024-04-02T12:27:34","modified_gmt":"2024-04-02T10:27:34","slug":"praktik-pa-garden","status":"publish","type":"page","link":"https:\/\/www.4h.se\/hagelby\/praktik-pa-garden\/","title":{"rendered":"Praktik p\u00e5 g\u00e5rden"},"content":{"rendered":"<div class=\"wpb-content-wrapper\"><p>[vc_row full_width=&#8221;stretch_row&#8221; css=&#8221;.vc_custom_1708000846402{background-color: #008b44 !important;}&#8221;][vc_column][vc_row_inner css=&#8221;.vc_custom_1712053428339{margin-bottom: 30px !important;background-color: #ffffff !important;background-position: center !important;background-repeat: no-repeat !important;background-size: cover !important;border-radius: 15px !important;}&#8221;][vc_column_inner css=&#8221;.vc_custom_1712053409923{background-color: #ffffff !important;border-radius: 15px !important;}&#8221;][vc_column_text css=&#8221;.vc_custom_1708606014344{border-radius: 15px !important;}&#8221;]<\/p>\n<h1 style=\"text-align: center;\"><span style=\"color: #000000;\">Praktik p\u00e5 H\u00e5gelby 4H-g\u00e5rd<\/span><\/h1>\n<p>[\/vc_column_text][vc_separator color=&#8221;custom&#8221; style=&#8221;dotted&#8221; border_width=&#8221;5&#8243; accent_color=&#8221;#008b45&#8243;][vc_column_text css=&#8221;.vc_custom_1712053589316{border-radius: 15px !important;}&#8221;]<\/p>\n<h1 style=\"text-align: center;\"><\/h1>\n<ul>\n<li>\n<h3><span style=\"color: #000000;\">Elever fr\u00e5n <strong>gymnasieskolornas<\/strong> Djur\/H\u00e4st\/Lantbruksinriktningar samt Barn- och Ungdomsinriktningar\u00a0<\/span><\/h3>\n<\/li>\n<\/ul>\n<p style=\"padding-left: 40px;\"><span style=\"color: #000000;\">\u00e4r v\u00e4lkomna att g\u00f6ra sin praktik hos oss. Din skola beh\u00f6ver betala ut ett handledararvode, mer information vid kontakt. Maila till hagelby@4h.se<\/span><\/p>\n<ul>\n<li>\n<h3><span style=\"color: #000000;\">Praoelever fr\u00e5n <strong>grundskolorna<\/strong>\u00a0<\/span><\/h3>\n<\/li>\n<\/ul>\n<p style=\"padding-left: 40px;\"><span style=\"color: #000000;\">har vi\u00a0begr\u00e4nsade m\u00f6jlighet att\u00a0ta emot &#8211; kontakta oss f\u00f6r f\u00f6rfr\u00e5gan. Har du\u00a0ett djurintresse och g\u00e5r i grundskolan s\u00e5 \u00e4r du\u00a0varmt v\u00e4lkommen att bli medlem och\u00a0delta i v\u00e5r verksamhet p\u00e5 fritiden.<\/span><\/p>\n<ul>\n<li>\n<h3><span style=\"color: #000000;\">Praktikanter fr\u00e5n <strong>s\u00e4rskolor<\/strong>\u00a0<\/span><\/h3>\n<\/li>\n<\/ul>\n<p style=\"padding-left: 40px;\"><span style=\"color: #000000;\">Har vi tyv\u00e4rr ingen m\u00f6jlighet att handleda. D\u00e4remot kan pedagoger fr\u00e5n skolorna g\u00e5 en tv\u00e5dagarsutbildning p\u00e5 g\u00e5rden och d\u00e4refter handleda sina egna elever. Kursen kostar 1000:-\/ pp och d\u00e4refter \u00e4r det gratis att undervisa sina elever p\u00e5 g\u00e5rden under praktikperioder. Intresseanm\u00e4lan g\u00f6rs till hagelby@4h.se.<\/span><\/p>\n<ul>\n<li>\n<h3><span style=\"color: #000000;\"><strong>Rehabilitering, arbetspr\u00f6vning och arbetspraktik f\u00f6r l\u00e5ngtidsarbetsl\u00f6sa<\/strong> <\/span><\/h3>\n<\/li>\n<\/ul>\n<p style=\"padding-left: 40px;\"><span style=\"color: #000000;\">Kan ges hos oss. Vi pr\u00f6var varje fall f\u00f6r sig, oftast kr\u00e4vs ett handledararvode och alltid en kontaktperson fr\u00e5n f\u00f6rs\u00e4kringskassan, arbetsf\u00f6rmedling eller liknande. Maila till <a style=\"color: #000000;\" href=\"mailto:hagelby@4h.se\">hagelby@4h.se<\/a><\/span><\/p>\n<p>&nbsp;[\/vc_column_text][\/vc_column_inner][vc_column_inner][vc_single_image image=&#8221;1369&#8243; img_size=&#8221;full&#8221; alignment=&#8221;center&#8221; style=&#8221;vc_box_outline&#8221;][\/vc_column_inner][\/vc_row_inner][\/vc_column][\/vc_row]<\/p>\n<\/div>","protected":false},"excerpt":{"rendered":"<p>[vc_row full_width=&#8221;stretch_row&#8221; css=&#8221;.vc_custom_1708000846402{background-color: #008b44 !important;}&#8221;][vc_column][vc_row_inner css=&#8221;.vc_custom_1712053428339{margin-bottom: 30px !important;background-color: #ffffff !important;background-position: center !important;background-repeat: no-repeat !important;background-size: cover !important;border-radius: 15px !important;}&#8221;][vc_column_inner css=&#8221;.vc_custom_1712053409923{background-color: #ffffff !important;border-radius: 15px !important;}&#8221;][vc_column_text css=&#8221;.vc_custom_1708606014344{border-radius: 15px !important;}&#8221;] Praktik p\u00e5 H\u00e5gelby 4H-g\u00e5rd [\/vc_column_text][vc_separator color=&#8221;custom&#8221; style=&#8221;dotted&#8221; border_width=&#8221;5&#8243; accent_color=&#8221;#008b45&#8243;][vc_column_text css=&#8221;.vc_custom_1712053589316{border-radius: 15px !important;}&#8221;] Elever fr\u00e5n gymnasieskolornas Djur\/H\u00e4st\/Lantbruksinriktningar samt Barn- och Ungdomsinriktningar\u00a0 \u00e4r v\u00e4lkomna att g\u00f6ra sin praktik hos oss. Din&nbsp; <a href=\"https:\/\/www.4h.se\/hagelby\/praktik-pa-garden\/\">&hellip; Read more <i class=\"glyphicon glyphicon-arrow-right\"><\/i><\/a><\/p>\n","protected":false},"author":45,"featured_media":0,"parent":0,"menu_order":101,"comment_status":"closed","ping_status":"closed","template":"","meta":{"_acf_changed":false,"footnotes":""},"class_list":["post-539","page","type-page","status-publish","hentry"],"acf":[],"yoast_head":"<!-- This site is optimized with the Yoast SEO plugin v27.5 - https:\/\/yoast.com\/product\/yoast-seo-wordpress\/ -->\n<title>Praktik p\u00e5 g\u00e5rden<\/title>\n<meta name=\"description\" content=\"Praktik p\u00e5 g\u00e5rden\" \/>\n<meta name=\"robots\" content=\"index, follow, max-snippet:-1, max-image-preview:large, max-video-preview:-1\" \/>\n<link rel=\"canonical\" href=\"https:\/\/www.4h.se\/hagelby\/praktik-pa-garden\/\" \/>\n<meta property=\"og:locale\" content=\"sv_SE\" \/>\n<meta property=\"og:type\" content=\"article\" \/>\n<meta property=\"og:title\" content=\"Praktik p\u00e5 g\u00e5rden\" \/>\n<meta property=\"og:description\" content=\"Praktik p\u00e5 g\u00e5rden\" \/>\n<meta property=\"og:url\" content=\"https:\/\/www.4h.se\/hagelby\/praktik-pa-garden\/\" \/>\n<meta property=\"og:site_name\" content=\"H\u00e5gelby 4H-g\u00e5rd\" \/>\n<meta property=\"article:modified_time\" content=\"2024-04-02T10:27:34+00:00\" \/>\n<meta name=\"twitter:card\" content=\"summary_large_image\" \/>\n<meta name=\"twitter:label1\" content=\"Ber\u00e4knad l\u00e4stid\" \/>\n\t<meta name=\"twitter:data1\" content=\"2 minuter\" \/>\n<script type=\"application\/ld+json\" class=\"yoast-schema-graph\">{\"@context\":\"https:\\\/\\\/schema.org\",\"@graph\":[{\"@type\":\"WebPage\",\"@id\":\"https:\\\/\\\/www.4h.se\\\/hagelby\\\/praktik-pa-garden\\\/\",\"url\":\"https:\\\/\\\/www.4h.se\\\/hagelby\\\/praktik-pa-garden\\\/\",\"name\":\"Praktik p\u00e5 g\u00e5rden\",\"isPartOf\":{\"@id\":\"https:\\\/\\\/www.4h.se\\\/hagelby\\\/#website\"},\"datePublished\":\"2017-04-05T12:51:36+00:00\",\"dateModified\":\"2024-04-02T10:27:34+00:00\",\"description\":\"Praktik p\u00e5 g\u00e5rden\",\"breadcrumb\":{\"@id\":\"https:\\\/\\\/www.4h.se\\\/hagelby\\\/praktik-pa-garden\\\/#breadcrumb\"},\"inLanguage\":\"sv-SE\",\"potentialAction\":[{\"@type\":\"ReadAction\",\"target\":[\"https:\\\/\\\/www.4h.se\\\/hagelby\\\/praktik-pa-garden\\\/\"]}]},{\"@type\":\"BreadcrumbList\",\"@id\":\"https:\\\/\\\/www.4h.se\\\/hagelby\\\/praktik-pa-garden\\\/#breadcrumb\",\"itemListElement\":[{\"@type\":\"ListItem\",\"position\":1,\"name\":\"Hem\",\"item\":\"https:\\\/\\\/www.4h.se\\\/hagelby\\\/\"},{\"@type\":\"ListItem\",\"position\":2,\"name\":\"Praktik p\u00e5 g\u00e5rden\"}]},{\"@type\":\"WebSite\",\"@id\":\"https:\\\/\\\/www.4h.se\\\/hagelby\\\/#website\",\"url\":\"https:\\\/\\\/www.4h.se\\\/hagelby\\\/\",\"name\":\"H\u00e5gelby 4H-g\u00e5rd\",\"description\":\"\",\"potentialAction\":[{\"@type\":\"SearchAction\",\"target\":{\"@type\":\"EntryPoint\",\"urlTemplate\":\"https:\\\/\\\/www.4h.se\\\/hagelby\\\/?s={search_term_string}\"},\"query-input\":{\"@type\":\"PropertyValueSpecification\",\"valueRequired\":true,\"valueName\":\"search_term_string\"}}],\"inLanguage\":\"sv-SE\"}]}<\/script>\n<!-- \/ Yoast SEO plugin. -->","yoast_head_json":{"title":"Praktik p\u00e5 g\u00e5rden","description":"Praktik p\u00e5 g\u00e5rden","robots":{"index":"index","follow":"follow","max-snippet":"max-snippet:-1","max-image-preview":"max-image-preview:large","max-video-preview":"max-video-preview:-1"},"canonical":"https:\/\/www.4h.se\/hagelby\/praktik-pa-garden\/","og_locale":"sv_SE","og_type":"article","og_title":"Praktik p\u00e5 g\u00e5rden","og_description":"Praktik p\u00e5 g\u00e5rden","og_url":"https:\/\/www.4h.se\/hagelby\/praktik-pa-garden\/","og_site_name":"H\u00e5gelby 4H-g\u00e5rd","article_modified_time":"2024-04-02T10:27:34+00:00","twitter_card":"summary_large_image","twitter_misc":{"Ber\u00e4knad l\u00e4stid":"2 minuter"},"schema":{"@context":"https:\/\/schema.org","@graph":[{"@type":"WebPage","@id":"https:\/\/www.4h.se\/hagelby\/praktik-pa-garden\/","url":"https:\/\/www.4h.se\/hagelby\/praktik-pa-garden\/","name":"Praktik p\u00e5 g\u00e5rden","isPartOf":{"@id":"https:\/\/www.4h.se\/hagelby\/#website"},"datePublished":"2017-04-05T12:51:36+00:00","dateModified":"2024-04-02T10:27:34+00:00","description":"Praktik p\u00e5 g\u00e5rden","breadcrumb":{"@id":"https:\/\/www.4h.se\/hagelby\/praktik-pa-garden\/#breadcrumb"},"inLanguage":"sv-SE","potentialAction":[{"@type":"ReadAction","target":["https:\/\/www.4h.se\/hagelby\/praktik-pa-garden\/"]}]},{"@type":"BreadcrumbList","@id":"https:\/\/www.4h.se\/hagelby\/praktik-pa-garden\/#breadcrumb","itemListElement":[{"@type":"ListItem","position":1,"name":"Hem","item":"https:\/\/www.4h.se\/hagelby\/"},{"@type":"ListItem","position":2,"name":"Praktik p\u00e5 g\u00e5rden"}]},{"@type":"WebSite","@id":"https:\/\/www.4h.se\/hagelby\/#website","url":"https:\/\/www.4h.se\/hagelby\/","name":"H\u00e5gelby 4H-g\u00e5rd","description":"","potentialAction":[{"@type":"SearchAction","target":{"@type":"EntryPoint","urlTemplate":"https:\/\/www.4h.se\/hagelby\/?s={search_term_string}"},"query-input":{"@type":"PropertyValueSpecification","valueRequired":true,"valueName":"search_term_string"}}],"inLanguage":"sv-SE"}]}},"_links":{"self":[{"href":"https:\/\/www.4h.se\/hagelby\/wp-json\/wp\/v2\/pages\/539","targetHints":{"allow":["GET"]}}],"collection":[{"href":"https:\/\/www.4h.se\/hagelby\/wp-json\/wp\/v2\/pages"}],"about":[{"href":"https:\/\/www.4h.se\/hagelby\/wp-json\/wp\/v2\/types\/page"}],"author":[{"embeddable":true,"href":"https:\/\/www.4h.se\/hagelby\/wp-json\/wp\/v2\/users\/45"}],"replies":[{"embeddable":true,"href":"https:\/\/www.4h.se\/hagelby\/wp-json\/wp\/v2\/comments?post=539"}],"version-history":[{"count":0,"href":"https:\/\/www.4h.se\/hagelby\/wp-json\/wp\/v2\/pages\/539\/revisions"}],"wp:attachment":[{"href":"https:\/\/www.4h.se\/hagelby\/wp-json\/wp\/v2\/media?parent=539"}],"curies":[{"name":"wp","href":"https:\/\/api.w.org\/{rel}","templated":true}]}}