



{"id":469,"date":"2016-11-25T09:58:32","date_gmt":"2016-11-25T08:58:32","guid":{"rendered":"http:\/\/www.4h.se\/hagelby\/?page_id=469"},"modified":"2026-01-20T10:40:49","modified_gmt":"2026-01-20T09:40:49","slug":"forsaljning","status":"publish","type":"page","link":"https:\/\/www.4h.se\/hagelby\/forsaljning\/","title":{"rendered":"F\u00f6rs\u00e4ljning"},"content":{"rendered":"<div class=\"wpb-content-wrapper\"><p>[vc_row full_width=&#8221;stretch_row&#8221; equal_height=&#8221;yes&#8221; css=&#8221;.vc_custom_1708000951849{background-color: #008b44 !important;}&#8221;][vc_column width=&#8221;2\/3&#8243;][vc_row_inner equal_height=&#8221;yes&#8221; css=&#8221;.vc_custom_1708000961776{margin-bottom: 30px !important;background-color: #ffffff !important;border-radius: 15px !important;}&#8221;][vc_column_inner][vc_column_text]<\/p>\n<h1 style=\"text-align: center\">F\u00f6rs\u00e4ljning\u00a0och tj\u00e4nster<\/h1>\n<p>[\/vc_column_text][vc_separator color=&#8221;custom&#8221; style=&#8221;dotted&#8221; border_width=&#8221;5&#8243; accent_color=&#8221;#008b45&#8243;][vc_column_text css=&#8221;&#8221;]<\/p>\n<h3><span style=\"vertical-align: inherit;\"><span style=\"vertical-align: inherit;\"><span style=\"vertical-align: inherit;\"><span style=\"vertical-align: inherit;\">Foder<\/span><\/span><\/span><\/span><\/h3>\n<p><span style=\"vertical-align: inherit;\"><span style=\"vertical-align: inherit;\"><span style=\"vertical-align: inherit;\"><span style=\"vertical-align: inherit;\">H\u00f6, 1 kg&nbsp; &nbsp; &nbsp; &nbsp; &nbsp; &nbsp; &nbsp; &nbsp; &nbsp; &nbsp; &nbsp; &nbsp; &nbsp;40 kr<\/span><\/span><\/span><\/span><\/p>\n<p><span style=\"vertical-align: inherit;\"><span style=\"vertical-align: inherit;\"><span style=\"vertical-align: inherit;\"><span style=\"vertical-align: inherit;\">H\u00f6, 10 kg&nbsp; &nbsp; &nbsp; &nbsp; &nbsp; &nbsp; &nbsp; &nbsp; &nbsp; &nbsp; &nbsp; &nbsp;350 kr<\/span><\/span><\/span><\/span><\/p>\n<p><span style=\"vertical-align: inherit;\"><span style=\"vertical-align: inherit;\"><span style=\"vertical-align: inherit;\"><span style=\"vertical-align: inherit;\">Halm, 1 kg&nbsp; &nbsp; &nbsp; &nbsp; &nbsp; &nbsp; &nbsp; &nbsp; &nbsp; &nbsp; &nbsp; 40 kr<\/span><\/span><\/span><\/span><\/p>\n<p><span style=\"vertical-align: inherit;\"><span style=\"vertical-align: inherit;\"><span style=\"vertical-align: inherit;\"><span style=\"vertical-align: inherit;\">Halm, 10 kg&nbsp; &nbsp; &nbsp; &nbsp; &nbsp; &nbsp; &nbsp; &nbsp; &nbsp; &nbsp; 350 kr<\/span><\/span><\/span><\/span><\/p>\n<p><span style=\"vertical-align: inherit;\"><span style=\"vertical-align: inherit;\"><span style=\"vertical-align: inherit;\"><span style=\"vertical-align: inherit;\">Havre, hel, 1 kg&nbsp; &nbsp; &nbsp; &nbsp; &nbsp; &nbsp; &nbsp; 25 kr<\/span><\/span><\/span><\/span><\/p>\n<p><span style=\"vertical-align: inherit;\"><span style=\"vertical-align: inherit;\">Sp\u00e5n, 2 kg&nbsp; &nbsp; &nbsp; &nbsp; &nbsp; &nbsp; &nbsp; &nbsp; &nbsp; &nbsp; &nbsp; 30 kr<\/span><\/span><\/p>\n<p><span style=\"vertical-align: inherit;\"><span style=\"vertical-align: inherit;\">Sp\u00e5n bal, 20 kg&nbsp; &nbsp; &nbsp; &nbsp; &nbsp; &nbsp; &nbsp; 250 kr&nbsp; &nbsp;<\/span><\/span><\/p>\n<p>&nbsp;<\/p>\n<p><span style=\"font-family: 'Montebello Rounded'; font-size: 24px; font-weight: bold; -webkit-text-size-adjust: 100%;\"><span style=\"vertical-align: inherit;\"><span style=\"vertical-align: inherit;\">Tr\u00e4dg\u00e5rdstillbeh\u00f6r<\/span><\/span><\/span><\/p>\n<p><span style=\"vertical-align: inherit;\"><span style=\"vertical-align: inherit;\">H\u00e4stg\u00f6dsel&nbsp; &nbsp; &nbsp; &nbsp; &nbsp; &nbsp; &nbsp; &nbsp; &nbsp; &nbsp; &nbsp; 50 kr\/s\u00e4ck<\/span><\/span><\/p>\n<p><span style=\"vertical-align: inherit;\"><span style=\"vertical-align: inherit;\">Tr\u00e4dg\u00e5rdsull&nbsp; &nbsp; &nbsp; &nbsp; &nbsp; &nbsp; &nbsp; &nbsp; &nbsp; &nbsp; 40 kr\/kasse &#8211;&nbsp;<\/span><\/span><em><span style=\"vertical-align: inherit;\"><span style=\"vertical-align: inherit;\">f\u00f6r tillf\u00e4llet slut<\/span><\/span><\/em><\/p>\n<p><span style=\"vertical-align: inherit;\"><span style=\"vertical-align: inherit;\">Finare ull&nbsp; &nbsp; &nbsp; &nbsp; &nbsp; &nbsp; &nbsp; &nbsp; &nbsp; &nbsp; &nbsp; &nbsp; &nbsp;50 kr\/kasse &#8211;&nbsp;<\/span><\/span><em><span style=\"vertical-align: inherit;\"><span style=\"vertical-align: inherit;\">f\u00f6r tillf\u00e4llet slut<\/span><\/span><\/em><\/p>\n<p>&nbsp;<\/p>\n<p style=\"text-align: left;\"><span style=\"vertical-align: inherit;\"><span style=\"vertical-align: inherit;\">Du kan handla av g\u00e5rdens personal. Vi finns oftast tillg\u00e4ngliga p\u00e5 g\u00e5rden m\u00e5ndag-fredag kl 8.30-16.30. Vi vill att du best\u00e4ller i f\u00f6rv\u00e4g genom att&nbsp;fylla i formul\u00e4ret h\u00e4r bredvid. D\u00e5 g\u00f6r vi i ordning din best\u00e4llning, som enkelt kan h\u00e4mtas p\u00e5 \u00f6verenskommen tid.<\/span><\/span><\/p>\n<p>[\/vc_column_text][vc_separator color=&#8221;custom&#8221; style=&#8221;dotted&#8221; border_width=&#8221;5&#8243; accent_color=&#8221;#008b45&#8243;][vc_column_text]<\/p>\n<h3>Kloklippning<\/h3>\n<p>Vi klipper klor p\u00e5 kaniner och marsvin. Kloklippning kostar 100 kr\/djur. Du \u00e4r sj\u00e4lv med och h\u00e5ller i djuret, medans vi klipper.<\/p>\n<p>Fyll i formul\u00e4ret h\u00e4r bredvid med \u00f6nskem\u00e5l p\u00e5 tid s\u00e5 hittar vi n\u00e5got som passar.[\/vc_column_text][vc_separator color=&#8221;custom&#8221; style=&#8221;dotted&#8221; border_width=&#8221;5&#8243; accent_color=&#8221;#008b45&#8243;][vc_column_text]<\/p>\n<h3>Vill du vara med och handla f\u00f6r att st\u00f6tta v\u00e5r verksamhet?<\/h3>\n<p>Varje termin har vi olika f\u00f6rs\u00e4ljningar p\u00e5 H\u00e5gelby 4H\u00a0int\u00e4kterna g\u00e5r till verksamheten p\u00e5 H\u00e5gelby 4H-g\u00e5rd. Genom att handla genom oss st\u00f6djer du aktiviteter f\u00f6r barn och unga.<\/p>\n<p><a href=\"https:\/\/www.4h.se\/hagelby\/stotta-var-verksamhet\/\">Klicka h\u00e4r f\u00f6r att komma till v\u00e5ra f\u00f6rs\u00e4ljningar och st\u00f6tta v\u00e5r verksamhet.<\/a><\/p>\n<p>&nbsp;<\/p>\n<p>&nbsp;[\/vc_column_text][\/vc_column_inner][\/vc_row_inner][\/vc_column][vc_column width=&#8221;1\/3&#8243;][vc_row_inner css=&#8221;.vc_custom_1647424350108{margin-bottom: 29px !important;margin-left: -25px !important;background-color: #ffffff !important;border-radius: 15px !important;}&#8221;][vc_column_inner][vc_column_text css=&#8221;&#8221;]<\/p>\n<h5><span data-olk-copy-source=\"MessageBody\">vi har haft problem med v\u00e5ra formul\u00e4r och arbetar p\u00e5 att l\u00f6sa det. Har du inte f\u00e5tt svar inom 2 vardagar f\u00e5r ni g\u00e4rna skicka ett mail till oss p\u00e5 hagelby@4h.se<\/span><\/h5>\n<div class=\"frm_forms  with_frm_style frm_style_formidable-style\" id=\"frm_form_21_container\" >\n<form enctype=\"multipart\/form-data\" method=\"post\" class=\"frm-show-form \" id=\"form_ipbd3\" >\n<div class=\"frm_form_fields \">\n<fieldset>\n<legend class=\"frm_hidden\">F\u00f6rs\u00e4ljning<\/legend>\r\n<h3 class=\"frm_form_title\">F\u00f6rs\u00e4ljning<\/h3>\r\n<div class=\"frm_fields_container\">\n<input type=\"hidden\" name=\"frm_action\" value=\"create\" \/>\n<input type=\"hidden\" name=\"form_id\" value=\"21\" \/>\n<input type=\"hidden\" name=\"frm_hide_fields_21\" id=\"frm_hide_fields_21\" value=\"\" \/>\n<input type=\"hidden\" name=\"form_key\" value=\"ipbd3\" \/>\n<input type=\"hidden\" name=\"item_meta[0]\" value=\"\" \/>\n<input type=\"hidden\" id=\"frm_submit_entry_21\" name=\"frm_submit_entry_21\" value=\"8dd9c5afe1\" \/><input type=\"hidden\" name=\"_wp_http_referer\" value=\"\/hagelby\/wp-json\/wp\/v2\/pages\/469\" \/><div id=\"frm_field_183_container\" class=\"frm_form_field form-field  frm_required_field frm_top_container\">\r\n    <label for=\"field_t0tha\" class=\"frm_primary_label\">Namn\r\n        <span class=\"frm_required\">*<\/span>\r\n    <\/label>\r\n    <input type=\"text\" id=\"field_t0tha\" name=\"item_meta[183]\" value=\"\"  data-reqmsg=\"Detta f\u00e4lt kan inte vara tomt.\" aria-required=\"true\" data-invmsg=\"Namn \u00e4r ogiltigt\" aria-invalid=\"false\"  \/>\r\n    \r\n    \r\n<\/div>\n<div id=\"frm_field_189_container\" class=\"frm_form_field form-field  frm_required_field frm_top_container\">\r\n    <label for=\"field_269i6\" class=\"frm_primary_label\">E-postadress\r\n        <span class=\"frm_required\">*<\/span>\r\n    <\/label>\r\n    <input type=\"email\" id=\"field_269i6\" name=\"item_meta[189]\" value=\"\"  data-reqmsg=\"Detta f\u00e4lt kan inte vara tomt.\" aria-required=\"true\" data-invmsg=\"E-postadress \u00e4r ogiltigt\" aria-invalid=\"false\"   aria-describedby=\"frm_desc_field_269i6\"\/>\r\n    <div id=\"frm_desc_field_269i6\" class=\"frm_description\">Hit skickas din bekr\u00e4ftelse<\/div>\r\n    \r\n<\/div>\n<div id=\"frm_field_191_container\" class=\"frm_form_field form-field  frm_required_field frm_top_container\">\r\n    <label for=\"field_bvi8i\" class=\"frm_primary_label\">Dag och tid f\u00f6r att h\u00e4mta din best\u00e4llning\r\n        <span class=\"frm_required\">*<\/span>\r\n    <\/label>\r\n    <input type=\"text\" id=\"field_bvi8i\" name=\"item_meta[191]\" value=\"\"  data-reqmsg=\"Detta f\u00e4lt kan inte vara tomt.\" aria-required=\"true\" data-invmsg=\"Dag och tid f\u00f6r att h\u00e4mta din best\u00e4llning \u00e4r ogiltigt\" aria-invalid=\"false\"  \/>\r\n    \r\n    \r\n<\/div>\n<div id=\"frm_field_185_container\" class=\"frm_form_field form-field  frm_top_container\">\r\n    <label for=\"field_x9p9f\" class=\"frm_primary_label\">H\u00f6\r\n        <span class=\"frm_required\"><\/span>\r\n    <\/label>\r\n    <input type=\"text\" id=\"field_x9p9f\" name=\"item_meta[185]\" value=\"\"  data-invmsg=\"H\u00f6 \u00e4r ogiltigt\" aria-invalid=\"false\"   aria-describedby=\"frm_desc_field_x9p9f\"\/>\r\n    <div id=\"frm_desc_field_x9p9f\" class=\"frm_description\">Ange antal kilo du vill k\u00f6pa<\/div>\r\n    \r\n<\/div>\n<div id=\"frm_field_395_container\" class=\"frm_form_field form-field  frm_top_container\">\r\n\t<label for=\"field_rlxzh\" id=\"field_rlxzh_label\" class=\"frm_primary_label\">Halm\r\n\t\t<span class=\"frm_required\" aria-hidden=\"true\"><\/span>\r\n\t<\/label>\r\n\t<input type=\"text\" id=\"field_rlxzh\" name=\"item_meta[395]\" value=\"\"  data-invmsg=\"Halm \u00e4r ogiltigt\" aria-invalid=\"false\"   aria-describedby=\"frm_desc_field_rlxzh\"\/>\r\n\t<div class=\"frm_description\" id=\"frm_desc_field_rlxzh\">Ange antal kilo du vill k\u00f6pa<\/div>\r\n\t\r\n<\/div>\n<div id=\"frm_field_259_container\" class=\"frm_form_field form-field  frm_top_container\">\r\n    <label for=\"field_khfc1\" class=\"frm_primary_label\">H\u00e4stg\u00f6dsel\r\n        <span class=\"frm_required\"><\/span>\r\n    <\/label>\r\n    <input type=\"text\" id=\"field_khfc1\" name=\"item_meta[259]\" value=\"\"  data-invmsg=\"Sp\u00e5n \u00e4r ogiltigt\" aria-invalid=\"false\"   aria-describedby=\"frm_desc_field_khfc1\"\/>\r\n    <div id=\"frm_desc_field_khfc1\" class=\"frm_description\">Ange antal s\u00e4ckar du vill k\u00f6pa<\/div>\r\n    \r\n<\/div>\n<div id=\"frm_field_260_container\" class=\"frm_form_field form-field  frm_top_container\">\r\n    <label for=\"field_f1adl\" class=\"frm_primary_label\">Tr\u00e4dg\u00e5rdsull - SLUT f\u00f6r tillf\u00e4llet\r\n        <span class=\"frm_required\"><\/span>\r\n    <\/label>\r\n    <input type=\"text\" id=\"field_f1adl\" name=\"item_meta[260]\" value=\"\"  data-invmsg=\"Sp\u00e5n \u00e4r ogiltigt\" aria-invalid=\"false\"   aria-describedby=\"frm_desc_field_f1adl\"\/>\r\n    <div id=\"frm_desc_field_f1adl\" class=\"frm_description\">Ange antal kassar du vill k\u00f6pa<\/div>\r\n    \r\n<\/div>\n<div id=\"frm_field_261_container\" class=\"frm_form_field form-field  frm_top_container\">\r\n    <label for=\"field_m1wmo\" class=\"frm_primary_label\">Finare ull - SLUT f\u00f6r tillf\u00e4llet\r\n        <span class=\"frm_required\"><\/span>\r\n    <\/label>\r\n    <input type=\"text\" id=\"field_m1wmo\" name=\"item_meta[261]\" value=\"\"  data-invmsg=\"Sp\u00e5n \u00e4r ogiltigt\" aria-invalid=\"false\"   aria-describedby=\"frm_desc_field_m1wmo\"\/>\r\n    <div id=\"frm_desc_field_m1wmo\" class=\"frm_description\">Ange antal kassar du vill k\u00f6pa<\/div>\r\n    \r\n<\/div>\n<div id=\"frm_field_240_container\" class=\"frm_form_field form-field  frm_top_container\">\r\n    <label for=\"field_mohn1\" class=\"frm_primary_label\">Kloklippning\r\n        <span class=\"frm_required\"><\/span>\r\n    <\/label>\r\n    <textarea name=\"item_meta[240]\" id=\"field_mohn1\"  data-invmsg=\"Kloklippning \u00e4r ogiltigt\" aria-invalid=\"false\"   aria-describedby=\"frm_desc_field_mohn1\"><\/textarea>\r\n    <div id=\"frm_desc_field_mohn1\" class=\"frm_description\">Ange vilket sorts djur (kanin\/marsvin) samt hur m\u00e5nga djur. \u00c4ven om det \u00e4r n\u00e5got s\u00e4rskilt vi b\u00f6r veta om ditt djur.<\/div>\r\n    \r\n<\/div>\n<div id=\"frm_field_192_container\" class=\"frm_form_field form-field  frm_top_container\">\r\n    <label for=\"g-recaptcha-response\" class=\"frm_primary_label\">Captcha\r\n        <span class=\"frm_required\"><\/span>\r\n    <\/label>\r\n    \r\n    \r\n    \r\n<\/div>\n<div id=\"frm_field_367_container\" class=\"frm_form_field form-field \">\r\n\t<div class=\"frm_submit\">\r\n\r\n<button class=\"frm_button_submit\" type=\"submit\" >Skicka best\u00e4llning<\/button>\r\n\r\n<\/div>\r\n<\/div>\n\t<input type=\"hidden\" name=\"item_key\" value=\"\" \/>\n\t\t\t<div id=\"frm_field_578_container\">\n\t\t\t<label for=\"field_cw4oa\" >\n\t\t\t\tOm du \u00e4r m\u00e4nsklig, l\u00e4mna det h\u00e4r f\u00e4ltet tomt.\t\t\t<\/label>\n\t\t\t<input  id=\"field_cw4oa\" type=\"text\" class=\"frm_form_field form-field frm_verify\" name=\"item_meta[578]\" value=\"\"  \/>\n\t\t<\/div>\n\t\t<input name=\"frm_state\" type=\"hidden\" value=\"VHAVr7ecwO66LT2Ml9WjdcMd\/8k3YJv47Ill1wzr6\/M=\" \/><\/div>\n<\/fieldset>\n<\/div>\n\n<\/form>\n<\/div>\n[\/vc_column_text][\/vc_column_inner][\/vc_row_inner][\/vc_column][\/vc_row]<\/p>\n<\/div>","protected":false},"excerpt":{"rendered":"<p>[vc_row full_width=&#8221;stretch_row&#8221; equal_height=&#8221;yes&#8221; css=&#8221;.vc_custom_1708000951849{background-color: #008b44 !important;}&#8221;][vc_column width=&#8221;2\/3&#8243;][vc_row_inner equal_height=&#8221;yes&#8221; css=&#8221;.vc_custom_1708000961776{margin-bottom: 30px !important;background-color: #ffffff !important;border-radius: 15px !important;}&#8221;][vc_column_inner][vc_column_text] F\u00f6rs\u00e4ljning\u00a0och tj\u00e4nster [\/vc_column_text][vc_separator color=&#8221;custom&#8221; style=&#8221;dotted&#8221; border_width=&#8221;5&#8243; accent_color=&#8221;#008b45&#8243;][vc_column_text css=&#8221;&#8221;] Foder H\u00f6, 1 kg&nbsp; &nbsp; &nbsp; &nbsp; &nbsp; &nbsp; &nbsp; &nbsp; &nbsp; &nbsp; &nbsp; &nbsp; &nbsp;40 kr H\u00f6, 10 kg&nbsp; &nbsp; &nbsp; &nbsp; &nbsp; &nbsp; &nbsp; &nbsp; &nbsp; &nbsp; &nbsp; &nbsp;350 kr&nbsp; <a href=\"https:\/\/www.4h.se\/hagelby\/forsaljning\/\">&hellip; Read more <i class=\"glyphicon glyphicon-arrow-right\"><\/i><\/a><\/p>\n","protected":false},"author":44,"featured_media":0,"parent":0,"menu_order":110,"comment_status":"closed","ping_status":"closed","template":"","meta":{"_acf_changed":false,"footnotes":""},"class_list":["post-469","page","type-page","status-publish","hentry"],"acf":[],"yoast_head":"<!-- This site is optimized with the Yoast SEO plugin v27.5 - https:\/\/yoast.com\/product\/yoast-seo-wordpress\/ -->\n<title>F\u00f6rs\u00e4ljning - H\u00e5gelby 4H-g\u00e5rd<\/title>\n<meta name=\"description\" content=\"F\u00f6rs\u00e4ljning av h\u00f6, halm, sp\u00e5n, havre, ull, f\u00e5rskinn m.m. hos H\u00e5gelby 4H-g\u00e5rd\" \/>\n<meta name=\"robots\" content=\"index, follow, max-snippet:-1, max-image-preview:large, max-video-preview:-1\" \/>\n<link rel=\"canonical\" href=\"https:\/\/www.4h.se\/hagelby\/forsaljning\/\" \/>\n<meta property=\"og:locale\" content=\"sv_SE\" \/>\n<meta property=\"og:type\" content=\"article\" \/>\n<meta property=\"og:title\" content=\"F\u00f6rs\u00e4ljning - H\u00e5gelby 4H-g\u00e5rd\" \/>\n<meta property=\"og:description\" content=\"F\u00f6rs\u00e4ljning av h\u00f6, halm, sp\u00e5n, havre, ull, f\u00e5rskinn m.m. hos H\u00e5gelby 4H-g\u00e5rd\" \/>\n<meta property=\"og:url\" content=\"https:\/\/www.4h.se\/hagelby\/forsaljning\/\" \/>\n<meta property=\"og:site_name\" content=\"H\u00e5gelby 4H-g\u00e5rd\" \/>\n<meta property=\"article:modified_time\" content=\"2026-01-20T09:40:49+00:00\" \/>\n<meta name=\"twitter:card\" content=\"summary_large_image\" \/>\n<meta name=\"twitter:label1\" content=\"Ber\u00e4knad l\u00e4stid\" \/>\n\t<meta name=\"twitter:data1\" content=\"3 minuter\" \/>\n<script type=\"application\/ld+json\" class=\"yoast-schema-graph\">{\"@context\":\"https:\\\/\\\/schema.org\",\"@graph\":[{\"@type\":\"WebPage\",\"@id\":\"https:\\\/\\\/www.4h.se\\\/hagelby\\\/forsaljning\\\/\",\"url\":\"https:\\\/\\\/www.4h.se\\\/hagelby\\\/forsaljning\\\/\",\"name\":\"F\u00f6rs\u00e4ljning - H\u00e5gelby 4H-g\u00e5rd\",\"isPartOf\":{\"@id\":\"https:\\\/\\\/www.4h.se\\\/hagelby\\\/#website\"},\"datePublished\":\"2016-11-25T08:58:32+00:00\",\"dateModified\":\"2026-01-20T09:40:49+00:00\",\"description\":\"F\u00f6rs\u00e4ljning av h\u00f6, halm, sp\u00e5n, havre, ull, f\u00e5rskinn m.m. hos H\u00e5gelby 4H-g\u00e5rd\",\"breadcrumb\":{\"@id\":\"https:\\\/\\\/www.4h.se\\\/hagelby\\\/forsaljning\\\/#breadcrumb\"},\"inLanguage\":\"sv-SE\",\"potentialAction\":[{\"@type\":\"ReadAction\",\"target\":[\"https:\\\/\\\/www.4h.se\\\/hagelby\\\/forsaljning\\\/\"]}]},{\"@type\":\"BreadcrumbList\",\"@id\":\"https:\\\/\\\/www.4h.se\\\/hagelby\\\/forsaljning\\\/#breadcrumb\",\"itemListElement\":[{\"@type\":\"ListItem\",\"position\":1,\"name\":\"Hem\",\"item\":\"https:\\\/\\\/www.4h.se\\\/hagelby\\\/\"},{\"@type\":\"ListItem\",\"position\":2,\"name\":\"F\u00f6rs\u00e4ljning\"}]},{\"@type\":\"WebSite\",\"@id\":\"https:\\\/\\\/www.4h.se\\\/hagelby\\\/#website\",\"url\":\"https:\\\/\\\/www.4h.se\\\/hagelby\\\/\",\"name\":\"H\u00e5gelby 4H-g\u00e5rd\",\"description\":\"\",\"potentialAction\":[{\"@type\":\"SearchAction\",\"target\":{\"@type\":\"EntryPoint\",\"urlTemplate\":\"https:\\\/\\\/www.4h.se\\\/hagelby\\\/?s={search_term_string}\"},\"query-input\":{\"@type\":\"PropertyValueSpecification\",\"valueRequired\":true,\"valueName\":\"search_term_string\"}}],\"inLanguage\":\"sv-SE\"}]}<\/script>\n<!-- \/ Yoast SEO plugin. -->","yoast_head_json":{"title":"F\u00f6rs\u00e4ljning - H\u00e5gelby 4H-g\u00e5rd","description":"F\u00f6rs\u00e4ljning av h\u00f6, halm, sp\u00e5n, havre, ull, f\u00e5rskinn m.m. hos H\u00e5gelby 4H-g\u00e5rd","robots":{"index":"index","follow":"follow","max-snippet":"max-snippet:-1","max-image-preview":"max-image-preview:large","max-video-preview":"max-video-preview:-1"},"canonical":"https:\/\/www.4h.se\/hagelby\/forsaljning\/","og_locale":"sv_SE","og_type":"article","og_title":"F\u00f6rs\u00e4ljning - H\u00e5gelby 4H-g\u00e5rd","og_description":"F\u00f6rs\u00e4ljning av h\u00f6, halm, sp\u00e5n, havre, ull, f\u00e5rskinn m.m. hos H\u00e5gelby 4H-g\u00e5rd","og_url":"https:\/\/www.4h.se\/hagelby\/forsaljning\/","og_site_name":"H\u00e5gelby 4H-g\u00e5rd","article_modified_time":"2026-01-20T09:40:49+00:00","twitter_card":"summary_large_image","twitter_misc":{"Ber\u00e4knad l\u00e4stid":"3 minuter"},"schema":{"@context":"https:\/\/schema.org","@graph":[{"@type":"WebPage","@id":"https:\/\/www.4h.se\/hagelby\/forsaljning\/","url":"https:\/\/www.4h.se\/hagelby\/forsaljning\/","name":"F\u00f6rs\u00e4ljning - H\u00e5gelby 4H-g\u00e5rd","isPartOf":{"@id":"https:\/\/www.4h.se\/hagelby\/#website"},"datePublished":"2016-11-25T08:58:32+00:00","dateModified":"2026-01-20T09:40:49+00:00","description":"F\u00f6rs\u00e4ljning av h\u00f6, halm, sp\u00e5n, havre, ull, f\u00e5rskinn m.m. hos H\u00e5gelby 4H-g\u00e5rd","breadcrumb":{"@id":"https:\/\/www.4h.se\/hagelby\/forsaljning\/#breadcrumb"},"inLanguage":"sv-SE","potentialAction":[{"@type":"ReadAction","target":["https:\/\/www.4h.se\/hagelby\/forsaljning\/"]}]},{"@type":"BreadcrumbList","@id":"https:\/\/www.4h.se\/hagelby\/forsaljning\/#breadcrumb","itemListElement":[{"@type":"ListItem","position":1,"name":"Hem","item":"https:\/\/www.4h.se\/hagelby\/"},{"@type":"ListItem","position":2,"name":"F\u00f6rs\u00e4ljning"}]},{"@type":"WebSite","@id":"https:\/\/www.4h.se\/hagelby\/#website","url":"https:\/\/www.4h.se\/hagelby\/","name":"H\u00e5gelby 4H-g\u00e5rd","description":"","potentialAction":[{"@type":"SearchAction","target":{"@type":"EntryPoint","urlTemplate":"https:\/\/www.4h.se\/hagelby\/?s={search_term_string}"},"query-input":{"@type":"PropertyValueSpecification","valueRequired":true,"valueName":"search_term_string"}}],"inLanguage":"sv-SE"}]}},"_links":{"self":[{"href":"https:\/\/www.4h.se\/hagelby\/wp-json\/wp\/v2\/pages\/469","targetHints":{"allow":["GET"]}}],"collection":[{"href":"https:\/\/www.4h.se\/hagelby\/wp-json\/wp\/v2\/pages"}],"about":[{"href":"https:\/\/www.4h.se\/hagelby\/wp-json\/wp\/v2\/types\/page"}],"author":[{"embeddable":true,"href":"https:\/\/www.4h.se\/hagelby\/wp-json\/wp\/v2\/users\/44"}],"replies":[{"embeddable":true,"href":"https:\/\/www.4h.se\/hagelby\/wp-json\/wp\/v2\/comments?post=469"}],"version-history":[{"count":0,"href":"https:\/\/www.4h.se\/hagelby\/wp-json\/wp\/v2\/pages\/469\/revisions"}],"wp:attachment":[{"href":"https:\/\/www.4h.se\/hagelby\/wp-json\/wp\/v2\/media?parent=469"}],"curies":[{"name":"wp","href":"https:\/\/api.w.org\/{rel}","templated":true}]}}