



{"id":461,"date":"2016-11-25T09:40:42","date_gmt":"2016-11-25T08:40:42","guid":{"rendered":"http:\/\/www.4h.se\/hagelby\/?page_id=461"},"modified":"2023-05-12T13:47:40","modified_gmt":"2023-05-12T11:47:40","slug":"aventyrspedagogik","status":"publish","type":"page","link":"https:\/\/www.4h.se\/hagelby\/aventyrspedagogik\/","title":{"rendered":"\u00c4ventyrspedagogik"},"content":{"rendered":"<div class=\"wpb-content-wrapper\"><p>[vc_row][vc_column][vc_column_text]<strong>\u00c4ventyrspedagogik p\u00e5 H\u00e5gelby 4H-g\u00e5rd<\/strong><\/p>\n<p>Under 2014 har tv\u00e5 i personalgruppen genomf\u00f6rt en h\u00f6gskoleutbildning p\u00e5 Lule\u00e5 Tekniska Universitet, och \u00e4r nu \u00c4ventyrspedagoger.<\/p>\n<p>H\u00f6r av er om ni vill veta mer om v\u00e5rat jobb med \u00e4ventyrspedagogiken.[\/vc_column_text][\/vc_column][\/vc_row][vc_row][vc_column][\/vc_column][\/vc_row]<\/p>\n<\/div>","protected":false},"excerpt":{"rendered":"<p>[vc_row][vc_column][vc_column_text]\u00c4ventyrspedagogik p\u00e5 H\u00e5gelby 4H-g\u00e5rd Under 2014 har tv\u00e5 i personalgruppen genomf\u00f6rt en h\u00f6gskoleutbildning p\u00e5 Lule\u00e5 Tekniska Universitet, och \u00e4r nu \u00c4ventyrspedagoger. H\u00f6r av er om ni vill veta mer om v\u00e5rat jobb med \u00e4ventyrspedagogiken.[\/vc_column_text][\/vc_column][\/vc_row][vc_row][vc_column][\/vc_column][\/vc_row]<\/p>\n","protected":false},"author":44,"featured_media":0,"parent":0,"menu_order":86,"comment_status":"closed","ping_status":"closed","template":"","meta":{"_acf_changed":false,"footnotes":""},"class_list":["post-461","page","type-page","status-publish","hentry"],"acf":[],"yoast_head":"<!-- This site is optimized with the Yoast SEO plugin v27.5 - https:\/\/yoast.com\/product\/yoast-seo-wordpress\/ -->\n<title>\u00c4ventyrspedagogik - H\u00e5gelby 4H-g\u00e5rd<\/title>\n<meta name=\"description\" content=\"\u00c4ventyrspedagogik hos H\u00e5gelby 4H-g\u00e5rd\" \/>\n<meta name=\"robots\" content=\"index, follow, max-snippet:-1, max-image-preview:large, max-video-preview:-1\" \/>\n<link rel=\"canonical\" href=\"https:\/\/www.4h.se\/hagelby\/aventyrspedagogik\/\" \/>\n<meta property=\"og:locale\" content=\"sv_SE\" \/>\n<meta property=\"og:type\" content=\"article\" \/>\n<meta property=\"og:title\" content=\"\u00c4ventyrspedagogik - H\u00e5gelby 4H-g\u00e5rd\" \/>\n<meta property=\"og:description\" content=\"\u00c4ventyrspedagogik hos H\u00e5gelby 4H-g\u00e5rd\" \/>\n<meta property=\"og:url\" content=\"https:\/\/www.4h.se\/hagelby\/aventyrspedagogik\/\" \/>\n<meta property=\"og:site_name\" content=\"H\u00e5gelby 4H-g\u00e5rd\" \/>\n<meta property=\"article:modified_time\" content=\"2023-05-12T11:47:40+00:00\" \/>\n<meta name=\"twitter:card\" content=\"summary_large_image\" \/>\n<script type=\"application\/ld+json\" class=\"yoast-schema-graph\">{\"@context\":\"https:\\\/\\\/schema.org\",\"@graph\":[{\"@type\":\"WebPage\",\"@id\":\"https:\\\/\\\/www.4h.se\\\/hagelby\\\/aventyrspedagogik\\\/\",\"url\":\"https:\\\/\\\/www.4h.se\\\/hagelby\\\/aventyrspedagogik\\\/\",\"name\":\"\u00c4ventyrspedagogik - H\u00e5gelby 4H-g\u00e5rd\",\"isPartOf\":{\"@id\":\"https:\\\/\\\/www.4h.se\\\/hagelby\\\/#website\"},\"datePublished\":\"2016-11-25T08:40:42+00:00\",\"dateModified\":\"2023-05-12T11:47:40+00:00\",\"description\":\"\u00c4ventyrspedagogik hos H\u00e5gelby 4H-g\u00e5rd\",\"breadcrumb\":{\"@id\":\"https:\\\/\\\/www.4h.se\\\/hagelby\\\/aventyrspedagogik\\\/#breadcrumb\"},\"inLanguage\":\"sv-SE\",\"potentialAction\":[{\"@type\":\"ReadAction\",\"target\":[\"https:\\\/\\\/www.4h.se\\\/hagelby\\\/aventyrspedagogik\\\/\"]}]},{\"@type\":\"BreadcrumbList\",\"@id\":\"https:\\\/\\\/www.4h.se\\\/hagelby\\\/aventyrspedagogik\\\/#breadcrumb\",\"itemListElement\":[{\"@type\":\"ListItem\",\"position\":1,\"name\":\"Hem\",\"item\":\"https:\\\/\\\/www.4h.se\\\/hagelby\\\/\"},{\"@type\":\"ListItem\",\"position\":2,\"name\":\"\u00c4ventyrspedagogik\"}]},{\"@type\":\"WebSite\",\"@id\":\"https:\\\/\\\/www.4h.se\\\/hagelby\\\/#website\",\"url\":\"https:\\\/\\\/www.4h.se\\\/hagelby\\\/\",\"name\":\"H\u00e5gelby 4H-g\u00e5rd\",\"description\":\"\",\"potentialAction\":[{\"@type\":\"SearchAction\",\"target\":{\"@type\":\"EntryPoint\",\"urlTemplate\":\"https:\\\/\\\/www.4h.se\\\/hagelby\\\/?s={search_term_string}\"},\"query-input\":{\"@type\":\"PropertyValueSpecification\",\"valueRequired\":true,\"valueName\":\"search_term_string\"}}],\"inLanguage\":\"sv-SE\"}]}<\/script>\n<!-- \/ Yoast SEO plugin. -->","yoast_head_json":{"title":"\u00c4ventyrspedagogik - H\u00e5gelby 4H-g\u00e5rd","description":"\u00c4ventyrspedagogik hos H\u00e5gelby 4H-g\u00e5rd","robots":{"index":"index","follow":"follow","max-snippet":"max-snippet:-1","max-image-preview":"max-image-preview:large","max-video-preview":"max-video-preview:-1"},"canonical":"https:\/\/www.4h.se\/hagelby\/aventyrspedagogik\/","og_locale":"sv_SE","og_type":"article","og_title":"\u00c4ventyrspedagogik - H\u00e5gelby 4H-g\u00e5rd","og_description":"\u00c4ventyrspedagogik hos H\u00e5gelby 4H-g\u00e5rd","og_url":"https:\/\/www.4h.se\/hagelby\/aventyrspedagogik\/","og_site_name":"H\u00e5gelby 4H-g\u00e5rd","article_modified_time":"2023-05-12T11:47:40+00:00","twitter_card":"summary_large_image","schema":{"@context":"https:\/\/schema.org","@graph":[{"@type":"WebPage","@id":"https:\/\/www.4h.se\/hagelby\/aventyrspedagogik\/","url":"https:\/\/www.4h.se\/hagelby\/aventyrspedagogik\/","name":"\u00c4ventyrspedagogik - H\u00e5gelby 4H-g\u00e5rd","isPartOf":{"@id":"https:\/\/www.4h.se\/hagelby\/#website"},"datePublished":"2016-11-25T08:40:42+00:00","dateModified":"2023-05-12T11:47:40+00:00","description":"\u00c4ventyrspedagogik hos H\u00e5gelby 4H-g\u00e5rd","breadcrumb":{"@id":"https:\/\/www.4h.se\/hagelby\/aventyrspedagogik\/#breadcrumb"},"inLanguage":"sv-SE","potentialAction":[{"@type":"ReadAction","target":["https:\/\/www.4h.se\/hagelby\/aventyrspedagogik\/"]}]},{"@type":"BreadcrumbList","@id":"https:\/\/www.4h.se\/hagelby\/aventyrspedagogik\/#breadcrumb","itemListElement":[{"@type":"ListItem","position":1,"name":"Hem","item":"https:\/\/www.4h.se\/hagelby\/"},{"@type":"ListItem","position":2,"name":"\u00c4ventyrspedagogik"}]},{"@type":"WebSite","@id":"https:\/\/www.4h.se\/hagelby\/#website","url":"https:\/\/www.4h.se\/hagelby\/","name":"H\u00e5gelby 4H-g\u00e5rd","description":"","potentialAction":[{"@type":"SearchAction","target":{"@type":"EntryPoint","urlTemplate":"https:\/\/www.4h.se\/hagelby\/?s={search_term_string}"},"query-input":{"@type":"PropertyValueSpecification","valueRequired":true,"valueName":"search_term_string"}}],"inLanguage":"sv-SE"}]}},"_links":{"self":[{"href":"https:\/\/www.4h.se\/hagelby\/wp-json\/wp\/v2\/pages\/461","targetHints":{"allow":["GET"]}}],"collection":[{"href":"https:\/\/www.4h.se\/hagelby\/wp-json\/wp\/v2\/pages"}],"about":[{"href":"https:\/\/www.4h.se\/hagelby\/wp-json\/wp\/v2\/types\/page"}],"author":[{"embeddable":true,"href":"https:\/\/www.4h.se\/hagelby\/wp-json\/wp\/v2\/users\/44"}],"replies":[{"embeddable":true,"href":"https:\/\/www.4h.se\/hagelby\/wp-json\/wp\/v2\/comments?post=461"}],"version-history":[{"count":0,"href":"https:\/\/www.4h.se\/hagelby\/wp-json\/wp\/v2\/pages\/461\/revisions"}],"wp:attachment":[{"href":"https:\/\/www.4h.se\/hagelby\/wp-json\/wp\/v2\/media?parent=461"}],"curies":[{"name":"wp","href":"https:\/\/api.w.org\/{rel}","templated":true}]}}