



{"id":446,"date":"2016-11-25T09:28:13","date_gmt":"2016-11-25T08:28:13","guid":{"rendered":"http:\/\/www.4h.se\/hagelby\/?page_id=446"},"modified":"2025-09-05T14:35:56","modified_gmt":"2025-09-05T12:35:56","slug":"till-salu","status":"publish","type":"page","link":"https:\/\/www.4h.se\/hagelby\/till-salu\/","title":{"rendered":"Till salu"},"content":{"rendered":"<div class=\"wpb-content-wrapper\"><p>[vc_row full_width=&#8221;stretch_row&#8221; css=&#8221;.vc_custom_1708001688758{background-color: #008b44 !important;}&#8221;][vc_column][vc_row_inner css=&#8221;.vc_custom_1646839661060{margin-bottom: 30px !important;background-color: #ffffff !important;border-radius: 15px !important;}&#8221;][vc_column_inner][vc_column_text]<\/p>\n<h1 style=\"text-align: center\">Djur till salu<\/h1>\n<p>[\/vc_column_text][vc_separator color=&#8221;custom&#8221; style=&#8221;dotted&#8221; border_width=&#8221;5&#8243; accent_color=&#8221;#008b45&#8243;][vc_column_text css=&#8221;&#8221;]<\/p>\n<h5>&nbsp;<strong><em>Vi s\u00e4ljer v\u00e5ra djur till dig som har SE-nummer (f\u00e5r, getter och h\u00f6ns). Alla lantrasdjur har genbanksintyg, v\u00e5ra f\u00e5r har MV3-status och getterna C3-status<\/em><\/strong>.<\/h5>\n<h4>Afrikanska dv\u00e4rggetter<\/h4>\n<p>* Till v\u00e5ren finns det Dv\u00e4rggetskillingar!<\/p>\n<h4>Gestrikef\u00e5r<\/h4>\n<p>* Till v\u00e5ren finns det Gestrikelamm!<\/p>\n<h4>Roslagsf\u00e5r<\/h4>\n<p>* Till v\u00e5ren finns det f\u00f6rhoppningsvis Roslagslamm!<\/p>\n<h4>\u00d6l\u00e4ndska dv\u00e4rgh\u00f6ns<\/h4>\n<p>* Kycklingar finns till salu under sensommar\/h\u00f6sten.<\/p>\n<h4><\/h4>\n<p>Kontakta Catta p\u00e5 hagelby@4h.se&nbsp;eller telefon 070-737 91 93&nbsp;om du \u00e4r intresserad av att k\u00f6pa ett djur fr\u00e5n oss. Vi vill att v\u00e5ra djur hamnar p\u00e5 r\u00e4tt st\u00e4lle s\u00e5 skriv en rad om vem du \u00e4r och hur djuren bor etc. F\u00e5r, getter och h\u00f6ns s\u00e4ljs endast till dig om SE-nummer.<\/p>\n<div class=\"ParagraphContainerBottom\"><\/div>\n<p>[\/vc_column_text][vc_separator color=&#8221;custom&#8221; style=&#8221;dotted&#8221; border_width=&#8221;5&#8243; accent_color=&#8221;#008b45&#8243;][\/vc_column_inner][\/vc_row_inner][\/vc_column][\/vc_row]<\/p>\n<\/div>","protected":false},"excerpt":{"rendered":"<p>[vc_row full_width=&#8221;stretch_row&#8221; css=&#8221;.vc_custom_1708001688758{background-color: #008b44 !important;}&#8221;][vc_column][vc_row_inner css=&#8221;.vc_custom_1646839661060{margin-bottom: 30px !important;background-color: #ffffff !important;border-radius: 15px !important;}&#8221;][vc_column_inner][vc_column_text] Djur till salu [\/vc_column_text][vc_separator color=&#8221;custom&#8221; style=&#8221;dotted&#8221; border_width=&#8221;5&#8243; accent_color=&#8221;#008b45&#8243;][vc_column_text css=&#8221;&#8221;] &nbsp;Vi s\u00e4ljer v\u00e5ra djur till dig som har SE-nummer (f\u00e5r, getter och h\u00f6ns). Alla lantrasdjur har genbanksintyg, v\u00e5ra f\u00e5r har MV3-status och getterna C3-status. Afrikanska dv\u00e4rggetter * Till v\u00e5ren finns det Dv\u00e4rggetskillingar! Gestrikef\u00e5r *&nbsp; <a href=\"https:\/\/www.4h.se\/hagelby\/till-salu\/\">&hellip; Read more <i class=\"glyphicon glyphicon-arrow-right\"><\/i><\/a><\/p>\n","protected":false},"author":44,"featured_media":0,"parent":0,"menu_order":122,"comment_status":"closed","ping_status":"closed","template":"","meta":{"_acf_changed":false,"footnotes":""},"class_list":["post-446","page","type-page","status-publish","hentry"],"acf":[],"yoast_head":"<!-- This site is optimized with the Yoast SEO plugin v27.5 - https:\/\/yoast.com\/product\/yoast-seo-wordpress\/ -->\n<title>Till salu - H\u00e5gelby 4H-g\u00e5rd<\/title>\n<meta name=\"description\" content=\"Djur till salu hos H\u00e5gelby 4H-g\u00e5rd\" \/>\n<meta name=\"robots\" content=\"index, follow, max-snippet:-1, max-image-preview:large, max-video-preview:-1\" \/>\n<link rel=\"canonical\" href=\"https:\/\/www.4h.se\/hagelby\/till-salu\/\" \/>\n<meta property=\"og:locale\" content=\"sv_SE\" \/>\n<meta property=\"og:type\" content=\"article\" \/>\n<meta property=\"og:title\" content=\"Till salu - H\u00e5gelby 4H-g\u00e5rd\" \/>\n<meta property=\"og:description\" content=\"Djur till salu hos H\u00e5gelby 4H-g\u00e5rd\" \/>\n<meta property=\"og:url\" content=\"https:\/\/www.4h.se\/hagelby\/till-salu\/\" \/>\n<meta property=\"og:site_name\" content=\"H\u00e5gelby 4H-g\u00e5rd\" \/>\n<meta property=\"article:modified_time\" content=\"2025-09-05T12:35:56+00:00\" \/>\n<meta name=\"twitter:card\" content=\"summary_large_image\" \/>\n<meta name=\"twitter:label1\" content=\"Ber\u00e4knad l\u00e4stid\" \/>\n\t<meta name=\"twitter:data1\" content=\"1 minut\" \/>\n<script type=\"application\/ld+json\" class=\"yoast-schema-graph\">{\"@context\":\"https:\\\/\\\/schema.org\",\"@graph\":[{\"@type\":\"WebPage\",\"@id\":\"https:\\\/\\\/www.4h.se\\\/hagelby\\\/till-salu\\\/\",\"url\":\"https:\\\/\\\/www.4h.se\\\/hagelby\\\/till-salu\\\/\",\"name\":\"Till salu - H\u00e5gelby 4H-g\u00e5rd\",\"isPartOf\":{\"@id\":\"https:\\\/\\\/www.4h.se\\\/hagelby\\\/#website\"},\"datePublished\":\"2016-11-25T08:28:13+00:00\",\"dateModified\":\"2025-09-05T12:35:56+00:00\",\"description\":\"Djur till salu hos H\u00e5gelby 4H-g\u00e5rd\",\"breadcrumb\":{\"@id\":\"https:\\\/\\\/www.4h.se\\\/hagelby\\\/till-salu\\\/#breadcrumb\"},\"inLanguage\":\"sv-SE\",\"potentialAction\":[{\"@type\":\"ReadAction\",\"target\":[\"https:\\\/\\\/www.4h.se\\\/hagelby\\\/till-salu\\\/\"]}]},{\"@type\":\"BreadcrumbList\",\"@id\":\"https:\\\/\\\/www.4h.se\\\/hagelby\\\/till-salu\\\/#breadcrumb\",\"itemListElement\":[{\"@type\":\"ListItem\",\"position\":1,\"name\":\"Hem\",\"item\":\"https:\\\/\\\/www.4h.se\\\/hagelby\\\/\"},{\"@type\":\"ListItem\",\"position\":2,\"name\":\"Till salu\"}]},{\"@type\":\"WebSite\",\"@id\":\"https:\\\/\\\/www.4h.se\\\/hagelby\\\/#website\",\"url\":\"https:\\\/\\\/www.4h.se\\\/hagelby\\\/\",\"name\":\"H\u00e5gelby 4H-g\u00e5rd\",\"description\":\"\",\"potentialAction\":[{\"@type\":\"SearchAction\",\"target\":{\"@type\":\"EntryPoint\",\"urlTemplate\":\"https:\\\/\\\/www.4h.se\\\/hagelby\\\/?s={search_term_string}\"},\"query-input\":{\"@type\":\"PropertyValueSpecification\",\"valueRequired\":true,\"valueName\":\"search_term_string\"}}],\"inLanguage\":\"sv-SE\"}]}<\/script>\n<!-- \/ Yoast SEO plugin. -->","yoast_head_json":{"title":"Till salu - H\u00e5gelby 4H-g\u00e5rd","description":"Djur till salu hos H\u00e5gelby 4H-g\u00e5rd","robots":{"index":"index","follow":"follow","max-snippet":"max-snippet:-1","max-image-preview":"max-image-preview:large","max-video-preview":"max-video-preview:-1"},"canonical":"https:\/\/www.4h.se\/hagelby\/till-salu\/","og_locale":"sv_SE","og_type":"article","og_title":"Till salu - H\u00e5gelby 4H-g\u00e5rd","og_description":"Djur till salu hos H\u00e5gelby 4H-g\u00e5rd","og_url":"https:\/\/www.4h.se\/hagelby\/till-salu\/","og_site_name":"H\u00e5gelby 4H-g\u00e5rd","article_modified_time":"2025-09-05T12:35:56+00:00","twitter_card":"summary_large_image","twitter_misc":{"Ber\u00e4knad l\u00e4stid":"1 minut"},"schema":{"@context":"https:\/\/schema.org","@graph":[{"@type":"WebPage","@id":"https:\/\/www.4h.se\/hagelby\/till-salu\/","url":"https:\/\/www.4h.se\/hagelby\/till-salu\/","name":"Till salu - H\u00e5gelby 4H-g\u00e5rd","isPartOf":{"@id":"https:\/\/www.4h.se\/hagelby\/#website"},"datePublished":"2016-11-25T08:28:13+00:00","dateModified":"2025-09-05T12:35:56+00:00","description":"Djur till salu hos H\u00e5gelby 4H-g\u00e5rd","breadcrumb":{"@id":"https:\/\/www.4h.se\/hagelby\/till-salu\/#breadcrumb"},"inLanguage":"sv-SE","potentialAction":[{"@type":"ReadAction","target":["https:\/\/www.4h.se\/hagelby\/till-salu\/"]}]},{"@type":"BreadcrumbList","@id":"https:\/\/www.4h.se\/hagelby\/till-salu\/#breadcrumb","itemListElement":[{"@type":"ListItem","position":1,"name":"Hem","item":"https:\/\/www.4h.se\/hagelby\/"},{"@type":"ListItem","position":2,"name":"Till salu"}]},{"@type":"WebSite","@id":"https:\/\/www.4h.se\/hagelby\/#website","url":"https:\/\/www.4h.se\/hagelby\/","name":"H\u00e5gelby 4H-g\u00e5rd","description":"","potentialAction":[{"@type":"SearchAction","target":{"@type":"EntryPoint","urlTemplate":"https:\/\/www.4h.se\/hagelby\/?s={search_term_string}"},"query-input":{"@type":"PropertyValueSpecification","valueRequired":true,"valueName":"search_term_string"}}],"inLanguage":"sv-SE"}]}},"_links":{"self":[{"href":"https:\/\/www.4h.se\/hagelby\/wp-json\/wp\/v2\/pages\/446","targetHints":{"allow":["GET"]}}],"collection":[{"href":"https:\/\/www.4h.se\/hagelby\/wp-json\/wp\/v2\/pages"}],"about":[{"href":"https:\/\/www.4h.se\/hagelby\/wp-json\/wp\/v2\/types\/page"}],"author":[{"embeddable":true,"href":"https:\/\/www.4h.se\/hagelby\/wp-json\/wp\/v2\/users\/44"}],"replies":[{"embeddable":true,"href":"https:\/\/www.4h.se\/hagelby\/wp-json\/wp\/v2\/comments?post=446"}],"version-history":[{"count":0,"href":"https:\/\/www.4h.se\/hagelby\/wp-json\/wp\/v2\/pages\/446\/revisions"}],"wp:attachment":[{"href":"https:\/\/www.4h.se\/hagelby\/wp-json\/wp\/v2\/media?parent=446"}],"curies":[{"name":"wp","href":"https:\/\/api.w.org\/{rel}","templated":true}]}}