



{"id":445,"date":"2016-11-25T09:27:37","date_gmt":"2016-11-25T08:27:37","guid":{"rendered":"http:\/\/www.4h.se\/hagelby\/?page_id=445"},"modified":"2023-05-12T13:47:40","modified_gmt":"2023-05-12T11:47:40","slug":"smadjur","status":"publish","type":"page","link":"https:\/\/www.4h.se\/hagelby\/smadjur\/","title":{"rendered":"Sm\u00e5djur"},"content":{"rendered":"<div class=\"wpb-content-wrapper\"><p>[vc_row][vc_column][vc_column_text]<\/p>\n<h1>Sm\u00e5djuren<\/h1>\n<p>Sm\u00e5djuren bor i v\u00e5rt klubbhus och endast medlemmarna kan h\u00e4lsa p\u00e5 dem. P\u00e5 v\u00e5ra l\u00e4ger och djursk\u00f6tarkurser brukar vi alltid hinna med en stunds sk\u00f6tsel och kel med sm\u00e5djuren.<\/p>\n<h3>Marsvin<\/h3>\n<p>Vi har fyra marsvin p\u00e5 G\u00e5rden.<\/p>\n<h3><\/h3>\n<p>[\/vc_column_text][\/vc_column][\/vc_row]<\/p>\n<\/div>","protected":false},"excerpt":{"rendered":"<p>[vc_row][vc_column][vc_column_text] Sm\u00e5djuren Sm\u00e5djuren bor i v\u00e5rt klubbhus och endast medlemmarna kan h\u00e4lsa p\u00e5 dem. P\u00e5 v\u00e5ra l\u00e4ger och djursk\u00f6tarkurser brukar vi alltid hinna med en stunds sk\u00f6tsel och kel med sm\u00e5djuren. Marsvin Vi har fyra marsvin p\u00e5 G\u00e5rden. [\/vc_column_text][\/vc_column][\/vc_row]<\/p>\n","protected":false},"author":44,"featured_media":0,"parent":0,"menu_order":105,"comment_status":"closed","ping_status":"closed","template":"","meta":{"_acf_changed":false,"footnotes":""},"class_list":["post-445","page","type-page","status-publish","hentry"],"acf":[],"yoast_head":"<!-- This site is optimized with the Yoast SEO plugin v27.5 - https:\/\/yoast.com\/product\/yoast-seo-wordpress\/ -->\n<title>Sm\u00e5djur - H\u00e5gelby 4H-g\u00e5rd<\/title>\n<meta name=\"description\" content=\"Sm\u00e5djur p\u00e5 H\u00e5gelby 4H-g\u00e5rd. Marsvin och Hamster\" \/>\n<meta name=\"robots\" content=\"index, follow, max-snippet:-1, max-image-preview:large, max-video-preview:-1\" \/>\n<link rel=\"canonical\" href=\"https:\/\/www.4h.se\/hagelby\/smadjur\/\" \/>\n<meta property=\"og:locale\" content=\"sv_SE\" \/>\n<meta property=\"og:type\" content=\"article\" \/>\n<meta property=\"og:title\" content=\"Sm\u00e5djur - H\u00e5gelby 4H-g\u00e5rd\" \/>\n<meta property=\"og:description\" content=\"Sm\u00e5djur p\u00e5 H\u00e5gelby 4H-g\u00e5rd. Marsvin och Hamster\" \/>\n<meta property=\"og:url\" content=\"https:\/\/www.4h.se\/hagelby\/smadjur\/\" \/>\n<meta property=\"og:site_name\" content=\"H\u00e5gelby 4H-g\u00e5rd\" \/>\n<meta property=\"article:modified_time\" content=\"2023-05-12T11:47:40+00:00\" \/>\n<meta name=\"twitter:card\" content=\"summary_large_image\" \/>\n<script type=\"application\/ld+json\" class=\"yoast-schema-graph\">{\"@context\":\"https:\\\/\\\/schema.org\",\"@graph\":[{\"@type\":\"WebPage\",\"@id\":\"https:\\\/\\\/www.4h.se\\\/hagelby\\\/smadjur\\\/\",\"url\":\"https:\\\/\\\/www.4h.se\\\/hagelby\\\/smadjur\\\/\",\"name\":\"Sm\u00e5djur - H\u00e5gelby 4H-g\u00e5rd\",\"isPartOf\":{\"@id\":\"https:\\\/\\\/www.4h.se\\\/hagelby\\\/#website\"},\"datePublished\":\"2016-11-25T08:27:37+00:00\",\"dateModified\":\"2023-05-12T11:47:40+00:00\",\"description\":\"Sm\u00e5djur p\u00e5 H\u00e5gelby 4H-g\u00e5rd. Marsvin och Hamster\",\"breadcrumb\":{\"@id\":\"https:\\\/\\\/www.4h.se\\\/hagelby\\\/smadjur\\\/#breadcrumb\"},\"inLanguage\":\"sv-SE\",\"potentialAction\":[{\"@type\":\"ReadAction\",\"target\":[\"https:\\\/\\\/www.4h.se\\\/hagelby\\\/smadjur\\\/\"]}]},{\"@type\":\"BreadcrumbList\",\"@id\":\"https:\\\/\\\/www.4h.se\\\/hagelby\\\/smadjur\\\/#breadcrumb\",\"itemListElement\":[{\"@type\":\"ListItem\",\"position\":1,\"name\":\"Hem\",\"item\":\"https:\\\/\\\/www.4h.se\\\/hagelby\\\/\"},{\"@type\":\"ListItem\",\"position\":2,\"name\":\"Sm\u00e5djur\"}]},{\"@type\":\"WebSite\",\"@id\":\"https:\\\/\\\/www.4h.se\\\/hagelby\\\/#website\",\"url\":\"https:\\\/\\\/www.4h.se\\\/hagelby\\\/\",\"name\":\"H\u00e5gelby 4H-g\u00e5rd\",\"description\":\"\",\"potentialAction\":[{\"@type\":\"SearchAction\",\"target\":{\"@type\":\"EntryPoint\",\"urlTemplate\":\"https:\\\/\\\/www.4h.se\\\/hagelby\\\/?s={search_term_string}\"},\"query-input\":{\"@type\":\"PropertyValueSpecification\",\"valueRequired\":true,\"valueName\":\"search_term_string\"}}],\"inLanguage\":\"sv-SE\"}]}<\/script>\n<!-- \/ Yoast SEO plugin. -->","yoast_head_json":{"title":"Sm\u00e5djur - H\u00e5gelby 4H-g\u00e5rd","description":"Sm\u00e5djur p\u00e5 H\u00e5gelby 4H-g\u00e5rd. Marsvin och Hamster","robots":{"index":"index","follow":"follow","max-snippet":"max-snippet:-1","max-image-preview":"max-image-preview:large","max-video-preview":"max-video-preview:-1"},"canonical":"https:\/\/www.4h.se\/hagelby\/smadjur\/","og_locale":"sv_SE","og_type":"article","og_title":"Sm\u00e5djur - H\u00e5gelby 4H-g\u00e5rd","og_description":"Sm\u00e5djur p\u00e5 H\u00e5gelby 4H-g\u00e5rd. Marsvin och Hamster","og_url":"https:\/\/www.4h.se\/hagelby\/smadjur\/","og_site_name":"H\u00e5gelby 4H-g\u00e5rd","article_modified_time":"2023-05-12T11:47:40+00:00","twitter_card":"summary_large_image","schema":{"@context":"https:\/\/schema.org","@graph":[{"@type":"WebPage","@id":"https:\/\/www.4h.se\/hagelby\/smadjur\/","url":"https:\/\/www.4h.se\/hagelby\/smadjur\/","name":"Sm\u00e5djur - H\u00e5gelby 4H-g\u00e5rd","isPartOf":{"@id":"https:\/\/www.4h.se\/hagelby\/#website"},"datePublished":"2016-11-25T08:27:37+00:00","dateModified":"2023-05-12T11:47:40+00:00","description":"Sm\u00e5djur p\u00e5 H\u00e5gelby 4H-g\u00e5rd. Marsvin och Hamster","breadcrumb":{"@id":"https:\/\/www.4h.se\/hagelby\/smadjur\/#breadcrumb"},"inLanguage":"sv-SE","potentialAction":[{"@type":"ReadAction","target":["https:\/\/www.4h.se\/hagelby\/smadjur\/"]}]},{"@type":"BreadcrumbList","@id":"https:\/\/www.4h.se\/hagelby\/smadjur\/#breadcrumb","itemListElement":[{"@type":"ListItem","position":1,"name":"Hem","item":"https:\/\/www.4h.se\/hagelby\/"},{"@type":"ListItem","position":2,"name":"Sm\u00e5djur"}]},{"@type":"WebSite","@id":"https:\/\/www.4h.se\/hagelby\/#website","url":"https:\/\/www.4h.se\/hagelby\/","name":"H\u00e5gelby 4H-g\u00e5rd","description":"","potentialAction":[{"@type":"SearchAction","target":{"@type":"EntryPoint","urlTemplate":"https:\/\/www.4h.se\/hagelby\/?s={search_term_string}"},"query-input":{"@type":"PropertyValueSpecification","valueRequired":true,"valueName":"search_term_string"}}],"inLanguage":"sv-SE"}]}},"_links":{"self":[{"href":"https:\/\/www.4h.se\/hagelby\/wp-json\/wp\/v2\/pages\/445","targetHints":{"allow":["GET"]}}],"collection":[{"href":"https:\/\/www.4h.se\/hagelby\/wp-json\/wp\/v2\/pages"}],"about":[{"href":"https:\/\/www.4h.se\/hagelby\/wp-json\/wp\/v2\/types\/page"}],"author":[{"embeddable":true,"href":"https:\/\/www.4h.se\/hagelby\/wp-json\/wp\/v2\/users\/44"}],"replies":[{"embeddable":true,"href":"https:\/\/www.4h.se\/hagelby\/wp-json\/wp\/v2\/comments?post=445"}],"version-history":[{"count":0,"href":"https:\/\/www.4h.se\/hagelby\/wp-json\/wp\/v2\/pages\/445\/revisions"}],"wp:attachment":[{"href":"https:\/\/www.4h.se\/hagelby\/wp-json\/wp\/v2\/media?parent=445"}],"curies":[{"name":"wp","href":"https:\/\/api.w.org\/{rel}","templated":true}]}}