



{"id":444,"date":"2016-11-25T09:26:58","date_gmt":"2016-11-25T08:26:58","guid":{"rendered":"http:\/\/www.4h.se\/hagelby\/?page_id=444"},"modified":"2024-09-05T15:40:23","modified_gmt":"2024-09-05T13:40:23","slug":"katt","status":"publish","type":"page","link":"https:\/\/www.4h.se\/hagelby\/katt\/","title":{"rendered":"Katt"},"content":{"rendered":"<div class=\"wpb-content-wrapper\"><p>[vc_row full_width=&#8221;stretch_row&#8221; css=&#8221;.vc_custom_1708001654176{background-color: #008b44 !important;}&#8221;][vc_column][vc_row_inner css=&#8221;.vc_custom_1646839661060{margin-bottom: 30px !important;background-color: #ffffff !important;border-radius: 15px !important;}&#8221;][vc_column_inner][vc_column_text]<\/p>\n<h1 style=\"text-align: center\">Katt<\/h1>\n<p>[\/vc_column_text][vc_separator color=&#8221;custom&#8221; style=&#8221;dotted&#8221; border_width=&#8221;5&#8243; accent_color=&#8221;#008b45&#8243;][vc_column_text]Vi har tre katter p\u00e5 g\u00e5rden.<\/p>\n<p>Alice \u00e4r sk\u00f6ldpaddsf\u00e4rgad Bondkatt och hon \u00e4r mest vit. Hon \u00e4r f\u00f6dd 2010. Alice \u00e4r oftast i stallet och hon \u00e4r ganska lat, det b\u00e4sta hon vet \u00e4r att \u00e4ta, sova och kela.<\/p>\n<p>Frank och Nina \u00e4r syskon och \u00e4r f\u00f6dda 2019. Nina \u00e4r tref\u00e4rgad men mest gr\u00e5 och Frank \u00e4r gr\u00e5tigrerard. Frank och Nina \u00e4r r\u00e4tt busiga och springer runt p\u00e5 hela g\u00e5rden. De tycker ocks\u00e5 mycket om att gosa med oss.<\/p>\n<p>&nbsp;<\/p>\n<h4>Info om Katter<\/h4>\n<p>Mamma katt kallas f\u00f6r hona, pappa katt kallas f\u00f6r hane. Kattens barn kallas f\u00f6r kattunge.[\/vc_column_text][\/vc_column_inner][\/vc_row_inner][vc_row_inner css=&#8221;.vc_custom_1647596214904{margin-top: -85px !important;margin-bottom: 30px !important;background-color: #ffffff !important;border-radius: 15px !important;}&#8221;][vc_column_inner width=&#8221;1\/2&#8243;][vc_single_image image=&#8221;1397&#8243; img_size=&#8221;500&#215;580&#8243; style=&#8221;vc_box_outline&#8221; border_color=&#8221;black&#8221;][vc_column_text]<\/p>\n<p style=\"text-align: center\"><strong>&#8212; Nina &#8212;\u00a0<\/strong><\/p>\n<p style=\"text-align: center\">2019<\/p>\n<p style=\"text-align: center\">Bondkatt<\/p>\n<p>[\/vc_column_text][\/vc_column_inner][vc_column_inner width=&#8221;1\/2&#8243;][vc_single_image image=&#8221;1139&#8243; img_size=&#8221;500&#215;580&#8243; style=&#8221;vc_box_outline&#8221; border_color=&#8221;black&#8221;][vc_column_text]<\/p>\n<p style=\"text-align: center\"><strong>&#8212; Frank &#8212;\u00a0<\/strong><\/p>\n<p style=\"text-align: center\">2019<\/p>\n<p style=\"text-align: center\">Bondkatt<\/p>\n<p>[\/vc_column_text][\/vc_column_inner][\/vc_row_inner][\/vc_column][\/vc_row]<\/p>\n<\/div>","protected":false},"excerpt":{"rendered":"<p>[vc_row full_width=&#8221;stretch_row&#8221; css=&#8221;.vc_custom_1708001654176{background-color: #008b44 !important;}&#8221;][vc_column][vc_row_inner css=&#8221;.vc_custom_1646839661060{margin-bottom: 30px !important;background-color: #ffffff !important;border-radius: 15px !important;}&#8221;][vc_column_inner][vc_column_text] Katt [\/vc_column_text][vc_separator color=&#8221;custom&#8221; style=&#8221;dotted&#8221; border_width=&#8221;5&#8243; accent_color=&#8221;#008b45&#8243;][vc_column_text]Vi har tre katter p\u00e5 g\u00e5rden. Alice \u00e4r sk\u00f6ldpaddsf\u00e4rgad Bondkatt och hon \u00e4r mest vit. Hon \u00e4r f\u00f6dd 2010. Alice \u00e4r oftast i stallet och hon \u00e4r ganska lat, det b\u00e4sta hon vet \u00e4r att \u00e4ta, sova och&nbsp; <a href=\"https:\/\/www.4h.se\/hagelby\/katt\/\">&hellip; Read more <i class=\"glyphicon glyphicon-arrow-right\"><\/i><\/a><\/p>\n","protected":false},"author":44,"featured_media":0,"parent":0,"menu_order":76,"comment_status":"closed","ping_status":"closed","template":"","meta":{"_acf_changed":false,"footnotes":""},"class_list":["post-444","page","type-page","status-publish","hentry"],"acf":[],"yoast_head":"<!-- This site is optimized with the Yoast SEO plugin v27.5 - https:\/\/yoast.com\/product\/yoast-seo-wordpress\/ -->\n<title>Katt - H\u00e5gelby 4H-g\u00e5rd<\/title>\n<meta name=\"description\" content=\"Katt p\u00e5 H\u00e5gelby 4H-g\u00e5rd\" \/>\n<meta name=\"robots\" content=\"index, follow, max-snippet:-1, max-image-preview:large, max-video-preview:-1\" \/>\n<link rel=\"canonical\" href=\"https:\/\/www.4h.se\/hagelby\/katt\/\" \/>\n<meta property=\"og:locale\" content=\"sv_SE\" \/>\n<meta property=\"og:type\" content=\"article\" \/>\n<meta property=\"og:title\" content=\"Katt - H\u00e5gelby 4H-g\u00e5rd\" \/>\n<meta property=\"og:description\" content=\"Katt p\u00e5 H\u00e5gelby 4H-g\u00e5rd\" \/>\n<meta property=\"og:url\" content=\"https:\/\/www.4h.se\/hagelby\/katt\/\" \/>\n<meta property=\"og:site_name\" content=\"H\u00e5gelby 4H-g\u00e5rd\" \/>\n<meta property=\"article:modified_time\" content=\"2024-09-05T13:40:23+00:00\" \/>\n<meta name=\"twitter:card\" content=\"summary_large_image\" \/>\n<meta name=\"twitter:label1\" content=\"Ber\u00e4knad l\u00e4stid\" \/>\n\t<meta name=\"twitter:data1\" content=\"1 minut\" \/>\n<script type=\"application\/ld+json\" class=\"yoast-schema-graph\">{\"@context\":\"https:\\\/\\\/schema.org\",\"@graph\":[{\"@type\":\"WebPage\",\"@id\":\"https:\\\/\\\/www.4h.se\\\/hagelby\\\/katt\\\/\",\"url\":\"https:\\\/\\\/www.4h.se\\\/hagelby\\\/katt\\\/\",\"name\":\"Katt - H\u00e5gelby 4H-g\u00e5rd\",\"isPartOf\":{\"@id\":\"https:\\\/\\\/www.4h.se\\\/hagelby\\\/#website\"},\"datePublished\":\"2016-11-25T08:26:58+00:00\",\"dateModified\":\"2024-09-05T13:40:23+00:00\",\"description\":\"Katt p\u00e5 H\u00e5gelby 4H-g\u00e5rd\",\"breadcrumb\":{\"@id\":\"https:\\\/\\\/www.4h.se\\\/hagelby\\\/katt\\\/#breadcrumb\"},\"inLanguage\":\"sv-SE\",\"potentialAction\":[{\"@type\":\"ReadAction\",\"target\":[\"https:\\\/\\\/www.4h.se\\\/hagelby\\\/katt\\\/\"]}]},{\"@type\":\"BreadcrumbList\",\"@id\":\"https:\\\/\\\/www.4h.se\\\/hagelby\\\/katt\\\/#breadcrumb\",\"itemListElement\":[{\"@type\":\"ListItem\",\"position\":1,\"name\":\"Hem\",\"item\":\"https:\\\/\\\/www.4h.se\\\/hagelby\\\/\"},{\"@type\":\"ListItem\",\"position\":2,\"name\":\"Katt\"}]},{\"@type\":\"WebSite\",\"@id\":\"https:\\\/\\\/www.4h.se\\\/hagelby\\\/#website\",\"url\":\"https:\\\/\\\/www.4h.se\\\/hagelby\\\/\",\"name\":\"H\u00e5gelby 4H-g\u00e5rd\",\"description\":\"\",\"potentialAction\":[{\"@type\":\"SearchAction\",\"target\":{\"@type\":\"EntryPoint\",\"urlTemplate\":\"https:\\\/\\\/www.4h.se\\\/hagelby\\\/?s={search_term_string}\"},\"query-input\":{\"@type\":\"PropertyValueSpecification\",\"valueRequired\":true,\"valueName\":\"search_term_string\"}}],\"inLanguage\":\"sv-SE\"}]}<\/script>\n<!-- \/ Yoast SEO plugin. -->","yoast_head_json":{"title":"Katt - H\u00e5gelby 4H-g\u00e5rd","description":"Katt p\u00e5 H\u00e5gelby 4H-g\u00e5rd","robots":{"index":"index","follow":"follow","max-snippet":"max-snippet:-1","max-image-preview":"max-image-preview:large","max-video-preview":"max-video-preview:-1"},"canonical":"https:\/\/www.4h.se\/hagelby\/katt\/","og_locale":"sv_SE","og_type":"article","og_title":"Katt - H\u00e5gelby 4H-g\u00e5rd","og_description":"Katt p\u00e5 H\u00e5gelby 4H-g\u00e5rd","og_url":"https:\/\/www.4h.se\/hagelby\/katt\/","og_site_name":"H\u00e5gelby 4H-g\u00e5rd","article_modified_time":"2024-09-05T13:40:23+00:00","twitter_card":"summary_large_image","twitter_misc":{"Ber\u00e4knad l\u00e4stid":"1 minut"},"schema":{"@context":"https:\/\/schema.org","@graph":[{"@type":"WebPage","@id":"https:\/\/www.4h.se\/hagelby\/katt\/","url":"https:\/\/www.4h.se\/hagelby\/katt\/","name":"Katt - H\u00e5gelby 4H-g\u00e5rd","isPartOf":{"@id":"https:\/\/www.4h.se\/hagelby\/#website"},"datePublished":"2016-11-25T08:26:58+00:00","dateModified":"2024-09-05T13:40:23+00:00","description":"Katt p\u00e5 H\u00e5gelby 4H-g\u00e5rd","breadcrumb":{"@id":"https:\/\/www.4h.se\/hagelby\/katt\/#breadcrumb"},"inLanguage":"sv-SE","potentialAction":[{"@type":"ReadAction","target":["https:\/\/www.4h.se\/hagelby\/katt\/"]}]},{"@type":"BreadcrumbList","@id":"https:\/\/www.4h.se\/hagelby\/katt\/#breadcrumb","itemListElement":[{"@type":"ListItem","position":1,"name":"Hem","item":"https:\/\/www.4h.se\/hagelby\/"},{"@type":"ListItem","position":2,"name":"Katt"}]},{"@type":"WebSite","@id":"https:\/\/www.4h.se\/hagelby\/#website","url":"https:\/\/www.4h.se\/hagelby\/","name":"H\u00e5gelby 4H-g\u00e5rd","description":"","potentialAction":[{"@type":"SearchAction","target":{"@type":"EntryPoint","urlTemplate":"https:\/\/www.4h.se\/hagelby\/?s={search_term_string}"},"query-input":{"@type":"PropertyValueSpecification","valueRequired":true,"valueName":"search_term_string"}}],"inLanguage":"sv-SE"}]}},"_links":{"self":[{"href":"https:\/\/www.4h.se\/hagelby\/wp-json\/wp\/v2\/pages\/444","targetHints":{"allow":["GET"]}}],"collection":[{"href":"https:\/\/www.4h.se\/hagelby\/wp-json\/wp\/v2\/pages"}],"about":[{"href":"https:\/\/www.4h.se\/hagelby\/wp-json\/wp\/v2\/types\/page"}],"author":[{"embeddable":true,"href":"https:\/\/www.4h.se\/hagelby\/wp-json\/wp\/v2\/users\/44"}],"replies":[{"embeddable":true,"href":"https:\/\/www.4h.se\/hagelby\/wp-json\/wp\/v2\/comments?post=444"}],"version-history":[{"count":0,"href":"https:\/\/www.4h.se\/hagelby\/wp-json\/wp\/v2\/pages\/444\/revisions"}],"wp:attachment":[{"href":"https:\/\/www.4h.se\/hagelby\/wp-json\/wp\/v2\/media?parent=444"}],"curies":[{"name":"wp","href":"https:\/\/api.w.org\/{rel}","templated":true}]}}