



{"id":441,"date":"2016-11-25T09:25:32","date_gmt":"2016-11-25T08:25:32","guid":{"rendered":"http:\/\/www.4h.se\/hagelby\/?page_id=441"},"modified":"2026-04-20T09:21:01","modified_gmt":"2026-04-20T07:21:01","slug":"hast","status":"publish","type":"page","link":"https:\/\/www.4h.se\/hagelby\/hast\/","title":{"rendered":"H\u00e4st"},"content":{"rendered":"<div class=\"wpb-content-wrapper\"><p>[vc_row full_width=&#8221;stretch_row&#8221; css=&#8221;.vc_custom_1708001420595{background-color: #008b44 !important;}&#8221;][vc_column][vc_row_inner css=&#8221;.vc_custom_1646835392831{margin-bottom: -10px !important;background-color: #ffffff !important;border-radius: 15px !important;}&#8221;][vc_column_inner][vc_column_text]<\/p>\n<h1 style=\"text-align: center\">H\u00e4star<\/h1>\n<p>[\/vc_column_text][vc_separator color=&#8221;custom&#8221; style=&#8221;dotted&#8221; border_width=&#8221;5&#8243; accent_color=&#8221;#008b45&#8243;][vc_column_text css=&#8221;&#8221;]<\/p>\n<p data-start=\"172\" data-end=\"255\">P\u00e5 g\u00e5rden bor de fyra h\u00e4starna:<\/p>\n<p data-start=\"257\" data-end=\"414\"><strong data-start=\"257\" data-end=\"269\">Amarillo<\/strong><br data-start=\"269\" data-end=\"272\">Amarillo \u00e4r en shetlandsponny f\u00f6dd 2008. Han flyttade till oss fr\u00e5n Ersboda 4H under h\u00f6sten 2021.<\/p>\n<p data-start=\"416\" data-end=\"546\"><strong data-start=\"416\" data-end=\"423\">Pia<\/strong><br data-start=\"423\" data-end=\"426\">Pia \u00e4r ocks\u00e5 en shetlandsponny, f\u00f6dd 2008. Hon kom till g\u00e5rden i augusti 2024.<\/p>\n<p data-start=\"548\" data-end=\"681\"><strong data-start=\"548\" data-end=\"557\">Minus<\/strong><br data-start=\"557\" data-end=\"560\">Minus \u00e4r en shetlandsponny f\u00f6dd 2019. Han flyttade till g\u00e5rden i februari 2026<\/p>\n<p data-start=\"683\" data-end=\"792\"><strong data-start=\"683\" data-end=\"692\">Wilma<\/strong><br data-start=\"692\" data-end=\"695\">Wilma \u00e4r en fjordh\u00e4st f\u00f6dd 2010. Hon \u00e4r v\u00e5rt nyaste tillskott och kom till g\u00e5rden i januari 2026.<\/p>\n<h3 data-start=\"166\" data-end=\"193\">\u2b50 Enkel fakta om h\u00e4star<\/h3>\n<ul data-start=\"195\" data-end=\"611\">\n<li data-start=\"195\" data-end=\"260\">\n<p data-start=\"197\" data-end=\"260\">H\u00e4star \u00e4r flockdjur och m\u00e5r b\u00e4st n\u00e4r de f\u00e5r vara tillsammans.<\/p>\n<\/li>\n<li data-start=\"261\" data-end=\"307\">\n<p data-start=\"263\" data-end=\"307\">H\u00e4star kan sova b\u00e5de st\u00e5ende och liggande.<\/p>\n<\/li>\n<li data-start=\"555\" data-end=\"611\">\n<p data-start=\"557\" data-end=\"611\">H\u00e4star beh\u00f6ver r\u00f6ra p\u00e5 sig varje dag f\u00f6r att m\u00e5 bra.<\/p>\n<\/li>\n<li data-start=\"555\" data-end=\"611\">Mamma h\u00e4st kallas f\u00f6r sto. Pappa h\u00e4st kallas f\u00f6r hingst. En kastrerad hingst kallas f\u00f6r valack. H\u00e4stens barn kallas f\u00f6r f\u00f6l.<\/li>\n<\/ul>\n<p>[\/vc_column_text][vc_separator color=&#8221;custom&#8221; style=&#8221;dotted&#8221; border_width=&#8221;5&#8243; accent_color=&#8221;#008b45&#8243;][\/vc_column_inner][\/vc_row_inner][vc_row_inner css=&#8221;.vc_custom_1646835239388{margin-top: -20px !important;margin-bottom: 30px !important;background-color: #ffffff !important;border-radius: 15px !important;}&#8221;][vc_column_inner width=&#8221;1\/4&#8243;][vc_single_image image=&#8221;1813&#8243; img_size=&#8221;500&#215;700&#8243; style=&#8221;vc_box_outline&#8221; css=&#8221;&#8221;][vc_column_text]<\/p>\n<h4 style=\"text-align: center\">&#8212; Amarillo &#8212;<\/h4>\n<p style=\"text-align: center\">2008<\/p>\n<p style=\"text-align: center\">Shetlandsponny<\/p>\n<p>[\/vc_column_text][\/vc_column_inner][vc_column_inner width=&#8221;1\/4&#8243;][vc_single_image image=&#8221;1456&#8243; img_size=&#8221;500&#215;700&#8243; style=&#8221;vc_box_outline&#8221; css=&#8221;&#8221;][vc_column_text css=&#8221;&#8221;]<\/p>\n<h4 style=\"text-align: center;\">&#8212; pia&#8211;<\/h4>\n<p style=\"text-align: center;\">2008<\/p>\n<p style=\"text-align: center;\">Shetlandsponny<\/p>\n<p>[\/vc_column_text][\/vc_column_inner][vc_column_inner width=&#8221;1\/4&#8243;][vc_single_image image=&#8221;1851&#8243; img_size=&#8221;500&#215;700&#8243; style=&#8221;vc_box_outline&#8221; css=&#8221;&#8221;][vc_column_text css=&#8221;&#8221;]<\/p>\n<h4 style=\"text-align: center;\">&#8212; Minus&#8211;<\/h4>\n<p style=\"text-align: center;\">2019<br \/>\nShetlandsponny[\/vc_column_text][\/vc_column_inner][vc_column_inner width=&#8221;1\/4&#8243;][vc_single_image image=&#8221;1811&#8243; img_size=&#8221;500&#215;700&#8243; style=&#8221;vc_box_outline&#8221; css=&#8221;&#8221;][vc_column_text css=&#8221;&#8221;]<\/p>\n<h4 style=\"text-align: center;\">&#8212; wilma&#8211;<\/h4>\n<p style=\"text-align: center;\">2010<\/p>\n<p style=\"text-align: center;\">Fjording<\/p>\n<p>[\/vc_column_text][\/vc_column_inner][\/vc_row_inner][\/vc_column][\/vc_row]<\/p>\n<\/div>","protected":false},"excerpt":{"rendered":"<p>[vc_row full_width=&#8221;stretch_row&#8221; css=&#8221;.vc_custom_1708001420595{background-color: #008b44 !important;}&#8221;][vc_column][vc_row_inner css=&#8221;.vc_custom_1646835392831{margin-bottom: -10px !important;background-color: #ffffff !important;border-radius: 15px !important;}&#8221;][vc_column_inner][vc_column_text] H\u00e4star [\/vc_column_text][vc_separator color=&#8221;custom&#8221; style=&#8221;dotted&#8221; border_width=&#8221;5&#8243; accent_color=&#8221;#008b45&#8243;][vc_column_text css=&#8221;&#8221;] P\u00e5 g\u00e5rden bor de fyra h\u00e4starna: AmarilloAmarillo \u00e4r en shetlandsponny f\u00f6dd 2008. Han flyttade till oss fr\u00e5n Ersboda 4H under h\u00f6sten 2021. PiaPia \u00e4r ocks\u00e5 en shetlandsponny, f\u00f6dd 2008. Hon kom till g\u00e5rden i augusti 2024.&nbsp; <a href=\"https:\/\/www.4h.se\/hagelby\/hast\/\">&hellip; Read more <i class=\"glyphicon glyphicon-arrow-right\"><\/i><\/a><\/p>\n","protected":false},"author":44,"featured_media":0,"parent":0,"menu_order":117,"comment_status":"closed","ping_status":"closed","template":"","meta":{"_acf_changed":false,"footnotes":""},"class_list":["post-441","page","type-page","status-publish","hentry"],"acf":[],"yoast_head":"<!-- This site is optimized with the Yoast SEO plugin v27.5 - https:\/\/yoast.com\/product\/yoast-seo-wordpress\/ -->\n<title>H\u00e4st - H\u00e5gelby 4H-g\u00e5rd<\/title>\n<meta name=\"description\" content=\"H\u00e4st p\u00e5 H\u00e5gelby 4H-g\u00e5rd\" \/>\n<meta name=\"robots\" content=\"index, follow, max-snippet:-1, max-image-preview:large, max-video-preview:-1\" \/>\n<link rel=\"canonical\" href=\"https:\/\/www.4h.se\/hagelby\/hast\/\" \/>\n<meta property=\"og:locale\" content=\"sv_SE\" \/>\n<meta property=\"og:type\" content=\"article\" \/>\n<meta property=\"og:title\" content=\"H\u00e4st - H\u00e5gelby 4H-g\u00e5rd\" \/>\n<meta property=\"og:description\" content=\"H\u00e4st p\u00e5 H\u00e5gelby 4H-g\u00e5rd\" \/>\n<meta property=\"og:url\" content=\"https:\/\/www.4h.se\/hagelby\/hast\/\" \/>\n<meta property=\"og:site_name\" content=\"H\u00e5gelby 4H-g\u00e5rd\" \/>\n<meta property=\"article:modified_time\" content=\"2026-04-20T07:21:01+00:00\" \/>\n<meta name=\"twitter:card\" content=\"summary_large_image\" \/>\n<meta name=\"twitter:label1\" content=\"Ber\u00e4knad l\u00e4stid\" \/>\n\t<meta name=\"twitter:data1\" content=\"2 minuter\" \/>\n<script type=\"application\/ld+json\" class=\"yoast-schema-graph\">{\"@context\":\"https:\\\/\\\/schema.org\",\"@graph\":[{\"@type\":\"WebPage\",\"@id\":\"https:\\\/\\\/www.4h.se\\\/hagelby\\\/hast\\\/\",\"url\":\"https:\\\/\\\/www.4h.se\\\/hagelby\\\/hast\\\/\",\"name\":\"H\u00e4st - H\u00e5gelby 4H-g\u00e5rd\",\"isPartOf\":{\"@id\":\"https:\\\/\\\/www.4h.se\\\/hagelby\\\/#website\"},\"datePublished\":\"2016-11-25T08:25:32+00:00\",\"dateModified\":\"2026-04-20T07:21:01+00:00\",\"description\":\"H\u00e4st p\u00e5 H\u00e5gelby 4H-g\u00e5rd\",\"breadcrumb\":{\"@id\":\"https:\\\/\\\/www.4h.se\\\/hagelby\\\/hast\\\/#breadcrumb\"},\"inLanguage\":\"sv-SE\",\"potentialAction\":[{\"@type\":\"ReadAction\",\"target\":[\"https:\\\/\\\/www.4h.se\\\/hagelby\\\/hast\\\/\"]}]},{\"@type\":\"BreadcrumbList\",\"@id\":\"https:\\\/\\\/www.4h.se\\\/hagelby\\\/hast\\\/#breadcrumb\",\"itemListElement\":[{\"@type\":\"ListItem\",\"position\":1,\"name\":\"Hem\",\"item\":\"https:\\\/\\\/www.4h.se\\\/hagelby\\\/\"},{\"@type\":\"ListItem\",\"position\":2,\"name\":\"H\u00e4st\"}]},{\"@type\":\"WebSite\",\"@id\":\"https:\\\/\\\/www.4h.se\\\/hagelby\\\/#website\",\"url\":\"https:\\\/\\\/www.4h.se\\\/hagelby\\\/\",\"name\":\"H\u00e5gelby 4H-g\u00e5rd\",\"description\":\"\",\"potentialAction\":[{\"@type\":\"SearchAction\",\"target\":{\"@type\":\"EntryPoint\",\"urlTemplate\":\"https:\\\/\\\/www.4h.se\\\/hagelby\\\/?s={search_term_string}\"},\"query-input\":{\"@type\":\"PropertyValueSpecification\",\"valueRequired\":true,\"valueName\":\"search_term_string\"}}],\"inLanguage\":\"sv-SE\"}]}<\/script>\n<!-- \/ Yoast SEO plugin. -->","yoast_head_json":{"title":"H\u00e4st - H\u00e5gelby 4H-g\u00e5rd","description":"H\u00e4st p\u00e5 H\u00e5gelby 4H-g\u00e5rd","robots":{"index":"index","follow":"follow","max-snippet":"max-snippet:-1","max-image-preview":"max-image-preview:large","max-video-preview":"max-video-preview:-1"},"canonical":"https:\/\/www.4h.se\/hagelby\/hast\/","og_locale":"sv_SE","og_type":"article","og_title":"H\u00e4st - H\u00e5gelby 4H-g\u00e5rd","og_description":"H\u00e4st p\u00e5 H\u00e5gelby 4H-g\u00e5rd","og_url":"https:\/\/www.4h.se\/hagelby\/hast\/","og_site_name":"H\u00e5gelby 4H-g\u00e5rd","article_modified_time":"2026-04-20T07:21:01+00:00","twitter_card":"summary_large_image","twitter_misc":{"Ber\u00e4knad l\u00e4stid":"2 minuter"},"schema":{"@context":"https:\/\/schema.org","@graph":[{"@type":"WebPage","@id":"https:\/\/www.4h.se\/hagelby\/hast\/","url":"https:\/\/www.4h.se\/hagelby\/hast\/","name":"H\u00e4st - H\u00e5gelby 4H-g\u00e5rd","isPartOf":{"@id":"https:\/\/www.4h.se\/hagelby\/#website"},"datePublished":"2016-11-25T08:25:32+00:00","dateModified":"2026-04-20T07:21:01+00:00","description":"H\u00e4st p\u00e5 H\u00e5gelby 4H-g\u00e5rd","breadcrumb":{"@id":"https:\/\/www.4h.se\/hagelby\/hast\/#breadcrumb"},"inLanguage":"sv-SE","potentialAction":[{"@type":"ReadAction","target":["https:\/\/www.4h.se\/hagelby\/hast\/"]}]},{"@type":"BreadcrumbList","@id":"https:\/\/www.4h.se\/hagelby\/hast\/#breadcrumb","itemListElement":[{"@type":"ListItem","position":1,"name":"Hem","item":"https:\/\/www.4h.se\/hagelby\/"},{"@type":"ListItem","position":2,"name":"H\u00e4st"}]},{"@type":"WebSite","@id":"https:\/\/www.4h.se\/hagelby\/#website","url":"https:\/\/www.4h.se\/hagelby\/","name":"H\u00e5gelby 4H-g\u00e5rd","description":"","potentialAction":[{"@type":"SearchAction","target":{"@type":"EntryPoint","urlTemplate":"https:\/\/www.4h.se\/hagelby\/?s={search_term_string}"},"query-input":{"@type":"PropertyValueSpecification","valueRequired":true,"valueName":"search_term_string"}}],"inLanguage":"sv-SE"}]}},"_links":{"self":[{"href":"https:\/\/www.4h.se\/hagelby\/wp-json\/wp\/v2\/pages\/441","targetHints":{"allow":["GET"]}}],"collection":[{"href":"https:\/\/www.4h.se\/hagelby\/wp-json\/wp\/v2\/pages"}],"about":[{"href":"https:\/\/www.4h.se\/hagelby\/wp-json\/wp\/v2\/types\/page"}],"author":[{"embeddable":true,"href":"https:\/\/www.4h.se\/hagelby\/wp-json\/wp\/v2\/users\/44"}],"replies":[{"embeddable":true,"href":"https:\/\/www.4h.se\/hagelby\/wp-json\/wp\/v2\/comments?post=441"}],"version-history":[{"count":0,"href":"https:\/\/www.4h.se\/hagelby\/wp-json\/wp\/v2\/pages\/441\/revisions"}],"wp:attachment":[{"href":"https:\/\/www.4h.se\/hagelby\/wp-json\/wp\/v2\/media?parent=441"}],"curies":[{"name":"wp","href":"https:\/\/api.w.org\/{rel}","templated":true}]}}