



{"id":439,"date":"2016-11-25T09:23:56","date_gmt":"2016-11-25T08:23:56","guid":{"rendered":"http:\/\/www.4h.se\/hagelby\/?page_id=439"},"modified":"2025-09-05T08:11:03","modified_gmt":"2025-09-05T06:11:03","slug":"get","status":"publish","type":"page","link":"https:\/\/www.4h.se\/hagelby\/get\/","title":{"rendered":"Get"},"content":{"rendered":"<div class=\"wpb-content-wrapper\"><p>[vc_row full_width=&#8221;stretch_row&#8221; css=&#8221;.vc_custom_1720166141598{background-color: #008b44 !important;}&#8221;][vc_column css=&#8221;.vc_custom_1720004920045{background-color: #ffffff !important;border-radius: 15px !important;}&#8221;][vc_column_text css=&#8221;&#8221;]<\/p>\n<h1 style=\"text-align: center;\"><strong>get<\/strong><\/h1>\n<p>[\/vc_column_text][vc_separator color=&#8221;custom&#8221; style=&#8221;dotted&#8221; border_width=&#8221;5&#8243; css=&#8221;&#8221; accent_color=&#8221;#008b44&#8243;][vc_column_text css=&#8221;&#8221;]Vi har fem getter. tv\u00e5 \u00e4r av rasen J\u00e4mtget och tre \u00e4r av rasen Afrikansk dv\u00e4rgget.<\/p>\n<p><strong>J\u00e4mtget<\/strong>\u00a0\u00e4r en\u00a0svensk lantras\u00a0och vi \u00e4r med och arbetar f\u00f6r rasen bevarande i<strong><span style=\"color: #000000;\">\u00a0<\/span><\/strong><a title=\"Lantraser\/Genbank\" href=\"http:\/\/www.hagelby4h.se\/empty_54.html\"><strong><span style=\"color: #000000;\">genbanken<\/span><\/strong>.<\/a>\u00a0Rasen \u00e4r utrotningshotad och 2008 fanns det ca 387 j\u00e4mtgetter kvar. Som h\u00f6rs p\u00e5 namnet \u00e4r det en getras anpassad f\u00f6r ett nordligt klimat, det \u00e4r en ganska sm\u00e4cker och elegant ras som tillh\u00f6r gruppen Allmogegetter.<\/p>\n<p>Den\u00a0<strong>Afrikanska dv\u00e4rggeten<\/strong>\u00a0\u00e4r, som man h\u00f6r p\u00e5 namnet, mindre \u00e4n en vanlig get. Den \u00e4r idag framavlad som s\u00e4llskapsget och hos oss passar den bra i barnverksamheten och klapphagen.<\/p>\n<p>Getter \u00e4r intelligenta djur som \u00e4lskar att kl\u00e4ttra, busa och \u00e4ta p\u00e5 sly och buskar.<\/p>\n<h4>Enkel fakta om Getter<\/h4>\n<p>Mamma get kallas f\u00f6r get. Pappa get kallas f\u00f6r bock. Getens barn kallas f\u00f6r killing.<\/p>\n<p>Getens p\u00e4ls kallas f\u00f6r ragg och deras f\u00f6tter kallas f\u00f6r kl\u00f6var.<\/p>\n<p>F\u00f6rr i tiden kallades geten f\u00f6r \u201dfattigmans ko\u201d. Det var f\u00f6r att en get var inte lika dyr att k\u00f6pa som en ko, den \u00e5t inte lika mycket\u00a0 men den gav mj\u00f6lk, skinn, k\u00f6tt och ragg (p\u00e4ls). Raggen anv\u00e4ndes bl.a n\u00e4r man stickade sockor (d\u00e4rav namnet raggsockor).<\/p>\n<p>Idag finns getter \u00f6ver st\u00f6rre delar av hela v\u00e4rlden och h\u00e5lls framf\u00f6r allt f\u00f6r mj\u00f6lken och k\u00f6ttet.[\/vc_column_text][\/vc_column][vc_column][vc_row_inner css=&#8221;.vc_custom_1723463818649{background-color: #ffffff !important;border-radius: 15px !important;}&#8221;][vc_column_inner width=&#8221;1\/5&#8243;][vc_single_image image=&#8221;1734&#8243; img_size=&#8221;500&#215;560&#8243; alignment=&#8221;center&#8221; style=&#8221;vc_box_outline&#8221; border_color=&#8221;black&#8221; css=&#8221;&#8221;][vc_column_text css=&#8221;&#8221;]<\/p>\n<h4 style=\"text-align: center;\"><span style=\"color: #000000;\">&#8212;\u00a0Undra &#8212;<\/span><\/h4>\n<p style=\"text-align: center;\"><span style=\"color: #000000;\">2021<\/span><\/p>\n<p style=\"text-align: center;\"><span style=\"color: #000000;\">J\u00e4mtget<\/span><\/p>\n<p>[\/vc_column_text][\/vc_column_inner][vc_column_inner width=&#8221;1\/5&#8243;][vc_single_image image=&#8221;1733&#8243; img_size=&#8221;500&#215;560&#8243; alignment=&#8221;center&#8221; style=&#8221;vc_box_outline&#8221; border_color=&#8221;black&#8221; css=&#8221;&#8221;][vc_column_text css=&#8221;&#8221;]<\/p>\n<h4 style=\"text-align: center;\"><span style=\"color: #000000;\">&#8212; Zorro&#8211;<\/span><\/h4>\n<p style=\"text-align: center;\"><span style=\"color: #000000;\">2025<\/span><\/p>\n<p style=\"text-align: center;\"><span style=\"color: #000000;\">J\u00e4mtget<\/span><\/p>\n<p>[\/vc_column_text][\/vc_column_inner][vc_column_inner width=&#8221;1\/5&#8243;][vc_single_image image=&#8221;1208&#8243; img_size=&#8221;500&#215;560&#8243; alignment=&#8221;center&#8221; style=&#8221;vc_box_outline&#8221; border_color=&#8221;black&#8221;][vc_column_text css=&#8221;&#8221;]<\/p>\n<h4 style=\"text-align: center;\"><span style=\"color: #000000;\">&#8212; Wendela&#8211;<\/span><\/h4>\n<p style=\"text-align: center;\"><span style=\"color: #000000;\">2022<\/span><br \/>\n<span style=\"color: #000000;\">Dv\u00e4rgget<\/span>[\/vc_column_text][\/vc_column_inner][vc_column_inner width=&#8221;1\/5&#8243;][vc_single_image image=&#8221;1736&#8243; img_size=&#8221;500&#215;560&#8243; alignment=&#8221;center&#8221; style=&#8221;vc_box_outline&#8221; border_color=&#8221;black&#8221; css=&#8221;&#8221;][vc_column_text css=&#8221;&#8221;]<\/p>\n<h4 style=\"text-align: center;\"><span style=\"color: #000000;\">&#8212;\u00a0Rut &#8212;<\/span><\/h4>\n<p style=\"text-align: center;\"><span style=\"color: #000000;\">2017<\/span><br \/>\n<span style=\"color: #000000;\">Dv\u00e4rgget<\/span>[\/vc_column_text][\/vc_column_inner][vc_column_inner width=&#8221;1\/5&#8243;][vc_single_image image=&#8221;1735&#8243; img_size=&#8221;500&#215;560&#8243; alignment=&#8221;center&#8221; style=&#8221;vc_box_outline&#8221; border_color=&#8221;black&#8221; css=&#8221;&#8221;][vc_column_text css=&#8221;&#8221;]<\/p>\n<h4 style=\"text-align: center;\"><span style=\"color: #000000;\">&#8212; Yulie &#8212;<\/span><\/h4>\n<p style=\"text-align: center;\"><span style=\"color: #000000;\">2024<\/span><br \/>\n<span style=\"color: #000000;\">Dv\u00e4rgget<\/span>[\/vc_column_text][\/vc_column_inner][\/vc_row_inner][\/vc_column][vc_column][\/vc_column][\/vc_row]<\/p>\n<\/div>","protected":false},"excerpt":{"rendered":"<p>[vc_row full_width=&#8221;stretch_row&#8221; css=&#8221;.vc_custom_1720166141598{background-color: #008b44 !important;}&#8221;][vc_column css=&#8221;.vc_custom_1720004920045{background-color: #ffffff !important;border-radius: 15px !important;}&#8221;][vc_column_text css=&#8221;&#8221;] get [\/vc_column_text][vc_separator color=&#8221;custom&#8221; style=&#8221;dotted&#8221; border_width=&#8221;5&#8243; css=&#8221;&#8221; accent_color=&#8221;#008b44&#8243;][vc_column_text css=&#8221;&#8221;]Vi har fem getter. tv\u00e5 \u00e4r av rasen J\u00e4mtget och tre \u00e4r av rasen Afrikansk dv\u00e4rgget. J\u00e4mtget\u00a0\u00e4r en\u00a0svensk lantras\u00a0och vi \u00e4r med och arbetar f\u00f6r rasen bevarande i\u00a0genbanken.\u00a0Rasen \u00e4r utrotningshotad och 2008 fanns det ca 387 j\u00e4mtgetter&nbsp; <a href=\"https:\/\/www.4h.se\/hagelby\/get\/\">&hellip; Read more <i class=\"glyphicon glyphicon-arrow-right\"><\/i><\/a><\/p>\n","protected":false},"author":44,"featured_media":0,"parent":0,"menu_order":114,"comment_status":"closed","ping_status":"closed","template":"","meta":{"_acf_changed":false,"footnotes":""},"class_list":["post-439","page","type-page","status-publish","hentry"],"acf":[],"yoast_head":"<!-- This site is optimized with the Yoast SEO plugin v27.5 - https:\/\/yoast.com\/product\/yoast-seo-wordpress\/ -->\n<title>Get - H\u00e5gelby 4H-g\u00e5rd<\/title>\n<meta name=\"description\" content=\"Get p\u00e5 H\u00e5gelby 4H-g\u00e5rd, j\u00e4mtget och afrikansk dv\u00e4rgget\" \/>\n<meta name=\"robots\" content=\"index, follow, max-snippet:-1, max-image-preview:large, max-video-preview:-1\" \/>\n<link rel=\"canonical\" href=\"https:\/\/www.4h.se\/hagelby\/get\/\" \/>\n<meta property=\"og:locale\" content=\"sv_SE\" \/>\n<meta property=\"og:type\" content=\"article\" \/>\n<meta property=\"og:title\" content=\"Get - H\u00e5gelby 4H-g\u00e5rd\" \/>\n<meta property=\"og:description\" content=\"Get p\u00e5 H\u00e5gelby 4H-g\u00e5rd, j\u00e4mtget och afrikansk dv\u00e4rgget\" \/>\n<meta property=\"og:url\" content=\"https:\/\/www.4h.se\/hagelby\/get\/\" \/>\n<meta property=\"og:site_name\" content=\"H\u00e5gelby 4H-g\u00e5rd\" \/>\n<meta property=\"article:modified_time\" content=\"2025-09-05T06:11:03+00:00\" \/>\n<meta name=\"twitter:card\" content=\"summary_large_image\" \/>\n<meta name=\"twitter:label1\" content=\"Ber\u00e4knad l\u00e4stid\" \/>\n\t<meta name=\"twitter:data1\" content=\"2 minuter\" \/>\n<script type=\"application\/ld+json\" class=\"yoast-schema-graph\">{\"@context\":\"https:\\\/\\\/schema.org\",\"@graph\":[{\"@type\":\"WebPage\",\"@id\":\"https:\\\/\\\/www.4h.se\\\/hagelby\\\/get\\\/\",\"url\":\"https:\\\/\\\/www.4h.se\\\/hagelby\\\/get\\\/\",\"name\":\"Get - H\u00e5gelby 4H-g\u00e5rd\",\"isPartOf\":{\"@id\":\"https:\\\/\\\/www.4h.se\\\/hagelby\\\/#website\"},\"datePublished\":\"2016-11-25T08:23:56+00:00\",\"dateModified\":\"2025-09-05T06:11:03+00:00\",\"description\":\"Get p\u00e5 H\u00e5gelby 4H-g\u00e5rd, j\u00e4mtget och afrikansk dv\u00e4rgget\",\"breadcrumb\":{\"@id\":\"https:\\\/\\\/www.4h.se\\\/hagelby\\\/get\\\/#breadcrumb\"},\"inLanguage\":\"sv-SE\",\"potentialAction\":[{\"@type\":\"ReadAction\",\"target\":[\"https:\\\/\\\/www.4h.se\\\/hagelby\\\/get\\\/\"]}]},{\"@type\":\"BreadcrumbList\",\"@id\":\"https:\\\/\\\/www.4h.se\\\/hagelby\\\/get\\\/#breadcrumb\",\"itemListElement\":[{\"@type\":\"ListItem\",\"position\":1,\"name\":\"Hem\",\"item\":\"https:\\\/\\\/www.4h.se\\\/hagelby\\\/\"},{\"@type\":\"ListItem\",\"position\":2,\"name\":\"Get\"}]},{\"@type\":\"WebSite\",\"@id\":\"https:\\\/\\\/www.4h.se\\\/hagelby\\\/#website\",\"url\":\"https:\\\/\\\/www.4h.se\\\/hagelby\\\/\",\"name\":\"H\u00e5gelby 4H-g\u00e5rd\",\"description\":\"\",\"potentialAction\":[{\"@type\":\"SearchAction\",\"target\":{\"@type\":\"EntryPoint\",\"urlTemplate\":\"https:\\\/\\\/www.4h.se\\\/hagelby\\\/?s={search_term_string}\"},\"query-input\":{\"@type\":\"PropertyValueSpecification\",\"valueRequired\":true,\"valueName\":\"search_term_string\"}}],\"inLanguage\":\"sv-SE\"}]}<\/script>\n<!-- \/ Yoast SEO plugin. -->","yoast_head_json":{"title":"Get - H\u00e5gelby 4H-g\u00e5rd","description":"Get p\u00e5 H\u00e5gelby 4H-g\u00e5rd, j\u00e4mtget och afrikansk dv\u00e4rgget","robots":{"index":"index","follow":"follow","max-snippet":"max-snippet:-1","max-image-preview":"max-image-preview:large","max-video-preview":"max-video-preview:-1"},"canonical":"https:\/\/www.4h.se\/hagelby\/get\/","og_locale":"sv_SE","og_type":"article","og_title":"Get - H\u00e5gelby 4H-g\u00e5rd","og_description":"Get p\u00e5 H\u00e5gelby 4H-g\u00e5rd, j\u00e4mtget och afrikansk dv\u00e4rgget","og_url":"https:\/\/www.4h.se\/hagelby\/get\/","og_site_name":"H\u00e5gelby 4H-g\u00e5rd","article_modified_time":"2025-09-05T06:11:03+00:00","twitter_card":"summary_large_image","twitter_misc":{"Ber\u00e4knad l\u00e4stid":"2 minuter"},"schema":{"@context":"https:\/\/schema.org","@graph":[{"@type":"WebPage","@id":"https:\/\/www.4h.se\/hagelby\/get\/","url":"https:\/\/www.4h.se\/hagelby\/get\/","name":"Get - H\u00e5gelby 4H-g\u00e5rd","isPartOf":{"@id":"https:\/\/www.4h.se\/hagelby\/#website"},"datePublished":"2016-11-25T08:23:56+00:00","dateModified":"2025-09-05T06:11:03+00:00","description":"Get p\u00e5 H\u00e5gelby 4H-g\u00e5rd, j\u00e4mtget och afrikansk dv\u00e4rgget","breadcrumb":{"@id":"https:\/\/www.4h.se\/hagelby\/get\/#breadcrumb"},"inLanguage":"sv-SE","potentialAction":[{"@type":"ReadAction","target":["https:\/\/www.4h.se\/hagelby\/get\/"]}]},{"@type":"BreadcrumbList","@id":"https:\/\/www.4h.se\/hagelby\/get\/#breadcrumb","itemListElement":[{"@type":"ListItem","position":1,"name":"Hem","item":"https:\/\/www.4h.se\/hagelby\/"},{"@type":"ListItem","position":2,"name":"Get"}]},{"@type":"WebSite","@id":"https:\/\/www.4h.se\/hagelby\/#website","url":"https:\/\/www.4h.se\/hagelby\/","name":"H\u00e5gelby 4H-g\u00e5rd","description":"","potentialAction":[{"@type":"SearchAction","target":{"@type":"EntryPoint","urlTemplate":"https:\/\/www.4h.se\/hagelby\/?s={search_term_string}"},"query-input":{"@type":"PropertyValueSpecification","valueRequired":true,"valueName":"search_term_string"}}],"inLanguage":"sv-SE"}]}},"_links":{"self":[{"href":"https:\/\/www.4h.se\/hagelby\/wp-json\/wp\/v2\/pages\/439","targetHints":{"allow":["GET"]}}],"collection":[{"href":"https:\/\/www.4h.se\/hagelby\/wp-json\/wp\/v2\/pages"}],"about":[{"href":"https:\/\/www.4h.se\/hagelby\/wp-json\/wp\/v2\/types\/page"}],"author":[{"embeddable":true,"href":"https:\/\/www.4h.se\/hagelby\/wp-json\/wp\/v2\/users\/44"}],"replies":[{"embeddable":true,"href":"https:\/\/www.4h.se\/hagelby\/wp-json\/wp\/v2\/comments?post=439"}],"version-history":[{"count":0,"href":"https:\/\/www.4h.se\/hagelby\/wp-json\/wp\/v2\/pages\/439\/revisions"}],"wp:attachment":[{"href":"https:\/\/www.4h.se\/hagelby\/wp-json\/wp\/v2\/media?parent=439"}],"curies":[{"name":"wp","href":"https:\/\/api.w.org\/{rel}","templated":true}]}}