



{"id":433,"date":"2016-11-25T09:15:30","date_gmt":"2016-11-25T08:15:30","guid":{"rendered":"http:\/\/www.4h.se\/hagelby\/?page_id=433"},"modified":"2026-01-20T11:57:52","modified_gmt":"2026-01-20T10:57:52","slug":"ledare","status":"publish","type":"page","link":"https:\/\/www.4h.se\/hagelby\/ledare\/","title":{"rendered":"Ledare"},"content":{"rendered":"<div class=\"wpb-content-wrapper\"><p>[vc_row full_width=&#8221;stretch_row&#8221; css=&#8221;.vc_custom_1708000131307{background-color: #008b44 !important;}&#8221;][vc_column width=&#8221;3\/4&#8243;][vc_row_inner css=&#8221;.vc_custom_1647251472062{margin-bottom: 30px !important;padding-top: 20px !important;background-color: #ffffff !important;border-radius: 15px !important;}&#8221;][vc_column_inner width=&#8221;1\/2&#8243;][vc_column_text]<\/p>\n<h1 style=\"text-align: center\">Ledare p\u00e5 H\u00e5gelby 4H<\/h1>\n<p>[\/vc_column_text][vc_column_text css=&#8221;&#8221;]<\/p>\n<h1>Ledare<\/h1>\n<p>Fr\u00e5n det \u00e5ret du fyller 11 \u00e5r har du som medlem i H\u00e5gelby 4H-klubb m\u00f6jlighet att utbilda dig till ledare hos oss. Innan du g\u00e5r en utbildning till miniledare vill vi att du har g\u00e5tt minst en termin djursk\u00f6tarkurs MAXI eller ett Maxi-4H l\u00e4ger.<\/p>\n<p>Som ledare p\u00e5 H\u00e5gelby 4H \u00e4r med och hj\u00e4lper till p\u00e5 g\u00e5rdens kurser, l\u00e4ger och\/eller andra evenemang. Vi har l\u00e4ger p\u00e5 alla skollov och grupper alla vardagar under terminerna. Du v\u00e4ljer sj\u00e4lv vilken grupp du vill hj\u00e4lpa till i eller vilket l\u00e4ger som du vill hj\u00e4lpa till p\u00e5. Som ledare \u00e4r du en f\u00f6rebild i gruppen, hj\u00e4lper barnen och f\u00e5r tr\u00e4na b\u00e5de p\u00e5 att ta ansvar och att prata inf\u00f6r andra. Vi har alltid en personal med som ansvarar f\u00f6r gruppen\/l\u00e4gret.<\/p>\n<p>Vi anpassar ledarens ansvar och uppgifter i gruppen efter \u00e5lder, \u00f6nskem\u00e5l och erfarenhet.<br \/>\nVi vill att alla ledare ska f\u00e5 m\u00f6jlighet att v\u00e4xa och utvecklas hos oss.<br \/>\nVi erbjuder ofta utbildningstillf\u00e4llen inom olika omr\u00e5den f\u00f6r v\u00e5ra ledare.<\/p>\n<p>Som ledare kan du \u00e4ven engagera dig p\u00e5 andra s\u00e4tt i v\u00e5r klubb, exempelvis genom i styrelsen eller i n\u00e5gon av styrelsens fokusgrupper eller kanske p\u00e5 v\u00e5ra p\u00e5sk- eller sp\u00f6kjakter som vi anordnar varje \u00e5r.<\/p>\n<h2>Miniledare<\/h2>\n<p>Det f\u00f6rsta steget kallas f\u00f6r miniledare och det kan du bli fr\u00e5n 11 \u00e5r och har g\u00e5tt maxikurs eller maxil\u00e4ger hos oss. F\u00f6r att bli miniledare g\u00e5r du en kurs hos oss p\u00e5 ca 8 h (ibland uppdelat p\u00e5 flera tillf\u00e4llen, ibland som kurs en helg, ibland som veckokurs vid l\u00e4ger). D\u00e4r pratar vi bland annat om hur du \u00e4r en bra ledare, l\u00e4r oss mer om djuren och rutinerna p\u00e5 g\u00e5rden samt 4H som organisation.<\/p>\n<h2>Hj\u00e4lpledare<\/h2>\n<p>Steget efter miniledare \u00e4r hj\u00e4lpledare, hj\u00e4lpledare kan du bli fr\u00e5n 12 \u00e5r och g\u00e5r steg 1 kursen som drivs av 4H:s l\u00e4nsf\u00f6rbund. P\u00e5 kursen pratar vi bland annat mer om hur du \u00e4r en bra ledare, l\u00e4r oss mer f\u00f6rdjupade kunskaper om djuren och pratar om NPF och hur vi kan bem\u00f6ta alla individer utifr\u00e5n deras f\u00f6ruts\u00e4ttningar.<\/p>\n<h2>Juniorledare<\/h2>\n<p>Fr\u00e5n att du har fyllt 14 \u00e5r kan du bli juniorledare genom att g\u00e5 steg 2 kursen som drivs av 4H:s l\u00e4nsf\u00f6rbund.<br \/>\nVi f\u00f6rdjupar oss \u00e4n mer i \u00e4mnena fr\u00e5n tidigare kurser och pratar \u00e4ven HLR och brand.<\/p>\n<h2>F\u00f6rm\u00e5ner som ledare.<\/h2>\n<p>Om du \u00e4r aktiv ledare i klubben f\u00e5r du vissa f\u00f6rm\u00e5ner.<\/p>\n<ul>\n<li>Du f\u00e5r g\u00e5 k\u00f6rkurs steg 1 till halva priset.<\/li>\n<li>Du \u00e4r v\u00e4lkommen att vara p\u00e5 g\u00e5rden alla dagar efter skolan n\u00e4r personal finns p\u00e5 plats (till ca 18.30 beroende p\u00e5 veckodag).<\/li>\n<li>Vi ordnar ledaraktiviteter varje m\u00e5nad d\u00e4r vi hittar p\u00e5 n\u00e5got p\u00e5 g\u00e5rden<\/li>\n<li>1-2 g\u00e5nger\/\u00e5r \u00e5ker vi bort f\u00f6r en aktivitet som ledarna f\u00e5tt vara med och r\u00f6sta fram.<\/li>\n<li>Det \u00e5ret du fyller 14 \u00e5r kan du bli vald till l\u00e4nsjuniorledare. L\u00e4nsjuniorledarna ska under ett \u00e5r klara av vissa f\u00f6rutbest\u00e4mda arbetsuppgifter, och f\u00e5r, om alla uppgifter klarats av, \u00e5ka p\u00e5 en juniorledarresa till 4H i ett annat land, d\u00e4r klubben och l\u00e4net st\u00e5r f\u00f6r n\u00e4stan alla kostnader<\/li>\n<\/ul>\n<p>[\/vc_column_text][vc_separator color=&#8221;custom&#8221; style=&#8221;dotted&#8221; border_width=&#8221;5&#8243; accent_color=&#8221;#008b45&#8243;][\/vc_column_inner][vc_column_inner width=&#8221;1\/2&#8243;][vc_column_text css=&#8221;&#8221;]<\/p>\n<h1 style=\"text-align: center;\">Ledarstigen<\/h1>\n<p>[\/vc_column_text][vc_single_image image=&#8221;1530&#8243; img_size=&#8221;Full&#8221; alignment=&#8221;center&#8221; style=&#8221;vc_box_outline&#8221; border_color=&#8221;sandy_brown&#8221; css=&#8221;&#8221;][vc_separator color=&#8221;custom&#8221; style=&#8221;dotted&#8221; border_width=&#8221;5&#8243; accent_color=&#8221;#008b45&#8243;][\/vc_column_inner][\/vc_row_inner][\/vc_column][vc_column width=&#8221;1\/4&#8243;][vc_row_inner][vc_column_inner][vc_single_image image=&#8221;1532&#8243; img_size=&#8221;full&#8221; alignment=&#8221;center&#8221; css=&#8221;&#8221;][vc_single_image image=&#8221;1531&#8243; img_size=&#8221;full&#8221; alignment=&#8221;center&#8221; css=&#8221;&#8221;][vc_single_image image=&#8221;1533&#8243; img_size=&#8221;full&#8221; alignment=&#8221;center&#8221; css=&#8221;&#8221;][vc_single_image image=&#8221;1534&#8243; img_size=&#8221;full&#8221; alignment=&#8221;center&#8221; css=&#8221;&#8221;][\/vc_column_inner][\/vc_row_inner][\/vc_column][\/vc_row][vc_row disable_element=&#8221;yes&#8221;][vc_column][vc_column_text css=&#8221;&#8221;]<\/p>\n<p data-start=\"204\" data-end=\"296\"><strong data-start=\"204\" data-end=\"212\">Obs!<\/strong> F\u00f6r att bli f\u00e4rdigutbildad miniledare kr\u00e4vs deltagande vid samtliga tillf\u00e4llen.<\/p>\n<p data-start=\"298\" data-end=\"434\">\ud83d\udcb0 <strong data-start=\"301\" data-end=\"313\">Kostnad:<\/strong> 100 kr<br data-start=\"320\" data-end=\"323\">Betalning sker via Swish till: <strong data-start=\"354\" data-end=\"371\">123 543 17 88<\/strong><br data-start=\"371\" data-end=\"374\"><strong data-start=\"374\" data-end=\"399\">M\u00e4rk betalningen med:<\/strong> <em data-start=\"400\" data-end=\"434\">Deltagarens namn + Miniledarkurs<\/em><\/p>\n<p>[\/vc_column_text][\/vc_column][\/vc_row]<\/p>\n<\/div>","protected":false},"excerpt":{"rendered":"<p>[vc_row full_width=&#8221;stretch_row&#8221; css=&#8221;.vc_custom_1708000131307{background-color: #008b44 !important;}&#8221;][vc_column width=&#8221;3\/4&#8243;][vc_row_inner css=&#8221;.vc_custom_1647251472062{margin-bottom: 30px !important;padding-top: 20px !important;background-color: #ffffff !important;border-radius: 15px !important;}&#8221;][vc_column_inner width=&#8221;1\/2&#8243;][vc_column_text] Ledare p\u00e5 H\u00e5gelby 4H [\/vc_column_text][vc_column_text css=&#8221;&#8221;] Ledare Fr\u00e5n det \u00e5ret du fyller 11 \u00e5r har du som medlem i H\u00e5gelby 4H-klubb m\u00f6jlighet att utbilda dig till ledare hos oss. Innan du g\u00e5r en utbildning till miniledare vill vi att&nbsp; <a href=\"https:\/\/www.4h.se\/hagelby\/ledare\/\">&hellip; Read more <i class=\"glyphicon glyphicon-arrow-right\"><\/i><\/a><\/p>\n","protected":false},"author":44,"featured_media":0,"parent":0,"menu_order":82,"comment_status":"closed","ping_status":"closed","template":"","meta":{"_acf_changed":false,"footnotes":""},"class_list":["post-433","page","type-page","status-publish","hentry"],"acf":[],"yoast_head":"<!-- This site is optimized with the Yoast SEO plugin v27.5 - https:\/\/yoast.com\/product\/yoast-seo-wordpress\/ -->\n<title>Ledare med djur och barn - H\u00e5gelby 4H-g\u00e5rd<\/title>\n<meta name=\"description\" content=\"Bli ledare p\u00e5 H\u00e5gelby 4H! Kurser fr\u00e5n 11 \u00e5r om ledarskap, djur och mer. Ledare i v\u00e5ra barngrupper och p\u00e5 l\u00e4ger, och egna aktiviteter.\" \/>\n<meta name=\"robots\" content=\"index, follow, max-snippet:-1, max-image-preview:large, max-video-preview:-1\" \/>\n<link rel=\"canonical\" href=\"https:\/\/www.4h.se\/hagelby\/ledare\/\" \/>\n<meta property=\"og:locale\" content=\"sv_SE\" \/>\n<meta property=\"og:type\" content=\"article\" \/>\n<meta property=\"og:title\" content=\"Ledare med djur och barn - H\u00e5gelby 4H-g\u00e5rd\" \/>\n<meta property=\"og:description\" content=\"Bli ledare p\u00e5 H\u00e5gelby 4H! Kurser fr\u00e5n 11 \u00e5r om ledarskap, djur och mer. Ledare i v\u00e5ra barngrupper och p\u00e5 l\u00e4ger, och egna aktiviteter.\" \/>\n<meta property=\"og:url\" content=\"https:\/\/www.4h.se\/hagelby\/ledare\/\" \/>\n<meta property=\"og:site_name\" content=\"H\u00e5gelby 4H-g\u00e5rd\" \/>\n<meta property=\"article:modified_time\" content=\"2026-01-20T10:57:52+00:00\" \/>\n<meta name=\"twitter:card\" content=\"summary_large_image\" \/>\n<script type=\"application\/ld+json\" class=\"yoast-schema-graph\">{\"@context\":\"https:\\\/\\\/schema.org\",\"@graph\":[{\"@type\":\"WebPage\",\"@id\":\"https:\\\/\\\/www.4h.se\\\/hagelby\\\/ledare\\\/\",\"url\":\"https:\\\/\\\/www.4h.se\\\/hagelby\\\/ledare\\\/\",\"name\":\"Ledare med djur och barn - H\u00e5gelby 4H-g\u00e5rd\",\"isPartOf\":{\"@id\":\"https:\\\/\\\/www.4h.se\\\/hagelby\\\/#website\"},\"datePublished\":\"2016-11-25T08:15:30+00:00\",\"dateModified\":\"2026-01-20T10:57:52+00:00\",\"description\":\"Bli ledare p\u00e5 H\u00e5gelby 4H! Kurser fr\u00e5n 11 \u00e5r om ledarskap, djur och mer. Ledare i v\u00e5ra barngrupper och p\u00e5 l\u00e4ger, och egna aktiviteter.\",\"breadcrumb\":{\"@id\":\"https:\\\/\\\/www.4h.se\\\/hagelby\\\/ledare\\\/#breadcrumb\"},\"inLanguage\":\"sv-SE\",\"potentialAction\":[{\"@type\":\"ReadAction\",\"target\":[\"https:\\\/\\\/www.4h.se\\\/hagelby\\\/ledare\\\/\"]}]},{\"@type\":\"BreadcrumbList\",\"@id\":\"https:\\\/\\\/www.4h.se\\\/hagelby\\\/ledare\\\/#breadcrumb\",\"itemListElement\":[{\"@type\":\"ListItem\",\"position\":1,\"name\":\"Hem\",\"item\":\"https:\\\/\\\/www.4h.se\\\/hagelby\\\/\"},{\"@type\":\"ListItem\",\"position\":2,\"name\":\"Ledare\"}]},{\"@type\":\"WebSite\",\"@id\":\"https:\\\/\\\/www.4h.se\\\/hagelby\\\/#website\",\"url\":\"https:\\\/\\\/www.4h.se\\\/hagelby\\\/\",\"name\":\"H\u00e5gelby 4H-g\u00e5rd\",\"description\":\"\",\"potentialAction\":[{\"@type\":\"SearchAction\",\"target\":{\"@type\":\"EntryPoint\",\"urlTemplate\":\"https:\\\/\\\/www.4h.se\\\/hagelby\\\/?s={search_term_string}\"},\"query-input\":{\"@type\":\"PropertyValueSpecification\",\"valueRequired\":true,\"valueName\":\"search_term_string\"}}],\"inLanguage\":\"sv-SE\"}]}<\/script>\n<!-- \/ Yoast SEO plugin. -->","yoast_head_json":{"title":"Ledare med djur och barn - H\u00e5gelby 4H-g\u00e5rd","description":"Bli ledare p\u00e5 H\u00e5gelby 4H! Kurser fr\u00e5n 11 \u00e5r om ledarskap, djur och mer. Ledare i v\u00e5ra barngrupper och p\u00e5 l\u00e4ger, och egna aktiviteter.","robots":{"index":"index","follow":"follow","max-snippet":"max-snippet:-1","max-image-preview":"max-image-preview:large","max-video-preview":"max-video-preview:-1"},"canonical":"https:\/\/www.4h.se\/hagelby\/ledare\/","og_locale":"sv_SE","og_type":"article","og_title":"Ledare med djur och barn - H\u00e5gelby 4H-g\u00e5rd","og_description":"Bli ledare p\u00e5 H\u00e5gelby 4H! Kurser fr\u00e5n 11 \u00e5r om ledarskap, djur och mer. Ledare i v\u00e5ra barngrupper och p\u00e5 l\u00e4ger, och egna aktiviteter.","og_url":"https:\/\/www.4h.se\/hagelby\/ledare\/","og_site_name":"H\u00e5gelby 4H-g\u00e5rd","article_modified_time":"2026-01-20T10:57:52+00:00","twitter_card":"summary_large_image","schema":{"@context":"https:\/\/schema.org","@graph":[{"@type":"WebPage","@id":"https:\/\/www.4h.se\/hagelby\/ledare\/","url":"https:\/\/www.4h.se\/hagelby\/ledare\/","name":"Ledare med djur och barn - H\u00e5gelby 4H-g\u00e5rd","isPartOf":{"@id":"https:\/\/www.4h.se\/hagelby\/#website"},"datePublished":"2016-11-25T08:15:30+00:00","dateModified":"2026-01-20T10:57:52+00:00","description":"Bli ledare p\u00e5 H\u00e5gelby 4H! Kurser fr\u00e5n 11 \u00e5r om ledarskap, djur och mer. Ledare i v\u00e5ra barngrupper och p\u00e5 l\u00e4ger, och egna aktiviteter.","breadcrumb":{"@id":"https:\/\/www.4h.se\/hagelby\/ledare\/#breadcrumb"},"inLanguage":"sv-SE","potentialAction":[{"@type":"ReadAction","target":["https:\/\/www.4h.se\/hagelby\/ledare\/"]}]},{"@type":"BreadcrumbList","@id":"https:\/\/www.4h.se\/hagelby\/ledare\/#breadcrumb","itemListElement":[{"@type":"ListItem","position":1,"name":"Hem","item":"https:\/\/www.4h.se\/hagelby\/"},{"@type":"ListItem","position":2,"name":"Ledare"}]},{"@type":"WebSite","@id":"https:\/\/www.4h.se\/hagelby\/#website","url":"https:\/\/www.4h.se\/hagelby\/","name":"H\u00e5gelby 4H-g\u00e5rd","description":"","potentialAction":[{"@type":"SearchAction","target":{"@type":"EntryPoint","urlTemplate":"https:\/\/www.4h.se\/hagelby\/?s={search_term_string}"},"query-input":{"@type":"PropertyValueSpecification","valueRequired":true,"valueName":"search_term_string"}}],"inLanguage":"sv-SE"}]}},"_links":{"self":[{"href":"https:\/\/www.4h.se\/hagelby\/wp-json\/wp\/v2\/pages\/433","targetHints":{"allow":["GET"]}}],"collection":[{"href":"https:\/\/www.4h.se\/hagelby\/wp-json\/wp\/v2\/pages"}],"about":[{"href":"https:\/\/www.4h.se\/hagelby\/wp-json\/wp\/v2\/types\/page"}],"author":[{"embeddable":true,"href":"https:\/\/www.4h.se\/hagelby\/wp-json\/wp\/v2\/users\/44"}],"replies":[{"embeddable":true,"href":"https:\/\/www.4h.se\/hagelby\/wp-json\/wp\/v2\/comments?post=433"}],"version-history":[{"count":0,"href":"https:\/\/www.4h.se\/hagelby\/wp-json\/wp\/v2\/pages\/433\/revisions"}],"wp:attachment":[{"href":"https:\/\/www.4h.se\/hagelby\/wp-json\/wp\/v2\/media?parent=433"}],"curies":[{"name":"wp","href":"https:\/\/api.w.org\/{rel}","templated":true}]}}