



{"id":428,"date":"2016-11-25T09:07:41","date_gmt":"2016-11-25T08:07:41","guid":{"rendered":"http:\/\/www.4h.se\/hagelby\/?page_id=428"},"modified":"2026-01-21T15:02:27","modified_gmt":"2026-01-21T14:02:27","slug":"personal","status":"publish","type":"page","link":"https:\/\/www.4h.se\/hagelby\/personal\/","title":{"rendered":"Personal"},"content":{"rendered":"<div class=\"wpb-content-wrapper\"><p>[vc_row full_width=&#8221;stretch_row&#8221; css=&#8221;.vc_custom_1708000780628{background-color: #008b44 !important;}&#8221;][vc_column][vc_row_inner css=&#8221;.vc_custom_1646839661060{margin-bottom: 30px !important;background-color: #ffffff !important;border-radius: 15px !important;}&#8221;][vc_column_inner][vc_column_text css=&#8221;&#8221;]<\/p>\n<h1 style=\"text-align: left;\">Personal<\/h1>\n<p>[\/vc_column_text][vc_separator color=&#8221;custom&#8221; style=&#8221;dotted&#8221; border_width=&#8221;5&#8243; accent_color=&#8221;#008b45&#8243;][vc_column_text css=&#8221;&#8221;]P\u00e5 g\u00e5rden arbetar just nu f\u00f6ljande personal:<\/p>\n<p>Anna- <strong>Verksamhetschef<\/strong><\/p>\n<p>Catta- <strong>Djuransvarig<\/strong> <strong>och bitr\u00e4dande verksamhetschef<\/strong><\/p>\n<p>Elin-&nbsp;<strong>4H-pedagog, administrat\u00f6r, ekonomi<\/strong><\/p>\n<p>Julia-&nbsp;<strong>4H-pedagog, administrat\u00f6r, APL-handledare<\/strong><\/p>\n<p>Annika- <strong>4H-pedagog, h\u00e4stansvarig<\/strong><\/p>\n<p>Linnea-&nbsp;<strong>4H-pedagog, APL-handledare<\/strong><\/p>\n<p>Erika-<strong> Verksamhetsutvecklare<\/strong>&nbsp;<strong>&nbsp;<\/strong><\/p>\n<p>&nbsp;<\/p>\n<p><strong>Kalasv\u00e4rdinnor<\/strong> &#8211; Bella, Filippa, Leah, Anita och Elin H<\/p>\n<p>&nbsp;[\/vc_column_text][\/vc_column_inner][\/vc_row_inner][\/vc_column][\/vc_row]<\/p>\n<\/div>","protected":false},"excerpt":{"rendered":"<p>[vc_row full_width=&#8221;stretch_row&#8221; css=&#8221;.vc_custom_1708000780628{background-color: #008b44 !important;}&#8221;][vc_column][vc_row_inner css=&#8221;.vc_custom_1646839661060{margin-bottom: 30px !important;background-color: #ffffff !important;border-radius: 15px !important;}&#8221;][vc_column_inner][vc_column_text css=&#8221;&#8221;] Personal [\/vc_column_text][vc_separator color=&#8221;custom&#8221; style=&#8221;dotted&#8221; border_width=&#8221;5&#8243; accent_color=&#8221;#008b45&#8243;][vc_column_text css=&#8221;&#8221;]P\u00e5 g\u00e5rden arbetar just nu f\u00f6ljande personal: Anna- Verksamhetschef Catta- Djuransvarig och bitr\u00e4dande verksamhetschef Elin-&nbsp;4H-pedagog, administrat\u00f6r, ekonomi Julia-&nbsp;4H-pedagog, administrat\u00f6r, APL-handledare Annika- 4H-pedagog, h\u00e4stansvarig Linnea-&nbsp;4H-pedagog, APL-handledare Erika- Verksamhetsutvecklare&nbsp;&nbsp; &nbsp; Kalasv\u00e4rdinnor &#8211; Bella, Filippa, Leah, Anita och Elin&nbsp; <a href=\"https:\/\/www.4h.se\/hagelby\/personal\/\">&hellip; Read more <i class=\"glyphicon glyphicon-arrow-right\"><\/i><\/a><\/p>\n","protected":false},"author":44,"featured_media":0,"parent":0,"menu_order":99,"comment_status":"closed","ping_status":"closed","template":"","meta":{"footnotes":""},"class_list":["post-428","page","type-page","status-publish","hentry"],"yoast_head":"<!-- This site is optimized with the Yoast SEO plugin v27.4 - https:\/\/yoast.com\/product\/yoast-seo-wordpress\/ -->\n<title>Personal - H\u00e5gelby 4H-g\u00e5rd<\/title>\n<meta name=\"description\" content=\"Personal p\u00e5 H\u00e5gelby 4H-g\u00e5rd\" \/>\n<meta name=\"robots\" content=\"index, follow, max-snippet:-1, max-image-preview:large, max-video-preview:-1\" \/>\n<link rel=\"canonical\" href=\"https:\/\/www.4h.se\/hagelby\/personal\/\" \/>\n<meta property=\"og:locale\" content=\"sv_SE\" \/>\n<meta property=\"og:type\" content=\"article\" \/>\n<meta property=\"og:title\" content=\"Personal - H\u00e5gelby 4H-g\u00e5rd\" \/>\n<meta property=\"og:description\" content=\"Personal p\u00e5 H\u00e5gelby 4H-g\u00e5rd\" \/>\n<meta property=\"og:url\" content=\"https:\/\/www.4h.se\/hagelby\/personal\/\" \/>\n<meta property=\"og:site_name\" content=\"H\u00e5gelby 4H-g\u00e5rd\" \/>\n<meta property=\"article:modified_time\" content=\"2026-01-21T14:02:27+00:00\" \/>\n<meta name=\"twitter:card\" content=\"summary_large_image\" \/>\n<meta name=\"twitter:label1\" content=\"Ber\u00e4knad l\u00e4stid\" \/>\n\t<meta name=\"twitter:data1\" content=\"1 minut\" \/>\n<script type=\"application\/ld+json\" class=\"yoast-schema-graph\">{\"@context\":\"https:\\\/\\\/schema.org\",\"@graph\":[{\"@type\":\"WebPage\",\"@id\":\"https:\\\/\\\/www.4h.se\\\/hagelby\\\/personal\\\/\",\"url\":\"https:\\\/\\\/www.4h.se\\\/hagelby\\\/personal\\\/\",\"name\":\"Personal - H\u00e5gelby 4H-g\u00e5rd\",\"isPartOf\":{\"@id\":\"https:\\\/\\\/www.4h.se\\\/hagelby\\\/#website\"},\"datePublished\":\"2016-11-25T08:07:41+00:00\",\"dateModified\":\"2026-01-21T14:02:27+00:00\",\"description\":\"Personal p\u00e5 H\u00e5gelby 4H-g\u00e5rd\",\"breadcrumb\":{\"@id\":\"https:\\\/\\\/www.4h.se\\\/hagelby\\\/personal\\\/#breadcrumb\"},\"inLanguage\":\"sv-SE\",\"potentialAction\":[{\"@type\":\"ReadAction\",\"target\":[\"https:\\\/\\\/www.4h.se\\\/hagelby\\\/personal\\\/\"]}]},{\"@type\":\"BreadcrumbList\",\"@id\":\"https:\\\/\\\/www.4h.se\\\/hagelby\\\/personal\\\/#breadcrumb\",\"itemListElement\":[{\"@type\":\"ListItem\",\"position\":1,\"name\":\"Hem\",\"item\":\"https:\\\/\\\/www.4h.se\\\/hagelby\\\/\"},{\"@type\":\"ListItem\",\"position\":2,\"name\":\"Personal\"}]},{\"@type\":\"WebSite\",\"@id\":\"https:\\\/\\\/www.4h.se\\\/hagelby\\\/#website\",\"url\":\"https:\\\/\\\/www.4h.se\\\/hagelby\\\/\",\"name\":\"H\u00e5gelby 4H-g\u00e5rd\",\"description\":\"\",\"potentialAction\":[{\"@type\":\"SearchAction\",\"target\":{\"@type\":\"EntryPoint\",\"urlTemplate\":\"https:\\\/\\\/www.4h.se\\\/hagelby\\\/?s={search_term_string}\"},\"query-input\":{\"@type\":\"PropertyValueSpecification\",\"valueRequired\":true,\"valueName\":\"search_term_string\"}}],\"inLanguage\":\"sv-SE\"}]}<\/script>\n<!-- \/ Yoast SEO plugin. -->","yoast_head_json":{"title":"Personal - H\u00e5gelby 4H-g\u00e5rd","description":"Personal p\u00e5 H\u00e5gelby 4H-g\u00e5rd","robots":{"index":"index","follow":"follow","max-snippet":"max-snippet:-1","max-image-preview":"max-image-preview:large","max-video-preview":"max-video-preview:-1"},"canonical":"https:\/\/www.4h.se\/hagelby\/personal\/","og_locale":"sv_SE","og_type":"article","og_title":"Personal - H\u00e5gelby 4H-g\u00e5rd","og_description":"Personal p\u00e5 H\u00e5gelby 4H-g\u00e5rd","og_url":"https:\/\/www.4h.se\/hagelby\/personal\/","og_site_name":"H\u00e5gelby 4H-g\u00e5rd","article_modified_time":"2026-01-21T14:02:27+00:00","twitter_card":"summary_large_image","twitter_misc":{"Ber\u00e4knad l\u00e4stid":"1 minut"},"schema":{"@context":"https:\/\/schema.org","@graph":[{"@type":"WebPage","@id":"https:\/\/www.4h.se\/hagelby\/personal\/","url":"https:\/\/www.4h.se\/hagelby\/personal\/","name":"Personal - H\u00e5gelby 4H-g\u00e5rd","isPartOf":{"@id":"https:\/\/www.4h.se\/hagelby\/#website"},"datePublished":"2016-11-25T08:07:41+00:00","dateModified":"2026-01-21T14:02:27+00:00","description":"Personal p\u00e5 H\u00e5gelby 4H-g\u00e5rd","breadcrumb":{"@id":"https:\/\/www.4h.se\/hagelby\/personal\/#breadcrumb"},"inLanguage":"sv-SE","potentialAction":[{"@type":"ReadAction","target":["https:\/\/www.4h.se\/hagelby\/personal\/"]}]},{"@type":"BreadcrumbList","@id":"https:\/\/www.4h.se\/hagelby\/personal\/#breadcrumb","itemListElement":[{"@type":"ListItem","position":1,"name":"Hem","item":"https:\/\/www.4h.se\/hagelby\/"},{"@type":"ListItem","position":2,"name":"Personal"}]},{"@type":"WebSite","@id":"https:\/\/www.4h.se\/hagelby\/#website","url":"https:\/\/www.4h.se\/hagelby\/","name":"H\u00e5gelby 4H-g\u00e5rd","description":"","potentialAction":[{"@type":"SearchAction","target":{"@type":"EntryPoint","urlTemplate":"https:\/\/www.4h.se\/hagelby\/?s={search_term_string}"},"query-input":{"@type":"PropertyValueSpecification","valueRequired":true,"valueName":"search_term_string"}}],"inLanguage":"sv-SE"}]}},"_links":{"self":[{"href":"https:\/\/www.4h.se\/hagelby\/wp-json\/wp\/v2\/pages\/428","targetHints":{"allow":["GET"]}}],"collection":[{"href":"https:\/\/www.4h.se\/hagelby\/wp-json\/wp\/v2\/pages"}],"about":[{"href":"https:\/\/www.4h.se\/hagelby\/wp-json\/wp\/v2\/types\/page"}],"author":[{"embeddable":true,"href":"https:\/\/www.4h.se\/hagelby\/wp-json\/wp\/v2\/users\/44"}],"replies":[{"embeddable":true,"href":"https:\/\/www.4h.se\/hagelby\/wp-json\/wp\/v2\/comments?post=428"}],"version-history":[{"count":0,"href":"https:\/\/www.4h.se\/hagelby\/wp-json\/wp\/v2\/pages\/428\/revisions"}],"wp:attachment":[{"href":"https:\/\/www.4h.se\/hagelby\/wp-json\/wp\/v2\/media?parent=428"}],"curies":[{"name":"wp","href":"https:\/\/api.w.org\/{rel}","templated":true}]}}