



{"id":358,"date":"2015-12-16T23:15:21","date_gmt":"2015-12-16T22:15:21","guid":{"rendered":"http:\/\/www.4h.se\/hagelby\/?page_id=358"},"modified":"2026-03-17T12:58:06","modified_gmt":"2026-03-17T11:58:06","slug":"styrelsemedlemmar","status":"publish","type":"page","link":"https:\/\/www.4h.se\/hagelby\/styrelsemedlemmar\/","title":{"rendered":"Styrelsemedlemmar"},"content":{"rendered":"<div class=\"wpb-content-wrapper\"><p>[vc_row full_width=&#8221;stretch_row&#8221; css=&#8221;.vc_custom_1712061299572{background-color: #008b44 !important;}&#8221;][vc_column][vc_row_inner css=&#8221;.vc_custom_1647420777772{margin-bottom: 30px !important;background-color: #ffffff !important;border-radius: 15px !important;}&#8221;][vc_column_inner width=&#8221;1\/3&#8243;][vc_column_text]<\/p>\n<h1 style=\"text-align: center\">Styrelse<\/h1>\n<p>&nbsp;[\/vc_column_text][vc_separator color=&#8221;custom&#8221; style=&#8221;dotted&#8221; border_width=&#8221;5&#8243; accent_color=&#8221;#008b45&#8243;][vc_column_text]<\/p>\n<h2><\/h2>\n<p>4H drivs med hj\u00e4lp av medlemmarna p\u00e5 ett demokratiskt vis. Varje \u00e5r\u00a0p\u00e5 \u00e5rsm\u00f6tet, vilket brukar h\u00e5llas i februari, v\u00e4ljer medlemmarna en styrelse f\u00f6r det kommande verksamhets\u00e5ret.<\/p>\n<p>Styrelsen best\u00e5r av b\u00e5de vuxna och ungdomsledare, samt en representant fr\u00e5n personalen. Vi har ungef\u00e4r 60% ungdomar i styrelsen.[\/vc_column_text][\/vc_column_inner][vc_column_inner width=&#8221;1\/3&#8243;][vc_column_text css=&#8221;.vc_custom_1773748460096{margin-top: 20px !important;}&#8221;]<strong>Ordf\u00f6rande-<\/strong> Sina Wahlman<\/p>\n<p><strong>Vice Ordf\u00f6rande-<\/strong> Isabella Berggren<\/p>\n<p><strong>Sekreterare-&nbsp;<\/strong>Annika Erneborg<\/p>\n<p><strong>Kass\u00f6r<\/strong>&#8211; Jessica Hellgren<\/p>\n<p><strong>Ledam\u00f6ter<\/strong><\/p>\n<p>Madeleine Parkeborn<\/p>\n<p>Eli Svaneflod<\/p>\n<p>Julia Wahlman<\/p>\n<p>Tilia Perbro<\/p>\n<p>Madelene Holmgren[\/vc_column_text][vc_separator color=&#8221;custom&#8221; style=&#8221;dotted&#8221; border_width=&#8221;5&#8243; accent_color=&#8221;#008b45&#8243;][vc_column_text css=&#8221;.vc_custom_1772638194205{margin-top: 15px !important;}&#8221;]<\/p>\n<p style=\"text-align: left;\"><strong>Revisorer<\/strong><\/p>\n<p style=\"text-align: left;\">Bo Klemets<\/p>\n<p style=\"text-align: left;\">Margaretha Ahlstr\u00f6m<\/p>\n<p><strong>Revisorsuppleant<\/strong><\/p>\n<p>Linnea Lindstr\u00f6m<\/p>\n<p>Therese Silfverduk[\/vc_column_text][\/vc_column_inner][vc_column_inner width=&#8221;1\/3&#8243;][vc_column_text css=&#8221;.vc_custom_1772638358877{margin-top: 15px !important;}&#8221;]<strong>Suppleanter<\/strong><\/p>\n<p>Mats S\u00f6derh\u00e4ll<\/p>\n<p>Sigrid Hellgren<\/p>\n<p>Esra Cigel<\/p>\n<p>Frida Sj\u00f6lund<\/p>\n<p>Elle Bjurstr\u00f6m<\/p>\n<p>Emmy Holmgren[\/vc_column_text][vc_separator color=&#8221;custom&#8221; style=&#8221;dotted&#8221; border_width=&#8221;5&#8243; accent_color=&#8221;#008b45&#8243;][vc_column_text css=&#8221;&#8221;]<strong>Valberedning<\/strong><\/p>\n<p>Felicia H\u00e4ggstr\u00f6m[\/vc_column_text][vc_single_image image=&#8221;933&#8243; img_size=&#8221;medium&#8221;][\/vc_column_inner][\/vc_row_inner][vc_column_text]<\/p>\n<h5><\/h5>\n<p>[\/vc_column_text][\/vc_column][\/vc_row]<\/p>\n<\/div>","protected":false},"excerpt":{"rendered":"<p>[vc_row full_width=&#8221;stretch_row&#8221; css=&#8221;.vc_custom_1712061299572{background-color: #008b44 !important;}&#8221;][vc_column][vc_row_inner css=&#8221;.vc_custom_1647420777772{margin-bottom: 30px !important;background-color: #ffffff !important;border-radius: 15px !important;}&#8221;][vc_column_inner width=&#8221;1\/3&#8243;][vc_column_text] Styrelse &nbsp;[\/vc_column_text][vc_separator color=&#8221;custom&#8221; style=&#8221;dotted&#8221; border_width=&#8221;5&#8243; accent_color=&#8221;#008b45&#8243;][vc_column_text] 4H drivs med hj\u00e4lp av medlemmarna p\u00e5 ett demokratiskt vis. Varje \u00e5r\u00a0p\u00e5 \u00e5rsm\u00f6tet, vilket brukar h\u00e5llas i februari, v\u00e4ljer medlemmarna en styrelse f\u00f6r det kommande verksamhets\u00e5ret. Styrelsen best\u00e5r av b\u00e5de vuxna och ungdomsledare, samt en representant&nbsp; <a href=\"https:\/\/www.4h.se\/hagelby\/styrelsemedlemmar\/\">&hellip; Read more <i class=\"glyphicon glyphicon-arrow-right\"><\/i><\/a><\/p>\n","protected":false},"author":36,"featured_media":0,"parent":0,"menu_order":118,"comment_status":"closed","ping_status":"closed","template":"","meta":{"_acf_changed":false,"footnotes":""},"class_list":["post-358","page","type-page","status-publish","hentry"],"acf":[],"yoast_head":"<!-- This site is optimized with the Yoast SEO plugin v27.5 - https:\/\/yoast.com\/product\/yoast-seo-wordpress\/ -->\n<title>Styrelsemedlemmar - H\u00e5gelby 4H-g\u00e5rd<\/title>\n<meta name=\"robots\" content=\"index, follow, max-snippet:-1, max-image-preview:large, max-video-preview:-1\" \/>\n<link rel=\"canonical\" href=\"https:\/\/www.4h.se\/hagelby\/styrelsemedlemmar\/\" \/>\n<meta property=\"og:locale\" content=\"sv_SE\" \/>\n<meta property=\"og:type\" content=\"article\" \/>\n<meta property=\"og:title\" content=\"Styrelsemedlemmar - H\u00e5gelby 4H-g\u00e5rd\" \/>\n<meta property=\"og:description\" content=\"[vc_row full_width=&#8221;stretch_row&#8221; css=&#8221;.vc_custom_1712061299572{background-color: #008b44 !important;}&#8221;][vc_column][vc_row_inner css=&#8221;.vc_custom_1647420777772{margin-bottom: 30px !important;background-color: #ffffff !important;border-radius: 15px !important;}&#8221;][vc_column_inner width=&#8221;1\/3&#8243;][vc_column_text] Styrelse &nbsp;[\/vc_column_text][vc_separator color=&#8221;custom&#8221; style=&#8221;dotted&#8221; border_width=&#8221;5&#8243; accent_color=&#8221;#008b45&#8243;][vc_column_text] 4H drivs med hj\u00e4lp av medlemmarna p\u00e5 ett demokratiskt vis. Varje \u00e5r\u00a0p\u00e5 \u00e5rsm\u00f6tet, vilket brukar h\u00e5llas i februari, v\u00e4ljer medlemmarna en styrelse f\u00f6r det kommande verksamhets\u00e5ret. Styrelsen best\u00e5r av b\u00e5de vuxna och ungdomsledare, samt en representant&nbsp; &hellip; Read more\" \/>\n<meta property=\"og:url\" content=\"https:\/\/www.4h.se\/hagelby\/styrelsemedlemmar\/\" \/>\n<meta property=\"og:site_name\" content=\"H\u00e5gelby 4H-g\u00e5rd\" \/>\n<meta property=\"article:modified_time\" content=\"2026-03-17T11:58:06+00:00\" \/>\n<meta name=\"twitter:card\" content=\"summary_large_image\" \/>\n<meta name=\"twitter:label1\" content=\"Ber\u00e4knad l\u00e4stid\" \/>\n\t<meta name=\"twitter:data1\" content=\"1 minut\" \/>\n<script type=\"application\/ld+json\" class=\"yoast-schema-graph\">{\"@context\":\"https:\\\/\\\/schema.org\",\"@graph\":[{\"@type\":\"WebPage\",\"@id\":\"https:\\\/\\\/www.4h.se\\\/hagelby\\\/styrelsemedlemmar\\\/\",\"url\":\"https:\\\/\\\/www.4h.se\\\/hagelby\\\/styrelsemedlemmar\\\/\",\"name\":\"Styrelsemedlemmar - H\u00e5gelby 4H-g\u00e5rd\",\"isPartOf\":{\"@id\":\"https:\\\/\\\/www.4h.se\\\/hagelby\\\/#website\"},\"datePublished\":\"2015-12-16T22:15:21+00:00\",\"dateModified\":\"2026-03-17T11:58:06+00:00\",\"breadcrumb\":{\"@id\":\"https:\\\/\\\/www.4h.se\\\/hagelby\\\/styrelsemedlemmar\\\/#breadcrumb\"},\"inLanguage\":\"sv-SE\",\"potentialAction\":[{\"@type\":\"ReadAction\",\"target\":[\"https:\\\/\\\/www.4h.se\\\/hagelby\\\/styrelsemedlemmar\\\/\"]}]},{\"@type\":\"BreadcrumbList\",\"@id\":\"https:\\\/\\\/www.4h.se\\\/hagelby\\\/styrelsemedlemmar\\\/#breadcrumb\",\"itemListElement\":[{\"@type\":\"ListItem\",\"position\":1,\"name\":\"Hem\",\"item\":\"https:\\\/\\\/www.4h.se\\\/hagelby\\\/\"},{\"@type\":\"ListItem\",\"position\":2,\"name\":\"Styrelsemedlemmar\"}]},{\"@type\":\"WebSite\",\"@id\":\"https:\\\/\\\/www.4h.se\\\/hagelby\\\/#website\",\"url\":\"https:\\\/\\\/www.4h.se\\\/hagelby\\\/\",\"name\":\"H\u00e5gelby 4H-g\u00e5rd\",\"description\":\"\",\"potentialAction\":[{\"@type\":\"SearchAction\",\"target\":{\"@type\":\"EntryPoint\",\"urlTemplate\":\"https:\\\/\\\/www.4h.se\\\/hagelby\\\/?s={search_term_string}\"},\"query-input\":{\"@type\":\"PropertyValueSpecification\",\"valueRequired\":true,\"valueName\":\"search_term_string\"}}],\"inLanguage\":\"sv-SE\"}]}<\/script>\n<!-- \/ Yoast SEO plugin. -->","yoast_head_json":{"title":"Styrelsemedlemmar - H\u00e5gelby 4H-g\u00e5rd","robots":{"index":"index","follow":"follow","max-snippet":"max-snippet:-1","max-image-preview":"max-image-preview:large","max-video-preview":"max-video-preview:-1"},"canonical":"https:\/\/www.4h.se\/hagelby\/styrelsemedlemmar\/","og_locale":"sv_SE","og_type":"article","og_title":"Styrelsemedlemmar - H\u00e5gelby 4H-g\u00e5rd","og_description":"[vc_row full_width=&#8221;stretch_row&#8221; css=&#8221;.vc_custom_1712061299572{background-color: #008b44 !important;}&#8221;][vc_column][vc_row_inner css=&#8221;.vc_custom_1647420777772{margin-bottom: 30px !important;background-color: #ffffff !important;border-radius: 15px !important;}&#8221;][vc_column_inner width=&#8221;1\/3&#8243;][vc_column_text] Styrelse &nbsp;[\/vc_column_text][vc_separator color=&#8221;custom&#8221; style=&#8221;dotted&#8221; border_width=&#8221;5&#8243; accent_color=&#8221;#008b45&#8243;][vc_column_text] 4H drivs med hj\u00e4lp av medlemmarna p\u00e5 ett demokratiskt vis. Varje \u00e5r\u00a0p\u00e5 \u00e5rsm\u00f6tet, vilket brukar h\u00e5llas i februari, v\u00e4ljer medlemmarna en styrelse f\u00f6r det kommande verksamhets\u00e5ret. Styrelsen best\u00e5r av b\u00e5de vuxna och ungdomsledare, samt en representant&nbsp; &hellip; Read more","og_url":"https:\/\/www.4h.se\/hagelby\/styrelsemedlemmar\/","og_site_name":"H\u00e5gelby 4H-g\u00e5rd","article_modified_time":"2026-03-17T11:58:06+00:00","twitter_card":"summary_large_image","twitter_misc":{"Ber\u00e4knad l\u00e4stid":"1 minut"},"schema":{"@context":"https:\/\/schema.org","@graph":[{"@type":"WebPage","@id":"https:\/\/www.4h.se\/hagelby\/styrelsemedlemmar\/","url":"https:\/\/www.4h.se\/hagelby\/styrelsemedlemmar\/","name":"Styrelsemedlemmar - H\u00e5gelby 4H-g\u00e5rd","isPartOf":{"@id":"https:\/\/www.4h.se\/hagelby\/#website"},"datePublished":"2015-12-16T22:15:21+00:00","dateModified":"2026-03-17T11:58:06+00:00","breadcrumb":{"@id":"https:\/\/www.4h.se\/hagelby\/styrelsemedlemmar\/#breadcrumb"},"inLanguage":"sv-SE","potentialAction":[{"@type":"ReadAction","target":["https:\/\/www.4h.se\/hagelby\/styrelsemedlemmar\/"]}]},{"@type":"BreadcrumbList","@id":"https:\/\/www.4h.se\/hagelby\/styrelsemedlemmar\/#breadcrumb","itemListElement":[{"@type":"ListItem","position":1,"name":"Hem","item":"https:\/\/www.4h.se\/hagelby\/"},{"@type":"ListItem","position":2,"name":"Styrelsemedlemmar"}]},{"@type":"WebSite","@id":"https:\/\/www.4h.se\/hagelby\/#website","url":"https:\/\/www.4h.se\/hagelby\/","name":"H\u00e5gelby 4H-g\u00e5rd","description":"","potentialAction":[{"@type":"SearchAction","target":{"@type":"EntryPoint","urlTemplate":"https:\/\/www.4h.se\/hagelby\/?s={search_term_string}"},"query-input":{"@type":"PropertyValueSpecification","valueRequired":true,"valueName":"search_term_string"}}],"inLanguage":"sv-SE"}]}},"_links":{"self":[{"href":"https:\/\/www.4h.se\/hagelby\/wp-json\/wp\/v2\/pages\/358","targetHints":{"allow":["GET"]}}],"collection":[{"href":"https:\/\/www.4h.se\/hagelby\/wp-json\/wp\/v2\/pages"}],"about":[{"href":"https:\/\/www.4h.se\/hagelby\/wp-json\/wp\/v2\/types\/page"}],"author":[{"embeddable":true,"href":"https:\/\/www.4h.se\/hagelby\/wp-json\/wp\/v2\/users\/36"}],"replies":[{"embeddable":true,"href":"https:\/\/www.4h.se\/hagelby\/wp-json\/wp\/v2\/comments?post=358"}],"version-history":[{"count":0,"href":"https:\/\/www.4h.se\/hagelby\/wp-json\/wp\/v2\/pages\/358\/revisions"}],"wp:attachment":[{"href":"https:\/\/www.4h.se\/hagelby\/wp-json\/wp\/v2\/media?parent=358"}],"curies":[{"name":"wp","href":"https:\/\/api.w.org\/{rel}","templated":true}]}}