



{"id":355,"date":"2015-12-16T23:13:52","date_gmt":"2015-12-16T22:13:52","guid":{"rendered":"http:\/\/www.4h.se\/hagelby\/?page_id=355"},"modified":"2026-02-05T09:45:27","modified_gmt":"2026-02-05T08:45:27","slug":"hitta-hit","status":"publish","type":"page","link":"https:\/\/www.4h.se\/hagelby\/hitta-hit\/","title":{"rendered":"Hitta hit"},"content":{"rendered":"<div class=\"wpb-content-wrapper\"><p>[vc_row full_width=&#8221;stretch_row&#8221; css=&#8221;.vc_custom_1708001292866{background-color: #008b44 !important;}&#8221;][vc_column][vc_row_inner css=&#8221;.vc_custom_1646839661060{margin-bottom: 30px !important;background-color: #ffffff !important;border-radius: 15px !important;}&#8221;][vc_column_inner width=&#8221;2\/3&#8243;][vc_column_text]<\/p>\n<h1 style=\"text-align: center\">Hitta hit<\/h1>\n<p>[\/vc_column_text][vc_separator color=&#8221;custom&#8221; style=&#8221;dotted&#8221; border_width=&#8221;5&#8243; accent_color=&#8221;#008b45&#8243;][vc_column_text css=&#8221;&#8221;]H\u00e5gelby 4H ligger i H\u00e5gelbyparken, l\u00e4ngs med H\u00e5gelbyleden i Botkyrka.<\/p>\n<p><a title=\"Kartor\" href=\"https:\/\/www.4h.se\/hagelby\/kartor\/\">Genom att klicka h\u00e4r hittar du&nbsp;vilka hagar djuren oftast \u00e4r i.&nbsp;<\/a><\/p>\n<p>V\u00e5rt klubbhus, \u00c4ngshuset ligger p\u00e5 adress Skr\u00e4vsta g\u00e5rdsv\u00e4g 3A<\/p>\n<h3>Med bil<\/h3>\n<p>E4\/E20 norr- eller s\u00f6derg\u00e5ende&nbsp;tar du av vid avfarten mot Tumba, v\u00e4g 258, H\u00e5gelbyleden.<\/p>\n<p>Via&nbsp;Huddinge\/V\u00e5rsta, v\u00e4g 226, f\u00f6lj E4-skyltningen fr\u00e5n Tumba l\u00e4ngs H\u00e5gelbyleden.<\/p>\n<p>Det finns parkering vid huvudentr\u00e9n samt bredvid parken.<\/p>\n<p><a title=\"http:\/\/kartor.eniro.se\/m\/9NasX\" href=\"http:\/\/kartor.eniro.se\/m\/9NasX\" target=\"_blank\" rel=\"noopener\">Karta<\/a><\/p>\n<h3>Med SL<\/h3>\n<p>Med SL kommer du till oss med buss. Antingen fr\u00e5n Tumba Station eller Alby (Lagmansbacken). Det tar ca 5-10 min att n\u00e5 samlingsplatsen fr\u00e5n bussh\u00e5llplatsen.<\/p>\n<h4>Fr\u00e5n Tumba<\/h4>\n<p>Buss 707 mot Fru\u00e4ngen, 708 mot R\u00f6nninge station\/Hallunda centrum, 737 mot Sk\u00e4rholmen eller buss 738 mot Norsborg.<\/p>\n<p>G\u00e5 av vid H\u00e5gelby<\/p>\n<h4>Fr\u00e5n Alby<\/h4>\n<p>Buss 707 mot Tumba station, 708 mot Tumba station eller 737 mot Tumba station.<\/p>\n<p>G\u00e5 av vid H\u00e5gelby<\/p>\n<p>&nbsp;<\/p>\n<p>Det finns \u00e4ven g\u00e5ng och cykelv\u00e4g fr\u00e5n Tumba och Alby.[\/vc_column_text][\/vc_column_inner][vc_column_inner width=&#8221;1\/3&#8243;][vc_single_image image=&#8221;398&#8243; img_size=&#8221;medium&#8221; css=&#8221;.vc_custom_1647431007660{margin-top: 150px !important;}&#8221;][\/vc_column_inner][\/vc_row_inner][\/vc_column][\/vc_row]<\/p>\n<\/div>","protected":false},"excerpt":{"rendered":"<p>[vc_row full_width=&#8221;stretch_row&#8221; css=&#8221;.vc_custom_1708001292866{background-color: #008b44 !important;}&#8221;][vc_column][vc_row_inner css=&#8221;.vc_custom_1646839661060{margin-bottom: 30px !important;background-color: #ffffff !important;border-radius: 15px !important;}&#8221;][vc_column_inner width=&#8221;2\/3&#8243;][vc_column_text] Hitta hit [\/vc_column_text][vc_separator color=&#8221;custom&#8221; style=&#8221;dotted&#8221; border_width=&#8221;5&#8243; accent_color=&#8221;#008b45&#8243;][vc_column_text css=&#8221;&#8221;]H\u00e5gelby 4H ligger i H\u00e5gelbyparken, l\u00e4ngs med H\u00e5gelbyleden i Botkyrka. Genom att klicka h\u00e4r hittar du&nbsp;vilka hagar djuren oftast \u00e4r i.&nbsp; V\u00e5rt klubbhus, \u00c4ngshuset ligger p\u00e5 adress Skr\u00e4vsta g\u00e5rdsv\u00e4g 3A Med bil E4\/E20 norr- eller&nbsp; <a href=\"https:\/\/www.4h.se\/hagelby\/hitta-hit\/\">&hellip; Read more <i class=\"glyphicon glyphicon-arrow-right\"><\/i><\/a><\/p>\n","protected":false},"author":36,"featured_media":0,"parent":0,"menu_order":119,"comment_status":"closed","ping_status":"closed","template":"","meta":{"_acf_changed":false,"footnotes":""},"class_list":["post-355","page","type-page","status-publish","hentry"],"acf":[],"yoast_head":"<!-- This site is optimized with the Yoast SEO plugin v27.5 - https:\/\/yoast.com\/product\/yoast-seo-wordpress\/ -->\n<title>Hitta hit - H\u00e5gelby 4H-g\u00e5rd<\/title>\n<meta name=\"robots\" content=\"index, follow, max-snippet:-1, max-image-preview:large, max-video-preview:-1\" \/>\n<link rel=\"canonical\" href=\"https:\/\/www.4h.se\/hagelby\/hitta-hit\/\" \/>\n<meta property=\"og:locale\" content=\"sv_SE\" \/>\n<meta property=\"og:type\" content=\"article\" \/>\n<meta property=\"og:title\" content=\"Hitta hit - H\u00e5gelby 4H-g\u00e5rd\" \/>\n<meta property=\"og:description\" content=\"[vc_row full_width=&#8221;stretch_row&#8221; css=&#8221;.vc_custom_1708001292866{background-color: #008b44 !important;}&#8221;][vc_column][vc_row_inner css=&#8221;.vc_custom_1646839661060{margin-bottom: 30px !important;background-color: #ffffff !important;border-radius: 15px !important;}&#8221;][vc_column_inner width=&#8221;2\/3&#8243;][vc_column_text] Hitta hit [\/vc_column_text][vc_separator color=&#8221;custom&#8221; style=&#8221;dotted&#8221; border_width=&#8221;5&#8243; accent_color=&#8221;#008b45&#8243;][vc_column_text css=&#8221;&#8221;]H\u00e5gelby 4H ligger i H\u00e5gelbyparken, l\u00e4ngs med H\u00e5gelbyleden i Botkyrka. Genom att klicka h\u00e4r hittar du&nbsp;vilka hagar djuren oftast \u00e4r i.&nbsp; V\u00e5rt klubbhus, \u00c4ngshuset ligger p\u00e5 adress Skr\u00e4vsta g\u00e5rdsv\u00e4g 3A Med bil E4\/E20 norr- eller&nbsp; &hellip; Read more\" \/>\n<meta property=\"og:url\" content=\"https:\/\/www.4h.se\/hagelby\/hitta-hit\/\" \/>\n<meta property=\"og:site_name\" content=\"H\u00e5gelby 4H-g\u00e5rd\" \/>\n<meta property=\"article:modified_time\" content=\"2026-02-05T08:45:27+00:00\" \/>\n<meta name=\"twitter:card\" content=\"summary_large_image\" \/>\n<meta name=\"twitter:label1\" content=\"Ber\u00e4knad l\u00e4stid\" \/>\n\t<meta name=\"twitter:data1\" content=\"1 minut\" \/>\n<script type=\"application\/ld+json\" class=\"yoast-schema-graph\">{\"@context\":\"https:\\\/\\\/schema.org\",\"@graph\":[{\"@type\":\"WebPage\",\"@id\":\"https:\\\/\\\/www.4h.se\\\/hagelby\\\/hitta-hit\\\/\",\"url\":\"https:\\\/\\\/www.4h.se\\\/hagelby\\\/hitta-hit\\\/\",\"name\":\"Hitta hit - H\u00e5gelby 4H-g\u00e5rd\",\"isPartOf\":{\"@id\":\"https:\\\/\\\/www.4h.se\\\/hagelby\\\/#website\"},\"datePublished\":\"2015-12-16T22:13:52+00:00\",\"dateModified\":\"2026-02-05T08:45:27+00:00\",\"breadcrumb\":{\"@id\":\"https:\\\/\\\/www.4h.se\\\/hagelby\\\/hitta-hit\\\/#breadcrumb\"},\"inLanguage\":\"sv-SE\",\"potentialAction\":[{\"@type\":\"ReadAction\",\"target\":[\"https:\\\/\\\/www.4h.se\\\/hagelby\\\/hitta-hit\\\/\"]}]},{\"@type\":\"BreadcrumbList\",\"@id\":\"https:\\\/\\\/www.4h.se\\\/hagelby\\\/hitta-hit\\\/#breadcrumb\",\"itemListElement\":[{\"@type\":\"ListItem\",\"position\":1,\"name\":\"Hem\",\"item\":\"https:\\\/\\\/www.4h.se\\\/hagelby\\\/\"},{\"@type\":\"ListItem\",\"position\":2,\"name\":\"Hitta hit\"}]},{\"@type\":\"WebSite\",\"@id\":\"https:\\\/\\\/www.4h.se\\\/hagelby\\\/#website\",\"url\":\"https:\\\/\\\/www.4h.se\\\/hagelby\\\/\",\"name\":\"H\u00e5gelby 4H-g\u00e5rd\",\"description\":\"\",\"potentialAction\":[{\"@type\":\"SearchAction\",\"target\":{\"@type\":\"EntryPoint\",\"urlTemplate\":\"https:\\\/\\\/www.4h.se\\\/hagelby\\\/?s={search_term_string}\"},\"query-input\":{\"@type\":\"PropertyValueSpecification\",\"valueRequired\":true,\"valueName\":\"search_term_string\"}}],\"inLanguage\":\"sv-SE\"}]}<\/script>\n<!-- \/ Yoast SEO plugin. -->","yoast_head_json":{"title":"Hitta hit - H\u00e5gelby 4H-g\u00e5rd","robots":{"index":"index","follow":"follow","max-snippet":"max-snippet:-1","max-image-preview":"max-image-preview:large","max-video-preview":"max-video-preview:-1"},"canonical":"https:\/\/www.4h.se\/hagelby\/hitta-hit\/","og_locale":"sv_SE","og_type":"article","og_title":"Hitta hit - H\u00e5gelby 4H-g\u00e5rd","og_description":"[vc_row full_width=&#8221;stretch_row&#8221; css=&#8221;.vc_custom_1708001292866{background-color: #008b44 !important;}&#8221;][vc_column][vc_row_inner css=&#8221;.vc_custom_1646839661060{margin-bottom: 30px !important;background-color: #ffffff !important;border-radius: 15px !important;}&#8221;][vc_column_inner width=&#8221;2\/3&#8243;][vc_column_text] Hitta hit [\/vc_column_text][vc_separator color=&#8221;custom&#8221; style=&#8221;dotted&#8221; border_width=&#8221;5&#8243; accent_color=&#8221;#008b45&#8243;][vc_column_text css=&#8221;&#8221;]H\u00e5gelby 4H ligger i H\u00e5gelbyparken, l\u00e4ngs med H\u00e5gelbyleden i Botkyrka. Genom att klicka h\u00e4r hittar du&nbsp;vilka hagar djuren oftast \u00e4r i.&nbsp; V\u00e5rt klubbhus, \u00c4ngshuset ligger p\u00e5 adress Skr\u00e4vsta g\u00e5rdsv\u00e4g 3A Med bil E4\/E20 norr- eller&nbsp; &hellip; Read more","og_url":"https:\/\/www.4h.se\/hagelby\/hitta-hit\/","og_site_name":"H\u00e5gelby 4H-g\u00e5rd","article_modified_time":"2026-02-05T08:45:27+00:00","twitter_card":"summary_large_image","twitter_misc":{"Ber\u00e4knad l\u00e4stid":"1 minut"},"schema":{"@context":"https:\/\/schema.org","@graph":[{"@type":"WebPage","@id":"https:\/\/www.4h.se\/hagelby\/hitta-hit\/","url":"https:\/\/www.4h.se\/hagelby\/hitta-hit\/","name":"Hitta hit - H\u00e5gelby 4H-g\u00e5rd","isPartOf":{"@id":"https:\/\/www.4h.se\/hagelby\/#website"},"datePublished":"2015-12-16T22:13:52+00:00","dateModified":"2026-02-05T08:45:27+00:00","breadcrumb":{"@id":"https:\/\/www.4h.se\/hagelby\/hitta-hit\/#breadcrumb"},"inLanguage":"sv-SE","potentialAction":[{"@type":"ReadAction","target":["https:\/\/www.4h.se\/hagelby\/hitta-hit\/"]}]},{"@type":"BreadcrumbList","@id":"https:\/\/www.4h.se\/hagelby\/hitta-hit\/#breadcrumb","itemListElement":[{"@type":"ListItem","position":1,"name":"Hem","item":"https:\/\/www.4h.se\/hagelby\/"},{"@type":"ListItem","position":2,"name":"Hitta hit"}]},{"@type":"WebSite","@id":"https:\/\/www.4h.se\/hagelby\/#website","url":"https:\/\/www.4h.se\/hagelby\/","name":"H\u00e5gelby 4H-g\u00e5rd","description":"","potentialAction":[{"@type":"SearchAction","target":{"@type":"EntryPoint","urlTemplate":"https:\/\/www.4h.se\/hagelby\/?s={search_term_string}"},"query-input":{"@type":"PropertyValueSpecification","valueRequired":true,"valueName":"search_term_string"}}],"inLanguage":"sv-SE"}]}},"_links":{"self":[{"href":"https:\/\/www.4h.se\/hagelby\/wp-json\/wp\/v2\/pages\/355","targetHints":{"allow":["GET"]}}],"collection":[{"href":"https:\/\/www.4h.se\/hagelby\/wp-json\/wp\/v2\/pages"}],"about":[{"href":"https:\/\/www.4h.se\/hagelby\/wp-json\/wp\/v2\/types\/page"}],"author":[{"embeddable":true,"href":"https:\/\/www.4h.se\/hagelby\/wp-json\/wp\/v2\/users\/36"}],"replies":[{"embeddable":true,"href":"https:\/\/www.4h.se\/hagelby\/wp-json\/wp\/v2\/comments?post=355"}],"version-history":[{"count":0,"href":"https:\/\/www.4h.se\/hagelby\/wp-json\/wp\/v2\/pages\/355\/revisions"}],"wp:attachment":[{"href":"https:\/\/www.4h.se\/hagelby\/wp-json\/wp\/v2\/media?parent=355"}],"curies":[{"name":"wp","href":"https:\/\/api.w.org\/{rel}","templated":true}]}}