



{"id":1869,"date":"2026-04-23T08:42:55","date_gmt":"2026-04-23T06:42:55","guid":{"rendered":"https:\/\/www.4h.se\/hagelby\/?page_id=1869"},"modified":"2026-04-27T12:50:05","modified_gmt":"2026-04-27T10:50:05","slug":"djurens-fodelsedagskalas","status":"publish","type":"page","link":"https:\/\/www.4h.se\/hagelby\/djurens-fodelsedagskalas\/","title":{"rendered":"Djurens f\u00f6delsedagskalas"},"content":{"rendered":"<div class=\"wpb-content-wrapper\"><p>[vc_row full_width=&#8221;stretch_row&#8221; css=&#8221;.vc_custom_1776926670695{margin-top: -110px !important;background-color: #008B44 !important;}&#8221;][vc_column][vc_single_image image=&#8221;1876&#8243; img_size=&#8221;full&#8221; css=&#8221;&#8221;][\/vc_column][vc_column css=&#8221;.vc_custom_1776930465205{background-color: #FFFFFF !important;border-radius: 15px !important;}&#8221;][vc_column_text css=&#8221;&#8221;]<\/p>\n<h1 style=\"text-align: center;\">V\u00e4lkommen p\u00e5 kalas f\u00f6r djuren!<\/h1>\n<h2 style=\"text-align: center;\">Mer info kommer snart!<\/h2>\n<p>&nbsp;[\/vc_column_text][vc_column_text css=&#8221;&#8221;]<\/p>\n<h3>Kalasprogram<\/h3>\n<p>Fika med muffins, chokladboll samt saft\/kaffe<\/p>\n<p>Disco<\/p>\n<p>Pyssel<\/p>\n<p>Klapphage med f\u00e5ren och getterna<\/p>\n<p>K\u00e4pph\u00e4sthoppning<\/p>\n<p>Ta bild tillsammans med en h\u00e4st<\/p>\n<p>H\u00e4lsa p\u00e5 en h\u00f6na<\/p>\n<p>Kostnad: 60 kr\/barn, 30 kr\/vuxen[\/vc_column_text][\/vc_column][vc_column][\/vc_column][\/vc_row]<\/p>\n<\/div>","protected":false},"excerpt":{"rendered":"<p>[vc_row full_width=&#8221;stretch_row&#8221; css=&#8221;.vc_custom_1776926670695{margin-top: -110px !important;background-color: #008B44 !important;}&#8221;][vc_column][vc_single_image image=&#8221;1876&#8243; img_size=&#8221;full&#8221; css=&#8221;&#8221;][\/vc_column][vc_column css=&#8221;.vc_custom_1776930465205{background-color: #FFFFFF !important;border-radius: 15px !important;}&#8221;][vc_column_text css=&#8221;&#8221;] V\u00e4lkommen p\u00e5 kalas f\u00f6r djuren! Mer info kommer snart! &nbsp;[\/vc_column_text][vc_column_text css=&#8221;&#8221;] Kalasprogram Fika med muffins, chokladboll samt saft\/kaffe Disco Pyssel Klapphage med f\u00e5ren och getterna K\u00e4pph\u00e4sthoppning Ta bild tillsammans med en h\u00e4st H\u00e4lsa p\u00e5 en h\u00f6na Kostnad: 60 kr\/barn,&nbsp; <a href=\"https:\/\/www.4h.se\/hagelby\/djurens-fodelsedagskalas\/\">&hellip; Read more <i class=\"glyphicon glyphicon-arrow-right\"><\/i><\/a><\/p>\n","protected":false},"author":44,"featured_media":0,"parent":0,"menu_order":0,"comment_status":"closed","ping_status":"closed","template":"","meta":{"_acf_changed":false,"footnotes":""},"class_list":["post-1869","page","type-page","status-publish","hentry"],"acf":[],"yoast_head":"<!-- This site is optimized with the Yoast SEO plugin v27.4 - https:\/\/yoast.com\/product\/yoast-seo-wordpress\/ -->\n<title>Djurens f\u00f6delsedagskalas - H\u00e5gelby 4H-g\u00e5rd<\/title>\n<meta name=\"description\" content=\"Djuren p\u00e5 H\u00e5gelby 4H-g\u00e5rd bjuder in dig till sitt f\u00f6delsedagskalas. Fredagen den 29 maj kl. 15.30-17.30. Boka din plats redan idag.\" \/>\n<meta name=\"robots\" content=\"index, follow, max-snippet:-1, max-image-preview:large, max-video-preview:-1\" \/>\n<link rel=\"canonical\" href=\"https:\/\/www.4h.se\/hagelby\/djurens-fodelsedagskalas\/\" \/>\n<meta property=\"og:locale\" content=\"sv_SE\" \/>\n<meta property=\"og:type\" content=\"article\" \/>\n<meta property=\"og:title\" content=\"Djurens f\u00f6delsedagskalas - H\u00e5gelby 4H-g\u00e5rd\" \/>\n<meta property=\"og:description\" content=\"Djuren p\u00e5 H\u00e5gelby 4H-g\u00e5rd bjuder in dig till sitt f\u00f6delsedagskalas. Fredagen den 29 maj kl. 15.30-17.30. Boka din plats redan idag.\" \/>\n<meta property=\"og:url\" content=\"https:\/\/www.4h.se\/hagelby\/djurens-fodelsedagskalas\/\" \/>\n<meta property=\"og:site_name\" content=\"H\u00e5gelby 4H-g\u00e5rd\" \/>\n<meta property=\"article:modified_time\" content=\"2026-04-27T10:50:05+00:00\" \/>\n<meta name=\"twitter:card\" content=\"summary_large_image\" \/>\n<script type=\"application\/ld+json\" class=\"yoast-schema-graph\">{\"@context\":\"https:\\\/\\\/schema.org\",\"@graph\":[{\"@type\":\"WebPage\",\"@id\":\"https:\\\/\\\/www.4h.se\\\/hagelby\\\/djurens-fodelsedagskalas\\\/\",\"url\":\"https:\\\/\\\/www.4h.se\\\/hagelby\\\/djurens-fodelsedagskalas\\\/\",\"name\":\"Djurens f\u00f6delsedagskalas - H\u00e5gelby 4H-g\u00e5rd\",\"isPartOf\":{\"@id\":\"https:\\\/\\\/www.4h.se\\\/hagelby\\\/#website\"},\"datePublished\":\"2026-04-23T06:42:55+00:00\",\"dateModified\":\"2026-04-27T10:50:05+00:00\",\"description\":\"Djuren p\u00e5 H\u00e5gelby 4H-g\u00e5rd bjuder in dig till sitt f\u00f6delsedagskalas. Fredagen den 29 maj kl. 15.30-17.30. Boka din plats redan idag.\",\"breadcrumb\":{\"@id\":\"https:\\\/\\\/www.4h.se\\\/hagelby\\\/djurens-fodelsedagskalas\\\/#breadcrumb\"},\"inLanguage\":\"sv-SE\",\"potentialAction\":[{\"@type\":\"ReadAction\",\"target\":[\"https:\\\/\\\/www.4h.se\\\/hagelby\\\/djurens-fodelsedagskalas\\\/\"]}]},{\"@type\":\"BreadcrumbList\",\"@id\":\"https:\\\/\\\/www.4h.se\\\/hagelby\\\/djurens-fodelsedagskalas\\\/#breadcrumb\",\"itemListElement\":[{\"@type\":\"ListItem\",\"position\":1,\"name\":\"Hem\",\"item\":\"https:\\\/\\\/www.4h.se\\\/hagelby\\\/\"},{\"@type\":\"ListItem\",\"position\":2,\"name\":\"Djurens f\u00f6delsedagskalas\"}]},{\"@type\":\"WebSite\",\"@id\":\"https:\\\/\\\/www.4h.se\\\/hagelby\\\/#website\",\"url\":\"https:\\\/\\\/www.4h.se\\\/hagelby\\\/\",\"name\":\"H\u00e5gelby 4H-g\u00e5rd\",\"description\":\"\",\"potentialAction\":[{\"@type\":\"SearchAction\",\"target\":{\"@type\":\"EntryPoint\",\"urlTemplate\":\"https:\\\/\\\/www.4h.se\\\/hagelby\\\/?s={search_term_string}\"},\"query-input\":{\"@type\":\"PropertyValueSpecification\",\"valueRequired\":true,\"valueName\":\"search_term_string\"}}],\"inLanguage\":\"sv-SE\"}]}<\/script>\n<!-- \/ Yoast SEO plugin. -->","yoast_head_json":{"title":"Djurens f\u00f6delsedagskalas - H\u00e5gelby 4H-g\u00e5rd","description":"Djuren p\u00e5 H\u00e5gelby 4H-g\u00e5rd bjuder in dig till sitt f\u00f6delsedagskalas. Fredagen den 29 maj kl. 15.30-17.30. Boka din plats redan idag.","robots":{"index":"index","follow":"follow","max-snippet":"max-snippet:-1","max-image-preview":"max-image-preview:large","max-video-preview":"max-video-preview:-1"},"canonical":"https:\/\/www.4h.se\/hagelby\/djurens-fodelsedagskalas\/","og_locale":"sv_SE","og_type":"article","og_title":"Djurens f\u00f6delsedagskalas - H\u00e5gelby 4H-g\u00e5rd","og_description":"Djuren p\u00e5 H\u00e5gelby 4H-g\u00e5rd bjuder in dig till sitt f\u00f6delsedagskalas. Fredagen den 29 maj kl. 15.30-17.30. Boka din plats redan idag.","og_url":"https:\/\/www.4h.se\/hagelby\/djurens-fodelsedagskalas\/","og_site_name":"H\u00e5gelby 4H-g\u00e5rd","article_modified_time":"2026-04-27T10:50:05+00:00","twitter_card":"summary_large_image","schema":{"@context":"https:\/\/schema.org","@graph":[{"@type":"WebPage","@id":"https:\/\/www.4h.se\/hagelby\/djurens-fodelsedagskalas\/","url":"https:\/\/www.4h.se\/hagelby\/djurens-fodelsedagskalas\/","name":"Djurens f\u00f6delsedagskalas - H\u00e5gelby 4H-g\u00e5rd","isPartOf":{"@id":"https:\/\/www.4h.se\/hagelby\/#website"},"datePublished":"2026-04-23T06:42:55+00:00","dateModified":"2026-04-27T10:50:05+00:00","description":"Djuren p\u00e5 H\u00e5gelby 4H-g\u00e5rd bjuder in dig till sitt f\u00f6delsedagskalas. Fredagen den 29 maj kl. 15.30-17.30. Boka din plats redan idag.","breadcrumb":{"@id":"https:\/\/www.4h.se\/hagelby\/djurens-fodelsedagskalas\/#breadcrumb"},"inLanguage":"sv-SE","potentialAction":[{"@type":"ReadAction","target":["https:\/\/www.4h.se\/hagelby\/djurens-fodelsedagskalas\/"]}]},{"@type":"BreadcrumbList","@id":"https:\/\/www.4h.se\/hagelby\/djurens-fodelsedagskalas\/#breadcrumb","itemListElement":[{"@type":"ListItem","position":1,"name":"Hem","item":"https:\/\/www.4h.se\/hagelby\/"},{"@type":"ListItem","position":2,"name":"Djurens f\u00f6delsedagskalas"}]},{"@type":"WebSite","@id":"https:\/\/www.4h.se\/hagelby\/#website","url":"https:\/\/www.4h.se\/hagelby\/","name":"H\u00e5gelby 4H-g\u00e5rd","description":"","potentialAction":[{"@type":"SearchAction","target":{"@type":"EntryPoint","urlTemplate":"https:\/\/www.4h.se\/hagelby\/?s={search_term_string}"},"query-input":{"@type":"PropertyValueSpecification","valueRequired":true,"valueName":"search_term_string"}}],"inLanguage":"sv-SE"}]}},"_links":{"self":[{"href":"https:\/\/www.4h.se\/hagelby\/wp-json\/wp\/v2\/pages\/1869","targetHints":{"allow":["GET"]}}],"collection":[{"href":"https:\/\/www.4h.se\/hagelby\/wp-json\/wp\/v2\/pages"}],"about":[{"href":"https:\/\/www.4h.se\/hagelby\/wp-json\/wp\/v2\/types\/page"}],"author":[{"embeddable":true,"href":"https:\/\/www.4h.se\/hagelby\/wp-json\/wp\/v2\/users\/44"}],"replies":[{"embeddable":true,"href":"https:\/\/www.4h.se\/hagelby\/wp-json\/wp\/v2\/comments?post=1869"}],"version-history":[{"count":0,"href":"https:\/\/www.4h.se\/hagelby\/wp-json\/wp\/v2\/pages\/1869\/revisions"}],"wp:attachment":[{"href":"https:\/\/www.4h.se\/hagelby\/wp-json\/wp\/v2\/media?parent=1869"}],"curies":[{"name":"wp","href":"https:\/\/api.w.org\/{rel}","templated":true}]}}