



{"id":1857,"date":"2026-03-18T15:40:57","date_gmt":"2026-03-18T14:40:57","guid":{"rendered":"https:\/\/www.4h.se\/hagelby\/?page_id=1857"},"modified":"2026-03-18T16:01:56","modified_gmt":"2026-03-18T15:01:56","slug":"lammbesok","status":"publish","type":"page","link":"https:\/\/www.4h.se\/hagelby\/lammbesok\/","title":{"rendered":"Lammbes\u00f6k"},"content":{"rendered":"<div class=\"wpb-content-wrapper\"><p>[vc_row full_width=&#8221;stretch_row&#8221; gap=&#8221;5&#8243; css=&#8221;.vc_custom_1712053085574{background-color: #008b44 !important;}&#8221;][vc_column css=&#8221;.vc_custom_1737543053503{background-color: #ffffff !important;border-radius: 15px !important;}&#8221;][vc_column_text css=&#8221;&#8221;]<\/p>\n<h1 style=\"text-align: left;\"><strong>Lammbes\u00f6k<\/strong><\/h1>\n<p style=\"text-align: left;\">Boka ett mysigt bes\u00f6k hos v\u00e5ra lamm och deras mammor!<\/p>\n<p style=\"text-align: left;\">Bes\u00f6ket p\u00e5g\u00e5r i 20 min och kostar 200kr p\u00e5 vardagar, 250kr p\u00e5 helger och ni har personal med er under hela bes\u00f6ket.<\/p>\n<p style=\"text-align: left;\">Bokning sker via formul\u00e4ret nedan.&nbsp;T\u00e4nk p\u00e5 att vi kollar bokningar fram till kl. 16.00 dagen innan helg eller r\u00f6d dag. Efter det g\u00e5r det tyv\u00e4rr inte att boka till samma helg. Vi kollar inte mejlen under helger eller r\u00f6da dagar, s\u00e5 se till att boka senast kl. 16.00 p\u00e5 veckans sista vardag!<\/p>\n<p><em>F\u00f6r bokning som g\u00e4ller samma dag &#8211; ring eller skicka ett sms till 0707379193 d\u00e5 mailen inte l\u00e4ses av lika frekvent under denna period.&nbsp;<\/em>[\/vc_column_text][vc_column_text css=&#8221;&#8221;]<div class=\"frm_forms  with_frm_style frm_style_formidable-style\" id=\"frm_form_44_container\" >\n<form enctype=\"multipart\/form-data\" method=\"post\" class=\"frm-show-form \" id=\"form_bygl935\" >\n<div class=\"frm_form_fields \">\n<fieldset>\n<legend class=\"frm_hidden\">Bokning- lammbes\u00f6k<\/legend>\r\n\r\n<div class=\"frm_fields_container\">\n<input type=\"hidden\" name=\"frm_action\" value=\"create\" \/>\n<input type=\"hidden\" name=\"form_id\" value=\"44\" \/>\n<input type=\"hidden\" name=\"frm_hide_fields_44\" id=\"frm_hide_fields_44\" value=\"\" \/>\n<input type=\"hidden\" name=\"form_key\" value=\"bygl935\" \/>\n<input type=\"hidden\" name=\"item_meta[0]\" value=\"\" \/>\n<input type=\"hidden\" id=\"frm_submit_entry_44\" name=\"frm_submit_entry_44\" value=\"b7836bf90b\" \/><input type=\"hidden\" name=\"_wp_http_referer\" value=\"\/hagelby\/wp-json\/wp\/v2\/pages\/1857\" \/><div id=\"frm_field_545_container\" class=\"frm_form_field form-field  frm_required_field frm_top_container\">\r\n    <label for=\"field_kbkxd34\" class=\"frm_primary_label\">Namn p\u00e5 dig som bokar\r\n        <span class=\"frm_required\">*<\/span>\r\n    <\/label>\r\n    <input type=\"text\" id=\"field_kbkxd34\" name=\"item_meta[545]\" value=\"\"  data-reqmsg=\"Detta f\u00e4lt kan inte vara tomt.\" aria-required=\"true\" data-invmsg=\"Namn p\u00e5 dig som bokar \u00e4r ogiltigt\" aria-invalid=\"false\"  \/>\r\n    \r\n    \r\n<\/div>\n<div id=\"frm_field_546_container\" class=\"frm_form_field form-field  frm_required_field frm_top_container\">\r\n    <label for=\"field_xa25z34\" class=\"frm_primary_label\">Mailadress p\u00e5 dig som bokar\r\n        <span class=\"frm_required\">*<\/span>\r\n    <\/label>\r\n    <input type=\"text\" id=\"field_xa25z34\" name=\"item_meta[546]\" value=\"\"  data-reqmsg=\"Detta f\u00e4lt kan inte vara tomt.\" aria-required=\"true\" data-invmsg=\"Mailadress p\u00e5 dig som bokar \u00e4r ogiltigt\" aria-invalid=\"false\"   aria-describedby=\"frm_desc_field_xa25z34\"\/>\r\n    <div id=\"frm_desc_field_xa25z34\" class=\"frm_description\">Hit skickas bekr\u00e4ftelsen<\/div>\r\n    \r\n<\/div>\n<div id=\"frm_field_547_container\" class=\"frm_form_field form-field  frm_required_field frm_top_container\">\r\n    <label for=\"field_itzwq34\" class=\"frm_primary_label\">Telefonnummer till dig som bokar\r\n        <span class=\"frm_required\">*<\/span>\r\n    <\/label>\r\n    <input type=\"text\" id=\"field_itzwq34\" name=\"item_meta[547]\" value=\"\"  data-reqmsg=\"Detta f\u00e4lt kan inte vara tomt.\" aria-required=\"true\" data-invmsg=\"Telefonnummer till dig som bokar \u00e4r ogiltigt\" aria-invalid=\"false\"  \/>\r\n    \r\n    \r\n<\/div>\n<div id=\"frm_field_548_container\" class=\"frm_form_field form-field  frm_required_field frm_top_container\">\r\n    <label for=\"field_qrgty35\" class=\"frm_primary_label\">Antal barn och vuxna\r\n        <span class=\"frm_required\">*<\/span>\r\n    <\/label>\r\n    <textarea name=\"item_meta[548]\" id=\"field_qrgty35\" rows=\"5\"  data-reqmsg=\"Detta f\u00e4lt kan inte vara tomt.\" aria-required=\"true\" data-invmsg=\"Antal barn och vuxna \u00e4r ogiltigt\" aria-invalid=\"false\"   aria-describedby=\"frm_desc_field_qrgty35\"><\/textarea>\r\n    <div id=\"frm_desc_field_qrgty35\" class=\"frm_description\">Ange g\u00e4rna \u00e5lder p\u00e5 barn. <\/div>\r\n    \r\n<\/div>\n<div id=\"frm_field_554_container\" class=\"frm_form_field form-field  frm_top_container vertical_radio\">\r\n\t<div id=\"field_3y90i_label\" class=\"frm_primary_label\">Tid jag \u00f6nskar boka:\r\n\t\t<span class=\"frm_required\" aria-hidden=\"true\"><\/span>\r\n\t<\/div>\r\n\t<div class=\"frm_opt_container\" role=\"radiogroup\">\t\t<div class=\"frm_radio\" id=\"frm_radio_554-0\">\t\t\t<label  for=\"field_3y90i-0\">\n\t\t\t\t\t<input type=\"radio\" name=\"item_meta[554]\" id=\"field_3y90i-0\" value=\"L\u00f6rdag 21\/3 kl. 13.00- Reservplats\"\n\t\t data-invmsg=\"Tid jag \u00f6nskar boka: \u00e4r ogiltigt\"   \/> L\u00f6rdag 21\/3 kl. 13.00- Reservplats<\/label><\/div>\n\t\t<div class=\"frm_radio\" id=\"frm_radio_554-1\">\t\t\t<label  for=\"field_3y90i-1\">\n\t\t\t\t\t<input type=\"radio\" name=\"item_meta[554]\" id=\"field_3y90i-1\" value=\"L\u00f6rdag 21\/3 kl. 15.00- Reservplats\"\n\t\t data-invmsg=\"Tid jag \u00f6nskar boka: \u00e4r ogiltigt\"   \/> L\u00f6rdag 21\/3 kl. 15.00- Reservplats<\/label><\/div>\n\t\t<div class=\"frm_radio\" id=\"frm_radio_554-2\">\t\t\t<label  for=\"field_3y90i-2\">\n\t\t\t\t\t<input type=\"radio\" name=\"item_meta[554]\" id=\"field_3y90i-2\" value=\"S\u00f6ndag 22\/3 kl. 10.00\"\n\t\t data-invmsg=\"Tid jag \u00f6nskar boka: \u00e4r ogiltigt\"   \/> S\u00f6ndag 22\/3 kl. 10.00<\/label><\/div>\n<\/div>\r\n\t\r\n\t\r\n<\/div>\n<div id=\"frm_field_551_container\" class=\"frm_form_field form-field  frm_top_container\">\r\n    <label for=\"field_gfqpo35\" class=\"frm_primary_label\">Annan information till oss\r\n        <span class=\"frm_required\"><\/span>\r\n    <\/label>\r\n    <textarea name=\"item_meta[551]\" id=\"field_gfqpo35\"  data-invmsg=\"Annan information till oss \u00e4r ogiltigt\" aria-invalid=\"false\"  ><\/textarea>\r\n    \r\n    \r\n<\/div>\n<div id=\"frm_field_552_container\" class=\"frm_form_field form-field  frm_top_container vertical_radio\">\r\n\t<div id=\"field_krmlt4_label\" class=\"frm_primary_label\">Hur hittade du H\u00e5gelby 4H-G\u00e5rd?\r\n\t\t<span class=\"frm_required\" aria-hidden=\"true\"><\/span>\r\n\t<\/div>\r\n\t<div class=\"frm_opt_container\" role=\"radiogroup\">\t\t<div class=\"frm_radio\" id=\"frm_radio_552-0\">\t\t\t<label  for=\"field_krmlt4-0\">\n\t\t\t\t\t<input type=\"radio\" name=\"item_meta[552]\" id=\"field_krmlt4-0\" value=\"Lapp i brevl\u00e5dan\"\n\t\t data-invmsg=\"Hur hittade du H\u00e5gelby 4H-G\u00e5rd? \u00e4r ogiltigt\"   \/> Lapp i brevl\u00e5dan<\/label><\/div>\n\t\t<div class=\"frm_radio\" id=\"frm_radio_552-1\">\t\t\t<label  for=\"field_krmlt4-1\">\n\t\t\t\t\t<input type=\"radio\" name=\"item_meta[552]\" id=\"field_krmlt4-1\" value=\"Sociala medier\"\n\t\t data-invmsg=\"Hur hittade du H\u00e5gelby 4H-G\u00e5rd? \u00e4r ogiltigt\"   \/> Sociala medier<\/label><\/div>\n\t\t<div class=\"frm_radio\" id=\"frm_radio_552-2\">\t\t\t<label  for=\"field_krmlt4-2\">\n\t\t\t\t\t<input type=\"radio\" name=\"item_meta[552]\" id=\"field_krmlt4-2\" value=\"Blev tipsad av n\u00e5gon\"\n\t\t data-invmsg=\"Hur hittade du H\u00e5gelby 4H-G\u00e5rd? \u00e4r ogiltigt\"   \/> Blev tipsad av n\u00e5gon<\/label><\/div>\n\t\t<div class=\"frm_radio\" id=\"frm_radio_552-3\">\t\t\t<label  for=\"field_krmlt4-3\">\n\t\t\t\t\t<input type=\"radio\" name=\"item_meta[552]\" id=\"field_krmlt4-3\" value=\"Annat\"\n\t\t data-invmsg=\"Hur hittade du H\u00e5gelby 4H-G\u00e5rd? \u00e4r ogiltigt\"   \/> Annat<\/label><\/div>\n<\/div>\r\n\t\r\n\t\r\n<\/div>\n<div id=\"frm_field_553_container\" class=\"frm_form_field form-field \">\r\n\t<div class=\"frm_submit\">\r\n\r\n<button class=\"frm_button_submit\" type=\"submit\" >Anm\u00e4la<\/button>\r\n\r\n<\/div>\r\n<\/div>\n\t<input type=\"hidden\" name=\"item_key\" value=\"\" \/>\n\t\t\t<div id=\"frm_field_576_container\">\n\t\t\t<label for=\"field_4kkga\" >\n\t\t\t\tOm du \u00e4r m\u00e4nsklig, l\u00e4mna det h\u00e4r f\u00e4ltet tomt.\t\t\t<\/label>\n\t\t\t<input  id=\"field_4kkga\" type=\"text\" class=\"frm_form_field form-field frm_verify\" name=\"item_meta[576]\" value=\"\"  \/>\n\t\t<\/div>\n\t\t<input name=\"frm_state\" type=\"hidden\" value=\"uk7gacxGVMJnWVH0oI8SlginH+tPO9wDOcJQJ9LwsMo=\" \/><\/div>\n<\/fieldset>\n<\/div>\n\n<\/form>\n<\/div>\n[\/vc_column_text][\/vc_column][\/vc_row][vc_row disable_element=&#8221;yes&#8221;][vc_column][\/vc_column][\/vc_row]<\/p>\n<\/div>","protected":false},"excerpt":{"rendered":"<p>[vc_row full_width=&#8221;stretch_row&#8221; gap=&#8221;5&#8243; css=&#8221;.vc_custom_1712053085574{background-color: #008b44 !important;}&#8221;][vc_column css=&#8221;.vc_custom_1737543053503{background-color: #ffffff !important;border-radius: 15px !important;}&#8221;][vc_column_text css=&#8221;&#8221;] Lammbes\u00f6k Boka ett mysigt bes\u00f6k hos v\u00e5ra lamm och deras mammor! Bes\u00f6ket p\u00e5g\u00e5r i 20 min och kostar 200kr p\u00e5 vardagar, 250kr p\u00e5 helger och ni har personal med er under hela bes\u00f6ket. Bokning sker via formul\u00e4ret nedan.&nbsp;T\u00e4nk p\u00e5 att vi kollar bokningar&nbsp; <a href=\"https:\/\/www.4h.se\/hagelby\/lammbesok\/\">&hellip; Read more <i class=\"glyphicon glyphicon-arrow-right\"><\/i><\/a><\/p>\n","protected":false},"author":147,"featured_media":0,"parent":0,"menu_order":96,"comment_status":"closed","ping_status":"closed","template":"","meta":{"_acf_changed":false,"footnotes":""},"class_list":["post-1857","page","type-page","status-publish","hentry"],"acf":[],"yoast_head":"<!-- This site is optimized with the Yoast SEO plugin v27.5 - https:\/\/yoast.com\/product\/yoast-seo-wordpress\/ -->\n<title>Lammbes\u00f6k - H\u00e5gelby 4H-g\u00e5rd<\/title>\n<meta name=\"description\" content=\"V\u00e4lkommen att boka ett bes\u00f6k med din skola eller f\u00f6rskola hos oss p\u00e5 H\u00e5gelby 4H-g\u00e5rd. H\u00e4r hittar ni mer information om v\u00e5ra olika bes\u00f6ksprogram\" \/>\n<meta name=\"robots\" content=\"index, follow, max-snippet:-1, max-image-preview:large, max-video-preview:-1\" \/>\n<link rel=\"canonical\" href=\"https:\/\/www.4h.se\/hagelby\/lammbesok\/\" \/>\n<meta property=\"og:locale\" content=\"sv_SE\" \/>\n<meta property=\"og:type\" content=\"article\" \/>\n<meta property=\"og:title\" content=\"Lammbes\u00f6k - H\u00e5gelby 4H-g\u00e5rd\" \/>\n<meta property=\"og:description\" content=\"V\u00e4lkommen att boka ett bes\u00f6k med din skola eller f\u00f6rskola hos oss p\u00e5 H\u00e5gelby 4H-g\u00e5rd. H\u00e4r hittar ni mer information om v\u00e5ra olika bes\u00f6ksprogram\" \/>\n<meta property=\"og:url\" content=\"https:\/\/www.4h.se\/hagelby\/lammbesok\/\" \/>\n<meta property=\"og:site_name\" content=\"H\u00e5gelby 4H-g\u00e5rd\" \/>\n<meta property=\"article:modified_time\" content=\"2026-03-18T15:01:56+00:00\" \/>\n<meta name=\"twitter:card\" content=\"summary_large_image\" \/>\n<script type=\"application\/ld+json\" class=\"yoast-schema-graph\">{\"@context\":\"https:\\\/\\\/schema.org\",\"@graph\":[{\"@type\":\"WebPage\",\"@id\":\"https:\\\/\\\/www.4h.se\\\/hagelby\\\/lammbesok\\\/\",\"url\":\"https:\\\/\\\/www.4h.se\\\/hagelby\\\/lammbesok\\\/\",\"name\":\"Lammbes\u00f6k - H\u00e5gelby 4H-g\u00e5rd\",\"isPartOf\":{\"@id\":\"https:\\\/\\\/www.4h.se\\\/hagelby\\\/#website\"},\"datePublished\":\"2026-03-18T14:40:57+00:00\",\"dateModified\":\"2026-03-18T15:01:56+00:00\",\"description\":\"V\u00e4lkommen att boka ett bes\u00f6k med din skola eller f\u00f6rskola hos oss p\u00e5 H\u00e5gelby 4H-g\u00e5rd. H\u00e4r hittar ni mer information om v\u00e5ra olika bes\u00f6ksprogram\",\"breadcrumb\":{\"@id\":\"https:\\\/\\\/www.4h.se\\\/hagelby\\\/lammbesok\\\/#breadcrumb\"},\"inLanguage\":\"sv-SE\",\"potentialAction\":[{\"@type\":\"ReadAction\",\"target\":[\"https:\\\/\\\/www.4h.se\\\/hagelby\\\/lammbesok\\\/\"]}]},{\"@type\":\"BreadcrumbList\",\"@id\":\"https:\\\/\\\/www.4h.se\\\/hagelby\\\/lammbesok\\\/#breadcrumb\",\"itemListElement\":[{\"@type\":\"ListItem\",\"position\":1,\"name\":\"Hem\",\"item\":\"https:\\\/\\\/www.4h.se\\\/hagelby\\\/\"},{\"@type\":\"ListItem\",\"position\":2,\"name\":\"Lammbes\u00f6k\"}]},{\"@type\":\"WebSite\",\"@id\":\"https:\\\/\\\/www.4h.se\\\/hagelby\\\/#website\",\"url\":\"https:\\\/\\\/www.4h.se\\\/hagelby\\\/\",\"name\":\"H\u00e5gelby 4H-g\u00e5rd\",\"description\":\"\",\"potentialAction\":[{\"@type\":\"SearchAction\",\"target\":{\"@type\":\"EntryPoint\",\"urlTemplate\":\"https:\\\/\\\/www.4h.se\\\/hagelby\\\/?s={search_term_string}\"},\"query-input\":{\"@type\":\"PropertyValueSpecification\",\"valueRequired\":true,\"valueName\":\"search_term_string\"}}],\"inLanguage\":\"sv-SE\"}]}<\/script>\n<!-- \/ Yoast SEO plugin. -->","yoast_head_json":{"title":"Lammbes\u00f6k - H\u00e5gelby 4H-g\u00e5rd","description":"V\u00e4lkommen att boka ett bes\u00f6k med din skola eller f\u00f6rskola hos oss p\u00e5 H\u00e5gelby 4H-g\u00e5rd. H\u00e4r hittar ni mer information om v\u00e5ra olika bes\u00f6ksprogram","robots":{"index":"index","follow":"follow","max-snippet":"max-snippet:-1","max-image-preview":"max-image-preview:large","max-video-preview":"max-video-preview:-1"},"canonical":"https:\/\/www.4h.se\/hagelby\/lammbesok\/","og_locale":"sv_SE","og_type":"article","og_title":"Lammbes\u00f6k - H\u00e5gelby 4H-g\u00e5rd","og_description":"V\u00e4lkommen att boka ett bes\u00f6k med din skola eller f\u00f6rskola hos oss p\u00e5 H\u00e5gelby 4H-g\u00e5rd. H\u00e4r hittar ni mer information om v\u00e5ra olika bes\u00f6ksprogram","og_url":"https:\/\/www.4h.se\/hagelby\/lammbesok\/","og_site_name":"H\u00e5gelby 4H-g\u00e5rd","article_modified_time":"2026-03-18T15:01:56+00:00","twitter_card":"summary_large_image","schema":{"@context":"https:\/\/schema.org","@graph":[{"@type":"WebPage","@id":"https:\/\/www.4h.se\/hagelby\/lammbesok\/","url":"https:\/\/www.4h.se\/hagelby\/lammbesok\/","name":"Lammbes\u00f6k - H\u00e5gelby 4H-g\u00e5rd","isPartOf":{"@id":"https:\/\/www.4h.se\/hagelby\/#website"},"datePublished":"2026-03-18T14:40:57+00:00","dateModified":"2026-03-18T15:01:56+00:00","description":"V\u00e4lkommen att boka ett bes\u00f6k med din skola eller f\u00f6rskola hos oss p\u00e5 H\u00e5gelby 4H-g\u00e5rd. H\u00e4r hittar ni mer information om v\u00e5ra olika bes\u00f6ksprogram","breadcrumb":{"@id":"https:\/\/www.4h.se\/hagelby\/lammbesok\/#breadcrumb"},"inLanguage":"sv-SE","potentialAction":[{"@type":"ReadAction","target":["https:\/\/www.4h.se\/hagelby\/lammbesok\/"]}]},{"@type":"BreadcrumbList","@id":"https:\/\/www.4h.se\/hagelby\/lammbesok\/#breadcrumb","itemListElement":[{"@type":"ListItem","position":1,"name":"Hem","item":"https:\/\/www.4h.se\/hagelby\/"},{"@type":"ListItem","position":2,"name":"Lammbes\u00f6k"}]},{"@type":"WebSite","@id":"https:\/\/www.4h.se\/hagelby\/#website","url":"https:\/\/www.4h.se\/hagelby\/","name":"H\u00e5gelby 4H-g\u00e5rd","description":"","potentialAction":[{"@type":"SearchAction","target":{"@type":"EntryPoint","urlTemplate":"https:\/\/www.4h.se\/hagelby\/?s={search_term_string}"},"query-input":{"@type":"PropertyValueSpecification","valueRequired":true,"valueName":"search_term_string"}}],"inLanguage":"sv-SE"}]}},"_links":{"self":[{"href":"https:\/\/www.4h.se\/hagelby\/wp-json\/wp\/v2\/pages\/1857","targetHints":{"allow":["GET"]}}],"collection":[{"href":"https:\/\/www.4h.se\/hagelby\/wp-json\/wp\/v2\/pages"}],"about":[{"href":"https:\/\/www.4h.se\/hagelby\/wp-json\/wp\/v2\/types\/page"}],"author":[{"embeddable":true,"href":"https:\/\/www.4h.se\/hagelby\/wp-json\/wp\/v2\/users\/147"}],"replies":[{"embeddable":true,"href":"https:\/\/www.4h.se\/hagelby\/wp-json\/wp\/v2\/comments?post=1857"}],"version-history":[{"count":0,"href":"https:\/\/www.4h.se\/hagelby\/wp-json\/wp\/v2\/pages\/1857\/revisions"}],"wp:attachment":[{"href":"https:\/\/www.4h.se\/hagelby\/wp-json\/wp\/v2\/media?parent=1857"}],"curies":[{"name":"wp","href":"https:\/\/api.w.org\/{rel}","templated":true}]}}