



{"id":1764,"date":"2025-10-10T10:11:14","date_gmt":"2025-10-10T08:11:14","guid":{"rendered":"https:\/\/www.4h.se\/hagelby\/?page_id=1764"},"modified":"2025-10-10T10:42:25","modified_gmt":"2025-10-10T08:42:25","slug":"morgon-i-stallet","status":"publish","type":"page","link":"https:\/\/www.4h.se\/hagelby\/morgon-i-stallet\/","title":{"rendered":"Morgon i stallet"},"content":{"rendered":"<div class=\"wpb-content-wrapper\"><p>[vc_row full_width=&#8221;stretch_row&#8221; css=&#8221;.vc_custom_1760085689251{margin-top: -110px !important;background-color: #008B44 !important;}&#8221;][vc_column css=&#8221;.vc_custom_1760085712596{background-color: #FFFFFF !important;border-radius: 15px !important;}&#8221;][vc_column_text css=&#8221;.vc_custom_1760085737859{background-color: #FFFFFF !important;border-radius: 15px !important;}&#8221;]<\/p>\n<h1 style=\"text-align: center;\">morgon i stallet!<\/h1>\n<p style=\"text-align: center;\" data-start=\"150\" data-end=\"216\"><strong data-start=\"150\" data-end=\"214\">En mysig morgon i stallet \u2013 f\u00f6r b\u00e5de nya och vana deltagare!<\/strong><\/p>\n<p style=\"text-align: center;\" data-start=\"218\" data-end=\"548\">Vill du testa hur det \u00e4r att \u00f6ppna stallet p\u00e5 morgonen, ge djuren frukost, ta ut dem till hagarna och hj\u00e4lpa till med dagens f\u00f6rsta sysslor p\u00e5 g\u00e5rden?<\/p>\n<p style=\"text-align: center;\" data-start=\"218\" data-end=\"548\"><br data-start=\"344\" data-end=\"347\">Under tillf\u00e4llet f\u00e5r du vara med och ta hand om djuren \u2013 fodra, sl\u00e4ppa ut och pyssla i stallet. En h\u00e4rlig chans att l\u00e4ra sig mer om djur och stallrutiner tillsammans med en av v\u00e5ra djurv\u00e5rdare.<\/p>\n<p style=\"text-align: center;\" data-start=\"550\" data-end=\"764\"><strong data-start=\"550\" data-end=\"562\">F\u00f6r vem?<\/strong><br data-start=\"562\" data-end=\"565\">Barn fr\u00e5n 8 \u00e5r kan delta utan vuxet s\u00e4llskap. \u00c4ven vuxna och yngre barn i s\u00e4llskap med vuxen \u00e4r varmt v\u00e4lkomna.<br data-start=\"676\" data-end=\"679\">Passar b\u00e5de dig som \u00e4r nyfiken p\u00e5 djur och dig som redan g\u00e5r i n\u00e5gon av v\u00e5ra grupper.<\/p>\n<p style=\"text-align: center;\" data-start=\"766\" data-end=\"874\"><strong data-start=\"766\" data-end=\"774\">N\u00e4r?<\/strong><br data-start=\"774\" data-end=\"777\">Kl. 08.00\u201309.30<br data-start=\"792\" data-end=\"795\">Pris: 50 kr\/person<br data-start=\"813\" data-end=\"816\">Anm\u00e4lan sker till enstaka tillf\u00e4llen genom formul\u00e4ret nedan!<\/p>\n<p style=\"text-align: center;\" data-start=\"876\" data-end=\"975\">Ta chansen att starta dagen i s\u00e4llskap med v\u00e5ra djur. V\u00e4lkommen med p\u00e5 en morgon i stallet!<\/p>\n<h2 style=\"text-align: center;\" data-start=\"876\" data-end=\"975\">Bokningsformul\u00e4r:<\/h2>\n<p style=\"text-align: center;\" data-start=\"876\" data-end=\"975\"><div class=\"frm_forms  with_frm_style frm_style_formidable-style\" id=\"frm_form_41_container\" >\n<form enctype=\"multipart\/form-data\" method=\"post\" class=\"frm-show-form \" id=\"form_bygl933\" >\n<div class=\"frm_form_fields \">\n<fieldset>\n<legend class=\"frm_hidden\">Bokning- Morgon i stallet<\/legend>\r\n\r\n<div class=\"frm_fields_container\">\n<input type=\"hidden\" name=\"frm_action\" value=\"create\" \/>\n<input type=\"hidden\" name=\"form_id\" value=\"41\" \/>\n<input type=\"hidden\" name=\"frm_hide_fields_41\" id=\"frm_hide_fields_41\" value=\"\" \/>\n<input type=\"hidden\" name=\"form_key\" value=\"bygl933\" \/>\n<input type=\"hidden\" name=\"item_meta[0]\" value=\"\" \/>\n<input type=\"hidden\" id=\"frm_submit_entry_41\" name=\"frm_submit_entry_41\" value=\"8081d80b99\" \/><input type=\"hidden\" name=\"_wp_http_referer\" value=\"\/hagelby\/wp-json\/wp\/v2\/pages\/1764\" \/><div id=\"frm_field_507_container\" class=\"frm_form_field form-field  frm_required_field frm_top_container\">\r\n    <label for=\"field_kbkxd33\" class=\"frm_primary_label\">Namn p\u00e5 dig som bokar\r\n        <span class=\"frm_required\">*<\/span>\r\n    <\/label>\r\n    <input type=\"text\" id=\"field_kbkxd33\" name=\"item_meta[507]\" value=\"\"  data-reqmsg=\"Detta f\u00e4lt kan inte vara tomt.\" aria-required=\"true\" data-invmsg=\"Namn p\u00e5 dig som bokar \u00e4r ogiltigt\" aria-invalid=\"false\"  \/>\r\n    \r\n    \r\n<\/div>\n<div id=\"frm_field_508_container\" class=\"frm_form_field form-field  frm_required_field frm_top_container\">\r\n    <label for=\"field_xa25z33\" class=\"frm_primary_label\">Mailadress p\u00e5 dig som bokar\r\n        <span class=\"frm_required\">*<\/span>\r\n    <\/label>\r\n    <input type=\"text\" id=\"field_xa25z33\" name=\"item_meta[508]\" value=\"\"  data-reqmsg=\"Detta f\u00e4lt kan inte vara tomt.\" aria-required=\"true\" data-invmsg=\"Mailadress p\u00e5 dig som bokar \u00e4r ogiltigt\" aria-invalid=\"false\"   aria-describedby=\"frm_desc_field_xa25z33\"\/>\r\n    <div id=\"frm_desc_field_xa25z33\" class=\"frm_description\">Hit skickas bekr\u00e4ftelsen<\/div>\r\n    \r\n<\/div>\n<div id=\"frm_field_509_container\" class=\"frm_form_field form-field  frm_required_field frm_top_container\">\r\n    <label for=\"field_itzwq33\" class=\"frm_primary_label\">Telefonnummer till dig som bokar\r\n        <span class=\"frm_required\">*<\/span>\r\n    <\/label>\r\n    <input type=\"text\" id=\"field_itzwq33\" name=\"item_meta[509]\" value=\"\"  data-reqmsg=\"Detta f\u00e4lt kan inte vara tomt.\" aria-required=\"true\" data-invmsg=\"Telefonnummer till dig som bokar \u00e4r ogiltigt\" aria-invalid=\"false\"  \/>\r\n    \r\n    \r\n<\/div>\n<div id=\"frm_field_510_container\" class=\"frm_form_field form-field  frm_required_field frm_top_container\">\r\n    <label for=\"field_qrgty33\" class=\"frm_primary_label\">Ange namn p\u00e5 alla deltagare samt \u00e5lder p\u00e5 barn:\r\n        <span class=\"frm_required\">*<\/span>\r\n    <\/label>\r\n    <textarea name=\"item_meta[510]\" id=\"field_qrgty33\" rows=\"5\"  placeholder=\"Gl\u00f6m inte att \u00e4ven skriva in du som bokar om du ska delta\" data-reqmsg=\"Detta f\u00e4lt kan inte vara tomt.\" aria-required=\"true\" data-invmsg=\"Ange namn p\u00e5 alla deltagare samt \u00e5lder p\u00e5 barn: \u00e4r ogiltigt\" aria-invalid=\"false\"  ><\/textarea>\r\n    \r\n    \r\n<\/div>\n<div id=\"frm_field_511_container\" class=\"frm_form_field form-field  frm_required_field frm_top_container frm12 frm_first vertical_radio\">\r\n\t<div id=\"field_pqjkh2_label\" class=\"frm_primary_label\">Datum jag vill anm\u00e4la till:\r\n\t\t<span class=\"frm_required\" aria-hidden=\"true\">*<\/span>\r\n\t<\/div>\r\n\t<div class=\"frm_opt_container\" role=\"radiogroup\" aria-required=\"true\">\t\t<div class=\"frm_radio\" id=\"frm_radio_511-0\">\t\t\t<label  for=\"field_pqjkh2-0\">\n\t\t\t\t\t<input type=\"radio\" name=\"item_meta[511]\" id=\"field_pqjkh2-0\" value=\"S\u00f6ndag 9\/11 kl. 8-9.30 (4 platser kvar)\"\n\t\t data-reqmsg=\"Detta f\u00e4lt kan inte vara tomt.\" data-invmsg=\"Datum jag vill anm\u00e4la till: \u00e4r ogiltigt\"   \/> S\u00f6ndag 9\/11 kl. 8-9.30 (4 platser kvar)<\/label><\/div>\n\t\t<div class=\"frm_radio\" id=\"frm_radio_511-1\">\t\t\t<label  for=\"field_pqjkh2-1\">\n\t\t\t\t\t<input type=\"radio\" name=\"item_meta[511]\" id=\"field_pqjkh2-1\" value=\"S\u00f6ndag 16\/11 kl. 8-9.30 (7 platser kvar)\"\n\t\t data-reqmsg=\"Detta f\u00e4lt kan inte vara tomt.\" data-invmsg=\"Datum jag vill anm\u00e4la till: \u00e4r ogiltigt\"   \/> S\u00f6ndag 16\/11 kl. 8-9.30 (7 platser kvar)<\/label><\/div>\n\t\t<div class=\"frm_radio\" id=\"frm_radio_511-2\">\t\t\t<label  for=\"field_pqjkh2-2\">\n\t\t\t\t\t<input type=\"radio\" name=\"item_meta[511]\" id=\"field_pqjkh2-2\" value=\"S\u00f6ndag 23\/11 kl. 8-9.30 (8 platser kvar)\"\n\t\t data-reqmsg=\"Detta f\u00e4lt kan inte vara tomt.\" data-invmsg=\"Datum jag vill anm\u00e4la till: \u00e4r ogiltigt\"   \/> S\u00f6ndag 23\/11 kl. 8-9.30 (8 platser kvar)<\/label><\/div>\n<\/div>\r\n\t\r\n\t\r\n<\/div>\n<div id=\"frm_field_518_container\" class=\"frm_form_field form-field  frm_required_field frm_top_container frm12 frm_first vertical_radio\">\r\n\t<div id=\"field_f15zl_label\" class=\"frm_primary_label\">H\u00e4rmed ger jag till\u00e5telse f\u00f6r foton av deltagaren att anv\u00e4ndas i sammanhang som \u00e4r relevanta f\u00f6r H\u00e5gelby 4H-g\u00e5rd\r\n\t\t<span class=\"frm_required\" aria-hidden=\"true\">*<\/span>\r\n\t<\/div>\r\n\t<div class=\"frm_opt_container\" role=\"radiogroup\" aria-required=\"true\">\t\t<div class=\"frm_radio\" id=\"frm_radio_518-0\">\t\t\t<label  for=\"field_f15zl-0\">\n\t\t\t\t\t<input type=\"radio\" name=\"item_meta[518]\" id=\"field_f15zl-0\" value=\"Ja\"\n\t\t data-reqmsg=\"Detta f\u00e4lt kan inte vara tomt.\" data-invmsg=\"H\u00e4rmed ger jag till\u00e5telse f\u00f6r foton av deltagaren att anv\u00e4ndas i sammanhang som \u00e4r relevanta f\u00f6r H\u00e5gelby 4H-g\u00e5rd \u00e4r ogiltigt\"   \/> Ja<\/label><\/div>\n\t\t<div class=\"frm_radio\" id=\"frm_radio_518-1\">\t\t\t<label  for=\"field_f15zl-1\">\n\t\t\t\t\t<input type=\"radio\" name=\"item_meta[518]\" id=\"field_f15zl-1\" value=\"Nej\"\n\t\t data-reqmsg=\"Detta f\u00e4lt kan inte vara tomt.\" data-invmsg=\"H\u00e4rmed ger jag till\u00e5telse f\u00f6r foton av deltagaren att anv\u00e4ndas i sammanhang som \u00e4r relevanta f\u00f6r H\u00e5gelby 4H-g\u00e5rd \u00e4r ogiltigt\"   \/> Nej<\/label><\/div>\n<\/div>\r\n\t\r\n\t\r\n<\/div>\n<div id=\"frm_field_513_container\" class=\"frm_form_field form-field  frm_top_container\">\r\n    <label for=\"field_gfqpo33\" class=\"frm_primary_label\">Annan information till oss\r\n        <span class=\"frm_required\"><\/span>\r\n    <\/label>\r\n    <textarea name=\"item_meta[513]\" id=\"field_gfqpo33\"  data-invmsg=\"Annan information till oss \u00e4r ogiltigt\" aria-invalid=\"false\"  ><\/textarea>\r\n    \r\n    \r\n<\/div>\n<div id=\"frm_field_517_container\" class=\"frm_form_field form-field  frm_required_field frm_top_container frm12 frm_first vertical_radio\">\r\n\t<div id=\"field_6egvd_label\" class=\"frm_primary_label\">Medgivande av lagring av personuppgifter:\r\n\t\t<span class=\"frm_required\" aria-hidden=\"true\">*<\/span>\r\n\t<\/div>\r\n\t<div class=\"frm_opt_container\" role=\"radiogroup\" aria-required=\"true\">\t\t<div class=\"frm_radio\" id=\"frm_radio_517-0\">\t\t\t<label  for=\"field_6egvd-0\">\n\t\t\t\t\t<input type=\"radio\" name=\"item_meta[517]\" id=\"field_6egvd-0\" value=\"Godk\u00e4nn\"\n\t\t data-reqmsg=\"Detta f\u00e4lt kan inte vara tomt.\" data-invmsg=\"Medgivande av lagring av personuppgifter: \u00e4r ogiltigt\"   \/> Godk\u00e4nn<\/label><\/div>\n<\/div>\r\n\t<div class=\"frm_description\" id=\"frm_desc_field_6egvd\">Genom att anm\u00e4la mig eller mitt barn i detta formul\u00e4r s\u00e5 godk\u00e4nner jag att mina eller mitt barns uppgifter lagras hos f\u00f6reningen enligt GDPR<\/div>\r\n\t\r\n<\/div>\n<div id=\"frm_field_514_container\" class=\"frm_form_field form-field  frm_top_container vertical_radio\">\r\n\t<div id=\"field_krmlt2_label\" class=\"frm_primary_label\">Hur hittade du H\u00e5gelby 4H-G\u00e5rd?\r\n\t\t<span class=\"frm_required\" aria-hidden=\"true\"><\/span>\r\n\t<\/div>\r\n\t<div class=\"frm_opt_container\" role=\"radiogroup\">\t\t<div class=\"frm_radio\" id=\"frm_radio_514-0\">\t\t\t<label  for=\"field_krmlt2-0\">\n\t\t\t\t\t<input type=\"radio\" name=\"item_meta[514]\" id=\"field_krmlt2-0\" value=\"Lapp i brevl\u00e5dan\"\n\t\t data-invmsg=\"Hur hittade du H\u00e5gelby 4H-G\u00e5rd? \u00e4r ogiltigt\"   \/> Lapp i brevl\u00e5dan<\/label><\/div>\n\t\t<div class=\"frm_radio\" id=\"frm_radio_514-1\">\t\t\t<label  for=\"field_krmlt2-1\">\n\t\t\t\t\t<input type=\"radio\" name=\"item_meta[514]\" id=\"field_krmlt2-1\" value=\"Sociala medier\"\n\t\t data-invmsg=\"Hur hittade du H\u00e5gelby 4H-G\u00e5rd? \u00e4r ogiltigt\"   \/> Sociala medier<\/label><\/div>\n\t\t<div class=\"frm_radio\" id=\"frm_radio_514-2\">\t\t\t<label  for=\"field_krmlt2-2\">\n\t\t\t\t\t<input type=\"radio\" name=\"item_meta[514]\" id=\"field_krmlt2-2\" value=\"Blev tipsad av n\u00e5gon\"\n\t\t data-invmsg=\"Hur hittade du H\u00e5gelby 4H-G\u00e5rd? \u00e4r ogiltigt\"   \/> Blev tipsad av n\u00e5gon<\/label><\/div>\n\t\t<div class=\"frm_radio\" id=\"frm_radio_514-3\">\t\t\t<label  for=\"field_krmlt2-3\">\n\t\t\t\t\t<input type=\"radio\" name=\"item_meta[514]\" id=\"field_krmlt2-3\" value=\"Annat\"\n\t\t data-invmsg=\"Hur hittade du H\u00e5gelby 4H-G\u00e5rd? \u00e4r ogiltigt\"   \/> Annat<\/label><\/div>\n<\/div>\r\n\t\r\n\t\r\n<\/div>\n<div id=\"frm_field_515_container\" class=\"frm_form_field form-field \">\r\n\t<div class=\"frm_submit\">\r\n\r\n<button class=\"frm_button_submit\" type=\"submit\" >Anm\u00e4la<\/button>\r\n\r\n<\/div>\r\n<\/div>\n\t<input type=\"hidden\" name=\"item_key\" value=\"\" \/>\n\t\t\t<div id=\"frm_field_576_container\">\n\t\t\t<label for=\"field_reoav\" >\n\t\t\t\tOm du \u00e4r m\u00e4nsklig, l\u00e4mna det h\u00e4r f\u00e4ltet tomt.\t\t\t<\/label>\n\t\t\t<input  id=\"field_reoav\" type=\"text\" class=\"frm_form_field form-field frm_verify\" name=\"item_meta[576]\" value=\"\"  \/>\n\t\t<\/div>\n\t\t<input name=\"frm_state\" type=\"hidden\" value=\"uk7gacxGVMJnWVH0oI8SlginH+tPO9wDOcJQJ9LwsMo=\" \/><\/div>\n<\/fieldset>\n<\/div>\n\n<\/form>\n<\/div>\n<p>[\/vc_column_text][\/vc_column][\/vc_row]<\/p>\n<\/div>","protected":false},"excerpt":{"rendered":"<p>[vc_row full_width=&#8221;stretch_row&#8221; css=&#8221;.vc_custom_1760085689251{margin-top: -110px !important;background-color: #008B44 !important;}&#8221;][vc_column css=&#8221;.vc_custom_1760085712596{background-color: #FFFFFF !important;border-radius: 15px !important;}&#8221;][vc_column_text css=&#8221;.vc_custom_1760085737859{background-color: #FFFFFF !important;border-radius: 15px !important;}&#8221;] morgon i stallet! En mysig morgon i stallet \u2013 f\u00f6r b\u00e5de nya och vana deltagare! Vill du testa hur det \u00e4r att \u00f6ppna stallet p\u00e5 morgonen, ge djuren frukost, ta ut dem till hagarna och hj\u00e4lpa till med&nbsp; <a href=\"https:\/\/www.4h.se\/hagelby\/morgon-i-stallet\/\">&hellip; Read more <i class=\"glyphicon glyphicon-arrow-right\"><\/i><\/a><\/p>\n","protected":false},"author":147,"featured_media":0,"parent":0,"menu_order":0,"comment_status":"closed","ping_status":"closed","template":"","meta":{"_acf_changed":false,"footnotes":""},"class_list":["post-1764","page","type-page","status-publish","hentry"],"acf":[],"yoast_head":"<!-- This site is optimized with the Yoast SEO plugin v27.5 - https:\/\/yoast.com\/product\/yoast-seo-wordpress\/ -->\n<title>Morgon i stallet - H\u00e5gelby 4H-g\u00e5rd<\/title>\n<meta name=\"robots\" content=\"index, follow, max-snippet:-1, max-image-preview:large, max-video-preview:-1\" \/>\n<link rel=\"canonical\" href=\"https:\/\/www.4h.se\/hagelby\/morgon-i-stallet\/\" \/>\n<meta property=\"og:locale\" content=\"sv_SE\" \/>\n<meta property=\"og:type\" content=\"article\" \/>\n<meta property=\"og:title\" content=\"Morgon i stallet - H\u00e5gelby 4H-g\u00e5rd\" \/>\n<meta property=\"og:description\" content=\"[vc_row full_width=&#8221;stretch_row&#8221; css=&#8221;.vc_custom_1760085689251{margin-top: -110px !important;background-color: #008B44 !important;}&#8221;][vc_column css=&#8221;.vc_custom_1760085712596{background-color: #FFFFFF !important;border-radius: 15px !important;}&#8221;][vc_column_text css=&#8221;.vc_custom_1760085737859{background-color: #FFFFFF !important;border-radius: 15px !important;}&#8221;] morgon i stallet! En mysig morgon i stallet \u2013 f\u00f6r b\u00e5de nya och vana deltagare! Vill du testa hur det \u00e4r att \u00f6ppna stallet p\u00e5 morgonen, ge djuren frukost, ta ut dem till hagarna och hj\u00e4lpa till med&nbsp; &hellip; Read more\" \/>\n<meta property=\"og:url\" content=\"https:\/\/www.4h.se\/hagelby\/morgon-i-stallet\/\" \/>\n<meta property=\"og:site_name\" content=\"H\u00e5gelby 4H-g\u00e5rd\" \/>\n<meta property=\"article:modified_time\" content=\"2025-10-10T08:42:25+00:00\" \/>\n<meta name=\"twitter:card\" content=\"summary_large_image\" \/>\n<script type=\"application\/ld+json\" class=\"yoast-schema-graph\">{\"@context\":\"https:\\\/\\\/schema.org\",\"@graph\":[{\"@type\":\"WebPage\",\"@id\":\"https:\\\/\\\/www.4h.se\\\/hagelby\\\/morgon-i-stallet\\\/\",\"url\":\"https:\\\/\\\/www.4h.se\\\/hagelby\\\/morgon-i-stallet\\\/\",\"name\":\"Morgon i stallet - H\u00e5gelby 4H-g\u00e5rd\",\"isPartOf\":{\"@id\":\"https:\\\/\\\/www.4h.se\\\/hagelby\\\/#website\"},\"datePublished\":\"2025-10-10T08:11:14+00:00\",\"dateModified\":\"2025-10-10T08:42:25+00:00\",\"breadcrumb\":{\"@id\":\"https:\\\/\\\/www.4h.se\\\/hagelby\\\/morgon-i-stallet\\\/#breadcrumb\"},\"inLanguage\":\"sv-SE\",\"potentialAction\":[{\"@type\":\"ReadAction\",\"target\":[\"https:\\\/\\\/www.4h.se\\\/hagelby\\\/morgon-i-stallet\\\/\"]}]},{\"@type\":\"BreadcrumbList\",\"@id\":\"https:\\\/\\\/www.4h.se\\\/hagelby\\\/morgon-i-stallet\\\/#breadcrumb\",\"itemListElement\":[{\"@type\":\"ListItem\",\"position\":1,\"name\":\"Hem\",\"item\":\"https:\\\/\\\/www.4h.se\\\/hagelby\\\/\"},{\"@type\":\"ListItem\",\"position\":2,\"name\":\"Morgon i stallet\"}]},{\"@type\":\"WebSite\",\"@id\":\"https:\\\/\\\/www.4h.se\\\/hagelby\\\/#website\",\"url\":\"https:\\\/\\\/www.4h.se\\\/hagelby\\\/\",\"name\":\"H\u00e5gelby 4H-g\u00e5rd\",\"description\":\"\",\"potentialAction\":[{\"@type\":\"SearchAction\",\"target\":{\"@type\":\"EntryPoint\",\"urlTemplate\":\"https:\\\/\\\/www.4h.se\\\/hagelby\\\/?s={search_term_string}\"},\"query-input\":{\"@type\":\"PropertyValueSpecification\",\"valueRequired\":true,\"valueName\":\"search_term_string\"}}],\"inLanguage\":\"sv-SE\"}]}<\/script>\n<!-- \/ Yoast SEO plugin. -->","yoast_head_json":{"title":"Morgon i stallet - H\u00e5gelby 4H-g\u00e5rd","robots":{"index":"index","follow":"follow","max-snippet":"max-snippet:-1","max-image-preview":"max-image-preview:large","max-video-preview":"max-video-preview:-1"},"canonical":"https:\/\/www.4h.se\/hagelby\/morgon-i-stallet\/","og_locale":"sv_SE","og_type":"article","og_title":"Morgon i stallet - H\u00e5gelby 4H-g\u00e5rd","og_description":"[vc_row full_width=&#8221;stretch_row&#8221; css=&#8221;.vc_custom_1760085689251{margin-top: -110px !important;background-color: #008B44 !important;}&#8221;][vc_column css=&#8221;.vc_custom_1760085712596{background-color: #FFFFFF !important;border-radius: 15px !important;}&#8221;][vc_column_text css=&#8221;.vc_custom_1760085737859{background-color: #FFFFFF !important;border-radius: 15px !important;}&#8221;] morgon i stallet! En mysig morgon i stallet \u2013 f\u00f6r b\u00e5de nya och vana deltagare! Vill du testa hur det \u00e4r att \u00f6ppna stallet p\u00e5 morgonen, ge djuren frukost, ta ut dem till hagarna och hj\u00e4lpa till med&nbsp; &hellip; Read more","og_url":"https:\/\/www.4h.se\/hagelby\/morgon-i-stallet\/","og_site_name":"H\u00e5gelby 4H-g\u00e5rd","article_modified_time":"2025-10-10T08:42:25+00:00","twitter_card":"summary_large_image","schema":{"@context":"https:\/\/schema.org","@graph":[{"@type":"WebPage","@id":"https:\/\/www.4h.se\/hagelby\/morgon-i-stallet\/","url":"https:\/\/www.4h.se\/hagelby\/morgon-i-stallet\/","name":"Morgon i stallet - H\u00e5gelby 4H-g\u00e5rd","isPartOf":{"@id":"https:\/\/www.4h.se\/hagelby\/#website"},"datePublished":"2025-10-10T08:11:14+00:00","dateModified":"2025-10-10T08:42:25+00:00","breadcrumb":{"@id":"https:\/\/www.4h.se\/hagelby\/morgon-i-stallet\/#breadcrumb"},"inLanguage":"sv-SE","potentialAction":[{"@type":"ReadAction","target":["https:\/\/www.4h.se\/hagelby\/morgon-i-stallet\/"]}]},{"@type":"BreadcrumbList","@id":"https:\/\/www.4h.se\/hagelby\/morgon-i-stallet\/#breadcrumb","itemListElement":[{"@type":"ListItem","position":1,"name":"Hem","item":"https:\/\/www.4h.se\/hagelby\/"},{"@type":"ListItem","position":2,"name":"Morgon i stallet"}]},{"@type":"WebSite","@id":"https:\/\/www.4h.se\/hagelby\/#website","url":"https:\/\/www.4h.se\/hagelby\/","name":"H\u00e5gelby 4H-g\u00e5rd","description":"","potentialAction":[{"@type":"SearchAction","target":{"@type":"EntryPoint","urlTemplate":"https:\/\/www.4h.se\/hagelby\/?s={search_term_string}"},"query-input":{"@type":"PropertyValueSpecification","valueRequired":true,"valueName":"search_term_string"}}],"inLanguage":"sv-SE"}]}},"_links":{"self":[{"href":"https:\/\/www.4h.se\/hagelby\/wp-json\/wp\/v2\/pages\/1764","targetHints":{"allow":["GET"]}}],"collection":[{"href":"https:\/\/www.4h.se\/hagelby\/wp-json\/wp\/v2\/pages"}],"about":[{"href":"https:\/\/www.4h.se\/hagelby\/wp-json\/wp\/v2\/types\/page"}],"author":[{"embeddable":true,"href":"https:\/\/www.4h.se\/hagelby\/wp-json\/wp\/v2\/users\/147"}],"replies":[{"embeddable":true,"href":"https:\/\/www.4h.se\/hagelby\/wp-json\/wp\/v2\/comments?post=1764"}],"version-history":[{"count":0,"href":"https:\/\/www.4h.se\/hagelby\/wp-json\/wp\/v2\/pages\/1764\/revisions"}],"wp:attachment":[{"href":"https:\/\/www.4h.se\/hagelby\/wp-json\/wp\/v2\/media?parent=1764"}],"curies":[{"name":"wp","href":"https:\/\/api.w.org\/{rel}","templated":true}]}}