



{"id":1647,"date":"2025-05-16T13:58:20","date_gmt":"2025-05-16T11:58:20","guid":{"rendered":"https:\/\/www.4h.se\/hagelby\/?page_id=1647"},"modified":"2025-06-10T17:38:33","modified_gmt":"2025-06-10T15:38:33","slug":"skolavslutningskalas","status":"publish","type":"page","link":"https:\/\/www.4h.se\/hagelby\/skolavslutningskalas\/","title":{"rendered":"Skolavslutningskalas"},"content":{"rendered":"<div class=\"wpb-content-wrapper\"><p>[vc_row full_width=&#8221;stretch_row&#8221; css=&#8221;.vc_custom_1747396899853{margin-top: -110px !important;background-color: #008B44 !important;}&#8221;][vc_column][vc_single_image image=&#8221;1660&#8243; img_size=&#8221;full&#8221; alignment=&#8221;center&#8221; css=&#8221;&#8221;][vc_column_text css=&#8221;.vc_custom_1749569907758{padding-top: 25px !important;padding-right: 20px !important;padding-bottom: 20px !important;padding-left: 20px !important;background-color: #FFFFFF !important;border-radius: 10px !important;}&#8221;]<\/p>\n<h2 style=\"text-align: center;\"><span data-olk-copy-source=\"MessageBody\">Ta med familjen till 4H efter skolavslutningen!<br \/>\nonsdagen den 11\/6<\/span><\/h2>\n<div class=\"x_elementToProof\" style=\"text-align: center;\"><strong>F\u00f6r vem?<\/strong> F\u00f6r barn som haft skolavslutning f\u00f6r l\u00e5g- eller mellanstadiet, med familj<br \/>\n<strong>N\u00e4r?<\/strong> 11\/6 kl.&nbsp;Kl. 10.30-13<br \/>\nDet \u00e4r drop in fram till kl.11.15<\/div>\n<p style=\"text-align: center;\"><strong>Kostnad?<\/strong> 75kr\/barn, 50kr\/vuxen<br \/>\n<strong>Bokas?<\/strong> I fomul\u00e4ret l\u00e4ngre ner<\/p>\n<p style=\"text-align: center;\">Tips! Ta g\u00e4rna med er egen picknick<\/p>\n<p style=\"text-align: center;\">Vi har k\u00e4pph\u00e4star, spel, femkampslekar framst\u00e4llda som ni kan l\u00e5na fritt.<\/p>\n<p>[\/vc_column_text][vc_column_text css=&#8221;.vc_custom_1748352526967{border-top-width: 2px !important;border-right-width: 2px !important;border-bottom-width: 2px !important;border-left-width: 2px !important;padding-top: 15px !important;padding-right: 20px !important;padding-bottom: 20px !important;padding-left: 20px !important;background-color: #82C381 !important;border-left-style: solid !important;border-right-style: solid !important;border-top-style: solid !important;border-bottom-style: solid !important;border-radius: 15px !important;border-color: #FFFFFF !important;}&#8221;]<\/p>\n<h3 style=\"text-align: center;\"><span style=\"color: #ffffff;\">Klapphage med f\u00e5ren<\/span><\/h3>\n<p style=\"text-align: center;\"><span style=\"color: #ffffff;\">kl. 10.30-12<\/span><\/p>\n<h3 style=\"text-align: center;\"><span style=\"color: #ffffff;\">Glassbuff\u00e9 med massor av gott<\/span><\/h3>\n<p style=\"text-align: center;\"><span style=\"color: #ffffff;\">kl. 10.30-12<\/span><\/p>\n<h3 style=\"text-align: center;\"><span style=\"color: #ffffff;\">Fiskdamm f\u00f6r alla barn<\/span><\/h3>\n<p style=\"text-align: center;\"><span style=\"color: #ffffff;\">kl. 11.30-12<\/span><\/p>\n<h3 style=\"text-align: center;\"><span style=\"color: #ffffff;\">Familjelek<\/span><\/h3>\n<p style=\"text-align: center;\"><span style=\"color: #ffffff;\">kl. 10.30-13.<\/span><\/p>\n<h3><\/h3>\n<p>[\/vc_column_text][vc_column_text css=&#8221;.vc_custom_1748351618888{padding-top: 20px !important;padding-right: 20px !important;padding-left: 20px !important;background-color: #FFFFFF !important;border-radius: 10px !important;}&#8221;]<\/p>\n<h2>Boka er plats p\u00e5 kalaset h\u00e4r!<\/h2>\n<div class=\"frm_forms  with_frm_style frm_style_formidable-style\" id=\"frm_form_38_container\" data-token=\"969bbaace256325e3d912aa866bfdd2b\">\n<form enctype=\"multipart\/form-data\" method=\"post\" class=\"frm-show-form \" id=\"form_skolavslutningskalas\" data-token=\"969bbaace256325e3d912aa866bfdd2b\">\n<div class=\"frm_form_fields \">\n<fieldset>\n<legend class=\"frm_screen_reader\">Skolavslutningskalas<\/legend>\r\n\r\n<div class=\"frm_fields_container\">\n<input type=\"hidden\" name=\"frm_action\" value=\"create\" \/>\n<input type=\"hidden\" name=\"form_id\" value=\"38\" \/>\n<input type=\"hidden\" name=\"frm_hide_fields_38\" id=\"frm_hide_fields_38\" value=\"\" \/>\n<input type=\"hidden\" name=\"form_key\" value=\"skolavslutningskalas\" \/>\n<input type=\"hidden\" name=\"item_meta[0]\" value=\"\" \/>\n<input type=\"hidden\" id=\"frm_submit_entry_38\" name=\"frm_submit_entry_38\" value=\"58506b7602\" \/><input type=\"hidden\" name=\"_wp_http_referer\" value=\"\/hagelby\/wp-json\/wp\/v2\/pages\/1647\" \/><div id=\"frm_field_456_container\" class=\"frm_form_field form-field  frm_required_field frm_top_container\">\r\n\t<label for=\"field_1dj73\" id=\"field_1dj73_label\" class=\"frm_primary_label\">Namn p\u00e5 den som bokar:\r\n\t\t<span class=\"frm_required\" aria-hidden=\"true\">*<\/span>\r\n\t<\/label>\r\n\t<input type=\"text\" id=\"field_1dj73\" name=\"item_meta[456]\" value=\"\"  data-reqmsg=\"Detta f\u00e4lt kan inte vara tomt.\" aria-required=\"true\" data-invmsg=\"Namn p\u00e5 den som bokar: \u00e4r ogiltigt\" aria-invalid=\"false\"  \/>\r\n\t\r\n\t\r\n<\/div>\n<div id=\"frm_field_459_container\" class=\"frm_form_field form-field  frm_required_field frm_top_container\">\r\n\t<label for=\"field_k0i88\" id=\"field_k0i88_label\" class=\"frm_primary_label\">Mailadress till dig som bokar\r\n\t\t<span class=\"frm_required\" aria-hidden=\"true\">*<\/span>\r\n\t<\/label>\r\n\t<input type=\"text\" id=\"field_k0i88\" name=\"item_meta[459]\" value=\"\"  data-reqmsg=\"Detta f\u00e4lt kan inte vara tomt.\" aria-required=\"true\" data-invmsg=\"Mailadress till dig som bokar \u00e4r ogiltigt\" aria-invalid=\"false\"  \/>\r\n\t\r\n\t\r\n<\/div>\n<div id=\"frm_field_461_container\" class=\"frm_form_field form-field  frm_required_field frm_top_container\">\r\n\t<label for=\"field_3qp6t\" id=\"field_3qp6t_label\" class=\"frm_primary_label\">Telefonnummer till dig som bokar:\r\n\t\t<span class=\"frm_required\" aria-hidden=\"true\">*<\/span>\r\n\t<\/label>\r\n\t<input type=\"text\" id=\"field_3qp6t\" name=\"item_meta[461]\" value=\"\"  data-reqmsg=\"Detta f\u00e4lt kan inte vara tomt.\" aria-required=\"true\" data-invmsg=\"Telefonnummer till dig som bokar: \u00e4r ogiltigt\" aria-invalid=\"false\"  \/>\r\n\t\r\n\t\r\n<\/div>\n<div id=\"frm_field_462_container\" class=\"frm_form_field form-field  frm_required_field frm_top_container\">\r\n\t<label for=\"field_uh961\" id=\"field_uh961_label\" class=\"frm_primary_label\">Antal vuxna:\r\n\t\t<span class=\"frm_required\" aria-hidden=\"true\">*<\/span>\r\n\t<\/label>\r\n\t<input type=\"text\" id=\"field_uh961\" name=\"item_meta[462]\" value=\"\"  data-reqmsg=\"Detta f\u00e4lt kan inte vara tomt.\" aria-required=\"true\" data-invmsg=\"Antal vuxna: \u00e4r ogiltigt\" aria-invalid=\"false\"  \/>\r\n\t\r\n\t\r\n<\/div>\n<div id=\"frm_field_457_container\" class=\"frm_form_field form-field  frm_required_field frm_top_container\">\r\n\t<label for=\"field_zf47t\" id=\"field_zf47t_label\" class=\"frm_primary_label\">Antal barn:\r\n\t\t<span class=\"frm_required\" aria-hidden=\"true\">*<\/span>\r\n\t<\/label>\r\n\t<input type=\"text\" id=\"field_zf47t\" name=\"item_meta[457]\" value=\"\"  data-reqmsg=\"Detta f\u00e4lt kan inte vara tomt.\" aria-required=\"true\" data-invmsg=\"Antal barn: \u00e4r ogiltigt\" aria-invalid=\"false\"  \/>\r\n\t\r\n\t\r\n<\/div>\n<div id=\"frm_field_465_container\" class=\"frm_form_field form-field  frm_required_field frm_top_container\">\r\n\t<label for=\"field_kvccp\" id=\"field_kvccp_label\" class=\"frm_primary_label\">\u00c5lder p\u00e5 barnet\/en:\r\n\t\t<span class=\"frm_required\" aria-hidden=\"true\">*<\/span>\r\n\t<\/label>\r\n\t<input type=\"text\" id=\"field_kvccp\" name=\"item_meta[465]\" value=\"\"  data-reqmsg=\"Detta f\u00e4lt kan inte vara tomt.\" aria-required=\"true\" data-invmsg=\"\u00c5lder p\u00e5 barnet\/en: \u00e4r ogiltigt\" aria-invalid=\"false\"  \/>\r\n\t\r\n\t\r\n<\/div>\n<div id=\"frm_field_460_container\" class=\"frm_form_field form-field  frm_top_container\">\r\n\t<label for=\"field_ybh66\" id=\"field_ybh66_label\" class=\"frm_primary_label\">Ange eventuella allergier:\r\n\t\t<span class=\"frm_required\" aria-hidden=\"true\"><\/span>\r\n\t<\/label>\r\n\t<input type=\"text\" id=\"field_ybh66\" name=\"item_meta[460]\" value=\"\"  data-invmsg=\"Ange eventuella allergier: \u00e4r ogiltigt\" aria-invalid=\"false\"  \/>\r\n\t\r\n\t\r\n<\/div>\n<div id=\"frm_field_464_container\" class=\"frm_form_field form-field  frm_top_container\">\r\n\t<label for=\"field_tifrf\" id=\"field_tifrf_label\" class=\"frm_primary_label\">\u00d6vrigt:\r\n\t\t<span class=\"frm_required\" aria-hidden=\"true\"><\/span>\r\n\t<\/label>\r\n\t<textarea name=\"item_meta[464]\" id=\"field_tifrf\" rows=\"5\"  data-invmsg=\"\u00d6vrigt: \u00e4r ogiltigt\" aria-invalid=\"false\"  ><\/textarea>\r\n\t\r\n\t\r\n<\/div>\n<div id=\"frm_field_466_container\" class=\"frm_form_field form-field  frm_required_field frm_top_container vertical_radio\">\r\n\t<div id=\"field_aznjp_label\" class=\"frm_primary_label\">H\u00e4rmed ger jag till\u00e5telse f\u00f6r foton av mitt barn att anv\u00e4ndas i sammanhang som \u00e4r relevanta f\u00f6r H\u00e5gelby 4H-g\u00e5rd\r\n\t\t<span class=\"frm_required\" aria-hidden=\"true\">*<\/span>\r\n\t<\/div>\r\n\t<div class=\"frm_opt_container\" role=\"group\">\t\t<div class=\"frm_checkbox\" id=\"frm_checkbox_466-0\">\t\t\t<label  for=\"field_aznjp-0\">\n\t\t\t<input type=\"checkbox\" name=\"item_meta[466][]\" id=\"field_aznjp-0\" value=\"Ja\"  data-reqmsg=\"Detta f\u00e4lt kan inte vara tomt.\" data-invmsg=\"H\u00e4rmed ger jag till\u00e5telse f\u00f6r foton av mitt barn att anv\u00e4ndas i sammanhang som \u00e4r relevanta f\u00f6r H\u00e5gelby 4H-g\u00e5rd \u00e4r ogiltigt\"   aria-required=\"true\"  \/> Ja<\/label><\/div>\n\t\t<div class=\"frm_checkbox\" id=\"frm_checkbox_466-1\">\t\t\t<label  for=\"field_aznjp-1\">\n\t\t\t<input type=\"checkbox\" name=\"item_meta[466][]\" id=\"field_aznjp-1\" value=\"Nej\"  data-reqmsg=\"Detta f\u00e4lt kan inte vara tomt.\" data-invmsg=\"H\u00e4rmed ger jag till\u00e5telse f\u00f6r foton av mitt barn att anv\u00e4ndas i sammanhang som \u00e4r relevanta f\u00f6r H\u00e5gelby 4H-g\u00e5rd \u00e4r ogiltigt\"   \/> Nej<\/label><\/div>\n<\/div>\r\n\t\r\n\t\r\n<\/div>\n<div id=\"frm_field_458_container\" class=\"frm_form_field form-field  frm_required_field frm_top_container vertical_radio\">\r\n\t<div id=\"field_xitb0_label\" class=\"frm_primary_label\">Medgivande av lagring av personuppgifter\r\n\t\t<span class=\"frm_required\" aria-hidden=\"true\">*<\/span>\r\n\t<\/div>\r\n\t<div class=\"frm_opt_container\" role=\"group\">\t\t<div class=\"frm_checkbox\" id=\"frm_checkbox_458-0\">\t\t\t<label  for=\"field_xitb0-0\">\n\t\t\t<input type=\"checkbox\" name=\"item_meta[458][]\" id=\"field_xitb0-0\" value=\"Godk\u00e4nn\"  data-reqmsg=\"Detta f\u00e4lt kan inte vara tomt.\" data-invmsg=\"Medgivande av lagring av personuppgifter \u00e4r ogiltigt\"   aria-required=\"true\"  \/> Godk\u00e4nn<\/label><\/div>\n<\/div>\r\n\t<div class=\"frm_description\" id=\"frm_desc_field_xitb0\">Jag godk\u00e4nner att H\u00e5gelby 4H- G\u00e5rd sparar mina\/mitt barns personuppgifter enligt GDPR. <\/div>\r\n\t\r\n<\/div>\n<div id=\"frm_field_455_container\" class=\"frm_form_field form-field \">\r\n\t<div class=\"frm_submit frm_flex\">\r\n<button class=\"frm_button_submit\" type=\"submit\" >Skicka<\/button>\r\n\r\n\r\n\r\n<\/div>\r\n<\/div>\n\t<input type=\"hidden\" name=\"item_key\" value=\"\" \/>\n\t\t\t<div id=\"frm_field_564_container\">\n\t\t\t<label for=\"field_nzykr\" >\n\t\t\t\tOm du \u00e4r m\u00e4nsklig, l\u00e4mna det h\u00e4r f\u00e4ltet tomt.\t\t\t<\/label>\n\t\t\t<input  id=\"field_nzykr\" type=\"text\" class=\"frm_form_field form-field frm_verify\" name=\"item_meta[564]\" value=\"\"  \/>\n\t\t<\/div>\n\t\t<input name=\"frm_state\" type=\"hidden\" value=\"uk7gacxGVMJnWVH0oI8SluBjmiJjUAx7k0qglxO\/Mzc=\" \/><\/div>\n<\/fieldset>\n<\/div>\n\n<\/form>\n<\/div>\n[\/vc_column_text][vc_row_inner][vc_column_inner width=&#8221;1\/2&#8243;][\/vc_column_inner][vc_column_inner width=&#8221;1\/2&#8243; css_animation=&#8221;&#8221; css=&#8221;.vc_custom_1748351840370{padding-top: 15px !important;padding-right: 20px !important;padding-bottom: 20px !important;padding-left: 20px !important;background-color: #FFFFFF !important;border-radius: 15px !important;}&#8221;][vc_column_text]<\/p>\n<h2 style=\"text-align: left;\"><span data-olk-copy-source=\"MessageBody\">Kom till 4H efter skolavslutningen!<br \/>\nonsdagen den 11\/6<\/span><\/h2>\n<div class=\"x_elementToProof\" style=\"text-align: left;\"><strong>F\u00f6r vem?<\/strong> F\u00f6r barn som haft skolavslutning f\u00f6r l\u00e5g- eller mellanstadiet<br \/>\n<strong>N\u00e4r?<\/strong> 11\/6 kl.\u00a0Kl. 10.30-13<br \/>\nDet \u00e4r drop in fram till kl.11.15<\/div>\n<p style=\"text-align: left;\"><strong>Kostnad?<\/strong> 75kr\/barn, 50kr\/vuxen<br \/>\n<strong>Bokas?<\/strong> I fomul\u00e4ret l\u00e4ngre ner<\/p>\n<p style=\"text-align: left;\">Tips! Ta g\u00e4rna med er egen picknick<\/p>\n<p>Vi har k\u00e4pph\u00e4star, spel, femkampslekar framst\u00e4llda som ni kan l\u00e5na fritt.[\/vc_column_text][\/vc_column_inner][vc_column_inner width=&#8221;1\/2&#8243;][\/vc_column_inner][vc_row_inner][\/vc_row_inner][\/vc_row_inner][\/vc_column][\/vc_row]<\/p>\n<\/div>","protected":false},"excerpt":{"rendered":"<p>[vc_row full_width=&#8221;stretch_row&#8221; css=&#8221;.vc_custom_1747396899853{margin-top: -110px !important;background-color: #008B44 !important;}&#8221;][vc_column][vc_single_image image=&#8221;1660&#8243; img_size=&#8221;full&#8221; alignment=&#8221;center&#8221; css=&#8221;&#8221;][vc_column_text css=&#8221;.vc_custom_1749569907758{padding-top: 25px !important;padding-right: 20px !important;padding-bottom: 20px !important;padding-left: 20px !important;background-color: #FFFFFF !important;border-radius: 10px !important;}&#8221;] Ta med familjen till 4H efter skolavslutningen! onsdagen den 11\/6 F\u00f6r vem? F\u00f6r barn som haft skolavslutning f\u00f6r l\u00e5g- eller mellanstadiet, med familj N\u00e4r? 11\/6 kl.&nbsp;Kl. 10.30-13 Det \u00e4r drop in&nbsp; <a href=\"https:\/\/www.4h.se\/hagelby\/skolavslutningskalas\/\">&hellip; Read more <i class=\"glyphicon glyphicon-arrow-right\"><\/i><\/a><\/p>\n","protected":false},"author":147,"featured_media":0,"parent":0,"menu_order":0,"comment_status":"closed","ping_status":"closed","template":"","meta":{"footnotes":""},"class_list":["post-1647","page","type-page","status-publish","hentry"],"yoast_head":"<!-- This site is optimized with the Yoast SEO plugin v27.4 - https:\/\/yoast.com\/product\/yoast-seo-wordpress\/ -->\n<title>Skolavslutningskalas - H\u00e5gelby 4H-g\u00e5rd<\/title>\n<meta name=\"robots\" content=\"index, follow, max-snippet:-1, max-image-preview:large, max-video-preview:-1\" \/>\n<link rel=\"canonical\" href=\"https:\/\/www.4h.se\/hagelby\/skolavslutningskalas\/\" \/>\n<meta property=\"og:locale\" content=\"sv_SE\" \/>\n<meta property=\"og:type\" content=\"article\" \/>\n<meta property=\"og:title\" content=\"Skolavslutningskalas - H\u00e5gelby 4H-g\u00e5rd\" \/>\n<meta property=\"og:description\" content=\"[vc_row full_width=&#8221;stretch_row&#8221; css=&#8221;.vc_custom_1747396899853{margin-top: -110px !important;background-color: #008B44 !important;}&#8221;][vc_column][vc_single_image image=&#8221;1660&#8243; img_size=&#8221;full&#8221; alignment=&#8221;center&#8221; css=&#8221;&#8221;][vc_column_text css=&#8221;.vc_custom_1749569907758{padding-top: 25px !important;padding-right: 20px !important;padding-bottom: 20px !important;padding-left: 20px !important;background-color: #FFFFFF !important;border-radius: 10px !important;}&#8221;] Ta med familjen till 4H efter skolavslutningen! onsdagen den 11\/6 F\u00f6r vem? F\u00f6r barn som haft skolavslutning f\u00f6r l\u00e5g- eller mellanstadiet, med familj N\u00e4r? 11\/6 kl.&nbsp;Kl. 10.30-13 Det \u00e4r drop in&nbsp; &hellip; Read more\" \/>\n<meta property=\"og:url\" content=\"https:\/\/www.4h.se\/hagelby\/skolavslutningskalas\/\" \/>\n<meta property=\"og:site_name\" content=\"H\u00e5gelby 4H-g\u00e5rd\" \/>\n<meta property=\"article:modified_time\" content=\"2025-06-10T15:38:33+00:00\" \/>\n<meta name=\"twitter:card\" content=\"summary_large_image\" \/>\n<script type=\"application\/ld+json\" class=\"yoast-schema-graph\">{\"@context\":\"https:\\\/\\\/schema.org\",\"@graph\":[{\"@type\":\"WebPage\",\"@id\":\"https:\\\/\\\/www.4h.se\\\/hagelby\\\/skolavslutningskalas\\\/\",\"url\":\"https:\\\/\\\/www.4h.se\\\/hagelby\\\/skolavslutningskalas\\\/\",\"name\":\"Skolavslutningskalas - H\u00e5gelby 4H-g\u00e5rd\",\"isPartOf\":{\"@id\":\"https:\\\/\\\/www.4h.se\\\/hagelby\\\/#website\"},\"datePublished\":\"2025-05-16T11:58:20+00:00\",\"dateModified\":\"2025-06-10T15:38:33+00:00\",\"breadcrumb\":{\"@id\":\"https:\\\/\\\/www.4h.se\\\/hagelby\\\/skolavslutningskalas\\\/#breadcrumb\"},\"inLanguage\":\"sv-SE\",\"potentialAction\":[{\"@type\":\"ReadAction\",\"target\":[\"https:\\\/\\\/www.4h.se\\\/hagelby\\\/skolavslutningskalas\\\/\"]}]},{\"@type\":\"BreadcrumbList\",\"@id\":\"https:\\\/\\\/www.4h.se\\\/hagelby\\\/skolavslutningskalas\\\/#breadcrumb\",\"itemListElement\":[{\"@type\":\"ListItem\",\"position\":1,\"name\":\"Hem\",\"item\":\"https:\\\/\\\/www.4h.se\\\/hagelby\\\/\"},{\"@type\":\"ListItem\",\"position\":2,\"name\":\"Skolavslutningskalas\"}]},{\"@type\":\"WebSite\",\"@id\":\"https:\\\/\\\/www.4h.se\\\/hagelby\\\/#website\",\"url\":\"https:\\\/\\\/www.4h.se\\\/hagelby\\\/\",\"name\":\"H\u00e5gelby 4H-g\u00e5rd\",\"description\":\"\",\"potentialAction\":[{\"@type\":\"SearchAction\",\"target\":{\"@type\":\"EntryPoint\",\"urlTemplate\":\"https:\\\/\\\/www.4h.se\\\/hagelby\\\/?s={search_term_string}\"},\"query-input\":{\"@type\":\"PropertyValueSpecification\",\"valueRequired\":true,\"valueName\":\"search_term_string\"}}],\"inLanguage\":\"sv-SE\"}]}<\/script>\n<!-- \/ Yoast SEO plugin. -->","yoast_head_json":{"title":"Skolavslutningskalas - H\u00e5gelby 4H-g\u00e5rd","robots":{"index":"index","follow":"follow","max-snippet":"max-snippet:-1","max-image-preview":"max-image-preview:large","max-video-preview":"max-video-preview:-1"},"canonical":"https:\/\/www.4h.se\/hagelby\/skolavslutningskalas\/","og_locale":"sv_SE","og_type":"article","og_title":"Skolavslutningskalas - H\u00e5gelby 4H-g\u00e5rd","og_description":"[vc_row full_width=&#8221;stretch_row&#8221; css=&#8221;.vc_custom_1747396899853{margin-top: -110px !important;background-color: #008B44 !important;}&#8221;][vc_column][vc_single_image image=&#8221;1660&#8243; img_size=&#8221;full&#8221; alignment=&#8221;center&#8221; css=&#8221;&#8221;][vc_column_text css=&#8221;.vc_custom_1749569907758{padding-top: 25px !important;padding-right: 20px !important;padding-bottom: 20px !important;padding-left: 20px !important;background-color: #FFFFFF !important;border-radius: 10px !important;}&#8221;] Ta med familjen till 4H efter skolavslutningen! onsdagen den 11\/6 F\u00f6r vem? F\u00f6r barn som haft skolavslutning f\u00f6r l\u00e5g- eller mellanstadiet, med familj N\u00e4r? 11\/6 kl.&nbsp;Kl. 10.30-13 Det \u00e4r drop in&nbsp; &hellip; Read more","og_url":"https:\/\/www.4h.se\/hagelby\/skolavslutningskalas\/","og_site_name":"H\u00e5gelby 4H-g\u00e5rd","article_modified_time":"2025-06-10T15:38:33+00:00","twitter_card":"summary_large_image","schema":{"@context":"https:\/\/schema.org","@graph":[{"@type":"WebPage","@id":"https:\/\/www.4h.se\/hagelby\/skolavslutningskalas\/","url":"https:\/\/www.4h.se\/hagelby\/skolavslutningskalas\/","name":"Skolavslutningskalas - H\u00e5gelby 4H-g\u00e5rd","isPartOf":{"@id":"https:\/\/www.4h.se\/hagelby\/#website"},"datePublished":"2025-05-16T11:58:20+00:00","dateModified":"2025-06-10T15:38:33+00:00","breadcrumb":{"@id":"https:\/\/www.4h.se\/hagelby\/skolavslutningskalas\/#breadcrumb"},"inLanguage":"sv-SE","potentialAction":[{"@type":"ReadAction","target":["https:\/\/www.4h.se\/hagelby\/skolavslutningskalas\/"]}]},{"@type":"BreadcrumbList","@id":"https:\/\/www.4h.se\/hagelby\/skolavslutningskalas\/#breadcrumb","itemListElement":[{"@type":"ListItem","position":1,"name":"Hem","item":"https:\/\/www.4h.se\/hagelby\/"},{"@type":"ListItem","position":2,"name":"Skolavslutningskalas"}]},{"@type":"WebSite","@id":"https:\/\/www.4h.se\/hagelby\/#website","url":"https:\/\/www.4h.se\/hagelby\/","name":"H\u00e5gelby 4H-g\u00e5rd","description":"","potentialAction":[{"@type":"SearchAction","target":{"@type":"EntryPoint","urlTemplate":"https:\/\/www.4h.se\/hagelby\/?s={search_term_string}"},"query-input":{"@type":"PropertyValueSpecification","valueRequired":true,"valueName":"search_term_string"}}],"inLanguage":"sv-SE"}]}},"_links":{"self":[{"href":"https:\/\/www.4h.se\/hagelby\/wp-json\/wp\/v2\/pages\/1647","targetHints":{"allow":["GET"]}}],"collection":[{"href":"https:\/\/www.4h.se\/hagelby\/wp-json\/wp\/v2\/pages"}],"about":[{"href":"https:\/\/www.4h.se\/hagelby\/wp-json\/wp\/v2\/types\/page"}],"author":[{"embeddable":true,"href":"https:\/\/www.4h.se\/hagelby\/wp-json\/wp\/v2\/users\/147"}],"replies":[{"embeddable":true,"href":"https:\/\/www.4h.se\/hagelby\/wp-json\/wp\/v2\/comments?post=1647"}],"version-history":[{"count":0,"href":"https:\/\/www.4h.se\/hagelby\/wp-json\/wp\/v2\/pages\/1647\/revisions"}],"wp:attachment":[{"href":"https:\/\/www.4h.se\/hagelby\/wp-json\/wp\/v2\/media?parent=1647"}],"curies":[{"name":"wp","href":"https:\/\/api.w.org\/{rel}","templated":true}]}}