



{"id":1540,"date":"2025-01-22T11:48:07","date_gmt":"2025-01-22T10:48:07","guid":{"rendered":"https:\/\/www.4h.se\/hagelby\/?page_id=1540"},"modified":"2026-03-27T09:44:59","modified_gmt":"2026-03-27T08:44:59","slug":"bokabesok","status":"publish","type":"page","link":"https:\/\/www.4h.se\/hagelby\/bokabesok\/","title":{"rendered":"Djurbes\u00f6k"},"content":{"rendered":"<div class=\"wpb-content-wrapper\"><p>[vc_row full_width=&#8221;stretch_row&#8221; gap=&#8221;5&#8243; css=&#8221;.vc_custom_1712053085574{background-color: #008b44 !important;}&#8221;][vc_column width=&#8221;2\/3&#8243; css=&#8221;.vc_custom_1737543053503{background-color: #ffffff !important;border-radius: 15px !important;}&#8221;][vc_column_text css=&#8221;&#8221;]<\/p>\n<h1 style=\"text-align: left;\"><strong>Djurbes\u00f6k<\/strong><\/h1>\n<p style=\"text-align: left;\">Boka ett mysigt bes\u00f6k hos v\u00e5ra grisar, h\u00f6ns, getter eller f\u00e5r och lamm!<\/p>\n<p style=\"text-align: left;\">Tillsammans med en av g\u00e5rdens djurv\u00e5rdare f\u00e5r ni h\u00e4lsa p\u00e5 n\u00e5got av g\u00e5rdens djur!<\/p>\n<p style=\"text-align: left;\">Bes\u00f6ket p\u00e5g\u00e5r i 20 min och kostar 200kr p\u00e5 vardagar, 250kr p\u00e5 helger.<\/p>\n<p style=\"text-align: left;\">Bokning sker via formul\u00e4ret nedan. <em>T\u00e4nk p\u00e5 att vi kollar bokningar fram till kl. 16.00 dagen innan helg eller r\u00f6d dag. Efter det g\u00e5r det tyv\u00e4rr inte att boka till samma helg.&nbsp;<\/em><\/p>\n<p><em>F\u00f6r bokning som g\u00e4ller samma dag &#8211; ring eller skicka ett sms till 0707379193 d\u00e5 mailen inte l\u00e4ses av lika frekvent under denna period.&nbsp;<\/em><\/p>\n<h4>Vill ni hellre boka guidning f\u00f6rbi alla djur f\u00f6r familjen? H\u00f6r av er till hagelby@4h.se vid intresse!<\/h4>\n<p>[\/vc_column_text][vc_column_text css=&#8221;&#8221;]<div class=\"frm_forms  with_frm_style frm_style_formidable-style\" id=\"frm_form_36_container\" >\n<form enctype=\"multipart\/form-data\" method=\"post\" class=\"frm-show-form \" id=\"form_bygl93\" >\n<div class=\"frm_form_fields \">\n<fieldset>\n<legend class=\"frm_hidden\">Bokning- djurbes\u00f6k<\/legend>\r\n\r\n<div class=\"frm_fields_container\">\n<input type=\"hidden\" name=\"frm_action\" value=\"create\" \/>\n<input type=\"hidden\" name=\"form_id\" value=\"36\" \/>\n<input type=\"hidden\" name=\"frm_hide_fields_36\" id=\"frm_hide_fields_36\" value=\"\" \/>\n<input type=\"hidden\" name=\"form_key\" value=\"bygl93\" \/>\n<input type=\"hidden\" name=\"item_meta[0]\" value=\"\" \/>\n<input type=\"hidden\" id=\"frm_submit_entry_36\" name=\"frm_submit_entry_36\" value=\"8dd9c5afe1\" \/><input type=\"hidden\" name=\"_wp_http_referer\" value=\"\/hagelby\/wp-json\/wp\/v2\/pages\/1540\" \/><div id=\"frm_field_411_container\" class=\"frm_form_field form-field  frm_required_field frm_top_container\">\r\n    <label for=\"field_kbkxd3\" class=\"frm_primary_label\">Namn p\u00e5 dig som bokar\r\n        <span class=\"frm_required\">*<\/span>\r\n    <\/label>\r\n    <input type=\"text\" id=\"field_kbkxd3\" name=\"item_meta[411]\" value=\"\"  data-reqmsg=\"Detta f\u00e4lt kan inte vara tomt.\" aria-required=\"true\" data-invmsg=\"Namn p\u00e5 dig som bokar \u00e4r ogiltigt\" aria-invalid=\"false\"  \/>\r\n    \r\n    \r\n<\/div>\n<div id=\"frm_field_412_container\" class=\"frm_form_field form-field  frm_required_field frm_top_container\">\r\n    <label for=\"field_xa25z3\" class=\"frm_primary_label\">Mailadress p\u00e5 dig som bokar\r\n        <span class=\"frm_required\">*<\/span>\r\n    <\/label>\r\n    <input type=\"text\" id=\"field_xa25z3\" name=\"item_meta[412]\" value=\"\"  data-reqmsg=\"Detta f\u00e4lt kan inte vara tomt.\" aria-required=\"true\" data-invmsg=\"Mailadress p\u00e5 dig som bokar \u00e4r ogiltigt\" aria-invalid=\"false\"   aria-describedby=\"frm_desc_field_xa25z3\"\/>\r\n    <div id=\"frm_desc_field_xa25z3\" class=\"frm_description\">Hit skickas bekr\u00e4ftelsen<\/div>\r\n    \r\n<\/div>\n<div id=\"frm_field_413_container\" class=\"frm_form_field form-field  frm_required_field frm_top_container\">\r\n    <label for=\"field_itzwq3\" class=\"frm_primary_label\">Telefonnummer till dig som bokar\r\n        <span class=\"frm_required\">*<\/span>\r\n    <\/label>\r\n    <input type=\"text\" id=\"field_itzwq3\" name=\"item_meta[413]\" value=\"\"  data-reqmsg=\"Detta f\u00e4lt kan inte vara tomt.\" aria-required=\"true\" data-invmsg=\"Telefonnummer till dig som bokar \u00e4r ogiltigt\" aria-invalid=\"false\"  \/>\r\n    \r\n    \r\n<\/div>\n<div id=\"frm_field_415_container\" class=\"frm_form_field form-field  frm_required_field frm_top_container\">\r\n    <label for=\"field_qrgty3\" class=\"frm_primary_label\">Antal barn och vuxna\r\n        <span class=\"frm_required\">*<\/span>\r\n    <\/label>\r\n    <textarea name=\"item_meta[415]\" id=\"field_qrgty3\" rows=\"5\"  data-reqmsg=\"Detta f\u00e4lt kan inte vara tomt.\" aria-required=\"true\" data-invmsg=\"Antal barn och vuxna \u00e4r ogiltigt\" aria-invalid=\"false\"   aria-describedby=\"frm_desc_field_qrgty3\"><\/textarea>\r\n    <div id=\"frm_desc_field_qrgty3\" class=\"frm_description\">Ange g\u00e4rna \u00e5lder p\u00e5 barn.<\/div>\r\n    \r\n<\/div>\n<div id=\"frm_field_454_container\" class=\"frm_form_field form-field  frm_required_field frm_top_container frm12 frm_first vertical_radio\">\r\n\t<div id=\"field_pqjkh_label\" class=\"frm_primary_label\">Vi \u00f6nskar att bes\u00f6ka\r\n\t\t<span class=\"frm_required\" aria-hidden=\"true\">*<\/span>\r\n\t<\/div>\r\n\t<div class=\"frm_opt_container\" role=\"radiogroup\" aria-required=\"true\">\t\t<div class=\"frm_radio\" id=\"frm_radio_454-0\">\t\t\t<label  for=\"field_pqjkh-0\">\n\t\t\t\t\t<input type=\"radio\" name=\"item_meta[454]\" id=\"field_pqjkh-0\" value=\"Grisar\"\n\t\t data-reqmsg=\"Detta f\u00e4lt kan inte vara tomt.\" data-invmsg=\"Vi \u00f6nskar att bes\u00f6ka \u00e4r ogiltigt\"   \/> Grisar<\/label><\/div>\n\t\t<div class=\"frm_radio\" id=\"frm_radio_454-1\">\t\t\t<label  for=\"field_pqjkh-1\">\n\t\t\t\t\t<input type=\"radio\" name=\"item_meta[454]\" id=\"field_pqjkh-1\" value=\"H\u00f6ns\"\n\t\t data-reqmsg=\"Detta f\u00e4lt kan inte vara tomt.\" data-invmsg=\"Vi \u00f6nskar att bes\u00f6ka \u00e4r ogiltigt\"   \/> H\u00f6ns<\/label><\/div>\n\t\t<div class=\"frm_radio\" id=\"frm_radio_454-2\">\t\t\t<label  for=\"field_pqjkh-2\">\n\t\t\t\t\t<input type=\"radio\" name=\"item_meta[454]\" id=\"field_pqjkh-2\" value=\"Getter\"\n\t\t data-reqmsg=\"Detta f\u00e4lt kan inte vara tomt.\" data-invmsg=\"Vi \u00f6nskar att bes\u00f6ka \u00e4r ogiltigt\"   \/> Getter<\/label><\/div>\n\t\t<div class=\"frm_radio\" id=\"frm_radio_454-3\">\t\t\t<label  for=\"field_pqjkh-3\">\n\t\t\t\t\t<input type=\"radio\" name=\"item_meta[454]\" id=\"field_pqjkh-3\" value=\"F\u00e5r\"\n\t\t data-reqmsg=\"Detta f\u00e4lt kan inte vara tomt.\" data-invmsg=\"Vi \u00f6nskar att bes\u00f6ka \u00e4r ogiltigt\"   \/> F\u00e5r<\/label><\/div>\n\t\t<div class=\"frm_radio\" id=\"frm_radio_454-4\">\t\t\t<label  for=\"field_pqjkh-4\">\n\t\t\t\t\t<input type=\"radio\" name=\"item_meta[454]\" id=\"field_pqjkh-4\" value=\"Lamm\"\n\t\t data-reqmsg=\"Detta f\u00e4lt kan inte vara tomt.\" data-invmsg=\"Vi \u00f6nskar att bes\u00f6ka \u00e4r ogiltigt\"   \/> Lamm<\/label><\/div>\n<\/div>\r\n\t\r\n\t\r\n<\/div>\n<div id=\"frm_field_555_container\" class=\"frm_form_field form-field  frm_required_field frm_top_container frm12 frm_first vertical_radio\">\r\n\t<div id=\"field_68of1_label\" class=\"frm_primary_label\">Dag och tid jag \u00f6nskar boka:\r\n\t\t<span class=\"frm_required\" aria-hidden=\"true\">*<\/span>\r\n\t<\/div>\r\n\t<div class=\"frm_opt_container\" role=\"radiogroup\" aria-required=\"true\">\t\t<div class=\"frm_radio\" id=\"frm_radio_555-0\">\t\t\t<label  for=\"field_68of1-0\">\n\t\t\t\t\t<input type=\"radio\" name=\"item_meta[555]\" id=\"field_68of1-0\" value=\"L\u00f6rdag 25\/4 kl. 14.40\"\n\t\t data-reqmsg=\"Detta f\u00e4lt kan inte vara tomt.\" data-invmsg=\"Dag och tid jag \u00f6nskar boka: \u00e4r ogiltigt\"   \/> L\u00f6rdag 25\/4 kl. 14.40<\/label><\/div>\n\t\t<div class=\"frm_radio\" id=\"frm_radio_555-1\">\t\t\t<label  for=\"field_68of1-1\">\n\t\t\t\t\t<input type=\"radio\" name=\"item_meta[555]\" id=\"field_68of1-1\" value=\"L\u00f6rdag 25\/4 kl. 15.00\"\n\t\t data-reqmsg=\"Detta f\u00e4lt kan inte vara tomt.\" data-invmsg=\"Dag och tid jag \u00f6nskar boka: \u00e4r ogiltigt\"   \/> L\u00f6rdag 25\/4 kl. 15.00<\/label><\/div>\n\t\t<div class=\"frm_radio\" id=\"frm_radio_555-2\">\t\t\t<label  for=\"field_68of1-2\">\n\t\t\t\t\t<input type=\"radio\" name=\"item_meta[555]\" id=\"field_68of1-2\" value=\"Annat - \u00f6nska dag och tid nedan\"\n\t\t data-reqmsg=\"Detta f\u00e4lt kan inte vara tomt.\" data-invmsg=\"Dag och tid jag \u00f6nskar boka: \u00e4r ogiltigt\"   \/> Annat - \u00f6nska dag och tid nedan<\/label><\/div>\n<\/div>\r\n\t\r\n\t\r\n<\/div>\n<div id=\"frm_field_417_container\" class=\"frm_form_field form-field  frm_top_container\">\r\n    <label for=\"field_gfqpo3\" class=\"frm_primary_label\">Annan information till oss\r\n        <span class=\"frm_required\"><\/span>\r\n    <\/label>\r\n    <textarea name=\"item_meta[417]\" id=\"field_gfqpo3\"  data-invmsg=\"Annan information till oss \u00e4r ogiltigt\" aria-invalid=\"false\"  ><\/textarea>\r\n    \r\n    \r\n<\/div>\n<div id=\"frm_field_503_container\" class=\"frm_form_field form-field  frm_top_container vertical_radio\">\r\n\t<div id=\"field_krmlt_label\" class=\"frm_primary_label\">Hur hittade du H\u00e5gelby 4H-G\u00e5rd?\r\n\t\t<span class=\"frm_required\" aria-hidden=\"true\"><\/span>\r\n\t<\/div>\r\n\t<div class=\"frm_opt_container\" role=\"radiogroup\">\t\t<div class=\"frm_radio\" id=\"frm_radio_503-0\">\t\t\t<label  for=\"field_krmlt-0\">\n\t\t\t\t\t<input type=\"radio\" name=\"item_meta[503]\" id=\"field_krmlt-0\" value=\"Lapp i brevl\u00e5dan\"\n\t\t data-invmsg=\"Hur hittade du H\u00e5gelby 4H-G\u00e5rd? \u00e4r ogiltigt\"   \/> Lapp i brevl\u00e5dan<\/label><\/div>\n\t\t<div class=\"frm_radio\" id=\"frm_radio_503-1\">\t\t\t<label  for=\"field_krmlt-1\">\n\t\t\t\t\t<input type=\"radio\" name=\"item_meta[503]\" id=\"field_krmlt-1\" value=\"Sociala medier\"\n\t\t data-invmsg=\"Hur hittade du H\u00e5gelby 4H-G\u00e5rd? \u00e4r ogiltigt\"   \/> Sociala medier<\/label><\/div>\n\t\t<div class=\"frm_radio\" id=\"frm_radio_503-2\">\t\t\t<label  for=\"field_krmlt-2\">\n\t\t\t\t\t<input type=\"radio\" name=\"item_meta[503]\" id=\"field_krmlt-2\" value=\"Blev tipsad av n\u00e5gon\"\n\t\t data-invmsg=\"Hur hittade du H\u00e5gelby 4H-G\u00e5rd? \u00e4r ogiltigt\"   \/> Blev tipsad av n\u00e5gon<\/label><\/div>\n\t\t<div class=\"frm_radio\" id=\"frm_radio_503-3\">\t\t\t<label  for=\"field_krmlt-3\">\n\t\t\t\t\t<input type=\"radio\" name=\"item_meta[503]\" id=\"field_krmlt-3\" value=\"Annat\"\n\t\t data-invmsg=\"Hur hittade du H\u00e5gelby 4H-G\u00e5rd? \u00e4r ogiltigt\"   \/> Annat<\/label><\/div>\n<\/div>\r\n\t\r\n\t\r\n<\/div>\n<div id=\"frm_field_418_container\" class=\"frm_form_field form-field \">\r\n\t<div class=\"frm_submit\">\r\n\r\n<button class=\"frm_button_submit\" type=\"submit\" >Anm\u00e4la<\/button>\r\n\r\n<\/div>\r\n<\/div>\n\t<input type=\"hidden\" name=\"item_key\" value=\"\" \/>\n\t\t\t<div id=\"frm_field_578_container\">\n\t\t\t<label for=\"field_n9nl3\" >\n\t\t\t\tOm du \u00e4r m\u00e4nsklig, l\u00e4mna det h\u00e4r f\u00e4ltet tomt.\t\t\t<\/label>\n\t\t\t<input  id=\"field_n9nl3\" type=\"text\" class=\"frm_form_field form-field frm_verify\" name=\"item_meta[578]\" value=\"\"  \/>\n\t\t<\/div>\n\t\t<input name=\"frm_state\" type=\"hidden\" value=\"uk7gacxGVMJnWVH0oI8Slh1Bwi7seAQwB6Vuc3nuAB4=\" \/><\/div>\n<\/fieldset>\n<\/div>\n\n<\/form>\n<\/div>\n[\/vc_column_text][\/vc_column][vc_column width=&#8221;1\/3&#8243;][vc_single_image image=&#8221;1624&#8243; img_size=&#8221;full&#8221; alignment=&#8221;right&#8221; css=&#8221;.vc_custom_1745507619072{border-radius: 15px !important;border-color: #000000 !important;}&#8221;][vc_single_image image=&#8221;1623&#8243; img_size=&#8221;full&#8221; alignment=&#8221;right&#8221; css=&#8221;.vc_custom_1745507634651{border-radius: 15px !important;border-color: #000000 !important;}&#8221;][vc_single_image image=&#8221;1627&#8243; img_size=&#8221;full&#8221; alignment=&#8221;right&#8221; css=&#8221;.vc_custom_1745507678333{border-radius: 15px !important;border-color: #000000 !important;}&#8221;][vc_single_image image=&#8221;1629&#8243; img_size=&#8221;full&#8221; alignment=&#8221;right&#8221; css=&#8221;.vc_custom_1745507759093{border-radius: 15px !important;border-color: #000000 !important;}&#8221;][\/vc_column][\/vc_row][vc_row disable_element=&#8221;yes&#8221;][vc_column][\/vc_column][\/vc_row]<\/p>\n<\/div>","protected":false},"excerpt":{"rendered":"<p>[vc_row full_width=&#8221;stretch_row&#8221; gap=&#8221;5&#8243; css=&#8221;.vc_custom_1712053085574{background-color: #008b44 !important;}&#8221;][vc_column width=&#8221;2\/3&#8243; css=&#8221;.vc_custom_1737543053503{background-color: #ffffff !important;border-radius: 15px !important;}&#8221;][vc_column_text css=&#8221;&#8221;] Djurbes\u00f6k Boka ett mysigt bes\u00f6k hos v\u00e5ra grisar, h\u00f6ns, getter eller f\u00e5r och lamm! Tillsammans med en av g\u00e5rdens djurv\u00e5rdare f\u00e5r ni h\u00e4lsa p\u00e5 n\u00e5got av g\u00e5rdens djur! Bes\u00f6ket p\u00e5g\u00e5r i 20 min och kostar 200kr p\u00e5 vardagar, 250kr p\u00e5 helger. Bokning&nbsp; <a href=\"https:\/\/www.4h.se\/hagelby\/bokabesok\/\">&hellip; Read more <i class=\"glyphicon glyphicon-arrow-right\"><\/i><\/a><\/p>\n","protected":false},"author":147,"featured_media":0,"parent":0,"menu_order":96,"comment_status":"closed","ping_status":"closed","template":"","meta":{"_acf_changed":false,"footnotes":""},"class_list":["post-1540","page","type-page","status-publish","hentry"],"acf":[],"yoast_head":"<!-- This site is optimized with the Yoast SEO plugin v27.5 - https:\/\/yoast.com\/product\/yoast-seo-wordpress\/ -->\n<title>Djurbes\u00f6k - H\u00e5gelby 4H-g\u00e5rd<\/title>\n<meta name=\"description\" content=\"V\u00e4lkommen att boka ett bes\u00f6k med din skola eller f\u00f6rskola hos oss p\u00e5 H\u00e5gelby 4H-g\u00e5rd. H\u00e4r hittar ni mer information om v\u00e5ra olika bes\u00f6ksprogram\" \/>\n<meta name=\"robots\" content=\"index, follow, max-snippet:-1, max-image-preview:large, max-video-preview:-1\" \/>\n<link rel=\"canonical\" href=\"https:\/\/www.4h.se\/hagelby\/bokabesok\/\" \/>\n<meta property=\"og:locale\" content=\"sv_SE\" \/>\n<meta property=\"og:type\" content=\"article\" \/>\n<meta property=\"og:title\" content=\"Djurbes\u00f6k - H\u00e5gelby 4H-g\u00e5rd\" \/>\n<meta property=\"og:description\" content=\"V\u00e4lkommen att boka ett bes\u00f6k med din skola eller f\u00f6rskola hos oss p\u00e5 H\u00e5gelby 4H-g\u00e5rd. H\u00e4r hittar ni mer information om v\u00e5ra olika bes\u00f6ksprogram\" \/>\n<meta property=\"og:url\" content=\"https:\/\/www.4h.se\/hagelby\/bokabesok\/\" \/>\n<meta property=\"og:site_name\" content=\"H\u00e5gelby 4H-g\u00e5rd\" \/>\n<meta property=\"article:modified_time\" content=\"2026-03-27T08:44:59+00:00\" \/>\n<meta name=\"twitter:card\" content=\"summary_large_image\" \/>\n<script type=\"application\/ld+json\" class=\"yoast-schema-graph\">{\"@context\":\"https:\\\/\\\/schema.org\",\"@graph\":[{\"@type\":\"WebPage\",\"@id\":\"https:\\\/\\\/www.4h.se\\\/hagelby\\\/bokabesok\\\/\",\"url\":\"https:\\\/\\\/www.4h.se\\\/hagelby\\\/bokabesok\\\/\",\"name\":\"Djurbes\u00f6k - H\u00e5gelby 4H-g\u00e5rd\",\"isPartOf\":{\"@id\":\"https:\\\/\\\/www.4h.se\\\/hagelby\\\/#website\"},\"datePublished\":\"2025-01-22T10:48:07+00:00\",\"dateModified\":\"2026-03-27T08:44:59+00:00\",\"description\":\"V\u00e4lkommen att boka ett bes\u00f6k med din skola eller f\u00f6rskola hos oss p\u00e5 H\u00e5gelby 4H-g\u00e5rd. H\u00e4r hittar ni mer information om v\u00e5ra olika bes\u00f6ksprogram\",\"breadcrumb\":{\"@id\":\"https:\\\/\\\/www.4h.se\\\/hagelby\\\/bokabesok\\\/#breadcrumb\"},\"inLanguage\":\"sv-SE\",\"potentialAction\":[{\"@type\":\"ReadAction\",\"target\":[\"https:\\\/\\\/www.4h.se\\\/hagelby\\\/bokabesok\\\/\"]}]},{\"@type\":\"BreadcrumbList\",\"@id\":\"https:\\\/\\\/www.4h.se\\\/hagelby\\\/bokabesok\\\/#breadcrumb\",\"itemListElement\":[{\"@type\":\"ListItem\",\"position\":1,\"name\":\"Hem\",\"item\":\"https:\\\/\\\/www.4h.se\\\/hagelby\\\/\"},{\"@type\":\"ListItem\",\"position\":2,\"name\":\"Djurbes\u00f6k\"}]},{\"@type\":\"WebSite\",\"@id\":\"https:\\\/\\\/www.4h.se\\\/hagelby\\\/#website\",\"url\":\"https:\\\/\\\/www.4h.se\\\/hagelby\\\/\",\"name\":\"H\u00e5gelby 4H-g\u00e5rd\",\"description\":\"\",\"potentialAction\":[{\"@type\":\"SearchAction\",\"target\":{\"@type\":\"EntryPoint\",\"urlTemplate\":\"https:\\\/\\\/www.4h.se\\\/hagelby\\\/?s={search_term_string}\"},\"query-input\":{\"@type\":\"PropertyValueSpecification\",\"valueRequired\":true,\"valueName\":\"search_term_string\"}}],\"inLanguage\":\"sv-SE\"}]}<\/script>\n<!-- \/ Yoast SEO plugin. -->","yoast_head_json":{"title":"Djurbes\u00f6k - H\u00e5gelby 4H-g\u00e5rd","description":"V\u00e4lkommen att boka ett bes\u00f6k med din skola eller f\u00f6rskola hos oss p\u00e5 H\u00e5gelby 4H-g\u00e5rd. H\u00e4r hittar ni mer information om v\u00e5ra olika bes\u00f6ksprogram","robots":{"index":"index","follow":"follow","max-snippet":"max-snippet:-1","max-image-preview":"max-image-preview:large","max-video-preview":"max-video-preview:-1"},"canonical":"https:\/\/www.4h.se\/hagelby\/bokabesok\/","og_locale":"sv_SE","og_type":"article","og_title":"Djurbes\u00f6k - H\u00e5gelby 4H-g\u00e5rd","og_description":"V\u00e4lkommen att boka ett bes\u00f6k med din skola eller f\u00f6rskola hos oss p\u00e5 H\u00e5gelby 4H-g\u00e5rd. H\u00e4r hittar ni mer information om v\u00e5ra olika bes\u00f6ksprogram","og_url":"https:\/\/www.4h.se\/hagelby\/bokabesok\/","og_site_name":"H\u00e5gelby 4H-g\u00e5rd","article_modified_time":"2026-03-27T08:44:59+00:00","twitter_card":"summary_large_image","schema":{"@context":"https:\/\/schema.org","@graph":[{"@type":"WebPage","@id":"https:\/\/www.4h.se\/hagelby\/bokabesok\/","url":"https:\/\/www.4h.se\/hagelby\/bokabesok\/","name":"Djurbes\u00f6k - H\u00e5gelby 4H-g\u00e5rd","isPartOf":{"@id":"https:\/\/www.4h.se\/hagelby\/#website"},"datePublished":"2025-01-22T10:48:07+00:00","dateModified":"2026-03-27T08:44:59+00:00","description":"V\u00e4lkommen att boka ett bes\u00f6k med din skola eller f\u00f6rskola hos oss p\u00e5 H\u00e5gelby 4H-g\u00e5rd. H\u00e4r hittar ni mer information om v\u00e5ra olika bes\u00f6ksprogram","breadcrumb":{"@id":"https:\/\/www.4h.se\/hagelby\/bokabesok\/#breadcrumb"},"inLanguage":"sv-SE","potentialAction":[{"@type":"ReadAction","target":["https:\/\/www.4h.se\/hagelby\/bokabesok\/"]}]},{"@type":"BreadcrumbList","@id":"https:\/\/www.4h.se\/hagelby\/bokabesok\/#breadcrumb","itemListElement":[{"@type":"ListItem","position":1,"name":"Hem","item":"https:\/\/www.4h.se\/hagelby\/"},{"@type":"ListItem","position":2,"name":"Djurbes\u00f6k"}]},{"@type":"WebSite","@id":"https:\/\/www.4h.se\/hagelby\/#website","url":"https:\/\/www.4h.se\/hagelby\/","name":"H\u00e5gelby 4H-g\u00e5rd","description":"","potentialAction":[{"@type":"SearchAction","target":{"@type":"EntryPoint","urlTemplate":"https:\/\/www.4h.se\/hagelby\/?s={search_term_string}"},"query-input":{"@type":"PropertyValueSpecification","valueRequired":true,"valueName":"search_term_string"}}],"inLanguage":"sv-SE"}]}},"_links":{"self":[{"href":"https:\/\/www.4h.se\/hagelby\/wp-json\/wp\/v2\/pages\/1540","targetHints":{"allow":["GET"]}}],"collection":[{"href":"https:\/\/www.4h.se\/hagelby\/wp-json\/wp\/v2\/pages"}],"about":[{"href":"https:\/\/www.4h.se\/hagelby\/wp-json\/wp\/v2\/types\/page"}],"author":[{"embeddable":true,"href":"https:\/\/www.4h.se\/hagelby\/wp-json\/wp\/v2\/users\/147"}],"replies":[{"embeddable":true,"href":"https:\/\/www.4h.se\/hagelby\/wp-json\/wp\/v2\/comments?post=1540"}],"version-history":[{"count":0,"href":"https:\/\/www.4h.se\/hagelby\/wp-json\/wp\/v2\/pages\/1540\/revisions"}],"wp:attachment":[{"href":"https:\/\/www.4h.se\/hagelby\/wp-json\/wp\/v2\/media?parent=1540"}],"curies":[{"name":"wp","href":"https:\/\/api.w.org\/{rel}","templated":true}]}}