



{"id":1230,"date":"2023-12-18T16:18:11","date_gmt":"2023-12-18T15:18:11","guid":{"rendered":"https:\/\/www.4h.se\/hagelby\/?page_id=1230"},"modified":"2026-02-11T14:42:03","modified_gmt":"2026-02-11T13:42:03","slug":"arsmote-2026","status":"publish","type":"page","link":"https:\/\/www.4h.se\/hagelby\/arsmote-2026\/","title":{"rendered":"\u00c5rsm\u00f6te 2026"},"content":{"rendered":"<div class=\"wpb-content-wrapper\"><p>[vc_row][vc_column][vc_column_text css=&#8221;&#8221;]<\/p>\n<h1>\u00c5rsm\u00f6te 2026<\/h1>\n<p>[\/vc_column_text][vc_single_image image=&#8221;1834&#8243; img_size=&#8221;large&#8221; alignment=&#8221;center&#8221; css=&#8221;&#8221;][\/vc_column][vc_column width=&#8221;1\/2&#8243;][vc_column_text css=&#8221;&#8221;]<\/p>\n<h3><span data-contrast=\"auto\">V\u00e4lkommen p\u00e5 \u00e5rsm\u00f6te f\u00f6r&nbsp;H\u00e5gelby&nbsp;4H &#8211; din chans att vara med och best\u00e4mma vad som h\u00e4nder p\u00e5 g\u00e5rden!&nbsp;<\/span><span data-ccp-props=\"{}\">&nbsp;<\/span><\/h3>\n<p><span data-contrast=\"auto\">Varje \u00e5r har vi ett \u00e5rsm\u00f6te p\u00e5 klubben d\u00e4r vi best\u00e4mmer vilka som ska sitta i styrelsen kommande \u00e5r, tar beslut om \u00e5rets budget, best\u00e4mmer vad medlemsavgiften ska vara n\u00e4sta \u00e5r med mera. Vi pratar ocks\u00e5 om vad som h\u00e4nt 2025 och vad vi planerar f\u00f6r 2026. Det blir ocks\u00e5 n\u00e5gra roliga aktiviteter, god fika&nbsp;och vi utser \u00c5rets medlemmar (se l\u00e4nk l\u00e4ngre ned).<\/span><span data-ccp-props=\"{}\">&nbsp;<\/span><\/p>\n<h4><span data-contrast=\"auto\">I \u00e5r \u00e4r \u00e5rsm\u00f6tet s\u00f6ndag den 15 februari kl. 13:00-16:00 i \u00c4ngshuset.&nbsp;Kom g\u00e4rna i god tid s\u00e5&nbsp;att&nbsp;m\u00f6tet kan b\u00f6rja i tid.<\/span><span data-ccp-props=\"{}\">&nbsp;<\/span><\/h4>\n<p><span data-contrast=\"auto\">\u00c5rsm\u00f6tet \u00e4r f\u00f6r alla medlemmar; b\u00e5de barn, ungdomar och vuxna. Oavsett hur m\u00e5nga aktiviteter du \u00e4r med p\u00e5 kan du som&nbsp;\u00e4r&nbsp;medlem&nbsp;2026&nbsp;vara med och best\u00e4mma p\u00e5 \u00e5rsm\u00f6tet.&nbsp;(\u00c4r du f\u00f6r\u00e4lder till en medlem f\u00e5r du vara med p\u00e5 m\u00f6tet men har ingen r\u00f6str\u00e4tt.)&nbsp;Information om medlemskapet och faktura har skickats p\u00e5 mejl&nbsp;och finns \u00e4ven&nbsp;p\u00e5 ditt&nbsp;Antribe-konto.<\/span><span data-ccp-props=\"{}\">&nbsp;<\/span><\/p>\n<p><span data-contrast=\"auto\">Vi g\u00e5r tillsammans igenom alla punkter s\u00e5 att alla f\u00f6rst\u00e5r och kan vara delaktiga. Det g\u00e5r bra att st\u00e4lla fr\u00e5gor under hela m\u00f6tet. Innan m\u00f6tet f\u00e5r alla tillg\u00e5ng till de dokument vi ska prata om, de kallas handlingar. Handlingarna f\u00f6r \u00e5rsm\u00f6tet kommer du att kunna hitta h\u00e4r bredvid.&nbsp;<\/span><\/p>\n<p><span data-contrast=\"auto\">Anm\u00e4lan sker till&nbsp;<\/span><a href=\"mailto:styrelsen.hagelby@4h.se\"><span data-contrast=\"none\">styrelsen.hagelby@4h.se<\/span><\/a><span data-contrast=\"auto\">. Ange namn p\u00e5 alla som kommer att delta&nbsp;samt&nbsp;eventuella allergier&nbsp;eller&nbsp;specialkost. Svara senast 12 februari.<\/span><br \/>\n<span data-ccp-props=\"{}\">&nbsp;<\/span><\/p>\n<p><b><span data-contrast=\"auto\">Varmt v\u00e4lkomna!<\/span><\/b><span data-ccp-props=\"{}\">&nbsp;<\/span><\/p>\n<p><span data-ccp-props=\"{}\">&nbsp;<\/span><\/p>\n<h4><b><span data-contrast=\"auto\">\u00c5rets medlemmar&nbsp;2025<\/span><\/b><span data-ccp-props=\"{&quot;335551550&quot;:2,&quot;335551620&quot;:2}\">&nbsp;<\/span><\/h4>\n<p><span data-contrast=\"auto\">Vem&nbsp;tycker&nbsp;du g\u00f6r&nbsp;en extra bra insats f\u00f6r v\u00e5r klubb?&nbsp;Det&nbsp;kan vara n\u00e5gon som du tycker gjort n\u00e5got bra under \u00e5ret, n\u00e5gon som \u00e4r extra schysst eller n\u00e5gon som du tycker beh\u00f6ver lite extra uppm\u00e4rksamhet f\u00f6r vad de g\u00f6r p\u00e5 4H.<\/span><br \/>\n<span data-contrast=\"auto\">Ge dina f\u00f6rslag p\u00e5 vem som \u00e4r \u00c5rets f\u00f6rebild, \u00c5rets mest aktiva, \u00c5rets kompis, \u00c5rets gl\u00e4djespridare och \u00c5rets 4H-f\u00f6r\u00e4lder h\u00e4r:&nbsp;<\/span><a href=\"https:\/\/forms.gle\/phPMM1pH6YtX5PTT8\" target=\"_blank\" rel=\"noopener\"><span data-contrast=\"auto\">l\u00e4nk till formul\u00e4ret<\/span>&nbsp;<\/a><\/p>\n<p><i><span data-contrast=\"auto\">\u00c5rets medlemmar<\/span><\/i><span data-contrast=\"auto\">&nbsp;kommer&nbsp;att&nbsp;delas ut p\u00e5 \u00e5rsm\u00f6tet.<\/span><\/p>\n<p>&nbsp;[\/vc_column_text][\/vc_column][vc_column width=&#8221;1\/2&#8243;][vc_column_text css=&#8221;&#8221;]<strong>Handlingar till \u00c5rsm\u00f6tet 2026:<\/strong><\/p>\n<p><a href=\"https:\/\/www.4h.se\/hagelby\/wp-content\/uploads\/sites\/47\/2026\/02\/Arendelista-till-arsmote.docx\" target=\"_blank\" rel=\"noopener\">\u00c4rendelista\/dagordning<\/a><\/p>\n<p><a href=\"https:\/\/www.4h.se\/hagelby\/wp-content\/uploads\/sites\/47\/2026\/02\/Revisionsberattelse-2025-signerad.pdf\" target=\"_blank\" rel=\"noopener\">Revisionsber\u00e4ttelse<\/a><\/p>\n<p><a href=\"https:\/\/www.4h.se\/hagelby\/wp-content\/uploads\/sites\/47\/2026\/02\/Balansrakning-2025.pdf\" target=\"_blank\" rel=\"noopener\">Balansr\u00e4kning<\/a><\/p>\n<p><a href=\"https:\/\/www.4h.se\/hagelby\/wp-content\/uploads\/sites\/47\/2026\/02\/Resultatrakning-2025.pdf\" target=\"_blank\" rel=\"noopener\">Resultatr\u00e4kning<\/a><\/p>\n<p><a href=\"https:\/\/www.4h.se\/hagelby\/wp-content\/uploads\/sites\/47\/2026\/02\/Verksamhetsberattelse-2025.pdf\" target=\"_blank\" rel=\"noopener\">Verksamhetsber\u00e4ttelse 2025<\/a><\/p>\n<p><a href=\"https:\/\/www.4h.se\/hagelby\/wp-content\/uploads\/sites\/47\/2026\/02\/Valberedningens-forslag-2026.pdf\" target=\"_blank\" rel=\"noopener\">Valberedningens f\u00f6rslag till Styrelse 2026<\/a><\/p>\n<p><a href=\"https:\/\/www.4h.se\/hagelby\/wp-content\/uploads\/sites\/47\/2026\/02\/Verksamhetsplan-2026.pdf\" target=\"_blank\" rel=\"noopener\">Verksamhetsplan 2026<\/a><\/p>\n<p><a href=\"https:\/\/www.4h.se\/hagelby\/wp-content\/uploads\/sites\/47\/2026\/02\/Forslag-reviderad-budget-2026.pdf\" target=\"_blank\" rel=\"noopener\">Reviderad budget 2026<\/a><\/p>\n<p><a href=\"https:\/\/www.4h.se\/hagelby\/wp-content\/uploads\/sites\/47\/2026\/02\/Budget-2027.pdf\" target=\"_blank\" rel=\"noopener\">Budget 2027<\/a><\/p>\n<p><a href=\"https:\/\/www.4h.se\/hagelby\/wp-content\/uploads\/sites\/47\/2026\/02\/Stadgar.pdf\" target=\"_blank\" rel=\"noopener\">Stadgar<\/a><\/p>\n<p>&nbsp;[\/vc_column_text][\/vc_column][\/vc_row]<\/p>\n<\/div>","protected":false},"excerpt":{"rendered":"<p>[vc_row][vc_column][vc_column_text css=&#8221;&#8221;] \u00c5rsm\u00f6te 2026 [\/vc_column_text][vc_single_image image=&#8221;1834&#8243; img_size=&#8221;large&#8221; alignment=&#8221;center&#8221; css=&#8221;&#8221;][\/vc_column][vc_column width=&#8221;1\/2&#8243;][vc_column_text css=&#8221;&#8221;] V\u00e4lkommen p\u00e5 \u00e5rsm\u00f6te f\u00f6r&nbsp;H\u00e5gelby&nbsp;4H &#8211; din chans att vara med och best\u00e4mma vad som h\u00e4nder p\u00e5 g\u00e5rden!&nbsp;&nbsp; Varje \u00e5r har vi ett \u00e5rsm\u00f6te p\u00e5 klubben d\u00e4r vi best\u00e4mmer vilka som ska sitta i styrelsen kommande \u00e5r, tar beslut om \u00e5rets budget, best\u00e4mmer vad medlemsavgiften&nbsp; <a href=\"https:\/\/www.4h.se\/hagelby\/arsmote-2026\/\">&hellip; Read more <i class=\"glyphicon glyphicon-arrow-right\"><\/i><\/a><\/p>\n","protected":false},"author":164,"featured_media":0,"parent":0,"menu_order":1,"comment_status":"closed","ping_status":"closed","template":"","meta":{"_acf_changed":false,"footnotes":""},"class_list":["post-1230","page","type-page","status-publish","hentry"],"acf":[],"yoast_head":"<!-- This site is optimized with the Yoast SEO plugin v27.5 - https:\/\/yoast.com\/product\/yoast-seo-wordpress\/ -->\n<title>\u00c5rsm\u00f6te 2026 - H\u00e5gelby 4H-g\u00e5rd<\/title>\n<meta name=\"robots\" content=\"index, follow, max-snippet:-1, max-image-preview:large, max-video-preview:-1\" \/>\n<link rel=\"canonical\" href=\"https:\/\/www.4h.se\/hagelby\/arsmote-2026\/\" \/>\n<meta property=\"og:locale\" content=\"sv_SE\" \/>\n<meta property=\"og:type\" content=\"article\" \/>\n<meta property=\"og:title\" content=\"\u00c5rsm\u00f6te 2026 - H\u00e5gelby 4H-g\u00e5rd\" \/>\n<meta property=\"og:description\" content=\"[vc_row][vc_column][vc_column_text css=&#8221;&#8221;] \u00c5rsm\u00f6te 2026 [\/vc_column_text][vc_single_image image=&#8221;1834&#8243; img_size=&#8221;large&#8221; alignment=&#8221;center&#8221; css=&#8221;&#8221;][\/vc_column][vc_column width=&#8221;1\/2&#8243;][vc_column_text css=&#8221;&#8221;] V\u00e4lkommen p\u00e5 \u00e5rsm\u00f6te f\u00f6r&nbsp;H\u00e5gelby&nbsp;4H &#8211; din chans att vara med och best\u00e4mma vad som h\u00e4nder p\u00e5 g\u00e5rden!&nbsp;&nbsp; Varje \u00e5r har vi ett \u00e5rsm\u00f6te p\u00e5 klubben d\u00e4r vi best\u00e4mmer vilka som ska sitta i styrelsen kommande \u00e5r, tar beslut om \u00e5rets budget, best\u00e4mmer vad medlemsavgiften&nbsp; &hellip; Read more\" \/>\n<meta property=\"og:url\" content=\"https:\/\/www.4h.se\/hagelby\/arsmote-2026\/\" \/>\n<meta property=\"og:site_name\" content=\"H\u00e5gelby 4H-g\u00e5rd\" \/>\n<meta property=\"article:modified_time\" content=\"2026-02-11T13:42:03+00:00\" \/>\n<meta name=\"twitter:card\" content=\"summary_large_image\" \/>\n<script type=\"application\/ld+json\" class=\"yoast-schema-graph\">{\"@context\":\"https:\\\/\\\/schema.org\",\"@graph\":[{\"@type\":\"WebPage\",\"@id\":\"https:\\\/\\\/www.4h.se\\\/hagelby\\\/arsmote-2026\\\/\",\"url\":\"https:\\\/\\\/www.4h.se\\\/hagelby\\\/arsmote-2026\\\/\",\"name\":\"\u00c5rsm\u00f6te 2026 - H\u00e5gelby 4H-g\u00e5rd\",\"isPartOf\":{\"@id\":\"https:\\\/\\\/www.4h.se\\\/hagelby\\\/#website\"},\"datePublished\":\"2023-12-18T15:18:11+00:00\",\"dateModified\":\"2026-02-11T13:42:03+00:00\",\"breadcrumb\":{\"@id\":\"https:\\\/\\\/www.4h.se\\\/hagelby\\\/arsmote-2026\\\/#breadcrumb\"},\"inLanguage\":\"sv-SE\",\"potentialAction\":[{\"@type\":\"ReadAction\",\"target\":[\"https:\\\/\\\/www.4h.se\\\/hagelby\\\/arsmote-2026\\\/\"]}]},{\"@type\":\"BreadcrumbList\",\"@id\":\"https:\\\/\\\/www.4h.se\\\/hagelby\\\/arsmote-2026\\\/#breadcrumb\",\"itemListElement\":[{\"@type\":\"ListItem\",\"position\":1,\"name\":\"Hem\",\"item\":\"https:\\\/\\\/www.4h.se\\\/hagelby\\\/\"},{\"@type\":\"ListItem\",\"position\":2,\"name\":\"\u00c5rsm\u00f6te 2026\"}]},{\"@type\":\"WebSite\",\"@id\":\"https:\\\/\\\/www.4h.se\\\/hagelby\\\/#website\",\"url\":\"https:\\\/\\\/www.4h.se\\\/hagelby\\\/\",\"name\":\"H\u00e5gelby 4H-g\u00e5rd\",\"description\":\"\",\"potentialAction\":[{\"@type\":\"SearchAction\",\"target\":{\"@type\":\"EntryPoint\",\"urlTemplate\":\"https:\\\/\\\/www.4h.se\\\/hagelby\\\/?s={search_term_string}\"},\"query-input\":{\"@type\":\"PropertyValueSpecification\",\"valueRequired\":true,\"valueName\":\"search_term_string\"}}],\"inLanguage\":\"sv-SE\"}]}<\/script>\n<!-- \/ Yoast SEO plugin. -->","yoast_head_json":{"title":"\u00c5rsm\u00f6te 2026 - H\u00e5gelby 4H-g\u00e5rd","robots":{"index":"index","follow":"follow","max-snippet":"max-snippet:-1","max-image-preview":"max-image-preview:large","max-video-preview":"max-video-preview:-1"},"canonical":"https:\/\/www.4h.se\/hagelby\/arsmote-2026\/","og_locale":"sv_SE","og_type":"article","og_title":"\u00c5rsm\u00f6te 2026 - H\u00e5gelby 4H-g\u00e5rd","og_description":"[vc_row][vc_column][vc_column_text css=&#8221;&#8221;] \u00c5rsm\u00f6te 2026 [\/vc_column_text][vc_single_image image=&#8221;1834&#8243; img_size=&#8221;large&#8221; alignment=&#8221;center&#8221; css=&#8221;&#8221;][\/vc_column][vc_column width=&#8221;1\/2&#8243;][vc_column_text css=&#8221;&#8221;] V\u00e4lkommen p\u00e5 \u00e5rsm\u00f6te f\u00f6r&nbsp;H\u00e5gelby&nbsp;4H &#8211; din chans att vara med och best\u00e4mma vad som h\u00e4nder p\u00e5 g\u00e5rden!&nbsp;&nbsp; Varje \u00e5r har vi ett \u00e5rsm\u00f6te p\u00e5 klubben d\u00e4r vi best\u00e4mmer vilka som ska sitta i styrelsen kommande \u00e5r, tar beslut om \u00e5rets budget, best\u00e4mmer vad medlemsavgiften&nbsp; &hellip; Read more","og_url":"https:\/\/www.4h.se\/hagelby\/arsmote-2026\/","og_site_name":"H\u00e5gelby 4H-g\u00e5rd","article_modified_time":"2026-02-11T13:42:03+00:00","twitter_card":"summary_large_image","schema":{"@context":"https:\/\/schema.org","@graph":[{"@type":"WebPage","@id":"https:\/\/www.4h.se\/hagelby\/arsmote-2026\/","url":"https:\/\/www.4h.se\/hagelby\/arsmote-2026\/","name":"\u00c5rsm\u00f6te 2026 - H\u00e5gelby 4H-g\u00e5rd","isPartOf":{"@id":"https:\/\/www.4h.se\/hagelby\/#website"},"datePublished":"2023-12-18T15:18:11+00:00","dateModified":"2026-02-11T13:42:03+00:00","breadcrumb":{"@id":"https:\/\/www.4h.se\/hagelby\/arsmote-2026\/#breadcrumb"},"inLanguage":"sv-SE","potentialAction":[{"@type":"ReadAction","target":["https:\/\/www.4h.se\/hagelby\/arsmote-2026\/"]}]},{"@type":"BreadcrumbList","@id":"https:\/\/www.4h.se\/hagelby\/arsmote-2026\/#breadcrumb","itemListElement":[{"@type":"ListItem","position":1,"name":"Hem","item":"https:\/\/www.4h.se\/hagelby\/"},{"@type":"ListItem","position":2,"name":"\u00c5rsm\u00f6te 2026"}]},{"@type":"WebSite","@id":"https:\/\/www.4h.se\/hagelby\/#website","url":"https:\/\/www.4h.se\/hagelby\/","name":"H\u00e5gelby 4H-g\u00e5rd","description":"","potentialAction":[{"@type":"SearchAction","target":{"@type":"EntryPoint","urlTemplate":"https:\/\/www.4h.se\/hagelby\/?s={search_term_string}"},"query-input":{"@type":"PropertyValueSpecification","valueRequired":true,"valueName":"search_term_string"}}],"inLanguage":"sv-SE"}]}},"_links":{"self":[{"href":"https:\/\/www.4h.se\/hagelby\/wp-json\/wp\/v2\/pages\/1230","targetHints":{"allow":["GET"]}}],"collection":[{"href":"https:\/\/www.4h.se\/hagelby\/wp-json\/wp\/v2\/pages"}],"about":[{"href":"https:\/\/www.4h.se\/hagelby\/wp-json\/wp\/v2\/types\/page"}],"author":[{"embeddable":true,"href":"https:\/\/www.4h.se\/hagelby\/wp-json\/wp\/v2\/users\/164"}],"replies":[{"embeddable":true,"href":"https:\/\/www.4h.se\/hagelby\/wp-json\/wp\/v2\/comments?post=1230"}],"version-history":[{"count":0,"href":"https:\/\/www.4h.se\/hagelby\/wp-json\/wp\/v2\/pages\/1230\/revisions"}],"wp:attachment":[{"href":"https:\/\/www.4h.se\/hagelby\/wp-json\/wp\/v2\/media?parent=1230"}],"curies":[{"name":"wp","href":"https:\/\/api.w.org\/{rel}","templated":true}]}}