



{"id":121,"date":"2015-01-23T20:08:12","date_gmt":"2015-01-23T19:08:12","guid":{"rendered":"http:\/\/www.4h.se\/rix16\/?page_id=121"},"modified":"2023-05-12T13:47:41","modified_gmt":"2023-05-12T11:47:41","slug":"kontakta-oss","status":"publish","type":"page","link":"https:\/\/www.4h.se\/hagelby\/kontakta-oss\/","title":{"rendered":"Kontakta oss"},"content":{"rendered":"<div class=\"wpb-content-wrapper\"><p>[vc_row][vc_column][vc_column_text]<\/p>\n<h1>Kontakta oss<\/h1>\n<p>Vi \u00e4r alltid enklast att n\u00e5 via mail <a href=\"mailto:hagelby@4h.se\"><b>hagelby@4h.se<\/b><\/a>\u00a0men det g\u00e5r \u00e4ven att ringa p\u00e5<\/p>\n<p><strong>070 737 91 93<\/strong>.<\/p>\n<h2>V\u00e5ra \u00f6ppettider<\/h2>\n<p>Djuren \u00e4r ute i hagarna alla dagar mellan ca kl 9.00 och ca kl 16.00.<\/p>\n<p>I hagarna g\u00e5r h\u00f6ns, kaniner, f\u00e5r, getter, grisar och h\u00e4star. Dagar n\u00e4r det \u00e4r regnigt eller kallt s\u00e5 vill grisarna stanna inomhus. \u00c4ven h\u00f6nsen stannar inne viss tid av vinterhalv\u00e5ret.<\/p>\n<p>I enlighet med reglerna f\u00f6r offentlig f\u00f6revisning av djur \u00e4r stallet st\u00e4ngt f\u00f6r allm\u00e4nheten. H\u00e4r vistas endast v\u00e5ra medlemmar i kurs- och l\u00e4gerverksamheten. Vill du l\u00e4sa mer om offentlig f\u00f6revisning hittar du information p\u00e5 jordbruksverket.se.[\/vc_column_text][\/vc_column][\/vc_row]<\/p>\n<\/div>","protected":false},"excerpt":{"rendered":"<p>[vc_row][vc_column][vc_column_text] Kontakta oss Vi \u00e4r alltid enklast att n\u00e5 via mail hagelby@4h.se\u00a0men det g\u00e5r \u00e4ven att ringa p\u00e5 070 737 91 93. V\u00e5ra \u00f6ppettider Djuren \u00e4r ute i hagarna alla dagar mellan ca kl 9.00 och ca kl 16.00. I hagarna g\u00e5r h\u00f6ns, kaniner, f\u00e5r, getter, grisar och h\u00e4star. Dagar n\u00e4r det \u00e4r regnigt eller&nbsp; <a href=\"https:\/\/www.4h.se\/hagelby\/kontakta-oss\/\">&hellip; Read more <i class=\"glyphicon glyphicon-arrow-right\"><\/i><\/a><\/p>\n","protected":false},"author":1,"featured_media":0,"parent":0,"menu_order":133,"comment_status":"closed","ping_status":"closed","template":"","meta":{"_acf_changed":false,"footnotes":""},"class_list":["post-121","page","type-page","status-publish","hentry"],"acf":[],"yoast_head":"<!-- This site is optimized with the Yoast SEO plugin v27.5 - https:\/\/yoast.com\/product\/yoast-seo-wordpress\/ -->\n<title>Kontakta oss - H\u00e5gelby 4H-g\u00e5rd<\/title>\n<meta name=\"robots\" content=\"index, follow, max-snippet:-1, max-image-preview:large, max-video-preview:-1\" \/>\n<link rel=\"canonical\" href=\"https:\/\/www.4h.se\/hagelby\/kontakta-oss\/\" \/>\n<meta property=\"og:locale\" content=\"sv_SE\" \/>\n<meta property=\"og:type\" content=\"article\" \/>\n<meta property=\"og:title\" content=\"Kontakta oss - H\u00e5gelby 4H-g\u00e5rd\" \/>\n<meta property=\"og:description\" content=\"[vc_row][vc_column][vc_column_text] Kontakta oss Vi \u00e4r alltid enklast att n\u00e5 via mail hagelby@4h.se\u00a0men det g\u00e5r \u00e4ven att ringa p\u00e5 070 737 91 93. V\u00e5ra \u00f6ppettider Djuren \u00e4r ute i hagarna alla dagar mellan ca kl 9.00 och ca kl 16.00. I hagarna g\u00e5r h\u00f6ns, kaniner, f\u00e5r, getter, grisar och h\u00e4star. Dagar n\u00e4r det \u00e4r regnigt eller&nbsp; &hellip; Read more\" \/>\n<meta property=\"og:url\" content=\"https:\/\/www.4h.se\/hagelby\/kontakta-oss\/\" \/>\n<meta property=\"og:site_name\" content=\"H\u00e5gelby 4H-g\u00e5rd\" \/>\n<meta property=\"article:modified_time\" content=\"2023-05-12T11:47:41+00:00\" \/>\n<meta name=\"twitter:card\" content=\"summary_large_image\" \/>\n<meta name=\"twitter:label1\" content=\"Ber\u00e4knad l\u00e4stid\" \/>\n\t<meta name=\"twitter:data1\" content=\"1 minut\" \/>\n<script type=\"application\/ld+json\" class=\"yoast-schema-graph\">{\"@context\":\"https:\\\/\\\/schema.org\",\"@graph\":[{\"@type\":\"WebPage\",\"@id\":\"https:\\\/\\\/www.4h.se\\\/hagelby\\\/kontakta-oss\\\/\",\"url\":\"https:\\\/\\\/www.4h.se\\\/hagelby\\\/kontakta-oss\\\/\",\"name\":\"Kontakta oss - H\u00e5gelby 4H-g\u00e5rd\",\"isPartOf\":{\"@id\":\"https:\\\/\\\/www.4h.se\\\/hagelby\\\/#website\"},\"datePublished\":\"2015-01-23T19:08:12+00:00\",\"dateModified\":\"2023-05-12T11:47:41+00:00\",\"breadcrumb\":{\"@id\":\"https:\\\/\\\/www.4h.se\\\/hagelby\\\/kontakta-oss\\\/#breadcrumb\"},\"inLanguage\":\"sv-SE\",\"potentialAction\":[{\"@type\":\"ReadAction\",\"target\":[\"https:\\\/\\\/www.4h.se\\\/hagelby\\\/kontakta-oss\\\/\"]}]},{\"@type\":\"BreadcrumbList\",\"@id\":\"https:\\\/\\\/www.4h.se\\\/hagelby\\\/kontakta-oss\\\/#breadcrumb\",\"itemListElement\":[{\"@type\":\"ListItem\",\"position\":1,\"name\":\"Hem\",\"item\":\"https:\\\/\\\/www.4h.se\\\/hagelby\\\/\"},{\"@type\":\"ListItem\",\"position\":2,\"name\":\"Kontakta oss\"}]},{\"@type\":\"WebSite\",\"@id\":\"https:\\\/\\\/www.4h.se\\\/hagelby\\\/#website\",\"url\":\"https:\\\/\\\/www.4h.se\\\/hagelby\\\/\",\"name\":\"H\u00e5gelby 4H-g\u00e5rd\",\"description\":\"\",\"potentialAction\":[{\"@type\":\"SearchAction\",\"target\":{\"@type\":\"EntryPoint\",\"urlTemplate\":\"https:\\\/\\\/www.4h.se\\\/hagelby\\\/?s={search_term_string}\"},\"query-input\":{\"@type\":\"PropertyValueSpecification\",\"valueRequired\":true,\"valueName\":\"search_term_string\"}}],\"inLanguage\":\"sv-SE\"}]}<\/script>\n<!-- \/ Yoast SEO plugin. -->","yoast_head_json":{"title":"Kontakta oss - H\u00e5gelby 4H-g\u00e5rd","robots":{"index":"index","follow":"follow","max-snippet":"max-snippet:-1","max-image-preview":"max-image-preview:large","max-video-preview":"max-video-preview:-1"},"canonical":"https:\/\/www.4h.se\/hagelby\/kontakta-oss\/","og_locale":"sv_SE","og_type":"article","og_title":"Kontakta oss - H\u00e5gelby 4H-g\u00e5rd","og_description":"[vc_row][vc_column][vc_column_text] Kontakta oss Vi \u00e4r alltid enklast att n\u00e5 via mail hagelby@4h.se\u00a0men det g\u00e5r \u00e4ven att ringa p\u00e5 070 737 91 93. V\u00e5ra \u00f6ppettider Djuren \u00e4r ute i hagarna alla dagar mellan ca kl 9.00 och ca kl 16.00. I hagarna g\u00e5r h\u00f6ns, kaniner, f\u00e5r, getter, grisar och h\u00e4star. Dagar n\u00e4r det \u00e4r regnigt eller&nbsp; &hellip; Read more","og_url":"https:\/\/www.4h.se\/hagelby\/kontakta-oss\/","og_site_name":"H\u00e5gelby 4H-g\u00e5rd","article_modified_time":"2023-05-12T11:47:41+00:00","twitter_card":"summary_large_image","twitter_misc":{"Ber\u00e4knad l\u00e4stid":"1 minut"},"schema":{"@context":"https:\/\/schema.org","@graph":[{"@type":"WebPage","@id":"https:\/\/www.4h.se\/hagelby\/kontakta-oss\/","url":"https:\/\/www.4h.se\/hagelby\/kontakta-oss\/","name":"Kontakta oss - H\u00e5gelby 4H-g\u00e5rd","isPartOf":{"@id":"https:\/\/www.4h.se\/hagelby\/#website"},"datePublished":"2015-01-23T19:08:12+00:00","dateModified":"2023-05-12T11:47:41+00:00","breadcrumb":{"@id":"https:\/\/www.4h.se\/hagelby\/kontakta-oss\/#breadcrumb"},"inLanguage":"sv-SE","potentialAction":[{"@type":"ReadAction","target":["https:\/\/www.4h.se\/hagelby\/kontakta-oss\/"]}]},{"@type":"BreadcrumbList","@id":"https:\/\/www.4h.se\/hagelby\/kontakta-oss\/#breadcrumb","itemListElement":[{"@type":"ListItem","position":1,"name":"Hem","item":"https:\/\/www.4h.se\/hagelby\/"},{"@type":"ListItem","position":2,"name":"Kontakta oss"}]},{"@type":"WebSite","@id":"https:\/\/www.4h.se\/hagelby\/#website","url":"https:\/\/www.4h.se\/hagelby\/","name":"H\u00e5gelby 4H-g\u00e5rd","description":"","potentialAction":[{"@type":"SearchAction","target":{"@type":"EntryPoint","urlTemplate":"https:\/\/www.4h.se\/hagelby\/?s={search_term_string}"},"query-input":{"@type":"PropertyValueSpecification","valueRequired":true,"valueName":"search_term_string"}}],"inLanguage":"sv-SE"}]}},"_links":{"self":[{"href":"https:\/\/www.4h.se\/hagelby\/wp-json\/wp\/v2\/pages\/121","targetHints":{"allow":["GET"]}}],"collection":[{"href":"https:\/\/www.4h.se\/hagelby\/wp-json\/wp\/v2\/pages"}],"about":[{"href":"https:\/\/www.4h.se\/hagelby\/wp-json\/wp\/v2\/types\/page"}],"author":[{"embeddable":true,"href":"https:\/\/www.4h.se\/hagelby\/wp-json\/wp\/v2\/users\/1"}],"replies":[{"embeddable":true,"href":"https:\/\/www.4h.se\/hagelby\/wp-json\/wp\/v2\/comments?post=121"}],"version-history":[{"count":0,"href":"https:\/\/www.4h.se\/hagelby\/wp-json\/wp\/v2\/pages\/121\/revisions"}],"wp:attachment":[{"href":"https:\/\/www.4h.se\/hagelby\/wp-json\/wp\/v2\/media?parent=121"}],"curies":[{"name":"wp","href":"https:\/\/api.w.org\/{rel}","templated":true}]}}